{"id":5124,"date":"2020-06-17T13:22:30","date_gmt":"2020-06-17T12:22:30","guid":{"rendered":"https:\/\/www.argonandco.com\/?page_id=5124"},"modified":"2023-05-10T14:41:42","modified_gmt":"2023-05-10T13:41:42","slug":"conception-eco-responsable","status":"publish","type":"page","link":"https:\/\/www.argonandco.com\/fr\/expertises\/sustainability\/conception-eco-responsable\/","title":{"rendered":"Conception \u00e9co-responsable"},"content":{"rendered":"<h2><b>Contexte et d\u00e9fis<\/b><\/h2>\n<p><span class=\"intro\"><span class=\"TextRun SCXW146961953 BCX8\" lang=\"FR-FR\" xml:lang=\"FR-FR\" data-contrast=\"auto\"><span class=\"NormalTextRun SCXW146961953 BCX8\">J<\/span><span class=\"NormalTextRun SCXW146961953 BCX8\">usqu\u2019\u00e0 80<\/span><span class=\"NormalTextRun SCXW146961953 BCX8\">\u202f<\/span><span class=\"NormalTextRun SCXW146961953 BCX8\">% de l\u2019impact environnemental et social <\/span><span class=\"NormalTextRun SCXW146961953 BCX8\">d\u2019un produit <\/span><span class=\"NormalTextRun SCXW146961953 BCX8\">est d\u00e9termin\u00e9 lors de <\/span><span class=\"NormalTextRun SCXW146961953 BCX8\">s<\/span><span class=\"NormalTextRun SCXW146961953 BCX8\">a phase de conception<\/span><span class=\"NormalTextRun SCXW146961953 BCX8\">. <\/span><span class=\"NormalTextRun SCXW146961953 BCX8\">C\u2019est pourquoi la durabilit\u00e9 d\u2019un produit est devenu un crit\u00e8re d\u2019\u00e9valuation au m\u00eame titre que sa valeur \u00e9conomique (<\/span><span class=\"NormalTextRun SCXW146961953 BCX8\">mat\u00e9rialis\u00e9e par le co\u00fbt de revient ou le co\u00fbt d\u2019achat<\/span><span class=\"NormalTextRun SCXW146961953 BCX8\">) et sa valeur fonctionnelle. <\/span><span class=\"NormalTextRun SCXW146961953 BCX8\">L\u2019\u00e9co-conception (<\/span><\/span><span class=\"TextRun SCXW146961953 BCX8\" lang=\"FR-FR\" xml:lang=\"FR-FR\" data-contrast=\"auto\"><span class=\"NormalTextRun SCXW146961953 BCX8\">d<\/span><span class=\"NormalTextRun SCXW146961953 BCX8\">esign for sustainability<\/span><span class=\"NormalTextRun SCXW146961953 BCX8\">)<\/span><\/span><span class=\"TextRun SCXW146961953 BCX8\" lang=\"FR-FR\" xml:lang=\"FR-FR\" data-contrast=\"auto\"><span class=\"NormalTextRun SCXW146961953 BCX8\"> est ainsi appel\u00e9e \u00e0 jouer un r\u00f4le grandissan<\/span><span class=\"NormalTextRun SCXW146961953 BCX8\">t.<\/span><\/span><\/span><\/p>\n<p><span data-contrast=\"auto\">De plus en plus d\u2019entreprises B2C int\u00e8grent les aspects environnementaux et soci\u00e9taux dans leurs crit\u00e8res d\u2019achat. Elles s\u2019appuient notamment sur les labels et sont attentives \u00e0 l\u2019origine des produits, dans l\u2019optique de communiquer ensuite sur leur durabilit\u00e9 et sur leur qualit\u00e9.\u00a0<\/span><span data-ccp-props=\"{&quot;201341983&quot;:0,&quot;335559739&quot;:60,&quot;335559740&quot;:259}\">\u00a0<\/span><\/p>\n<p><span data-contrast=\"auto\">Les entreprises B2B, quant \u00e0 elles, font face \u00e0 des obligations relatives au reporting environnemental et communiquent leurs \u00e9missions de gaz \u00e0 effet de serre\u202fet leur bilan carbone sur les scopes 1, 2 et 3. Ceci a un effet imm\u00e9diat sur leur capacit\u00e9 \u00e0 se financer et sur leur image aupr\u00e8s du grand public.\u00a0<\/span><span data-ccp-props=\"{&quot;201341983&quot;:0,&quot;335559739&quot;:60,&quot;335559740&quot;:259}\">\u00a0<\/span><\/p>\n<h2><b>Notre approche<\/b><\/h2>\n<p><span class=\"TextRun SCXW64268120 BCX8\" lang=\"FR-FR\" xml:lang=\"FR-FR\" data-contrast=\"none\"><span class=\"NormalTextRun SCXW64268120 BCX8\">L<\/span><\/span><span class=\"TextRun SCXW64268120 BCX8\" lang=\"FR-FR\" xml:lang=\"FR-FR\" data-contrast=\"none\"><span class=\"NormalTextRun SCXW64268120 BCX8\">\u2019approche du cabinet Argon &amp; Co <\/span><\/span><span class=\"TextRun SCXW64268120 BCX8\" lang=\"FR-FR\" xml:lang=\"FR-FR\" data-contrast=\"none\"><span class=\"NormalTextRun SCXW64268120 BCX8\">allie la rigueur de l\u2019analyse <\/span><span class=\"NormalTextRun SCXW64268120 BCX8\">et<\/span> <span class=\"NormalTextRun SCXW64268120 BCX8\">l<\/span><\/span><span class=\"TextRun SCXW64268120 BCX8\" lang=\"FR-FR\" xml:lang=\"FR-FR\" data-contrast=\"none\"><span class=\"NormalTextRun SCXW64268120 BCX8\">\u2019<\/span><\/span><span class=\"TextRun SCXW64268120 BCX8\" lang=\"FR-FR\" xml:lang=\"FR-FR\" data-contrast=\"none\"><span class=\"NormalTextRun SCXW64268120 BCX8\">implication des \u00e9quipes et parties prenantes (internes et externes)<\/span><span class=\"NormalTextRun SCXW64268120 BCX8\">, en s\u2019appuyant sur<\/span><span class=\"NormalTextRun SCXW64268120 BCX8\"> des outils d\u2019intelligence collective. La d\u00e9marche <\/span><span class=\"NormalTextRun SCXW64268120 BCX8\">d<\/span><\/span><span class=\"TextRun SCXW64268120 BCX8\" lang=\"FR-FR\" xml:lang=\"FR-FR\" data-contrast=\"none\"><span class=\"NormalTextRun SCXW64268120 BCX8\">u cabinet <\/span><\/span><span class=\"TextRun SCXW64268120 BCX8\" lang=\"FR-FR\" xml:lang=\"FR-FR\" data-contrast=\"none\"><span class=\"NormalTextRun SCXW64268120 BCX8\">se d\u00e9cline en 3 phases\u202f:<\/span><\/span><\/p>\n<p><strong>1- Cadrage et inspiration<\/strong><\/p>\n<p><span class=\"TextRun SCXW156263400 BCX8\" lang=\"FR-FR\" xml:lang=\"FR-FR\" data-contrast=\"none\"><span class=\"NormalTextRun SCXW156263400 BCX8\">Cette phase permet de cadrer la d\u00e9marche en analysant le portefeuille de produits et d\u2019offres \u00e0 traiter, <\/span><span class=\"NormalTextRun SCXW156263400 BCX8\">puis de<\/span><span class=\"NormalTextRun SCXW156263400 BCX8\"> d\u00e9finir les indicateurs prioritaires <\/span><span class=\"NormalTextRun SCXW156263400 BCX8\">pour mesurer<\/span><span class=\"NormalTextRun SCXW156263400 BCX8\"> l\u2019impact environnemental. Elle vise ensuite \u00e0 analyser la cha<\/span><span class=\"NormalTextRun SCXW156263400 BCX8\">\u00ee<\/span><span class=\"NormalTextRun SCXW156263400 BCX8\">ne de valeur de bout en bout en utilisant la d\u00e9marche ACV (<\/span><span class=\"NormalTextRun SCXW156263400 BCX8\">a<\/span><span class=\"NormalTextRun SCXW156263400 BCX8\">nalyse du <\/span><span class=\"NormalTextRun SCXW156263400 BCX8\">c<\/span><span class=\"NormalTextRun SCXW156263400 BCX8\">ycle de <\/span><span class=\"NormalTextRun SCXW156263400 BCX8\">v<\/span><span class=\"NormalTextRun SCXW156263400 BCX8\">ie)<\/span><span class=\"NormalTextRun SCXW156263400 BCX8\"> tout<\/span><span class=\"NormalTextRun SCXW156263400 BCX8\"> en mobilisant les parties prenantes lors de s\u00e9ances de travail collecti<\/span><span class=\"NormalTextRun SCXW156263400 BCX8\">v<\/span><\/span><span class=\"TextRun SCXW156263400 BCX8\" lang=\"FR-FR\" xml:lang=\"FR-FR\" data-contrast=\"none\"><span class=\"NormalTextRun SCXW156263400 BCX8\">es<\/span><\/span><span class=\"TextRun SCXW156263400 BCX8\" lang=\"FR-FR\" xml:lang=\"FR-FR\" data-contrast=\"none\"><span class=\"NormalTextRun SCXW156263400 BCX8\"> dans le but de d\u00e9velopper un esprit commun.<\/span><\/span> <span class=\"TextRun SCXW156263400 BCX8\" lang=\"FR-FR\" xml:lang=\"FR-FR\" data-contrast=\"auto\"><span class=\"NormalTextRun SCXW156263400 BCX8\">Des benchmarks compl\u00e8tent \u00e9galement cette approche afin d&rsquo;apporter un \u00e9clairage sur les solutions alternatives d\u00e9j\u00e0 mises en place au sein de la concurrence.<\/span> <\/span><span class=\"TextRun SCXW156263400 BCX8\" lang=\"FR-FR\" xml:lang=\"FR-FR\" data-contrast=\"none\"><span class=\"NormalTextRun SCXW156263400 BCX8\">L<\/span><span class=\"NormalTextRun SCXW156263400 BCX8\">e livrable liste <\/span><span class=\"NormalTextRun SCXW156263400 BCX8\">les<\/span><span class=\"NormalTextRun SCXW156263400 BCX8\"> produits prioritaires \u00e0 traiter.<\/span><\/span><\/p>\n<p><strong>2- Exploration<\/strong><\/p>\n<p><span class=\"TextRun SCXW170817914 BCX8\" lang=\"FR-FR\" xml:lang=\"FR-FR\" data-contrast=\"none\"><span class=\"NormalTextRun SCXW170817914 BCX8\">Cette phase repose<\/span><span class=\"NormalTextRun SCXW170817914 BCX8\"> sur<\/span><span class=\"NormalTextRun SCXW170817914 BCX8\"> la mobilisation de l\u2019intelligence collective (groupes multifonctionnels et inter-organisationnels) et les outils d<\/span><span class=\"NormalTextRun SCXW170817914 BCX8\">e<\/span> <\/span><span class=\"TextRun SCXW170817914 BCX8\" lang=\"FR-FR\" xml:lang=\"FR-FR\" data-contrast=\"none\"><span class=\"NormalTextRun SCXW170817914 BCX8\">design <\/span><span class=\"NormalTextRun SpellingErrorV2Themed SCXW170817914 BCX8\">thinking<\/span><\/span><span class=\"TextRun SCXW170817914 BCX8\" lang=\"FR-FR\" xml:lang=\"FR-FR\" data-contrast=\"none\"><span class=\"NormalTextRun SCXW170817914 BCX8\"> (ethnographie<\/span><span class=\"NormalTextRun SCXW170817914 BCX8\">,<\/span><span class=\"NormalTextRun SCXW170817914 BCX8\"> par exemple) au service de la r\u00e9duction de l\u2019impact environnemental. Les m\u00e9thodologies d<\/span><span class=\"NormalTextRun SCXW170817914 BCX8\">e<\/span> <\/span><span class=\"TextRun SCXW170817914 BCX8\" lang=\"FR-FR\" xml:lang=\"FR-FR\" data-contrast=\"none\"><span class=\"NormalTextRun SCXW170817914 BCX8\">design to value<\/span><\/span><span class=\"TextRun SCXW170817914 BCX8\" lang=\"FR-FR\" xml:lang=\"FR-FR\" data-contrast=\"none\"><span class=\"NormalTextRun SCXW170817914 BCX8\"> identifie<\/span><span class=\"NormalTextRun SCXW170817914 BCX8\">nt<\/span><span class=\"NormalTextRun SCXW170817914 BCX8\"> les fonctions ayant des valeurs per\u00e7ues \u00e0 renforcer. Les ateliers engage<\/span><span class=\"NormalTextRun SCXW170817914 BCX8\">nt<\/span><span class=\"NormalTextRun SCXW170817914 BCX8\"> l\u2019ensemble du collectif dans la recherche de solutions innovantes <\/span><span class=\"NormalTextRun SCXW170817914 BCX8\">au moyen de <\/span><span class=\"NormalTextRun SCXW170817914 BCX8\">m\u00e9thodologies de type agile.<\/span><\/span><\/p>\n<p><strong>3- P\u00e9rennisation et autonomisation<\/strong><\/p>\n<p><span class=\"TextRun SCXW213592401 BCX8\" lang=\"FR-FR\" xml:lang=\"FR-FR\" data-contrast=\"none\"><span class=\"NormalTextRun SCXW213592401 BCX8\">Cette derni\u00e8re phase permet la construction d\u2019un <\/span><\/span><span class=\"TextRun SCXW213592401 BCX8\" lang=\"FR-FR\" xml:lang=\"FR-FR\" data-contrast=\"none\"><span class=\"NormalTextRun SCXW213592401 BCX8\">business case<\/span><\/span><span class=\"TextRun SCXW213592401 BCX8\" lang=\"FR-FR\" xml:lang=\"FR-FR\" data-contrast=\"none\"> <span class=\"NormalTextRun SCXW213592401 BCX8\">comprenant des<\/span><span class=\"NormalTextRun SCXW213592401 BCX8\"> solutions qualifi\u00e9es et quantifi\u00e9es en termes \u00e9conomiques, techniques et de r\u00e9duction d<\/span><span class=\"NormalTextRun SCXW213592401 BCX8\">e l<\/span><span class=\"NormalTextRun SCXW213592401 BCX8\">\u2019impact environnemental.<\/span><span class=\"NormalTextRun SCXW213592401 BCX8\"> Sa validation par les sponsors constitue la premi\u00e8re \u00e9tape de <\/span><span class=\"NormalTextRun SCXW213592401 BCX8\">sa<\/span><span class=\"NormalTextRun SCXW213592401 BCX8\"> mise en \u0153uvre en vue de p\u00e9renniser<\/span><span class=\"NormalTextRun SCXW213592401 BCX8\"> les opportunit\u00e9s<\/span><span class=\"NormalTextRun SCXW213592401 BCX8\">. <\/span><span class=\"NormalTextRun SCXW213592401 BCX8\">E<\/span><span class=\"NormalTextRun SCXW213592401 BCX8\">nfin<\/span><span class=\"NormalTextRun SCXW213592401 BCX8\">, <\/span><span class=\"NormalTextRun SCXW213592401 BCX8\">le cabinet<\/span><span class=\"NormalTextRun SCXW213592401 BCX8\"> accompag<\/span><span class=\"NormalTextRun SCXW213592401 BCX8\">ne ses clients<\/span><span class=\"NormalTextRun SCXW213592401 BCX8\"> dans la standardisation de la d\u00e9marche en interne afin que <\/span><span class=\"NormalTextRun SCXW213592401 BCX8\">celle<\/span><span class=\"NormalTextRun SCXW213592401 BCX8\">&#8211;<\/span><span class=\"NormalTextRun SCXW213592401 BCX8\">ci puisse \u00eatre r\u00e9utilis\u00e9e et d\u00e9multipli\u00e9e<\/span><span class=\"NormalTextRun SCXW213592401 BCX8\"> en autonomie.<\/span><\/span><\/p>\n<p>&nbsp;<\/p>\n","protected":false},"excerpt":{"rendered":"<p>Contexte et d\u00e9fis Jusqu\u2019\u00e0 80\u202f% de l\u2019impact environnemental et social d\u2019un produit est d\u00e9termin\u00e9 lors de sa phase de conception. C\u2019est pourquoi la durabilit\u00e9 d\u2019un produit est devenu un crit\u00e8re d\u2019\u00e9valuation au m\u00eame titre que sa valeur \u00e9conomique (mat\u00e9rialis\u00e9e par le co\u00fbt de revient ou le co\u00fbt d\u2019achat) et sa valeur fonctionnelle. L\u2019\u00e9co-conception (design for [&hellip;]<\/p>\n","protected":false},"author":1,"featured_media":0,"parent":5109,"menu_order":6,"comment_status":"closed","ping_status":"closed","template":"","meta":{"_acf_changed":false,"footnotes":""},"class_list":["post-5124","page","type-page","status-publish","hentry"],"acf":[],"yoast_head":"<!-- This site is optimized with the Yoast SEO plugin v27.4 - https:\/\/yoast.com\/product\/yoast-seo-wordpress\/ -->\n<title>Conception \u00e9co-responsable - Argon &amp; Co<\/title>\n<meta name=\"robots\" content=\"index, follow, max-snippet:-1, max-image-preview:large, max-video-preview:-1\" \/>\n<link rel=\"canonical\" href=\"https:\/\/www.argonandco.com\/fr\/expertises\/sustainability\/conception-eco-responsable\/\" \/>\n<meta property=\"og:locale\" content=\"fr_FR\" \/>\n<meta property=\"og:type\" content=\"article\" \/>\n<meta property=\"og:title\" content=\"Conception \u00e9co-responsable - Argon &amp; Co\" \/>\n<meta property=\"og:description\" content=\"Contexte et d\u00e9fis Jusqu\u2019\u00e0 80\u202f% de l\u2019impact environnemental et social d\u2019un produit est d\u00e9termin\u00e9 lors de sa phase de conception. C\u2019est pourquoi la durabilit\u00e9 d\u2019un produit est devenu un crit\u00e8re d\u2019\u00e9valuation au m\u00eame titre que sa valeur \u00e9conomique (mat\u00e9rialis\u00e9e par le co\u00fbt de revient ou le co\u00fbt d\u2019achat) et sa valeur fonctionnelle. L\u2019\u00e9co-conception (design for [&hellip;]\" \/>\n<meta property=\"og:url\" content=\"https:\/\/www.argonandco.com\/fr\/expertises\/sustainability\/conception-eco-responsable\/\" \/>\n<meta property=\"og:site_name\" content=\"Argon &amp; Co\" \/>\n<meta property=\"article:modified_time\" content=\"2023-05-10T13:41:42+00:00\" \/>\n<meta name=\"twitter:card\" content=\"summary_large_image\" \/>\n<meta name=\"twitter:label1\" content=\"Dur\u00e9e de lecture estim\u00e9e\" \/>\n\t<meta name=\"twitter:data1\" content=\"2 minutes\" \/>\n<script type=\"application\/ld+json\" class=\"yoast-schema-graph\">{\"@context\":\"https:\\\/\\\/schema.org\",\"@graph\":[{\"@type\":\"WebPage\",\"@id\":\"https:\\\/\\\/www.argonandco.com\\\/fr\\\/expertises\\\/sustainability\\\/conception-eco-responsable\\\/\",\"url\":\"https:\\\/\\\/www.argonandco.com\\\/fr\\\/expertises\\\/sustainability\\\/conception-eco-responsable\\\/\",\"name\":\"Conception \u00e9co-responsable - Argon &amp; Co\",\"isPartOf\":{\"@id\":\"https:\\\/\\\/www.argonandco.com\\\/fr\\\/#website\"},\"datePublished\":\"2020-06-17T12:22:30+00:00\",\"dateModified\":\"2023-05-10T13:41:42+00:00\",\"breadcrumb\":{\"@id\":\"https:\\\/\\\/www.argonandco.com\\\/fr\\\/expertises\\\/sustainability\\\/conception-eco-responsable\\\/#breadcrumb\"},\"inLanguage\":\"fr-FR\",\"potentialAction\":[{\"@type\":\"ReadAction\",\"target\":[\"https:\\\/\\\/www.argonandco.com\\\/fr\\\/expertises\\\/sustainability\\\/conception-eco-responsable\\\/\"]}]},{\"@type\":\"BreadcrumbList\",\"@id\":\"https:\\\/\\\/www.argonandco.com\\\/fr\\\/expertises\\\/sustainability\\\/conception-eco-responsable\\\/#breadcrumb\",\"itemListElement\":[{\"@type\":\"ListItem\",\"position\":1,\"name\":\"Home\",\"item\":\"https:\\\/\\\/www.argonandco.com\\\/fr\\\/\"},{\"@type\":\"ListItem\",\"position\":2,\"name\":\"Expertises\",\"item\":\"https:\\\/\\\/www.argonandco.com\\\/fr\\\/expertises\\\/\"},{\"@type\":\"ListItem\",\"position\":3,\"name\":\"Sustainability\",\"item\":\"https:\\\/\\\/www.argonandco.com\\\/fr\\\/expertises\\\/sustainability\\\/\"},{\"@type\":\"ListItem\",\"position\":4,\"name\":\"Conception \u00e9co-responsable\"}]},{\"@type\":\"WebSite\",\"@id\":\"https:\\\/\\\/www.argonandco.com\\\/fr\\\/#website\",\"url\":\"https:\\\/\\\/www.argonandco.com\\\/fr\\\/\",\"name\":\"Argon &amp; Co\",\"description\":\"We help clients achieve their strategic and operational objectives, working together to transform their businesses and generate real change.\",\"potentialAction\":[{\"@type\":\"SearchAction\",\"target\":{\"@type\":\"EntryPoint\",\"urlTemplate\":\"https:\\\/\\\/www.argonandco.com\\\/fr\\\/?s={search_term_string}\"},\"query-input\":{\"@type\":\"PropertyValueSpecification\",\"valueRequired\":true,\"valueName\":\"search_term_string\"}}],\"inLanguage\":\"fr-FR\"}]}<\/script>\n<!-- \/ Yoast SEO plugin. -->","yoast_head_json":{"title":"Conception \u00e9co-responsable - Argon &amp; Co","robots":{"index":"index","follow":"follow","max-snippet":"max-snippet:-1","max-image-preview":"max-image-preview:large","max-video-preview":"max-video-preview:-1"},"canonical":"https:\/\/www.argonandco.com\/fr\/expertises\/sustainability\/conception-eco-responsable\/","og_locale":"fr_FR","og_type":"article","og_title":"Conception \u00e9co-responsable - Argon &amp; Co","og_description":"Contexte et d\u00e9fis Jusqu\u2019\u00e0 80\u202f% de l\u2019impact environnemental et social d\u2019un produit est d\u00e9termin\u00e9 lors de sa phase de conception. C\u2019est pourquoi la durabilit\u00e9 d\u2019un produit est devenu un crit\u00e8re d\u2019\u00e9valuation au m\u00eame titre que sa valeur \u00e9conomique (mat\u00e9rialis\u00e9e par le co\u00fbt de revient ou le co\u00fbt d\u2019achat) et sa valeur fonctionnelle. L\u2019\u00e9co-conception (design for [&hellip;]","og_url":"https:\/\/www.argonandco.com\/fr\/expertises\/sustainability\/conception-eco-responsable\/","og_site_name":"Argon &amp; Co","article_modified_time":"2023-05-10T13:41:42+00:00","twitter_card":"summary_large_image","twitter_misc":{"Dur\u00e9e de lecture estim\u00e9e":"2 minutes"},"schema":{"@context":"https:\/\/schema.org","@graph":[{"@type":"WebPage","@id":"https:\/\/www.argonandco.com\/fr\/expertises\/sustainability\/conception-eco-responsable\/","url":"https:\/\/www.argonandco.com\/fr\/expertises\/sustainability\/conception-eco-responsable\/","name":"Conception \u00e9co-responsable - Argon &amp; Co","isPartOf":{"@id":"https:\/\/www.argonandco.com\/fr\/#website"},"datePublished":"2020-06-17T12:22:30+00:00","dateModified":"2023-05-10T13:41:42+00:00","breadcrumb":{"@id":"https:\/\/www.argonandco.com\/fr\/expertises\/sustainability\/conception-eco-responsable\/#breadcrumb"},"inLanguage":"fr-FR","potentialAction":[{"@type":"ReadAction","target":["https:\/\/www.argonandco.com\/fr\/expertises\/sustainability\/conception-eco-responsable\/"]}]},{"@type":"BreadcrumbList","@id":"https:\/\/www.argonandco.com\/fr\/expertises\/sustainability\/conception-eco-responsable\/#breadcrumb","itemListElement":[{"@type":"ListItem","position":1,"name":"Home","item":"https:\/\/www.argonandco.com\/fr\/"},{"@type":"ListItem","position":2,"name":"Expertises","item":"https:\/\/www.argonandco.com\/fr\/expertises\/"},{"@type":"ListItem","position":3,"name":"Sustainability","item":"https:\/\/www.argonandco.com\/fr\/expertises\/sustainability\/"},{"@type":"ListItem","position":4,"name":"Conception \u00e9co-responsable"}]},{"@type":"WebSite","@id":"https:\/\/www.argonandco.com\/fr\/#website","url":"https:\/\/www.argonandco.com\/fr\/","name":"Argon &amp; Co","description":"We help clients achieve their strategic and operational objectives, working together to transform their businesses and generate real change.","potentialAction":[{"@type":"SearchAction","target":{"@type":"EntryPoint","urlTemplate":"https:\/\/www.argonandco.com\/fr\/?s={search_term_string}"},"query-input":{"@type":"PropertyValueSpecification","valueRequired":true,"valueName":"search_term_string"}}],"inLanguage":"fr-FR"}]}},"_links":{"self":[{"href":"https:\/\/www.argonandco.com\/fr\/wp-json\/wp\/v2\/pages\/5124","targetHints":{"allow":["GET"]}}],"collection":[{"href":"https:\/\/www.argonandco.com\/fr\/wp-json\/wp\/v2\/pages"}],"about":[{"href":"https:\/\/www.argonandco.com\/fr\/wp-json\/wp\/v2\/types\/page"}],"author":[{"embeddable":true,"href":"https:\/\/www.argonandco.com\/fr\/wp-json\/wp\/v2\/users\/1"}],"replies":[{"embeddable":true,"href":"https:\/\/www.argonandco.com\/fr\/wp-json\/wp\/v2\/comments?post=5124"}],"version-history":[{"count":0,"href":"https:\/\/www.argonandco.com\/fr\/wp-json\/wp\/v2\/pages\/5124\/revisions"}],"up":[{"embeddable":true,"href":"https:\/\/www.argonandco.com\/fr\/wp-json\/wp\/v2\/pages\/5109"}],"wp:attachment":[{"href":"https:\/\/www.argonandco.com\/fr\/wp-json\/wp\/v2\/media?parent=5124"}],"curies":[{"name":"wp","href":"https:\/\/api.w.org\/{rel}","templated":true}]}}