{"id":5122,"date":"2020-06-17T13:22:20","date_gmt":"2020-06-17T12:22:20","guid":{"rendered":"https:\/\/www.argonandco.com\/?page_id=5122"},"modified":"2020-10-07T13:22:11","modified_gmt":"2020-10-07T12:22:11","slug":"programme-de-transformation-responsable","status":"publish","type":"page","link":"https:\/\/www.argonandco.com\/fr\/expertises\/sustainability\/programme-de-transformation-responsable\/","title":{"rendered":"Programme de transformation responsable"},"content":{"rendered":"<h2><b>Contexte et d\u00e9fis<\/b><\/h2>\n<p><span class=\"intro\">Tous les leviers d\u2019am\u00e9lioration de la performance environnementale (voire sociale et \u00e9conomique) de l\u2019entreprise r\u00e9sident dans la transformation des op\u00e9rations, qu\u2019il s\u2019agisse du d\u00e9veloppement produits (\u00e9co-conception), des achats (sourcing de fournisseurs plus responsables\u2026), du manufacturing (techniques de production plus responsables, relocalisation\u2026), de la distribution (logistique responsable) et de la MRO (d\u00e9veloppement de l\u2019\u00e9conomie circulaire).<\/span><\/p>\n<p>La r\u00e9ussite de cette transformation va ainsi n\u00e9cessiter de l\u2019expertise m\u00e9tier forte sur ces diff\u00e9rents sujets, pour int\u00e9grer les probl\u00e9matiques business sp\u00e9cifiques, et ainsi faciliter les arbitrages et susciter l\u2019adh\u00e9sion sur une cible.<\/p>\n<p>L\u2019autre facteur de r\u00e9ussite de ce type de transformation est la conduite du changement. La transformation responsable dispose ici d\u2019une formidable opportunit\u00e9\u00a0: \u00e0 savoir son caract\u00e8re intrins\u00e8quement consensuel et f\u00e9d\u00e9rateur, vecteur de \u00ab\u00a0sens au travail\u00a0\u00bb pour les \u00e9quipes. Tout l\u2019enjeu va ici ainsi r\u00e9sider dans la mise en valeur de cette particularit\u00e9, qui pourra aussi \u00eatre utilis\u00e9e pour optimiser la mobilisation autour d\u2019une transformation portant sur un p\u00e9rim\u00e8tre plus large de l\u2019entreprise (comme cela est souvent le cas dans les faits).<\/p>\n<h2><b>Notre approche<\/b><\/h2>\n<p>Argon &amp; Co combine l\u2019expertise m\u00e9tier sur l\u2019ensemble du p\u00e9rim\u00e8tre des op\u00e9rations, la ma\u00eetrise des enjeux environnementaux, et des programmes de transformation complexes, pour accompagner les entreprises dans la transformation responsable de leurs op\u00e9rations :<\/p>\n<ul>\n<li>Une approche structur\u00e9e par domaine op\u00e9rationnel (d\u00e9veloppement produit, achats, manufacturing, logistique\u2026) et bas\u00e9e sur notre m\u00e9thodologie sc<strong>prime\u00ae<\/strong><\/li>\n<li>Pilotage du programme de transformation par lots, gestion des interd\u00e9pendances<\/li>\n<li>D\u00e9finition et mise en place d&rsquo;indicateurs<\/li>\n<li>Apport focalis\u00e9 d&rsquo;expertise sur des sujets d\u2019excellence op\u00e9rationnelle et environnementale<\/li>\n<li>Gestion du change management par des techniques innovantes.<\/li>\n<\/ul>\n<p>&nbsp;<\/p>\n<p>&nbsp;<\/p>\n","protected":false},"excerpt":{"rendered":"<p>Contexte et d\u00e9fis Tous les leviers d\u2019am\u00e9lioration de la performance environnementale (voire sociale et \u00e9conomique) de l\u2019entreprise r\u00e9sident dans la transformation des op\u00e9rations, qu\u2019il s\u2019agisse du d\u00e9veloppement produits (\u00e9co-conception), des achats (sourcing de fournisseurs plus responsables\u2026), du manufacturing (techniques de production plus responsables, relocalisation\u2026), de la distribution (logistique responsable) et de la MRO (d\u00e9veloppement de [&hellip;]<\/p>\n","protected":false},"author":1,"featured_media":0,"parent":5109,"menu_order":4,"comment_status":"closed","ping_status":"closed","template":"","meta":{"_acf_changed":false,"footnotes":""},"class_list":["post-5122","page","type-page","status-publish","hentry"],"acf":[],"yoast_head":"<!-- This site is optimized with the Yoast SEO plugin v27.5 - https:\/\/yoast.com\/product\/yoast-seo-wordpress\/ -->\n<title>Programme de transformation responsable - Argon &amp; Co<\/title>\n<meta name=\"robots\" content=\"index, follow, max-snippet:-1, max-image-preview:large, max-video-preview:-1\" \/>\n<link rel=\"canonical\" href=\"https:\/\/www.argonandco.com\/fr\/expertises\/sustainability\/programme-de-transformation-responsable\/\" \/>\n<meta property=\"og:locale\" content=\"fr_FR\" \/>\n<meta property=\"og:type\" content=\"article\" \/>\n<meta property=\"og:title\" content=\"Programme de transformation responsable - Argon &amp; Co\" \/>\n<meta property=\"og:description\" content=\"Contexte et d\u00e9fis Tous les leviers d\u2019am\u00e9lioration de la performance environnementale (voire sociale et \u00e9conomique) de l\u2019entreprise r\u00e9sident dans la transformation des op\u00e9rations, qu\u2019il s\u2019agisse du d\u00e9veloppement produits (\u00e9co-conception), des achats (sourcing de fournisseurs plus responsables\u2026), du manufacturing (techniques de production plus responsables, relocalisation\u2026), de la distribution (logistique responsable) et de la MRO (d\u00e9veloppement de [&hellip;]\" \/>\n<meta property=\"og:url\" content=\"https:\/\/www.argonandco.com\/fr\/expertises\/sustainability\/programme-de-transformation-responsable\/\" \/>\n<meta property=\"og:site_name\" content=\"Argon &amp; Co\" \/>\n<meta property=\"article:modified_time\" content=\"2020-10-07T12:22:11+00:00\" \/>\n<meta name=\"twitter:card\" content=\"summary_large_image\" \/>\n<meta name=\"twitter:label1\" content=\"Dur\u00e9e de lecture estim\u00e9e\" \/>\n\t<meta name=\"twitter:data1\" content=\"2 minutes\" \/>\n<script type=\"application\/ld+json\" class=\"yoast-schema-graph\">{\"@context\":\"https:\\\/\\\/schema.org\",\"@graph\":[{\"@type\":\"WebPage\",\"@id\":\"https:\\\/\\\/www.argonandco.com\\\/fr\\\/expertises\\\/sustainability\\\/programme-de-transformation-responsable\\\/\",\"url\":\"https:\\\/\\\/www.argonandco.com\\\/fr\\\/expertises\\\/sustainability\\\/programme-de-transformation-responsable\\\/\",\"name\":\"Programme de transformation responsable - Argon &amp; Co\",\"isPartOf\":{\"@id\":\"https:\\\/\\\/www.argonandco.com\\\/fr\\\/#website\"},\"datePublished\":\"2020-06-17T12:22:20+00:00\",\"dateModified\":\"2020-10-07T12:22:11+00:00\",\"breadcrumb\":{\"@id\":\"https:\\\/\\\/www.argonandco.com\\\/fr\\\/expertises\\\/sustainability\\\/programme-de-transformation-responsable\\\/#breadcrumb\"},\"inLanguage\":\"fr-FR\",\"potentialAction\":[{\"@type\":\"ReadAction\",\"target\":[\"https:\\\/\\\/www.argonandco.com\\\/fr\\\/expertises\\\/sustainability\\\/programme-de-transformation-responsable\\\/\"]}]},{\"@type\":\"BreadcrumbList\",\"@id\":\"https:\\\/\\\/www.argonandco.com\\\/fr\\\/expertises\\\/sustainability\\\/programme-de-transformation-responsable\\\/#breadcrumb\",\"itemListElement\":[{\"@type\":\"ListItem\",\"position\":1,\"name\":\"Home\",\"item\":\"https:\\\/\\\/www.argonandco.com\\\/fr\\\/\"},{\"@type\":\"ListItem\",\"position\":2,\"name\":\"Expertises\",\"item\":\"https:\\\/\\\/www.argonandco.com\\\/fr\\\/expertises\\\/\"},{\"@type\":\"ListItem\",\"position\":3,\"name\":\"Sustainability\",\"item\":\"https:\\\/\\\/www.argonandco.com\\\/fr\\\/expertises\\\/sustainability\\\/\"},{\"@type\":\"ListItem\",\"position\":4,\"name\":\"Programme de transformation responsable\"}]},{\"@type\":\"WebSite\",\"@id\":\"https:\\\/\\\/www.argonandco.com\\\/fr\\\/#website\",\"url\":\"https:\\\/\\\/www.argonandco.com\\\/fr\\\/\",\"name\":\"Argon &amp; Co\",\"description\":\"We help clients achieve their strategic and operational objectives, working together to transform their businesses and generate real change.\",\"potentialAction\":[{\"@type\":\"SearchAction\",\"target\":{\"@type\":\"EntryPoint\",\"urlTemplate\":\"https:\\\/\\\/www.argonandco.com\\\/fr\\\/?s={search_term_string}\"},\"query-input\":{\"@type\":\"PropertyValueSpecification\",\"valueRequired\":true,\"valueName\":\"search_term_string\"}}],\"inLanguage\":\"fr-FR\"}]}<\/script>\n<!-- \/ Yoast SEO plugin. -->","yoast_head_json":{"title":"Programme de transformation responsable - Argon &amp; Co","robots":{"index":"index","follow":"follow","max-snippet":"max-snippet:-1","max-image-preview":"max-image-preview:large","max-video-preview":"max-video-preview:-1"},"canonical":"https:\/\/www.argonandco.com\/fr\/expertises\/sustainability\/programme-de-transformation-responsable\/","og_locale":"fr_FR","og_type":"article","og_title":"Programme de transformation responsable - Argon &amp; Co","og_description":"Contexte et d\u00e9fis Tous les leviers d\u2019am\u00e9lioration de la performance environnementale (voire sociale et \u00e9conomique) de l\u2019entreprise r\u00e9sident dans la transformation des op\u00e9rations, qu\u2019il s\u2019agisse du d\u00e9veloppement produits (\u00e9co-conception), des achats (sourcing de fournisseurs plus responsables\u2026), du manufacturing (techniques de production plus responsables, relocalisation\u2026), de la distribution (logistique responsable) et de la MRO (d\u00e9veloppement de [&hellip;]","og_url":"https:\/\/www.argonandco.com\/fr\/expertises\/sustainability\/programme-de-transformation-responsable\/","og_site_name":"Argon &amp; Co","article_modified_time":"2020-10-07T12:22:11+00:00","twitter_card":"summary_large_image","twitter_misc":{"Dur\u00e9e de lecture estim\u00e9e":"2 minutes"},"schema":{"@context":"https:\/\/schema.org","@graph":[{"@type":"WebPage","@id":"https:\/\/www.argonandco.com\/fr\/expertises\/sustainability\/programme-de-transformation-responsable\/","url":"https:\/\/www.argonandco.com\/fr\/expertises\/sustainability\/programme-de-transformation-responsable\/","name":"Programme de transformation responsable - Argon &amp; Co","isPartOf":{"@id":"https:\/\/www.argonandco.com\/fr\/#website"},"datePublished":"2020-06-17T12:22:20+00:00","dateModified":"2020-10-07T12:22:11+00:00","breadcrumb":{"@id":"https:\/\/www.argonandco.com\/fr\/expertises\/sustainability\/programme-de-transformation-responsable\/#breadcrumb"},"inLanguage":"fr-FR","potentialAction":[{"@type":"ReadAction","target":["https:\/\/www.argonandco.com\/fr\/expertises\/sustainability\/programme-de-transformation-responsable\/"]}]},{"@type":"BreadcrumbList","@id":"https:\/\/www.argonandco.com\/fr\/expertises\/sustainability\/programme-de-transformation-responsable\/#breadcrumb","itemListElement":[{"@type":"ListItem","position":1,"name":"Home","item":"https:\/\/www.argonandco.com\/fr\/"},{"@type":"ListItem","position":2,"name":"Expertises","item":"https:\/\/www.argonandco.com\/fr\/expertises\/"},{"@type":"ListItem","position":3,"name":"Sustainability","item":"https:\/\/www.argonandco.com\/fr\/expertises\/sustainability\/"},{"@type":"ListItem","position":4,"name":"Programme de transformation responsable"}]},{"@type":"WebSite","@id":"https:\/\/www.argonandco.com\/fr\/#website","url":"https:\/\/www.argonandco.com\/fr\/","name":"Argon &amp; Co","description":"We help clients achieve their strategic and operational objectives, working together to transform their businesses and generate real change.","potentialAction":[{"@type":"SearchAction","target":{"@type":"EntryPoint","urlTemplate":"https:\/\/www.argonandco.com\/fr\/?s={search_term_string}"},"query-input":{"@type":"PropertyValueSpecification","valueRequired":true,"valueName":"search_term_string"}}],"inLanguage":"fr-FR"}]}},"_links":{"self":[{"href":"https:\/\/www.argonandco.com\/fr\/wp-json\/wp\/v2\/pages\/5122","targetHints":{"allow":["GET"]}}],"collection":[{"href":"https:\/\/www.argonandco.com\/fr\/wp-json\/wp\/v2\/pages"}],"about":[{"href":"https:\/\/www.argonandco.com\/fr\/wp-json\/wp\/v2\/types\/page"}],"author":[{"embeddable":true,"href":"https:\/\/www.argonandco.com\/fr\/wp-json\/wp\/v2\/users\/1"}],"replies":[{"embeddable":true,"href":"https:\/\/www.argonandco.com\/fr\/wp-json\/wp\/v2\/comments?post=5122"}],"version-history":[{"count":0,"href":"https:\/\/www.argonandco.com\/fr\/wp-json\/wp\/v2\/pages\/5122\/revisions"}],"up":[{"embeddable":true,"href":"https:\/\/www.argonandco.com\/fr\/wp-json\/wp\/v2\/pages\/5109"}],"wp:attachment":[{"href":"https:\/\/www.argonandco.com\/fr\/wp-json\/wp\/v2\/media?parent=5122"}],"curies":[{"name":"wp","href":"https:\/\/api.w.org\/{rel}","templated":true}]}}