{"id":5119,"date":"2020-06-17T13:22:08","date_gmt":"2020-06-17T12:22:08","guid":{"rendered":"https:\/\/www.argonandco.com\/?page_id=5119"},"modified":"2020-10-09T13:32:29","modified_gmt":"2020-10-09T12:32:29","slug":"analyse-dimpact-environnemental-maturite-rse","status":"publish","type":"page","link":"https:\/\/www.argonandco.com\/fr\/expertises\/sustainability\/analyse-dimpact-environnemental-maturite-rse\/","title":{"rendered":"Analyse d\u2019impact environnemental"},"content":{"rendered":"<h2><b>Contexte et d\u00e9fis<\/b><\/h2>\n<p><span class=\"intro\">Les entreprises manquent de visibilit\u00e9 sur le r\u00e9el impact environnemental de leurs op\u00e9rations, ce qui nuit \u00e0 la mise en \u0153uvre d\u2019une strat\u00e9gie d\u2019excellence environnementale focalis\u00e9e sur les vrais enjeux, et les arbitrages avec d\u2019autres dimensions mieux pilot\u00e9es comme les co\u00fbts, les niveaux de stocks et le service.<\/span><\/p>\n<p>Les rapports RSE se limitent ainsi la plupart du temps aux impact directs (scope 1 et 2 du Greenhouse Gas Protocol (GHG)), excluant ainsi l\u2019impact des fournisseurs, qui constitue pourtant dans bien des secteurs l\u2019immense majorit\u00e9 des \u00e9missions. Par ailleurs, les analyses quantitatives ne concernent bien souvent que le bilan carbone, et donc n\u2019int\u00e8grent pas des enjeux capitaux tels que la biodiversit\u00e9 et la sant\u00e9 humaine (pollution de l\u2019air, pollution de l\u2019eau, d\u00e9chets, pression sur les sols, consommation d\u2019eau\u2026).<\/p>\n<p>Quantifier l\u2019impact environnemental de bout en bout des op\u00e9rations permet d\u2019identifier les meilleurs gisements pour am\u00e9liorer la performance environnementale.<\/p>\n<p>Cette approche quantitative est \u00e0 coupler \u00e0 une \u00e9valuation de la maturit\u00e9 des processus et de l\u2019organisation de chaque composante des op\u00e9rations (d\u00e9veloppement produit, achats, production, finance, logistique), pour identifier de fa\u00e7on tr\u00e8s concr\u00e8te les leviers les plus efficaces, les meilleures pratiques \u00e0 mettre en place pour concr\u00e9tiser la transformation environnementale.<\/p>\n<h2><b>Notre approche<\/b><\/h2>\n<p>Argon &amp; accompagne les entreprises dans leurs projets de mesure et de r\u00e9duction de l\u2019impact environnemental de leur cha\u00eene de valeur :<\/p>\n<ul>\n<li>Mapping de la cha\u00eene de valeur des op\u00e9rations, depuis la fabrication des mati\u00e8res premi\u00e8res, la production, la distribution aux clients finaux, jusqu\u2019 \u00e0 l\u2019utilisation des produits\/services et leur fin de vie ;<\/li>\n<li>Analyse d\u2019impact environnemental dans une approche d\u2019Analyse de Cycle de Vie, au travers d\u2019indicateurs quantitatifs (CO<sub>2<\/sub>, consommation d\u2019eau, pollution de l\u2019air, pollution de l\u2019eau, pression sur les sols, d\u00e9chets\u2026) int\u00e9grant les diff\u00e9rentes dimensions environnementales (changement climatique, biodiversit\u00e9, sant\u00e9 humaine, eutrophisation des ressources) ;<\/li>\n<li>Identification et qualification des leviers de r\u00e9duction de l\u2019impact environnemental, appui dans l\u2019instruction des arbitrages \u00e9conomiques (co\u00fbt, stock, service), voire dans la d\u00e9finition de nouveaux business models ;<\/li>\n<li>Analyse du niveau de maturit\u00e9 des op\u00e9rations sur le plan du d\u00e9veloppement durable, en int\u00e9grant l\u2019approche m\u00e9thodologique sc<strong>prime<\/strong>\u00ae ;<\/li>\n<li>Structuration du programme de transformation responsable des op\u00e9rations qui allient \u00e9co-responsabilit\u00e9 et excellence op\u00e9rationnelle pour soutenir la croissance tout en maintenant un \u00e9quilibre entre les objectifs environnementaux et commerciaux.<\/li>\n<\/ul>\n","protected":false},"excerpt":{"rendered":"<p>Contexte et d\u00e9fis Les entreprises manquent de visibilit\u00e9 sur le r\u00e9el impact environnemental de leurs op\u00e9rations, ce qui nuit \u00e0 la mise en \u0153uvre d\u2019une strat\u00e9gie d\u2019excellence environnementale focalis\u00e9e sur les vrais enjeux, et les arbitrages avec d\u2019autres dimensions mieux pilot\u00e9es comme les co\u00fbts, les niveaux de stocks et le service. Les rapports RSE se [&hellip;]<\/p>\n","protected":false},"author":1,"featured_media":0,"parent":5109,"menu_order":2,"comment_status":"closed","ping_status":"closed","template":"","meta":{"_acf_changed":false,"footnotes":""},"class_list":["post-5119","page","type-page","status-publish","hentry"],"acf":[],"yoast_head":"<!-- This site is optimized with the Yoast SEO plugin v27.4 - https:\/\/yoast.com\/product\/yoast-seo-wordpress\/ -->\n<title>Analyse d\u2019impact environnemental - Argon &amp; Co<\/title>\n<meta name=\"robots\" content=\"index, follow, max-snippet:-1, max-image-preview:large, max-video-preview:-1\" \/>\n<link rel=\"canonical\" href=\"https:\/\/www.argonandco.com\/fr\/expertises\/sustainability\/analyse-dimpact-environnemental-maturite-rse\/\" \/>\n<meta property=\"og:locale\" content=\"fr_FR\" \/>\n<meta property=\"og:type\" content=\"article\" \/>\n<meta property=\"og:title\" content=\"Analyse d\u2019impact environnemental - Argon &amp; Co\" \/>\n<meta property=\"og:description\" content=\"Contexte et d\u00e9fis Les entreprises manquent de visibilit\u00e9 sur le r\u00e9el impact environnemental de leurs op\u00e9rations, ce qui nuit \u00e0 la mise en \u0153uvre d\u2019une strat\u00e9gie d\u2019excellence environnementale focalis\u00e9e sur les vrais enjeux, et les arbitrages avec d\u2019autres dimensions mieux pilot\u00e9es comme les co\u00fbts, les niveaux de stocks et le service. Les rapports RSE se [&hellip;]\" \/>\n<meta property=\"og:url\" content=\"https:\/\/www.argonandco.com\/fr\/expertises\/sustainability\/analyse-dimpact-environnemental-maturite-rse\/\" \/>\n<meta property=\"og:site_name\" content=\"Argon &amp; Co\" \/>\n<meta property=\"article:modified_time\" content=\"2020-10-09T12:32:29+00:00\" \/>\n<meta name=\"twitter:card\" content=\"summary_large_image\" \/>\n<meta name=\"twitter:label1\" content=\"Dur\u00e9e de lecture estim\u00e9e\" \/>\n\t<meta name=\"twitter:data1\" content=\"2 minutes\" \/>\n<script type=\"application\/ld+json\" class=\"yoast-schema-graph\">{\"@context\":\"https:\\\/\\\/schema.org\",\"@graph\":[{\"@type\":\"WebPage\",\"@id\":\"https:\\\/\\\/www.argonandco.com\\\/fr\\\/expertises\\\/sustainability\\\/analyse-dimpact-environnemental-maturite-rse\\\/\",\"url\":\"https:\\\/\\\/www.argonandco.com\\\/fr\\\/expertises\\\/sustainability\\\/analyse-dimpact-environnemental-maturite-rse\\\/\",\"name\":\"Analyse d\u2019impact environnemental - Argon &amp; Co\",\"isPartOf\":{\"@id\":\"https:\\\/\\\/www.argonandco.com\\\/fr\\\/#website\"},\"datePublished\":\"2020-06-17T12:22:08+00:00\",\"dateModified\":\"2020-10-09T12:32:29+00:00\",\"breadcrumb\":{\"@id\":\"https:\\\/\\\/www.argonandco.com\\\/fr\\\/expertises\\\/sustainability\\\/analyse-dimpact-environnemental-maturite-rse\\\/#breadcrumb\"},\"inLanguage\":\"fr-FR\",\"potentialAction\":[{\"@type\":\"ReadAction\",\"target\":[\"https:\\\/\\\/www.argonandco.com\\\/fr\\\/expertises\\\/sustainability\\\/analyse-dimpact-environnemental-maturite-rse\\\/\"]}]},{\"@type\":\"BreadcrumbList\",\"@id\":\"https:\\\/\\\/www.argonandco.com\\\/fr\\\/expertises\\\/sustainability\\\/analyse-dimpact-environnemental-maturite-rse\\\/#breadcrumb\",\"itemListElement\":[{\"@type\":\"ListItem\",\"position\":1,\"name\":\"Home\",\"item\":\"https:\\\/\\\/www.argonandco.com\\\/fr\\\/\"},{\"@type\":\"ListItem\",\"position\":2,\"name\":\"Expertises\",\"item\":\"https:\\\/\\\/www.argonandco.com\\\/fr\\\/expertises\\\/\"},{\"@type\":\"ListItem\",\"position\":3,\"name\":\"Sustainability\",\"item\":\"https:\\\/\\\/www.argonandco.com\\\/fr\\\/expertises\\\/sustainability\\\/\"},{\"@type\":\"ListItem\",\"position\":4,\"name\":\"Analyse d\u2019impact environnemental\"}]},{\"@type\":\"WebSite\",\"@id\":\"https:\\\/\\\/www.argonandco.com\\\/fr\\\/#website\",\"url\":\"https:\\\/\\\/www.argonandco.com\\\/fr\\\/\",\"name\":\"Argon &amp; Co\",\"description\":\"We help clients achieve their strategic and operational objectives, working together to transform their businesses and generate real change.\",\"potentialAction\":[{\"@type\":\"SearchAction\",\"target\":{\"@type\":\"EntryPoint\",\"urlTemplate\":\"https:\\\/\\\/www.argonandco.com\\\/fr\\\/?s={search_term_string}\"},\"query-input\":{\"@type\":\"PropertyValueSpecification\",\"valueRequired\":true,\"valueName\":\"search_term_string\"}}],\"inLanguage\":\"fr-FR\"}]}<\/script>\n<!-- \/ Yoast SEO plugin. -->","yoast_head_json":{"title":"Analyse d\u2019impact environnemental - Argon &amp; Co","robots":{"index":"index","follow":"follow","max-snippet":"max-snippet:-1","max-image-preview":"max-image-preview:large","max-video-preview":"max-video-preview:-1"},"canonical":"https:\/\/www.argonandco.com\/fr\/expertises\/sustainability\/analyse-dimpact-environnemental-maturite-rse\/","og_locale":"fr_FR","og_type":"article","og_title":"Analyse d\u2019impact environnemental - Argon &amp; Co","og_description":"Contexte et d\u00e9fis Les entreprises manquent de visibilit\u00e9 sur le r\u00e9el impact environnemental de leurs op\u00e9rations, ce qui nuit \u00e0 la mise en \u0153uvre d\u2019une strat\u00e9gie d\u2019excellence environnementale focalis\u00e9e sur les vrais enjeux, et les arbitrages avec d\u2019autres dimensions mieux pilot\u00e9es comme les co\u00fbts, les niveaux de stocks et le service. Les rapports RSE se [&hellip;]","og_url":"https:\/\/www.argonandco.com\/fr\/expertises\/sustainability\/analyse-dimpact-environnemental-maturite-rse\/","og_site_name":"Argon &amp; Co","article_modified_time":"2020-10-09T12:32:29+00:00","twitter_card":"summary_large_image","twitter_misc":{"Dur\u00e9e de lecture estim\u00e9e":"2 minutes"},"schema":{"@context":"https:\/\/schema.org","@graph":[{"@type":"WebPage","@id":"https:\/\/www.argonandco.com\/fr\/expertises\/sustainability\/analyse-dimpact-environnemental-maturite-rse\/","url":"https:\/\/www.argonandco.com\/fr\/expertises\/sustainability\/analyse-dimpact-environnemental-maturite-rse\/","name":"Analyse d\u2019impact environnemental - Argon &amp; Co","isPartOf":{"@id":"https:\/\/www.argonandco.com\/fr\/#website"},"datePublished":"2020-06-17T12:22:08+00:00","dateModified":"2020-10-09T12:32:29+00:00","breadcrumb":{"@id":"https:\/\/www.argonandco.com\/fr\/expertises\/sustainability\/analyse-dimpact-environnemental-maturite-rse\/#breadcrumb"},"inLanguage":"fr-FR","potentialAction":[{"@type":"ReadAction","target":["https:\/\/www.argonandco.com\/fr\/expertises\/sustainability\/analyse-dimpact-environnemental-maturite-rse\/"]}]},{"@type":"BreadcrumbList","@id":"https:\/\/www.argonandco.com\/fr\/expertises\/sustainability\/analyse-dimpact-environnemental-maturite-rse\/#breadcrumb","itemListElement":[{"@type":"ListItem","position":1,"name":"Home","item":"https:\/\/www.argonandco.com\/fr\/"},{"@type":"ListItem","position":2,"name":"Expertises","item":"https:\/\/www.argonandco.com\/fr\/expertises\/"},{"@type":"ListItem","position":3,"name":"Sustainability","item":"https:\/\/www.argonandco.com\/fr\/expertises\/sustainability\/"},{"@type":"ListItem","position":4,"name":"Analyse d\u2019impact environnemental"}]},{"@type":"WebSite","@id":"https:\/\/www.argonandco.com\/fr\/#website","url":"https:\/\/www.argonandco.com\/fr\/","name":"Argon &amp; Co","description":"We help clients achieve their strategic and operational objectives, working together to transform their businesses and generate real change.","potentialAction":[{"@type":"SearchAction","target":{"@type":"EntryPoint","urlTemplate":"https:\/\/www.argonandco.com\/fr\/?s={search_term_string}"},"query-input":{"@type":"PropertyValueSpecification","valueRequired":true,"valueName":"search_term_string"}}],"inLanguage":"fr-FR"}]}},"_links":{"self":[{"href":"https:\/\/www.argonandco.com\/fr\/wp-json\/wp\/v2\/pages\/5119","targetHints":{"allow":["GET"]}}],"collection":[{"href":"https:\/\/www.argonandco.com\/fr\/wp-json\/wp\/v2\/pages"}],"about":[{"href":"https:\/\/www.argonandco.com\/fr\/wp-json\/wp\/v2\/types\/page"}],"author":[{"embeddable":true,"href":"https:\/\/www.argonandco.com\/fr\/wp-json\/wp\/v2\/users\/1"}],"replies":[{"embeddable":true,"href":"https:\/\/www.argonandco.com\/fr\/wp-json\/wp\/v2\/comments?post=5119"}],"version-history":[{"count":0,"href":"https:\/\/www.argonandco.com\/fr\/wp-json\/wp\/v2\/pages\/5119\/revisions"}],"up":[{"embeddable":true,"href":"https:\/\/www.argonandco.com\/fr\/wp-json\/wp\/v2\/pages\/5109"}],"wp:attachment":[{"href":"https:\/\/www.argonandco.com\/fr\/wp-json\/wp\/v2\/media?parent=5119"}],"curies":[{"name":"wp","href":"https:\/\/api.w.org\/{rel}","templated":true}]}}