{"id":5109,"date":"2020-06-10T13:55:03","date_gmt":"2020-06-10T12:55:03","guid":{"rendered":"https:\/\/www.argonandco.com\/?page_id=5109"},"modified":"2024-12-16T10:59:20","modified_gmt":"2024-12-16T10:59:20","slug":"sustainability","status":"publish","type":"page","link":"https:\/\/www.argonandco.com\/fr\/expertises\/sustainability\/","title":{"rendered":"Sustainability"},"content":{"rendered":"<h3>Le management strat\u00e9gique du d\u00e9veloppement durable, une priorit\u00e9 pr\u00e9gnante<\/h3>\n<p>Exigence accrue des clients et des institutions financi\u00e8res, durcissement r\u00e9glementaire et plans de relance incorporant des facteurs environnementaux \u00e0 une \u00e9chelle in\u00e9dite, le d\u00e9veloppement durable est enfin arriv\u00e9 en haut de l\u2019agenda de nombreux dirigeants, certains secteurs o\u00f9 l\u2019image est une pr\u00e9occupation permanente, comme le luxe, en ayant fait leur priorit\u00e9 N\u00b01.<\/p>\n<p>Pour autant, les entreprises connaissent mal leur impact sur l\u2019environnement, \u00e0 la fois en profondeur, leur analyse s\u2019arr\u00eatant dans le meilleur des cas \u00e0 l\u2019impact direct sans prendre en compte la mati\u00e8re premi\u00e8re par exemple, et en largeur, les calculs ne concernant bien souvent que le bilan carbone. Dans ce contexte, le conseil en d\u00e9veloppement durable devient un alli\u00e9 indispensable.<\/p>\n<h3>Le management strat\u00e9gique du d\u00e9veloppement durable en deux \u00e9tapes\u00a0:<\/h3>\n<ul>\n<li>Premi\u00e8re \u00e9tape, acqu\u00e9rir une vision de bout-en-bout de l\u2019impact de l\u2019ensemble des op\u00e9rations, de l\u2019extraction des mati\u00e8res premi\u00e8res \u00e0 la vente du produit fini, et sur l\u2019ensemble des crit\u00e8res principaux (CO2, pollution, eau, \u2026) afin d\u2019identifier l\u00e0 o\u00f9 l\u2019effort doit porter. Notre cabinet de conseil en d\u00e9veloppement durable dispose d\u2019une capacit\u00e9 de mod\u00e9lisation et la ma\u00eetrise des donn\u00e9es sources qui permettent de mener cette Analyse du Cycle de Vie appliqu\u00e9e aux op\u00e9rations, indispensable pour identifier et prioriser les leviers : \u00e9coconception, choix des fournisseurs, r\u00e9duction des impacts des sites de production, optimisation des transports et reporting financier\u2026<\/li>\n<li>Deuxi\u00e8me \u00e9tape, transformer les op\u00e9rations pour r\u00e9duire votre impact environnemental, en mettant en \u0153uvre les leviers identifi\u00e9s en management strat\u00e9gique du d\u00e9veloppement durable tout en pr\u00e9servant au mieux les 3 autres indicateurs de performance\u00a0: les co\u00fbts, le stock et le service. Cette transformation va n\u00e9cessiter comme toute transformation ambitieuse et complexe de l\u2019expertise m\u00e9tier forte et toute l\u2019attention port\u00e9e \u00e0 la conduite du changement.<\/li>\n<\/ul>\n<h3>Comment relever les d\u00e9fis du d\u00e9veloppement durable\u00a0?<\/h3>\n<p>Notre \u00e9quipe de consultants en d\u00e9veloppement durable accompagne ses clients dans leurs transformations et leur fournit des r\u00e9sultats tangibles.<\/p>\n<p>Nous analysons en profondeur les probl\u00e8mes pour en identifier la cause en appliquant m\u00e9thode et discernement. Nous combinons exp\u00e9rience op\u00e9rationnelle et expertise technique et sectorielle pour aider nos clients \u00e0 r\u00e9soudre les probl\u00e8mes li\u00e9s au d\u00e9veloppement durable.<\/p>\n<p>Notre approche r\u00e9solument collaborative garantit l&rsquo;adh\u00e9sion \u00e0 tous les niveaux de l&rsquo;entreprise de nos clients pour un r\u00e9sultat p\u00e9renne. Pour en savoir plus sur nous, <a href=\"https:\/\/www.argonandco.com\/fr\/a-propos\/\">cliquez ici<\/a>.<\/p>\n<p>Consultez la barre de navigation en haut de page pour plus de d\u00e9tails sur une s\u00e9lection de d\u00e9fis li\u00e9s au d\u00e9veloppement durable sur lesquels notre cabinet de conseil travaille r\u00e9guli\u00e8rement.<\/p>\n","protected":false},"excerpt":{"rendered":"<p>Le management strat\u00e9gique du d\u00e9veloppement durable, une priorit\u00e9 pr\u00e9gnante Exigence accrue des clients et des institutions financi\u00e8res, durcissement r\u00e9glementaire et plans de relance incorporant des facteurs environnementaux \u00e0 une \u00e9chelle in\u00e9dite, le d\u00e9veloppement durable est enfin arriv\u00e9 en haut de l\u2019agenda de nombreux dirigeants, certains secteurs o\u00f9 l\u2019image est une pr\u00e9occupation permanente, comme le luxe, [&hellip;]<\/p>\n","protected":false},"author":1,"featured_media":5883,"parent":1372,"menu_order":0,"comment_status":"closed","ping_status":"closed","template":"","meta":{"_acf_changed":false,"footnotes":""},"class_list":["post-5109","page","type-page","status-publish","has-post-thumbnail","hentry"],"acf":[],"yoast_head":"<!-- This site is optimized with the Yoast SEO plugin v27.5 - https:\/\/yoast.com\/product\/yoast-seo-wordpress\/ -->\n<title>Conseil En D\u00e9veloppement Durable | Argon &amp; Co<\/title>\n<meta name=\"description\" content=\"Argon &amp; Co accompagne ses clients dans le management strat\u00e9gique du d\u00e9veloppement durable en conception, achats, industrie, logistique et finance \u00e9co-responsable.\" \/>\n<meta name=\"robots\" content=\"index, follow, max-snippet:-1, max-image-preview:large, max-video-preview:-1\" \/>\n<link rel=\"canonical\" href=\"https:\/\/www.argonandco.com\/fr\/expertises\/sustainability\/\" \/>\n<meta property=\"og:locale\" content=\"fr_FR\" \/>\n<meta property=\"og:type\" content=\"article\" \/>\n<meta property=\"og:title\" content=\"Conseil En D\u00e9veloppement Durable | Argon &amp; Co\" \/>\n<meta property=\"og:description\" content=\"Argon &amp; Co accompagne ses clients dans le management strat\u00e9gique du d\u00e9veloppement durable en conception, achats, industrie, logistique et finance \u00e9co-responsable.\" \/>\n<meta property=\"og:url\" content=\"https:\/\/www.argonandco.com\/fr\/expertises\/sustainability\/\" \/>\n<meta property=\"og:site_name\" content=\"Argon &amp; Co\" \/>\n<meta property=\"article:modified_time\" content=\"2024-12-16T10:59:20+00:00\" \/>\n<meta property=\"og:image\" content=\"https:\/\/www.argonandco.com\/wp-content\/uploads\/2020\/06\/man-planting-plant-169523-scaled-e1592389025453.jpg\" \/>\n\t<meta property=\"og:image:width\" content=\"2560\" \/>\n\t<meta property=\"og:image:height\" content=\"1184\" \/>\n\t<meta property=\"og:image:type\" content=\"image\/jpeg\" \/>\n<meta name=\"twitter:card\" content=\"summary_large_image\" \/>\n<meta name=\"twitter:label1\" content=\"Dur\u00e9e de lecture estim\u00e9e\" \/>\n\t<meta name=\"twitter:data1\" content=\"2 minutes\" \/>\n<script type=\"application\/ld+json\" class=\"yoast-schema-graph\">{\"@context\":\"https:\\\/\\\/schema.org\",\"@graph\":[{\"@type\":\"WebPage\",\"@id\":\"https:\\\/\\\/www.argonandco.com\\\/fr\\\/expertises\\\/sustainability\\\/\",\"url\":\"https:\\\/\\\/www.argonandco.com\\\/fr\\\/expertises\\\/sustainability\\\/\",\"name\":\"Conseil En D\u00e9veloppement Durable | Argon & Co\",\"isPartOf\":{\"@id\":\"https:\\\/\\\/www.argonandco.com\\\/fr\\\/#website\"},\"primaryImageOfPage\":{\"@id\":\"https:\\\/\\\/www.argonandco.com\\\/fr\\\/expertises\\\/sustainability\\\/#primaryimage\"},\"image\":{\"@id\":\"https:\\\/\\\/www.argonandco.com\\\/fr\\\/expertises\\\/sustainability\\\/#primaryimage\"},\"thumbnailUrl\":\"https:\\\/\\\/www.argonandco.com\\\/wp-content\\\/uploads\\\/2020\\\/06\\\/man-planting-plant-169523-scaled-e1592389025453.jpg\",\"datePublished\":\"2020-06-10T12:55:03+00:00\",\"dateModified\":\"2024-12-16T10:59:20+00:00\",\"description\":\"Argon & Co accompagne ses clients dans le management strat\u00e9gique du d\u00e9veloppement durable en conception, achats, industrie, logistique et finance \u00e9co-responsable.\",\"breadcrumb\":{\"@id\":\"https:\\\/\\\/www.argonandco.com\\\/fr\\\/expertises\\\/sustainability\\\/#breadcrumb\"},\"inLanguage\":\"fr-FR\",\"potentialAction\":[{\"@type\":\"ReadAction\",\"target\":[\"https:\\\/\\\/www.argonandco.com\\\/fr\\\/expertises\\\/sustainability\\\/\"]}]},{\"@type\":\"ImageObject\",\"inLanguage\":\"fr-FR\",\"@id\":\"https:\\\/\\\/www.argonandco.com\\\/fr\\\/expertises\\\/sustainability\\\/#primaryimage\",\"url\":\"https:\\\/\\\/www.argonandco.com\\\/wp-content\\\/uploads\\\/2020\\\/06\\\/man-planting-plant-169523-scaled-e1592389025453.jpg\",\"contentUrl\":\"https:\\\/\\\/www.argonandco.com\\\/wp-content\\\/uploads\\\/2020\\\/06\\\/man-planting-plant-169523-scaled-e1592389025453.jpg\",\"width\":2560,\"height\":1184},{\"@type\":\"BreadcrumbList\",\"@id\":\"https:\\\/\\\/www.argonandco.com\\\/fr\\\/expertises\\\/sustainability\\\/#breadcrumb\",\"itemListElement\":[{\"@type\":\"ListItem\",\"position\":1,\"name\":\"Home\",\"item\":\"https:\\\/\\\/www.argonandco.com\\\/fr\\\/\"},{\"@type\":\"ListItem\",\"position\":2,\"name\":\"Expertises\",\"item\":\"https:\\\/\\\/www.argonandco.com\\\/fr\\\/expertises\\\/\"},{\"@type\":\"ListItem\",\"position\":3,\"name\":\"Sustainability\"}]},{\"@type\":\"WebSite\",\"@id\":\"https:\\\/\\\/www.argonandco.com\\\/fr\\\/#website\",\"url\":\"https:\\\/\\\/www.argonandco.com\\\/fr\\\/\",\"name\":\"Argon &amp; Co\",\"description\":\"We help clients achieve their strategic and operational objectives, working together to transform their businesses and generate real change.\",\"potentialAction\":[{\"@type\":\"SearchAction\",\"target\":{\"@type\":\"EntryPoint\",\"urlTemplate\":\"https:\\\/\\\/www.argonandco.com\\\/fr\\\/?s={search_term_string}\"},\"query-input\":{\"@type\":\"PropertyValueSpecification\",\"valueRequired\":true,\"valueName\":\"search_term_string\"}}],\"inLanguage\":\"fr-FR\"}]}<\/script>\n<!-- \/ Yoast SEO plugin. -->","yoast_head_json":{"title":"Conseil En D\u00e9veloppement Durable | Argon & Co","description":"Argon & Co accompagne ses clients dans le management strat\u00e9gique du d\u00e9veloppement durable en conception, achats, industrie, logistique et finance \u00e9co-responsable.","robots":{"index":"index","follow":"follow","max-snippet":"max-snippet:-1","max-image-preview":"max-image-preview:large","max-video-preview":"max-video-preview:-1"},"canonical":"https:\/\/www.argonandco.com\/fr\/expertises\/sustainability\/","og_locale":"fr_FR","og_type":"article","og_title":"Conseil En D\u00e9veloppement Durable | Argon & Co","og_description":"Argon & Co accompagne ses clients dans le management strat\u00e9gique du d\u00e9veloppement durable en conception, achats, industrie, logistique et finance \u00e9co-responsable.","og_url":"https:\/\/www.argonandco.com\/fr\/expertises\/sustainability\/","og_site_name":"Argon &amp; Co","article_modified_time":"2024-12-16T10:59:20+00:00","og_image":[{"width":2560,"height":1184,"url":"https:\/\/www.argonandco.com\/wp-content\/uploads\/2020\/06\/man-planting-plant-169523-scaled-e1592389025453.jpg","type":"image\/jpeg"}],"twitter_card":"summary_large_image","twitter_misc":{"Dur\u00e9e de lecture estim\u00e9e":"2 minutes"},"schema":{"@context":"https:\/\/schema.org","@graph":[{"@type":"WebPage","@id":"https:\/\/www.argonandco.com\/fr\/expertises\/sustainability\/","url":"https:\/\/www.argonandco.com\/fr\/expertises\/sustainability\/","name":"Conseil En D\u00e9veloppement Durable | Argon & Co","isPartOf":{"@id":"https:\/\/www.argonandco.com\/fr\/#website"},"primaryImageOfPage":{"@id":"https:\/\/www.argonandco.com\/fr\/expertises\/sustainability\/#primaryimage"},"image":{"@id":"https:\/\/www.argonandco.com\/fr\/expertises\/sustainability\/#primaryimage"},"thumbnailUrl":"https:\/\/www.argonandco.com\/wp-content\/uploads\/2020\/06\/man-planting-plant-169523-scaled-e1592389025453.jpg","datePublished":"2020-06-10T12:55:03+00:00","dateModified":"2024-12-16T10:59:20+00:00","description":"Argon & Co accompagne ses clients dans le management strat\u00e9gique du d\u00e9veloppement durable en conception, achats, industrie, logistique et finance \u00e9co-responsable.","breadcrumb":{"@id":"https:\/\/www.argonandco.com\/fr\/expertises\/sustainability\/#breadcrumb"},"inLanguage":"fr-FR","potentialAction":[{"@type":"ReadAction","target":["https:\/\/www.argonandco.com\/fr\/expertises\/sustainability\/"]}]},{"@type":"ImageObject","inLanguage":"fr-FR","@id":"https:\/\/www.argonandco.com\/fr\/expertises\/sustainability\/#primaryimage","url":"https:\/\/www.argonandco.com\/wp-content\/uploads\/2020\/06\/man-planting-plant-169523-scaled-e1592389025453.jpg","contentUrl":"https:\/\/www.argonandco.com\/wp-content\/uploads\/2020\/06\/man-planting-plant-169523-scaled-e1592389025453.jpg","width":2560,"height":1184},{"@type":"BreadcrumbList","@id":"https:\/\/www.argonandco.com\/fr\/expertises\/sustainability\/#breadcrumb","itemListElement":[{"@type":"ListItem","position":1,"name":"Home","item":"https:\/\/www.argonandco.com\/fr\/"},{"@type":"ListItem","position":2,"name":"Expertises","item":"https:\/\/www.argonandco.com\/fr\/expertises\/"},{"@type":"ListItem","position":3,"name":"Sustainability"}]},{"@type":"WebSite","@id":"https:\/\/www.argonandco.com\/fr\/#website","url":"https:\/\/www.argonandco.com\/fr\/","name":"Argon &amp; Co","description":"We help clients achieve their strategic and operational objectives, working together to transform their businesses and generate real change.","potentialAction":[{"@type":"SearchAction","target":{"@type":"EntryPoint","urlTemplate":"https:\/\/www.argonandco.com\/fr\/?s={search_term_string}"},"query-input":{"@type":"PropertyValueSpecification","valueRequired":true,"valueName":"search_term_string"}}],"inLanguage":"fr-FR"}]}},"_links":{"self":[{"href":"https:\/\/www.argonandco.com\/fr\/wp-json\/wp\/v2\/pages\/5109","targetHints":{"allow":["GET"]}}],"collection":[{"href":"https:\/\/www.argonandco.com\/fr\/wp-json\/wp\/v2\/pages"}],"about":[{"href":"https:\/\/www.argonandco.com\/fr\/wp-json\/wp\/v2\/types\/page"}],"author":[{"embeddable":true,"href":"https:\/\/www.argonandco.com\/fr\/wp-json\/wp\/v2\/users\/1"}],"replies":[{"embeddable":true,"href":"https:\/\/www.argonandco.com\/fr\/wp-json\/wp\/v2\/comments?post=5109"}],"version-history":[{"count":0,"href":"https:\/\/www.argonandco.com\/fr\/wp-json\/wp\/v2\/pages\/5109\/revisions"}],"up":[{"embeddable":true,"href":"https:\/\/www.argonandco.com\/fr\/wp-json\/wp\/v2\/pages\/1372"}],"wp:featuredmedia":[{"embeddable":true,"href":"https:\/\/www.argonandco.com\/fr\/wp-json\/wp\/v2\/media\/5883"}],"wp:attachment":[{"href":"https:\/\/www.argonandco.com\/fr\/wp-json\/wp\/v2\/media?parent=5109"}],"curies":[{"name":"wp","href":"https:\/\/api.w.org\/{rel}","templated":true}]}}