{"id":38917,"date":"2026-04-07T17:45:03","date_gmt":"2026-04-07T16:45:03","guid":{"rendered":"https:\/\/www.argonandco.com\/?page_id=38917"},"modified":"2026-04-07T17:45:03","modified_gmt":"2026-04-07T16:45:03","slug":"choix-et-implementation-dun-bpo","status":"publish","type":"page","link":"https:\/\/www.argonandco.com\/fr\/expertises\/finance-et-sga\/choix-et-implementation-dun-bpo\/","title":{"rendered":"Choix et impl\u00e9mentation d&rsquo;un BPO"},"content":{"rendered":"<h2><b>Contexte et d\u00e9fis<\/b><\/h2>\n<p><span style=\"font-weight: 400;\">Apparu au d\u00e9but des ann\u00e9es 2000, le mouvement d\u2019externalisation de services appel\u00e9 BPO (Business Process Outsourcing) s\u2019est acc\u00e9l\u00e9r\u00e9. Aujourd\u2019hui, le march\u00e9 BPO est mondial, concurrentiel et mature avec des offres comp\u00e9titives.<\/span><\/p>\n<p><span style=\"font-weight: 400;\">Ce march\u00e9 BPO est compos\u00e9 de nombreux prestataires de rang 1 dont les solutions offrent une couverture fonctionnelle \u00e9tendue avec des services \u00e0 forte valeur ajout\u00e9e et une grande capacit\u00e9 de transformation. Certains disposent m\u00eame d\u2019un r\u00e9seau mondial de centres onshore, nearshore et offshore dont ils font b\u00e9n\u00e9ficier leurs clients. Un grand nombre de prestataires de rang 2 adressent de leur c\u00f4t\u00e9 des entreprises de plus petite taille dont les besoins, g\u00e9ographiques ou fonctionnels, sont plus sp\u00e9cifiques.<\/span><\/p>\n<p><span style=\"font-weight: 400;\">La question n\u2019est pas de choisir entre une organisation soutenue par un BPO ou le Shared Services (centres captifs). La meilleure d\u00e9marche, en r\u00e9alit\u00e9, consiste \u00e0 trouver la bonne solution Shared Services capable d\u2019actionner les leviers du BPO \u2013 on parle alors de \u00ab\u00a0mod\u00e8le hybride\u00a0\u00bb. D\u2019ailleurs, la plupart des entreprises qui ont mis en place le BPO l\u2019ont int\u00e9gr\u00e9 \u00e0 leur mod\u00e8le Shared Services.<\/span><\/p>\n<p><span style=\"font-weight: 400;\">Cependant, l\u2019externalisation ne doit pas \u00eatre consid\u00e9r\u00e9e comme un objectif mais comme un moyen. Il faut aussi garder \u00e0 l\u2019esprit qu\u2019en d\u00e9pit d\u2019un march\u00e9 BPO mature, tout projet d\u2019externalisation comporte des risques. En t\u00e9moignent quelques exemples malheureux comme, par exemple, un prestataire BPO qui a entra\u00een\u00e9 des pertes colossales sur un contrat, ou bien, quand un client regrette son choix et fait machine arri\u00e8re en r\u00e9internalisant ses services support.<\/span><\/p>\n<p><span style=\"font-weight: 400;\">L\u2019enjeu consiste donc \u00e0 pr\u00e9parer l\u2019entreprise \u00e0 actionner le levier BPO, \u00e0 bien en valider la pertinence en amont et surtout \u00e0 s\u2019assurer que l\u2019ensemble des conditions du succ\u00e8s sont r\u00e9unies.<\/span><\/p>\n<h2><b>Notre approche<\/b><\/h2>\n<p><span style=\"font-weight: 400;\">Les experts d\u2019Argon &amp; Co ont acquis une solide exp\u00e9rience du BPO, en interne comme en externe, ainsi que des Shared Services. Nous avons accompagn\u00e9 des entreprises d\u2019envergure internationale dans la d\u00e9finition et la mise en \u0153uvre de mod\u00e8les hybrides efficaces. En plus de notre m\u00e9thodologie, nous apportons aux dirigeants le recul n\u00e9cessaire pour effectuer les meilleurs choix structurants et nous les aidons dans le d\u00e9ploiement de toutes les \u00e9tapes du projet.\u00a0<\/span><\/p>\n<ul>\n<li style=\"font-weight: 400;\"><span style=\"font-weight: 400;\">\u00c9valuation du niveau de maturit\u00e9 de l\u2019entreprise pour envisager le BPO.<\/span><\/li>\n<li style=\"font-weight: 400;\"><span style=\"font-weight: 400;\">D\u00e9finition du p\u00e9rim\u00e8tre du BPO\u00a0(p\u00e9rim\u00e8tre fonctionnel, g\u00e9ographique, BU\u2026).<\/span><\/li>\n<li style=\"font-weight: 400;\"><span style=\"font-weight: 400;\">\u00c9tude du mod\u00e8le cible\u00a0BPO (nombre et localisation des centres BPO, gouvernance).<\/span><\/li>\n<li style=\"font-weight: 400;\"><span style=\"font-weight: 400;\">\u00c9valuation des impacts, notamment social, et <\/span><span style=\"font-weight: 400;\">modalit\u00e9s<\/span><span style=\"font-weight: 400;\"> de gestion de ces impacts.<\/span><\/li>\n<li style=\"font-weight: 400;\"><span style=\"font-weight: 400;\">Design de l\u2019organisation \u2018retained\u2019<\/span><span style=\"font-weight: 400;\"> (partie de la fonction non externalis\u00e9e).<\/span><\/li>\n<li style=\"font-weight: 400;\"><span style=\"font-weight: 400;\">Elaboration <\/span><span style=\"font-weight: 400;\">du business case et de la roadmap.<\/span><\/li>\n<li style=\"font-weight: 400;\"><span style=\"font-weight: 400;\">Gestion du processus d\u2019appel d\u2019offre BPO et choix du prestataire\u00a0ad\u00e9quat.<\/span><\/li>\n<li style=\"font-weight: 400;\"><span style=\"font-weight: 400;\">Structuration du contrat.<\/span><\/li>\n<\/ul>\n<p><span style=\"font-weight: 400;\">Pr\u00e9sents \u00e0 chaque \u00e9tape du projet, nous pouvons intervenir en amont pour la d\u00e9finition de la strat\u00e9gie BPO, durant le processus d\u2019appel d\u2019offres et en aval, en particulier dans la r\u00e9organisation de la partie de la fonction non externalis\u00e9e, \u00ab\u00a0retained\u00a0\u00bb.<\/span><\/p>\n","protected":false},"excerpt":{"rendered":"<p>Contexte et d\u00e9fis Apparu au d\u00e9but des ann\u00e9es 2000, le mouvement d\u2019externalisation de services appel\u00e9 BPO (Business Process Outsourcing) s\u2019est acc\u00e9l\u00e9r\u00e9. Aujourd\u2019hui, le march\u00e9 BPO est mondial, concurrentiel et mature avec des offres comp\u00e9titives. Ce march\u00e9 BPO est compos\u00e9 de nombreux prestataires de rang 1 dont les solutions offrent une couverture fonctionnelle \u00e9tendue avec des [&hellip;]<\/p>\n","protected":false},"author":1,"featured_media":0,"parent":37632,"menu_order":4,"comment_status":"closed","ping_status":"closed","template":"","meta":{"_acf_changed":false,"footnotes":""},"class_list":["post-38917","page","type-page","status-publish","hentry"],"acf":[],"yoast_head":"<!-- This site is optimized with the Yoast SEO plugin v27.5 - https:\/\/yoast.com\/product\/yoast-seo-wordpress\/ -->\n<title>Choix et impl\u00e9mentation d&#039;un BPO - Argon &amp; Co<\/title>\n<meta name=\"robots\" content=\"index, follow, max-snippet:-1, max-image-preview:large, max-video-preview:-1\" \/>\n<link rel=\"canonical\" href=\"https:\/\/www.argonandco.com\/fr\/expertises\/finance-et-sga\/choix-et-implementation-dun-bpo\/\" \/>\n<meta property=\"og:locale\" content=\"fr_FR\" \/>\n<meta property=\"og:type\" content=\"article\" \/>\n<meta property=\"og:title\" content=\"Choix et impl\u00e9mentation d&#039;un BPO - Argon &amp; Co\" \/>\n<meta property=\"og:description\" content=\"Contexte et d\u00e9fis Apparu au d\u00e9but des ann\u00e9es 2000, le mouvement d\u2019externalisation de services appel\u00e9 BPO (Business Process Outsourcing) s\u2019est acc\u00e9l\u00e9r\u00e9. Aujourd\u2019hui, le march\u00e9 BPO est mondial, concurrentiel et mature avec des offres comp\u00e9titives. Ce march\u00e9 BPO est compos\u00e9 de nombreux prestataires de rang 1 dont les solutions offrent une couverture fonctionnelle \u00e9tendue avec des [&hellip;]\" \/>\n<meta property=\"og:url\" content=\"https:\/\/www.argonandco.com\/fr\/expertises\/finance-et-sga\/choix-et-implementation-dun-bpo\/\" \/>\n<meta property=\"og:site_name\" content=\"Argon &amp; Co\" \/>\n<meta name=\"twitter:card\" content=\"summary_large_image\" \/>\n<meta name=\"twitter:label1\" content=\"Dur\u00e9e de lecture estim\u00e9e\" \/>\n\t<meta name=\"twitter:data1\" content=\"3 minutes\" \/>\n<script type=\"application\/ld+json\" class=\"yoast-schema-graph\">{\"@context\":\"https:\\\/\\\/schema.org\",\"@graph\":[{\"@type\":\"WebPage\",\"@id\":\"https:\\\/\\\/www.argonandco.com\\\/fr\\\/expertises\\\/finance-et-sga\\\/choix-et-implementation-dun-bpo\\\/\",\"url\":\"https:\\\/\\\/www.argonandco.com\\\/fr\\\/expertises\\\/finance-et-sga\\\/choix-et-implementation-dun-bpo\\\/\",\"name\":\"Choix et impl\u00e9mentation d'un BPO - Argon &amp; Co\",\"isPartOf\":{\"@id\":\"https:\\\/\\\/www.argonandco.com\\\/fr\\\/#website\"},\"datePublished\":\"2026-04-07T16:45:03+00:00\",\"breadcrumb\":{\"@id\":\"https:\\\/\\\/www.argonandco.com\\\/fr\\\/expertises\\\/finance-et-sga\\\/choix-et-implementation-dun-bpo\\\/#breadcrumb\"},\"inLanguage\":\"fr-FR\",\"potentialAction\":[{\"@type\":\"ReadAction\",\"target\":[\"https:\\\/\\\/www.argonandco.com\\\/fr\\\/expertises\\\/finance-et-sga\\\/choix-et-implementation-dun-bpo\\\/\"]}]},{\"@type\":\"BreadcrumbList\",\"@id\":\"https:\\\/\\\/www.argonandco.com\\\/fr\\\/expertises\\\/finance-et-sga\\\/choix-et-implementation-dun-bpo\\\/#breadcrumb\",\"itemListElement\":[{\"@type\":\"ListItem\",\"position\":1,\"name\":\"Home\",\"item\":\"https:\\\/\\\/www.argonandco.com\\\/fr\\\/\"},{\"@type\":\"ListItem\",\"position\":2,\"name\":\"Expertises\",\"item\":\"https:\\\/\\\/www.argonandco.com\\\/fr\\\/expertises\\\/\"},{\"@type\":\"ListItem\",\"position\":3,\"name\":\"Finance et SG&#038;A\",\"item\":\"https:\\\/\\\/www.argonandco.com\\\/fr\\\/expertises\\\/finance-et-sga\\\/\"},{\"@type\":\"ListItem\",\"position\":4,\"name\":\"Choix et impl\u00e9mentation d&#8217;un BPO\"}]},{\"@type\":\"WebSite\",\"@id\":\"https:\\\/\\\/www.argonandco.com\\\/fr\\\/#website\",\"url\":\"https:\\\/\\\/www.argonandco.com\\\/fr\\\/\",\"name\":\"Argon &amp; Co\",\"description\":\"We help clients achieve their strategic and operational objectives, working together to transform their businesses and generate real change.\",\"potentialAction\":[{\"@type\":\"SearchAction\",\"target\":{\"@type\":\"EntryPoint\",\"urlTemplate\":\"https:\\\/\\\/www.argonandco.com\\\/fr\\\/?s={search_term_string}\"},\"query-input\":{\"@type\":\"PropertyValueSpecification\",\"valueRequired\":true,\"valueName\":\"search_term_string\"}}],\"inLanguage\":\"fr-FR\"}]}<\/script>\n<!-- \/ Yoast SEO plugin. -->","yoast_head_json":{"title":"Choix et impl\u00e9mentation d'un BPO - Argon &amp; Co","robots":{"index":"index","follow":"follow","max-snippet":"max-snippet:-1","max-image-preview":"max-image-preview:large","max-video-preview":"max-video-preview:-1"},"canonical":"https:\/\/www.argonandco.com\/fr\/expertises\/finance-et-sga\/choix-et-implementation-dun-bpo\/","og_locale":"fr_FR","og_type":"article","og_title":"Choix et impl\u00e9mentation d'un BPO - Argon &amp; Co","og_description":"Contexte et d\u00e9fis Apparu au d\u00e9but des ann\u00e9es 2000, le mouvement d\u2019externalisation de services appel\u00e9 BPO (Business Process Outsourcing) s\u2019est acc\u00e9l\u00e9r\u00e9. Aujourd\u2019hui, le march\u00e9 BPO est mondial, concurrentiel et mature avec des offres comp\u00e9titives. Ce march\u00e9 BPO est compos\u00e9 de nombreux prestataires de rang 1 dont les solutions offrent une couverture fonctionnelle \u00e9tendue avec des [&hellip;]","og_url":"https:\/\/www.argonandco.com\/fr\/expertises\/finance-et-sga\/choix-et-implementation-dun-bpo\/","og_site_name":"Argon &amp; Co","twitter_card":"summary_large_image","twitter_misc":{"Dur\u00e9e de lecture estim\u00e9e":"3 minutes"},"schema":{"@context":"https:\/\/schema.org","@graph":[{"@type":"WebPage","@id":"https:\/\/www.argonandco.com\/fr\/expertises\/finance-et-sga\/choix-et-implementation-dun-bpo\/","url":"https:\/\/www.argonandco.com\/fr\/expertises\/finance-et-sga\/choix-et-implementation-dun-bpo\/","name":"Choix et impl\u00e9mentation d'un BPO - Argon &amp; Co","isPartOf":{"@id":"https:\/\/www.argonandco.com\/fr\/#website"},"datePublished":"2026-04-07T16:45:03+00:00","breadcrumb":{"@id":"https:\/\/www.argonandco.com\/fr\/expertises\/finance-et-sga\/choix-et-implementation-dun-bpo\/#breadcrumb"},"inLanguage":"fr-FR","potentialAction":[{"@type":"ReadAction","target":["https:\/\/www.argonandco.com\/fr\/expertises\/finance-et-sga\/choix-et-implementation-dun-bpo\/"]}]},{"@type":"BreadcrumbList","@id":"https:\/\/www.argonandco.com\/fr\/expertises\/finance-et-sga\/choix-et-implementation-dun-bpo\/#breadcrumb","itemListElement":[{"@type":"ListItem","position":1,"name":"Home","item":"https:\/\/www.argonandco.com\/fr\/"},{"@type":"ListItem","position":2,"name":"Expertises","item":"https:\/\/www.argonandco.com\/fr\/expertises\/"},{"@type":"ListItem","position":3,"name":"Finance et SG&#038;A","item":"https:\/\/www.argonandco.com\/fr\/expertises\/finance-et-sga\/"},{"@type":"ListItem","position":4,"name":"Choix et impl\u00e9mentation d&#8217;un BPO"}]},{"@type":"WebSite","@id":"https:\/\/www.argonandco.com\/fr\/#website","url":"https:\/\/www.argonandco.com\/fr\/","name":"Argon &amp; Co","description":"We help clients achieve their strategic and operational objectives, working together to transform their businesses and generate real change.","potentialAction":[{"@type":"SearchAction","target":{"@type":"EntryPoint","urlTemplate":"https:\/\/www.argonandco.com\/fr\/?s={search_term_string}"},"query-input":{"@type":"PropertyValueSpecification","valueRequired":true,"valueName":"search_term_string"}}],"inLanguage":"fr-FR"}]}},"_links":{"self":[{"href":"https:\/\/www.argonandco.com\/fr\/wp-json\/wp\/v2\/pages\/38917","targetHints":{"allow":["GET"]}}],"collection":[{"href":"https:\/\/www.argonandco.com\/fr\/wp-json\/wp\/v2\/pages"}],"about":[{"href":"https:\/\/www.argonandco.com\/fr\/wp-json\/wp\/v2\/types\/page"}],"author":[{"embeddable":true,"href":"https:\/\/www.argonandco.com\/fr\/wp-json\/wp\/v2\/users\/1"}],"replies":[{"embeddable":true,"href":"https:\/\/www.argonandco.com\/fr\/wp-json\/wp\/v2\/comments?post=38917"}],"version-history":[{"count":0,"href":"https:\/\/www.argonandco.com\/fr\/wp-json\/wp\/v2\/pages\/38917\/revisions"}],"up":[{"embeddable":true,"href":"https:\/\/www.argonandco.com\/fr\/wp-json\/wp\/v2\/pages\/37632"}],"wp:attachment":[{"href":"https:\/\/www.argonandco.com\/fr\/wp-json\/wp\/v2\/media?parent=38917"}],"curies":[{"name":"wp","href":"https:\/\/api.w.org\/{rel}","templated":true}]}}