{"id":38897,"date":"2026-04-07T17:45:48","date_gmt":"2026-04-07T16:45:48","guid":{"rendered":"https:\/\/www.argonandco.com\/?page_id=38897"},"modified":"2026-04-07T17:45:48","modified_gmt":"2026-04-07T16:45:48","slug":"order-to-cash","status":"publish","type":"page","link":"https:\/\/www.argonandco.com\/fr\/expertises\/finance-et-sga\/order-to-cash\/","title":{"rendered":"Order to cash"},"content":{"rendered":"<h2><b>Contexte et d\u00e9fis<\/b><\/h2>\n<p><span class=\"intro\" style=\"font-weight: 400;\">Le processus Order-to-Cash (O2C) r\u00e9git l\u2019ensemble des interactions entre l\u2019entreprise et ses clients depuis la prise de commande jusqu\u2019au paiement des produits et prestations. Il influe directement sur le volume d\u2019affaires, la tr\u00e9sorerie et la satisfaction client, qui sont autant d\u2019\u00e9l\u00e9ments vitaux pour l\u2019entreprise.\u00a0<\/span><\/p>\n<p><span style=\"font-weight: 400;\">Comme pour l\u2019ensemble des projets d\u2019optimisation des organisations et de leurs processus, la fluidit\u00e9 et l\u2019efficacit\u00e9 sont des objectifs-cl\u00e9s pour le cycle O2C. S\u2019il s\u2019agit bien s\u00fbr de rationaliser les co\u00fbts, le but principal reste l\u2019am\u00e9lioration de la relation avec les clients et la maximisation du chiffre d\u2019affaires et de la tr\u00e9sorerie.<\/span><\/p>\n<p><span style=\"font-weight: 400;\">Il est essentiel de tenir compte des march\u00e9s dans lesquels l\u2019entreprise op\u00e8re (et des pratiques de la concurrence) afin de d\u00e9finir les niveaux de service \u00e0 atteindre. \u00catre per\u00e7u comme \u00ab\u00a0<\/span><i><span style=\"font-weight: 400;\">hard to do business with<\/span><\/i><span style=\"font-weight: 400;\">\u00a0\u00bb est ainsi moins r\u00e9dhibitoire lorsque ses produits ou services ne sont pas per\u00e7us comme substituables ou que la concurrence se fait sur une autre dimension (avance technique, comp\u00e9titivit\u00e9 prix) ou encore quand le client n\u2019est pas le prescripteur (B2B2C).<\/span><\/p>\n<p><span style=\"font-weight: 400;\">Enfin, la prise en compte de la diversit\u00e9 des acteurs du processus O2C est primordiale pour r\u00e9ussir sa transformation. Les objectifs et les biais culturels sont en effet tr\u00e8s diff\u00e9rents selon qu\u2019il s\u2019agit des forces de vente, de la fonction administration des ventes (ADV), de la supply chain ou des \u00e9quipes comptables, pour ne citer qu\u2019elles.\u00a0<\/span><\/p>\n<h2><b>Notre approche<\/b><\/h2>\n<p><span style=\"font-weight: 400;\">Argon &amp; Co mobilise des experts des fonctions commerciales et ADV, de la supply chain aval et de la fonction finance pour accompagner ses clients dans la r\u00e9alisation de leurs projets d\u2019optimisation du cycle O2C.<\/span><\/p>\n<p><span style=\"font-weight: 400;\">Nous intervenons sur les sujets suivants.\u00a0<\/span><\/p>\n<p><b>Optimisation du processus Opportunity-to-Cash<\/b><\/p>\n<ul>\n<li style=\"font-weight: 400;\"><span style=\"font-weight: 400;\">Rationaliser et fluidifier le processus (Business Process Improvement).\u00a0<\/span><\/li>\n<li style=\"font-weight: 400;\"><span style=\"font-weight: 400;\">Digitaliser le processus O2C (multicanal, robotisation).\u00a0<\/span><\/li>\n<li style=\"font-weight: 400;\"><span style=\"font-weight: 400;\">AMOA \u00e0 valeur ajout\u00e9e dans le contexte d\u2019un d\u00e9ploiement d\u2019ERP ou de CRM.\u00a0<\/span><\/li>\n<li style=\"font-weight: 400;\"><span style=\"font-weight: 400;\">Revoir les r\u00f4les et responsabilit\u00e9s et la gouvernance (notamment dans des contextes de projets d\u2019optimisation du besoin en fond de roulement).\u00a0<\/span><\/li>\n<li style=\"font-weight: 400;\"><span style=\"font-weight: 400;\">Revoir le contr\u00f4le interne.\u00a0<\/span><\/li>\n<\/ul>\n<p><b>Refonte organisationnelle<\/b><\/p>\n<ul>\n<li style=\"font-weight: 400;\"><span style=\"font-weight: 400;\">Revoir le mod\u00e8le d\u2019organisation du processus O2C (localisation, profils, dimensionnement).\u00a0<\/span><\/li>\n<li style=\"font-weight: 400;\"><span style=\"font-weight: 400;\">Mettre en place ou optimiser des centres de services pour les processus commerciaux (t\u00e9l\u00e9ventes, support aux forces de vente, centres de services clients).\u00a0<\/span><\/li>\n<li style=\"font-weight: 400;\"><span style=\"font-weight: 400;\">Mettre en place ou optimiser des centres de services pour les processus financiers (facturation, comptabilit\u00e9 client, recouvrement).\u00a0<\/span><\/li>\n<li style=\"font-weight: 400;\"><span style=\"font-weight: 400;\">Accompagner les d\u00e9marches d\u2019externalisation.\u00a0<\/span><\/li>\n<\/ul>\n<p><b>\u00c9tudes ponctuelles<\/b><\/p>\n<ul>\n<li style=\"font-weight: 400;\"><span style=\"font-weight: 400;\">Analyser les contrats pour identifier les fuites de facturation (\u00ab\u00a0revenue leakage analysis\u00a0\u00bb).\u00a0<\/span><\/li>\n<li style=\"font-weight: 400;\"><span style=\"font-weight: 400;\">Analyser les co\u00fbts de revient dans une optique de r\u00e9\u00e9valuation tarifaire.\u00a0<\/span><\/li>\n<\/ul>\n","protected":false},"excerpt":{"rendered":"<p>Contexte et d\u00e9fis Le processus Order-to-Cash (O2C) r\u00e9git l\u2019ensemble des interactions entre l\u2019entreprise et ses clients depuis la prise de commande jusqu\u2019au paiement des produits et prestations. Il influe directement sur le volume d\u2019affaires, la tr\u00e9sorerie et la satisfaction client, qui sont autant d\u2019\u00e9l\u00e9ments vitaux pour l\u2019entreprise.\u00a0 Comme pour l\u2019ensemble des projets d\u2019optimisation des organisations [&hellip;]<\/p>\n","protected":false},"author":1,"featured_media":0,"parent":37632,"menu_order":15,"comment_status":"closed","ping_status":"closed","template":"","meta":{"_acf_changed":false,"footnotes":""},"class_list":["post-38897","page","type-page","status-publish","hentry"],"acf":[],"yoast_head":"<!-- This site is optimized with the Yoast SEO plugin v27.5 - https:\/\/yoast.com\/product\/yoast-seo-wordpress\/ -->\n<title>Order to Cash | Argon &amp; Co<\/title>\n<meta name=\"description\" content=\"Argon &amp; Co mobilise des experts issus des \u00e9quipes de Supply Chain aval et des fonctions financi\u00e8res pour l\u2019optimisation du processus Order-to-Cash (O2C).\" \/>\n<meta name=\"robots\" content=\"index, follow, max-snippet:-1, max-image-preview:large, max-video-preview:-1\" \/>\n<link rel=\"canonical\" href=\"https:\/\/www.argonandco.com\/fr\/expertises\/finance-et-sga\/order-to-cash\/\" \/>\n<meta property=\"og:locale\" content=\"fr_FR\" \/>\n<meta property=\"og:type\" content=\"article\" \/>\n<meta property=\"og:title\" content=\"Order to Cash | Argon &amp; Co\" \/>\n<meta property=\"og:description\" content=\"Argon &amp; Co mobilise des experts issus des \u00e9quipes de Supply Chain aval et des fonctions financi\u00e8res pour l\u2019optimisation du processus Order-to-Cash (O2C).\" \/>\n<meta property=\"og:url\" content=\"https:\/\/www.argonandco.com\/fr\/expertises\/finance-et-sga\/order-to-cash\/\" \/>\n<meta property=\"og:site_name\" content=\"Argon &amp; Co\" \/>\n<meta name=\"twitter:card\" content=\"summary_large_image\" \/>\n<meta name=\"twitter:label1\" content=\"Dur\u00e9e de lecture estim\u00e9e\" \/>\n\t<meta name=\"twitter:data1\" content=\"2 minutes\" \/>\n<script type=\"application\/ld+json\" class=\"yoast-schema-graph\">{\"@context\":\"https:\\\/\\\/schema.org\",\"@graph\":[{\"@type\":\"WebPage\",\"@id\":\"https:\\\/\\\/www.argonandco.com\\\/fr\\\/expertises\\\/finance-et-sga\\\/order-to-cash\\\/\",\"url\":\"https:\\\/\\\/www.argonandco.com\\\/fr\\\/expertises\\\/finance-et-sga\\\/order-to-cash\\\/\",\"name\":\"Order to Cash | Argon & Co\",\"isPartOf\":{\"@id\":\"https:\\\/\\\/www.argonandco.com\\\/fr\\\/#website\"},\"datePublished\":\"2026-04-07T16:45:48+00:00\",\"description\":\"Argon & Co mobilise des experts issus des \u00e9quipes de Supply Chain aval et des fonctions financi\u00e8res pour l\u2019optimisation du processus Order-to-Cash (O2C).\",\"breadcrumb\":{\"@id\":\"https:\\\/\\\/www.argonandco.com\\\/fr\\\/expertises\\\/finance-et-sga\\\/order-to-cash\\\/#breadcrumb\"},\"inLanguage\":\"fr-FR\",\"potentialAction\":[{\"@type\":\"ReadAction\",\"target\":[\"https:\\\/\\\/www.argonandco.com\\\/fr\\\/expertises\\\/finance-et-sga\\\/order-to-cash\\\/\"]}]},{\"@type\":\"BreadcrumbList\",\"@id\":\"https:\\\/\\\/www.argonandco.com\\\/fr\\\/expertises\\\/finance-et-sga\\\/order-to-cash\\\/#breadcrumb\",\"itemListElement\":[{\"@type\":\"ListItem\",\"position\":1,\"name\":\"Home\",\"item\":\"https:\\\/\\\/www.argonandco.com\\\/fr\\\/\"},{\"@type\":\"ListItem\",\"position\":2,\"name\":\"Expertises\",\"item\":\"https:\\\/\\\/www.argonandco.com\\\/fr\\\/expertises\\\/\"},{\"@type\":\"ListItem\",\"position\":3,\"name\":\"Finance et SG&#038;A\",\"item\":\"https:\\\/\\\/www.argonandco.com\\\/fr\\\/expertises\\\/finance-et-sga\\\/\"},{\"@type\":\"ListItem\",\"position\":4,\"name\":\"Order to cash\"}]},{\"@type\":\"WebSite\",\"@id\":\"https:\\\/\\\/www.argonandco.com\\\/fr\\\/#website\",\"url\":\"https:\\\/\\\/www.argonandco.com\\\/fr\\\/\",\"name\":\"Argon &amp; Co\",\"description\":\"We help clients achieve their strategic and operational objectives, working together to transform their businesses and generate real change.\",\"potentialAction\":[{\"@type\":\"SearchAction\",\"target\":{\"@type\":\"EntryPoint\",\"urlTemplate\":\"https:\\\/\\\/www.argonandco.com\\\/fr\\\/?s={search_term_string}\"},\"query-input\":{\"@type\":\"PropertyValueSpecification\",\"valueRequired\":true,\"valueName\":\"search_term_string\"}}],\"inLanguage\":\"fr-FR\"}]}<\/script>\n<!-- \/ Yoast SEO plugin. -->","yoast_head_json":{"title":"Order to Cash | Argon & Co","description":"Argon & Co mobilise des experts issus des \u00e9quipes de Supply Chain aval et des fonctions financi\u00e8res pour l\u2019optimisation du processus Order-to-Cash (O2C).","robots":{"index":"index","follow":"follow","max-snippet":"max-snippet:-1","max-image-preview":"max-image-preview:large","max-video-preview":"max-video-preview:-1"},"canonical":"https:\/\/www.argonandco.com\/fr\/expertises\/finance-et-sga\/order-to-cash\/","og_locale":"fr_FR","og_type":"article","og_title":"Order to Cash | Argon & Co","og_description":"Argon & Co mobilise des experts issus des \u00e9quipes de Supply Chain aval et des fonctions financi\u00e8res pour l\u2019optimisation du processus Order-to-Cash (O2C).","og_url":"https:\/\/www.argonandco.com\/fr\/expertises\/finance-et-sga\/order-to-cash\/","og_site_name":"Argon &amp; Co","twitter_card":"summary_large_image","twitter_misc":{"Dur\u00e9e de lecture estim\u00e9e":"2 minutes"},"schema":{"@context":"https:\/\/schema.org","@graph":[{"@type":"WebPage","@id":"https:\/\/www.argonandco.com\/fr\/expertises\/finance-et-sga\/order-to-cash\/","url":"https:\/\/www.argonandco.com\/fr\/expertises\/finance-et-sga\/order-to-cash\/","name":"Order to Cash | Argon & Co","isPartOf":{"@id":"https:\/\/www.argonandco.com\/fr\/#website"},"datePublished":"2026-04-07T16:45:48+00:00","description":"Argon & Co mobilise des experts issus des \u00e9quipes de Supply Chain aval et des fonctions financi\u00e8res pour l\u2019optimisation du processus Order-to-Cash (O2C).","breadcrumb":{"@id":"https:\/\/www.argonandco.com\/fr\/expertises\/finance-et-sga\/order-to-cash\/#breadcrumb"},"inLanguage":"fr-FR","potentialAction":[{"@type":"ReadAction","target":["https:\/\/www.argonandco.com\/fr\/expertises\/finance-et-sga\/order-to-cash\/"]}]},{"@type":"BreadcrumbList","@id":"https:\/\/www.argonandco.com\/fr\/expertises\/finance-et-sga\/order-to-cash\/#breadcrumb","itemListElement":[{"@type":"ListItem","position":1,"name":"Home","item":"https:\/\/www.argonandco.com\/fr\/"},{"@type":"ListItem","position":2,"name":"Expertises","item":"https:\/\/www.argonandco.com\/fr\/expertises\/"},{"@type":"ListItem","position":3,"name":"Finance et SG&#038;A","item":"https:\/\/www.argonandco.com\/fr\/expertises\/finance-et-sga\/"},{"@type":"ListItem","position":4,"name":"Order to cash"}]},{"@type":"WebSite","@id":"https:\/\/www.argonandco.com\/fr\/#website","url":"https:\/\/www.argonandco.com\/fr\/","name":"Argon &amp; Co","description":"We help clients achieve their strategic and operational objectives, working together to transform their businesses and generate real change.","potentialAction":[{"@type":"SearchAction","target":{"@type":"EntryPoint","urlTemplate":"https:\/\/www.argonandco.com\/fr\/?s={search_term_string}"},"query-input":{"@type":"PropertyValueSpecification","valueRequired":true,"valueName":"search_term_string"}}],"inLanguage":"fr-FR"}]}},"_links":{"self":[{"href":"https:\/\/www.argonandco.com\/fr\/wp-json\/wp\/v2\/pages\/38897","targetHints":{"allow":["GET"]}}],"collection":[{"href":"https:\/\/www.argonandco.com\/fr\/wp-json\/wp\/v2\/pages"}],"about":[{"href":"https:\/\/www.argonandco.com\/fr\/wp-json\/wp\/v2\/types\/page"}],"author":[{"embeddable":true,"href":"https:\/\/www.argonandco.com\/fr\/wp-json\/wp\/v2\/users\/1"}],"replies":[{"embeddable":true,"href":"https:\/\/www.argonandco.com\/fr\/wp-json\/wp\/v2\/comments?post=38897"}],"version-history":[{"count":0,"href":"https:\/\/www.argonandco.com\/fr\/wp-json\/wp\/v2\/pages\/38897\/revisions"}],"up":[{"embeddable":true,"href":"https:\/\/www.argonandco.com\/fr\/wp-json\/wp\/v2\/pages\/37632"}],"wp:attachment":[{"href":"https:\/\/www.argonandco.com\/fr\/wp-json\/wp\/v2\/media?parent=38897"}],"curies":[{"name":"wp","href":"https:\/\/api.w.org\/{rel}","templated":true}]}}