{"id":38889,"date":"2026-04-07T17:45:42","date_gmt":"2026-04-07T16:45:42","guid":{"rendered":"https:\/\/www.argonandco.com\/?page_id=38889"},"modified":"2026-04-07T17:45:42","modified_gmt":"2026-04-07T16:45:42","slug":"optimisation-du-cash","status":"publish","type":"page","link":"https:\/\/www.argonandco.com\/fr\/expertises\/finance-et-sga\/optimisation-du-cash\/","title":{"rendered":"Optimisation du cash"},"content":{"rendered":"<h2><b>Contexte et d\u00e9fis<\/b><\/h2>\n<p><span class=\"intro\"><span style=\"font-weight: 400;\">Les taux d\u2019int\u00e9r\u00eat historiquement bas peuvent donner l\u2019impression que l\u2019argent a un co\u00fbt tr\u00e8s faible. Dans le m\u00eame temps, les actionnaires exigent une rentabilit\u00e9 plus \u00e9lev\u00e9e, en regard des capitaux employ\u00e9s, autrement dit un meilleur co\u00fbt moyen pond\u00e9r\u00e9 du capital (WACC, <\/span><i><span style=\"font-weight: 400;\">Weighted Average Cost of Capital<\/span><\/i><span style=\"font-weight: 400;\">). Pour eux, il existe deux mani\u00e8res principales de cr\u00e9er de la valeur , soit en augmentant le r\u00e9sultat op\u00e9rationnel, soit en diminuant les capitaux employ\u00e9s.\u00a0<\/span><\/span><\/p>\n<p><span style=\"font-weight: 400;\">Qu\u2019il s\u2019agisse de retrouver des marges de man\u0153uvre ou de financer la croissance, l\u2019optimisation durable du BFR repose sur la combinaison d\u2019actions \u00ab coups de poing \u00bb \u2013 pour obtenir des gains rapides \u2013 et d\u2019actions de plus long terme. Des d\u00e9cisions pragmatiques permettent en effet de g\u00e9n\u00e9rer des gains d\u00e8s les premi\u00e8res semaines et d\u2019enclencher une dynamique vertueuse. Ainsi, la mise en place d\u2019une cellule de recouvrement peut r\u00e9duire les retards de paiement de 30 \u00e0 50 % en quelques semaines.<\/span><\/p>\n<p><span style=\"font-weight: 400;\">En revanche, l\u2019am\u00e9lioration de la gestion des stocks (avec, \u00e0 la cl\u00e9, des gains de l\u2019ordre de 10 \u00e0 30\u00a0%) ou l\u2019optimisation du cash (avec des gains de l\u2019ordre de 5 \u00e0 10\u00a0%) impliquent un changement en profondeur des processus et des comportements au sein de l\u2019entreprise. Cela implique un travail sur l\u2019ensemble des dimensions de la transformation (leadership, savoir-faire, adh\u00e9sion, culture).\u00a0<\/span><\/p>\n<p><span style=\"font-weight: 400;\">Pour p\u00e9renniser les r\u00e9sultats, il est par ailleurs n\u00e9cessaire de clarifier les responsabilit\u00e9s de chaque fonction et de d\u00e9ployer un dispositif de pilotage du BFR\u00a0: objectifs chiffr\u00e9s (collectifs et individuels), gouvernance et visibilit\u00e9 gr\u00e2ce \u00e0 des tableaux de bord.<\/span><\/p>\n<h2><b>Notre approche<\/b><\/h2>\n<p><span style=\"font-weight: 400;\">Argon &amp; Co se distingue des cabinets g\u00e9n\u00e9ralistes par sa capacit\u00e9 \u00e0 mobiliser des Associ\u00e9s et des Directeurs sp\u00e9cialis\u00e9s dans l\u2019optimisation de la <\/span><i><span style=\"font-weight: 400;\">supply chain<\/span><\/i><span style=\"font-weight: 400;\"> et de la finance afin de traiter l\u2019optimisation du BFR de mani\u00e8re int\u00e9gr\u00e9e.<\/span><\/p>\n<p><span style=\"font-weight: 400;\">Nous privil\u00e9gions une approche pragmatique, qui vise \u00e0 d\u00e9gager des gains rapides mais aussi \u00e0 ancrer les nouveaux comportements pour p\u00e9renniser les r\u00e9sultats.<\/span><\/p>\n<p><b>Identification du potentiel d\u2019optimisation et construction de la trajectoire\u00a0<\/b><\/p>\n<ul>\n<li style=\"font-weight: 400;\"><span style=\"font-weight: 400;\">Cartographier le BFR et mener un benchmarking<\/span><\/li>\n<li style=\"font-weight: 400;\"><span style=\"font-weight: 400;\">Utiliser le r\u00e9f\u00e9rentiel Argon &amp; Co pour identifier les leviers d\u2019optimisation du BFR<\/span><\/li>\n<li style=\"font-weight: 400;\"><span style=\"font-weight: 400;\">Prioriser les sujets de transformation<\/span><\/li>\n<li style=\"font-weight: 400;\"><span style=\"font-weight: 400;\">Identifier et phaser des pilotes<\/span><\/li>\n<\/ul>\n<p><b>Lancement de la transformation et d\u00e9blocage des premiers gains<\/b><\/p>\n<ul>\n<li style=\"font-weight: 400;\"><span style=\"font-weight: 400;\">Lancer des \u00ab\u00a0actions coups de poing\u00a0\u00bb (cellule de recouvrement, revue des stocks \u00e0 faible rotation, (re)mise en place du S&amp;OP)<\/span><\/li>\n<li style=\"font-weight: 400;\"><span style=\"font-weight: 400;\">Mobiliser les \u00e9quipes op\u00e9rationnelles pour d\u00e9finir avec elles des plans d\u2019action<\/span><\/li>\n<li style=\"font-weight: 400;\"><span style=\"font-weight: 400;\">Revoir les r\u00f4les et responsabilit\u00e9s autour de l\u2019optimisation du cash (en mode pilote)<\/span><\/li>\n<li style=\"font-weight: 400;\"><span style=\"font-weight: 400;\">Mettre en place des rituels op\u00e9rationnels pour cadencer la r\u00e9alisation des plans d\u2019action<\/span><\/li>\n<\/ul>\n<p><b>Industrialisation et p\u00e9rennisation des gains<\/b><\/p>\n<ul>\n<li style=\"font-weight: 400;\"><span style=\"font-weight: 400;\">Construire et maintenir un r\u00e9f\u00e9rentiel des bonnes pratiques du BFR<\/span><\/li>\n<li style=\"font-weight: 400;\"><span style=\"font-weight: 400;\">Revoir les processus op\u00e9rationnels et administratifs<\/span><\/li>\n<li style=\"font-weight: 400;\"><span style=\"font-weight: 400;\">Mettre en place la gouvernance de l\u2019optimisation du cash (objectifs, int\u00e9ressement \u00e0 la performance, instances de pilotage)<\/span><\/li>\n<li style=\"font-weight: 400;\"><span style=\"font-weight: 400;\">Concevoir et d\u00e9velopper le tableau de bord de l\u2019optimisation du cash<\/span><\/li>\n<li style=\"font-weight: 400;\"><span style=\"font-weight: 400;\">Analyser et accompagner le changement<\/span><\/li>\n<\/ul>\n","protected":false},"excerpt":{"rendered":"<p>Contexte et d\u00e9fis Les taux d\u2019int\u00e9r\u00eat historiquement bas peuvent donner l\u2019impression que l\u2019argent a un co\u00fbt tr\u00e8s faible. Dans le m\u00eame temps, les actionnaires exigent une rentabilit\u00e9 plus \u00e9lev\u00e9e, en regard des capitaux employ\u00e9s, autrement dit un meilleur co\u00fbt moyen pond\u00e9r\u00e9 du capital (WACC, Weighted Average Cost of Capital). Pour eux, il existe deux mani\u00e8res [&hellip;]<\/p>\n","protected":false},"author":1,"featured_media":0,"parent":37632,"menu_order":13,"comment_status":"closed","ping_status":"closed","template":"","meta":{"_acf_changed":false,"footnotes":""},"class_list":["post-38889","page","type-page","status-publish","hentry"],"acf":[],"yoast_head":"<!-- This site is optimized with the Yoast SEO plugin v27.5 - https:\/\/yoast.com\/product\/yoast-seo-wordpress\/ -->\n<title>Optimisation du cash | Argon &amp; Co<\/title>\n<meta name=\"description\" content=\"Argon &amp; Co s&#039;appuie sur son expertise m\u00e9tier en Supply Chain et Finance pour aborder l&#039;optimisation des flux de tr\u00e9sorerie de mani\u00e8re int\u00e9gr\u00e9e.\" \/>\n<meta name=\"robots\" content=\"index, follow, max-snippet:-1, max-image-preview:large, max-video-preview:-1\" \/>\n<link rel=\"canonical\" href=\"https:\/\/www.argonandco.com\/fr\/expertises\/finance-et-sga\/optimisation-du-cash\/\" \/>\n<meta property=\"og:locale\" content=\"fr_FR\" \/>\n<meta property=\"og:type\" content=\"article\" \/>\n<meta property=\"og:title\" content=\"Optimisation du cash | Argon &amp; Co\" \/>\n<meta property=\"og:description\" content=\"Argon &amp; Co s&#039;appuie sur son expertise m\u00e9tier en Supply Chain et Finance pour aborder l&#039;optimisation des flux de tr\u00e9sorerie de mani\u00e8re int\u00e9gr\u00e9e.\" \/>\n<meta property=\"og:url\" content=\"https:\/\/www.argonandco.com\/fr\/expertises\/finance-et-sga\/optimisation-du-cash\/\" \/>\n<meta property=\"og:site_name\" content=\"Argon &amp; Co\" \/>\n<meta name=\"twitter:card\" content=\"summary_large_image\" \/>\n<meta name=\"twitter:label1\" content=\"Dur\u00e9e de lecture estim\u00e9e\" \/>\n\t<meta name=\"twitter:data1\" content=\"3 minutes\" \/>\n<script type=\"application\/ld+json\" class=\"yoast-schema-graph\">{\"@context\":\"https:\\\/\\\/schema.org\",\"@graph\":[{\"@type\":\"WebPage\",\"@id\":\"https:\\\/\\\/www.argonandco.com\\\/fr\\\/expertises\\\/finance-et-sga\\\/optimisation-du-cash\\\/\",\"url\":\"https:\\\/\\\/www.argonandco.com\\\/fr\\\/expertises\\\/finance-et-sga\\\/optimisation-du-cash\\\/\",\"name\":\"Optimisation du cash | Argon & Co\",\"isPartOf\":{\"@id\":\"https:\\\/\\\/www.argonandco.com\\\/fr\\\/#website\"},\"datePublished\":\"2026-04-07T16:45:42+00:00\",\"description\":\"Argon & Co s'appuie sur son expertise m\u00e9tier en Supply Chain et Finance pour aborder l'optimisation des flux de tr\u00e9sorerie de mani\u00e8re int\u00e9gr\u00e9e.\",\"breadcrumb\":{\"@id\":\"https:\\\/\\\/www.argonandco.com\\\/fr\\\/expertises\\\/finance-et-sga\\\/optimisation-du-cash\\\/#breadcrumb\"},\"inLanguage\":\"fr-FR\",\"potentialAction\":[{\"@type\":\"ReadAction\",\"target\":[\"https:\\\/\\\/www.argonandco.com\\\/fr\\\/expertises\\\/finance-et-sga\\\/optimisation-du-cash\\\/\"]}]},{\"@type\":\"BreadcrumbList\",\"@id\":\"https:\\\/\\\/www.argonandco.com\\\/fr\\\/expertises\\\/finance-et-sga\\\/optimisation-du-cash\\\/#breadcrumb\",\"itemListElement\":[{\"@type\":\"ListItem\",\"position\":1,\"name\":\"Home\",\"item\":\"https:\\\/\\\/www.argonandco.com\\\/fr\\\/\"},{\"@type\":\"ListItem\",\"position\":2,\"name\":\"Expertises\",\"item\":\"https:\\\/\\\/www.argonandco.com\\\/fr\\\/expertises\\\/\"},{\"@type\":\"ListItem\",\"position\":3,\"name\":\"Finance et SG&#038;A\",\"item\":\"https:\\\/\\\/www.argonandco.com\\\/fr\\\/expertises\\\/finance-et-sga\\\/\"},{\"@type\":\"ListItem\",\"position\":4,\"name\":\"Optimisation du cash\"}]},{\"@type\":\"WebSite\",\"@id\":\"https:\\\/\\\/www.argonandco.com\\\/fr\\\/#website\",\"url\":\"https:\\\/\\\/www.argonandco.com\\\/fr\\\/\",\"name\":\"Argon &amp; Co\",\"description\":\"We help clients achieve their strategic and operational objectives, working together to transform their businesses and generate real change.\",\"potentialAction\":[{\"@type\":\"SearchAction\",\"target\":{\"@type\":\"EntryPoint\",\"urlTemplate\":\"https:\\\/\\\/www.argonandco.com\\\/fr\\\/?s={search_term_string}\"},\"query-input\":{\"@type\":\"PropertyValueSpecification\",\"valueRequired\":true,\"valueName\":\"search_term_string\"}}],\"inLanguage\":\"fr-FR\"}]}<\/script>\n<!-- \/ Yoast SEO plugin. -->","yoast_head_json":{"title":"Optimisation du cash | Argon & Co","description":"Argon & Co s'appuie sur son expertise m\u00e9tier en Supply Chain et Finance pour aborder l'optimisation des flux de tr\u00e9sorerie de mani\u00e8re int\u00e9gr\u00e9e.","robots":{"index":"index","follow":"follow","max-snippet":"max-snippet:-1","max-image-preview":"max-image-preview:large","max-video-preview":"max-video-preview:-1"},"canonical":"https:\/\/www.argonandco.com\/fr\/expertises\/finance-et-sga\/optimisation-du-cash\/","og_locale":"fr_FR","og_type":"article","og_title":"Optimisation du cash | Argon & Co","og_description":"Argon & Co s'appuie sur son expertise m\u00e9tier en Supply Chain et Finance pour aborder l'optimisation des flux de tr\u00e9sorerie de mani\u00e8re int\u00e9gr\u00e9e.","og_url":"https:\/\/www.argonandco.com\/fr\/expertises\/finance-et-sga\/optimisation-du-cash\/","og_site_name":"Argon &amp; Co","twitter_card":"summary_large_image","twitter_misc":{"Dur\u00e9e de lecture estim\u00e9e":"3 minutes"},"schema":{"@context":"https:\/\/schema.org","@graph":[{"@type":"WebPage","@id":"https:\/\/www.argonandco.com\/fr\/expertises\/finance-et-sga\/optimisation-du-cash\/","url":"https:\/\/www.argonandco.com\/fr\/expertises\/finance-et-sga\/optimisation-du-cash\/","name":"Optimisation du cash | Argon & Co","isPartOf":{"@id":"https:\/\/www.argonandco.com\/fr\/#website"},"datePublished":"2026-04-07T16:45:42+00:00","description":"Argon & Co s'appuie sur son expertise m\u00e9tier en Supply Chain et Finance pour aborder l'optimisation des flux de tr\u00e9sorerie de mani\u00e8re int\u00e9gr\u00e9e.","breadcrumb":{"@id":"https:\/\/www.argonandco.com\/fr\/expertises\/finance-et-sga\/optimisation-du-cash\/#breadcrumb"},"inLanguage":"fr-FR","potentialAction":[{"@type":"ReadAction","target":["https:\/\/www.argonandco.com\/fr\/expertises\/finance-et-sga\/optimisation-du-cash\/"]}]},{"@type":"BreadcrumbList","@id":"https:\/\/www.argonandco.com\/fr\/expertises\/finance-et-sga\/optimisation-du-cash\/#breadcrumb","itemListElement":[{"@type":"ListItem","position":1,"name":"Home","item":"https:\/\/www.argonandco.com\/fr\/"},{"@type":"ListItem","position":2,"name":"Expertises","item":"https:\/\/www.argonandco.com\/fr\/expertises\/"},{"@type":"ListItem","position":3,"name":"Finance et SG&#038;A","item":"https:\/\/www.argonandco.com\/fr\/expertises\/finance-et-sga\/"},{"@type":"ListItem","position":4,"name":"Optimisation du cash"}]},{"@type":"WebSite","@id":"https:\/\/www.argonandco.com\/fr\/#website","url":"https:\/\/www.argonandco.com\/fr\/","name":"Argon &amp; Co","description":"We help clients achieve their strategic and operational objectives, working together to transform their businesses and generate real change.","potentialAction":[{"@type":"SearchAction","target":{"@type":"EntryPoint","urlTemplate":"https:\/\/www.argonandco.com\/fr\/?s={search_term_string}"},"query-input":{"@type":"PropertyValueSpecification","valueRequired":true,"valueName":"search_term_string"}}],"inLanguage":"fr-FR"}]}},"_links":{"self":[{"href":"https:\/\/www.argonandco.com\/fr\/wp-json\/wp\/v2\/pages\/38889","targetHints":{"allow":["GET"]}}],"collection":[{"href":"https:\/\/www.argonandco.com\/fr\/wp-json\/wp\/v2\/pages"}],"about":[{"href":"https:\/\/www.argonandco.com\/fr\/wp-json\/wp\/v2\/types\/page"}],"author":[{"embeddable":true,"href":"https:\/\/www.argonandco.com\/fr\/wp-json\/wp\/v2\/users\/1"}],"replies":[{"embeddable":true,"href":"https:\/\/www.argonandco.com\/fr\/wp-json\/wp\/v2\/comments?post=38889"}],"version-history":[{"count":0,"href":"https:\/\/www.argonandco.com\/fr\/wp-json\/wp\/v2\/pages\/38889\/revisions"}],"up":[{"embeddable":true,"href":"https:\/\/www.argonandco.com\/fr\/wp-json\/wp\/v2\/pages\/37632"}],"wp:attachment":[{"href":"https:\/\/www.argonandco.com\/fr\/wp-json\/wp\/v2\/media?parent=38889"}],"curies":[{"name":"wp","href":"https:\/\/api.w.org\/{rel}","templated":true}]}}