{"id":38881,"date":"2026-04-07T17:45:29","date_gmt":"2026-04-07T16:45:29","guid":{"rendered":"https:\/\/www.argonandco.com\/?page_id=38881"},"modified":"2026-04-07T17:45:29","modified_gmt":"2026-04-07T16:45:29","slug":"transformation-du-controle-de-gestion","status":"publish","type":"page","link":"https:\/\/www.argonandco.com\/fr\/expertises\/finance-et-sga\/transformation-du-controle-de-gestion\/","title":{"rendered":"Transformation du Contr\u00f4le de gestion"},"content":{"rendered":"<h2><b>Contexte et d\u00e9fis<\/b><\/h2>\n<p><span class=\"intro\" style=\"font-weight: 400;\">Fonction cl\u00e9 de la direction financi\u00e8re, le contr\u00f4le de gestion am\u00e9liore la performance \u00e9conomique de l\u2019entreprise. Elle anime notamment tout le cycle de gestion du pr\u00e9visionnel (budget, forecast) et instruit les dossiers de d\u00e9cision strat\u00e9giques.<\/span><\/p>\n<p><span style=\"font-weight: 400;\">Le contr\u00f4le de gestion s\u2019impose comme une fonction dite \u00ab\u00a0<\/span><i><span style=\"font-weight: 400;\">business partner<\/span><\/i><span style=\"font-weight: 400;\">\u00a0\u00bb au sens o\u00f9 elle interagit en profondeur avec les directions m\u00e9tiers. Sa connaissance de leurs enjeux, comme des leviers de cr\u00e9ation de valeur qui sont les leurs, lui permet d\u2019alimenter le dialogue de gestion, afin d\u2019\u00e9tablir des plans d\u2019actions op\u00e9rationnels au service de la performance.<\/span><\/p>\n<p><span style=\"font-weight: 400;\">Un contr\u00f4le de gestion efficace intervient aussi bien dans la s\u00e9curisation et l\u2019am\u00e9lioration des marges que dans l\u2019acc\u00e9l\u00e9ration du cash-flow, l\u2019ex\u00e9cution du plan strat\u00e9gique et l\u2019identification de nouveaux leviers de cr\u00e9ation de valeur.<\/span><\/p>\n<p><span style=\"font-weight: 400;\">Dans de nombreuses entreprises, les missions quotidiennes des contr\u00f4leurs de gestion manquent cependant d\u2019ampleur au regard de ce qu\u2019elles devraient \u00eatre : trop de reporting et pas assez d\u2019analyse, une posture de soutien plut\u00f4t que d\u2019initiative, parfois trop comptable. Pour le CFO, l\u2019enjeu est donc de repositionner le r\u00f4le du contr\u00f4leur de gestion sur les missions \u00e0 forte valeur ajout\u00e9e, ce qui conduit, de facto, \u00e0 transformer cette fonction.<\/span><\/p>\n<h2><b>Notre approche<\/b><\/h2>\n<p><span style=\"font-weight: 400;\">Fort de son exp\u00e9rience m\u00e9tier du contr\u00f4le de gestion et de son expertise en mati\u00e8re de transformation de cette fonction, Argon &amp; Co accompagne le CFO dans les phases de diagnostic, de red\u00e9finition de la fonction, d\u2019identification des leviers d\u2019am\u00e9lioration et de mise en \u0153uvre.<\/span><\/p>\n<p><b>\u00c9laborer un diagnostic clair et factuel de la fonction contr\u00f4le de gestion<\/b><\/p>\n<ul>\n<li style=\"font-weight: 400;\"><span style=\"font-weight: 400;\">Qualifier la perception des directions m\u00e9tiers \u00e0 l\u2019\u00e9gard du contr\u00f4le de gestion.\u00a0<\/span><\/li>\n<li style=\"font-weight: 400;\"><span style=\"font-weight: 400;\">Cartographier les missions actuelles du contr\u00f4le de gestion par domaine d\u2019intervention et \u00e9valuer leur poids respectif en termes de charge de travail.\u00a0<\/span><\/li>\n<li style=\"font-weight: 400;\"><span style=\"font-weight: 400;\">Benchmarker la fonction et \u00e9valuer ses pratiques (organisation, processus, outils, etc.) par rapport \u00e0 un r\u00e9f\u00e9rentiel de bonnes pratiques.<\/span><\/li>\n<li style=\"font-weight: 400;\"><span style=\"font-weight: 400;\">P<\/span><span style=\"font-weight: 400;\">artager les constats et valider les enjeux de transformation de la fonction.<\/span><\/li>\n<\/ul>\n<p><b>D\u00e9finir la cible et les leviers \u00e0 mettre en \u0153uvre\u00a0<\/b><\/p>\n<ul>\n<li style=\"font-weight: 400;\"><span style=\"font-weight: 400;\">D\u00e9finir les missions cibles du contr\u00f4le de gestion et f\u00e9d\u00e9rer les parties prenantes autour de cette vision.\u00a0<\/span><\/li>\n<li style=\"font-weight: 400;\"><span style=\"font-weight: 400;\">Recentrer le contr\u00f4le de gestion sur ses nouvelles missions.<\/span><\/li>\n<li style=\"font-weight: 400;\"><span style=\"font-weight: 400;\">D\u00e9finir les comp\u00e9tences requises et mener une <\/span><i><span style=\"font-weight: 400;\">talent review<\/span><\/i><span style=\"font-weight: 400;\"> pour construire le plan de d\u00e9veloppement des comp\u00e9tences.\u00a0<\/span><\/li>\n<li style=\"font-weight: 400;\"><span style=\"font-weight: 400;\">Simplifier et standardiser le reporting et outiller les processus (solutions SaaS Cloud de mod\u00e9lisation, business intelligence, machine learning, intelligence artificielle, etc.)<\/span><\/li>\n<\/ul>\n","protected":false},"excerpt":{"rendered":"<p>Contexte et d\u00e9fis Fonction cl\u00e9 de la direction financi\u00e8re, le contr\u00f4le de gestion am\u00e9liore la performance \u00e9conomique de l\u2019entreprise. Elle anime notamment tout le cycle de gestion du pr\u00e9visionnel (budget, forecast) et instruit les dossiers de d\u00e9cision strat\u00e9giques. Le contr\u00f4le de gestion s\u2019impose comme une fonction dite \u00ab\u00a0business partner\u00a0\u00bb au sens o\u00f9 elle interagit en [&hellip;]<\/p>\n","protected":false},"author":1,"featured_media":0,"parent":37632,"menu_order":10,"comment_status":"closed","ping_status":"closed","template":"","meta":{"_acf_changed":false,"footnotes":""},"class_list":["post-38881","page","type-page","status-publish","hentry"],"acf":[],"yoast_head":"<!-- This site is optimized with the Yoast SEO plugin v27.5 - https:\/\/yoast.com\/product\/yoast-seo-wordpress\/ -->\n<title>Transformation du contr\u00f4le de gestion | Argon &amp; Co<\/title>\n<meta name=\"description\" content=\"Argon &amp; Co accompagne le CFO dans les phases de transformation du contr\u00f4le de gestion pour piloter la performance \u00e9conomique de l&#039;entreprise.\" \/>\n<meta name=\"robots\" content=\"index, follow, max-snippet:-1, max-image-preview:large, max-video-preview:-1\" \/>\n<link rel=\"canonical\" href=\"https:\/\/www.argonandco.com\/fr\/expertises\/finance-et-sga\/transformation-du-controle-de-gestion\/\" \/>\n<meta property=\"og:locale\" content=\"fr_FR\" \/>\n<meta property=\"og:type\" content=\"article\" \/>\n<meta property=\"og:title\" content=\"Transformation du contr\u00f4le de gestion | Argon &amp; Co\" \/>\n<meta property=\"og:description\" content=\"Argon &amp; Co accompagne le CFO dans les phases de transformation du contr\u00f4le de gestion pour piloter la performance \u00e9conomique de l&#039;entreprise.\" \/>\n<meta property=\"og:url\" content=\"https:\/\/www.argonandco.com\/fr\/expertises\/finance-et-sga\/transformation-du-controle-de-gestion\/\" \/>\n<meta property=\"og:site_name\" content=\"Argon &amp; Co\" \/>\n<meta name=\"twitter:card\" content=\"summary_large_image\" \/>\n<meta name=\"twitter:label1\" content=\"Dur\u00e9e de lecture estim\u00e9e\" \/>\n\t<meta name=\"twitter:data1\" content=\"2 minutes\" \/>\n<script type=\"application\/ld+json\" class=\"yoast-schema-graph\">{\"@context\":\"https:\\\/\\\/schema.org\",\"@graph\":[{\"@type\":\"WebPage\",\"@id\":\"https:\\\/\\\/www.argonandco.com\\\/fr\\\/expertises\\\/finance-et-sga\\\/transformation-du-controle-de-gestion\\\/\",\"url\":\"https:\\\/\\\/www.argonandco.com\\\/fr\\\/expertises\\\/finance-et-sga\\\/transformation-du-controle-de-gestion\\\/\",\"name\":\"Transformation du contr\u00f4le de gestion | Argon & Co\",\"isPartOf\":{\"@id\":\"https:\\\/\\\/www.argonandco.com\\\/fr\\\/#website\"},\"datePublished\":\"2026-04-07T16:45:29+00:00\",\"description\":\"Argon & Co accompagne le CFO dans les phases de transformation du contr\u00f4le de gestion pour piloter la performance \u00e9conomique de l'entreprise.\",\"breadcrumb\":{\"@id\":\"https:\\\/\\\/www.argonandco.com\\\/fr\\\/expertises\\\/finance-et-sga\\\/transformation-du-controle-de-gestion\\\/#breadcrumb\"},\"inLanguage\":\"fr-FR\",\"potentialAction\":[{\"@type\":\"ReadAction\",\"target\":[\"https:\\\/\\\/www.argonandco.com\\\/fr\\\/expertises\\\/finance-et-sga\\\/transformation-du-controle-de-gestion\\\/\"]}]},{\"@type\":\"BreadcrumbList\",\"@id\":\"https:\\\/\\\/www.argonandco.com\\\/fr\\\/expertises\\\/finance-et-sga\\\/transformation-du-controle-de-gestion\\\/#breadcrumb\",\"itemListElement\":[{\"@type\":\"ListItem\",\"position\":1,\"name\":\"Home\",\"item\":\"https:\\\/\\\/www.argonandco.com\\\/fr\\\/\"},{\"@type\":\"ListItem\",\"position\":2,\"name\":\"Expertises\",\"item\":\"https:\\\/\\\/www.argonandco.com\\\/fr\\\/expertises\\\/\"},{\"@type\":\"ListItem\",\"position\":3,\"name\":\"Finance et SG&#038;A\",\"item\":\"https:\\\/\\\/www.argonandco.com\\\/fr\\\/expertises\\\/finance-et-sga\\\/\"},{\"@type\":\"ListItem\",\"position\":4,\"name\":\"Transformation du Contr\u00f4le de gestion\"}]},{\"@type\":\"WebSite\",\"@id\":\"https:\\\/\\\/www.argonandco.com\\\/fr\\\/#website\",\"url\":\"https:\\\/\\\/www.argonandco.com\\\/fr\\\/\",\"name\":\"Argon &amp; Co\",\"description\":\"We help clients achieve their strategic and operational objectives, working together to transform their businesses and generate real change.\",\"potentialAction\":[{\"@type\":\"SearchAction\",\"target\":{\"@type\":\"EntryPoint\",\"urlTemplate\":\"https:\\\/\\\/www.argonandco.com\\\/fr\\\/?s={search_term_string}\"},\"query-input\":{\"@type\":\"PropertyValueSpecification\",\"valueRequired\":true,\"valueName\":\"search_term_string\"}}],\"inLanguage\":\"fr-FR\"}]}<\/script>\n<!-- \/ Yoast SEO plugin. -->","yoast_head_json":{"title":"Transformation du contr\u00f4le de gestion | Argon & Co","description":"Argon & Co accompagne le CFO dans les phases de transformation du contr\u00f4le de gestion pour piloter la performance \u00e9conomique de l'entreprise.","robots":{"index":"index","follow":"follow","max-snippet":"max-snippet:-1","max-image-preview":"max-image-preview:large","max-video-preview":"max-video-preview:-1"},"canonical":"https:\/\/www.argonandco.com\/fr\/expertises\/finance-et-sga\/transformation-du-controle-de-gestion\/","og_locale":"fr_FR","og_type":"article","og_title":"Transformation du contr\u00f4le de gestion | Argon & Co","og_description":"Argon & Co accompagne le CFO dans les phases de transformation du contr\u00f4le de gestion pour piloter la performance \u00e9conomique de l'entreprise.","og_url":"https:\/\/www.argonandco.com\/fr\/expertises\/finance-et-sga\/transformation-du-controle-de-gestion\/","og_site_name":"Argon &amp; Co","twitter_card":"summary_large_image","twitter_misc":{"Dur\u00e9e de lecture estim\u00e9e":"2 minutes"},"schema":{"@context":"https:\/\/schema.org","@graph":[{"@type":"WebPage","@id":"https:\/\/www.argonandco.com\/fr\/expertises\/finance-et-sga\/transformation-du-controle-de-gestion\/","url":"https:\/\/www.argonandco.com\/fr\/expertises\/finance-et-sga\/transformation-du-controle-de-gestion\/","name":"Transformation du contr\u00f4le de gestion | Argon & Co","isPartOf":{"@id":"https:\/\/www.argonandco.com\/fr\/#website"},"datePublished":"2026-04-07T16:45:29+00:00","description":"Argon & Co accompagne le CFO dans les phases de transformation du contr\u00f4le de gestion pour piloter la performance \u00e9conomique de l'entreprise.","breadcrumb":{"@id":"https:\/\/www.argonandco.com\/fr\/expertises\/finance-et-sga\/transformation-du-controle-de-gestion\/#breadcrumb"},"inLanguage":"fr-FR","potentialAction":[{"@type":"ReadAction","target":["https:\/\/www.argonandco.com\/fr\/expertises\/finance-et-sga\/transformation-du-controle-de-gestion\/"]}]},{"@type":"BreadcrumbList","@id":"https:\/\/www.argonandco.com\/fr\/expertises\/finance-et-sga\/transformation-du-controle-de-gestion\/#breadcrumb","itemListElement":[{"@type":"ListItem","position":1,"name":"Home","item":"https:\/\/www.argonandco.com\/fr\/"},{"@type":"ListItem","position":2,"name":"Expertises","item":"https:\/\/www.argonandco.com\/fr\/expertises\/"},{"@type":"ListItem","position":3,"name":"Finance et SG&#038;A","item":"https:\/\/www.argonandco.com\/fr\/expertises\/finance-et-sga\/"},{"@type":"ListItem","position":4,"name":"Transformation du Contr\u00f4le de gestion"}]},{"@type":"WebSite","@id":"https:\/\/www.argonandco.com\/fr\/#website","url":"https:\/\/www.argonandco.com\/fr\/","name":"Argon &amp; Co","description":"We help clients achieve their strategic and operational objectives, working together to transform their businesses and generate real change.","potentialAction":[{"@type":"SearchAction","target":{"@type":"EntryPoint","urlTemplate":"https:\/\/www.argonandco.com\/fr\/?s={search_term_string}"},"query-input":{"@type":"PropertyValueSpecification","valueRequired":true,"valueName":"search_term_string"}}],"inLanguage":"fr-FR"}]}},"_links":{"self":[{"href":"https:\/\/www.argonandco.com\/fr\/wp-json\/wp\/v2\/pages\/38881","targetHints":{"allow":["GET"]}}],"collection":[{"href":"https:\/\/www.argonandco.com\/fr\/wp-json\/wp\/v2\/pages"}],"about":[{"href":"https:\/\/www.argonandco.com\/fr\/wp-json\/wp\/v2\/types\/page"}],"author":[{"embeddable":true,"href":"https:\/\/www.argonandco.com\/fr\/wp-json\/wp\/v2\/users\/1"}],"replies":[{"embeddable":true,"href":"https:\/\/www.argonandco.com\/fr\/wp-json\/wp\/v2\/comments?post=38881"}],"version-history":[{"count":0,"href":"https:\/\/www.argonandco.com\/fr\/wp-json\/wp\/v2\/pages\/38881\/revisions"}],"up":[{"embeddable":true,"href":"https:\/\/www.argonandco.com\/fr\/wp-json\/wp\/v2\/pages\/37632"}],"wp:attachment":[{"href":"https:\/\/www.argonandco.com\/fr\/wp-json\/wp\/v2\/media?parent=38881"}],"curies":[{"name":"wp","href":"https:\/\/api.w.org\/{rel}","templated":true}]}}