{"id":38877,"date":"2026-04-07T17:45:26","date_gmt":"2026-04-07T16:45:26","guid":{"rendered":"https:\/\/www.argonandco.com\/?page_id=38877"},"modified":"2026-04-07T17:45:26","modified_gmt":"2026-04-07T16:45:26","slug":"digital-finance-it","status":"publish","type":"page","link":"https:\/\/www.argonandco.com\/fr\/expertises\/finance-et-sga\/digital-finance-it\/","title":{"rendered":"Digital Finance &#038; IT"},"content":{"rendered":"<h2><b>Contexte et d\u00e9fis<\/b><\/h2>\n<p><span class=\"intro\" style=\"font-weight: 400;\">Le syst\u00e8me d\u2019information (SI) Finance est une architecture applicative con\u00e7ue pour soutenir les processus financiers. Cette architecture est constitu\u00e9e de briques fonctionnelles transactionnelles (comme les flux clients et fournisseurs) et de briques d\u00e9cisionnelles (comme les reportings).\u00a0<\/span><\/p>\n<p><span style=\"font-weight: 400;\">Avec les nouvelles technologies, le p\u00e9rim\u00e8tre du SI Finance s\u2019est \u00e9largi. Il recouvre les nombreuses solutions \u00e9mergentes, majoritairement en mode SaaS Cloud, qui r\u00e9pondent \u00e0 des besoins fonctionnels sp\u00e9cifiques, ainsi que les solutions d\u2019intelligence artificielle et d\u2019automatisation des t\u00e2ches.<\/span><\/p>\n<p><span style=\"font-weight: 400;\">Pour les Chief Financial Officers (CFO), le choix d\u2019un SI ou de nouvelles solutions digitales s\u2019av\u00e8re complexe en raison des nombreuses solutions disponibles sur le march\u00e9. Un tel choix ne tol\u00e8re pas l\u2019improvisation. Il est indispensable de sp\u00e9cifier les besoins m\u00e9tier en amont, en tenant compte des caract\u00e9ristiques de l\u2019environnement technique et organisationnel de l\u2019entreprise.<\/span><\/p>\n<p><span style=\"font-weight: 400;\">Si le SI offre des opportunit\u00e9s d\u2019am\u00e9lioration de la performance pour les m\u00e9tiers, il peut aussi constituer un frein ou un risque s\u2019il est mal impl\u00e9ment\u00e9. Il est donc critique de piloter le choix et les projets SI par les enjeux m\u00e9tiers, tout en optimisant les co\u00fbts de possession des syst\u00e8mes d\u2019information.<\/span><\/p>\n<h2><b>Notre approche<\/b><\/h2>\n<p><span style=\"font-weight: 400;\">Nous accompagnons le CFO en amont, lors du choix de la solution IT et de l\u2019int\u00e9grateur, aussi bien qu\u2019en aval, dans les phases de design et de d\u00e9ploiement. Gr\u00e2ce \u00e0 nos expertises m\u00e9tiers et \u00e0 notre savoir-faire en mati\u00e8re de conduite du changement, nous garantissons les bons choix fonctionnels tout comme l\u2019appropriation des nouveaux outils et process par les futurs utilisateurs.\u00a0<\/span><\/p>\n<p><span style=\"font-weight: 400;\">Notre accompagnement repose sur trois \u00e9tapes-cl\u00e9s.\u00a0<\/span><\/p>\n<p><b>\u00c9tape 1\u00a0: caract\u00e9risation de l\u2019existant<\/b><\/p>\n<ul>\n<li style=\"font-weight: 400;\"><span style=\"font-weight: 400;\">D\u00e9finition du p\u00e9rim\u00e8tre fonctionnel.<\/span><\/li>\n<li style=\"font-weight: 400;\"><span style=\"font-weight: 400;\">Analyse du sch\u00e9ma directeur informatique de l\u2019entreprise, afin de d\u00e9finir ses impacts et interactions avec les autres syst\u00e8mes et r\u00e9f\u00e9rentiels.\u00a0<\/span><\/li>\n<li style=\"font-weight: 400;\"><span style=\"font-weight: 400;\">\u00c9valuation du degr\u00e9 d\u2019homog\u00e9n\u00e9it\u00e9 des r\u00e8gles de gestion, r\u00e9f\u00e9rentiels et processus-cl\u00e9s.\u00a0<\/span><\/li>\n<li style=\"font-weight: 400;\"><span style=\"font-weight: 400;\">Formalisation du mod\u00e8le op\u00e9rationnel de la fonction finance.\u00a0<\/span><\/li>\n<\/ul>\n<p><b>\u00c9tape 2\u00a0: d\u00e9finition de la cible fonctionnelle<\/b><\/p>\n<ul>\n<li style=\"font-weight: 400;\"><span style=\"font-weight: 400;\">D\u00e9finition des processus et r\u00e9f\u00e9rentiels cibles, n\u00e9cessaires \u00e0 l\u2019\u00e9laboration des sp\u00e9cifications g\u00e9n\u00e9rales de la solution.\u00a0<\/span><\/li>\n<li style=\"font-weight: 400;\"><span style=\"font-weight: 400;\">R\u00e9alisation d\u2019un benchmark entre les fournisseurs de solutions.\u00a0<\/span><\/li>\n<li style=\"font-weight: 400;\"><span style=\"font-weight: 400;\">\u00c9valuation du degr\u00e9 d\u2019int\u00e9gration fonctionnelle avec les syst\u00e8mes existants.\u00a0<\/span><\/li>\n<li style=\"font-weight: 400;\"><span style=\"font-weight: 400;\">\u00c9tude des offres existantes sur le march\u00e9.<\/span><\/li>\n<li style=\"font-weight: 400;\"><span style=\"font-weight: 400;\">\u00c9laboration du Business Case.\u00a0<\/span><\/li>\n<\/ul>\n<p><b>\u00c9tape 3\u00a0: validation technique dans le cadre de l\u2019appel d\u2019offres\u00a0<\/b><\/p>\n<ul>\n<li style=\"font-weight: 400;\"><span style=\"font-weight: 400;\">R\u00e9daction du cahier des charges.\u00a0<\/span><\/li>\n<li style=\"font-weight: 400;\"><span style=\"font-weight: 400;\">Construction du cas d\u2019usage qui permettra aux fournisseurs de solutions de r\u00e9aliser leur maquette.\u00a0<\/span><\/li>\n<li style=\"font-weight: 400;\"><span style=\"font-weight: 400;\">Analyse des offres et s\u00e9lection de la solution et de l\u2019int\u00e9grateur.\u00a0<\/span><\/li>\n<\/ul>\n","protected":false},"excerpt":{"rendered":"<p>Contexte et d\u00e9fis Le syst\u00e8me d\u2019information (SI) Finance est une architecture applicative con\u00e7ue pour soutenir les processus financiers. Cette architecture est constitu\u00e9e de briques fonctionnelles transactionnelles (comme les flux clients et fournisseurs) et de briques d\u00e9cisionnelles (comme les reportings).\u00a0 Avec les nouvelles technologies, le p\u00e9rim\u00e8tre du SI Finance s\u2019est \u00e9largi. Il recouvre les nombreuses solutions [&hellip;]<\/p>\n","protected":false},"author":1,"featured_media":0,"parent":37632,"menu_order":9,"comment_status":"closed","ping_status":"closed","template":"","meta":{"_acf_changed":false,"footnotes":""},"class_list":["post-38877","page","type-page","status-publish","hentry"],"acf":[],"yoast_head":"<!-- This site is optimized with the Yoast SEO plugin v27.5 - https:\/\/yoast.com\/product\/yoast-seo-wordpress\/ -->\n<title>Digital Finance &amp; IT | Argon &amp; Co<\/title>\n<meta name=\"description\" content=\"Argon &amp; Co accompagne le CFO en amont dans la d\u00e9finition et le design de son SI Finance (Choix de la solution IT et de son int\u00e9grateur, exploitation des solutions Cloud SaaS, IA et automatisation des processus) aussi bien qu\u2019en aval, dans les phases de design et de d\u00e9ploiement.\" \/>\n<meta name=\"robots\" content=\"index, follow, max-snippet:-1, max-image-preview:large, max-video-preview:-1\" \/>\n<link rel=\"canonical\" href=\"https:\/\/www.argonandco.com\/fr\/expertises\/finance-et-sga\/digital-finance-it\/\" \/>\n<meta property=\"og:locale\" content=\"fr_FR\" \/>\n<meta property=\"og:type\" content=\"article\" \/>\n<meta property=\"og:title\" content=\"Digital Finance &amp; IT | Argon &amp; Co\" \/>\n<meta property=\"og:description\" content=\"Argon &amp; Co accompagne le CFO en amont dans la d\u00e9finition et le design de son SI Finance (Choix de la solution IT et de son int\u00e9grateur, exploitation des solutions Cloud SaaS, IA et automatisation des processus) aussi bien qu\u2019en aval, dans les phases de design et de d\u00e9ploiement.\" \/>\n<meta property=\"og:url\" content=\"https:\/\/www.argonandco.com\/fr\/expertises\/finance-et-sga\/digital-finance-it\/\" \/>\n<meta property=\"og:site_name\" content=\"Argon &amp; Co\" \/>\n<meta name=\"twitter:card\" content=\"summary_large_image\" \/>\n<meta name=\"twitter:label1\" content=\"Dur\u00e9e de lecture estim\u00e9e\" \/>\n\t<meta name=\"twitter:data1\" content=\"2 minutes\" \/>\n<script type=\"application\/ld+json\" class=\"yoast-schema-graph\">{\"@context\":\"https:\\\/\\\/schema.org\",\"@graph\":[{\"@type\":\"WebPage\",\"@id\":\"https:\\\/\\\/www.argonandco.com\\\/fr\\\/expertises\\\/finance-et-sga\\\/digital-finance-it\\\/\",\"url\":\"https:\\\/\\\/www.argonandco.com\\\/fr\\\/expertises\\\/finance-et-sga\\\/digital-finance-it\\\/\",\"name\":\"Digital Finance & IT | Argon & Co\",\"isPartOf\":{\"@id\":\"https:\\\/\\\/www.argonandco.com\\\/fr\\\/#website\"},\"datePublished\":\"2026-04-07T16:45:26+00:00\",\"description\":\"Argon & Co accompagne le CFO en amont dans la d\u00e9finition et le design de son SI Finance (Choix de la solution IT et de son int\u00e9grateur, exploitation des solutions Cloud SaaS, IA et automatisation des processus) aussi bien qu\u2019en aval, dans les phases de design et de d\u00e9ploiement.\",\"breadcrumb\":{\"@id\":\"https:\\\/\\\/www.argonandco.com\\\/fr\\\/expertises\\\/finance-et-sga\\\/digital-finance-it\\\/#breadcrumb\"},\"inLanguage\":\"fr-FR\",\"potentialAction\":[{\"@type\":\"ReadAction\",\"target\":[\"https:\\\/\\\/www.argonandco.com\\\/fr\\\/expertises\\\/finance-et-sga\\\/digital-finance-it\\\/\"]}]},{\"@type\":\"BreadcrumbList\",\"@id\":\"https:\\\/\\\/www.argonandco.com\\\/fr\\\/expertises\\\/finance-et-sga\\\/digital-finance-it\\\/#breadcrumb\",\"itemListElement\":[{\"@type\":\"ListItem\",\"position\":1,\"name\":\"Home\",\"item\":\"https:\\\/\\\/www.argonandco.com\\\/fr\\\/\"},{\"@type\":\"ListItem\",\"position\":2,\"name\":\"Expertises\",\"item\":\"https:\\\/\\\/www.argonandco.com\\\/fr\\\/expertises\\\/\"},{\"@type\":\"ListItem\",\"position\":3,\"name\":\"Finance et SG&#038;A\",\"item\":\"https:\\\/\\\/www.argonandco.com\\\/fr\\\/expertises\\\/finance-et-sga\\\/\"},{\"@type\":\"ListItem\",\"position\":4,\"name\":\"Digital Finance &#038; IT\"}]},{\"@type\":\"WebSite\",\"@id\":\"https:\\\/\\\/www.argonandco.com\\\/fr\\\/#website\",\"url\":\"https:\\\/\\\/www.argonandco.com\\\/fr\\\/\",\"name\":\"Argon &amp; Co\",\"description\":\"We help clients achieve their strategic and operational objectives, working together to transform their businesses and generate real change.\",\"potentialAction\":[{\"@type\":\"SearchAction\",\"target\":{\"@type\":\"EntryPoint\",\"urlTemplate\":\"https:\\\/\\\/www.argonandco.com\\\/fr\\\/?s={search_term_string}\"},\"query-input\":{\"@type\":\"PropertyValueSpecification\",\"valueRequired\":true,\"valueName\":\"search_term_string\"}}],\"inLanguage\":\"fr-FR\"}]}<\/script>\n<!-- \/ Yoast SEO plugin. -->","yoast_head_json":{"title":"Digital Finance & IT | Argon & Co","description":"Argon & Co accompagne le CFO en amont dans la d\u00e9finition et le design de son SI Finance (Choix de la solution IT et de son int\u00e9grateur, exploitation des solutions Cloud SaaS, IA et automatisation des processus) aussi bien qu\u2019en aval, dans les phases de design et de d\u00e9ploiement.","robots":{"index":"index","follow":"follow","max-snippet":"max-snippet:-1","max-image-preview":"max-image-preview:large","max-video-preview":"max-video-preview:-1"},"canonical":"https:\/\/www.argonandco.com\/fr\/expertises\/finance-et-sga\/digital-finance-it\/","og_locale":"fr_FR","og_type":"article","og_title":"Digital Finance & IT | Argon & Co","og_description":"Argon & Co accompagne le CFO en amont dans la d\u00e9finition et le design de son SI Finance (Choix de la solution IT et de son int\u00e9grateur, exploitation des solutions Cloud SaaS, IA et automatisation des processus) aussi bien qu\u2019en aval, dans les phases de design et de d\u00e9ploiement.","og_url":"https:\/\/www.argonandco.com\/fr\/expertises\/finance-et-sga\/digital-finance-it\/","og_site_name":"Argon &amp; Co","twitter_card":"summary_large_image","twitter_misc":{"Dur\u00e9e de lecture estim\u00e9e":"2 minutes"},"schema":{"@context":"https:\/\/schema.org","@graph":[{"@type":"WebPage","@id":"https:\/\/www.argonandco.com\/fr\/expertises\/finance-et-sga\/digital-finance-it\/","url":"https:\/\/www.argonandco.com\/fr\/expertises\/finance-et-sga\/digital-finance-it\/","name":"Digital Finance & IT | Argon & Co","isPartOf":{"@id":"https:\/\/www.argonandco.com\/fr\/#website"},"datePublished":"2026-04-07T16:45:26+00:00","description":"Argon & Co accompagne le CFO en amont dans la d\u00e9finition et le design de son SI Finance (Choix de la solution IT et de son int\u00e9grateur, exploitation des solutions Cloud SaaS, IA et automatisation des processus) aussi bien qu\u2019en aval, dans les phases de design et de d\u00e9ploiement.","breadcrumb":{"@id":"https:\/\/www.argonandco.com\/fr\/expertises\/finance-et-sga\/digital-finance-it\/#breadcrumb"},"inLanguage":"fr-FR","potentialAction":[{"@type":"ReadAction","target":["https:\/\/www.argonandco.com\/fr\/expertises\/finance-et-sga\/digital-finance-it\/"]}]},{"@type":"BreadcrumbList","@id":"https:\/\/www.argonandco.com\/fr\/expertises\/finance-et-sga\/digital-finance-it\/#breadcrumb","itemListElement":[{"@type":"ListItem","position":1,"name":"Home","item":"https:\/\/www.argonandco.com\/fr\/"},{"@type":"ListItem","position":2,"name":"Expertises","item":"https:\/\/www.argonandco.com\/fr\/expertises\/"},{"@type":"ListItem","position":3,"name":"Finance et SG&#038;A","item":"https:\/\/www.argonandco.com\/fr\/expertises\/finance-et-sga\/"},{"@type":"ListItem","position":4,"name":"Digital Finance &#038; IT"}]},{"@type":"WebSite","@id":"https:\/\/www.argonandco.com\/fr\/#website","url":"https:\/\/www.argonandco.com\/fr\/","name":"Argon &amp; Co","description":"We help clients achieve their strategic and operational objectives, working together to transform their businesses and generate real change.","potentialAction":[{"@type":"SearchAction","target":{"@type":"EntryPoint","urlTemplate":"https:\/\/www.argonandco.com\/fr\/?s={search_term_string}"},"query-input":{"@type":"PropertyValueSpecification","valueRequired":true,"valueName":"search_term_string"}}],"inLanguage":"fr-FR"}]}},"_links":{"self":[{"href":"https:\/\/www.argonandco.com\/fr\/wp-json\/wp\/v2\/pages\/38877","targetHints":{"allow":["GET"]}}],"collection":[{"href":"https:\/\/www.argonandco.com\/fr\/wp-json\/wp\/v2\/pages"}],"about":[{"href":"https:\/\/www.argonandco.com\/fr\/wp-json\/wp\/v2\/types\/page"}],"author":[{"embeddable":true,"href":"https:\/\/www.argonandco.com\/fr\/wp-json\/wp\/v2\/users\/1"}],"replies":[{"embeddable":true,"href":"https:\/\/www.argonandco.com\/fr\/wp-json\/wp\/v2\/comments?post=38877"}],"version-history":[{"count":0,"href":"https:\/\/www.argonandco.com\/fr\/wp-json\/wp\/v2\/pages\/38877\/revisions"}],"up":[{"embeddable":true,"href":"https:\/\/www.argonandco.com\/fr\/wp-json\/wp\/v2\/pages\/37632"}],"wp:attachment":[{"href":"https:\/\/www.argonandco.com\/fr\/wp-json\/wp\/v2\/media?parent=38877"}],"curies":[{"name":"wp","href":"https:\/\/api.w.org\/{rel}","templated":true}]}}