{"id":38780,"date":"2026-04-07T17:26:24","date_gmt":"2026-04-07T16:26:24","guid":{"rendered":"https:\/\/www.argonandco.com\/?page_id=38780"},"modified":"2026-04-07T17:26:24","modified_gmt":"2026-04-07T16:26:24","slug":"si-logistique","status":"publish","type":"page","link":"https:\/\/www.argonandco.com\/fr\/expertises\/logistique\/si-logistique\/","title":{"rendered":"SI logistique"},"content":{"rendered":"<h2><b>Contexte et d\u00e9fis<\/b><\/h2>\n<p><span class=\"intro\" style=\"font-weight: 400;\">Le pilotage des flux logistiques \u2013 entrep\u00f4t et transport \u2013 doit s\u2019appuyer sur un syst\u00e8me d\u2019information (SI) robuste et \u00e9volutif capable de s\u2019adapter efficacement aux processus op\u00e9rationnels et d\u2019apporter une aide \u00e0 la d\u00e9cision.<\/span><\/p>\n<p><span style=\"font-weight: 400;\">Or, industriels, logisticiens et distributeurs font face \u00e0 des d\u00e9fis m\u00e9tiers de plus en plus nombreux. Leur syst\u00e8me d\u2019information doit ainsi r\u00e9pondre \u00e0 des imp\u00e9ratifs d\u2019optimisation, d\u2019accessibilit\u00e9 et de transparence, de r\u00e9activit\u00e9, de tra\u00e7abilit\u00e9, de respect des normes r\u00e9glementaires et enfin de disponibilit\u00e9, dans un contexte de plus en plus complexe et exigeant.<\/span><\/p>\n<p><span style=\"font-weight: 400;\">Par ailleurs, leur architecture SI est souvent compos\u00e9e de plusieurs outils d\u2019ex\u00e9cution sp\u00e9cialis\u00e9s dans leurs domaines (WMS, WCS, TMS, OMS, tour de contr\u00f4le, modules d\u2019optimisation\u2026) connect\u00e9s entre eux et avec un ou plusieurs syst\u00e8mes ma\u00eetres, voire avec des syst\u00e8mes externes. Un niveau de complexit\u00e9 suppl\u00e9mentaire vient s\u2019ajouter avec le besoin d\u2019int\u00e9gration (interfa\u00e7age) et la disponibilit\u00e9 d\u2019informations en temps r\u00e9el.<\/span><\/p>\n<p><span style=\"font-weight: 400;\">Dans ce contexte, il est indispensable que l\u2019entreprise \u00e9tablisse une v\u00e9ritable strat\u00e9gie logistique SI et qu\u2019elle prenne conscience des forces et faiblesses de ses outils afin de les faire \u00e9voluer pour contribuer \u00e0 faire de la logistique un avantage concurrentiel.<\/span><\/p>\n<p>&nbsp;<\/p>\n<h2><b>Notre approche<\/b><\/h2>\n<p><span style=\"font-weight: 400;\">Argon &amp; Co accompagne les entreprises de la conception \u00e0 la mise en \u0153uvre\u00a0de leur strat\u00e9gie SI logistique.<\/span><\/p>\n<ul>\n<li style=\"font-weight: 400;\"><b>D\u00e9finition de la strat\u00e9gie SI logistique :<\/b><span style=\"font-weight: 400;\"> cartographie des outils existants, identification des forces et faiblesses fonctionnelles, techniques et li\u00e9es \u00e0 la gouvernance des SI (r\u00e8gles d\u2019urbanisme, arbitrage entre d\u00e9veloppements internes ou outil externe\u2026).<\/span><\/li>\n<li style=\"font-weight: 400;\"><b>Diagnostic des outils de planification et d\u2019ex\u00e9cution\u00a0: <\/b><span style=\"font-weight: 400;\">couverture fonctionnelle, niveau de maturit\u00e9 des utilisateurs, remont\u00e9e des attentes, benchmark des outils du march\u00e9.<\/span><\/li>\n<li style=\"font-weight: 400;\"><b>Accompagnement au choix de solution\u00a0:<\/b><span style=\"font-weight: 400;\"> d\u00e9finition des processus cibles et des besoins SI associ\u00e9s, formalisation du cahier des charges, identification des impacts sur l\u2019architecture SI globale, conduite de la consultation, comparaison des offres, n\u00e9gociation et recommandation.<\/span><\/li>\n<li style=\"font-weight: 400;\"><b>Accompagnement de phases de POC (proof of concept) et\/ou d\u2019exp\u00e9rimentation\u00a0:<\/b><span style=\"font-weight: 400;\"> interface avec les fournisseurs de syst\u00e8me et les \u00e9quipes SI internes, formalisation des sc\u00e9narios \u00e0 r\u00e9aliser, identification des conditions et modalit\u00e9s de r\u00e9alisation (embarquement op\u00e9rationnels, impacts sur l\u2019activit\u00e9 en conditions r\u00e9elles\u2026), suivi et analyse des r\u00e9sultats, recommandation.<\/span><\/li>\n<li style=\"font-weight: 400;\"><b>Accompagnement \u00e0 la mise en place d\u2019une solution\u00a0:<\/b><span style=\"font-weight: 400;\"> \u00e9laboration du planning de d\u00e9ploiement, identification d\u2019une strat\u00e9gie de d\u00e9marrage, contribution aux ateliers de sp\u00e9cifications d\u00e9taill\u00e9es et \u00e0 leur validation, r\u00e9daction des sp\u00e9cifications, identification des besoins de formation, formalisation des conditions de d\u00e9marrage, assistance post-d\u00e9marrage.<\/span><\/li>\n<\/ul>\n","protected":false},"excerpt":{"rendered":"<p>Contexte et d\u00e9fis Le pilotage des flux logistiques \u2013 entrep\u00f4t et transport \u2013 doit s\u2019appuyer sur un syst\u00e8me d\u2019information (SI) robuste et \u00e9volutif capable de s\u2019adapter efficacement aux processus op\u00e9rationnels et d\u2019apporter une aide \u00e0 la d\u00e9cision. Or, industriels, logisticiens et distributeurs font face \u00e0 des d\u00e9fis m\u00e9tiers de plus en plus nombreux. Leur syst\u00e8me [&hellip;]<\/p>\n","protected":false},"author":1,"featured_media":0,"parent":37629,"menu_order":13,"comment_status":"closed","ping_status":"closed","template":"","meta":{"_acf_changed":false,"footnotes":""},"class_list":["post-38780","page","type-page","status-publish","hentry"],"acf":[],"yoast_head":"<!-- This site is optimized with the Yoast SEO plugin v27.5 - https:\/\/yoast.com\/product\/yoast-seo-wordpress\/ -->\n<title>Syst\u00e8me d&#039;Information Logistique | Argon &amp; Co<\/title>\n<meta name=\"description\" content=\"Argon &amp; Co accompagne ses clients dans la d\u00e9finition de leur strat\u00e9gie logistique, en r\u00e9alisant un diagnostic des outils de planification\/ex\u00e9cution et en soutenant la mise en \u0153uvre des solutions IT.\" \/>\n<meta name=\"robots\" content=\"index, follow, max-snippet:-1, max-image-preview:large, max-video-preview:-1\" \/>\n<link rel=\"canonical\" href=\"https:\/\/www.argonandco.com\/fr\/expertises\/logistique\/si-logistique\/\" \/>\n<meta property=\"og:locale\" content=\"fr_FR\" \/>\n<meta property=\"og:type\" content=\"article\" \/>\n<meta property=\"og:title\" content=\"Syst\u00e8me d&#039;Information Logistique | Argon &amp; Co\" \/>\n<meta property=\"og:description\" content=\"Argon &amp; Co accompagne ses clients dans la d\u00e9finition de leur strat\u00e9gie logistique, en r\u00e9alisant un diagnostic des outils de planification\/ex\u00e9cution et en soutenant la mise en \u0153uvre des solutions IT.\" \/>\n<meta property=\"og:url\" content=\"https:\/\/www.argonandco.com\/fr\/expertises\/logistique\/si-logistique\/\" \/>\n<meta property=\"og:site_name\" content=\"Argon &amp; Co\" \/>\n<meta name=\"twitter:card\" content=\"summary_large_image\" \/>\n<meta name=\"twitter:label1\" content=\"Dur\u00e9e de lecture estim\u00e9e\" \/>\n\t<meta name=\"twitter:data1\" content=\"2 minutes\" \/>\n<script type=\"application\/ld+json\" class=\"yoast-schema-graph\">{\"@context\":\"https:\\\/\\\/schema.org\",\"@graph\":[{\"@type\":\"WebPage\",\"@id\":\"https:\\\/\\\/www.argonandco.com\\\/fr\\\/expertises\\\/logistique\\\/si-logistique\\\/\",\"url\":\"https:\\\/\\\/www.argonandco.com\\\/fr\\\/expertises\\\/logistique\\\/si-logistique\\\/\",\"name\":\"Syst\u00e8me d'Information Logistique | Argon & Co\",\"isPartOf\":{\"@id\":\"https:\\\/\\\/www.argonandco.com\\\/fr\\\/#website\"},\"datePublished\":\"2026-04-07T16:26:24+00:00\",\"description\":\"Argon & Co accompagne ses clients dans la d\u00e9finition de leur strat\u00e9gie logistique, en r\u00e9alisant un diagnostic des outils de planification\\\/ex\u00e9cution et en soutenant la mise en \u0153uvre des solutions IT.\",\"breadcrumb\":{\"@id\":\"https:\\\/\\\/www.argonandco.com\\\/fr\\\/expertises\\\/logistique\\\/si-logistique\\\/#breadcrumb\"},\"inLanguage\":\"fr-FR\",\"potentialAction\":[{\"@type\":\"ReadAction\",\"target\":[\"https:\\\/\\\/www.argonandco.com\\\/fr\\\/expertises\\\/logistique\\\/si-logistique\\\/\"]}]},{\"@type\":\"BreadcrumbList\",\"@id\":\"https:\\\/\\\/www.argonandco.com\\\/fr\\\/expertises\\\/logistique\\\/si-logistique\\\/#breadcrumb\",\"itemListElement\":[{\"@type\":\"ListItem\",\"position\":1,\"name\":\"Home\",\"item\":\"https:\\\/\\\/www.argonandco.com\\\/fr\\\/\"},{\"@type\":\"ListItem\",\"position\":2,\"name\":\"Expertises\",\"item\":\"https:\\\/\\\/www.argonandco.com\\\/fr\\\/expertises\\\/\"},{\"@type\":\"ListItem\",\"position\":3,\"name\":\"Logistique\",\"item\":\"https:\\\/\\\/www.argonandco.com\\\/fr\\\/expertises\\\/logistique\\\/\"},{\"@type\":\"ListItem\",\"position\":4,\"name\":\"SI logistique\"}]},{\"@type\":\"WebSite\",\"@id\":\"https:\\\/\\\/www.argonandco.com\\\/fr\\\/#website\",\"url\":\"https:\\\/\\\/www.argonandco.com\\\/fr\\\/\",\"name\":\"Argon &amp; Co\",\"description\":\"We help clients achieve their strategic and operational objectives, working together to transform their businesses and generate real change.\",\"potentialAction\":[{\"@type\":\"SearchAction\",\"target\":{\"@type\":\"EntryPoint\",\"urlTemplate\":\"https:\\\/\\\/www.argonandco.com\\\/fr\\\/?s={search_term_string}\"},\"query-input\":{\"@type\":\"PropertyValueSpecification\",\"valueRequired\":true,\"valueName\":\"search_term_string\"}}],\"inLanguage\":\"fr-FR\"}]}<\/script>\n<!-- \/ Yoast SEO plugin. -->","yoast_head_json":{"title":"Syst\u00e8me d'Information Logistique | Argon & Co","description":"Argon & Co accompagne ses clients dans la d\u00e9finition de leur strat\u00e9gie logistique, en r\u00e9alisant un diagnostic des outils de planification\/ex\u00e9cution et en soutenant la mise en \u0153uvre des solutions IT.","robots":{"index":"index","follow":"follow","max-snippet":"max-snippet:-1","max-image-preview":"max-image-preview:large","max-video-preview":"max-video-preview:-1"},"canonical":"https:\/\/www.argonandco.com\/fr\/expertises\/logistique\/si-logistique\/","og_locale":"fr_FR","og_type":"article","og_title":"Syst\u00e8me d'Information Logistique | Argon & Co","og_description":"Argon & Co accompagne ses clients dans la d\u00e9finition de leur strat\u00e9gie logistique, en r\u00e9alisant un diagnostic des outils de planification\/ex\u00e9cution et en soutenant la mise en \u0153uvre des solutions IT.","og_url":"https:\/\/www.argonandco.com\/fr\/expertises\/logistique\/si-logistique\/","og_site_name":"Argon &amp; Co","twitter_card":"summary_large_image","twitter_misc":{"Dur\u00e9e de lecture estim\u00e9e":"2 minutes"},"schema":{"@context":"https:\/\/schema.org","@graph":[{"@type":"WebPage","@id":"https:\/\/www.argonandco.com\/fr\/expertises\/logistique\/si-logistique\/","url":"https:\/\/www.argonandco.com\/fr\/expertises\/logistique\/si-logistique\/","name":"Syst\u00e8me d'Information Logistique | Argon & Co","isPartOf":{"@id":"https:\/\/www.argonandco.com\/fr\/#website"},"datePublished":"2026-04-07T16:26:24+00:00","description":"Argon & Co accompagne ses clients dans la d\u00e9finition de leur strat\u00e9gie logistique, en r\u00e9alisant un diagnostic des outils de planification\/ex\u00e9cution et en soutenant la mise en \u0153uvre des solutions IT.","breadcrumb":{"@id":"https:\/\/www.argonandco.com\/fr\/expertises\/logistique\/si-logistique\/#breadcrumb"},"inLanguage":"fr-FR","potentialAction":[{"@type":"ReadAction","target":["https:\/\/www.argonandco.com\/fr\/expertises\/logistique\/si-logistique\/"]}]},{"@type":"BreadcrumbList","@id":"https:\/\/www.argonandco.com\/fr\/expertises\/logistique\/si-logistique\/#breadcrumb","itemListElement":[{"@type":"ListItem","position":1,"name":"Home","item":"https:\/\/www.argonandco.com\/fr\/"},{"@type":"ListItem","position":2,"name":"Expertises","item":"https:\/\/www.argonandco.com\/fr\/expertises\/"},{"@type":"ListItem","position":3,"name":"Logistique","item":"https:\/\/www.argonandco.com\/fr\/expertises\/logistique\/"},{"@type":"ListItem","position":4,"name":"SI logistique"}]},{"@type":"WebSite","@id":"https:\/\/www.argonandco.com\/fr\/#website","url":"https:\/\/www.argonandco.com\/fr\/","name":"Argon &amp; Co","description":"We help clients achieve their strategic and operational objectives, working together to transform their businesses and generate real change.","potentialAction":[{"@type":"SearchAction","target":{"@type":"EntryPoint","urlTemplate":"https:\/\/www.argonandco.com\/fr\/?s={search_term_string}"},"query-input":{"@type":"PropertyValueSpecification","valueRequired":true,"valueName":"search_term_string"}}],"inLanguage":"fr-FR"}]}},"_links":{"self":[{"href":"https:\/\/www.argonandco.com\/fr\/wp-json\/wp\/v2\/pages\/38780","targetHints":{"allow":["GET"]}}],"collection":[{"href":"https:\/\/www.argonandco.com\/fr\/wp-json\/wp\/v2\/pages"}],"about":[{"href":"https:\/\/www.argonandco.com\/fr\/wp-json\/wp\/v2\/types\/page"}],"author":[{"embeddable":true,"href":"https:\/\/www.argonandco.com\/fr\/wp-json\/wp\/v2\/users\/1"}],"replies":[{"embeddable":true,"href":"https:\/\/www.argonandco.com\/fr\/wp-json\/wp\/v2\/comments?post=38780"}],"version-history":[{"count":0,"href":"https:\/\/www.argonandco.com\/fr\/wp-json\/wp\/v2\/pages\/38780\/revisions"}],"up":[{"embeddable":true,"href":"https:\/\/www.argonandco.com\/fr\/wp-json\/wp\/v2\/pages\/37629"}],"wp:attachment":[{"href":"https:\/\/www.argonandco.com\/fr\/wp-json\/wp\/v2\/media?parent=38780"}],"curies":[{"name":"wp","href":"https:\/\/api.w.org\/{rel}","templated":true}]}}