{"id":38776,"date":"2026-04-07T17:26:17","date_gmt":"2026-04-07T16:26:17","guid":{"rendered":"https:\/\/www.argonandco.com\/?page_id=38776"},"modified":"2026-04-07T17:26:17","modified_gmt":"2026-04-07T16:26:17","slug":"transport","status":"publish","type":"page","link":"https:\/\/www.argonandco.com\/fr\/expertises\/logistique\/transport\/","title":{"rendered":"Transport"},"content":{"rendered":"<h2><b>Contexte et d\u00e9fis<\/b><\/h2>\n<p><span class=\"intro\"><span style=\"font-weight: 400;\">Le transport reste encore aujourd\u2019hui un gisement de comp\u00e9titivit\u00e9 \u00e0 exploiter. L\u2019\u00e9mergence du <\/span><span style=\"font-weight: 400;\">e-commerce et l\u2019importance strat\u00e9gique du dernier km en font par ailleurs un facteur de diff\u00e9rentiation majeur en termes de service (r\u00e9activit\u00e9, ponctualit\u00e9, tracking&#8230;).\u00a0<\/span><\/span><\/p>\n<p><span style=\"font-weight: 400;\">Ce secteur reste n\u00e9anmoins souvent opaque du fait de la multiplicit\u00e9 des acteurs qui proposent chacun des services, des types de flottes, des structures de r\u00e9seaux, des outils informatiques, des indicateurs et des grilles tarifaires qui leurs sont propres. \u00c0 cela s\u2019ajoutent d\u2019autres \u00e9l\u00e9ments aggravants\u00a0: un fort taux de sous-traitance (souvent en cascade), une p\u00e9nurie de chauffeurs provoquant une tension sur les prix, la n\u00e9cessit\u00e9 de d\u00e9velopper des partenariats sur le long terme et une exigence croissante de service.<\/span><\/p>\n<p><span style=\"font-weight: 400;\">L\u2019optimisation du transport passe par une bonne compr\u00e9hension de son \u00e9cosyst\u00e8me et de ses leviers d\u2019am\u00e9lioration en mati\u00e8re de co\u00fbts et de service : strat\u00e9gie d\u2019achat claire, arbitrage d\u2019achat de solutions de transport vs. location, optimisation du remplissage des containers exp\u00e9di\u00e9s et optimisation du remplissage des v\u00e9hicules, r\u00e9duction des km \u00e0 vide, anticipation, lissage de la charge et visibilit\u00e9 partag\u00e9e des flux, optimisation des temps de chargement\/d\u00e9chargement sur site, r\u00e9duction des taux de casse, ma\u00eetrise de l\u2019impact environnemental (attentes soci\u00e9tales et \u00e9volutions r\u00e9glementaires) et am\u00e9lioration du respect de la promesse client.<\/span><\/p>\n<h2><b>Notre approche<\/b><\/h2>\n<p><span style=\"font-weight: 400;\">Argon &amp; Co aide les entreprises \u00e0 identifier les axes de progr\u00e8s en mati\u00e8re de transport et \u00e0 mettre en place les processus permettant d\u2019optimiser leurs performances.<\/span><\/p>\n<ul>\n<li style=\"font-weight: 400;\"><b>Benchmark des tarifs du transport <\/b><span style=\"font-weight: 400;\">sur le march\u00e9 compte tenu du positionnement de l\u2019entreprise (pouvoir de n\u00e9gociation,\u00a0offre de service\u2026) que ce soit pour du transport routier, maritime ou a\u00e9rien.<\/span><\/li>\n<li style=\"font-weight: 400;\"><b>Strat\u00e9gie des transporteurs\u00a0:<\/b><span style=\"font-weight: 400;\"> allocation des segments transport, s\u00e9curisation des risques (d\u00e9pendance, engagement capacitaire&#8230;).<\/span><\/li>\n<li style=\"font-weight: 400;\"><b>Vision prospective et applicative des nouvelles technologies <\/b><span style=\"font-weight: 400;\">comme levier de performance (IoT, g\u00e9olocalisation, conduite autonome et augment\u00e9e, machine learning pr\u00e9dictif sur les plans de charge&#8230;).<\/span><\/li>\n<li style=\"font-weight: 400;\"><b>Analyse des profils d\u2019exp\u00e9dition<\/b><span style=\"font-weight: 400;\"> pour identifier les leviers d\u2019optimisation\u00a0: poids moyens, contenants, tris morphologiques, tris g\u00e9ographiques et courbe de production.<\/span><\/li>\n<li style=\"font-weight: 400;\"><b>Choix du transport routier le plus adapt\u00e9 :<\/b><span style=\"font-weight: 400;\"> loT, coursier ou location avec chauffeur.<\/span><\/li>\n<li style=\"font-weight: 400;\"><b>R\u00e9daction du cahier des charges d\u00e9taill\u00e9<\/b><span style=\"font-weight: 400;\">, identification du panel de prestataires et conduite d\u2019appel d\u2019offres (routier \/ maritime \/ a\u00e9rien \/ r\u00e9gional \/ national \/ international).<\/span><\/li>\n<li style=\"font-weight: 400;\"><b>S\u00e9lection et mise en \u0153uvre de syst\u00e8mes informatiques<\/b><span style=\"font-weight: 400;\"> de planification et d\u2019ex\u00e9cution du transport r\u00e9pondant aux contraintes du client, chargeur ou affr\u00e9teur.<\/span><\/li>\n<li style=\"font-weight: 400;\"><b>Structuration de tableaux de bords <\/b><span style=\"font-weight: 400;\">\u00e0 destination du management ou des op\u00e9rationnels pour identifier rapidement des dysfonctionnements, alerter, assurer le bon respect des cahiers des charges et piloter la performance.<\/span><\/li>\n<\/ul>\n","protected":false},"excerpt":{"rendered":"<p>Contexte et d\u00e9fis Le transport reste encore aujourd\u2019hui un gisement de comp\u00e9titivit\u00e9 \u00e0 exploiter. L\u2019\u00e9mergence du e-commerce et l\u2019importance strat\u00e9gique du dernier km en font par ailleurs un facteur de diff\u00e9rentiation majeur en termes de service (r\u00e9activit\u00e9, ponctualit\u00e9, tracking&#8230;).\u00a0 Ce secteur reste n\u00e9anmoins souvent opaque du fait de la multiplicit\u00e9 des acteurs qui proposent chacun [&hellip;]<\/p>\n","protected":false},"author":1,"featured_media":0,"parent":37629,"menu_order":12,"comment_status":"closed","ping_status":"closed","template":"","meta":{"_acf_changed":false,"footnotes":""},"class_list":["post-38776","page","type-page","status-publish","hentry"],"acf":[],"yoast_head":"<!-- This site is optimized with the Yoast SEO plugin v27.5 - https:\/\/yoast.com\/product\/yoast-seo-wordpress\/ -->\n<title>Transport &amp; Performance logistique | Argon &amp; Co<\/title>\n<meta name=\"description\" content=\"Argon &amp; Co poss\u00e8de une exp\u00e9rience multisectorielle dans le domaine de l&#039;optimisation du transport et de la logistique. Am\u00e9liorez votre performance op\u00e9rationnelle et r\u00e9duisez vos co\u00fbts.\" \/>\n<meta name=\"robots\" content=\"index, follow, max-snippet:-1, max-image-preview:large, max-video-preview:-1\" \/>\n<link rel=\"canonical\" href=\"https:\/\/www.argonandco.com\/fr\/expertises\/logistique\/transport\/\" \/>\n<meta property=\"og:locale\" content=\"fr_FR\" \/>\n<meta property=\"og:type\" content=\"article\" \/>\n<meta property=\"og:title\" content=\"Transport &amp; Performance logistique | Argon &amp; Co\" \/>\n<meta property=\"og:description\" content=\"Argon &amp; Co poss\u00e8de une exp\u00e9rience multisectorielle dans le domaine de l&#039;optimisation du transport et de la logistique. Am\u00e9liorez votre performance op\u00e9rationnelle et r\u00e9duisez vos co\u00fbts.\" \/>\n<meta property=\"og:url\" content=\"https:\/\/www.argonandco.com\/fr\/expertises\/logistique\/transport\/\" \/>\n<meta property=\"og:site_name\" content=\"Argon &amp; Co\" \/>\n<meta name=\"twitter:card\" content=\"summary_large_image\" \/>\n<meta name=\"twitter:label1\" content=\"Dur\u00e9e de lecture estim\u00e9e\" \/>\n\t<meta name=\"twitter:data1\" content=\"2 minutes\" \/>\n<script type=\"application\/ld+json\" class=\"yoast-schema-graph\">{\"@context\":\"https:\\\/\\\/schema.org\",\"@graph\":[{\"@type\":\"WebPage\",\"@id\":\"https:\\\/\\\/www.argonandco.com\\\/fr\\\/expertises\\\/logistique\\\/transport\\\/\",\"url\":\"https:\\\/\\\/www.argonandco.com\\\/fr\\\/expertises\\\/logistique\\\/transport\\\/\",\"name\":\"Transport & Performance logistique | Argon & Co\",\"isPartOf\":{\"@id\":\"https:\\\/\\\/www.argonandco.com\\\/fr\\\/#website\"},\"datePublished\":\"2026-04-07T16:26:17+00:00\",\"description\":\"Argon & Co poss\u00e8de une exp\u00e9rience multisectorielle dans le domaine de l'optimisation du transport et de la logistique. Am\u00e9liorez votre performance op\u00e9rationnelle et r\u00e9duisez vos co\u00fbts.\",\"breadcrumb\":{\"@id\":\"https:\\\/\\\/www.argonandco.com\\\/fr\\\/expertises\\\/logistique\\\/transport\\\/#breadcrumb\"},\"inLanguage\":\"fr-FR\",\"potentialAction\":[{\"@type\":\"ReadAction\",\"target\":[\"https:\\\/\\\/www.argonandco.com\\\/fr\\\/expertises\\\/logistique\\\/transport\\\/\"]}]},{\"@type\":\"BreadcrumbList\",\"@id\":\"https:\\\/\\\/www.argonandco.com\\\/fr\\\/expertises\\\/logistique\\\/transport\\\/#breadcrumb\",\"itemListElement\":[{\"@type\":\"ListItem\",\"position\":1,\"name\":\"Home\",\"item\":\"https:\\\/\\\/www.argonandco.com\\\/fr\\\/\"},{\"@type\":\"ListItem\",\"position\":2,\"name\":\"Expertises\",\"item\":\"https:\\\/\\\/www.argonandco.com\\\/fr\\\/expertises\\\/\"},{\"@type\":\"ListItem\",\"position\":3,\"name\":\"Logistique\",\"item\":\"https:\\\/\\\/www.argonandco.com\\\/fr\\\/expertises\\\/logistique\\\/\"},{\"@type\":\"ListItem\",\"position\":4,\"name\":\"Transport\"}]},{\"@type\":\"WebSite\",\"@id\":\"https:\\\/\\\/www.argonandco.com\\\/fr\\\/#website\",\"url\":\"https:\\\/\\\/www.argonandco.com\\\/fr\\\/\",\"name\":\"Argon &amp; Co\",\"description\":\"We help clients achieve their strategic and operational objectives, working together to transform their businesses and generate real change.\",\"potentialAction\":[{\"@type\":\"SearchAction\",\"target\":{\"@type\":\"EntryPoint\",\"urlTemplate\":\"https:\\\/\\\/www.argonandco.com\\\/fr\\\/?s={search_term_string}\"},\"query-input\":{\"@type\":\"PropertyValueSpecification\",\"valueRequired\":true,\"valueName\":\"search_term_string\"}}],\"inLanguage\":\"fr-FR\"}]}<\/script>\n<!-- \/ Yoast SEO plugin. -->","yoast_head_json":{"title":"Transport & Performance logistique | Argon & Co","description":"Argon & Co poss\u00e8de une exp\u00e9rience multisectorielle dans le domaine de l'optimisation du transport et de la logistique. Am\u00e9liorez votre performance op\u00e9rationnelle et r\u00e9duisez vos co\u00fbts.","robots":{"index":"index","follow":"follow","max-snippet":"max-snippet:-1","max-image-preview":"max-image-preview:large","max-video-preview":"max-video-preview:-1"},"canonical":"https:\/\/www.argonandco.com\/fr\/expertises\/logistique\/transport\/","og_locale":"fr_FR","og_type":"article","og_title":"Transport & Performance logistique | Argon & Co","og_description":"Argon & Co poss\u00e8de une exp\u00e9rience multisectorielle dans le domaine de l'optimisation du transport et de la logistique. Am\u00e9liorez votre performance op\u00e9rationnelle et r\u00e9duisez vos co\u00fbts.","og_url":"https:\/\/www.argonandco.com\/fr\/expertises\/logistique\/transport\/","og_site_name":"Argon &amp; Co","twitter_card":"summary_large_image","twitter_misc":{"Dur\u00e9e de lecture estim\u00e9e":"2 minutes"},"schema":{"@context":"https:\/\/schema.org","@graph":[{"@type":"WebPage","@id":"https:\/\/www.argonandco.com\/fr\/expertises\/logistique\/transport\/","url":"https:\/\/www.argonandco.com\/fr\/expertises\/logistique\/transport\/","name":"Transport & Performance logistique | Argon & Co","isPartOf":{"@id":"https:\/\/www.argonandco.com\/fr\/#website"},"datePublished":"2026-04-07T16:26:17+00:00","description":"Argon & Co poss\u00e8de une exp\u00e9rience multisectorielle dans le domaine de l'optimisation du transport et de la logistique. Am\u00e9liorez votre performance op\u00e9rationnelle et r\u00e9duisez vos co\u00fbts.","breadcrumb":{"@id":"https:\/\/www.argonandco.com\/fr\/expertises\/logistique\/transport\/#breadcrumb"},"inLanguage":"fr-FR","potentialAction":[{"@type":"ReadAction","target":["https:\/\/www.argonandco.com\/fr\/expertises\/logistique\/transport\/"]}]},{"@type":"BreadcrumbList","@id":"https:\/\/www.argonandco.com\/fr\/expertises\/logistique\/transport\/#breadcrumb","itemListElement":[{"@type":"ListItem","position":1,"name":"Home","item":"https:\/\/www.argonandco.com\/fr\/"},{"@type":"ListItem","position":2,"name":"Expertises","item":"https:\/\/www.argonandco.com\/fr\/expertises\/"},{"@type":"ListItem","position":3,"name":"Logistique","item":"https:\/\/www.argonandco.com\/fr\/expertises\/logistique\/"},{"@type":"ListItem","position":4,"name":"Transport"}]},{"@type":"WebSite","@id":"https:\/\/www.argonandco.com\/fr\/#website","url":"https:\/\/www.argonandco.com\/fr\/","name":"Argon &amp; Co","description":"We help clients achieve their strategic and operational objectives, working together to transform their businesses and generate real change.","potentialAction":[{"@type":"SearchAction","target":{"@type":"EntryPoint","urlTemplate":"https:\/\/www.argonandco.com\/fr\/?s={search_term_string}"},"query-input":{"@type":"PropertyValueSpecification","valueRequired":true,"valueName":"search_term_string"}}],"inLanguage":"fr-FR"}]}},"_links":{"self":[{"href":"https:\/\/www.argonandco.com\/fr\/wp-json\/wp\/v2\/pages\/38776","targetHints":{"allow":["GET"]}}],"collection":[{"href":"https:\/\/www.argonandco.com\/fr\/wp-json\/wp\/v2\/pages"}],"about":[{"href":"https:\/\/www.argonandco.com\/fr\/wp-json\/wp\/v2\/types\/page"}],"author":[{"embeddable":true,"href":"https:\/\/www.argonandco.com\/fr\/wp-json\/wp\/v2\/users\/1"}],"replies":[{"embeddable":true,"href":"https:\/\/www.argonandco.com\/fr\/wp-json\/wp\/v2\/comments?post=38776"}],"version-history":[{"count":0,"href":"https:\/\/www.argonandco.com\/fr\/wp-json\/wp\/v2\/pages\/38776\/revisions"}],"up":[{"embeddable":true,"href":"https:\/\/www.argonandco.com\/fr\/wp-json\/wp\/v2\/pages\/37629"}],"wp:attachment":[{"href":"https:\/\/www.argonandco.com\/fr\/wp-json\/wp\/v2\/media?parent=38776"}],"curies":[{"name":"wp","href":"https:\/\/api.w.org\/{rel}","templated":true}]}}