{"id":38772,"date":"2026-04-07T17:26:13","date_gmt":"2026-04-07T16:26:13","guid":{"rendered":"https:\/\/www.argonandco.com\/?page_id=38772"},"modified":"2026-04-07T17:26:13","modified_gmt":"2026-04-07T16:26:13","slug":"conception-et-automatisation-dentrepots","status":"publish","type":"page","link":"https:\/\/www.argonandco.com\/fr\/expertises\/logistique\/conception-et-automatisation-dentrepots\/","title":{"rendered":"Conception et automatisation d&rsquo;entrep\u00f4ts"},"content":{"rendered":"<h2><b>Contexte et d\u00e9fis<\/b><\/h2>\n<p><span class=\"intro\" style=\"font-weight: 400;\">Dans un contexte de croissance \u00e9conomique et de manque de main d\u2019\u0153uvre logistique dans la plupart des pays europ\u00e9ens, les projets d&rsquo;automatisation des entrep\u00f4ts se multiplient ces derni\u00e8res ann\u00e9es dans presque tous les secteurs. Avec \u00e0 la cl\u00e9\u00a0: des gains de productivit\u00e9, une densification du stockage et une r\u00e9duction des d\u00e9lais de distribution.\u00a0<\/span><\/p>\n<p><span style=\"font-weight: 400;\">Si les besoins m\u00e9tier sont souvent clairement identifi\u00e9s, leur traduction en besoins d&rsquo;\u00e9quipements automatis\u00e9s constitue un d\u00e9fi. Les entreprises s\u2019interrogent alors en effet sur la n\u00e9cessit\u00e9 de changer les processus, les choix technologiques \u00e0 faire, ou encore l\u2019identification des fournisseurs capables de mieux r\u00e9pondre \u00e0 leurs besoins. \u00c0 ces interrogations s\u2019ajoutent des incertitudes concernant le montant des investissements \u00e0 engager, le retour sur investissement attendu, les risques \u00e0 prendre et la conduite m\u00eame du projet d\u2019automatisation ainsi que sa dur\u00e9e.<\/span><\/p>\n<p><span style=\"font-weight: 400;\">Autant d\u2019interrogations qui doivent \u00eatre abord\u00e9es et partag\u00e9es avec l\u2019ensemble des parties prenantes pour assurer la r\u00e9ussite du projet.\u00a0<\/span><\/p>\n<h2><b>Notre approche<\/b><\/h2>\n<p><span style=\"font-weight: 400;\">Argon &amp; Co a identifi\u00e9 les facteurs-cl\u00e9s de succ\u00e8s permettant de mener \u00e0 bien chaque \u00e9tape de l\u2019automatisation d\u2019un entrep\u00f4t.\u00a0<\/span><\/p>\n<ul>\n<li style=\"font-weight: 400;\"><b>Cr\u00e9ation et \u00e9valuation de sc\u00e9narios d&rsquo;automatisation :<\/b><span style=\"font-weight: 400;\"> formalisation des hypoth\u00e8ses cl\u00e9s sur les flux et les stocks \u00e0 partir des donn\u00e9es existantes et des projections commerciales, identification des technologies \u00e9ligibles, \u00e9tudes de dimensionnement, \u00e9valuation quantitative et financi\u00e8re du projet (CAPEX, OPEX, ROI, valeur actuelle nette&#8230;), \u00e9valuation qualitative du projet (risques, impacts sur les conditions de travail, \u00e9volutivit\u00e9 et flexibilit\u00e9 \u00e0 long terme\u2026).<\/span><\/li>\n<li style=\"font-weight: 400;\"><b>Assistance lors de l&rsquo;appel d&rsquo;offres :<\/b><span style=\"font-weight: 400;\"> s\u00e9lection des panels fournisseurs, gestion du processus d&rsquo;appel d&rsquo;offres (objectifs m\u00e9tiers et de performance, sp\u00e9cifications de dimensionnement des flux et des stocks, formalisation des besoins sp\u00e9cifiques et techniques, exigences SI (p\u00e9rim\u00e8tre WMS\/WCS, objectifs de disponibilit\u00e9, contraintes informatiques,&#8230;), d\u00e9roul\u00e9 des ateliers fournisseurs, analyse et challenge des offres techniques et financi\u00e8res, assistance \u00e0 la s\u00e9lection et \u00e0 la contractualisation fournisseurs.<\/span><\/li>\n<li style=\"font-weight: 400;\"><b>Assistance \u00e0 la mise en \u0153uvre : <\/b><span style=\"font-weight: 400;\">animation d&rsquo;ateliers de conception d\u00e9taill\u00e9e, analyse de l&rsquo;ergonomie des postes de travail, assistance au pilotage du projet, pr\u00e9paration et suivi des essais et de la mise en service, pilotage des campagnes de tests, organisation de l\u2019approvisionnement en charges d\u2019essais, assistance \u00e0 la planification des transferts de personnel et de stocks, et \u00e0 l\u2019organisation de la mont\u00e9e en puissance.<\/span><\/li>\n<li style=\"font-weight: 400;\"><b>Conduite du changement et implication des \u00e9quipes :<\/b><span style=\"font-weight: 400;\"> assistance \u00e0 la construction et au pilotage du plan de formation et de communication (op\u00e9rateurs, encadrement op\u00e9rationnel, directions, partenaires externes\u2026).<\/span><\/li>\n<li style=\"font-weight: 400;\"><b>Support post-d\u00e9marrage : <\/b><span style=\"font-weight: 400;\">mise en place d&rsquo;outils de mesure de la performance et de processus d&rsquo;am\u00e9lioration continue.<\/span><\/li>\n<\/ul>\n<p>&nbsp;<\/p>\n","protected":false},"excerpt":{"rendered":"<p>Contexte et d\u00e9fis Dans un contexte de croissance \u00e9conomique et de manque de main d\u2019\u0153uvre logistique dans la plupart des pays europ\u00e9ens, les projets d&rsquo;automatisation des entrep\u00f4ts se multiplient ces derni\u00e8res ann\u00e9es dans presque tous les secteurs. Avec \u00e0 la cl\u00e9\u00a0: des gains de productivit\u00e9, une densification du stockage et une r\u00e9duction des d\u00e9lais de [&hellip;]<\/p>\n","protected":false},"author":1,"featured_media":0,"parent":37629,"menu_order":10,"comment_status":"closed","ping_status":"closed","template":"","meta":{"_acf_changed":false,"footnotes":""},"class_list":["post-38772","page","type-page","status-publish","hentry"],"acf":[],"yoast_head":"<!-- This site is optimized with the Yoast SEO plugin v27.5 - https:\/\/yoast.com\/product\/yoast-seo-wordpress\/ -->\n<title>Automatisation des Entrep\u00f4ts | Argon &amp; Co<\/title>\n<meta name=\"description\" content=\"Argon &amp; Co identifie les facteurs-cl\u00e9s permettant de mener \u00e0 bien chaque \u00e9tape de l\u2019automatisation des entrep\u00f4ts et de la gestion des stocks de ses clients.\" \/>\n<meta name=\"robots\" content=\"index, follow, max-snippet:-1, max-image-preview:large, max-video-preview:-1\" \/>\n<link rel=\"canonical\" href=\"https:\/\/www.argonandco.com\/fr\/expertises\/logistique\/conception-et-automatisation-dentrepots\/\" \/>\n<meta property=\"og:locale\" content=\"fr_FR\" \/>\n<meta property=\"og:type\" content=\"article\" \/>\n<meta property=\"og:title\" content=\"Automatisation des Entrep\u00f4ts | Argon &amp; Co\" \/>\n<meta property=\"og:description\" content=\"Argon &amp; Co identifie les facteurs-cl\u00e9s permettant de mener \u00e0 bien chaque \u00e9tape de l\u2019automatisation des entrep\u00f4ts et de la gestion des stocks de ses clients.\" \/>\n<meta property=\"og:url\" content=\"https:\/\/www.argonandco.com\/fr\/expertises\/logistique\/conception-et-automatisation-dentrepots\/\" \/>\n<meta property=\"og:site_name\" content=\"Argon &amp; Co\" \/>\n<meta name=\"twitter:card\" content=\"summary_large_image\" \/>\n<meta name=\"twitter:label1\" content=\"Dur\u00e9e de lecture estim\u00e9e\" \/>\n\t<meta name=\"twitter:data1\" content=\"2 minutes\" \/>\n<script type=\"application\/ld+json\" class=\"yoast-schema-graph\">{\"@context\":\"https:\\\/\\\/schema.org\",\"@graph\":[{\"@type\":\"WebPage\",\"@id\":\"https:\\\/\\\/www.argonandco.com\\\/fr\\\/expertises\\\/logistique\\\/conception-et-automatisation-dentrepots\\\/\",\"url\":\"https:\\\/\\\/www.argonandco.com\\\/fr\\\/expertises\\\/logistique\\\/conception-et-automatisation-dentrepots\\\/\",\"name\":\"Automatisation des Entrep\u00f4ts | Argon & Co\",\"isPartOf\":{\"@id\":\"https:\\\/\\\/www.argonandco.com\\\/fr\\\/#website\"},\"datePublished\":\"2026-04-07T16:26:13+00:00\",\"description\":\"Argon & Co identifie les facteurs-cl\u00e9s permettant de mener \u00e0 bien chaque \u00e9tape de l\u2019automatisation des entrep\u00f4ts et de la gestion des stocks de ses clients.\",\"breadcrumb\":{\"@id\":\"https:\\\/\\\/www.argonandco.com\\\/fr\\\/expertises\\\/logistique\\\/conception-et-automatisation-dentrepots\\\/#breadcrumb\"},\"inLanguage\":\"fr-FR\",\"potentialAction\":[{\"@type\":\"ReadAction\",\"target\":[\"https:\\\/\\\/www.argonandco.com\\\/fr\\\/expertises\\\/logistique\\\/conception-et-automatisation-dentrepots\\\/\"]}]},{\"@type\":\"BreadcrumbList\",\"@id\":\"https:\\\/\\\/www.argonandco.com\\\/fr\\\/expertises\\\/logistique\\\/conception-et-automatisation-dentrepots\\\/#breadcrumb\",\"itemListElement\":[{\"@type\":\"ListItem\",\"position\":1,\"name\":\"Home\",\"item\":\"https:\\\/\\\/www.argonandco.com\\\/fr\\\/\"},{\"@type\":\"ListItem\",\"position\":2,\"name\":\"Expertises\",\"item\":\"https:\\\/\\\/www.argonandco.com\\\/fr\\\/expertises\\\/\"},{\"@type\":\"ListItem\",\"position\":3,\"name\":\"Logistique\",\"item\":\"https:\\\/\\\/www.argonandco.com\\\/fr\\\/expertises\\\/logistique\\\/\"},{\"@type\":\"ListItem\",\"position\":4,\"name\":\"Conception et automatisation d&#8217;entrep\u00f4ts\"}]},{\"@type\":\"WebSite\",\"@id\":\"https:\\\/\\\/www.argonandco.com\\\/fr\\\/#website\",\"url\":\"https:\\\/\\\/www.argonandco.com\\\/fr\\\/\",\"name\":\"Argon &amp; Co\",\"description\":\"We help clients achieve their strategic and operational objectives, working together to transform their businesses and generate real change.\",\"potentialAction\":[{\"@type\":\"SearchAction\",\"target\":{\"@type\":\"EntryPoint\",\"urlTemplate\":\"https:\\\/\\\/www.argonandco.com\\\/fr\\\/?s={search_term_string}\"},\"query-input\":{\"@type\":\"PropertyValueSpecification\",\"valueRequired\":true,\"valueName\":\"search_term_string\"}}],\"inLanguage\":\"fr-FR\"}]}<\/script>\n<!-- \/ Yoast SEO plugin. -->","yoast_head_json":{"title":"Automatisation des Entrep\u00f4ts | Argon & Co","description":"Argon & Co identifie les facteurs-cl\u00e9s permettant de mener \u00e0 bien chaque \u00e9tape de l\u2019automatisation des entrep\u00f4ts et de la gestion des stocks de ses clients.","robots":{"index":"index","follow":"follow","max-snippet":"max-snippet:-1","max-image-preview":"max-image-preview:large","max-video-preview":"max-video-preview:-1"},"canonical":"https:\/\/www.argonandco.com\/fr\/expertises\/logistique\/conception-et-automatisation-dentrepots\/","og_locale":"fr_FR","og_type":"article","og_title":"Automatisation des Entrep\u00f4ts | Argon & Co","og_description":"Argon & Co identifie les facteurs-cl\u00e9s permettant de mener \u00e0 bien chaque \u00e9tape de l\u2019automatisation des entrep\u00f4ts et de la gestion des stocks de ses clients.","og_url":"https:\/\/www.argonandco.com\/fr\/expertises\/logistique\/conception-et-automatisation-dentrepots\/","og_site_name":"Argon &amp; Co","twitter_card":"summary_large_image","twitter_misc":{"Dur\u00e9e de lecture estim\u00e9e":"2 minutes"},"schema":{"@context":"https:\/\/schema.org","@graph":[{"@type":"WebPage","@id":"https:\/\/www.argonandco.com\/fr\/expertises\/logistique\/conception-et-automatisation-dentrepots\/","url":"https:\/\/www.argonandco.com\/fr\/expertises\/logistique\/conception-et-automatisation-dentrepots\/","name":"Automatisation des Entrep\u00f4ts | Argon & Co","isPartOf":{"@id":"https:\/\/www.argonandco.com\/fr\/#website"},"datePublished":"2026-04-07T16:26:13+00:00","description":"Argon & Co identifie les facteurs-cl\u00e9s permettant de mener \u00e0 bien chaque \u00e9tape de l\u2019automatisation des entrep\u00f4ts et de la gestion des stocks de ses clients.","breadcrumb":{"@id":"https:\/\/www.argonandco.com\/fr\/expertises\/logistique\/conception-et-automatisation-dentrepots\/#breadcrumb"},"inLanguage":"fr-FR","potentialAction":[{"@type":"ReadAction","target":["https:\/\/www.argonandco.com\/fr\/expertises\/logistique\/conception-et-automatisation-dentrepots\/"]}]},{"@type":"BreadcrumbList","@id":"https:\/\/www.argonandco.com\/fr\/expertises\/logistique\/conception-et-automatisation-dentrepots\/#breadcrumb","itemListElement":[{"@type":"ListItem","position":1,"name":"Home","item":"https:\/\/www.argonandco.com\/fr\/"},{"@type":"ListItem","position":2,"name":"Expertises","item":"https:\/\/www.argonandco.com\/fr\/expertises\/"},{"@type":"ListItem","position":3,"name":"Logistique","item":"https:\/\/www.argonandco.com\/fr\/expertises\/logistique\/"},{"@type":"ListItem","position":4,"name":"Conception et automatisation d&#8217;entrep\u00f4ts"}]},{"@type":"WebSite","@id":"https:\/\/www.argonandco.com\/fr\/#website","url":"https:\/\/www.argonandco.com\/fr\/","name":"Argon &amp; Co","description":"We help clients achieve their strategic and operational objectives, working together to transform their businesses and generate real change.","potentialAction":[{"@type":"SearchAction","target":{"@type":"EntryPoint","urlTemplate":"https:\/\/www.argonandco.com\/fr\/?s={search_term_string}"},"query-input":{"@type":"PropertyValueSpecification","valueRequired":true,"valueName":"search_term_string"}}],"inLanguage":"fr-FR"}]}},"_links":{"self":[{"href":"https:\/\/www.argonandco.com\/fr\/wp-json\/wp\/v2\/pages\/38772","targetHints":{"allow":["GET"]}}],"collection":[{"href":"https:\/\/www.argonandco.com\/fr\/wp-json\/wp\/v2\/pages"}],"about":[{"href":"https:\/\/www.argonandco.com\/fr\/wp-json\/wp\/v2\/types\/page"}],"author":[{"embeddable":true,"href":"https:\/\/www.argonandco.com\/fr\/wp-json\/wp\/v2\/users\/1"}],"replies":[{"embeddable":true,"href":"https:\/\/www.argonandco.com\/fr\/wp-json\/wp\/v2\/comments?post=38772"}],"version-history":[{"count":0,"href":"https:\/\/www.argonandco.com\/fr\/wp-json\/wp\/v2\/pages\/38772\/revisions"}],"up":[{"embeddable":true,"href":"https:\/\/www.argonandco.com\/fr\/wp-json\/wp\/v2\/pages\/37629"}],"wp:attachment":[{"href":"https:\/\/www.argonandco.com\/fr\/wp-json\/wp\/v2\/media?parent=38772"}],"curies":[{"name":"wp","href":"https:\/\/api.w.org\/{rel}","templated":true}]}}