{"id":38744,"date":"2026-04-07T16:52:19","date_gmt":"2026-04-07T15:52:19","guid":{"rendered":"https:\/\/www.argonandco.com\/?page_id=38744"},"modified":"2026-04-07T16:52:19","modified_gmt":"2026-04-07T15:52:19","slug":"make-or-buy","status":"publish","type":"page","link":"https:\/\/www.argonandco.com\/fr\/expertises\/manufacturing\/make-or-buy\/","title":{"rendered":"Make or buy"},"content":{"rendered":"<h2>Contexte et d\u00e9fis<\/h2>\n<p>Dans un contexte de concurrence internationale accrue, les entreprises doivent, pour rester comp\u00e9titives, non seulement se recentrer sur leurs m\u00e9tiers strat\u00e9giques et \u00e0 forte valeur ajout\u00e9e mais \u00e9galement faire de leur politique achats un levier de performance.<\/p>\n<p>Rendre lisible et rationnel leur niveau d\u2019int\u00e9gration industrielle, c\u2019est tout l\u2019enjeu du make or buy, outil d\u00e9cisionnel de la strat\u00e9gie industrielle.<\/p>\n<p>Cette r\u00e9flexion int\u00e8gre quatre composantes :<\/p>\n<ul>\n<li>le caract\u00e8re strat\u00e9gique de l\u2019activit\u00e9,<\/li>\n<li>la diff\u00e9rence de comp\u00e9titivit\u00e9 entre solutions interne et externe,<\/li>\n<li>la capacit\u00e9 \u00e0 sous-traiter certains maillons de la cha\u00eene de valeur,<\/li>\n<li>la ma\u00eetrise des fournisseurs et leur int\u00e9gration dans des flux optimis\u00e9s.<\/li>\n<\/ul>\n<h2>Notre approche<\/h2>\n<p>Argon &amp; Co a d\u00e9velopp\u00e9 sa propre m\u00e9thodologie pour accompagner les entreprises et les comit\u00e9s de direction dans chacune des \u00e9tapes de la d\u00e9marche <em>make or buy :<\/em><\/p>\n<ul>\n<li>D\u00e9finition du cadre d\u2019analyse et segmentation process et technique des activit\u00e9s.<\/li>\n<li>Qualification de l\u2019int\u00e9r\u00eat strat\u00e9gique process\/produit.<\/li>\n<li>Qualification du niveau de comp\u00e9titivit\u00e9 process\/produit.<\/li>\n<li>\u00c9valuation \u00e9conomique et construction du business case associ\u00e9.<\/li>\n<li>D\u00e9finition de la feuille de route et du plan de mise en \u0153uvre op\u00e9rationnelle.<\/li>\n<\/ul>\n<p>Nous accompagnons par ailleurs nos clients dans la mise en \u0153uvre des recommandations issues de l\u2019analyse <em>make or buy<\/em>, dans la qualification de fournisseurs (ou de partenaires) et dans le renforcement des pratiques internes pour am\u00e9liorer la comp\u00e9titivit\u00e9 des activit\u00e9s c\u0153ur de m\u00e9tier.<\/p>\n","protected":false},"excerpt":{"rendered":"<p>Contexte et d\u00e9fis Dans un contexte de concurrence internationale accrue, les entreprises doivent, pour rester comp\u00e9titives, non seulement se recentrer sur leurs m\u00e9tiers strat\u00e9giques et \u00e0 forte valeur ajout\u00e9e mais \u00e9galement faire de leur politique achats un levier de performance. Rendre lisible et rationnel leur niveau d\u2019int\u00e9gration industrielle, c\u2019est tout l\u2019enjeu du make or buy, [&hellip;]<\/p>\n","protected":false},"author":1,"featured_media":0,"parent":37626,"menu_order":7,"comment_status":"closed","ping_status":"closed","template":"","meta":{"_acf_changed":false,"footnotes":""},"class_list":["post-38744","page","type-page","status-publish","hentry"],"acf":[],"yoast_head":"<!-- This site is optimized with the Yoast SEO plugin v27.5 - https:\/\/yoast.com\/product\/yoast-seo-wordpress\/ -->\n<title>Make or buy - Argon &amp; Co<\/title>\n<meta name=\"robots\" content=\"index, follow, max-snippet:-1, max-image-preview:large, max-video-preview:-1\" \/>\n<link rel=\"canonical\" href=\"https:\/\/www.argonandco.com\/fr\/expertises\/manufacturing\/make-or-buy\/\" \/>\n<meta property=\"og:locale\" content=\"fr_FR\" \/>\n<meta property=\"og:type\" content=\"article\" \/>\n<meta property=\"og:title\" content=\"Make or buy - Argon &amp; Co\" \/>\n<meta property=\"og:description\" content=\"Contexte et d\u00e9fis Dans un contexte de concurrence internationale accrue, les entreprises doivent, pour rester comp\u00e9titives, non seulement se recentrer sur leurs m\u00e9tiers strat\u00e9giques et \u00e0 forte valeur ajout\u00e9e mais \u00e9galement faire de leur politique achats un levier de performance. Rendre lisible et rationnel leur niveau d\u2019int\u00e9gration industrielle, c\u2019est tout l\u2019enjeu du make or buy, [&hellip;]\" \/>\n<meta property=\"og:url\" content=\"https:\/\/www.argonandco.com\/fr\/expertises\/manufacturing\/make-or-buy\/\" \/>\n<meta property=\"og:site_name\" content=\"Argon &amp; Co\" \/>\n<meta name=\"twitter:card\" content=\"summary_large_image\" \/>\n<meta name=\"twitter:label1\" content=\"Dur\u00e9e de lecture estim\u00e9e\" \/>\n\t<meta name=\"twitter:data1\" content=\"1 minute\" \/>\n<script type=\"application\/ld+json\" class=\"yoast-schema-graph\">{\"@context\":\"https:\\\/\\\/schema.org\",\"@graph\":[{\"@type\":\"WebPage\",\"@id\":\"https:\\\/\\\/www.argonandco.com\\\/fr\\\/expertises\\\/manufacturing\\\/make-or-buy\\\/\",\"url\":\"https:\\\/\\\/www.argonandco.com\\\/fr\\\/expertises\\\/manufacturing\\\/make-or-buy\\\/\",\"name\":\"Make or buy - Argon &amp; Co\",\"isPartOf\":{\"@id\":\"https:\\\/\\\/www.argonandco.com\\\/fr\\\/#website\"},\"datePublished\":\"2026-04-07T15:52:19+00:00\",\"breadcrumb\":{\"@id\":\"https:\\\/\\\/www.argonandco.com\\\/fr\\\/expertises\\\/manufacturing\\\/make-or-buy\\\/#breadcrumb\"},\"inLanguage\":\"fr-FR\",\"potentialAction\":[{\"@type\":\"ReadAction\",\"target\":[\"https:\\\/\\\/www.argonandco.com\\\/fr\\\/expertises\\\/manufacturing\\\/make-or-buy\\\/\"]}]},{\"@type\":\"BreadcrumbList\",\"@id\":\"https:\\\/\\\/www.argonandco.com\\\/fr\\\/expertises\\\/manufacturing\\\/make-or-buy\\\/#breadcrumb\",\"itemListElement\":[{\"@type\":\"ListItem\",\"position\":1,\"name\":\"Home\",\"item\":\"https:\\\/\\\/www.argonandco.com\\\/fr\\\/\"},{\"@type\":\"ListItem\",\"position\":2,\"name\":\"Expertises\",\"item\":\"https:\\\/\\\/www.argonandco.com\\\/fr\\\/expertises\\\/\"},{\"@type\":\"ListItem\",\"position\":3,\"name\":\"Manufacturing\",\"item\":\"https:\\\/\\\/www.argonandco.com\\\/fr\\\/expertises\\\/manufacturing\\\/\"},{\"@type\":\"ListItem\",\"position\":4,\"name\":\"Make or buy\"}]},{\"@type\":\"WebSite\",\"@id\":\"https:\\\/\\\/www.argonandco.com\\\/fr\\\/#website\",\"url\":\"https:\\\/\\\/www.argonandco.com\\\/fr\\\/\",\"name\":\"Argon &amp; Co\",\"description\":\"We help clients achieve their strategic and operational objectives, working together to transform their businesses and generate real change.\",\"potentialAction\":[{\"@type\":\"SearchAction\",\"target\":{\"@type\":\"EntryPoint\",\"urlTemplate\":\"https:\\\/\\\/www.argonandco.com\\\/fr\\\/?s={search_term_string}\"},\"query-input\":{\"@type\":\"PropertyValueSpecification\",\"valueRequired\":true,\"valueName\":\"search_term_string\"}}],\"inLanguage\":\"fr-FR\"}]}<\/script>\n<!-- \/ Yoast SEO plugin. -->","yoast_head_json":{"title":"Make or buy - Argon &amp; Co","robots":{"index":"index","follow":"follow","max-snippet":"max-snippet:-1","max-image-preview":"max-image-preview:large","max-video-preview":"max-video-preview:-1"},"canonical":"https:\/\/www.argonandco.com\/fr\/expertises\/manufacturing\/make-or-buy\/","og_locale":"fr_FR","og_type":"article","og_title":"Make or buy - Argon &amp; Co","og_description":"Contexte et d\u00e9fis Dans un contexte de concurrence internationale accrue, les entreprises doivent, pour rester comp\u00e9titives, non seulement se recentrer sur leurs m\u00e9tiers strat\u00e9giques et \u00e0 forte valeur ajout\u00e9e mais \u00e9galement faire de leur politique achats un levier de performance. Rendre lisible et rationnel leur niveau d\u2019int\u00e9gration industrielle, c\u2019est tout l\u2019enjeu du make or buy, [&hellip;]","og_url":"https:\/\/www.argonandco.com\/fr\/expertises\/manufacturing\/make-or-buy\/","og_site_name":"Argon &amp; Co","twitter_card":"summary_large_image","twitter_misc":{"Dur\u00e9e de lecture estim\u00e9e":"1 minute"},"schema":{"@context":"https:\/\/schema.org","@graph":[{"@type":"WebPage","@id":"https:\/\/www.argonandco.com\/fr\/expertises\/manufacturing\/make-or-buy\/","url":"https:\/\/www.argonandco.com\/fr\/expertises\/manufacturing\/make-or-buy\/","name":"Make or buy - Argon &amp; Co","isPartOf":{"@id":"https:\/\/www.argonandco.com\/fr\/#website"},"datePublished":"2026-04-07T15:52:19+00:00","breadcrumb":{"@id":"https:\/\/www.argonandco.com\/fr\/expertises\/manufacturing\/make-or-buy\/#breadcrumb"},"inLanguage":"fr-FR","potentialAction":[{"@type":"ReadAction","target":["https:\/\/www.argonandco.com\/fr\/expertises\/manufacturing\/make-or-buy\/"]}]},{"@type":"BreadcrumbList","@id":"https:\/\/www.argonandco.com\/fr\/expertises\/manufacturing\/make-or-buy\/#breadcrumb","itemListElement":[{"@type":"ListItem","position":1,"name":"Home","item":"https:\/\/www.argonandco.com\/fr\/"},{"@type":"ListItem","position":2,"name":"Expertises","item":"https:\/\/www.argonandco.com\/fr\/expertises\/"},{"@type":"ListItem","position":3,"name":"Manufacturing","item":"https:\/\/www.argonandco.com\/fr\/expertises\/manufacturing\/"},{"@type":"ListItem","position":4,"name":"Make or buy"}]},{"@type":"WebSite","@id":"https:\/\/www.argonandco.com\/fr\/#website","url":"https:\/\/www.argonandco.com\/fr\/","name":"Argon &amp; Co","description":"We help clients achieve their strategic and operational objectives, working together to transform their businesses and generate real change.","potentialAction":[{"@type":"SearchAction","target":{"@type":"EntryPoint","urlTemplate":"https:\/\/www.argonandco.com\/fr\/?s={search_term_string}"},"query-input":{"@type":"PropertyValueSpecification","valueRequired":true,"valueName":"search_term_string"}}],"inLanguage":"fr-FR"}]}},"_links":{"self":[{"href":"https:\/\/www.argonandco.com\/fr\/wp-json\/wp\/v2\/pages\/38744","targetHints":{"allow":["GET"]}}],"collection":[{"href":"https:\/\/www.argonandco.com\/fr\/wp-json\/wp\/v2\/pages"}],"about":[{"href":"https:\/\/www.argonandco.com\/fr\/wp-json\/wp\/v2\/types\/page"}],"author":[{"embeddable":true,"href":"https:\/\/www.argonandco.com\/fr\/wp-json\/wp\/v2\/users\/1"}],"replies":[{"embeddable":true,"href":"https:\/\/www.argonandco.com\/fr\/wp-json\/wp\/v2\/comments?post=38744"}],"version-history":[{"count":0,"href":"https:\/\/www.argonandco.com\/fr\/wp-json\/wp\/v2\/pages\/38744\/revisions"}],"up":[{"embeddable":true,"href":"https:\/\/www.argonandco.com\/fr\/wp-json\/wp\/v2\/pages\/37626"}],"wp:attachment":[{"href":"https:\/\/www.argonandco.com\/fr\/wp-json\/wp\/v2\/media?parent=38744"}],"curies":[{"name":"wp","href":"https:\/\/api.w.org\/{rel}","templated":true}]}}