{"id":38740,"date":"2026-04-07T16:51:46","date_gmt":"2026-04-07T15:51:46","guid":{"rendered":"https:\/\/www.argonandco.com\/?page_id=38740"},"modified":"2026-04-07T16:51:46","modified_gmt":"2026-04-07T15:51:46","slug":"manufacturing-footprint","status":"publish","type":"page","link":"https:\/\/www.argonandco.com\/fr\/expertises\/manufacturing\/manufacturing-footprint\/","title":{"rendered":"Manufacturing footprint"},"content":{"rendered":"<h2>Contexte et d\u00e9fis<\/h2>\n<p><span class=\"intro\">Le secteur de l\u2019industrie \u00e9volue \u2013 et, avec lui, ses organisations \u2013 sous l\u2019effet de multiples variables structurelles : march\u00e9s (mondialisation, \u00e9mergence des pays \u00e0 bas co\u00fbts\u2026), niveau d\u2019exigence des clients (service attendu, proximit\u00e9, pression sur les prix\u2026), vie des entreprises (d\u00e9veloppement de nouveaux produits ou march\u00e9s, acquisitions\u2026).<\/span><\/p>\n<p>En cons\u00e9quence, les industries sont amen\u00e9es \u00e0 revoir leur strat\u00e9gie de d\u00e9veloppement. Elles doivent imp\u00e9rativement mettre celle-ci en coh\u00e9rence avec leurs sch\u00e9mas industriels, de supply chain et de logistique. Le tout au regard de la strat\u00e9gie commerciale (march\u00e9s, volumes, produits). Cette \u00e9quation \u00e0 multiples variables doit permettre de r\u00e9pondre \u00e0 cette question : comment produire de la fa\u00e7on la plus efficace en r\u00e9pondant au mieux aux imp\u00e9ratifs commerciaux?<\/p>\n<p>In fine, c\u2019est toute la structure des unit\u00e9s de production qui doit \u00eatre repens\u00e9e, \u00e0 la fois en termes d\u2019implantation g\u00e9ographique, de taille, de technologies de production et de gamme de produits. Pour \u00eatre optimale, l\u2019implantation industrielle doit concilier\u00a0:<\/p>\n<ul>\n<li>proximit\u00e9 des clients mais aussi de la conception produit et des process,<\/li>\n<li>proximit\u00e9 des fournisseurs ou des r\u00e9serves de mati\u00e8res premi\u00e8res,<\/li>\n<li>\u00e9conomie de co\u00fbts (simplification logistique, co\u00fbt du travail&#8230;),<\/li>\n<li>ma\u00eetrise du risque (climat social \u00e0 l\u2019\u00e9chelon local, climat politique \u00e0 l\u2019\u00e9chelon national&#8230;),<\/li>\n<li>capacit\u00e9 manag\u00e9riale (attraction des talents, polyvalence&#8230;).<\/li>\n<\/ul>\n<h2>Notre approche<\/h2>\n<p>Argon &amp; Co accompagne ses clients dans chacune des \u00e9tapes-cl\u00e9s de l\u2019\u00e9laboration de leur strat\u00e9gie industrielle:<\/p>\n<ul>\n<li style=\"font-weight: 400;\">D\u00e9finition de la strat\u00e9gie industrielle, c\u2019est-\u00e0-dire de la r\u00e9ponse industrielle aux exigences commerciales.<\/li>\n<li style=\"font-weight: 400;\">Construction et valorisation des sch\u00e9mas industriels (vision moyen long terme) en utilisant nos outils de mod\u00e9lisation et d\u2019optimisation.<\/li>\n<li style=\"font-weight: 400;\">Identification des moyens techniques, financiers et humains \u00e0 mobiliser.<\/li>\n<li style=\"font-weight: 400;\">Compatibilit\u00e9 de ce plan avec les contraintes environnementales, humaines, g\u00e9ographiques, culturelles\u2026<\/li>\n<li style=\"font-weight: 400;\">Construction du plan de transformation et de conduite du changement pour la mise en \u0153uvre de la cible.<\/li>\n<li style=\"font-weight: 400;\">D\u00e9ploiement et mise en \u0153uvre de ce plan.<\/li>\n<\/ul>\n","protected":false},"excerpt":{"rendered":"<p>Contexte et d\u00e9fis Le secteur de l\u2019industrie \u00e9volue \u2013 et, avec lui, ses organisations \u2013 sous l\u2019effet de multiples variables structurelles : march\u00e9s (mondialisation, \u00e9mergence des pays \u00e0 bas co\u00fbts\u2026), niveau d\u2019exigence des clients (service attendu, proximit\u00e9, pression sur les prix\u2026), vie des entreprises (d\u00e9veloppement de nouveaux produits ou march\u00e9s, acquisitions\u2026). En cons\u00e9quence, les industries [&hellip;]<\/p>\n","protected":false},"author":1,"featured_media":0,"parent":37626,"menu_order":0,"comment_status":"closed","ping_status":"closed","template":"","meta":{"_acf_changed":false,"footnotes":""},"class_list":["post-38740","page","type-page","status-publish","hentry"],"acf":[],"yoast_head":"<!-- This site is optimized with the Yoast SEO plugin v27.5 - https:\/\/yoast.com\/product\/yoast-seo-wordpress\/ -->\n<title>Manufacturing footprint - Argon &amp; Co<\/title>\n<meta name=\"robots\" content=\"index, follow, max-snippet:-1, max-image-preview:large, max-video-preview:-1\" \/>\n<link rel=\"canonical\" href=\"https:\/\/www.argonandco.com\/fr\/expertises\/manufacturing\/manufacturing-footprint\/\" \/>\n<meta property=\"og:locale\" content=\"fr_FR\" \/>\n<meta property=\"og:type\" content=\"article\" \/>\n<meta property=\"og:title\" content=\"Manufacturing footprint - Argon &amp; Co\" \/>\n<meta property=\"og:description\" content=\"Contexte et d\u00e9fis Le secteur de l\u2019industrie \u00e9volue \u2013 et, avec lui, ses organisations \u2013 sous l\u2019effet de multiples variables structurelles : march\u00e9s (mondialisation, \u00e9mergence des pays \u00e0 bas co\u00fbts\u2026), niveau d\u2019exigence des clients (service attendu, proximit\u00e9, pression sur les prix\u2026), vie des entreprises (d\u00e9veloppement de nouveaux produits ou march\u00e9s, acquisitions\u2026). En cons\u00e9quence, les industries [&hellip;]\" \/>\n<meta property=\"og:url\" content=\"https:\/\/www.argonandco.com\/fr\/expertises\/manufacturing\/manufacturing-footprint\/\" \/>\n<meta property=\"og:site_name\" content=\"Argon &amp; Co\" \/>\n<meta name=\"twitter:card\" content=\"summary_large_image\" \/>\n<meta name=\"twitter:label1\" content=\"Dur\u00e9e de lecture estim\u00e9e\" \/>\n\t<meta name=\"twitter:data1\" content=\"2 minutes\" \/>\n<script type=\"application\/ld+json\" class=\"yoast-schema-graph\">{\"@context\":\"https:\\\/\\\/schema.org\",\"@graph\":[{\"@type\":\"WebPage\",\"@id\":\"https:\\\/\\\/www.argonandco.com\\\/fr\\\/expertises\\\/manufacturing\\\/manufacturing-footprint\\\/\",\"url\":\"https:\\\/\\\/www.argonandco.com\\\/fr\\\/expertises\\\/manufacturing\\\/manufacturing-footprint\\\/\",\"name\":\"Manufacturing footprint - Argon &amp; Co\",\"isPartOf\":{\"@id\":\"https:\\\/\\\/www.argonandco.com\\\/fr\\\/#website\"},\"datePublished\":\"2026-04-07T15:51:46+00:00\",\"breadcrumb\":{\"@id\":\"https:\\\/\\\/www.argonandco.com\\\/fr\\\/expertises\\\/manufacturing\\\/manufacturing-footprint\\\/#breadcrumb\"},\"inLanguage\":\"fr-FR\",\"potentialAction\":[{\"@type\":\"ReadAction\",\"target\":[\"https:\\\/\\\/www.argonandco.com\\\/fr\\\/expertises\\\/manufacturing\\\/manufacturing-footprint\\\/\"]}]},{\"@type\":\"BreadcrumbList\",\"@id\":\"https:\\\/\\\/www.argonandco.com\\\/fr\\\/expertises\\\/manufacturing\\\/manufacturing-footprint\\\/#breadcrumb\",\"itemListElement\":[{\"@type\":\"ListItem\",\"position\":1,\"name\":\"Home\",\"item\":\"https:\\\/\\\/www.argonandco.com\\\/fr\\\/\"},{\"@type\":\"ListItem\",\"position\":2,\"name\":\"Expertises\",\"item\":\"https:\\\/\\\/www.argonandco.com\\\/fr\\\/expertises\\\/\"},{\"@type\":\"ListItem\",\"position\":3,\"name\":\"Manufacturing\",\"item\":\"https:\\\/\\\/www.argonandco.com\\\/fr\\\/expertises\\\/manufacturing\\\/\"},{\"@type\":\"ListItem\",\"position\":4,\"name\":\"Manufacturing footprint\"}]},{\"@type\":\"WebSite\",\"@id\":\"https:\\\/\\\/www.argonandco.com\\\/fr\\\/#website\",\"url\":\"https:\\\/\\\/www.argonandco.com\\\/fr\\\/\",\"name\":\"Argon &amp; Co\",\"description\":\"We help clients achieve their strategic and operational objectives, working together to transform their businesses and generate real change.\",\"potentialAction\":[{\"@type\":\"SearchAction\",\"target\":{\"@type\":\"EntryPoint\",\"urlTemplate\":\"https:\\\/\\\/www.argonandco.com\\\/fr\\\/?s={search_term_string}\"},\"query-input\":{\"@type\":\"PropertyValueSpecification\",\"valueRequired\":true,\"valueName\":\"search_term_string\"}}],\"inLanguage\":\"fr-FR\"}]}<\/script>\n<!-- \/ Yoast SEO plugin. -->","yoast_head_json":{"title":"Manufacturing footprint - Argon &amp; Co","robots":{"index":"index","follow":"follow","max-snippet":"max-snippet:-1","max-image-preview":"max-image-preview:large","max-video-preview":"max-video-preview:-1"},"canonical":"https:\/\/www.argonandco.com\/fr\/expertises\/manufacturing\/manufacturing-footprint\/","og_locale":"fr_FR","og_type":"article","og_title":"Manufacturing footprint - Argon &amp; Co","og_description":"Contexte et d\u00e9fis Le secteur de l\u2019industrie \u00e9volue \u2013 et, avec lui, ses organisations \u2013 sous l\u2019effet de multiples variables structurelles : march\u00e9s (mondialisation, \u00e9mergence des pays \u00e0 bas co\u00fbts\u2026), niveau d\u2019exigence des clients (service attendu, proximit\u00e9, pression sur les prix\u2026), vie des entreprises (d\u00e9veloppement de nouveaux produits ou march\u00e9s, acquisitions\u2026). En cons\u00e9quence, les industries [&hellip;]","og_url":"https:\/\/www.argonandco.com\/fr\/expertises\/manufacturing\/manufacturing-footprint\/","og_site_name":"Argon &amp; Co","twitter_card":"summary_large_image","twitter_misc":{"Dur\u00e9e de lecture estim\u00e9e":"2 minutes"},"schema":{"@context":"https:\/\/schema.org","@graph":[{"@type":"WebPage","@id":"https:\/\/www.argonandco.com\/fr\/expertises\/manufacturing\/manufacturing-footprint\/","url":"https:\/\/www.argonandco.com\/fr\/expertises\/manufacturing\/manufacturing-footprint\/","name":"Manufacturing footprint - Argon &amp; Co","isPartOf":{"@id":"https:\/\/www.argonandco.com\/fr\/#website"},"datePublished":"2026-04-07T15:51:46+00:00","breadcrumb":{"@id":"https:\/\/www.argonandco.com\/fr\/expertises\/manufacturing\/manufacturing-footprint\/#breadcrumb"},"inLanguage":"fr-FR","potentialAction":[{"@type":"ReadAction","target":["https:\/\/www.argonandco.com\/fr\/expertises\/manufacturing\/manufacturing-footprint\/"]}]},{"@type":"BreadcrumbList","@id":"https:\/\/www.argonandco.com\/fr\/expertises\/manufacturing\/manufacturing-footprint\/#breadcrumb","itemListElement":[{"@type":"ListItem","position":1,"name":"Home","item":"https:\/\/www.argonandco.com\/fr\/"},{"@type":"ListItem","position":2,"name":"Expertises","item":"https:\/\/www.argonandco.com\/fr\/expertises\/"},{"@type":"ListItem","position":3,"name":"Manufacturing","item":"https:\/\/www.argonandco.com\/fr\/expertises\/manufacturing\/"},{"@type":"ListItem","position":4,"name":"Manufacturing footprint"}]},{"@type":"WebSite","@id":"https:\/\/www.argonandco.com\/fr\/#website","url":"https:\/\/www.argonandco.com\/fr\/","name":"Argon &amp; Co","description":"We help clients achieve their strategic and operational objectives, working together to transform their businesses and generate real change.","potentialAction":[{"@type":"SearchAction","target":{"@type":"EntryPoint","urlTemplate":"https:\/\/www.argonandco.com\/fr\/?s={search_term_string}"},"query-input":{"@type":"PropertyValueSpecification","valueRequired":true,"valueName":"search_term_string"}}],"inLanguage":"fr-FR"}]}},"_links":{"self":[{"href":"https:\/\/www.argonandco.com\/fr\/wp-json\/wp\/v2\/pages\/38740","targetHints":{"allow":["GET"]}}],"collection":[{"href":"https:\/\/www.argonandco.com\/fr\/wp-json\/wp\/v2\/pages"}],"about":[{"href":"https:\/\/www.argonandco.com\/fr\/wp-json\/wp\/v2\/types\/page"}],"author":[{"embeddable":true,"href":"https:\/\/www.argonandco.com\/fr\/wp-json\/wp\/v2\/users\/1"}],"replies":[{"embeddable":true,"href":"https:\/\/www.argonandco.com\/fr\/wp-json\/wp\/v2\/comments?post=38740"}],"version-history":[{"count":0,"href":"https:\/\/www.argonandco.com\/fr\/wp-json\/wp\/v2\/pages\/38740\/revisions"}],"up":[{"embeddable":true,"href":"https:\/\/www.argonandco.com\/fr\/wp-json\/wp\/v2\/pages\/37626"}],"wp:attachment":[{"href":"https:\/\/www.argonandco.com\/fr\/wp-json\/wp\/v2\/media?parent=38740"}],"curies":[{"name":"wp","href":"https:\/\/api.w.org\/{rel}","templated":true}]}}