{"id":38728,"date":"2026-04-07T17:02:44","date_gmt":"2026-04-07T16:02:44","guid":{"rendered":"https:\/\/www.argonandco.com\/?page_id=38728"},"modified":"2026-04-07T17:02:44","modified_gmt":"2026-04-07T16:02:44","slug":"planification-de-la-distribution","status":"publish","type":"page","link":"https:\/\/www.argonandco.com\/fr\/expertises\/supply-chain-planning\/planification-de-la-distribution\/","title":{"rendered":"Planification de la distribution"},"content":{"rendered":"<h2><b>Contexte et d\u00e9fis\u00a0<\/b><\/h2>\n<p><span class=\"intro\"><span style=\"font-weight: 400;\">Dans un r\u00e9seau logistique multiniveaux (stock en usine ou en central, par zones g\u00e9ographiques ou par r\u00e9gions, voire en points de ventes), positionner les bons produits au bon moment et en juste\u00a0: quantit\u00e9 dans la dur\u00e9e est fondamental afin de concilier des objectifs en th\u00e9orie antagonistes\u00a0: <\/span><span style=\"font-weight: 400;\">r\u00e9duction des co\u00fbts, qualit\u00e9 de service, variation des stocks<\/span><\/span><\/p>\n<p><span style=\"font-weight: 400;\">Le processus de planification de la distribution, qui se trouve au c\u0153ur des processus d\u2019une Supply Chain int\u00e9gr\u00e9e, contribue principalement \u00e0 l\u2019atteinte de ces objectifs. Il s\u2019appuie selon les cas sur des m\u00e9thodes diff\u00e9rentes : le <em>Distribution Requirement Planning<\/em> (DRP) afin de synchroniser une cha\u00eene lorsque les pr\u00e9visions sont stables et de qualit\u00e9, ou bien le DDMRP (<em>Demand Driven Material Requirements Planning<\/em>)\u00a0 afin de simplifier la gestion tout en d\u00e9sensibilisant l\u2019amont industriel des effets <em>bullwhip<\/em>, bien connus notamment dans le B2B.<\/span><\/p>\n<p><span style=\"font-weight: 400;\">La mise en place de la planification de la distribution permet de supprimer plusieurs causes internes de dysfonctionnement comme le manque d\u2019int\u00e9gration entre les acteurs de la cha\u00eene de valeur ou l\u2019utilisation non adapt\u00e9e des param\u00e8tres d\u2019approvisionnement. Elle limite \u00e9galement les effets des al\u00e9as externes\u00a0: prise en compte de la fluctuation de la demande, fiabilit\u00e9 des fournisseurs dans le dimensionnement des s\u00e9curit\u00e9s, d\u00e9lais, stocks ou <em>buffers<\/em>. Cela permet aux entreprises d&rsquo;am\u00e9liorer les niveaux de service et contribue et l&rsquo;optimisation des stocks et des co\u00fbts. Tirer parti de la planification de la distribution pour am\u00e9liorer la durabilit\u00e9 et r\u00e9duire l&#8217;empreinte carbone est une tendance \u00e9mergente. Garantir le taux de remplissage des moyens de transport ou limiter les destructions, en sont de bons exemples.\u00a0<\/span><\/p>\n<p><span style=\"font-weight: 400;\">\u00c0 noter\u00a0: la structuration et le rattachement hi\u00e9rarchique et\/ou fonctionnelle de l\u2019organisation en charge du processus de planification de la distribution peut s\u2019av\u00e9rer une question complexe \u00e0 traiter. Par ailleurs, une bonne compr\u00e9hension des besoins clients au niveau local, des r\u00e8gles de dimensionnement des param\u00e8tres de stock ainsi que des r\u00e8gles et des outils d\u2019aide \u00e0 la propagation des besoins dans le r\u00e9seau sont plus que primordiales pour s\u2019assurer de la bonne r\u00e9alisation du d\u00e9ploiement des stocks.\u00a0<\/span><\/p>\n<h2><b>Notre approche\u00a0<\/b><\/h2>\n<p><span style=\"font-weight: 400;\">Argon &amp; Co accompagne ses clients tout au long des \u00e9tapes de la planification de la distribution:<\/span><\/p>\n<ul>\n<li style=\"font-weight: 400;\"><span style=\"font-weight: 400;\">L\u2019identification des enjeux li\u00e9s aux dysfonctionnements actuels et l\u2019estimation des co\u00fbts d\u2019\u00e9volution des organisations et des outils (<em>business case<\/em>) ;<\/span><\/li>\n<li style=\"font-weight: 400;\"><span style=\"font-weight: 400;\">La refonte des processus en ligne adapt\u00e9s aux sp\u00e9cificit\u00e9s de l\u2019entreprise (typologie de produits, clients) et en coh\u00e9rence avec son mod\u00e8le de Supply Chain en s\u2019appuyant sur les meilleures pratiques ;<\/span><\/li>\n<li style=\"font-weight: 400;\"><span style=\"font-weight: 400;\">La d\u00e9finition de l\u2019organisation cible en mati\u00e8re de comp\u00e9tences, de dimensionnement, de responsabilit\u00e9s et de structure (central vs. local, par gamme de produits, par usine ou par march\u00e9)\u00a0;\u00a0<\/span><\/li>\n<li style=\"font-weight: 400;\"><span style=\"font-weight: 400;\">L\u2019int\u00e9gration du processus \u00ab planification de distribution \u00bb au sein de l\u2019ensemble des autres processus (demande, S&amp;OP <em>Sales and Operations Planning<\/em>, MPS <em>Master Production Schedule<\/em>) en ad\u00e9quation avec le mod\u00e8le de Supply Chain de l\u2019entreprise et le type de pilotage (synchronis\u00e9 ou d\u00e9coupl\u00e9) ;\u00a0<\/span><\/li>\n<li style=\"font-weight: 400;\"><span style=\"font-weight: 400;\">Le dimensionnement des param\u00e8tres de stocks optimaux (ou <em>buffers<\/em> de la m\u00e9thode <em>DDMRP\u00a0 Demand Driven Material Requirement Planning<\/em>) sur chaque point de d\u00e9couplage (s\u00e9curit\u00e9, anticipation, rotation des stocks tampons ou buffers\u2026) en recherchant \u00e0 diff\u00e9rencier les m\u00e9thodes de gestion selon les familles de produits, les typologies de clients et la p\u00e9riode (gestion dynamique)\u00a0;<\/span><\/li>\n<li style=\"font-weight: 400;\"><span style=\"font-weight: 400;\">L\u2019\u00e9laboration de r\u00e8gles d\u2019optimisation en mati\u00e8re de contraintes et de co\u00fbts de transports\u00a0;\u00a0<\/span><\/li>\n<li style=\"font-weight: 400;\"><span style=\"font-weight: 400;\">La s\u00e9lection et la mise en \u0153uvre d\u2019outils de calcul des besoins de r\u00e9approvisionnement des stocks et d\u2019optimisation du d\u00e9ploiement. Ce processus fait g\u00e9n\u00e9ralement partie d\u2019un projet plus large port\u00e9 par un logiciel d\u2019<em>Advanced Planning System<\/em> (APS) ou de <em>Demand Driven Material Requirement Planning<\/em> (DDMRP) ;\u00a0<\/span><\/li>\n<li style=\"font-weight: 400;\"><span style=\"font-weight: 400;\">Le d\u00e9ploiement d\u2019un plan d\u2019am\u00e9lioration (formation, param\u00e9trage des mod\u00e8les\u2026) et la conduite du changement (\u00e9volution de la culture d\u2019entreprise, des comportements, des comp\u00e9tences, communication\u2026).\u00a0<\/span><\/li>\n<\/ul>\n<p>&nbsp;<\/p>\n","protected":false},"excerpt":{"rendered":"<p>Contexte et d\u00e9fis\u00a0 Dans un r\u00e9seau logistique multiniveaux (stock en usine ou en central, par zones g\u00e9ographiques ou par r\u00e9gions, voire en points de ventes), positionner les bons produits au bon moment et en juste\u00a0: quantit\u00e9 dans la dur\u00e9e est fondamental afin de concilier des objectifs en th\u00e9orie antagonistes\u00a0: r\u00e9duction des co\u00fbts, qualit\u00e9 de service, [&hellip;]<\/p>\n","protected":false},"author":1,"featured_media":0,"parent":37623,"menu_order":8,"comment_status":"closed","ping_status":"closed","template":"","meta":{"_acf_changed":false,"footnotes":""},"class_list":["post-38728","page","type-page","status-publish","hentry"],"acf":[],"yoast_head":"<!-- This site is optimized with the Yoast SEO plugin v27.5 - https:\/\/yoast.com\/product\/yoast-seo-wordpress\/ -->\n<title>Planification de la distribution - Argon &amp; Co<\/title>\n<meta name=\"robots\" content=\"index, follow, max-snippet:-1, max-image-preview:large, max-video-preview:-1\" \/>\n<link rel=\"canonical\" href=\"https:\/\/www.argonandco.com\/fr\/expertises\/supply-chain-planning\/planification-de-la-distribution\/\" \/>\n<meta property=\"og:locale\" content=\"fr_FR\" \/>\n<meta property=\"og:type\" content=\"article\" \/>\n<meta property=\"og:title\" content=\"Planification de la distribution - Argon &amp; Co\" \/>\n<meta property=\"og:description\" content=\"Contexte et d\u00e9fis\u00a0 Dans un r\u00e9seau logistique multiniveaux (stock en usine ou en central, par zones g\u00e9ographiques ou par r\u00e9gions, voire en points de ventes), positionner les bons produits au bon moment et en juste\u00a0: quantit\u00e9 dans la dur\u00e9e est fondamental afin de concilier des objectifs en th\u00e9orie antagonistes\u00a0: r\u00e9duction des co\u00fbts, qualit\u00e9 de service, [&hellip;]\" \/>\n<meta property=\"og:url\" content=\"https:\/\/www.argonandco.com\/fr\/expertises\/supply-chain-planning\/planification-de-la-distribution\/\" \/>\n<meta property=\"og:site_name\" content=\"Argon &amp; Co\" \/>\n<meta name=\"twitter:card\" content=\"summary_large_image\" \/>\n<meta name=\"twitter:label1\" content=\"Dur\u00e9e de lecture estim\u00e9e\" \/>\n\t<meta name=\"twitter:data1\" content=\"3 minutes\" \/>\n<script type=\"application\/ld+json\" class=\"yoast-schema-graph\">{\"@context\":\"https:\\\/\\\/schema.org\",\"@graph\":[{\"@type\":\"WebPage\",\"@id\":\"https:\\\/\\\/www.argonandco.com\\\/fr\\\/expertises\\\/supply-chain-planning\\\/planification-de-la-distribution\\\/\",\"url\":\"https:\\\/\\\/www.argonandco.com\\\/fr\\\/expertises\\\/supply-chain-planning\\\/planification-de-la-distribution\\\/\",\"name\":\"Planification de la distribution - Argon &amp; Co\",\"isPartOf\":{\"@id\":\"https:\\\/\\\/www.argonandco.com\\\/fr\\\/#website\"},\"datePublished\":\"2026-04-07T16:02:44+00:00\",\"breadcrumb\":{\"@id\":\"https:\\\/\\\/www.argonandco.com\\\/fr\\\/expertises\\\/supply-chain-planning\\\/planification-de-la-distribution\\\/#breadcrumb\"},\"inLanguage\":\"fr-FR\",\"potentialAction\":[{\"@type\":\"ReadAction\",\"target\":[\"https:\\\/\\\/www.argonandco.com\\\/fr\\\/expertises\\\/supply-chain-planning\\\/planification-de-la-distribution\\\/\"]}]},{\"@type\":\"BreadcrumbList\",\"@id\":\"https:\\\/\\\/www.argonandco.com\\\/fr\\\/expertises\\\/supply-chain-planning\\\/planification-de-la-distribution\\\/#breadcrumb\",\"itemListElement\":[{\"@type\":\"ListItem\",\"position\":1,\"name\":\"Home\",\"item\":\"https:\\\/\\\/www.argonandco.com\\\/fr\\\/\"},{\"@type\":\"ListItem\",\"position\":2,\"name\":\"Expertises\",\"item\":\"https:\\\/\\\/www.argonandco.com\\\/fr\\\/expertises\\\/\"},{\"@type\":\"ListItem\",\"position\":3,\"name\":\"Supply Chain planning\",\"item\":\"https:\\\/\\\/www.argonandco.com\\\/fr\\\/expertises\\\/supply-chain-planning\\\/\"},{\"@type\":\"ListItem\",\"position\":4,\"name\":\"Planification de la distribution\"}]},{\"@type\":\"WebSite\",\"@id\":\"https:\\\/\\\/www.argonandco.com\\\/fr\\\/#website\",\"url\":\"https:\\\/\\\/www.argonandco.com\\\/fr\\\/\",\"name\":\"Argon &amp; Co\",\"description\":\"We help clients achieve their strategic and operational objectives, working together to transform their businesses and generate real change.\",\"potentialAction\":[{\"@type\":\"SearchAction\",\"target\":{\"@type\":\"EntryPoint\",\"urlTemplate\":\"https:\\\/\\\/www.argonandco.com\\\/fr\\\/?s={search_term_string}\"},\"query-input\":{\"@type\":\"PropertyValueSpecification\",\"valueRequired\":true,\"valueName\":\"search_term_string\"}}],\"inLanguage\":\"fr-FR\"}]}<\/script>\n<!-- \/ Yoast SEO plugin. -->","yoast_head_json":{"title":"Planification de la distribution - Argon &amp; Co","robots":{"index":"index","follow":"follow","max-snippet":"max-snippet:-1","max-image-preview":"max-image-preview:large","max-video-preview":"max-video-preview:-1"},"canonical":"https:\/\/www.argonandco.com\/fr\/expertises\/supply-chain-planning\/planification-de-la-distribution\/","og_locale":"fr_FR","og_type":"article","og_title":"Planification de la distribution - Argon &amp; Co","og_description":"Contexte et d\u00e9fis\u00a0 Dans un r\u00e9seau logistique multiniveaux (stock en usine ou en central, par zones g\u00e9ographiques ou par r\u00e9gions, voire en points de ventes), positionner les bons produits au bon moment et en juste\u00a0: quantit\u00e9 dans la dur\u00e9e est fondamental afin de concilier des objectifs en th\u00e9orie antagonistes\u00a0: r\u00e9duction des co\u00fbts, qualit\u00e9 de service, [&hellip;]","og_url":"https:\/\/www.argonandco.com\/fr\/expertises\/supply-chain-planning\/planification-de-la-distribution\/","og_site_name":"Argon &amp; Co","twitter_card":"summary_large_image","twitter_misc":{"Dur\u00e9e de lecture estim\u00e9e":"3 minutes"},"schema":{"@context":"https:\/\/schema.org","@graph":[{"@type":"WebPage","@id":"https:\/\/www.argonandco.com\/fr\/expertises\/supply-chain-planning\/planification-de-la-distribution\/","url":"https:\/\/www.argonandco.com\/fr\/expertises\/supply-chain-planning\/planification-de-la-distribution\/","name":"Planification de la distribution - Argon &amp; Co","isPartOf":{"@id":"https:\/\/www.argonandco.com\/fr\/#website"},"datePublished":"2026-04-07T16:02:44+00:00","breadcrumb":{"@id":"https:\/\/www.argonandco.com\/fr\/expertises\/supply-chain-planning\/planification-de-la-distribution\/#breadcrumb"},"inLanguage":"fr-FR","potentialAction":[{"@type":"ReadAction","target":["https:\/\/www.argonandco.com\/fr\/expertises\/supply-chain-planning\/planification-de-la-distribution\/"]}]},{"@type":"BreadcrumbList","@id":"https:\/\/www.argonandco.com\/fr\/expertises\/supply-chain-planning\/planification-de-la-distribution\/#breadcrumb","itemListElement":[{"@type":"ListItem","position":1,"name":"Home","item":"https:\/\/www.argonandco.com\/fr\/"},{"@type":"ListItem","position":2,"name":"Expertises","item":"https:\/\/www.argonandco.com\/fr\/expertises\/"},{"@type":"ListItem","position":3,"name":"Supply Chain planning","item":"https:\/\/www.argonandco.com\/fr\/expertises\/supply-chain-planning\/"},{"@type":"ListItem","position":4,"name":"Planification de la distribution"}]},{"@type":"WebSite","@id":"https:\/\/www.argonandco.com\/fr\/#website","url":"https:\/\/www.argonandco.com\/fr\/","name":"Argon &amp; Co","description":"We help clients achieve their strategic and operational objectives, working together to transform their businesses and generate real change.","potentialAction":[{"@type":"SearchAction","target":{"@type":"EntryPoint","urlTemplate":"https:\/\/www.argonandco.com\/fr\/?s={search_term_string}"},"query-input":{"@type":"PropertyValueSpecification","valueRequired":true,"valueName":"search_term_string"}}],"inLanguage":"fr-FR"}]}},"_links":{"self":[{"href":"https:\/\/www.argonandco.com\/fr\/wp-json\/wp\/v2\/pages\/38728","targetHints":{"allow":["GET"]}}],"collection":[{"href":"https:\/\/www.argonandco.com\/fr\/wp-json\/wp\/v2\/pages"}],"about":[{"href":"https:\/\/www.argonandco.com\/fr\/wp-json\/wp\/v2\/types\/page"}],"author":[{"embeddable":true,"href":"https:\/\/www.argonandco.com\/fr\/wp-json\/wp\/v2\/users\/1"}],"replies":[{"embeddable":true,"href":"https:\/\/www.argonandco.com\/fr\/wp-json\/wp\/v2\/comments?post=38728"}],"version-history":[{"count":0,"href":"https:\/\/www.argonandco.com\/fr\/wp-json\/wp\/v2\/pages\/38728\/revisions"}],"up":[{"embeddable":true,"href":"https:\/\/www.argonandco.com\/fr\/wp-json\/wp\/v2\/pages\/37623"}],"wp:attachment":[{"href":"https:\/\/www.argonandco.com\/fr\/wp-json\/wp\/v2\/media?parent=38728"}],"curies":[{"name":"wp","href":"https:\/\/api.w.org\/{rel}","templated":true}]}}