{"id":38692,"date":"2026-04-07T17:14:56","date_gmt":"2026-04-07T16:14:56","guid":{"rendered":"https:\/\/www.argonandco.com\/?page_id=38692"},"modified":"2026-04-07T17:14:56","modified_gmt":"2026-04-07T16:14:56","slug":"les-solutions-source-to-pay","status":"publish","type":"page","link":"https:\/\/www.argonandco.com\/fr\/expertises\/achats\/les-solutions-source-to-pay\/","title":{"rendered":"Les solutions Source-to-Pay"},"content":{"rendered":"<h2><b>Contexte et d\u00e9fis<\/b><\/h2>\n<p><span class=\"intro\" style=\"font-weight: 400;\">Les offres d\u2019outils digitaux d\u00e9di\u00e9s aux achats se d\u00e9veloppent constamment autour de nouveaux \u00e9diteurs, de nouveaux services, de nouvelles fonctionnalit\u00e9s\u2026 Les entreprises ont donc int\u00e9r\u00eat \u00e0 examiner en continu leurs pratiques Source-to-Pay et d\u2019analyser les opportunit\u00e9s d\u2019\u00e9volution. Pour cela, elles doivent r\u00e9pondre \u00e0 un certain nombre de questions strat\u00e9giques : Comment aborder les achats de classe C ? En quoi le RPA (Robotic Process Automation) peut-il permettre aux acheteurs de se mobiliser sur des activit\u00e9s \u00e0 plus fortes valeurs ajout\u00e9es ? Comment l\u2019entreprise peut-elle mettre en place des mod\u00e8les de co\u00fbts robustes\u00a0? Comment am\u00e9liorer la collaboration avec les fournisseurs\u00a0?<\/span><\/p>\n<p><span style=\"font-weight: 400;\">Face \u00e0 la multitude de solutions digitales disponibles sur le march\u00e9, il est souvent difficile de comprendre les sp\u00e9cificit\u00e9s de chaque offre et de percevoir leur apport de valeur. Pour faciliter les choix, les entreprises doivent d\u00e9finir, en plus de ses priorit\u00e9s, le p\u00e9rim\u00e8tre d\u2019action et la valorisation des opportunit\u00e9s et des investissements associ\u00e9s.<\/span><\/p>\n<p>&nbsp;<\/p>\n<p><span style=\"font-weight: 400;\">Dans un second temps, <\/span><span style=\"font-weight: 400;\">une fois les priorit\u00e9s clairement identifi\u00e9es, <\/span><span style=\"font-weight: 400;\">l\u2019entreprise proc\u00e8dera \u00e0 la d\u00e9finition des processus cibles et \u00e0 la s\u00e9lection des syst\u00e8mes d\u2019information les mieux adapt\u00e9s. Il s\u2019agira enfin de piloter l\u2019int\u00e9grateur tout en embarquant les utilisateurs, et ce en toute ind\u00e9pendance des \u00e9diteurs.<\/span><\/p>\n<h2><b>Notre approche<\/b><\/h2>\n<p><span style=\"font-weight: 400;\">Argon &amp; Co aide les entreprises \u00e0 d\u00e9finir leurs besoins SI \u00ab Source-to-Pay \u00bb et les accompagne dans leur d\u00e9ploiement :<\/span><\/p>\n<ul>\n<li style=\"list-style-type: none;\">\n<ul>\n<li style=\"font-weight: 400;\"><span style=\"font-weight: 400;\">Hi\u00e9rarchisation du p\u00e9rim\u00e8tre fonctionnel et \u00e9valuation du besoin d\u2019adaptation des processus existants et des organisations.\u00a0<\/span><\/li>\n<li style=\"font-weight: 400;\"><span style=\"font-weight: 400;\">\u00c9valuation des solutions du march\u00e9 au regard des besoins exprim\u00e9s.\u00a0<\/span><\/li>\n<li style=\"font-weight: 400;\"><span style=\"font-weight: 400;\">Accompagnement pour le choix de la solution \u00e0 partir du cahier des charges, des crit\u00e8res d\u2019\u00e9valuation des offres et de l\u2019analyse technique et \u00e9conomique des offres.\u00a0<\/span><\/li>\n<li style=\"font-weight: 400;\"><span style=\"font-weight: 400;\">\u00c9valuation des impacts de la conduite du changement et de la strat\u00e9gie de d\u00e9ploiement.\u00a0<\/span><\/li>\n<li style=\"font-weight: 400;\"><span style=\"font-weight: 400;\">Accompagnement au d\u00e9ploiement de la solution.\u00a0<\/span><\/li>\n<\/ul>\n<\/li>\n<\/ul>\n","protected":false},"excerpt":{"rendered":"<p>Contexte et d\u00e9fis Les offres d\u2019outils digitaux d\u00e9di\u00e9s aux achats se d\u00e9veloppent constamment autour de nouveaux \u00e9diteurs, de nouveaux services, de nouvelles fonctionnalit\u00e9s\u2026 Les entreprises ont donc int\u00e9r\u00eat \u00e0 examiner en continu leurs pratiques Source-to-Pay et d\u2019analyser les opportunit\u00e9s d\u2019\u00e9volution. Pour cela, elles doivent r\u00e9pondre \u00e0 un certain nombre de questions strat\u00e9giques : Comment aborder [&hellip;]<\/p>\n","protected":false},"author":1,"featured_media":0,"parent":37252,"menu_order":14,"comment_status":"closed","ping_status":"closed","template":"","meta":{"_acf_changed":false,"footnotes":""},"class_list":["post-38692","page","type-page","status-publish","hentry"],"acf":[],"yoast_head":"<!-- This site is optimized with the Yoast SEO plugin v27.5 - https:\/\/yoast.com\/product\/yoast-seo-wordpress\/ -->\n<title>Les solutions Source-to-Pay | Argon &amp; Co<\/title>\n<meta name=\"description\" content=\"Argon &amp; Co associe les solutions digitales innovantes au conseil strat\u00e9gie achats afin d&#039;optimiser les processus source-to-pay et l&#039;\u00e9volution des entreprises.\" \/>\n<meta name=\"robots\" content=\"index, follow, max-snippet:-1, max-image-preview:large, max-video-preview:-1\" \/>\n<link rel=\"canonical\" href=\"https:\/\/www.argonandco.com\/fr\/expertises\/achats\/les-solutions-source-to-pay\/\" \/>\n<meta property=\"og:locale\" content=\"fr_FR\" \/>\n<meta property=\"og:type\" content=\"article\" \/>\n<meta property=\"og:title\" content=\"Les solutions Source-to-Pay | Argon &amp; Co\" \/>\n<meta property=\"og:description\" content=\"Argon &amp; Co associe les solutions digitales innovantes au conseil strat\u00e9gie achats afin d&#039;optimiser les processus source-to-pay et l&#039;\u00e9volution des entreprises.\" \/>\n<meta property=\"og:url\" content=\"https:\/\/www.argonandco.com\/fr\/expertises\/achats\/les-solutions-source-to-pay\/\" \/>\n<meta property=\"og:site_name\" content=\"Argon &amp; Co\" \/>\n<meta name=\"twitter:card\" content=\"summary_large_image\" \/>\n<meta name=\"twitter:label1\" content=\"Dur\u00e9e de lecture estim\u00e9e\" \/>\n\t<meta name=\"twitter:data1\" content=\"2 minutes\" \/>\n<script type=\"application\/ld+json\" class=\"yoast-schema-graph\">{\"@context\":\"https:\\\/\\\/schema.org\",\"@graph\":[{\"@type\":\"WebPage\",\"@id\":\"https:\\\/\\\/www.argonandco.com\\\/fr\\\/expertises\\\/achats\\\/les-solutions-source-to-pay\\\/\",\"url\":\"https:\\\/\\\/www.argonandco.com\\\/fr\\\/expertises\\\/achats\\\/les-solutions-source-to-pay\\\/\",\"name\":\"Les solutions Source-to-Pay | Argon & Co\",\"isPartOf\":{\"@id\":\"https:\\\/\\\/www.argonandco.com\\\/fr\\\/#website\"},\"datePublished\":\"2026-04-07T16:14:56+00:00\",\"description\":\"Argon & Co associe les solutions digitales innovantes au conseil strat\u00e9gie achats afin d'optimiser les processus source-to-pay et l'\u00e9volution des entreprises.\",\"breadcrumb\":{\"@id\":\"https:\\\/\\\/www.argonandco.com\\\/fr\\\/expertises\\\/achats\\\/les-solutions-source-to-pay\\\/#breadcrumb\"},\"inLanguage\":\"fr-FR\",\"potentialAction\":[{\"@type\":\"ReadAction\",\"target\":[\"https:\\\/\\\/www.argonandco.com\\\/fr\\\/expertises\\\/achats\\\/les-solutions-source-to-pay\\\/\"]}]},{\"@type\":\"BreadcrumbList\",\"@id\":\"https:\\\/\\\/www.argonandco.com\\\/fr\\\/expertises\\\/achats\\\/les-solutions-source-to-pay\\\/#breadcrumb\",\"itemListElement\":[{\"@type\":\"ListItem\",\"position\":1,\"name\":\"Home\",\"item\":\"https:\\\/\\\/www.argonandco.com\\\/fr\\\/\"},{\"@type\":\"ListItem\",\"position\":2,\"name\":\"Expertises\",\"item\":\"https:\\\/\\\/www.argonandco.com\\\/fr\\\/expertises\\\/\"},{\"@type\":\"ListItem\",\"position\":3,\"name\":\"Achats\",\"item\":\"https:\\\/\\\/www.argonandco.com\\\/fr\\\/expertises\\\/achats\\\/\"},{\"@type\":\"ListItem\",\"position\":4,\"name\":\"Les solutions Source-to-Pay\"}]},{\"@type\":\"WebSite\",\"@id\":\"https:\\\/\\\/www.argonandco.com\\\/fr\\\/#website\",\"url\":\"https:\\\/\\\/www.argonandco.com\\\/fr\\\/\",\"name\":\"Argon &amp; Co\",\"description\":\"We help clients achieve their strategic and operational objectives, working together to transform their businesses and generate real change.\",\"potentialAction\":[{\"@type\":\"SearchAction\",\"target\":{\"@type\":\"EntryPoint\",\"urlTemplate\":\"https:\\\/\\\/www.argonandco.com\\\/fr\\\/?s={search_term_string}\"},\"query-input\":{\"@type\":\"PropertyValueSpecification\",\"valueRequired\":true,\"valueName\":\"search_term_string\"}}],\"inLanguage\":\"fr-FR\"}]}<\/script>\n<!-- \/ Yoast SEO plugin. -->","yoast_head_json":{"title":"Les solutions Source-to-Pay | Argon & Co","description":"Argon & Co associe les solutions digitales innovantes au conseil strat\u00e9gie achats afin d'optimiser les processus source-to-pay et l'\u00e9volution des entreprises.","robots":{"index":"index","follow":"follow","max-snippet":"max-snippet:-1","max-image-preview":"max-image-preview:large","max-video-preview":"max-video-preview:-1"},"canonical":"https:\/\/www.argonandco.com\/fr\/expertises\/achats\/les-solutions-source-to-pay\/","og_locale":"fr_FR","og_type":"article","og_title":"Les solutions Source-to-Pay | Argon & Co","og_description":"Argon & Co associe les solutions digitales innovantes au conseil strat\u00e9gie achats afin d'optimiser les processus source-to-pay et l'\u00e9volution des entreprises.","og_url":"https:\/\/www.argonandco.com\/fr\/expertises\/achats\/les-solutions-source-to-pay\/","og_site_name":"Argon &amp; Co","twitter_card":"summary_large_image","twitter_misc":{"Dur\u00e9e de lecture estim\u00e9e":"2 minutes"},"schema":{"@context":"https:\/\/schema.org","@graph":[{"@type":"WebPage","@id":"https:\/\/www.argonandco.com\/fr\/expertises\/achats\/les-solutions-source-to-pay\/","url":"https:\/\/www.argonandco.com\/fr\/expertises\/achats\/les-solutions-source-to-pay\/","name":"Les solutions Source-to-Pay | Argon & Co","isPartOf":{"@id":"https:\/\/www.argonandco.com\/fr\/#website"},"datePublished":"2026-04-07T16:14:56+00:00","description":"Argon & Co associe les solutions digitales innovantes au conseil strat\u00e9gie achats afin d'optimiser les processus source-to-pay et l'\u00e9volution des entreprises.","breadcrumb":{"@id":"https:\/\/www.argonandco.com\/fr\/expertises\/achats\/les-solutions-source-to-pay\/#breadcrumb"},"inLanguage":"fr-FR","potentialAction":[{"@type":"ReadAction","target":["https:\/\/www.argonandco.com\/fr\/expertises\/achats\/les-solutions-source-to-pay\/"]}]},{"@type":"BreadcrumbList","@id":"https:\/\/www.argonandco.com\/fr\/expertises\/achats\/les-solutions-source-to-pay\/#breadcrumb","itemListElement":[{"@type":"ListItem","position":1,"name":"Home","item":"https:\/\/www.argonandco.com\/fr\/"},{"@type":"ListItem","position":2,"name":"Expertises","item":"https:\/\/www.argonandco.com\/fr\/expertises\/"},{"@type":"ListItem","position":3,"name":"Achats","item":"https:\/\/www.argonandco.com\/fr\/expertises\/achats\/"},{"@type":"ListItem","position":4,"name":"Les solutions Source-to-Pay"}]},{"@type":"WebSite","@id":"https:\/\/www.argonandco.com\/fr\/#website","url":"https:\/\/www.argonandco.com\/fr\/","name":"Argon &amp; Co","description":"We help clients achieve their strategic and operational objectives, working together to transform their businesses and generate real change.","potentialAction":[{"@type":"SearchAction","target":{"@type":"EntryPoint","urlTemplate":"https:\/\/www.argonandco.com\/fr\/?s={search_term_string}"},"query-input":{"@type":"PropertyValueSpecification","valueRequired":true,"valueName":"search_term_string"}}],"inLanguage":"fr-FR"}]}},"_links":{"self":[{"href":"https:\/\/www.argonandco.com\/fr\/wp-json\/wp\/v2\/pages\/38692","targetHints":{"allow":["GET"]}}],"collection":[{"href":"https:\/\/www.argonandco.com\/fr\/wp-json\/wp\/v2\/pages"}],"about":[{"href":"https:\/\/www.argonandco.com\/fr\/wp-json\/wp\/v2\/types\/page"}],"author":[{"embeddable":true,"href":"https:\/\/www.argonandco.com\/fr\/wp-json\/wp\/v2\/users\/1"}],"replies":[{"embeddable":true,"href":"https:\/\/www.argonandco.com\/fr\/wp-json\/wp\/v2\/comments?post=38692"}],"version-history":[{"count":0,"href":"https:\/\/www.argonandco.com\/fr\/wp-json\/wp\/v2\/pages\/38692\/revisions"}],"up":[{"embeddable":true,"href":"https:\/\/www.argonandco.com\/fr\/wp-json\/wp\/v2\/pages\/37252"}],"wp:attachment":[{"href":"https:\/\/www.argonandco.com\/fr\/wp-json\/wp\/v2\/media?parent=38692"}],"curies":[{"name":"wp","href":"https:\/\/api.w.org\/{rel}","templated":true}]}}