{"id":38668,"date":"2026-04-07T17:14:25","date_gmt":"2026-04-07T16:14:25","guid":{"rendered":"https:\/\/www.argonandco.com\/?page_id=38668"},"modified":"2026-04-07T17:14:25","modified_gmt":"2026-04-07T16:14:25","slug":"category-management","status":"publish","type":"page","link":"https:\/\/www.argonandco.com\/fr\/expertises\/achats\/category-management\/","title":{"rendered":"Category Management"},"content":{"rendered":"<h2><b>Contexte et d\u00e9fis<\/b><\/h2>\n<p><span class=\"intro\" style=\"font-weight: 400;\">Pour assurer la mise en \u0153uvre op\u00e9rationnelle de leur strat\u00e9gie achats, les entreprises ont tout int\u00e9r\u00eat \u00e0 s\u2019appuyer sur un programme de category management. Celui-ci couvre l\u2019ensemble du cycle de vie de la relation fournisseur, depuis son identification et sa qualification jusqu\u2019\u00e0 sa sortie du panel, autrement dit du vivier de fournisseurs. Le category management porte ainsi sur un tr\u00e8s large spectre d\u2019activit\u00e9s, aussi bien op\u00e9rationnelles (gestion des appels d\u2019offres, \u00e9valuation des fournisseurs\u2026) que strat\u00e9giques (constitution du panel cible, animation des partenaires de premier plan\u2026).\u00a0<\/span><\/p>\n<p><span style=\"font-weight: 400;\">En cons\u00e9quence, la fonction achats doit composer avec des demandes de la direction g\u00e9n\u00e9rale parfois difficilement compatibles entre elles : g\u00e9n\u00e9rer toujours plus d\u2019\u00e9conomies, ma\u00eetriser les risques (en particulier lors des transferts entre fournisseurs), identifier les innovations des fournisseurs et montrer une grande capacit\u00e9 d\u2019adaptation aux nouveaux business models de l\u2019entreprise. L\u2019un des d\u00e9fis majeurs consiste alors \u00e0 concilier les enjeux op\u00e9rationnels \u00e0 court terme et la strat\u00e9gie au long cours.\u00a0<\/span><\/p>\n<p><span style=\"font-weight: 400;\">Le succ\u00e8s d\u2019un programme de category management repose sur sa grande agilit\u00e9. Cela suppose de s\u2019appuyer sur des donn\u00e9es fiables et mises \u00e0 jour en temps r\u00e9el. Les donneurs d\u2019ordre et les fonctions normatives (que sont les fonctions qualit\u00e9 et approvisionnement) doivent \u00e9galement s\u2019impliquer d\u00e8s le d\u00e9marrage du programme. Une communication fluide et efficace en interne comme avec les fournisseurs est, elle aussi, gage d\u2019agilit\u00e9.\u00a0<\/span><\/p>\n<p><span style=\"font-weight: 400;\">Enfin, les nouveaux canaux d\u2019approvisionnement, port\u00e9s notamment par les marketplaces digitales, viennent bousculer la notion m\u00eame de category management. Ils poussent les acheteurs eux-m\u00eames \u00e0 \u00e9voluer, \u00e0 changer d\u2019ADN, pour tirer b\u00e9n\u00e9fice de ces nouveaux modes d\u2019achats totalement digitaux.\u00a0<\/span><\/p>\n<h2><b>Notre approche<\/b><\/h2>\n<p><span style=\"font-weight: 400;\">Argon &amp; Co accompagne les entreprises dans la plupart des dimensions du category management :<\/span><\/p>\n<ul>\n<li style=\"list-style-type: none;\">\n<ul>\n<li style=\"font-weight: 400;\"><span style=\"font-weight: 400;\">\u00e9valuation de la maturit\u00e9 du category management\u00a0;<\/span><\/li>\n<li style=\"font-weight: 400;\"><span style=\"font-weight: 400;\">mise en place des processus et outils de category management (direct, indirect)\u00a0;<\/span><\/li>\n<li style=\"font-weight: 400;\"><span style=\"font-weight: 400;\">construction des objectifs SI pour un category management efficace\u00a0;<\/span><\/li>\n<li style=\"font-weight: 400;\"><span style=\"font-weight: 400;\">d\u00e9finition des feuilles de route et d\u00e9ploiement de la strat\u00e9gie de category management\u00a0;<\/span><\/li>\n<li style=\"font-weight: 400;\"><span style=\"font-weight: 400;\">refonte des modes de collaborations internes et des routines internes.<\/span><\/li>\n<\/ul>\n<\/li>\n<\/ul>\n","protected":false},"excerpt":{"rendered":"<p>Contexte et d\u00e9fis Pour assurer la mise en \u0153uvre op\u00e9rationnelle de leur strat\u00e9gie achats, les entreprises ont tout int\u00e9r\u00eat \u00e0 s\u2019appuyer sur un programme de category management. Celui-ci couvre l\u2019ensemble du cycle de vie de la relation fournisseur, depuis son identification et sa qualification jusqu\u2019\u00e0 sa sortie du panel, autrement dit du vivier de fournisseurs. [&hellip;]<\/p>\n","protected":false},"author":1,"featured_media":0,"parent":37252,"menu_order":7,"comment_status":"closed","ping_status":"closed","template":"","meta":{"_acf_changed":false,"footnotes":""},"class_list":["post-38668","page","type-page","status-publish","hentry"],"acf":[],"yoast_head":"<!-- This site is optimized with the Yoast SEO plugin v27.5 - https:\/\/yoast.com\/product\/yoast-seo-wordpress\/ -->\n<title>Category Management | Argon &amp; Co<\/title>\n<meta name=\"description\" content=\"\u00c0 travers le category management et le conseil strat\u00e9gie achat, Argon &amp; Co permet aux entreprises d&#039;assurer la mise en oeuvre op\u00e9rationnelle de leurs strat\u00e9gies.\" \/>\n<meta name=\"robots\" content=\"index, follow, max-snippet:-1, max-image-preview:large, max-video-preview:-1\" \/>\n<link rel=\"canonical\" href=\"https:\/\/www.argonandco.com\/fr\/expertises\/achats\/category-management\/\" \/>\n<meta property=\"og:locale\" content=\"fr_FR\" \/>\n<meta property=\"og:type\" content=\"article\" \/>\n<meta property=\"og:title\" content=\"Category Management | Argon &amp; Co\" \/>\n<meta property=\"og:description\" content=\"\u00c0 travers le category management et le conseil strat\u00e9gie achat, Argon &amp; Co permet aux entreprises d&#039;assurer la mise en oeuvre op\u00e9rationnelle de leurs strat\u00e9gies.\" \/>\n<meta property=\"og:url\" content=\"https:\/\/www.argonandco.com\/fr\/expertises\/achats\/category-management\/\" \/>\n<meta property=\"og:site_name\" content=\"Argon &amp; Co\" \/>\n<meta name=\"twitter:card\" content=\"summary_large_image\" \/>\n<meta name=\"twitter:label1\" content=\"Dur\u00e9e de lecture estim\u00e9e\" \/>\n\t<meta name=\"twitter:data1\" content=\"2 minutes\" \/>\n<script type=\"application\/ld+json\" class=\"yoast-schema-graph\">{\"@context\":\"https:\\\/\\\/schema.org\",\"@graph\":[{\"@type\":\"WebPage\",\"@id\":\"https:\\\/\\\/www.argonandco.com\\\/fr\\\/expertises\\\/achats\\\/category-management\\\/\",\"url\":\"https:\\\/\\\/www.argonandco.com\\\/fr\\\/expertises\\\/achats\\\/category-management\\\/\",\"name\":\"Category Management | Argon & Co\",\"isPartOf\":{\"@id\":\"https:\\\/\\\/www.argonandco.com\\\/fr\\\/#website\"},\"datePublished\":\"2026-04-07T16:14:25+00:00\",\"description\":\"\u00c0 travers le category management et le conseil strat\u00e9gie achat, Argon & Co permet aux entreprises d'assurer la mise en oeuvre op\u00e9rationnelle de leurs strat\u00e9gies.\",\"breadcrumb\":{\"@id\":\"https:\\\/\\\/www.argonandco.com\\\/fr\\\/expertises\\\/achats\\\/category-management\\\/#breadcrumb\"},\"inLanguage\":\"fr-FR\",\"potentialAction\":[{\"@type\":\"ReadAction\",\"target\":[\"https:\\\/\\\/www.argonandco.com\\\/fr\\\/expertises\\\/achats\\\/category-management\\\/\"]}]},{\"@type\":\"BreadcrumbList\",\"@id\":\"https:\\\/\\\/www.argonandco.com\\\/fr\\\/expertises\\\/achats\\\/category-management\\\/#breadcrumb\",\"itemListElement\":[{\"@type\":\"ListItem\",\"position\":1,\"name\":\"Home\",\"item\":\"https:\\\/\\\/www.argonandco.com\\\/fr\\\/\"},{\"@type\":\"ListItem\",\"position\":2,\"name\":\"Expertises\",\"item\":\"https:\\\/\\\/www.argonandco.com\\\/fr\\\/expertises\\\/\"},{\"@type\":\"ListItem\",\"position\":3,\"name\":\"Achats\",\"item\":\"https:\\\/\\\/www.argonandco.com\\\/fr\\\/expertises\\\/achats\\\/\"},{\"@type\":\"ListItem\",\"position\":4,\"name\":\"Category Management\"}]},{\"@type\":\"WebSite\",\"@id\":\"https:\\\/\\\/www.argonandco.com\\\/fr\\\/#website\",\"url\":\"https:\\\/\\\/www.argonandco.com\\\/fr\\\/\",\"name\":\"Argon &amp; Co\",\"description\":\"We help clients achieve their strategic and operational objectives, working together to transform their businesses and generate real change.\",\"potentialAction\":[{\"@type\":\"SearchAction\",\"target\":{\"@type\":\"EntryPoint\",\"urlTemplate\":\"https:\\\/\\\/www.argonandco.com\\\/fr\\\/?s={search_term_string}\"},\"query-input\":{\"@type\":\"PropertyValueSpecification\",\"valueRequired\":true,\"valueName\":\"search_term_string\"}}],\"inLanguage\":\"fr-FR\"}]}<\/script>\n<!-- \/ Yoast SEO plugin. -->","yoast_head_json":{"title":"Category Management | Argon & Co","description":"\u00c0 travers le category management et le conseil strat\u00e9gie achat, Argon & Co permet aux entreprises d'assurer la mise en oeuvre op\u00e9rationnelle de leurs strat\u00e9gies.","robots":{"index":"index","follow":"follow","max-snippet":"max-snippet:-1","max-image-preview":"max-image-preview:large","max-video-preview":"max-video-preview:-1"},"canonical":"https:\/\/www.argonandco.com\/fr\/expertises\/achats\/category-management\/","og_locale":"fr_FR","og_type":"article","og_title":"Category Management | Argon & Co","og_description":"\u00c0 travers le category management et le conseil strat\u00e9gie achat, Argon & Co permet aux entreprises d'assurer la mise en oeuvre op\u00e9rationnelle de leurs strat\u00e9gies.","og_url":"https:\/\/www.argonandco.com\/fr\/expertises\/achats\/category-management\/","og_site_name":"Argon &amp; Co","twitter_card":"summary_large_image","twitter_misc":{"Dur\u00e9e de lecture estim\u00e9e":"2 minutes"},"schema":{"@context":"https:\/\/schema.org","@graph":[{"@type":"WebPage","@id":"https:\/\/www.argonandco.com\/fr\/expertises\/achats\/category-management\/","url":"https:\/\/www.argonandco.com\/fr\/expertises\/achats\/category-management\/","name":"Category Management | Argon & Co","isPartOf":{"@id":"https:\/\/www.argonandco.com\/fr\/#website"},"datePublished":"2026-04-07T16:14:25+00:00","description":"\u00c0 travers le category management et le conseil strat\u00e9gie achat, Argon & Co permet aux entreprises d'assurer la mise en oeuvre op\u00e9rationnelle de leurs strat\u00e9gies.","breadcrumb":{"@id":"https:\/\/www.argonandco.com\/fr\/expertises\/achats\/category-management\/#breadcrumb"},"inLanguage":"fr-FR","potentialAction":[{"@type":"ReadAction","target":["https:\/\/www.argonandco.com\/fr\/expertises\/achats\/category-management\/"]}]},{"@type":"BreadcrumbList","@id":"https:\/\/www.argonandco.com\/fr\/expertises\/achats\/category-management\/#breadcrumb","itemListElement":[{"@type":"ListItem","position":1,"name":"Home","item":"https:\/\/www.argonandco.com\/fr\/"},{"@type":"ListItem","position":2,"name":"Expertises","item":"https:\/\/www.argonandco.com\/fr\/expertises\/"},{"@type":"ListItem","position":3,"name":"Achats","item":"https:\/\/www.argonandco.com\/fr\/expertises\/achats\/"},{"@type":"ListItem","position":4,"name":"Category Management"}]},{"@type":"WebSite","@id":"https:\/\/www.argonandco.com\/fr\/#website","url":"https:\/\/www.argonandco.com\/fr\/","name":"Argon &amp; Co","description":"We help clients achieve their strategic and operational objectives, working together to transform their businesses and generate real change.","potentialAction":[{"@type":"SearchAction","target":{"@type":"EntryPoint","urlTemplate":"https:\/\/www.argonandco.com\/fr\/?s={search_term_string}"},"query-input":{"@type":"PropertyValueSpecification","valueRequired":true,"valueName":"search_term_string"}}],"inLanguage":"fr-FR"}]}},"_links":{"self":[{"href":"https:\/\/www.argonandco.com\/fr\/wp-json\/wp\/v2\/pages\/38668","targetHints":{"allow":["GET"]}}],"collection":[{"href":"https:\/\/www.argonandco.com\/fr\/wp-json\/wp\/v2\/pages"}],"about":[{"href":"https:\/\/www.argonandco.com\/fr\/wp-json\/wp\/v2\/types\/page"}],"author":[{"embeddable":true,"href":"https:\/\/www.argonandco.com\/fr\/wp-json\/wp\/v2\/users\/1"}],"replies":[{"embeddable":true,"href":"https:\/\/www.argonandco.com\/fr\/wp-json\/wp\/v2\/comments?post=38668"}],"version-history":[{"count":0,"href":"https:\/\/www.argonandco.com\/fr\/wp-json\/wp\/v2\/pages\/38668\/revisions"}],"up":[{"embeddable":true,"href":"https:\/\/www.argonandco.com\/fr\/wp-json\/wp\/v2\/pages\/37252"}],"wp:attachment":[{"href":"https:\/\/www.argonandco.com\/fr\/wp-json\/wp\/v2\/media?parent=38668"}],"curies":[{"name":"wp","href":"https:\/\/api.w.org\/{rel}","templated":true}]}}