{"id":38660,"date":"2026-04-07T17:03:00","date_gmt":"2026-04-07T16:03:00","guid":{"rendered":"https:\/\/www.argonandco.com\/?page_id=38660"},"modified":"2026-04-07T17:03:00","modified_gmt":"2026-04-07T16:03:00","slug":"design-to-value","status":"publish","type":"page","link":"https:\/\/www.argonandco.com\/fr\/expertises\/supply-chain-planning\/design-to-value\/","title":{"rendered":"Design to Value"},"content":{"rendered":"<h2><b>Contexte et d\u00e9fis\u00a0<\/b><\/h2>\n<p><span class=\"intro\" style=\"font-weight: 400;\">Le design to cost\/value honore toujours son \u00ab contrat \u00bb avec de 15 \u00e0 plus de 30 % d\u2019\u00e9conomies garanties sur le p\u00e9rim\u00e8tre d\u2019action consid\u00e9r\u00e9, un ROI sans \u00e9gal, et ce, rarement en plus de quelques mois.<\/span><\/p>\n<p><span style=\"font-weight: 400;\">Lorsque les optimisations des co\u00fbts ont \u00e9t\u00e9 men\u00e9es avec succ\u00e8s, le design to cost\/value apporte une r\u00e9ponse aux dirigeants qui ont besoin de penser en dehors des sentiers battus pour aller encore plus loin. Il s\u2019agit d\u2019une d\u00e9marche pragmatique qui mobilise tout l&rsquo;\u00e9cosyst\u00e8me de l&rsquo;entreprise.<\/span><\/p>\n<p><span style=\"font-weight: 400;\">La collaboration \u00e9tendue sur l\u2019ensemble de la cha\u00eene de valeur, des fournisseurs aux clients et utilisateurs, repose sur un jeu collectif o\u00f9 toutes les fonctions de l\u2019entreprise interagissent ensemble de fa\u00e7on coordonn\u00e9e pour atteindre les objectifs fix\u00e9s par la direction g\u00e9n\u00e9rale : r\u00e9duction de co\u00fbts, r\u00e9duction de cycles, d\u00e9veloppement de nouvelles offres&#8230;<\/span><\/p>\n<h2><b>Notre approche\u00a0<\/b><\/h2>\n<p><span style=\"font-weight: 400;\">Nous accompagnons nos clients dans la mise en place de projets design to cost\/value\u00a0:\u00a0<\/span><\/p>\n<ul>\n<li style=\"font-weight: 400;\">Cadrage de la d\u00e9marche design to cost<span style=\"font-weight: 400;\"> en analysant les portefeuilles de produits et d&rsquo;offres, les structures de co\u00fbts et la maturit\u00e9 des organisations afin de d\u00e9terminer les chantiers avec leurs enjeux \u00ab\u00a0en rupture\u00a0\u00bb.<\/span><\/li>\n<li style=\"font-weight: 400;\">Mise en \u0153uvre de groupes de travail multifonctionnels<span style=\"font-weight: 400;\"> focalis\u00e9s sur la recherche d&rsquo;opportunit\u00e9s tant en interne qu&rsquo;avec des partenaires externes, clients et fournisseurs. Nous appliquons l&rsquo;analyse de valeur, l&rsquo;analyse fonctionnelle pour les produits et services vis\u00e9s. Nous identifions les inducteurs de co\u00fbts et optimisons la logique de d\u00e9veloppement, les proc\u00e9d\u00e9s industriels, la supply chain ainsi que les strat\u00e9gies de sourcing dans une logique d&rsquo;optimisation du co\u00fbt complet sur le cycle de vie du produit.<\/span><\/li>\n<li style=\"font-weight: 400;\">Alignement des \u00e9quipes sur les objectifs \u00ab\u00a0en rupture\u00a0\u00bb<span style=\"font-weight: 400;\">, ainsi que sur la prise de d\u00e9cision de mettre en \u0153uvre les opportunit\u00e9s identifi\u00e9es par les groupes de travail, en \u00e9valuant la prise de risque technico-\u00e9conomique.<\/span><\/li>\n<li style=\"font-weight: 400;\">Coaching des \u00e9quipes op\u00e9rationnelles<span style=\"font-weight: 400;\"> pour r\u00e9ussir la mise en \u0153uvre des opportunit\u00e9s et faciliter l&rsquo;appropriation de la d\u00e9marche par un transfert de comp\u00e9tences.<\/span><\/li>\n<\/ul>\n","protected":false},"excerpt":{"rendered":"<p>Contexte et d\u00e9fis\u00a0 Le design to cost\/value honore toujours son \u00ab contrat \u00bb avec de 15 \u00e0 plus de 30 % d\u2019\u00e9conomies garanties sur le p\u00e9rim\u00e8tre d\u2019action consid\u00e9r\u00e9, un ROI sans \u00e9gal, et ce, rarement en plus de quelques mois. Lorsque les optimisations des co\u00fbts ont \u00e9t\u00e9 men\u00e9es avec succ\u00e8s, le design to cost\/value apporte [&hellip;]<\/p>\n","protected":false},"author":1,"featured_media":0,"parent":37623,"menu_order":9,"comment_status":"closed","ping_status":"closed","template":"","meta":{"_acf_changed":false,"footnotes":""},"class_list":["post-38660","page","type-page","status-publish","hentry"],"acf":[],"yoast_head":"<!-- This site is optimized with the Yoast SEO plugin v27.5 - https:\/\/yoast.com\/product\/yoast-seo-wordpress\/ -->\n<title>Design to Value - Argon &amp; Co<\/title>\n<meta name=\"robots\" content=\"index, follow, max-snippet:-1, max-image-preview:large, max-video-preview:-1\" \/>\n<link rel=\"canonical\" href=\"https:\/\/www.argonandco.com\/fr\/expertises\/supply-chain-planning\/design-to-value\/\" \/>\n<meta property=\"og:locale\" content=\"fr_FR\" \/>\n<meta property=\"og:type\" content=\"article\" \/>\n<meta property=\"og:title\" content=\"Design to Value - Argon &amp; Co\" \/>\n<meta property=\"og:description\" content=\"Contexte et d\u00e9fis\u00a0 Le design to cost\/value honore toujours son \u00ab contrat \u00bb avec de 15 \u00e0 plus de 30 % d\u2019\u00e9conomies garanties sur le p\u00e9rim\u00e8tre d\u2019action consid\u00e9r\u00e9, un ROI sans \u00e9gal, et ce, rarement en plus de quelques mois. Lorsque les optimisations des co\u00fbts ont \u00e9t\u00e9 men\u00e9es avec succ\u00e8s, le design to cost\/value apporte [&hellip;]\" \/>\n<meta property=\"og:url\" content=\"https:\/\/www.argonandco.com\/fr\/expertises\/supply-chain-planning\/design-to-value\/\" \/>\n<meta property=\"og:site_name\" content=\"Argon &amp; Co\" \/>\n<meta name=\"twitter:card\" content=\"summary_large_image\" \/>\n<meta name=\"twitter:label1\" content=\"Dur\u00e9e de lecture estim\u00e9e\" \/>\n\t<meta name=\"twitter:data1\" content=\"2 minutes\" \/>\n<script type=\"application\/ld+json\" class=\"yoast-schema-graph\">{\"@context\":\"https:\\\/\\\/schema.org\",\"@graph\":[{\"@type\":\"WebPage\",\"@id\":\"https:\\\/\\\/www.argonandco.com\\\/fr\\\/expertises\\\/supply-chain-planning\\\/design-to-value\\\/\",\"url\":\"https:\\\/\\\/www.argonandco.com\\\/fr\\\/expertises\\\/supply-chain-planning\\\/design-to-value\\\/\",\"name\":\"Design to Value - Argon &amp; Co\",\"isPartOf\":{\"@id\":\"https:\\\/\\\/www.argonandco.com\\\/fr\\\/#website\"},\"datePublished\":\"2026-04-07T16:03:00+00:00\",\"breadcrumb\":{\"@id\":\"https:\\\/\\\/www.argonandco.com\\\/fr\\\/expertises\\\/supply-chain-planning\\\/design-to-value\\\/#breadcrumb\"},\"inLanguage\":\"fr-FR\",\"potentialAction\":[{\"@type\":\"ReadAction\",\"target\":[\"https:\\\/\\\/www.argonandco.com\\\/fr\\\/expertises\\\/supply-chain-planning\\\/design-to-value\\\/\"]}]},{\"@type\":\"BreadcrumbList\",\"@id\":\"https:\\\/\\\/www.argonandco.com\\\/fr\\\/expertises\\\/supply-chain-planning\\\/design-to-value\\\/#breadcrumb\",\"itemListElement\":[{\"@type\":\"ListItem\",\"position\":1,\"name\":\"Home\",\"item\":\"https:\\\/\\\/www.argonandco.com\\\/fr\\\/\"},{\"@type\":\"ListItem\",\"position\":2,\"name\":\"Expertises\",\"item\":\"https:\\\/\\\/www.argonandco.com\\\/fr\\\/expertises\\\/\"},{\"@type\":\"ListItem\",\"position\":3,\"name\":\"Supply Chain planning\",\"item\":\"https:\\\/\\\/www.argonandco.com\\\/fr\\\/expertises\\\/supply-chain-planning\\\/\"},{\"@type\":\"ListItem\",\"position\":4,\"name\":\"Design to Value\"}]},{\"@type\":\"WebSite\",\"@id\":\"https:\\\/\\\/www.argonandco.com\\\/fr\\\/#website\",\"url\":\"https:\\\/\\\/www.argonandco.com\\\/fr\\\/\",\"name\":\"Argon &amp; Co\",\"description\":\"We help clients achieve their strategic and operational objectives, working together to transform their businesses and generate real change.\",\"potentialAction\":[{\"@type\":\"SearchAction\",\"target\":{\"@type\":\"EntryPoint\",\"urlTemplate\":\"https:\\\/\\\/www.argonandco.com\\\/fr\\\/?s={search_term_string}\"},\"query-input\":{\"@type\":\"PropertyValueSpecification\",\"valueRequired\":true,\"valueName\":\"search_term_string\"}}],\"inLanguage\":\"fr-FR\"}]}<\/script>\n<!-- \/ Yoast SEO plugin. -->","yoast_head_json":{"title":"Design to Value - Argon &amp; Co","robots":{"index":"index","follow":"follow","max-snippet":"max-snippet:-1","max-image-preview":"max-image-preview:large","max-video-preview":"max-video-preview:-1"},"canonical":"https:\/\/www.argonandco.com\/fr\/expertises\/supply-chain-planning\/design-to-value\/","og_locale":"fr_FR","og_type":"article","og_title":"Design to Value - Argon &amp; Co","og_description":"Contexte et d\u00e9fis\u00a0 Le design to cost\/value honore toujours son \u00ab contrat \u00bb avec de 15 \u00e0 plus de 30 % d\u2019\u00e9conomies garanties sur le p\u00e9rim\u00e8tre d\u2019action consid\u00e9r\u00e9, un ROI sans \u00e9gal, et ce, rarement en plus de quelques mois. Lorsque les optimisations des co\u00fbts ont \u00e9t\u00e9 men\u00e9es avec succ\u00e8s, le design to cost\/value apporte [&hellip;]","og_url":"https:\/\/www.argonandco.com\/fr\/expertises\/supply-chain-planning\/design-to-value\/","og_site_name":"Argon &amp; Co","twitter_card":"summary_large_image","twitter_misc":{"Dur\u00e9e de lecture estim\u00e9e":"2 minutes"},"schema":{"@context":"https:\/\/schema.org","@graph":[{"@type":"WebPage","@id":"https:\/\/www.argonandco.com\/fr\/expertises\/supply-chain-planning\/design-to-value\/","url":"https:\/\/www.argonandco.com\/fr\/expertises\/supply-chain-planning\/design-to-value\/","name":"Design to Value - Argon &amp; Co","isPartOf":{"@id":"https:\/\/www.argonandco.com\/fr\/#website"},"datePublished":"2026-04-07T16:03:00+00:00","breadcrumb":{"@id":"https:\/\/www.argonandco.com\/fr\/expertises\/supply-chain-planning\/design-to-value\/#breadcrumb"},"inLanguage":"fr-FR","potentialAction":[{"@type":"ReadAction","target":["https:\/\/www.argonandco.com\/fr\/expertises\/supply-chain-planning\/design-to-value\/"]}]},{"@type":"BreadcrumbList","@id":"https:\/\/www.argonandco.com\/fr\/expertises\/supply-chain-planning\/design-to-value\/#breadcrumb","itemListElement":[{"@type":"ListItem","position":1,"name":"Home","item":"https:\/\/www.argonandco.com\/fr\/"},{"@type":"ListItem","position":2,"name":"Expertises","item":"https:\/\/www.argonandco.com\/fr\/expertises\/"},{"@type":"ListItem","position":3,"name":"Supply Chain planning","item":"https:\/\/www.argonandco.com\/fr\/expertises\/supply-chain-planning\/"},{"@type":"ListItem","position":4,"name":"Design to Value"}]},{"@type":"WebSite","@id":"https:\/\/www.argonandco.com\/fr\/#website","url":"https:\/\/www.argonandco.com\/fr\/","name":"Argon &amp; Co","description":"We help clients achieve their strategic and operational objectives, working together to transform their businesses and generate real change.","potentialAction":[{"@type":"SearchAction","target":{"@type":"EntryPoint","urlTemplate":"https:\/\/www.argonandco.com\/fr\/?s={search_term_string}"},"query-input":{"@type":"PropertyValueSpecification","valueRequired":true,"valueName":"search_term_string"}}],"inLanguage":"fr-FR"}]}},"_links":{"self":[{"href":"https:\/\/www.argonandco.com\/fr\/wp-json\/wp\/v2\/pages\/38660","targetHints":{"allow":["GET"]}}],"collection":[{"href":"https:\/\/www.argonandco.com\/fr\/wp-json\/wp\/v2\/pages"}],"about":[{"href":"https:\/\/www.argonandco.com\/fr\/wp-json\/wp\/v2\/types\/page"}],"author":[{"embeddable":true,"href":"https:\/\/www.argonandco.com\/fr\/wp-json\/wp\/v2\/users\/1"}],"replies":[{"embeddable":true,"href":"https:\/\/www.argonandco.com\/fr\/wp-json\/wp\/v2\/comments?post=38660"}],"version-history":[{"count":0,"href":"https:\/\/www.argonandco.com\/fr\/wp-json\/wp\/v2\/pages\/38660\/revisions"}],"up":[{"embeddable":true,"href":"https:\/\/www.argonandco.com\/fr\/wp-json\/wp\/v2\/pages\/37623"}],"wp:attachment":[{"href":"https:\/\/www.argonandco.com\/fr\/wp-json\/wp\/v2\/media?parent=38660"}],"curies":[{"name":"wp","href":"https:\/\/api.w.org\/{rel}","templated":true}]}}