{"id":38656,"date":"2026-04-07T17:02:50","date_gmt":"2026-04-07T16:02:50","guid":{"rendered":"https:\/\/www.argonandco.com\/?page_id=38656"},"modified":"2026-04-07T17:02:50","modified_gmt":"2026-04-07T16:02:50","slug":"portfolio-management","status":"publish","type":"page","link":"https:\/\/www.argonandco.com\/fr\/expertises\/supply-chain-planning\/portfolio-management\/","title":{"rendered":"Portfolio management"},"content":{"rendered":"<h2><b>Contexte et d\u00e9fis\u00a0<\/b><\/h2>\n<p><span class=\"intro\" style=\"font-weight: 400;\">Depuis plus d\u2019une dizaine d\u2019ann\u00e9es, les portefeuilles produits, autant en phase de R&amp;D qu\u2019en commercialisation, se sont sensiblement agrandis. Cette augmentation des r\u00e9f\u00e9rences tient souvent \u00e0 la n\u00e9cessit\u00e9 de se diff\u00e9rencier ou de s\u2019adapter aux besoins multiples des clients. Elle s\u2019explique aussi par la difficult\u00e9 \u00e0 supprimer des catalogues de produits en fin de vie, de peur de perdre un client. La multiplication des sources de financement, l\u2019introduction de la recherche collaborative et l\u2019acc\u00e9l\u00e9ration des ruptures technologiques sont autant de facteurs d\u2019explication de cette inflation.\u00a0<\/span><\/p>\n<p><span style=\"font-weight: 400;\">C\u2019est pourquoi il est capital de piloter et de rationaliser son portefeuille de projets R&amp;D afin de r\u00e9duire les co\u00fbts, de concentrer les ressources internes sur les produits les plus rentables ou sur les technologies du futur, d\u2019\u00e9quilibrer les risques de d\u00e9veloppement en assumant une strat\u00e9gie de leader\/ suiveur mais aussi de renforcer l\u2019impact des produits sur le client en rendant visible l\u2019\u00e9tendue de la gamme et la valeur per\u00e7ue.<\/span><\/p>\n<p><span style=\"font-weight: 400;\">Les initiatives de rationalisation \/ pilotage du portefeuille de projets R&amp;D et du portefeuille produits constituent jusqu\u2019\u00e0 20 % des d\u00e9fis \u00e9conomiques des plans de comp\u00e9titivit\u00e9.<\/span><\/p>\n<h2><b>Notre approche\u00a0<\/b><\/h2>\n<p><span style=\"font-weight: 400;\">Argon &amp; Co accompagne ses clients dans 5 types de r\u00e9alisations :<\/span><\/p>\n<ul>\n<li style=\"font-weight: 400;\"><span style=\"font-weight: 400;\">\u00c9tude de l\u2019offre de produits et services, de sa segmentation et de l\u2019analyse du co\u00fbt complet de leur complexit\u00e9.<\/span><\/li>\n<li style=\"font-weight: 400;\"><span style=\"font-weight: 400;\">\u00c9tude du portefeuille de R&amp;D, de sa coh\u00e9rence avec les roadmaps technologiques et des financements et de l\u2019analyse de risque.<\/span><\/li>\n<li style=\"font-weight: 400;\"><span style=\"font-weight: 400;\">Rationalisation et r\u00e9duction de la complexit\u00e9 du portefeuille de produits, sur la base de scenarii et d\u2019opportunit\u00e9s valid\u00e9s.<\/span><\/li>\n<li style=\"font-weight: 400;\"><span style=\"font-weight: 400;\">Mise en \u0153uvre p\u00e9renne d\u2019un syst\u00e8me de pilotage du portefeuille de projets R&amp;D ou du portefeuille de produits et suivi de sa performance.<\/span><\/li>\n<li style=\"font-weight: 400;\"><span style=\"font-weight: 400;\">Mise en \u0153uvre des roadmaps digitales n\u00e9cessaires \u00e0 la gestion des portefeuilles R&amp;D et produits.<\/span><\/li>\n<\/ul>\n","protected":false},"excerpt":{"rendered":"<p>Contexte et d\u00e9fis\u00a0 Depuis plus d\u2019une dizaine d\u2019ann\u00e9es, les portefeuilles produits, autant en phase de R&amp;D qu\u2019en commercialisation, se sont sensiblement agrandis. Cette augmentation des r\u00e9f\u00e9rences tient souvent \u00e0 la n\u00e9cessit\u00e9 de se diff\u00e9rencier ou de s\u2019adapter aux besoins multiples des clients. Elle s\u2019explique aussi par la difficult\u00e9 \u00e0 supprimer des catalogues de produits en [&hellip;]<\/p>\n","protected":false},"author":1,"featured_media":0,"parent":37623,"menu_order":8,"comment_status":"closed","ping_status":"closed","template":"","meta":{"_acf_changed":false,"footnotes":""},"class_list":["post-38656","page","type-page","status-publish","hentry"],"acf":[],"yoast_head":"<!-- This site is optimized with the Yoast SEO plugin v27.5 - https:\/\/yoast.com\/product\/yoast-seo-wordpress\/ -->\n<title>Portfolio management - Argon &amp; Co<\/title>\n<meta name=\"robots\" content=\"index, follow, max-snippet:-1, max-image-preview:large, max-video-preview:-1\" \/>\n<link rel=\"canonical\" href=\"https:\/\/www.argonandco.com\/fr\/expertises\/supply-chain-planning\/portfolio-management\/\" \/>\n<meta property=\"og:locale\" content=\"fr_FR\" \/>\n<meta property=\"og:type\" content=\"article\" \/>\n<meta property=\"og:title\" content=\"Portfolio management - Argon &amp; Co\" \/>\n<meta property=\"og:description\" content=\"Contexte et d\u00e9fis\u00a0 Depuis plus d\u2019une dizaine d\u2019ann\u00e9es, les portefeuilles produits, autant en phase de R&amp;D qu\u2019en commercialisation, se sont sensiblement agrandis. Cette augmentation des r\u00e9f\u00e9rences tient souvent \u00e0 la n\u00e9cessit\u00e9 de se diff\u00e9rencier ou de s\u2019adapter aux besoins multiples des clients. Elle s\u2019explique aussi par la difficult\u00e9 \u00e0 supprimer des catalogues de produits en [&hellip;]\" \/>\n<meta property=\"og:url\" content=\"https:\/\/www.argonandco.com\/fr\/expertises\/supply-chain-planning\/portfolio-management\/\" \/>\n<meta property=\"og:site_name\" content=\"Argon &amp; Co\" \/>\n<meta name=\"twitter:card\" content=\"summary_large_image\" \/>\n<meta name=\"twitter:label1\" content=\"Dur\u00e9e de lecture estim\u00e9e\" \/>\n\t<meta name=\"twitter:data1\" content=\"2 minutes\" \/>\n<script type=\"application\/ld+json\" class=\"yoast-schema-graph\">{\"@context\":\"https:\\\/\\\/schema.org\",\"@graph\":[{\"@type\":\"WebPage\",\"@id\":\"https:\\\/\\\/www.argonandco.com\\\/fr\\\/expertises\\\/supply-chain-planning\\\/portfolio-management\\\/\",\"url\":\"https:\\\/\\\/www.argonandco.com\\\/fr\\\/expertises\\\/supply-chain-planning\\\/portfolio-management\\\/\",\"name\":\"Portfolio management - Argon &amp; Co\",\"isPartOf\":{\"@id\":\"https:\\\/\\\/www.argonandco.com\\\/fr\\\/#website\"},\"datePublished\":\"2026-04-07T16:02:50+00:00\",\"breadcrumb\":{\"@id\":\"https:\\\/\\\/www.argonandco.com\\\/fr\\\/expertises\\\/supply-chain-planning\\\/portfolio-management\\\/#breadcrumb\"},\"inLanguage\":\"fr-FR\",\"potentialAction\":[{\"@type\":\"ReadAction\",\"target\":[\"https:\\\/\\\/www.argonandco.com\\\/fr\\\/expertises\\\/supply-chain-planning\\\/portfolio-management\\\/\"]}]},{\"@type\":\"BreadcrumbList\",\"@id\":\"https:\\\/\\\/www.argonandco.com\\\/fr\\\/expertises\\\/supply-chain-planning\\\/portfolio-management\\\/#breadcrumb\",\"itemListElement\":[{\"@type\":\"ListItem\",\"position\":1,\"name\":\"Home\",\"item\":\"https:\\\/\\\/www.argonandco.com\\\/fr\\\/\"},{\"@type\":\"ListItem\",\"position\":2,\"name\":\"Expertises\",\"item\":\"https:\\\/\\\/www.argonandco.com\\\/fr\\\/expertises\\\/\"},{\"@type\":\"ListItem\",\"position\":3,\"name\":\"Supply Chain planning\",\"item\":\"https:\\\/\\\/www.argonandco.com\\\/fr\\\/expertises\\\/supply-chain-planning\\\/\"},{\"@type\":\"ListItem\",\"position\":4,\"name\":\"Portfolio management\"}]},{\"@type\":\"WebSite\",\"@id\":\"https:\\\/\\\/www.argonandco.com\\\/fr\\\/#website\",\"url\":\"https:\\\/\\\/www.argonandco.com\\\/fr\\\/\",\"name\":\"Argon &amp; Co\",\"description\":\"We help clients achieve their strategic and operational objectives, working together to transform their businesses and generate real change.\",\"potentialAction\":[{\"@type\":\"SearchAction\",\"target\":{\"@type\":\"EntryPoint\",\"urlTemplate\":\"https:\\\/\\\/www.argonandco.com\\\/fr\\\/?s={search_term_string}\"},\"query-input\":{\"@type\":\"PropertyValueSpecification\",\"valueRequired\":true,\"valueName\":\"search_term_string\"}}],\"inLanguage\":\"fr-FR\"}]}<\/script>\n<!-- \/ Yoast SEO plugin. -->","yoast_head_json":{"title":"Portfolio management - Argon &amp; Co","robots":{"index":"index","follow":"follow","max-snippet":"max-snippet:-1","max-image-preview":"max-image-preview:large","max-video-preview":"max-video-preview:-1"},"canonical":"https:\/\/www.argonandco.com\/fr\/expertises\/supply-chain-planning\/portfolio-management\/","og_locale":"fr_FR","og_type":"article","og_title":"Portfolio management - Argon &amp; Co","og_description":"Contexte et d\u00e9fis\u00a0 Depuis plus d\u2019une dizaine d\u2019ann\u00e9es, les portefeuilles produits, autant en phase de R&amp;D qu\u2019en commercialisation, se sont sensiblement agrandis. Cette augmentation des r\u00e9f\u00e9rences tient souvent \u00e0 la n\u00e9cessit\u00e9 de se diff\u00e9rencier ou de s\u2019adapter aux besoins multiples des clients. Elle s\u2019explique aussi par la difficult\u00e9 \u00e0 supprimer des catalogues de produits en [&hellip;]","og_url":"https:\/\/www.argonandco.com\/fr\/expertises\/supply-chain-planning\/portfolio-management\/","og_site_name":"Argon &amp; Co","twitter_card":"summary_large_image","twitter_misc":{"Dur\u00e9e de lecture estim\u00e9e":"2 minutes"},"schema":{"@context":"https:\/\/schema.org","@graph":[{"@type":"WebPage","@id":"https:\/\/www.argonandco.com\/fr\/expertises\/supply-chain-planning\/portfolio-management\/","url":"https:\/\/www.argonandco.com\/fr\/expertises\/supply-chain-planning\/portfolio-management\/","name":"Portfolio management - Argon &amp; Co","isPartOf":{"@id":"https:\/\/www.argonandco.com\/fr\/#website"},"datePublished":"2026-04-07T16:02:50+00:00","breadcrumb":{"@id":"https:\/\/www.argonandco.com\/fr\/expertises\/supply-chain-planning\/portfolio-management\/#breadcrumb"},"inLanguage":"fr-FR","potentialAction":[{"@type":"ReadAction","target":["https:\/\/www.argonandco.com\/fr\/expertises\/supply-chain-planning\/portfolio-management\/"]}]},{"@type":"BreadcrumbList","@id":"https:\/\/www.argonandco.com\/fr\/expertises\/supply-chain-planning\/portfolio-management\/#breadcrumb","itemListElement":[{"@type":"ListItem","position":1,"name":"Home","item":"https:\/\/www.argonandco.com\/fr\/"},{"@type":"ListItem","position":2,"name":"Expertises","item":"https:\/\/www.argonandco.com\/fr\/expertises\/"},{"@type":"ListItem","position":3,"name":"Supply Chain planning","item":"https:\/\/www.argonandco.com\/fr\/expertises\/supply-chain-planning\/"},{"@type":"ListItem","position":4,"name":"Portfolio management"}]},{"@type":"WebSite","@id":"https:\/\/www.argonandco.com\/fr\/#website","url":"https:\/\/www.argonandco.com\/fr\/","name":"Argon &amp; Co","description":"We help clients achieve their strategic and operational objectives, working together to transform their businesses and generate real change.","potentialAction":[{"@type":"SearchAction","target":{"@type":"EntryPoint","urlTemplate":"https:\/\/www.argonandco.com\/fr\/?s={search_term_string}"},"query-input":{"@type":"PropertyValueSpecification","valueRequired":true,"valueName":"search_term_string"}}],"inLanguage":"fr-FR"}]}},"_links":{"self":[{"href":"https:\/\/www.argonandco.com\/fr\/wp-json\/wp\/v2\/pages\/38656","targetHints":{"allow":["GET"]}}],"collection":[{"href":"https:\/\/www.argonandco.com\/fr\/wp-json\/wp\/v2\/pages"}],"about":[{"href":"https:\/\/www.argonandco.com\/fr\/wp-json\/wp\/v2\/types\/page"}],"author":[{"embeddable":true,"href":"https:\/\/www.argonandco.com\/fr\/wp-json\/wp\/v2\/users\/1"}],"replies":[{"embeddable":true,"href":"https:\/\/www.argonandco.com\/fr\/wp-json\/wp\/v2\/comments?post=38656"}],"version-history":[{"count":0,"href":"https:\/\/www.argonandco.com\/fr\/wp-json\/wp\/v2\/pages\/38656\/revisions"}],"up":[{"embeddable":true,"href":"https:\/\/www.argonandco.com\/fr\/wp-json\/wp\/v2\/pages\/37623"}],"wp:attachment":[{"href":"https:\/\/www.argonandco.com\/fr\/wp-json\/wp\/v2\/media?parent=38656"}],"curies":[{"name":"wp","href":"https:\/\/api.w.org\/{rel}","templated":true}]}}