{"id":38648,"date":"2026-04-07T17:02:01","date_gmt":"2026-04-07T16:02:01","guid":{"rendered":"https:\/\/www.argonandco.com\/?page_id=38648"},"modified":"2026-04-07T17:02:01","modified_gmt":"2026-04-07T16:02:01","slug":"rd","status":"publish","type":"page","link":"https:\/\/www.argonandco.com\/fr\/expertises\/supply-chain-planning\/rd\/","title":{"rendered":"R&#038;D"},"content":{"rendered":"<h2><b>Contexte et d\u00e9fis\u00a0<\/b><\/h2>\n<p><span class=\"intro\">La fonction R&amp;D (Recherche &amp; D\u00e9veloppement), Engineering ou d\u00e9veloppement produit ne repr\u00e9sente que 2 \u00e0 5 % des co\u00fbts d\u2019une entreprise. \u00c0 l\u2019origine de toute la cha\u00eene des op\u00e9rations, elle peut autant en initier la r\u00e9ussite que la noyer sous les d\u00e9convenues. Dans un contexte de mise sous contrainte des op\u00e9rations pour, notamment, r\u00e9pondre aux exigences du march\u00e9, le pilotage de la R&amp;D constitue un enjeu capital de performance en amont de la cha\u00eene de valeur.<\/span><\/p>\n<p>De l\u2019industrie de petite s\u00e9rie (a\u00e9ronautique, d\u00e9fense, ferroviaire\u2026) \u00e0 la grande distribution et le luxe, tous les secteurs sont engag\u00e9s \u00e0 r\u00e9pondre \u00e0 trois d\u00e9fis majeurs : s\u2019adapter rapidement et efficacement aux exigences d\u2019innovation et de personnalisation, acc\u00e9l\u00e9rer le rythme de renouvellement des produits et r\u00e9duire les co\u00fbts de revient.<\/p>\n<p>L\u2019innovation, avec les apports d\u00e9cisifs de la digitalisation, op\u00e8re un \u00e9largissement de l\u2019\u00e9ventail de comp\u00e9tences requises, ainsi qu\u2019une augmentation de la complexit\u00e9 des produits et des services associ\u00e9s. Pour r\u00e9pondre \u00e0 ce nouveau besoin en comp\u00e9tences, une r\u00e9flexion sur la strat\u00e9gie d\u2019entreprise (c\u0153ur \/ non-c\u0153ur, entreprise \u00e9tendue, gestion des carri\u00e8res, recrutement, organisation \/ regroupement \/ localisation) doit permettre de maximiser la valeur ajout\u00e9e de la fonction R&amp;D sans en augmenter les co\u00fbts.<\/p>\n<p>La complexit\u00e9 IT (syst\u00e8me de syst\u00e8mes, connectivit\u00e9, digitalisation) et la personnalisation, imposent toutes deux de repenser la m\u00e9thode de conception afin de maintenir l\u2019expertise du produit \u00e0 port\u00e9e des collaborateurs. L\u2019organisation, les processus et dans un second temps \u00ab\u00a0l\u2019outillage\u00a0\u00bb de la R&amp;D doivent \u00eatre adapt\u00e9s \u00e0 ces nouvelles contraintes.<\/p>\n<p>Enfin, l\u2019acc\u00e9l\u00e9ration du rythme de d\u00e9veloppement et la recherche d\u2019\u00e9conomies s\u2019appuient sur la planification et la ma\u00eetrise des processus de conception et d\u2019industrialisation. C\u2019est ce que permet la d\u00e9marche Lean Six Sigma, en mati\u00e8re d\u2019ex\u00e9cution et d\u2019excellence de la Supply Chain, dans la pr\u00e9vision et la planification des activit\u00e9s.<\/p>\n<h2><b>Notre approche\u00a0<\/b><\/h2>\n<p>Argon &amp; Co accompagne ses clients dans plusieurs domaines en mati\u00e8re de R&amp;D :<\/p>\n<ul>\n<li style=\"font-weight: 400;\">Red\u00e9finition du processus de conception et d\u2019industrialisation des produits\u00a0afin d\u2019\u00e9tablir une proc\u00e9dure standard et piloter les d\u00e9lais\u00a0;<\/li>\n<li style=\"font-weight: 400;\">Mise en place d&rsquo;un syst\u00e8me de gestion des projets d&rsquo;innovation et de d\u00e9veloppement bas\u00e9 sur des outils de planification visuelle (<em>Visible Planning<\/em>) pour atteindre l&rsquo;objectif (<em>Time To Market \/ <\/em>Co\u00fbt \/ Qualit\u00e9)<\/li>\n<li style=\"font-weight: 400;\">Mise en \u0153uvre de l&rsquo;am\u00e9lioration continue, bas\u00e9e sur l&rsquo;analyse de l&rsquo;ex\u00e9cution de la planification, dans le but d&rsquo;am\u00e9liorer les performances (<em>Time To Market<\/em> \/ Co\u00fbt \/ Qualit\u00e9).<\/li>\n<li style=\"font-weight: 400;\">Analyse de la valeur des innovations pour cr\u00e9er un <em>business case<\/em> et pour qualifier le prix cible d\u2019un produit ;<\/li>\n<li style=\"font-weight: 400;\">Mise en place de mod\u00e8les de gestion des charges et de pilotage des ressources rares ;<\/li>\n<li style=\"font-weight: 400;\"><em>Design to Value<\/em> pour augmenter la valeur d\u2019un produit pour les clients et maximiser la marge ;<\/li>\n<li style=\"font-weight: 400;\">Accompagnement \u00e0 la mise en place d\u2019outils de d\u00e9veloppement produits \u2013 PLM (<em>Product Lifecycle Management<\/em>) et PPM (<em>Program Portfolio Management<\/em>) pour acc\u00e9l\u00e9rer et s\u00e9curiser le processus de d\u00e9veloppement (gestion unifi\u00e9e des modifications, pilotage des ressources et du budget) ;<\/li>\n<li style=\"font-weight: 400;\">Mise en place de la continuit\u00e9 num\u00e9rique\u00a0: de la maquette \u00e0 l\u2019atelier pour r\u00e9duire la dur\u00e9e des cycles et am\u00e9liorer la qualit\u00e9 ;<\/li>\n<li style=\"font-weight: 400;\">Mise en place de la modularisation et du MBSE (<em>Model Based System Engineering<\/em>) pour ma\u00eetriser la conception des produits complexes et r\u00e9duire les co\u00fbts non r\u00e9currents ;<\/li>\n<li style=\"font-weight: 400;\">D\u00e9finition de l\u2019empreinte de la R&amp;D (strat\u00e9gie c\u0153ur\/non-c\u0153ur et mise en place de l\u2019entreprise \u00e9tendue) pour maximiser la performance.<\/li>\n<\/ul>\n","protected":false},"excerpt":{"rendered":"<p>Contexte et d\u00e9fis\u00a0 La fonction R&amp;D (Recherche &amp; D\u00e9veloppement), Engineering ou d\u00e9veloppement produit ne repr\u00e9sente que 2 \u00e0 5 % des co\u00fbts d\u2019une entreprise. \u00c0 l\u2019origine de toute la cha\u00eene des op\u00e9rations, elle peut autant en initier la r\u00e9ussite que la noyer sous les d\u00e9convenues. Dans un contexte de mise sous contrainte des op\u00e9rations pour, [&hellip;]<\/p>\n","protected":false},"author":1,"featured_media":0,"parent":37623,"menu_order":0,"comment_status":"closed","ping_status":"closed","template":"","meta":{"_acf_changed":false,"footnotes":""},"class_list":["post-38648","page","type-page","status-publish","hentry"],"acf":[],"yoast_head":"<!-- This site is optimized with the Yoast SEO plugin v27.5 - https:\/\/yoast.com\/product\/yoast-seo-wordpress\/ -->\n<title>R&amp;D - Argon &amp; Co<\/title>\n<meta name=\"description\" content=\"Argon &amp; Co identifie, mesure et met en \u0153uvre les leviers de performance R&amp;D pour aider ses clients \u00e0 d\u00e9velopper leurs produits et services \u00e0 moindre co\u00fbt\" \/>\n<meta name=\"robots\" content=\"index, follow, max-snippet:-1, max-image-preview:large, max-video-preview:-1\" \/>\n<link rel=\"canonical\" href=\"https:\/\/www.argonandco.com\/fr\/expertises\/supply-chain-planning\/rd\/\" \/>\n<meta property=\"og:locale\" content=\"fr_FR\" \/>\n<meta property=\"og:type\" content=\"article\" \/>\n<meta property=\"og:title\" content=\"R&amp;D - Argon &amp; Co\" \/>\n<meta property=\"og:description\" content=\"Argon &amp; Co identifie, mesure et met en \u0153uvre les leviers de performance R&amp;D pour aider ses clients \u00e0 d\u00e9velopper leurs produits et services \u00e0 moindre co\u00fbt\" \/>\n<meta property=\"og:url\" content=\"https:\/\/www.argonandco.com\/fr\/expertises\/supply-chain-planning\/rd\/\" \/>\n<meta property=\"og:site_name\" content=\"Argon &amp; Co\" \/>\n<meta name=\"twitter:card\" content=\"summary_large_image\" \/>\n<meta name=\"twitter:label1\" content=\"Dur\u00e9e de lecture estim\u00e9e\" \/>\n\t<meta name=\"twitter:data1\" content=\"3 minutes\" \/>\n<script type=\"application\/ld+json\" class=\"yoast-schema-graph\">{\"@context\":\"https:\\\/\\\/schema.org\",\"@graph\":[{\"@type\":\"WebPage\",\"@id\":\"https:\\\/\\\/www.argonandco.com\\\/fr\\\/expertises\\\/supply-chain-planning\\\/rd\\\/\",\"url\":\"https:\\\/\\\/www.argonandco.com\\\/fr\\\/expertises\\\/supply-chain-planning\\\/rd\\\/\",\"name\":\"R&D - Argon &amp; Co\",\"isPartOf\":{\"@id\":\"https:\\\/\\\/www.argonandco.com\\\/fr\\\/#website\"},\"datePublished\":\"2026-04-07T16:02:01+00:00\",\"description\":\"Argon & Co identifie, mesure et met en \u0153uvre les leviers de performance R&D pour aider ses clients \u00e0 d\u00e9velopper leurs produits et services \u00e0 moindre co\u00fbt\",\"breadcrumb\":{\"@id\":\"https:\\\/\\\/www.argonandco.com\\\/fr\\\/expertises\\\/supply-chain-planning\\\/rd\\\/#breadcrumb\"},\"inLanguage\":\"fr-FR\",\"potentialAction\":[{\"@type\":\"ReadAction\",\"target\":[\"https:\\\/\\\/www.argonandco.com\\\/fr\\\/expertises\\\/supply-chain-planning\\\/rd\\\/\"]}]},{\"@type\":\"BreadcrumbList\",\"@id\":\"https:\\\/\\\/www.argonandco.com\\\/fr\\\/expertises\\\/supply-chain-planning\\\/rd\\\/#breadcrumb\",\"itemListElement\":[{\"@type\":\"ListItem\",\"position\":1,\"name\":\"Home\",\"item\":\"https:\\\/\\\/www.argonandco.com\\\/fr\\\/\"},{\"@type\":\"ListItem\",\"position\":2,\"name\":\"Expertises\",\"item\":\"https:\\\/\\\/www.argonandco.com\\\/fr\\\/expertises\\\/\"},{\"@type\":\"ListItem\",\"position\":3,\"name\":\"Supply Chain planning\",\"item\":\"https:\\\/\\\/www.argonandco.com\\\/fr\\\/expertises\\\/supply-chain-planning\\\/\"},{\"@type\":\"ListItem\",\"position\":4,\"name\":\"R&#038;D\"}]},{\"@type\":\"WebSite\",\"@id\":\"https:\\\/\\\/www.argonandco.com\\\/fr\\\/#website\",\"url\":\"https:\\\/\\\/www.argonandco.com\\\/fr\\\/\",\"name\":\"Argon &amp; Co\",\"description\":\"We help clients achieve their strategic and operational objectives, working together to transform their businesses and generate real change.\",\"potentialAction\":[{\"@type\":\"SearchAction\",\"target\":{\"@type\":\"EntryPoint\",\"urlTemplate\":\"https:\\\/\\\/www.argonandco.com\\\/fr\\\/?s={search_term_string}\"},\"query-input\":{\"@type\":\"PropertyValueSpecification\",\"valueRequired\":true,\"valueName\":\"search_term_string\"}}],\"inLanguage\":\"fr-FR\"}]}<\/script>\n<!-- \/ Yoast SEO plugin. -->","yoast_head_json":{"title":"R&D - Argon &amp; Co","description":"Argon & Co identifie, mesure et met en \u0153uvre les leviers de performance R&D pour aider ses clients \u00e0 d\u00e9velopper leurs produits et services \u00e0 moindre co\u00fbt","robots":{"index":"index","follow":"follow","max-snippet":"max-snippet:-1","max-image-preview":"max-image-preview:large","max-video-preview":"max-video-preview:-1"},"canonical":"https:\/\/www.argonandco.com\/fr\/expertises\/supply-chain-planning\/rd\/","og_locale":"fr_FR","og_type":"article","og_title":"R&D - Argon &amp; Co","og_description":"Argon & Co identifie, mesure et met en \u0153uvre les leviers de performance R&D pour aider ses clients \u00e0 d\u00e9velopper leurs produits et services \u00e0 moindre co\u00fbt","og_url":"https:\/\/www.argonandco.com\/fr\/expertises\/supply-chain-planning\/rd\/","og_site_name":"Argon &amp; Co","twitter_card":"summary_large_image","twitter_misc":{"Dur\u00e9e de lecture estim\u00e9e":"3 minutes"},"schema":{"@context":"https:\/\/schema.org","@graph":[{"@type":"WebPage","@id":"https:\/\/www.argonandco.com\/fr\/expertises\/supply-chain-planning\/rd\/","url":"https:\/\/www.argonandco.com\/fr\/expertises\/supply-chain-planning\/rd\/","name":"R&D - Argon &amp; Co","isPartOf":{"@id":"https:\/\/www.argonandco.com\/fr\/#website"},"datePublished":"2026-04-07T16:02:01+00:00","description":"Argon & Co identifie, mesure et met en \u0153uvre les leviers de performance R&D pour aider ses clients \u00e0 d\u00e9velopper leurs produits et services \u00e0 moindre co\u00fbt","breadcrumb":{"@id":"https:\/\/www.argonandco.com\/fr\/expertises\/supply-chain-planning\/rd\/#breadcrumb"},"inLanguage":"fr-FR","potentialAction":[{"@type":"ReadAction","target":["https:\/\/www.argonandco.com\/fr\/expertises\/supply-chain-planning\/rd\/"]}]},{"@type":"BreadcrumbList","@id":"https:\/\/www.argonandco.com\/fr\/expertises\/supply-chain-planning\/rd\/#breadcrumb","itemListElement":[{"@type":"ListItem","position":1,"name":"Home","item":"https:\/\/www.argonandco.com\/fr\/"},{"@type":"ListItem","position":2,"name":"Expertises","item":"https:\/\/www.argonandco.com\/fr\/expertises\/"},{"@type":"ListItem","position":3,"name":"Supply Chain planning","item":"https:\/\/www.argonandco.com\/fr\/expertises\/supply-chain-planning\/"},{"@type":"ListItem","position":4,"name":"R&#038;D"}]},{"@type":"WebSite","@id":"https:\/\/www.argonandco.com\/fr\/#website","url":"https:\/\/www.argonandco.com\/fr\/","name":"Argon &amp; Co","description":"We help clients achieve their strategic and operational objectives, working together to transform their businesses and generate real change.","potentialAction":[{"@type":"SearchAction","target":{"@type":"EntryPoint","urlTemplate":"https:\/\/www.argonandco.com\/fr\/?s={search_term_string}"},"query-input":{"@type":"PropertyValueSpecification","valueRequired":true,"valueName":"search_term_string"}}],"inLanguage":"fr-FR"}]}},"_links":{"self":[{"href":"https:\/\/www.argonandco.com\/fr\/wp-json\/wp\/v2\/pages\/38648","targetHints":{"allow":["GET"]}}],"collection":[{"href":"https:\/\/www.argonandco.com\/fr\/wp-json\/wp\/v2\/pages"}],"about":[{"href":"https:\/\/www.argonandco.com\/fr\/wp-json\/wp\/v2\/types\/page"}],"author":[{"embeddable":true,"href":"https:\/\/www.argonandco.com\/fr\/wp-json\/wp\/v2\/users\/1"}],"replies":[{"embeddable":true,"href":"https:\/\/www.argonandco.com\/fr\/wp-json\/wp\/v2\/comments?post=38648"}],"version-history":[{"count":0,"href":"https:\/\/www.argonandco.com\/fr\/wp-json\/wp\/v2\/pages\/38648\/revisions"}],"up":[{"embeddable":true,"href":"https:\/\/www.argonandco.com\/fr\/wp-json\/wp\/v2\/pages\/37623"}],"wp:attachment":[{"href":"https:\/\/www.argonandco.com\/fr\/wp-json\/wp\/v2\/media?parent=38648"}],"curies":[{"name":"wp","href":"https:\/\/api.w.org\/{rel}","templated":true}]}}