{"id":38644,"date":"2026-04-07T16:52:23","date_gmt":"2026-04-07T15:52:23","guid":{"rendered":"https:\/\/www.argonandco.com\/?page_id=38644"},"modified":"2026-04-07T16:52:23","modified_gmt":"2026-04-07T15:52:23","slug":"total-productive-maintenance","status":"publish","type":"page","link":"https:\/\/www.argonandco.com\/fr\/expertises\/manufacturing\/total-productive-maintenance\/","title":{"rendered":"Total productive maintenance"},"content":{"rendered":"<h2><b>Contexte et d\u00e9fis<\/b><\/h2>\n<p><span class=\"intro\">Les entreprises sont soumises de mani\u00e8re permanente \u00e0 des exigences toujours plus \u00e9lev\u00e9es de la part de leurs clients. Elles doivent donc s\u2019adapter en continu \u00e0 leur environnement. Cette capacit\u00e9 d\u2019adaptation rapide repose \u00e9videmment sur des qualit\u00e9s humaines de motivation, de savoir-\u00eatre et de savoir-faire, qui elles seules conduisent vers l\u2019excellence op\u00e9rationnelle. Comment insuffler \u00e0 l\u2019ensemble d\u2019un site et d\u2019une soci\u00e9t\u00e9 cet \u00e9tat esprit ?<\/span><\/p>\n<p>La TPM (<em>Total Productive Maintenance<\/em>), issue de la longue exp\u00e9rience de l\u2019industrie japonaise, propose au travers d\u2019une d\u00e9marche structur\u00e9e suscitant l\u2019implication de tous, de continuellement am\u00e9liorer les performances des \u00e9quipements de production et de test.<\/p>\n<p>Au-del\u00e0 des basiques souvent d\u00e9j\u00e0 en place, l\u2019analyse pertinente des donn\u00e9es, disponibles dans toutes les usines aujourd\u2019hui, alli\u00e9e \u00e0 l\u2019implication des op\u00e9rationnels, renforce \u00e0 la fois les r\u00e9sultats et la p\u00e9rennit\u00e9 de la d\u00e9marche, en permettant d\u2019identifier de nouveaux potentiels de gain.<\/p>\n<p>Aujourd\u2019hui Argon &amp; Co peut offrir la combinaison de l\u2019approche historique TPM avec les nouvelles m\u00e9thodes analytiques et les outils 4.0.<\/p>\n<h2><b>Notre approche<\/b><\/h2>\n<p>Argon &amp; Co, par l\u2019exp\u00e9rience d\u2019experts form\u00e9s par le JIPM ou le JMAC dans les usines-\u00e9coles Toyota au Japon, peut accompagner les entreprises dans le d\u00e9ploiement de leur TPM\u00a0par :<\/p>\n<ul>\n<li>La mise en place d\u2019une d\u00e9marche TPM compl\u00e8te\u00a0;<\/li>\n<li>La revue d\u2019un programme en cours de d\u00e9ploiement ou la redynamisation d\u2019un programme existant, via la d\u00e9tection de nouveaux potentiels de gains et l\u2019acc\u00e9l\u00e9ration des r\u00e9sultats\u00a0;<\/li>\n<li>L\u2019impact d\u2019un ou plusieurs piliers tels que la Maintenance Autonome ou la Maintenance Pr\u00e9ventive\u00a0;<\/li>\n<li>La r\u00e9solution de probl\u00e9matiques sp\u00e9cifiques li\u00e9es \u00e0 la performance industrielle telles que la productivit\u00e9, la fiabilit\u00e9, la stabilit\u00e9, par une politique de maintenance adapt\u00e9e, ou la mise en place d\u2019un programme de maintenance pr\u00e9dictive\u00a0;<\/li>\n<li>L\u2019animation d\u2019ateliers terrain tels que les nettoyages initiaux\u00a0;<\/li>\n<li>La combinaison des derni\u00e8res m\u00e9thodes <em>Data-Driven-Leadership<\/em> et des outils 4.0 \u00e0 l\u2019approche historique TPM.<\/li>\n<\/ul>\n<p>&nbsp;<\/p>\n","protected":false},"excerpt":{"rendered":"<p>Contexte et d\u00e9fis Les entreprises sont soumises de mani\u00e8re permanente \u00e0 des exigences toujours plus \u00e9lev\u00e9es de la part de leurs clients. Elles doivent donc s\u2019adapter en continu \u00e0 leur environnement. Cette capacit\u00e9 d\u2019adaptation rapide repose \u00e9videmment sur des qualit\u00e9s humaines de motivation, de savoir-\u00eatre et de savoir-faire, qui elles seules conduisent vers l\u2019excellence op\u00e9rationnelle. [&hellip;]<\/p>\n","protected":false},"author":1,"featured_media":0,"parent":37626,"menu_order":7,"comment_status":"closed","ping_status":"closed","template":"","meta":{"_acf_changed":false,"footnotes":""},"class_list":["post-38644","page","type-page","status-publish","hentry"],"acf":[],"yoast_head":"<!-- This site is optimized with the Yoast SEO plugin v27.5 - https:\/\/yoast.com\/product\/yoast-seo-wordpress\/ -->\n<title>Total productive maintenance - Argon &amp; Co<\/title>\n<meta name=\"robots\" content=\"index, follow, max-snippet:-1, max-image-preview:large, max-video-preview:-1\" \/>\n<link rel=\"canonical\" href=\"https:\/\/www.argonandco.com\/fr\/expertises\/manufacturing\/total-productive-maintenance\/\" \/>\n<meta property=\"og:locale\" content=\"fr_FR\" \/>\n<meta property=\"og:type\" content=\"article\" \/>\n<meta property=\"og:title\" content=\"Total productive maintenance - Argon &amp; Co\" \/>\n<meta property=\"og:description\" content=\"Contexte et d\u00e9fis Les entreprises sont soumises de mani\u00e8re permanente \u00e0 des exigences toujours plus \u00e9lev\u00e9es de la part de leurs clients. Elles doivent donc s\u2019adapter en continu \u00e0 leur environnement. Cette capacit\u00e9 d\u2019adaptation rapide repose \u00e9videmment sur des qualit\u00e9s humaines de motivation, de savoir-\u00eatre et de savoir-faire, qui elles seules conduisent vers l\u2019excellence op\u00e9rationnelle. [&hellip;]\" \/>\n<meta property=\"og:url\" content=\"https:\/\/www.argonandco.com\/fr\/expertises\/manufacturing\/total-productive-maintenance\/\" \/>\n<meta property=\"og:site_name\" content=\"Argon &amp; Co\" \/>\n<meta name=\"twitter:card\" content=\"summary_large_image\" \/>\n<meta name=\"twitter:label1\" content=\"Dur\u00e9e de lecture estim\u00e9e\" \/>\n\t<meta name=\"twitter:data1\" content=\"2 minutes\" \/>\n<script type=\"application\/ld+json\" class=\"yoast-schema-graph\">{\"@context\":\"https:\\\/\\\/schema.org\",\"@graph\":[{\"@type\":\"WebPage\",\"@id\":\"https:\\\/\\\/www.argonandco.com\\\/fr\\\/expertises\\\/manufacturing\\\/total-productive-maintenance\\\/\",\"url\":\"https:\\\/\\\/www.argonandco.com\\\/fr\\\/expertises\\\/manufacturing\\\/total-productive-maintenance\\\/\",\"name\":\"Total productive maintenance - Argon &amp; Co\",\"isPartOf\":{\"@id\":\"https:\\\/\\\/www.argonandco.com\\\/fr\\\/#website\"},\"datePublished\":\"2026-04-07T15:52:23+00:00\",\"breadcrumb\":{\"@id\":\"https:\\\/\\\/www.argonandco.com\\\/fr\\\/expertises\\\/manufacturing\\\/total-productive-maintenance\\\/#breadcrumb\"},\"inLanguage\":\"fr-FR\",\"potentialAction\":[{\"@type\":\"ReadAction\",\"target\":[\"https:\\\/\\\/www.argonandco.com\\\/fr\\\/expertises\\\/manufacturing\\\/total-productive-maintenance\\\/\"]}]},{\"@type\":\"BreadcrumbList\",\"@id\":\"https:\\\/\\\/www.argonandco.com\\\/fr\\\/expertises\\\/manufacturing\\\/total-productive-maintenance\\\/#breadcrumb\",\"itemListElement\":[{\"@type\":\"ListItem\",\"position\":1,\"name\":\"Home\",\"item\":\"https:\\\/\\\/www.argonandco.com\\\/fr\\\/\"},{\"@type\":\"ListItem\",\"position\":2,\"name\":\"Expertises\",\"item\":\"https:\\\/\\\/www.argonandco.com\\\/fr\\\/expertises\\\/\"},{\"@type\":\"ListItem\",\"position\":3,\"name\":\"Manufacturing\",\"item\":\"https:\\\/\\\/www.argonandco.com\\\/fr\\\/expertises\\\/manufacturing\\\/\"},{\"@type\":\"ListItem\",\"position\":4,\"name\":\"Total productive maintenance\"}]},{\"@type\":\"WebSite\",\"@id\":\"https:\\\/\\\/www.argonandco.com\\\/fr\\\/#website\",\"url\":\"https:\\\/\\\/www.argonandco.com\\\/fr\\\/\",\"name\":\"Argon &amp; Co\",\"description\":\"We help clients achieve their strategic and operational objectives, working together to transform their businesses and generate real change.\",\"potentialAction\":[{\"@type\":\"SearchAction\",\"target\":{\"@type\":\"EntryPoint\",\"urlTemplate\":\"https:\\\/\\\/www.argonandco.com\\\/fr\\\/?s={search_term_string}\"},\"query-input\":{\"@type\":\"PropertyValueSpecification\",\"valueRequired\":true,\"valueName\":\"search_term_string\"}}],\"inLanguage\":\"fr-FR\"}]}<\/script>\n<!-- \/ Yoast SEO plugin. -->","yoast_head_json":{"title":"Total productive maintenance - Argon &amp; Co","robots":{"index":"index","follow":"follow","max-snippet":"max-snippet:-1","max-image-preview":"max-image-preview:large","max-video-preview":"max-video-preview:-1"},"canonical":"https:\/\/www.argonandco.com\/fr\/expertises\/manufacturing\/total-productive-maintenance\/","og_locale":"fr_FR","og_type":"article","og_title":"Total productive maintenance - Argon &amp; Co","og_description":"Contexte et d\u00e9fis Les entreprises sont soumises de mani\u00e8re permanente \u00e0 des exigences toujours plus \u00e9lev\u00e9es de la part de leurs clients. Elles doivent donc s\u2019adapter en continu \u00e0 leur environnement. Cette capacit\u00e9 d\u2019adaptation rapide repose \u00e9videmment sur des qualit\u00e9s humaines de motivation, de savoir-\u00eatre et de savoir-faire, qui elles seules conduisent vers l\u2019excellence op\u00e9rationnelle. [&hellip;]","og_url":"https:\/\/www.argonandco.com\/fr\/expertises\/manufacturing\/total-productive-maintenance\/","og_site_name":"Argon &amp; Co","twitter_card":"summary_large_image","twitter_misc":{"Dur\u00e9e de lecture estim\u00e9e":"2 minutes"},"schema":{"@context":"https:\/\/schema.org","@graph":[{"@type":"WebPage","@id":"https:\/\/www.argonandco.com\/fr\/expertises\/manufacturing\/total-productive-maintenance\/","url":"https:\/\/www.argonandco.com\/fr\/expertises\/manufacturing\/total-productive-maintenance\/","name":"Total productive maintenance - Argon &amp; Co","isPartOf":{"@id":"https:\/\/www.argonandco.com\/fr\/#website"},"datePublished":"2026-04-07T15:52:23+00:00","breadcrumb":{"@id":"https:\/\/www.argonandco.com\/fr\/expertises\/manufacturing\/total-productive-maintenance\/#breadcrumb"},"inLanguage":"fr-FR","potentialAction":[{"@type":"ReadAction","target":["https:\/\/www.argonandco.com\/fr\/expertises\/manufacturing\/total-productive-maintenance\/"]}]},{"@type":"BreadcrumbList","@id":"https:\/\/www.argonandco.com\/fr\/expertises\/manufacturing\/total-productive-maintenance\/#breadcrumb","itemListElement":[{"@type":"ListItem","position":1,"name":"Home","item":"https:\/\/www.argonandco.com\/fr\/"},{"@type":"ListItem","position":2,"name":"Expertises","item":"https:\/\/www.argonandco.com\/fr\/expertises\/"},{"@type":"ListItem","position":3,"name":"Manufacturing","item":"https:\/\/www.argonandco.com\/fr\/expertises\/manufacturing\/"},{"@type":"ListItem","position":4,"name":"Total productive maintenance"}]},{"@type":"WebSite","@id":"https:\/\/www.argonandco.com\/fr\/#website","url":"https:\/\/www.argonandco.com\/fr\/","name":"Argon &amp; Co","description":"We help clients achieve their strategic and operational objectives, working together to transform their businesses and generate real change.","potentialAction":[{"@type":"SearchAction","target":{"@type":"EntryPoint","urlTemplate":"https:\/\/www.argonandco.com\/fr\/?s={search_term_string}"},"query-input":{"@type":"PropertyValueSpecification","valueRequired":true,"valueName":"search_term_string"}}],"inLanguage":"fr-FR"}]}},"_links":{"self":[{"href":"https:\/\/www.argonandco.com\/fr\/wp-json\/wp\/v2\/pages\/38644","targetHints":{"allow":["GET"]}}],"collection":[{"href":"https:\/\/www.argonandco.com\/fr\/wp-json\/wp\/v2\/pages"}],"about":[{"href":"https:\/\/www.argonandco.com\/fr\/wp-json\/wp\/v2\/types\/page"}],"author":[{"embeddable":true,"href":"https:\/\/www.argonandco.com\/fr\/wp-json\/wp\/v2\/users\/1"}],"replies":[{"embeddable":true,"href":"https:\/\/www.argonandco.com\/fr\/wp-json\/wp\/v2\/comments?post=38644"}],"version-history":[{"count":0,"href":"https:\/\/www.argonandco.com\/fr\/wp-json\/wp\/v2\/pages\/38644\/revisions"}],"up":[{"embeddable":true,"href":"https:\/\/www.argonandco.com\/fr\/wp-json\/wp\/v2\/pages\/37626"}],"wp:attachment":[{"href":"https:\/\/www.argonandco.com\/fr\/wp-json\/wp\/v2\/media?parent=38644"}],"curies":[{"name":"wp","href":"https:\/\/api.w.org\/{rel}","templated":true}]}}