{"id":38640,"date":"2026-04-07T16:52:13","date_gmt":"2026-04-07T15:52:13","guid":{"rendered":"https:\/\/www.argonandco.com\/?page_id=38640"},"modified":"2026-04-07T16:52:13","modified_gmt":"2026-04-07T15:52:13","slug":"lean-six-sigma-formation-action-et-certification","status":"publish","type":"page","link":"https:\/\/www.argonandco.com\/fr\/expertises\/manufacturing\/lean-six-sigma-formation-action-et-certification\/","title":{"rendered":"Lean Six Sigma formation-action et certification"},"content":{"rendered":"<h2><b>Contexte et d\u00e9fis<\/b><\/h2>\n<p><span class=\"intro\">Relever les d\u00e9fis d&rsquo;aujourd&rsquo;hui, qu&rsquo;ils soient de service, de co\u00fbt, de d\u00e9lai ou de tout autre nature, n\u00e9cessite une approche structur\u00e9e \u00e0 l&rsquo;\u00e9chelle de l&rsquo;entreprise pour \u00eatre aussi efficace que possible et surtout durer dans le temps. Avec des \u00e9quipes et des chefs de projet parlant un langage commun et utilisant des m\u00e9thodes communes, tout niveau d&rsquo;am\u00e9lioration est envisageable. La plupart des entreprises ont identifi\u00e9 qu\u2019allier les outils de production Lean d\u2019optimisation des flux, avec la rigueur quantitative de la m\u00e9thodologie Six Sigma DMAIC (<em>Define, Measure, Analyse, Improve, Control<\/em>), g\u00e9n\u00e8re des r\u00e9sultats ann\u00e9e apr\u00e8s ann\u00e9e, tout en assurant les changements culturels n\u00e9cessaires \u00e0 son organisation pour mieux appr\u00e9hender les enjeux du XXI\u00e8me si\u00e8cle et son environnement en constante \u00e9volution, et augmenter l\u2019engagement et la mobilisation des \u00e9quipes.<\/span><\/p>\n<p>L\u2019implication des \u00e9quipes terrain et l&rsquo;utilisation des donn\u00e9es pour l\u2019analyse syst\u00e9matique des variations des processus et l\u2019identification des v\u00e9ritables causes racines, ainsi que l\u2019attention \u00e0 rendre les am\u00e9liorations p\u00e9rennes gr\u00e2ce \u00e0 la phase \u00ab\u00a0Control \/ ma\u00eetrise \u00bb, sont toujours aussi pertinentes et puissantes aujourd&rsquo;hui que dans les ann\u00e9es 90, lorsque General Electric et de nombreuses autres soci\u00e9t\u00e9s industrielles et financi\u00e8res ont d\u00e9velopp\u00e9 et d\u00e9ploy\u00e9 ces outils pour la premi\u00e8re fois \u00e0 l&rsquo;\u00e9chelle de toute l&rsquo;entreprise.<\/p>\n<h2><b>Notre approche<\/b><\/h2>\n<p>Forts de l\u2019h\u00e9ritage Six Sigma de General Electric et d\u2019experts Lean TPM form\u00e9s dans les usines Toyota au Japon, nous sommes parfaitement plac\u00e9s pour accompagner les clients dans le d\u00e9ploiement ou la redynamisation des initiatives Lean Six Sigma, que ce soit via des sessions de formation-action, le coaching terrain de projets \u00e0 fort impact ou la mise en \u0153uvre compl\u00e8te de syst\u00e8mes de performance \u00e0 l&rsquo;\u00e9chelle de l&rsquo;entreprise. Des programmes tr\u00e8s sp\u00e9cifiques ax\u00e9s sur des priorit\u00e9s d\u00e9finies aux programmes plus larges visant l&rsquo;apprentissage de nouvelles comp\u00e9tences et le changement de culture, nous pouvons aider nos clients \u00e0 augmenter l\u2019impact de leur initiative, en r\u00e9duire le temps de mise en \u0153uvre et surtout augmenter rapidement la satisfaction des employ\u00e9s et des clients.<\/p>\n<p>Nos consultants sont des experts terrain ayant eux-m\u00eames \u00e9t\u00e9 form\u00e9s et ayant appliqu\u00e9 durant de nombreuses ann\u00e9es ces m\u00e9thodes en tant que praticien en entreprise. L&rsquo;identification de la structure organisationnelle n\u00e9cessaire pour soutenir la transformation dans le temps et l&rsquo;aide au choix des personnes \u00e0 impliquer, garantissent un transfert de connaissances aux \u00e9quipes client, le plus rapidement et le plus efficacement possible.<\/p>\n<p>Nous avons plusieurs d\u00e9cennies d&rsquo;exp\u00e9rience dans l&rsquo;aide aux clients pour d\u00e9marrer, acc\u00e9l\u00e9rer ou revitaliser les efforts Lean Six Sigma et assurer que les programmes g\u00e9n\u00e8rent les r\u00e9sultats financiers, motivationnels et culturels attendus.<\/p>\n","protected":false},"excerpt":{"rendered":"<p>Contexte et d\u00e9fis Relever les d\u00e9fis d&rsquo;aujourd&rsquo;hui, qu&rsquo;ils soient de service, de co\u00fbt, de d\u00e9lai ou de tout autre nature, n\u00e9cessite une approche structur\u00e9e \u00e0 l&rsquo;\u00e9chelle de l&rsquo;entreprise pour \u00eatre aussi efficace que possible et surtout durer dans le temps. Avec des \u00e9quipes et des chefs de projet parlant un langage commun et utilisant des [&hellip;]<\/p>\n","protected":false},"author":1,"featured_media":0,"parent":37626,"menu_order":6,"comment_status":"closed","ping_status":"closed","template":"","meta":{"_acf_changed":false,"footnotes":""},"class_list":["post-38640","page","type-page","status-publish","hentry"],"acf":[],"yoast_head":"<!-- This site is optimized with the Yoast SEO plugin v27.5 - https:\/\/yoast.com\/product\/yoast-seo-wordpress\/ -->\n<title>Lean Six Sigma formation-action et certification - Argon &amp; Co<\/title>\n<meta name=\"robots\" content=\"index, follow, max-snippet:-1, max-image-preview:large, max-video-preview:-1\" \/>\n<link rel=\"canonical\" href=\"https:\/\/www.argonandco.com\/fr\/expertises\/manufacturing\/lean-six-sigma-formation-action-et-certification\/\" \/>\n<meta property=\"og:locale\" content=\"fr_FR\" \/>\n<meta property=\"og:type\" content=\"article\" \/>\n<meta property=\"og:title\" content=\"Lean Six Sigma formation-action et certification - Argon &amp; Co\" \/>\n<meta property=\"og:description\" content=\"Contexte et d\u00e9fis Relever les d\u00e9fis d&rsquo;aujourd&rsquo;hui, qu&rsquo;ils soient de service, de co\u00fbt, de d\u00e9lai ou de tout autre nature, n\u00e9cessite une approche structur\u00e9e \u00e0 l&rsquo;\u00e9chelle de l&rsquo;entreprise pour \u00eatre aussi efficace que possible et surtout durer dans le temps. Avec des \u00e9quipes et des chefs de projet parlant un langage commun et utilisant des [&hellip;]\" \/>\n<meta property=\"og:url\" content=\"https:\/\/www.argonandco.com\/fr\/expertises\/manufacturing\/lean-six-sigma-formation-action-et-certification\/\" \/>\n<meta property=\"og:site_name\" content=\"Argon &amp; Co\" \/>\n<meta name=\"twitter:card\" content=\"summary_large_image\" \/>\n<meta name=\"twitter:label1\" content=\"Dur\u00e9e de lecture estim\u00e9e\" \/>\n\t<meta name=\"twitter:data1\" content=\"2 minutes\" \/>\n<script type=\"application\/ld+json\" class=\"yoast-schema-graph\">{\"@context\":\"https:\\\/\\\/schema.org\",\"@graph\":[{\"@type\":\"WebPage\",\"@id\":\"https:\\\/\\\/www.argonandco.com\\\/fr\\\/expertises\\\/manufacturing\\\/lean-six-sigma-formation-action-et-certification\\\/\",\"url\":\"https:\\\/\\\/www.argonandco.com\\\/fr\\\/expertises\\\/manufacturing\\\/lean-six-sigma-formation-action-et-certification\\\/\",\"name\":\"Lean Six Sigma formation-action et certification - Argon &amp; Co\",\"isPartOf\":{\"@id\":\"https:\\\/\\\/www.argonandco.com\\\/fr\\\/#website\"},\"datePublished\":\"2026-04-07T15:52:13+00:00\",\"breadcrumb\":{\"@id\":\"https:\\\/\\\/www.argonandco.com\\\/fr\\\/expertises\\\/manufacturing\\\/lean-six-sigma-formation-action-et-certification\\\/#breadcrumb\"},\"inLanguage\":\"fr-FR\",\"potentialAction\":[{\"@type\":\"ReadAction\",\"target\":[\"https:\\\/\\\/www.argonandco.com\\\/fr\\\/expertises\\\/manufacturing\\\/lean-six-sigma-formation-action-et-certification\\\/\"]}]},{\"@type\":\"BreadcrumbList\",\"@id\":\"https:\\\/\\\/www.argonandco.com\\\/fr\\\/expertises\\\/manufacturing\\\/lean-six-sigma-formation-action-et-certification\\\/#breadcrumb\",\"itemListElement\":[{\"@type\":\"ListItem\",\"position\":1,\"name\":\"Home\",\"item\":\"https:\\\/\\\/www.argonandco.com\\\/fr\\\/\"},{\"@type\":\"ListItem\",\"position\":2,\"name\":\"Expertises\",\"item\":\"https:\\\/\\\/www.argonandco.com\\\/fr\\\/expertises\\\/\"},{\"@type\":\"ListItem\",\"position\":3,\"name\":\"Manufacturing\",\"item\":\"https:\\\/\\\/www.argonandco.com\\\/fr\\\/expertises\\\/manufacturing\\\/\"},{\"@type\":\"ListItem\",\"position\":4,\"name\":\"Lean Six Sigma formation-action et certification\"}]},{\"@type\":\"WebSite\",\"@id\":\"https:\\\/\\\/www.argonandco.com\\\/fr\\\/#website\",\"url\":\"https:\\\/\\\/www.argonandco.com\\\/fr\\\/\",\"name\":\"Argon &amp; Co\",\"description\":\"We help clients achieve their strategic and operational objectives, working together to transform their businesses and generate real change.\",\"potentialAction\":[{\"@type\":\"SearchAction\",\"target\":{\"@type\":\"EntryPoint\",\"urlTemplate\":\"https:\\\/\\\/www.argonandco.com\\\/fr\\\/?s={search_term_string}\"},\"query-input\":{\"@type\":\"PropertyValueSpecification\",\"valueRequired\":true,\"valueName\":\"search_term_string\"}}],\"inLanguage\":\"fr-FR\"}]}<\/script>\n<!-- \/ Yoast SEO plugin. -->","yoast_head_json":{"title":"Lean Six Sigma formation-action et certification - Argon &amp; Co","robots":{"index":"index","follow":"follow","max-snippet":"max-snippet:-1","max-image-preview":"max-image-preview:large","max-video-preview":"max-video-preview:-1"},"canonical":"https:\/\/www.argonandco.com\/fr\/expertises\/manufacturing\/lean-six-sigma-formation-action-et-certification\/","og_locale":"fr_FR","og_type":"article","og_title":"Lean Six Sigma formation-action et certification - Argon &amp; Co","og_description":"Contexte et d\u00e9fis Relever les d\u00e9fis d&rsquo;aujourd&rsquo;hui, qu&rsquo;ils soient de service, de co\u00fbt, de d\u00e9lai ou de tout autre nature, n\u00e9cessite une approche structur\u00e9e \u00e0 l&rsquo;\u00e9chelle de l&rsquo;entreprise pour \u00eatre aussi efficace que possible et surtout durer dans le temps. Avec des \u00e9quipes et des chefs de projet parlant un langage commun et utilisant des [&hellip;]","og_url":"https:\/\/www.argonandco.com\/fr\/expertises\/manufacturing\/lean-six-sigma-formation-action-et-certification\/","og_site_name":"Argon &amp; Co","twitter_card":"summary_large_image","twitter_misc":{"Dur\u00e9e de lecture estim\u00e9e":"2 minutes"},"schema":{"@context":"https:\/\/schema.org","@graph":[{"@type":"WebPage","@id":"https:\/\/www.argonandco.com\/fr\/expertises\/manufacturing\/lean-six-sigma-formation-action-et-certification\/","url":"https:\/\/www.argonandco.com\/fr\/expertises\/manufacturing\/lean-six-sigma-formation-action-et-certification\/","name":"Lean Six Sigma formation-action et certification - Argon &amp; Co","isPartOf":{"@id":"https:\/\/www.argonandco.com\/fr\/#website"},"datePublished":"2026-04-07T15:52:13+00:00","breadcrumb":{"@id":"https:\/\/www.argonandco.com\/fr\/expertises\/manufacturing\/lean-six-sigma-formation-action-et-certification\/#breadcrumb"},"inLanguage":"fr-FR","potentialAction":[{"@type":"ReadAction","target":["https:\/\/www.argonandco.com\/fr\/expertises\/manufacturing\/lean-six-sigma-formation-action-et-certification\/"]}]},{"@type":"BreadcrumbList","@id":"https:\/\/www.argonandco.com\/fr\/expertises\/manufacturing\/lean-six-sigma-formation-action-et-certification\/#breadcrumb","itemListElement":[{"@type":"ListItem","position":1,"name":"Home","item":"https:\/\/www.argonandco.com\/fr\/"},{"@type":"ListItem","position":2,"name":"Expertises","item":"https:\/\/www.argonandco.com\/fr\/expertises\/"},{"@type":"ListItem","position":3,"name":"Manufacturing","item":"https:\/\/www.argonandco.com\/fr\/expertises\/manufacturing\/"},{"@type":"ListItem","position":4,"name":"Lean Six Sigma formation-action et certification"}]},{"@type":"WebSite","@id":"https:\/\/www.argonandco.com\/fr\/#website","url":"https:\/\/www.argonandco.com\/fr\/","name":"Argon &amp; Co","description":"We help clients achieve their strategic and operational objectives, working together to transform their businesses and generate real change.","potentialAction":[{"@type":"SearchAction","target":{"@type":"EntryPoint","urlTemplate":"https:\/\/www.argonandco.com\/fr\/?s={search_term_string}"},"query-input":{"@type":"PropertyValueSpecification","valueRequired":true,"valueName":"search_term_string"}}],"inLanguage":"fr-FR"}]}},"_links":{"self":[{"href":"https:\/\/www.argonandco.com\/fr\/wp-json\/wp\/v2\/pages\/38640","targetHints":{"allow":["GET"]}}],"collection":[{"href":"https:\/\/www.argonandco.com\/fr\/wp-json\/wp\/v2\/pages"}],"about":[{"href":"https:\/\/www.argonandco.com\/fr\/wp-json\/wp\/v2\/types\/page"}],"author":[{"embeddable":true,"href":"https:\/\/www.argonandco.com\/fr\/wp-json\/wp\/v2\/users\/1"}],"replies":[{"embeddable":true,"href":"https:\/\/www.argonandco.com\/fr\/wp-json\/wp\/v2\/comments?post=38640"}],"version-history":[{"count":0,"href":"https:\/\/www.argonandco.com\/fr\/wp-json\/wp\/v2\/pages\/38640\/revisions"}],"up":[{"embeddable":true,"href":"https:\/\/www.argonandco.com\/fr\/wp-json\/wp\/v2\/pages\/37626"}],"wp:attachment":[{"href":"https:\/\/www.argonandco.com\/fr\/wp-json\/wp\/v2\/media?parent=38640"}],"curies":[{"name":"wp","href":"https:\/\/api.w.org\/{rel}","templated":true}]}}