{"id":38636,"date":"2026-04-07T16:52:08","date_gmt":"2026-04-07T15:52:08","guid":{"rendered":"https:\/\/www.argonandco.com\/?page_id=38636"},"modified":"2026-04-07T16:52:08","modified_gmt":"2026-04-07T15:52:08","slug":"visible-planning-et-developpement-lean","status":"publish","type":"page","link":"https:\/\/www.argonandco.com\/fr\/expertises\/manufacturing\/visible-planning-et-developpement-lean\/","title":{"rendered":"Visible planning et d\u00e9veloppement Lean"},"content":{"rendered":"<h2><b>Contexte et d\u00e9fis<\/b><\/h2>\n<p>Beaucoup d\u2019entreprises appliquent aujourd\u2019hui les principes du <em>Lean Manufacturing<\/em> (parfois avec un succ\u00e8s variable) et certaines en retirent d\u2019importants b\u00e9n\u00e9fices, tout en impulsant un changement culturel significatif dans leurs sites de production.<\/p>\n<p>Dans le domaine de l\u2019innovation et du d\u00e9veloppement, le potentiel de gain est bien souvent intact, ou encore tr\u00e8s peu entam\u00e9. Les pertes &#8211; physiques et visibles en production &#8211; deviennent immat\u00e9rielles dans le monde de l\u2019innovation et du d\u00e9veloppement. Leur traque et leur \u00e9limination syst\u00e9matique ne sont que plus ardues.<\/p>\n<p>Qui plus est, l\u2019environnement toujours plus comp\u00e9titif des entreprises les force \u00e0 s\u2019adapter en permanence et \u00e0 mettre sur le march\u00e9 davantage de produits que par le pass\u00e9, plus vite, donc souvent d\u00e9velopp\u00e9s en moins de temps.<\/p>\n<p>C\u2019est par la ma\u00eetrise de processus agiles dans les domaines de l\u2019innovation et du d\u00e9veloppement que l\u2019entreprise pourra atteindre le triptyque <em>Time To Market \/ Cost \/ Quality<\/em> de mani\u00e8re p\u00e9renne.<\/p>\n<h2><b>Notre approche<\/b><\/h2>\n<p>Argon &amp; Co propose \u00e0 ses clients de s\u2019appuyer sur la m\u00e9thode <em>Visible Planning \/ Lean Development<\/em> afin d\u2019initier une d\u00e9marche d\u2019am\u00e9lioration continue en R&amp;D. Cette approche structur\u00e9e permettra de :<\/p>\n<ul>\n<li>(Re-)D\u00e9finir les processus de d\u00e9veloppement \/ d\u2019innovation<\/li>\n<li>Identifier les jalons en mettant en particulier l\u2019accent sur les interfaces entre m\u00e9tiers et fonctions<\/li>\n<li>Mettre en \u00e9vidence les pertes cach\u00e9es dans les processus de d\u00e9veloppement<\/li>\n<li>Initier une d\u00e9marche d\u2019identification et d\u2019\u00e9limination de ces pertes en \u00e9quipe pluridisciplinaire<\/li>\n<li>Mettre en place l\u2019organisation permettant la mise en \u0153uvre de cette d\u00e9marche de mani\u00e8re continue<\/li>\n<\/ul>\n<p>Argon &amp; Co accompagne ses clients dans le d\u00e9ploiement de la m\u00e9thode <em>Visible Planning<\/em> afin de\u00a0:<\/p>\n<ul>\n<li>Eliminer les pertes tout au long des processus de R&amp;D<\/li>\n<li>R\u00e9duire le TTM (<em>Time to Market<\/em>)<\/li>\n<li>Ma\u00eetriser les co\u00fbts de d\u00e9veloppement<\/li>\n<li>Fluidifier la communication, partager les informations et les risques identifi\u00e9s &#8211; et surtout d\u00e9velopper les actions de rem\u00e9diations en \u00e9quipe, entre les fonctions<\/li>\n<li>Garantir la mont\u00e9e en cadence de la production au bon niveau de qualit\u00e9 et de co\u00fbt d\u00e8s les phases de lancement<\/li>\n<li>Mettre en place une culture favorisant l\u2019agilit\u00e9 et le travail en \u00e9quipes multifonctionnelles<\/li>\n<\/ul>\n","protected":false},"excerpt":{"rendered":"<p>Contexte et d\u00e9fis Beaucoup d\u2019entreprises appliquent aujourd\u2019hui les principes du Lean Manufacturing (parfois avec un succ\u00e8s variable) et certaines en retirent d\u2019importants b\u00e9n\u00e9fices, tout en impulsant un changement culturel significatif dans leurs sites de production. Dans le domaine de l\u2019innovation et du d\u00e9veloppement, le potentiel de gain est bien souvent intact, ou encore tr\u00e8s peu [&hellip;]<\/p>\n","protected":false},"author":1,"featured_media":0,"parent":37626,"menu_order":4,"comment_status":"closed","ping_status":"closed","template":"","meta":{"_acf_changed":false,"footnotes":""},"class_list":["post-38636","page","type-page","status-publish","hentry"],"acf":[],"yoast_head":"<!-- This site is optimized with the Yoast SEO plugin v27.5 - https:\/\/yoast.com\/product\/yoast-seo-wordpress\/ -->\n<title>Visible planning et d\u00e9veloppement Lean - Argon &amp; Co<\/title>\n<meta name=\"robots\" content=\"index, follow, max-snippet:-1, max-image-preview:large, max-video-preview:-1\" \/>\n<link rel=\"canonical\" href=\"https:\/\/www.argonandco.com\/fr\/expertises\/manufacturing\/visible-planning-et-developpement-lean\/\" \/>\n<meta property=\"og:locale\" content=\"fr_FR\" \/>\n<meta property=\"og:type\" content=\"article\" \/>\n<meta property=\"og:title\" content=\"Visible planning et d\u00e9veloppement Lean - Argon &amp; Co\" \/>\n<meta property=\"og:description\" content=\"Contexte et d\u00e9fis Beaucoup d\u2019entreprises appliquent aujourd\u2019hui les principes du Lean Manufacturing (parfois avec un succ\u00e8s variable) et certaines en retirent d\u2019importants b\u00e9n\u00e9fices, tout en impulsant un changement culturel significatif dans leurs sites de production. Dans le domaine de l\u2019innovation et du d\u00e9veloppement, le potentiel de gain est bien souvent intact, ou encore tr\u00e8s peu [&hellip;]\" \/>\n<meta property=\"og:url\" content=\"https:\/\/www.argonandco.com\/fr\/expertises\/manufacturing\/visible-planning-et-developpement-lean\/\" \/>\n<meta property=\"og:site_name\" content=\"Argon &amp; Co\" \/>\n<meta name=\"twitter:card\" content=\"summary_large_image\" \/>\n<meta name=\"twitter:label1\" content=\"Dur\u00e9e de lecture estim\u00e9e\" \/>\n\t<meta name=\"twitter:data1\" content=\"2 minutes\" \/>\n<script type=\"application\/ld+json\" class=\"yoast-schema-graph\">{\"@context\":\"https:\\\/\\\/schema.org\",\"@graph\":[{\"@type\":\"WebPage\",\"@id\":\"https:\\\/\\\/www.argonandco.com\\\/fr\\\/expertises\\\/manufacturing\\\/visible-planning-et-developpement-lean\\\/\",\"url\":\"https:\\\/\\\/www.argonandco.com\\\/fr\\\/expertises\\\/manufacturing\\\/visible-planning-et-developpement-lean\\\/\",\"name\":\"Visible planning et d\u00e9veloppement Lean - Argon &amp; Co\",\"isPartOf\":{\"@id\":\"https:\\\/\\\/www.argonandco.com\\\/fr\\\/#website\"},\"datePublished\":\"2026-04-07T15:52:08+00:00\",\"breadcrumb\":{\"@id\":\"https:\\\/\\\/www.argonandco.com\\\/fr\\\/expertises\\\/manufacturing\\\/visible-planning-et-developpement-lean\\\/#breadcrumb\"},\"inLanguage\":\"fr-FR\",\"potentialAction\":[{\"@type\":\"ReadAction\",\"target\":[\"https:\\\/\\\/www.argonandco.com\\\/fr\\\/expertises\\\/manufacturing\\\/visible-planning-et-developpement-lean\\\/\"]}]},{\"@type\":\"BreadcrumbList\",\"@id\":\"https:\\\/\\\/www.argonandco.com\\\/fr\\\/expertises\\\/manufacturing\\\/visible-planning-et-developpement-lean\\\/#breadcrumb\",\"itemListElement\":[{\"@type\":\"ListItem\",\"position\":1,\"name\":\"Home\",\"item\":\"https:\\\/\\\/www.argonandco.com\\\/fr\\\/\"},{\"@type\":\"ListItem\",\"position\":2,\"name\":\"Expertises\",\"item\":\"https:\\\/\\\/www.argonandco.com\\\/fr\\\/expertises\\\/\"},{\"@type\":\"ListItem\",\"position\":3,\"name\":\"Manufacturing\",\"item\":\"https:\\\/\\\/www.argonandco.com\\\/fr\\\/expertises\\\/manufacturing\\\/\"},{\"@type\":\"ListItem\",\"position\":4,\"name\":\"Visible planning et d\u00e9veloppement Lean\"}]},{\"@type\":\"WebSite\",\"@id\":\"https:\\\/\\\/www.argonandco.com\\\/fr\\\/#website\",\"url\":\"https:\\\/\\\/www.argonandco.com\\\/fr\\\/\",\"name\":\"Argon &amp; Co\",\"description\":\"We help clients achieve their strategic and operational objectives, working together to transform their businesses and generate real change.\",\"potentialAction\":[{\"@type\":\"SearchAction\",\"target\":{\"@type\":\"EntryPoint\",\"urlTemplate\":\"https:\\\/\\\/www.argonandco.com\\\/fr\\\/?s={search_term_string}\"},\"query-input\":{\"@type\":\"PropertyValueSpecification\",\"valueRequired\":true,\"valueName\":\"search_term_string\"}}],\"inLanguage\":\"fr-FR\"}]}<\/script>\n<!-- \/ Yoast SEO plugin. -->","yoast_head_json":{"title":"Visible planning et d\u00e9veloppement Lean - Argon &amp; Co","robots":{"index":"index","follow":"follow","max-snippet":"max-snippet:-1","max-image-preview":"max-image-preview:large","max-video-preview":"max-video-preview:-1"},"canonical":"https:\/\/www.argonandco.com\/fr\/expertises\/manufacturing\/visible-planning-et-developpement-lean\/","og_locale":"fr_FR","og_type":"article","og_title":"Visible planning et d\u00e9veloppement Lean - Argon &amp; Co","og_description":"Contexte et d\u00e9fis Beaucoup d\u2019entreprises appliquent aujourd\u2019hui les principes du Lean Manufacturing (parfois avec un succ\u00e8s variable) et certaines en retirent d\u2019importants b\u00e9n\u00e9fices, tout en impulsant un changement culturel significatif dans leurs sites de production. Dans le domaine de l\u2019innovation et du d\u00e9veloppement, le potentiel de gain est bien souvent intact, ou encore tr\u00e8s peu [&hellip;]","og_url":"https:\/\/www.argonandco.com\/fr\/expertises\/manufacturing\/visible-planning-et-developpement-lean\/","og_site_name":"Argon &amp; Co","twitter_card":"summary_large_image","twitter_misc":{"Dur\u00e9e de lecture estim\u00e9e":"2 minutes"},"schema":{"@context":"https:\/\/schema.org","@graph":[{"@type":"WebPage","@id":"https:\/\/www.argonandco.com\/fr\/expertises\/manufacturing\/visible-planning-et-developpement-lean\/","url":"https:\/\/www.argonandco.com\/fr\/expertises\/manufacturing\/visible-planning-et-developpement-lean\/","name":"Visible planning et d\u00e9veloppement Lean - Argon &amp; Co","isPartOf":{"@id":"https:\/\/www.argonandco.com\/fr\/#website"},"datePublished":"2026-04-07T15:52:08+00:00","breadcrumb":{"@id":"https:\/\/www.argonandco.com\/fr\/expertises\/manufacturing\/visible-planning-et-developpement-lean\/#breadcrumb"},"inLanguage":"fr-FR","potentialAction":[{"@type":"ReadAction","target":["https:\/\/www.argonandco.com\/fr\/expertises\/manufacturing\/visible-planning-et-developpement-lean\/"]}]},{"@type":"BreadcrumbList","@id":"https:\/\/www.argonandco.com\/fr\/expertises\/manufacturing\/visible-planning-et-developpement-lean\/#breadcrumb","itemListElement":[{"@type":"ListItem","position":1,"name":"Home","item":"https:\/\/www.argonandco.com\/fr\/"},{"@type":"ListItem","position":2,"name":"Expertises","item":"https:\/\/www.argonandco.com\/fr\/expertises\/"},{"@type":"ListItem","position":3,"name":"Manufacturing","item":"https:\/\/www.argonandco.com\/fr\/expertises\/manufacturing\/"},{"@type":"ListItem","position":4,"name":"Visible planning et d\u00e9veloppement Lean"}]},{"@type":"WebSite","@id":"https:\/\/www.argonandco.com\/fr\/#website","url":"https:\/\/www.argonandco.com\/fr\/","name":"Argon &amp; Co","description":"We help clients achieve their strategic and operational objectives, working together to transform their businesses and generate real change.","potentialAction":[{"@type":"SearchAction","target":{"@type":"EntryPoint","urlTemplate":"https:\/\/www.argonandco.com\/fr\/?s={search_term_string}"},"query-input":{"@type":"PropertyValueSpecification","valueRequired":true,"valueName":"search_term_string"}}],"inLanguage":"fr-FR"}]}},"_links":{"self":[{"href":"https:\/\/www.argonandco.com\/fr\/wp-json\/wp\/v2\/pages\/38636","targetHints":{"allow":["GET"]}}],"collection":[{"href":"https:\/\/www.argonandco.com\/fr\/wp-json\/wp\/v2\/pages"}],"about":[{"href":"https:\/\/www.argonandco.com\/fr\/wp-json\/wp\/v2\/types\/page"}],"author":[{"embeddable":true,"href":"https:\/\/www.argonandco.com\/fr\/wp-json\/wp\/v2\/users\/1"}],"replies":[{"embeddable":true,"href":"https:\/\/www.argonandco.com\/fr\/wp-json\/wp\/v2\/comments?post=38636"}],"version-history":[{"count":0,"href":"https:\/\/www.argonandco.com\/fr\/wp-json\/wp\/v2\/pages\/38636\/revisions"}],"up":[{"embeddable":true,"href":"https:\/\/www.argonandco.com\/fr\/wp-json\/wp\/v2\/pages\/37626"}],"wp:attachment":[{"href":"https:\/\/www.argonandco.com\/fr\/wp-json\/wp\/v2\/media?parent=38636"}],"curies":[{"name":"wp","href":"https:\/\/api.w.org\/{rel}","templated":true}]}}