{"id":37617,"date":"2026-04-07T14:41:47","date_gmt":"2026-04-07T13:41:47","guid":{"rendered":"https:\/\/www.argonandco.com\/?page_id=37617"},"modified":"2026-04-08T15:30:35","modified_gmt":"2026-04-08T14:30:35","slug":"systems-integration","status":"publish","type":"page","link":"https:\/\/www.argonandco.com\/fr\/expertises\/systems-integration\/","title":{"rendered":"Systems integration"},"content":{"rendered":"<p><span class=\"intro\">Dans des environnements Supply Chain dynamiques, l\u2019int\u00e9gration des syst\u00e8mes est un catalyseur d\u2019excellence op\u00e9rationnelle. Les organisations s\u2019appuient sur un r\u00e9seau de plateformes digitales pour piloter logistique, manufacturing, inventaire et approvisionnements. Sans int\u00e9gration fluide, les syst\u00e8mes se fragmentent. Les silos data et les inefficiences apparaissent. Des opportunit\u00e9s se perdent.<\/span><\/p>\n<p>L\u2019int\u00e9gration des syst\u00e8mes relie la technologie aux op\u00e9rations et aligne les capacit\u00e9s digitales aux objectifs strat\u00e9giques. Elle permet visibilit\u00e9 temps r\u00e9el, automatisation des processus et transformation \u00e0 l\u2019\u00e9chelle. Elle pose les bases de Supply Chains r\u00e9silientes, r\u00e9actives et performantes.<\/p>\n<h2>Premi\u00e8res \u00e9tapes<\/h2>\n<p>On commence par aligner la strat\u00e9gie technologique aux priorit\u00e9s op\u00e9rationnelles. Nous \u00e9valuons les syst\u00e8mes en place. Nous identifions les \u00e9carts. Nous dessinons une roadmap d\u2019int\u00e9gration. Activit\u00e9s cl\u00e9s :<\/p>\n<ul>\n<li>Design de solutions strat\u00e9giques adapt\u00e9es aux besoins Supply Chain<\/li>\n<li>S\u00e9lection technologique et \u00e9laboration de la roadmap avec des acc\u00e9l\u00e9rateurs \u00e9prouv\u00e9s<\/li>\n<li>Diagnostics op\u00e9rationnels pour r\u00e9v\u00e9ler les inefficiences et prioriser l\u2019int\u00e9gration<\/li>\n<\/ul>\n<p>Que le focus soit manufacturing, logistique, planning ou approvisionnements, chaque initiative doit livrer une valeur mesurable et \u00eatre \u00ab change ready \u00bb.<\/p>\n<h2>Impl\u00e9mentation et transformation<\/h2>\n<p>Une fois la strat\u00e9gie en place, place \u00e0 la mise en \u0153uvre :<\/p>\n<ul>\n<li>Impl\u00e9mentation end to end des technologies Supply Chain, de la configuration au go live<\/li>\n<li>Int\u00e9gration de plateformes (advanced planning, entrep\u00f4ts, transportation, manufacturing, approvisionnements) pour optimiser la performance<\/li>\n<li>Facilitation du changement et gouvernance pour ancrer la transformation<\/li>\n<li>Suivi de la performance et support cycle de vie pour s\u00e9curiser la valeur<\/li>\n<\/ul>\n<p>La r\u00e9ussite ne tient pas qu\u2019au d\u00e9ploiement des technologies. Il faut les adapter aux besoins de l\u2019organisation. En combinant people, process, data et culture, l\u2019int\u00e9gration devient un levier de croissance et d\u2019adaptabilit\u00e9.<\/p>\n<h2>Comment relever les d\u00e9fis en systems integration ?<\/h2>\n<p>Notre \u00e9quipe de consultants en systems integration analyse en profondeur les probl\u00e8mes complexes afin d&rsquo;en identifier la cause et se concentre sur l&rsquo;obtention de r\u00e9sultats tangibles pour nos clients.<\/p>\n<p>Nous combinons notre expertise technique, notre exp\u00e9rience op\u00e9rationnelle, nos connaissances commerciales et notre bon sens pour aider nos clients \u00e0 r\u00e9soudre leurs probl\u00e8mes d&rsquo;int\u00e9gration de syst\u00e8mes. Notre approche est positive, flexible et personnelle, avec le bon niveau de challenge. Elle garantit l&rsquo;adh\u00e9sion \u00e0 tous les niveaux de l&rsquo;entreprise et permet l\u2019obtention de r\u00e9sultats durables.<\/p>\n","protected":false},"excerpt":{"rendered":"<p>Dans des environnements Supply Chain dynamiques, l\u2019int\u00e9gration des syst\u00e8mes est un catalyseur d\u2019excellence op\u00e9rationnelle. Les organisations s\u2019appuient sur un r\u00e9seau de plateformes digitales pour piloter logistique, manufacturing, inventaire et approvisionnements. Sans int\u00e9gration fluide, les syst\u00e8mes se fragmentent. Les silos data et les inefficiences apparaissent. Des opportunit\u00e9s se perdent. L\u2019int\u00e9gration des syst\u00e8mes relie la technologie aux [&hellip;]<\/p>\n","protected":false},"author":1,"featured_media":0,"parent":1372,"menu_order":9943,"comment_status":"closed","ping_status":"closed","template":"","meta":{"_acf_changed":false,"footnotes":""},"class_list":["post-37617","page","type-page","status-publish","hentry"],"acf":[],"yoast_head":"<!-- This site is optimized with the Yoast SEO plugin v27.5 - https:\/\/yoast.com\/product\/yoast-seo-wordpress\/ -->\n<title>Systems integration - Argon &amp; Co<\/title>\n<meta name=\"robots\" content=\"index, follow, max-snippet:-1, max-image-preview:large, max-video-preview:-1\" \/>\n<link rel=\"canonical\" href=\"https:\/\/www.argonandco.com\/fr\/expertises\/systems-integration\/\" \/>\n<meta property=\"og:locale\" content=\"fr_FR\" \/>\n<meta property=\"og:type\" content=\"article\" \/>\n<meta property=\"og:title\" content=\"Systems integration - Argon &amp; Co\" \/>\n<meta property=\"og:description\" content=\"Dans des environnements Supply Chain dynamiques, l\u2019int\u00e9gration des syst\u00e8mes est un catalyseur d\u2019excellence op\u00e9rationnelle. Les organisations s\u2019appuient sur un r\u00e9seau de plateformes digitales pour piloter logistique, manufacturing, inventaire et approvisionnements. Sans int\u00e9gration fluide, les syst\u00e8mes se fragmentent. Les silos data et les inefficiences apparaissent. Des opportunit\u00e9s se perdent. L\u2019int\u00e9gration des syst\u00e8mes relie la technologie aux [&hellip;]\" \/>\n<meta property=\"og:url\" content=\"https:\/\/www.argonandco.com\/fr\/expertises\/systems-integration\/\" \/>\n<meta property=\"og:site_name\" content=\"Argon &amp; Co\" \/>\n<meta property=\"article:modified_time\" content=\"2026-04-08T14:30:35+00:00\" \/>\n<meta name=\"twitter:card\" content=\"summary_large_image\" \/>\n<meta name=\"twitter:label1\" content=\"Dur\u00e9e de lecture estim\u00e9e\" \/>\n\t<meta name=\"twitter:data1\" content=\"2 minutes\" \/>\n<script type=\"application\/ld+json\" class=\"yoast-schema-graph\">{\"@context\":\"https:\\\/\\\/schema.org\",\"@graph\":[{\"@type\":\"WebPage\",\"@id\":\"https:\\\/\\\/www.argonandco.com\\\/fr\\\/expertises\\\/systems-integration\\\/\",\"url\":\"https:\\\/\\\/www.argonandco.com\\\/fr\\\/expertises\\\/systems-integration\\\/\",\"name\":\"Systems integration - Argon &amp; Co\",\"isPartOf\":{\"@id\":\"https:\\\/\\\/www.argonandco.com\\\/fr\\\/#website\"},\"datePublished\":\"2026-04-07T13:41:47+00:00\",\"dateModified\":\"2026-04-08T14:30:35+00:00\",\"breadcrumb\":{\"@id\":\"https:\\\/\\\/www.argonandco.com\\\/fr\\\/expertises\\\/systems-integration\\\/#breadcrumb\"},\"inLanguage\":\"fr-FR\",\"potentialAction\":[{\"@type\":\"ReadAction\",\"target\":[\"https:\\\/\\\/www.argonandco.com\\\/fr\\\/expertises\\\/systems-integration\\\/\"]}]},{\"@type\":\"BreadcrumbList\",\"@id\":\"https:\\\/\\\/www.argonandco.com\\\/fr\\\/expertises\\\/systems-integration\\\/#breadcrumb\",\"itemListElement\":[{\"@type\":\"ListItem\",\"position\":1,\"name\":\"Home\",\"item\":\"https:\\\/\\\/www.argonandco.com\\\/fr\\\/\"},{\"@type\":\"ListItem\",\"position\":2,\"name\":\"Expertises\",\"item\":\"https:\\\/\\\/www.argonandco.com\\\/fr\\\/expertises\\\/\"},{\"@type\":\"ListItem\",\"position\":3,\"name\":\"Systems integration\"}]},{\"@type\":\"WebSite\",\"@id\":\"https:\\\/\\\/www.argonandco.com\\\/fr\\\/#website\",\"url\":\"https:\\\/\\\/www.argonandco.com\\\/fr\\\/\",\"name\":\"Argon &amp; Co\",\"description\":\"We help clients achieve their strategic and operational objectives, working together to transform their businesses and generate real change.\",\"potentialAction\":[{\"@type\":\"SearchAction\",\"target\":{\"@type\":\"EntryPoint\",\"urlTemplate\":\"https:\\\/\\\/www.argonandco.com\\\/fr\\\/?s={search_term_string}\"},\"query-input\":{\"@type\":\"PropertyValueSpecification\",\"valueRequired\":true,\"valueName\":\"search_term_string\"}}],\"inLanguage\":\"fr-FR\"}]}<\/script>\n<!-- \/ Yoast SEO plugin. -->","yoast_head_json":{"title":"Systems integration - Argon &amp; Co","robots":{"index":"index","follow":"follow","max-snippet":"max-snippet:-1","max-image-preview":"max-image-preview:large","max-video-preview":"max-video-preview:-1"},"canonical":"https:\/\/www.argonandco.com\/fr\/expertises\/systems-integration\/","og_locale":"fr_FR","og_type":"article","og_title":"Systems integration - Argon &amp; Co","og_description":"Dans des environnements Supply Chain dynamiques, l\u2019int\u00e9gration des syst\u00e8mes est un catalyseur d\u2019excellence op\u00e9rationnelle. Les organisations s\u2019appuient sur un r\u00e9seau de plateformes digitales pour piloter logistique, manufacturing, inventaire et approvisionnements. Sans int\u00e9gration fluide, les syst\u00e8mes se fragmentent. Les silos data et les inefficiences apparaissent. Des opportunit\u00e9s se perdent. L\u2019int\u00e9gration des syst\u00e8mes relie la technologie aux [&hellip;]","og_url":"https:\/\/www.argonandco.com\/fr\/expertises\/systems-integration\/","og_site_name":"Argon &amp; Co","article_modified_time":"2026-04-08T14:30:35+00:00","twitter_card":"summary_large_image","twitter_misc":{"Dur\u00e9e de lecture estim\u00e9e":"2 minutes"},"schema":{"@context":"https:\/\/schema.org","@graph":[{"@type":"WebPage","@id":"https:\/\/www.argonandco.com\/fr\/expertises\/systems-integration\/","url":"https:\/\/www.argonandco.com\/fr\/expertises\/systems-integration\/","name":"Systems integration - Argon &amp; Co","isPartOf":{"@id":"https:\/\/www.argonandco.com\/fr\/#website"},"datePublished":"2026-04-07T13:41:47+00:00","dateModified":"2026-04-08T14:30:35+00:00","breadcrumb":{"@id":"https:\/\/www.argonandco.com\/fr\/expertises\/systems-integration\/#breadcrumb"},"inLanguage":"fr-FR","potentialAction":[{"@type":"ReadAction","target":["https:\/\/www.argonandco.com\/fr\/expertises\/systems-integration\/"]}]},{"@type":"BreadcrumbList","@id":"https:\/\/www.argonandco.com\/fr\/expertises\/systems-integration\/#breadcrumb","itemListElement":[{"@type":"ListItem","position":1,"name":"Home","item":"https:\/\/www.argonandco.com\/fr\/"},{"@type":"ListItem","position":2,"name":"Expertises","item":"https:\/\/www.argonandco.com\/fr\/expertises\/"},{"@type":"ListItem","position":3,"name":"Systems integration"}]},{"@type":"WebSite","@id":"https:\/\/www.argonandco.com\/fr\/#website","url":"https:\/\/www.argonandco.com\/fr\/","name":"Argon &amp; Co","description":"We help clients achieve their strategic and operational objectives, working together to transform their businesses and generate real change.","potentialAction":[{"@type":"SearchAction","target":{"@type":"EntryPoint","urlTemplate":"https:\/\/www.argonandco.com\/fr\/?s={search_term_string}"},"query-input":{"@type":"PropertyValueSpecification","valueRequired":true,"valueName":"search_term_string"}}],"inLanguage":"fr-FR"}]}},"_links":{"self":[{"href":"https:\/\/www.argonandco.com\/fr\/wp-json\/wp\/v2\/pages\/37617","targetHints":{"allow":["GET"]}}],"collection":[{"href":"https:\/\/www.argonandco.com\/fr\/wp-json\/wp\/v2\/pages"}],"about":[{"href":"https:\/\/www.argonandco.com\/fr\/wp-json\/wp\/v2\/types\/page"}],"author":[{"embeddable":true,"href":"https:\/\/www.argonandco.com\/fr\/wp-json\/wp\/v2\/users\/1"}],"replies":[{"embeddable":true,"href":"https:\/\/www.argonandco.com\/fr\/wp-json\/wp\/v2\/comments?post=37617"}],"version-history":[{"count":0,"href":"https:\/\/www.argonandco.com\/fr\/wp-json\/wp\/v2\/pages\/37617\/revisions"}],"up":[{"embeddable":true,"href":"https:\/\/www.argonandco.com\/fr\/wp-json\/wp\/v2\/pages\/1372"}],"wp:attachment":[{"href":"https:\/\/www.argonandco.com\/fr\/wp-json\/wp\/v2\/media?parent=37617"}],"curies":[{"name":"wp","href":"https:\/\/api.w.org\/{rel}","templated":true}]}}