{"id":37614,"date":"2026-04-07T14:41:50","date_gmt":"2026-04-07T13:41:50","guid":{"rendered":"https:\/\/www.argonandco.com\/?page_id=37614"},"modified":"2026-04-08T15:44:16","modified_gmt":"2026-04-08T14:44:16","slug":"digital-strategy","status":"publish","type":"page","link":"https:\/\/www.argonandco.com\/fr\/expertises\/digital-strategy\/","title":{"rendered":"Digital strategy"},"content":{"rendered":"<p><span class=\"intro\">Dans un environnement qui \u00e9volue vite, une strat\u00e9gie Data robuste fait la diff\u00e9rence. La gouvernance et la qualit\u00e9 des data sont essentielles, mais difficiles. Beaucoup d\u2019organisations peinent sur la migration des Data, l\u2019extraction d\u2019insights actionnables et l\u2019alignement des initiatives Data avec les objectifs business.<\/span><\/p>\n<p>Nous comprenons ces d\u00e9fis. Une bonne strat\u00e9gie digitale doit adresser les enjeux techniques et donner aux \u00e9quipes le pouvoir d\u2019utiliser la Data comme un actif strat\u00e9gique. Objectif : clart\u00e9, agilit\u00e9 et valeur de long terme.<\/p>\n<h2>Premi\u00e8res \u00e9tapes<\/h2>\n<p>Nous posons les fondations d\u2019une strat\u00e9gie Data future ready. Nous concevons une roadmap claire et actionnable, align\u00e9 aux objectifs business, avec un impact mesurable. Nous soutenons le portfolio management pour garder des solutions Data &amp; analytics optimis\u00e9es et pertinentes.<\/p>\n<p>Nous aidons aux d\u00e9cisions d\u2019investissement et de ressources. Nous identifions les tendances et technologies \u00e9mergentes. Nous injectons l\u2019innovation pour renforcer les capacit\u00e9s data et l\u2019avantage comp\u00e9titif.<\/p>\n<h2>Ex\u00e9cution et impact durable<\/h2>\n<p>Une fois la strat\u00e9gie d\u00e9finie, nous passons \u00e0 l\u2019ex\u00e9cution et \u00e0 la valeur. Nous mettons en place des cadres de mesure de la performance et des outils de gouvernance pour garantir les r\u00e9sultats. Nous couvrons l\u2019engagement des parties prenantes et la mont\u00e9e en comp\u00e9tences.<\/p>\n<p>Nous ne d\u00e9ployons pas la technologie pour elle m\u00eame. Nous la fa\u00e7onnons pour servir les besoins de chaque client. Simplicit\u00e9. Clart\u00e9. Utilit\u00e9. Avec la bonne strat\u00e9gie et le bon support, la Data devient un moteur de transformation.<\/p>\n<h2>Comment relever les d\u00e9fis de la strat\u00e9gie digitale ?<\/h2>\n<p>Nos consultants digitaux vont \u00e0 la racine des probl\u00e8mes et visent des r\u00e9sultats tangibles.<\/p>\n<p>Nous combinons notre expertise technique, notre exp\u00e9rience op\u00e9rationnelle, nos connaissances commerciales et notre bon sens pour aider nos clients \u00e0 r\u00e9soudre leurs probl\u00e8mes d&rsquo;int\u00e9gration de syst\u00e8mes. Notre approche est positive, flexible et personnelle, avec le bon niveau de challenge. Elle garantit l&rsquo;adh\u00e9sion \u00e0 tous les niveaux de l&rsquo;entreprise et permet l\u2019obtention de r\u00e9sultats durables.<br \/>\nEn savoir plus.<\/p>\n","protected":false},"excerpt":{"rendered":"<p>Dans un environnement qui \u00e9volue vite, une strat\u00e9gie Data robuste fait la diff\u00e9rence. La gouvernance et la qualit\u00e9 des data sont essentielles, mais difficiles. Beaucoup d\u2019organisations peinent sur la migration des Data, l\u2019extraction d\u2019insights actionnables et l\u2019alignement des initiatives Data avec les objectifs business. Nous comprenons ces d\u00e9fis. Une bonne strat\u00e9gie digitale doit adresser les [&hellip;]<\/p>\n","protected":false},"author":1,"featured_media":0,"parent":1372,"menu_order":9942,"comment_status":"closed","ping_status":"closed","template":"","meta":{"_acf_changed":false,"footnotes":""},"class_list":["post-37614","page","type-page","status-publish","hentry"],"acf":[],"yoast_head":"<!-- This site is optimized with the Yoast SEO plugin v27.5 - https:\/\/yoast.com\/product\/yoast-seo-wordpress\/ -->\n<title>Digital strategy - Argon &amp; Co<\/title>\n<meta name=\"robots\" content=\"index, follow, max-snippet:-1, max-image-preview:large, max-video-preview:-1\" \/>\n<link rel=\"canonical\" href=\"https:\/\/www.argonandco.com\/fr\/expertises\/digital-strategy\/\" \/>\n<meta property=\"og:locale\" content=\"fr_FR\" \/>\n<meta property=\"og:type\" content=\"article\" \/>\n<meta property=\"og:title\" content=\"Digital strategy - Argon &amp; Co\" \/>\n<meta property=\"og:description\" content=\"Dans un environnement qui \u00e9volue vite, une strat\u00e9gie Data robuste fait la diff\u00e9rence. La gouvernance et la qualit\u00e9 des data sont essentielles, mais difficiles. Beaucoup d\u2019organisations peinent sur la migration des Data, l\u2019extraction d\u2019insights actionnables et l\u2019alignement des initiatives Data avec les objectifs business. Nous comprenons ces d\u00e9fis. Une bonne strat\u00e9gie digitale doit adresser les [&hellip;]\" \/>\n<meta property=\"og:url\" content=\"https:\/\/www.argonandco.com\/fr\/expertises\/digital-strategy\/\" \/>\n<meta property=\"og:site_name\" content=\"Argon &amp; Co\" \/>\n<meta property=\"article:modified_time\" content=\"2026-04-08T14:44:16+00:00\" \/>\n<meta name=\"twitter:card\" content=\"summary_large_image\" \/>\n<meta name=\"twitter:label1\" content=\"Dur\u00e9e de lecture estim\u00e9e\" \/>\n\t<meta name=\"twitter:data1\" content=\"2 minutes\" \/>\n<script type=\"application\/ld+json\" class=\"yoast-schema-graph\">{\"@context\":\"https:\\\/\\\/schema.org\",\"@graph\":[{\"@type\":\"WebPage\",\"@id\":\"https:\\\/\\\/www.argonandco.com\\\/fr\\\/expertises\\\/digital-strategy\\\/\",\"url\":\"https:\\\/\\\/www.argonandco.com\\\/fr\\\/expertises\\\/digital-strategy\\\/\",\"name\":\"Digital strategy - Argon &amp; Co\",\"isPartOf\":{\"@id\":\"https:\\\/\\\/www.argonandco.com\\\/fr\\\/#website\"},\"datePublished\":\"2026-04-07T13:41:50+00:00\",\"dateModified\":\"2026-04-08T14:44:16+00:00\",\"breadcrumb\":{\"@id\":\"https:\\\/\\\/www.argonandco.com\\\/fr\\\/expertises\\\/digital-strategy\\\/#breadcrumb\"},\"inLanguage\":\"fr-FR\",\"potentialAction\":[{\"@type\":\"ReadAction\",\"target\":[\"https:\\\/\\\/www.argonandco.com\\\/fr\\\/expertises\\\/digital-strategy\\\/\"]}]},{\"@type\":\"BreadcrumbList\",\"@id\":\"https:\\\/\\\/www.argonandco.com\\\/fr\\\/expertises\\\/digital-strategy\\\/#breadcrumb\",\"itemListElement\":[{\"@type\":\"ListItem\",\"position\":1,\"name\":\"Home\",\"item\":\"https:\\\/\\\/www.argonandco.com\\\/fr\\\/\"},{\"@type\":\"ListItem\",\"position\":2,\"name\":\"Expertises\",\"item\":\"https:\\\/\\\/www.argonandco.com\\\/fr\\\/expertises\\\/\"},{\"@type\":\"ListItem\",\"position\":3,\"name\":\"Digital strategy\"}]},{\"@type\":\"WebSite\",\"@id\":\"https:\\\/\\\/www.argonandco.com\\\/fr\\\/#website\",\"url\":\"https:\\\/\\\/www.argonandco.com\\\/fr\\\/\",\"name\":\"Argon &amp; Co\",\"description\":\"We help clients achieve their strategic and operational objectives, working together to transform their businesses and generate real change.\",\"potentialAction\":[{\"@type\":\"SearchAction\",\"target\":{\"@type\":\"EntryPoint\",\"urlTemplate\":\"https:\\\/\\\/www.argonandco.com\\\/fr\\\/?s={search_term_string}\"},\"query-input\":{\"@type\":\"PropertyValueSpecification\",\"valueRequired\":true,\"valueName\":\"search_term_string\"}}],\"inLanguage\":\"fr-FR\"}]}<\/script>\n<!-- \/ Yoast SEO plugin. -->","yoast_head_json":{"title":"Digital strategy - Argon &amp; Co","robots":{"index":"index","follow":"follow","max-snippet":"max-snippet:-1","max-image-preview":"max-image-preview:large","max-video-preview":"max-video-preview:-1"},"canonical":"https:\/\/www.argonandco.com\/fr\/expertises\/digital-strategy\/","og_locale":"fr_FR","og_type":"article","og_title":"Digital strategy - Argon &amp; Co","og_description":"Dans un environnement qui \u00e9volue vite, une strat\u00e9gie Data robuste fait la diff\u00e9rence. La gouvernance et la qualit\u00e9 des data sont essentielles, mais difficiles. Beaucoup d\u2019organisations peinent sur la migration des Data, l\u2019extraction d\u2019insights actionnables et l\u2019alignement des initiatives Data avec les objectifs business. Nous comprenons ces d\u00e9fis. Une bonne strat\u00e9gie digitale doit adresser les [&hellip;]","og_url":"https:\/\/www.argonandco.com\/fr\/expertises\/digital-strategy\/","og_site_name":"Argon &amp; Co","article_modified_time":"2026-04-08T14:44:16+00:00","twitter_card":"summary_large_image","twitter_misc":{"Dur\u00e9e de lecture estim\u00e9e":"2 minutes"},"schema":{"@context":"https:\/\/schema.org","@graph":[{"@type":"WebPage","@id":"https:\/\/www.argonandco.com\/fr\/expertises\/digital-strategy\/","url":"https:\/\/www.argonandco.com\/fr\/expertises\/digital-strategy\/","name":"Digital strategy - Argon &amp; Co","isPartOf":{"@id":"https:\/\/www.argonandco.com\/fr\/#website"},"datePublished":"2026-04-07T13:41:50+00:00","dateModified":"2026-04-08T14:44:16+00:00","breadcrumb":{"@id":"https:\/\/www.argonandco.com\/fr\/expertises\/digital-strategy\/#breadcrumb"},"inLanguage":"fr-FR","potentialAction":[{"@type":"ReadAction","target":["https:\/\/www.argonandco.com\/fr\/expertises\/digital-strategy\/"]}]},{"@type":"BreadcrumbList","@id":"https:\/\/www.argonandco.com\/fr\/expertises\/digital-strategy\/#breadcrumb","itemListElement":[{"@type":"ListItem","position":1,"name":"Home","item":"https:\/\/www.argonandco.com\/fr\/"},{"@type":"ListItem","position":2,"name":"Expertises","item":"https:\/\/www.argonandco.com\/fr\/expertises\/"},{"@type":"ListItem","position":3,"name":"Digital strategy"}]},{"@type":"WebSite","@id":"https:\/\/www.argonandco.com\/fr\/#website","url":"https:\/\/www.argonandco.com\/fr\/","name":"Argon &amp; Co","description":"We help clients achieve their strategic and operational objectives, working together to transform their businesses and generate real change.","potentialAction":[{"@type":"SearchAction","target":{"@type":"EntryPoint","urlTemplate":"https:\/\/www.argonandco.com\/fr\/?s={search_term_string}"},"query-input":{"@type":"PropertyValueSpecification","valueRequired":true,"valueName":"search_term_string"}}],"inLanguage":"fr-FR"}]}},"_links":{"self":[{"href":"https:\/\/www.argonandco.com\/fr\/wp-json\/wp\/v2\/pages\/37614","targetHints":{"allow":["GET"]}}],"collection":[{"href":"https:\/\/www.argonandco.com\/fr\/wp-json\/wp\/v2\/pages"}],"about":[{"href":"https:\/\/www.argonandco.com\/fr\/wp-json\/wp\/v2\/types\/page"}],"author":[{"embeddable":true,"href":"https:\/\/www.argonandco.com\/fr\/wp-json\/wp\/v2\/users\/1"}],"replies":[{"embeddable":true,"href":"https:\/\/www.argonandco.com\/fr\/wp-json\/wp\/v2\/comments?post=37614"}],"version-history":[{"count":0,"href":"https:\/\/www.argonandco.com\/fr\/wp-json\/wp\/v2\/pages\/37614\/revisions"}],"up":[{"embeddable":true,"href":"https:\/\/www.argonandco.com\/fr\/wp-json\/wp\/v2\/pages\/1372"}],"wp:attachment":[{"href":"https:\/\/www.argonandco.com\/fr\/wp-json\/wp\/v2\/media?parent=37614"}],"curies":[{"name":"wp","href":"https:\/\/api.w.org\/{rel}","templated":true}]}}