{"id":37611,"date":"2026-04-07T14:41:56","date_gmt":"2026-04-07T13:41:56","guid":{"rendered":"https:\/\/www.argonandco.com\/?page_id=37611"},"modified":"2026-05-06T16:10:18","modified_gmt":"2026-05-06T15:10:18","slug":"mergers-and-acquisitions-ma","status":"publish","type":"page","link":"https:\/\/www.argonandco.com\/fr\/expertises\/mergers-and-acquisitions-ma\/","title":{"rendered":"Mergers and acquisitions (M&#038;A)"},"content":{"rendered":"<p><span class=\"intro\">Notre service M&amp;A couvre tout le cycle des transactions strat\u00e9giques. De l\u2019identification des cibles et mandats de cession, \u00e0 la due diligence et la n\u00e9gociation, jusqu\u2019\u00e0 l\u2019int\u00e9gration ou le carve out. Nous conseillons entreprises et investisseurs. Nous combinons insight march\u00e9, discipline transactionnelle et focus \u00ab cr\u00e9ation de valeur \u00bb. Les strat\u00e9gies s\u2019alignent aux objectifs long terme. Les deals d\u00e9livrent des r\u00e9sultats durables.<\/span><\/p>\n<h2>Par o\u00f9 d\u00e9buter un projet de Fusion &amp; Acquisition ?<\/h2>\n<p>Nous clarifions la logique strat\u00e9gique\u202f: buy side, sell side ou carve out. Nous \u00e9valuons la pr\u00e9paration et les leviers de valeur\u202f: business model, positionnement, concurrence, empreinte financi\u00e8re. Nous lan\u00e7ons les priorit\u00e9s\u202f: short list de cibles, supports investisseurs, dossiers de process, cadres de diligence (commerciale, financi\u00e8re, op\u00e9rationnelle) et strat\u00e9gie de n\u00e9gociation. Nous mobilisons les \u00e9quipes et la gouvernance t\u00f4t pour limiter la distraction et maximiser la capture de valeur.<\/p>\n<h2>De l\u2019ex\u00e9cution \u00e0 la cr\u00e9ation de valeur<\/h2>\n<p>Au del\u00e0 du closing, nous assurons la transition vers la cr\u00e9ation de valeur. Nous alignons plans d\u2019int\u00e9gration ou de s\u00e9paration. Nous r\u00e9alisons les synergies go to market. Nous ancrons gouvernance et pilotage de la performance. Nous int\u00e9grons les nouvelles entit\u00e9s. L\u2019objectif\u202f: passer d\u2019un mode \u00ab\u202fdeal driven\u202f\u00bb \u00e0 \u00ab\u202fvalue driven\u202f\u00bb.<\/p>\n<h2>Comment relever les d\u00e9fis li\u00e9s aux fusions et acquisitions ?<\/h2>\n<p>Notre \u00e9quipe de consultants analyse en profondeur les probl\u00e8mes complexes afin d&rsquo;en identifier les causes profondes et s&rsquo;attache \u00e0 fournir des r\u00e9sultats tangibles \u00e0 nos clients.<br \/>\nNous combinons notre expertise technique, notre exp\u00e9rience op\u00e9rationnelle, nos connaissances commerciales et notre bon sens pour aider nos clients \u00e0 r\u00e9soudre leurs probl\u00e8mes d&rsquo;int\u00e9gration de syst\u00e8mes. Notre approche est positive, flexible et personnelle, avec le bon niveau de challenge. Elle garantit l&rsquo;adh\u00e9sion \u00e0 tous les niveaux de l&rsquo;entreprise et permet l\u2019obtention de r\u00e9sultats durables.<\/p>\n<p>Notre approche r\u00e9solument collaborative garantit l&rsquo;adh\u00e9sion \u00e0 tous les niveaux de l&rsquo;entreprise de nos clients pour un r\u00e9sultat p\u00e9renne. Pour en savoir plus sur nous, <a href=\"https:\/\/www.argonandco.com\/fr\/a-propos\/\">cliquez ici<\/a>.<\/p>\n","protected":false},"excerpt":{"rendered":"<p>Notre service M&amp;A couvre tout le cycle des transactions strat\u00e9giques. De l\u2019identification des cibles et mandats de cession, \u00e0 la due diligence et la n\u00e9gociation, jusqu\u2019\u00e0 l\u2019int\u00e9gration ou le carve out. Nous conseillons entreprises et investisseurs. Nous combinons insight march\u00e9, discipline transactionnelle et focus \u00ab cr\u00e9ation de valeur \u00bb. Les strat\u00e9gies s\u2019alignent aux objectifs long [&hellip;]<\/p>\n","protected":false},"author":1,"featured_media":0,"parent":1372,"menu_order":9904,"comment_status":"closed","ping_status":"closed","template":"","meta":{"_acf_changed":false,"footnotes":""},"class_list":["post-37611","page","type-page","status-publish","hentry"],"acf":[],"yoast_head":"<!-- This site is optimized with the Yoast SEO plugin v27.5 - https:\/\/yoast.com\/product\/yoast-seo-wordpress\/ -->\n<title>Mergers and acquisitions (M&amp;A) - Argon &amp; Co<\/title>\n<meta name=\"robots\" content=\"index, follow, max-snippet:-1, max-image-preview:large, max-video-preview:-1\" \/>\n<link rel=\"canonical\" href=\"https:\/\/www.argonandco.com\/fr\/expertises\/mergers-and-acquisitions-ma\/\" \/>\n<meta property=\"og:locale\" content=\"fr_FR\" \/>\n<meta property=\"og:type\" content=\"article\" \/>\n<meta property=\"og:title\" content=\"Mergers and acquisitions (M&amp;A) - Argon &amp; Co\" \/>\n<meta property=\"og:description\" content=\"Notre service M&amp;A couvre tout le cycle des transactions strat\u00e9giques. De l\u2019identification des cibles et mandats de cession, \u00e0 la due diligence et la n\u00e9gociation, jusqu\u2019\u00e0 l\u2019int\u00e9gration ou le carve out. Nous conseillons entreprises et investisseurs. Nous combinons insight march\u00e9, discipline transactionnelle et focus \u00ab cr\u00e9ation de valeur \u00bb. Les strat\u00e9gies s\u2019alignent aux objectifs long [&hellip;]\" \/>\n<meta property=\"og:url\" content=\"https:\/\/www.argonandco.com\/fr\/expertises\/mergers-and-acquisitions-ma\/\" \/>\n<meta property=\"og:site_name\" content=\"Argon &amp; Co\" \/>\n<meta property=\"article:modified_time\" content=\"2026-05-06T15:10:18+00:00\" \/>\n<meta name=\"twitter:card\" content=\"summary_large_image\" \/>\n<meta name=\"twitter:label1\" content=\"Dur\u00e9e de lecture estim\u00e9e\" \/>\n\t<meta name=\"twitter:data1\" content=\"2 minutes\" \/>\n<script type=\"application\/ld+json\" class=\"yoast-schema-graph\">{\"@context\":\"https:\\\/\\\/schema.org\",\"@graph\":[{\"@type\":\"WebPage\",\"@id\":\"https:\\\/\\\/www.argonandco.com\\\/fr\\\/expertises\\\/mergers-and-acquisitions-ma\\\/\",\"url\":\"https:\\\/\\\/www.argonandco.com\\\/fr\\\/expertises\\\/mergers-and-acquisitions-ma\\\/\",\"name\":\"Mergers and acquisitions (M&A) - Argon &amp; Co\",\"isPartOf\":{\"@id\":\"https:\\\/\\\/www.argonandco.com\\\/fr\\\/#website\"},\"datePublished\":\"2026-04-07T13:41:56+00:00\",\"dateModified\":\"2026-05-06T15:10:18+00:00\",\"breadcrumb\":{\"@id\":\"https:\\\/\\\/www.argonandco.com\\\/fr\\\/expertises\\\/mergers-and-acquisitions-ma\\\/#breadcrumb\"},\"inLanguage\":\"fr-FR\",\"potentialAction\":[{\"@type\":\"ReadAction\",\"target\":[\"https:\\\/\\\/www.argonandco.com\\\/fr\\\/expertises\\\/mergers-and-acquisitions-ma\\\/\"]}]},{\"@type\":\"BreadcrumbList\",\"@id\":\"https:\\\/\\\/www.argonandco.com\\\/fr\\\/expertises\\\/mergers-and-acquisitions-ma\\\/#breadcrumb\",\"itemListElement\":[{\"@type\":\"ListItem\",\"position\":1,\"name\":\"Home\",\"item\":\"https:\\\/\\\/www.argonandco.com\\\/fr\\\/\"},{\"@type\":\"ListItem\",\"position\":2,\"name\":\"Expertises\",\"item\":\"https:\\\/\\\/www.argonandco.com\\\/fr\\\/expertises\\\/\"},{\"@type\":\"ListItem\",\"position\":3,\"name\":\"Mergers and acquisitions (M&#038;A)\"}]},{\"@type\":\"WebSite\",\"@id\":\"https:\\\/\\\/www.argonandco.com\\\/fr\\\/#website\",\"url\":\"https:\\\/\\\/www.argonandco.com\\\/fr\\\/\",\"name\":\"Argon &amp; Co\",\"description\":\"We help clients achieve their strategic and operational objectives, working together to transform their businesses and generate real change.\",\"potentialAction\":[{\"@type\":\"SearchAction\",\"target\":{\"@type\":\"EntryPoint\",\"urlTemplate\":\"https:\\\/\\\/www.argonandco.com\\\/fr\\\/?s={search_term_string}\"},\"query-input\":{\"@type\":\"PropertyValueSpecification\",\"valueRequired\":true,\"valueName\":\"search_term_string\"}}],\"inLanguage\":\"fr-FR\"}]}<\/script>\n<!-- \/ Yoast SEO plugin. -->","yoast_head_json":{"title":"Mergers and acquisitions (M&A) - Argon &amp; Co","robots":{"index":"index","follow":"follow","max-snippet":"max-snippet:-1","max-image-preview":"max-image-preview:large","max-video-preview":"max-video-preview:-1"},"canonical":"https:\/\/www.argonandco.com\/fr\/expertises\/mergers-and-acquisitions-ma\/","og_locale":"fr_FR","og_type":"article","og_title":"Mergers and acquisitions (M&A) - Argon &amp; Co","og_description":"Notre service M&amp;A couvre tout le cycle des transactions strat\u00e9giques. De l\u2019identification des cibles et mandats de cession, \u00e0 la due diligence et la n\u00e9gociation, jusqu\u2019\u00e0 l\u2019int\u00e9gration ou le carve out. Nous conseillons entreprises et investisseurs. Nous combinons insight march\u00e9, discipline transactionnelle et focus \u00ab cr\u00e9ation de valeur \u00bb. Les strat\u00e9gies s\u2019alignent aux objectifs long [&hellip;]","og_url":"https:\/\/www.argonandco.com\/fr\/expertises\/mergers-and-acquisitions-ma\/","og_site_name":"Argon &amp; Co","article_modified_time":"2026-05-06T15:10:18+00:00","twitter_card":"summary_large_image","twitter_misc":{"Dur\u00e9e de lecture estim\u00e9e":"2 minutes"},"schema":{"@context":"https:\/\/schema.org","@graph":[{"@type":"WebPage","@id":"https:\/\/www.argonandco.com\/fr\/expertises\/mergers-and-acquisitions-ma\/","url":"https:\/\/www.argonandco.com\/fr\/expertises\/mergers-and-acquisitions-ma\/","name":"Mergers and acquisitions (M&A) - Argon &amp; Co","isPartOf":{"@id":"https:\/\/www.argonandco.com\/fr\/#website"},"datePublished":"2026-04-07T13:41:56+00:00","dateModified":"2026-05-06T15:10:18+00:00","breadcrumb":{"@id":"https:\/\/www.argonandco.com\/fr\/expertises\/mergers-and-acquisitions-ma\/#breadcrumb"},"inLanguage":"fr-FR","potentialAction":[{"@type":"ReadAction","target":["https:\/\/www.argonandco.com\/fr\/expertises\/mergers-and-acquisitions-ma\/"]}]},{"@type":"BreadcrumbList","@id":"https:\/\/www.argonandco.com\/fr\/expertises\/mergers-and-acquisitions-ma\/#breadcrumb","itemListElement":[{"@type":"ListItem","position":1,"name":"Home","item":"https:\/\/www.argonandco.com\/fr\/"},{"@type":"ListItem","position":2,"name":"Expertises","item":"https:\/\/www.argonandco.com\/fr\/expertises\/"},{"@type":"ListItem","position":3,"name":"Mergers and acquisitions (M&#038;A)"}]},{"@type":"WebSite","@id":"https:\/\/www.argonandco.com\/fr\/#website","url":"https:\/\/www.argonandco.com\/fr\/","name":"Argon &amp; Co","description":"We help clients achieve their strategic and operational objectives, working together to transform their businesses and generate real change.","potentialAction":[{"@type":"SearchAction","target":{"@type":"EntryPoint","urlTemplate":"https:\/\/www.argonandco.com\/fr\/?s={search_term_string}"},"query-input":{"@type":"PropertyValueSpecification","valueRequired":true,"valueName":"search_term_string"}}],"inLanguage":"fr-FR"}]}},"_links":{"self":[{"href":"https:\/\/www.argonandco.com\/fr\/wp-json\/wp\/v2\/pages\/37611","targetHints":{"allow":["GET"]}}],"collection":[{"href":"https:\/\/www.argonandco.com\/fr\/wp-json\/wp\/v2\/pages"}],"about":[{"href":"https:\/\/www.argonandco.com\/fr\/wp-json\/wp\/v2\/types\/page"}],"author":[{"embeddable":true,"href":"https:\/\/www.argonandco.com\/fr\/wp-json\/wp\/v2\/users\/1"}],"replies":[{"embeddable":true,"href":"https:\/\/www.argonandco.com\/fr\/wp-json\/wp\/v2\/comments?post=37611"}],"version-history":[{"count":0,"href":"https:\/\/www.argonandco.com\/fr\/wp-json\/wp\/v2\/pages\/37611\/revisions"}],"up":[{"embeddable":true,"href":"https:\/\/www.argonandco.com\/fr\/wp-json\/wp\/v2\/pages\/1372"}],"wp:attachment":[{"href":"https:\/\/www.argonandco.com\/fr\/wp-json\/wp\/v2\/media?parent=37611"}],"curies":[{"name":"wp","href":"https:\/\/api.w.org\/{rel}","templated":true}]}}