{"id":37608,"date":"2026-04-07T14:42:02","date_gmt":"2026-04-07T13:42:02","guid":{"rendered":"https:\/\/www.argonandco.com\/?page_id=37608"},"modified":"2026-05-06T16:10:08","modified_gmt":"2026-05-06T15:10:08","slug":"modele-operationnel","status":"publish","type":"page","link":"https:\/\/www.argonandco.com\/fr\/expertises\/modele-operationnel\/","title":{"rendered":"Mod\u00e8le op\u00e9rationnel"},"content":{"rendered":"<p><span class=\"intro\">Quand une organisation remet en question son Operating model, l\u2019incertitude arrive vite. Est il encore align\u00e9 \u00e0 la strat\u00e9gie\u202f? Son p\u00e9rim\u00e8tre est il le bon\u202f? Qui impliquer\u202f? Si l\u2019ampleur du changement est sous estim\u00e9e, l\u2019aversion au risque et la r\u00e9sistance bloquent les avanc\u00e9es.<\/span><\/p>\n<p>Un mod\u00e8le op\u00e9rationnel d\u00e9finit la cr\u00e9ation de valeur\u202f: r\u00f4les, comp\u00e9tences, structures, processus, actifs, technologie et data. Un Operating Model cible d\u00e9crit l\u2019\u00e9tat futur n\u00e9cessaire pour r\u00e9ussir dans des march\u00e9s et technologies en \u00e9volution.<\/p>\n<h2>Par o\u00f9 d\u00e9buter un projet de revue du mod\u00e8le op\u00e9rationnel ?<\/h2>\n<p>L\u2019approche de design s\u2019adapte au contexte, au p\u00e9rim\u00e8tre et aux enjeux. Elle varie selon les situations\u202f: nouveau leadership, nouvelle strat\u00e9gie ou business model, imp\u00e9ratif de performance. Nous alignons la strat\u00e9gie sur des principes op\u00e9rationnels clairs et d\u00e9finissons les besoins \u00e0 3\u201310 ans. Avec notre cadre d\u2019\u00e9valuation, nous comparons l\u2019\u00e9tat actuel \u00e0 l\u2019ambition, et identifions forces, faiblesses et gaps de capacit\u00e9s.<br \/>\nCe diagnostic fournit une base factuelle pour d\u00e9cider et engager les parties prenantes. Il focalise la revue de l\u2019Operating model sur l\u2019essentiel. En cr\u00e9ant t\u00f4t clart\u00e9 et alignement, nous r\u00e9duisons la r\u00e9sistance et cr\u00e9ons l\u2019\u00e9lan. Cette phase ne lance pas la transformation. Elle pr\u00e9pare des choix de design inform\u00e9s et assum\u00e9s.<\/p>\n<h2>Mise en \u0153uvre<\/h2>\n<p>Nous \u00e9laborons conjointement une feuille de route pragmatique et une analyse de rentabilit\u00e9 fond\u00e9e sur une analyse r\u00e9aliste du retour sur investissement et du co\u00fbt du changement. Une gouvernance solide du programme permet de maintenir le cap, tandis que des revues int\u00e9gr\u00e9es permettent de corriger le tir en temps opportun. Au-del\u00e0 de l&rsquo;ex\u00e9cution, le succ\u00e8s n\u00e9cessite l&rsquo;alignement des dirigeants, une orientation client et le courage de remettre en question les hypoth\u00e8ses traditionnelles. Nous aidons nos clients \u00e0 mettre en \u0153uvre leurs projets en toute confiance et \u00e0 construire des mod\u00e8les op\u00e9rationnels adapt\u00e9s \u00e0 l&rsquo;avenir.<\/p>\n<h2>Comment relever les d\u00e9fis de revue du mod\u00e8le op\u00e9rationnel ?<\/h2>\n<p><span style=\"font-size: 1.125rem;\">Notre \u00e9quipe de consultants analyse en profondeur les probl\u00e8mes complexes afin d&rsquo;en identifier les causes profondes et s&rsquo;attache \u00e0 fournir des r\u00e9sultats tangibles \u00e0 nos clients.<br \/>\nNous combinons notre expertise technique, notre exp\u00e9rience op\u00e9rationnelle, nos connaissances commerciales et notre bon sens pour aider nos clients \u00e0 r\u00e9soudre leurs probl\u00e8mes d&rsquo;int\u00e9gration de syst\u00e8mes. Notre approche est positive, flexible et personnelle, avec le bon niveau de challenge. Elle garantit l&rsquo;adh\u00e9sion \u00e0 tous les niveaux de l&rsquo;entreprise et permet l\u2019obtention de r\u00e9sultats durables.<br \/>\n<\/span><\/p>\n<p>Notre approche r\u00e9solument collaborative garantit l&rsquo;adh\u00e9sion \u00e0 tous les niveaux de l&rsquo;entreprise de nos clients pour un r\u00e9sultat p\u00e9renne. Pour en savoir plus sur nous, <a href=\"https:\/\/www.argonandco.com\/fr\/a-propos\/\">cliquez ici<\/a>.<\/p>\n","protected":false},"excerpt":{"rendered":"<p>Quand une organisation remet en question son Operating model, l\u2019incertitude arrive vite. Est il encore align\u00e9 \u00e0 la strat\u00e9gie\u202f? Son p\u00e9rim\u00e8tre est il le bon\u202f? Qui impliquer\u202f? Si l\u2019ampleur du changement est sous estim\u00e9e, l\u2019aversion au risque et la r\u00e9sistance bloquent les avanc\u00e9es. Un mod\u00e8le op\u00e9rationnel d\u00e9finit la cr\u00e9ation de valeur\u202f: r\u00f4les, comp\u00e9tences, structures, processus, [&hellip;]<\/p>\n","protected":false},"author":1,"featured_media":0,"parent":1372,"menu_order":9903,"comment_status":"closed","ping_status":"closed","template":"","meta":{"_acf_changed":false,"footnotes":""},"class_list":["post-37608","page","type-page","status-publish","hentry"],"acf":[],"yoast_head":"<!-- This site is optimized with the Yoast SEO plugin v27.5 - https:\/\/yoast.com\/product\/yoast-seo-wordpress\/ -->\n<title>Mod\u00e8le op\u00e9rationnel - Argon &amp; Co<\/title>\n<meta name=\"robots\" content=\"index, follow, max-snippet:-1, max-image-preview:large, max-video-preview:-1\" \/>\n<link rel=\"canonical\" href=\"https:\/\/www.argonandco.com\/fr\/expertises\/modele-operationnel\/\" \/>\n<meta property=\"og:locale\" content=\"fr_FR\" \/>\n<meta property=\"og:type\" content=\"article\" \/>\n<meta property=\"og:title\" content=\"Mod\u00e8le op\u00e9rationnel - Argon &amp; Co\" \/>\n<meta property=\"og:description\" content=\"Quand une organisation remet en question son Operating model, l\u2019incertitude arrive vite. Est il encore align\u00e9 \u00e0 la strat\u00e9gie\u202f? Son p\u00e9rim\u00e8tre est il le bon\u202f? Qui impliquer\u202f? Si l\u2019ampleur du changement est sous estim\u00e9e, l\u2019aversion au risque et la r\u00e9sistance bloquent les avanc\u00e9es. Un mod\u00e8le op\u00e9rationnel d\u00e9finit la cr\u00e9ation de valeur\u202f: r\u00f4les, comp\u00e9tences, structures, processus, [&hellip;]\" \/>\n<meta property=\"og:url\" content=\"https:\/\/www.argonandco.com\/fr\/expertises\/modele-operationnel\/\" \/>\n<meta property=\"og:site_name\" content=\"Argon &amp; Co\" \/>\n<meta property=\"article:modified_time\" content=\"2026-05-06T15:10:08+00:00\" \/>\n<meta name=\"twitter:card\" content=\"summary_large_image\" \/>\n<meta name=\"twitter:label1\" content=\"Dur\u00e9e de lecture estim\u00e9e\" \/>\n\t<meta name=\"twitter:data1\" content=\"2 minutes\" \/>\n<script type=\"application\/ld+json\" class=\"yoast-schema-graph\">{\"@context\":\"https:\\\/\\\/schema.org\",\"@graph\":[{\"@type\":\"WebPage\",\"@id\":\"https:\\\/\\\/www.argonandco.com\\\/fr\\\/expertises\\\/modele-operationnel\\\/\",\"url\":\"https:\\\/\\\/www.argonandco.com\\\/fr\\\/expertises\\\/modele-operationnel\\\/\",\"name\":\"Mod\u00e8le op\u00e9rationnel - Argon &amp; Co\",\"isPartOf\":{\"@id\":\"https:\\\/\\\/www.argonandco.com\\\/fr\\\/#website\"},\"datePublished\":\"2026-04-07T13:42:02+00:00\",\"dateModified\":\"2026-05-06T15:10:08+00:00\",\"breadcrumb\":{\"@id\":\"https:\\\/\\\/www.argonandco.com\\\/fr\\\/expertises\\\/modele-operationnel\\\/#breadcrumb\"},\"inLanguage\":\"fr-FR\",\"potentialAction\":[{\"@type\":\"ReadAction\",\"target\":[\"https:\\\/\\\/www.argonandco.com\\\/fr\\\/expertises\\\/modele-operationnel\\\/\"]}]},{\"@type\":\"BreadcrumbList\",\"@id\":\"https:\\\/\\\/www.argonandco.com\\\/fr\\\/expertises\\\/modele-operationnel\\\/#breadcrumb\",\"itemListElement\":[{\"@type\":\"ListItem\",\"position\":1,\"name\":\"Home\",\"item\":\"https:\\\/\\\/www.argonandco.com\\\/fr\\\/\"},{\"@type\":\"ListItem\",\"position\":2,\"name\":\"Expertises\",\"item\":\"https:\\\/\\\/www.argonandco.com\\\/fr\\\/expertises\\\/\"},{\"@type\":\"ListItem\",\"position\":3,\"name\":\"Mod\u00e8le op\u00e9rationnel\"}]},{\"@type\":\"WebSite\",\"@id\":\"https:\\\/\\\/www.argonandco.com\\\/fr\\\/#website\",\"url\":\"https:\\\/\\\/www.argonandco.com\\\/fr\\\/\",\"name\":\"Argon &amp; Co\",\"description\":\"We help clients achieve their strategic and operational objectives, working together to transform their businesses and generate real change.\",\"potentialAction\":[{\"@type\":\"SearchAction\",\"target\":{\"@type\":\"EntryPoint\",\"urlTemplate\":\"https:\\\/\\\/www.argonandco.com\\\/fr\\\/?s={search_term_string}\"},\"query-input\":{\"@type\":\"PropertyValueSpecification\",\"valueRequired\":true,\"valueName\":\"search_term_string\"}}],\"inLanguage\":\"fr-FR\"}]}<\/script>\n<!-- \/ Yoast SEO plugin. -->","yoast_head_json":{"title":"Mod\u00e8le op\u00e9rationnel - Argon &amp; Co","robots":{"index":"index","follow":"follow","max-snippet":"max-snippet:-1","max-image-preview":"max-image-preview:large","max-video-preview":"max-video-preview:-1"},"canonical":"https:\/\/www.argonandco.com\/fr\/expertises\/modele-operationnel\/","og_locale":"fr_FR","og_type":"article","og_title":"Mod\u00e8le op\u00e9rationnel - Argon &amp; Co","og_description":"Quand une organisation remet en question son Operating model, l\u2019incertitude arrive vite. Est il encore align\u00e9 \u00e0 la strat\u00e9gie\u202f? Son p\u00e9rim\u00e8tre est il le bon\u202f? Qui impliquer\u202f? Si l\u2019ampleur du changement est sous estim\u00e9e, l\u2019aversion au risque et la r\u00e9sistance bloquent les avanc\u00e9es. Un mod\u00e8le op\u00e9rationnel d\u00e9finit la cr\u00e9ation de valeur\u202f: r\u00f4les, comp\u00e9tences, structures, processus, [&hellip;]","og_url":"https:\/\/www.argonandco.com\/fr\/expertises\/modele-operationnel\/","og_site_name":"Argon &amp; Co","article_modified_time":"2026-05-06T15:10:08+00:00","twitter_card":"summary_large_image","twitter_misc":{"Dur\u00e9e de lecture estim\u00e9e":"2 minutes"},"schema":{"@context":"https:\/\/schema.org","@graph":[{"@type":"WebPage","@id":"https:\/\/www.argonandco.com\/fr\/expertises\/modele-operationnel\/","url":"https:\/\/www.argonandco.com\/fr\/expertises\/modele-operationnel\/","name":"Mod\u00e8le op\u00e9rationnel - Argon &amp; Co","isPartOf":{"@id":"https:\/\/www.argonandco.com\/fr\/#website"},"datePublished":"2026-04-07T13:42:02+00:00","dateModified":"2026-05-06T15:10:08+00:00","breadcrumb":{"@id":"https:\/\/www.argonandco.com\/fr\/expertises\/modele-operationnel\/#breadcrumb"},"inLanguage":"fr-FR","potentialAction":[{"@type":"ReadAction","target":["https:\/\/www.argonandco.com\/fr\/expertises\/modele-operationnel\/"]}]},{"@type":"BreadcrumbList","@id":"https:\/\/www.argonandco.com\/fr\/expertises\/modele-operationnel\/#breadcrumb","itemListElement":[{"@type":"ListItem","position":1,"name":"Home","item":"https:\/\/www.argonandco.com\/fr\/"},{"@type":"ListItem","position":2,"name":"Expertises","item":"https:\/\/www.argonandco.com\/fr\/expertises\/"},{"@type":"ListItem","position":3,"name":"Mod\u00e8le op\u00e9rationnel"}]},{"@type":"WebSite","@id":"https:\/\/www.argonandco.com\/fr\/#website","url":"https:\/\/www.argonandco.com\/fr\/","name":"Argon &amp; Co","description":"We help clients achieve their strategic and operational objectives, working together to transform their businesses and generate real change.","potentialAction":[{"@type":"SearchAction","target":{"@type":"EntryPoint","urlTemplate":"https:\/\/www.argonandco.com\/fr\/?s={search_term_string}"},"query-input":{"@type":"PropertyValueSpecification","valueRequired":true,"valueName":"search_term_string"}}],"inLanguage":"fr-FR"}]}},"_links":{"self":[{"href":"https:\/\/www.argonandco.com\/fr\/wp-json\/wp\/v2\/pages\/37608","targetHints":{"allow":["GET"]}}],"collection":[{"href":"https:\/\/www.argonandco.com\/fr\/wp-json\/wp\/v2\/pages"}],"about":[{"href":"https:\/\/www.argonandco.com\/fr\/wp-json\/wp\/v2\/types\/page"}],"author":[{"embeddable":true,"href":"https:\/\/www.argonandco.com\/fr\/wp-json\/wp\/v2\/users\/1"}],"replies":[{"embeddable":true,"href":"https:\/\/www.argonandco.com\/fr\/wp-json\/wp\/v2\/comments?post=37608"}],"version-history":[{"count":0,"href":"https:\/\/www.argonandco.com\/fr\/wp-json\/wp\/v2\/pages\/37608\/revisions"}],"up":[{"embeddable":true,"href":"https:\/\/www.argonandco.com\/fr\/wp-json\/wp\/v2\/pages\/1372"}],"wp:attachment":[{"href":"https:\/\/www.argonandco.com\/fr\/wp-json\/wp\/v2\/media?parent=37608"}],"curies":[{"name":"wp","href":"https:\/\/api.w.org\/{rel}","templated":true}]}}