{"id":37576,"date":"2026-04-07T14:40:58","date_gmt":"2026-04-07T13:40:58","guid":{"rendered":"https:\/\/www.argonandco.com\/?page_id=37576"},"modified":"2026-05-06T13:16:49","modified_gmt":"2026-05-06T12:16:49","slug":"performance-et-restructuration","status":"publish","type":"page","link":"https:\/\/www.argonandco.com\/fr\/expertises\/performance-et-restructuration\/","title":{"rendered":"Performance et restructuration"},"content":{"rendered":"<p><span class=\"intro\">Dans un contexte de volatilit\u00e9 des march\u00e9s, de disruptions Supply Chain et de pression sur les marges, notre service aide \u00e0 stopper les spirales n\u00e9gatives et \u00e0 recr\u00e9er une valeur durable. Qu\u2019une entreprise soit encore stable ou d\u00e9j\u00e0 en crise, nous identifions les causes racines de la sous performance. Nous posons des bases financi\u00e8res, op\u00e9rationnelles et strat\u00e9giques solides pour le redressement. Forts de d\u00e9cennies d\u2019exp\u00e9rience industrielle, nous combinons excellence en controlling et finance avec le terrain, l\u2019ex\u00e9cution et une gestion de redressement.<\/span><\/p>\n<h2>Par o\u00f9 d\u00e9buter un projet de performance et de restructuration ?<\/h2>\n<p>Nous d\u00e9marrons par un diagnostic rapide et rigoureux du business model. Nous analysons la tr\u00e9sorerie, l\u2019\u00e9rosion des marges, les goulots des value streams, l\u2019exposition des parties prenantes et la capacit\u00e9 organisationnelle. Nous co d\u00e9finissons des leviers : revoir les mod\u00e8les de prix, r\u00e9duire ou red\u00e9ployer des capacit\u00e9s, r\u00e9aligner le portefeuille, optimiser le besoin en fonds de roulement. En parall\u00e8le, nous mettons en route un moteur de restructuration. Nous mobilisons le leadership, s\u00e9curisons les financements et stabilisons les op\u00e9rations. L\u2019objectif est d\u2019arr\u00eater le d\u00e9clin et de restaurer la confiance des banques, investisseurs et \u00e9quipes.<\/p>\n<h2>Transformation de la performance<\/h2>\n<p>Une fois la stabilisation atteinte, nous passons \u00e0 la transformation structurelle. Nous ancrons la gouvernance et le pilotage de la performance. Nous red\u00e9finissons r\u00f4les et comportements. Nous institutionnalisons l\u2019am\u00e9lioration continue. Le but est de quitter le mode r\u00e9actif pour un Operating model \u00ab future fit \u00bb qui aligne strat\u00e9gie, op\u00e9rations et gestion financi\u00e8re. Le redressement devient une base de croissance. Avec le temps, l\u2019entreprise se repositionne, s\u2019adapte aux nouveaux mod\u00e8les d\u2019affaires et lib\u00e8re de la valeur durable.<\/p>\n<h2>Comment relever les d\u00e9fis en performance et restructuration ?<\/h2>\n<p><span style=\"font-size: 1.125rem;\">Notre \u00e9quipe de consultants analyse en profondeur les probl\u00e8mes complexes afin d&rsquo;en identifier les causes profondes et s&rsquo;attache \u00e0 fournir des r\u00e9sultats tangibles \u00e0 nos clients<br \/>\nNous combinons notre expertise technique, notre exp\u00e9rience op\u00e9rationnelle, nos connaissances commerciales et notre bon sens pour aider nos clients \u00e0 r\u00e9soudre leurs probl\u00e8mes d&rsquo;int\u00e9gration de syst\u00e8mes. Notre approche est positive, flexible et personnelle, avec le bon niveau de challenge. Elle garantit l&rsquo;adh\u00e9sion \u00e0 tous les niveaux de l&rsquo;entreprise et permet l\u2019obtention de r\u00e9sultats durables.<br \/>\n<\/span><\/p>\n","protected":false},"excerpt":{"rendered":"<p>Dans un contexte de volatilit\u00e9 des march\u00e9s, de disruptions Supply Chain et de pression sur les marges, notre service aide \u00e0 stopper les spirales n\u00e9gatives et \u00e0 recr\u00e9er une valeur durable. Qu\u2019une entreprise soit encore stable ou d\u00e9j\u00e0 en crise, nous identifions les causes racines de la sous performance. Nous posons des bases financi\u00e8res, op\u00e9rationnelles [&hellip;]<\/p>\n","protected":false},"author":1,"featured_media":0,"parent":1372,"menu_order":9901,"comment_status":"closed","ping_status":"closed","template":"","meta":{"_acf_changed":false,"footnotes":""},"class_list":["post-37576","page","type-page","status-publish","hentry"],"acf":[],"yoast_head":"<!-- This site is optimized with the Yoast SEO plugin v27.5 - https:\/\/yoast.com\/product\/yoast-seo-wordpress\/ -->\n<title>Performance et restructuration - Argon &amp; Co<\/title>\n<meta name=\"robots\" content=\"index, follow, max-snippet:-1, max-image-preview:large, max-video-preview:-1\" \/>\n<link rel=\"canonical\" href=\"https:\/\/www.argonandco.com\/fr\/expertises\/performance-et-restructuration\/\" \/>\n<meta property=\"og:locale\" content=\"fr_FR\" \/>\n<meta property=\"og:type\" content=\"article\" \/>\n<meta property=\"og:title\" content=\"Performance et restructuration - Argon &amp; Co\" \/>\n<meta property=\"og:description\" content=\"Dans un contexte de volatilit\u00e9 des march\u00e9s, de disruptions Supply Chain et de pression sur les marges, notre service aide \u00e0 stopper les spirales n\u00e9gatives et \u00e0 recr\u00e9er une valeur durable. Qu\u2019une entreprise soit encore stable ou d\u00e9j\u00e0 en crise, nous identifions les causes racines de la sous performance. Nous posons des bases financi\u00e8res, op\u00e9rationnelles [&hellip;]\" \/>\n<meta property=\"og:url\" content=\"https:\/\/www.argonandco.com\/fr\/expertises\/performance-et-restructuration\/\" \/>\n<meta property=\"og:site_name\" content=\"Argon &amp; Co\" \/>\n<meta property=\"article:modified_time\" content=\"2026-05-06T12:16:49+00:00\" \/>\n<meta name=\"twitter:card\" content=\"summary_large_image\" \/>\n<meta name=\"twitter:label1\" content=\"Dur\u00e9e de lecture estim\u00e9e\" \/>\n\t<meta name=\"twitter:data1\" content=\"2 minutes\" \/>\n<script type=\"application\/ld+json\" class=\"yoast-schema-graph\">{\"@context\":\"https:\\\/\\\/schema.org\",\"@graph\":[{\"@type\":\"WebPage\",\"@id\":\"https:\\\/\\\/www.argonandco.com\\\/fr\\\/expertises\\\/performance-et-restructuration\\\/\",\"url\":\"https:\\\/\\\/www.argonandco.com\\\/fr\\\/expertises\\\/performance-et-restructuration\\\/\",\"name\":\"Performance et restructuration - Argon &amp; Co\",\"isPartOf\":{\"@id\":\"https:\\\/\\\/www.argonandco.com\\\/fr\\\/#website\"},\"datePublished\":\"2026-04-07T13:40:58+00:00\",\"dateModified\":\"2026-05-06T12:16:49+00:00\",\"breadcrumb\":{\"@id\":\"https:\\\/\\\/www.argonandco.com\\\/fr\\\/expertises\\\/performance-et-restructuration\\\/#breadcrumb\"},\"inLanguage\":\"fr-FR\",\"potentialAction\":[{\"@type\":\"ReadAction\",\"target\":[\"https:\\\/\\\/www.argonandco.com\\\/fr\\\/expertises\\\/performance-et-restructuration\\\/\"]}]},{\"@type\":\"BreadcrumbList\",\"@id\":\"https:\\\/\\\/www.argonandco.com\\\/fr\\\/expertises\\\/performance-et-restructuration\\\/#breadcrumb\",\"itemListElement\":[{\"@type\":\"ListItem\",\"position\":1,\"name\":\"Home\",\"item\":\"https:\\\/\\\/www.argonandco.com\\\/fr\\\/\"},{\"@type\":\"ListItem\",\"position\":2,\"name\":\"Expertises\",\"item\":\"https:\\\/\\\/www.argonandco.com\\\/fr\\\/expertises\\\/\"},{\"@type\":\"ListItem\",\"position\":3,\"name\":\"Performance et restructuration\"}]},{\"@type\":\"WebSite\",\"@id\":\"https:\\\/\\\/www.argonandco.com\\\/fr\\\/#website\",\"url\":\"https:\\\/\\\/www.argonandco.com\\\/fr\\\/\",\"name\":\"Argon &amp; Co\",\"description\":\"We help clients achieve their strategic and operational objectives, working together to transform their businesses and generate real change.\",\"potentialAction\":[{\"@type\":\"SearchAction\",\"target\":{\"@type\":\"EntryPoint\",\"urlTemplate\":\"https:\\\/\\\/www.argonandco.com\\\/fr\\\/?s={search_term_string}\"},\"query-input\":{\"@type\":\"PropertyValueSpecification\",\"valueRequired\":true,\"valueName\":\"search_term_string\"}}],\"inLanguage\":\"fr-FR\"}]}<\/script>\n<!-- \/ Yoast SEO plugin. -->","yoast_head_json":{"title":"Performance et restructuration - Argon &amp; Co","robots":{"index":"index","follow":"follow","max-snippet":"max-snippet:-1","max-image-preview":"max-image-preview:large","max-video-preview":"max-video-preview:-1"},"canonical":"https:\/\/www.argonandco.com\/fr\/expertises\/performance-et-restructuration\/","og_locale":"fr_FR","og_type":"article","og_title":"Performance et restructuration - Argon &amp; Co","og_description":"Dans un contexte de volatilit\u00e9 des march\u00e9s, de disruptions Supply Chain et de pression sur les marges, notre service aide \u00e0 stopper les spirales n\u00e9gatives et \u00e0 recr\u00e9er une valeur durable. Qu\u2019une entreprise soit encore stable ou d\u00e9j\u00e0 en crise, nous identifions les causes racines de la sous performance. Nous posons des bases financi\u00e8res, op\u00e9rationnelles [&hellip;]","og_url":"https:\/\/www.argonandco.com\/fr\/expertises\/performance-et-restructuration\/","og_site_name":"Argon &amp; Co","article_modified_time":"2026-05-06T12:16:49+00:00","twitter_card":"summary_large_image","twitter_misc":{"Dur\u00e9e de lecture estim\u00e9e":"2 minutes"},"schema":{"@context":"https:\/\/schema.org","@graph":[{"@type":"WebPage","@id":"https:\/\/www.argonandco.com\/fr\/expertises\/performance-et-restructuration\/","url":"https:\/\/www.argonandco.com\/fr\/expertises\/performance-et-restructuration\/","name":"Performance et restructuration - Argon &amp; Co","isPartOf":{"@id":"https:\/\/www.argonandco.com\/fr\/#website"},"datePublished":"2026-04-07T13:40:58+00:00","dateModified":"2026-05-06T12:16:49+00:00","breadcrumb":{"@id":"https:\/\/www.argonandco.com\/fr\/expertises\/performance-et-restructuration\/#breadcrumb"},"inLanguage":"fr-FR","potentialAction":[{"@type":"ReadAction","target":["https:\/\/www.argonandco.com\/fr\/expertises\/performance-et-restructuration\/"]}]},{"@type":"BreadcrumbList","@id":"https:\/\/www.argonandco.com\/fr\/expertises\/performance-et-restructuration\/#breadcrumb","itemListElement":[{"@type":"ListItem","position":1,"name":"Home","item":"https:\/\/www.argonandco.com\/fr\/"},{"@type":"ListItem","position":2,"name":"Expertises","item":"https:\/\/www.argonandco.com\/fr\/expertises\/"},{"@type":"ListItem","position":3,"name":"Performance et restructuration"}]},{"@type":"WebSite","@id":"https:\/\/www.argonandco.com\/fr\/#website","url":"https:\/\/www.argonandco.com\/fr\/","name":"Argon &amp; Co","description":"We help clients achieve their strategic and operational objectives, working together to transform their businesses and generate real change.","potentialAction":[{"@type":"SearchAction","target":{"@type":"EntryPoint","urlTemplate":"https:\/\/www.argonandco.com\/fr\/?s={search_term_string}"},"query-input":{"@type":"PropertyValueSpecification","valueRequired":true,"valueName":"search_term_string"}}],"inLanguage":"fr-FR"}]}},"_links":{"self":[{"href":"https:\/\/www.argonandco.com\/fr\/wp-json\/wp\/v2\/pages\/37576","targetHints":{"allow":["GET"]}}],"collection":[{"href":"https:\/\/www.argonandco.com\/fr\/wp-json\/wp\/v2\/pages"}],"about":[{"href":"https:\/\/www.argonandco.com\/fr\/wp-json\/wp\/v2\/types\/page"}],"author":[{"embeddable":true,"href":"https:\/\/www.argonandco.com\/fr\/wp-json\/wp\/v2\/users\/1"}],"replies":[{"embeddable":true,"href":"https:\/\/www.argonandco.com\/fr\/wp-json\/wp\/v2\/comments?post=37576"}],"version-history":[{"count":0,"href":"https:\/\/www.argonandco.com\/fr\/wp-json\/wp\/v2\/pages\/37576\/revisions"}],"up":[{"embeddable":true,"href":"https:\/\/www.argonandco.com\/fr\/wp-json\/wp\/v2\/pages\/1372"}],"wp:attachment":[{"href":"https:\/\/www.argonandco.com\/fr\/wp-json\/wp\/v2\/media?parent=37576"}],"curies":[{"name":"wp","href":"https:\/\/api.w.org\/{rel}","templated":true}]}}