{"id":3718,"date":"2020-01-07T16:12:22","date_gmt":"2020-01-07T16:12:22","guid":{"rendered":"https:\/\/www.argonandco.com\/?page_id=3718"},"modified":"2026-02-16T13:11:53","modified_gmt":"2026-02-16T13:11:53","slug":"contact","status":"publish","type":"page","link":"https:\/\/www.argonandco.com\/fr\/carrieres\/contact\/","title":{"rendered":"Contact"},"content":{"rendered":"<p class=\"p1\"><span class=\"s1\">Nous sommes en permanence \u00e0 la recherche de talents aux exp\u00e9riences diverses, en ad\u00e9quation avec nos valeurs.<\/span><\/p>\n<p>N\u2019h\u00e9sitez pas \u00e0 entrer en contact avec nos campus managers, ils sont pr\u00e9sents pour partager leur exp\u00e9rience et r\u00e9pondre \u00e0 vos questions.<\/p>\n<h3>Nos prochains \u00e9v\u00e8nements<\/h3>\n<p>Tout au long de l\u2019ann\u00e9e, Argon &amp; Co participe \u00e0 des \u00e9v\u00e9nements organis\u00e9s dans les \u00e9coles (cours, forum\u2026). Nous aurons peut-\u00eatre l\u2019occasion de nous y rencontrer tr\u00e8s prochainement.<\/p>\n<p><a class=\"red-1-color\" href=\"https:\/\/www.linkedin.com\/home\/?originalSubdomain=uk\" target=\"_blank\" rel=\"noopener noreferrer\"><img loading=\"lazy\" decoding=\"async\" class=\"wp-image-4407 alignnone\" src=\"https:\/\/www.argonandco.com\/wp-content\/uploads\/2020\/01\/LinkedIn-300x300.png\" alt=\"\" width=\"97\" height=\"97\" srcset=\"https:\/\/www.argonandco.com\/wp-content\/uploads\/2020\/01\/LinkedIn-300x300.png 300w, https:\/\/www.argonandco.com\/wp-content\/uploads\/2020\/01\/LinkedIn-150x150.png 150w, https:\/\/www.argonandco.com\/wp-content\/uploads\/2020\/01\/LinkedIn-400x400.png 400w, https:\/\/www.argonandco.com\/wp-content\/uploads\/2020\/01\/LinkedIn.png 512w\" sizes=\"auto, (max-width: 97px) 100vw, 97px\" \/><\/a><a class=\"red-1-color\" href=\"https:\/\/www.welcometothejungle.com\/fr\/companies\/argon-consulting\" target=\"_blank\" rel=\"noopener noreferrer\"><img loading=\"lazy\" decoding=\"async\" class=\"alignnone wp-image-4409\" src=\"https:\/\/www.argonandco.com\/wp-content\/uploads\/2020\/01\/welcome-to-the-jungle-300x300.png\" alt=\"\" width=\"95\" height=\"95\" srcset=\"https:\/\/www.argonandco.com\/wp-content\/uploads\/2020\/01\/welcome-to-the-jungle-300x300.png 300w, https:\/\/www.argonandco.com\/wp-content\/uploads\/2020\/01\/welcome-to-the-jungle-150x150.png 150w, https:\/\/www.argonandco.com\/wp-content\/uploads\/2020\/01\/welcome-to-the-jungle-400x400.png 400w, https:\/\/www.argonandco.com\/wp-content\/uploads\/2020\/01\/welcome-to-the-jungle.png 600w\" sizes=\"auto, (max-width: 95px) 100vw, 95px\" \/>\u00a0 <\/a><a class=\"red-1-color\" href=\"https:\/\/www.glassdoor.fr\/Avis\/Argon-Consulting-Avis-E256215.htm\" target=\"_blank\" rel=\"noopener noreferrer\"><img loading=\"lazy\" decoding=\"async\" class=\"wp-image-4416 alignnone\" src=\"https:\/\/www.argonandco.com\/wp-content\/uploads\/2020\/01\/glassdoor-logo-300x234.png\" alt=\"\" width=\"87\" height=\"67\" srcset=\"https:\/\/www.argonandco.com\/wp-content\/uploads\/2020\/01\/glassdoor-logo-300x234.png 300w, https:\/\/www.argonandco.com\/wp-content\/uploads\/2020\/01\/glassdoor-logo-1024x800.png 1024w, https:\/\/www.argonandco.com\/wp-content\/uploads\/2020\/01\/glassdoor-logo-768x600.png 768w, https:\/\/www.argonandco.com\/wp-content\/uploads\/2020\/01\/glassdoor-logo-400x312.png 400w, https:\/\/www.argonandco.com\/wp-content\/uploads\/2020\/01\/glassdoor-logo.png 1324w\" sizes=\"auto, (max-width: 87px) 100vw, 87px\" \/>\u00a0 \u00a0 \u00a0<\/a><a class=\"red-1-color\" href=\"https:\/\/choosemycompany.com\/fr\/avis-certifies\/argon-co\/salaries\" target=\"_blank\" rel=\"noopener noreferrer\"><img loading=\"lazy\" decoding=\"async\" class=\"alignnone wp-image-4422\" src=\"https:\/\/www.argonandco.com\/wp-content\/uploads\/2020\/01\/choose_my_company-300x215.png\" alt=\"\" width=\"98\" height=\"70\" srcset=\"https:\/\/www.argonandco.com\/wp-content\/uploads\/2020\/01\/choose_my_company-300x215.png 300w, https:\/\/www.argonandco.com\/wp-content\/uploads\/2020\/01\/choose_my_company-400x286.png 400w, https:\/\/www.argonandco.com\/wp-content\/uploads\/2020\/01\/choose_my_company.png 692w\" sizes=\"auto, (max-width: 98px) 100vw, 98px\" \/><\/a><\/p>\n","protected":false},"excerpt":{"rendered":"<p>Nous sommes en permanence \u00e0 la recherche de talents aux exp\u00e9riences diverses, en ad\u00e9quation avec nos valeurs. N\u2019h\u00e9sitez pas \u00e0 entrer en contact avec nos campus managers, ils sont pr\u00e9sents pour partager leur exp\u00e9rience et r\u00e9pondre \u00e0 vos questions. Nos prochains \u00e9v\u00e8nements Tout au long de l\u2019ann\u00e9e, Argon &amp; Co participe \u00e0 des \u00e9v\u00e9nements organis\u00e9s [&hellip;]<\/p>\n","protected":false},"author":1,"featured_media":36183,"parent":1821,"menu_order":21,"comment_status":"closed","ping_status":"closed","template":"tpl\/tpl-careers-contact.php","meta":{"_acf_changed":false,"footnotes":""},"class_list":["post-3718","page","type-page","status-publish","has-post-thumbnail","hentry"],"acf":[],"yoast_head":"<!-- This site is optimized with the Yoast SEO plugin v27.4 - https:\/\/yoast.com\/product\/yoast-seo-wordpress\/ -->\n<title>Contact - Argon &amp; Co<\/title>\n<meta name=\"robots\" content=\"index, follow, max-snippet:-1, max-image-preview:large, max-video-preview:-1\" \/>\n<link rel=\"canonical\" href=\"https:\/\/www.argonandco.com\/fr\/carrieres\/contact\/\" \/>\n<meta property=\"og:locale\" content=\"fr_FR\" \/>\n<meta property=\"og:type\" content=\"article\" \/>\n<meta property=\"og:title\" content=\"Contact - Argon &amp; Co\" \/>\n<meta property=\"og:description\" content=\"Nous sommes en permanence \u00e0 la recherche de talents aux exp\u00e9riences diverses, en ad\u00e9quation avec nos valeurs. N\u2019h\u00e9sitez pas \u00e0 entrer en contact avec nos campus managers, ils sont pr\u00e9sents pour partager leur exp\u00e9rience et r\u00e9pondre \u00e0 vos questions. Nos prochains \u00e9v\u00e8nements Tout au long de l\u2019ann\u00e9e, Argon &amp; Co participe \u00e0 des \u00e9v\u00e9nements organis\u00e9s [&hellip;]\" \/>\n<meta property=\"og:url\" content=\"https:\/\/www.argonandco.com\/fr\/carrieres\/contact\/\" \/>\n<meta property=\"og:site_name\" content=\"Argon &amp; Co\" \/>\n<meta property=\"article:modified_time\" content=\"2026-02-16T13:11:53+00:00\" \/>\n<meta property=\"og:image\" content=\"https:\/\/www.argonandco.com\/wp-content\/uploads\/2025\/12\/Argon-Consulting-2000-64-e1764868250304.jpg\" \/>\n\t<meta property=\"og:image:width\" content=\"2000\" \/>\n\t<meta property=\"og:image:height\" content=\"1197\" \/>\n\t<meta property=\"og:image:type\" content=\"image\/jpeg\" \/>\n<meta name=\"twitter:card\" content=\"summary_large_image\" \/>\n<meta name=\"twitter:label1\" content=\"Dur\u00e9e de lecture estim\u00e9e\" \/>\n\t<meta name=\"twitter:data1\" content=\"2 minutes\" \/>\n<script type=\"application\/ld+json\" class=\"yoast-schema-graph\">{\"@context\":\"https:\\\/\\\/schema.org\",\"@graph\":[{\"@type\":\"WebPage\",\"@id\":\"https:\\\/\\\/www.argonandco.com\\\/fr\\\/carrieres\\\/contact\\\/\",\"url\":\"https:\\\/\\\/www.argonandco.com\\\/fr\\\/carrieres\\\/contact\\\/\",\"name\":\"Contact - Argon &amp; Co\",\"isPartOf\":{\"@id\":\"https:\\\/\\\/www.argonandco.com\\\/fr\\\/#website\"},\"primaryImageOfPage\":{\"@id\":\"https:\\\/\\\/www.argonandco.com\\\/fr\\\/carrieres\\\/contact\\\/#primaryimage\"},\"image\":{\"@id\":\"https:\\\/\\\/www.argonandco.com\\\/fr\\\/carrieres\\\/contact\\\/#primaryimage\"},\"thumbnailUrl\":\"https:\\\/\\\/www.argonandco.com\\\/wp-content\\\/uploads\\\/2025\\\/12\\\/Argon-Consulting-2000-64-e1764868250304.jpg\",\"datePublished\":\"2020-01-07T16:12:22+00:00\",\"dateModified\":\"2026-02-16T13:11:53+00:00\",\"breadcrumb\":{\"@id\":\"https:\\\/\\\/www.argonandco.com\\\/fr\\\/carrieres\\\/contact\\\/#breadcrumb\"},\"inLanguage\":\"fr-FR\",\"potentialAction\":[{\"@type\":\"ReadAction\",\"target\":[\"https:\\\/\\\/www.argonandco.com\\\/fr\\\/carrieres\\\/contact\\\/\"]}]},{\"@type\":\"ImageObject\",\"inLanguage\":\"fr-FR\",\"@id\":\"https:\\\/\\\/www.argonandco.com\\\/fr\\\/carrieres\\\/contact\\\/#primaryimage\",\"url\":\"https:\\\/\\\/www.argonandco.com\\\/wp-content\\\/uploads\\\/2025\\\/12\\\/Argon-Consulting-2000-64-e1764868250304.jpg\",\"contentUrl\":\"https:\\\/\\\/www.argonandco.com\\\/wp-content\\\/uploads\\\/2025\\\/12\\\/Argon-Consulting-2000-64-e1764868250304.jpg\",\"width\":2000,\"height\":1197,\"caption\":\"bureaux Argon & Co\"},{\"@type\":\"BreadcrumbList\",\"@id\":\"https:\\\/\\\/www.argonandco.com\\\/fr\\\/carrieres\\\/contact\\\/#breadcrumb\",\"itemListElement\":[{\"@type\":\"ListItem\",\"position\":1,\"name\":\"Home\",\"item\":\"https:\\\/\\\/www.argonandco.com\\\/fr\\\/\"},{\"@type\":\"ListItem\",\"position\":2,\"name\":\"Carri\u00e8res\",\"item\":\"https:\\\/\\\/www.argonandco.com\\\/fr\\\/carrieres\\\/\"},{\"@type\":\"ListItem\",\"position\":3,\"name\":\"Contact\"}]},{\"@type\":\"WebSite\",\"@id\":\"https:\\\/\\\/www.argonandco.com\\\/fr\\\/#website\",\"url\":\"https:\\\/\\\/www.argonandco.com\\\/fr\\\/\",\"name\":\"Argon &amp; Co\",\"description\":\"We help clients achieve their strategic and operational objectives, working together to transform their businesses and generate real change.\",\"potentialAction\":[{\"@type\":\"SearchAction\",\"target\":{\"@type\":\"EntryPoint\",\"urlTemplate\":\"https:\\\/\\\/www.argonandco.com\\\/fr\\\/?s={search_term_string}\"},\"query-input\":{\"@type\":\"PropertyValueSpecification\",\"valueRequired\":true,\"valueName\":\"search_term_string\"}}],\"inLanguage\":\"fr-FR\"}]}<\/script>\n<!-- \/ Yoast SEO plugin. -->","yoast_head_json":{"title":"Contact - Argon &amp; Co","robots":{"index":"index","follow":"follow","max-snippet":"max-snippet:-1","max-image-preview":"max-image-preview:large","max-video-preview":"max-video-preview:-1"},"canonical":"https:\/\/www.argonandco.com\/fr\/carrieres\/contact\/","og_locale":"fr_FR","og_type":"article","og_title":"Contact - Argon &amp; Co","og_description":"Nous sommes en permanence \u00e0 la recherche de talents aux exp\u00e9riences diverses, en ad\u00e9quation avec nos valeurs. N\u2019h\u00e9sitez pas \u00e0 entrer en contact avec nos campus managers, ils sont pr\u00e9sents pour partager leur exp\u00e9rience et r\u00e9pondre \u00e0 vos questions. Nos prochains \u00e9v\u00e8nements Tout au long de l\u2019ann\u00e9e, Argon &amp; Co participe \u00e0 des \u00e9v\u00e9nements organis\u00e9s [&hellip;]","og_url":"https:\/\/www.argonandco.com\/fr\/carrieres\/contact\/","og_site_name":"Argon &amp; Co","article_modified_time":"2026-02-16T13:11:53+00:00","og_image":[{"width":2000,"height":1197,"url":"https:\/\/www.argonandco.com\/wp-content\/uploads\/2025\/12\/Argon-Consulting-2000-64-e1764868250304.jpg","type":"image\/jpeg"}],"twitter_card":"summary_large_image","twitter_misc":{"Dur\u00e9e de lecture estim\u00e9e":"2 minutes"},"schema":{"@context":"https:\/\/schema.org","@graph":[{"@type":"WebPage","@id":"https:\/\/www.argonandco.com\/fr\/carrieres\/contact\/","url":"https:\/\/www.argonandco.com\/fr\/carrieres\/contact\/","name":"Contact - Argon &amp; Co","isPartOf":{"@id":"https:\/\/www.argonandco.com\/fr\/#website"},"primaryImageOfPage":{"@id":"https:\/\/www.argonandco.com\/fr\/carrieres\/contact\/#primaryimage"},"image":{"@id":"https:\/\/www.argonandco.com\/fr\/carrieres\/contact\/#primaryimage"},"thumbnailUrl":"https:\/\/www.argonandco.com\/wp-content\/uploads\/2025\/12\/Argon-Consulting-2000-64-e1764868250304.jpg","datePublished":"2020-01-07T16:12:22+00:00","dateModified":"2026-02-16T13:11:53+00:00","breadcrumb":{"@id":"https:\/\/www.argonandco.com\/fr\/carrieres\/contact\/#breadcrumb"},"inLanguage":"fr-FR","potentialAction":[{"@type":"ReadAction","target":["https:\/\/www.argonandco.com\/fr\/carrieres\/contact\/"]}]},{"@type":"ImageObject","inLanguage":"fr-FR","@id":"https:\/\/www.argonandco.com\/fr\/carrieres\/contact\/#primaryimage","url":"https:\/\/www.argonandco.com\/wp-content\/uploads\/2025\/12\/Argon-Consulting-2000-64-e1764868250304.jpg","contentUrl":"https:\/\/www.argonandco.com\/wp-content\/uploads\/2025\/12\/Argon-Consulting-2000-64-e1764868250304.jpg","width":2000,"height":1197,"caption":"bureaux Argon & Co"},{"@type":"BreadcrumbList","@id":"https:\/\/www.argonandco.com\/fr\/carrieres\/contact\/#breadcrumb","itemListElement":[{"@type":"ListItem","position":1,"name":"Home","item":"https:\/\/www.argonandco.com\/fr\/"},{"@type":"ListItem","position":2,"name":"Carri\u00e8res","item":"https:\/\/www.argonandco.com\/fr\/carrieres\/"},{"@type":"ListItem","position":3,"name":"Contact"}]},{"@type":"WebSite","@id":"https:\/\/www.argonandco.com\/fr\/#website","url":"https:\/\/www.argonandco.com\/fr\/","name":"Argon &amp; Co","description":"We help clients achieve their strategic and operational objectives, working together to transform their businesses and generate real change.","potentialAction":[{"@type":"SearchAction","target":{"@type":"EntryPoint","urlTemplate":"https:\/\/www.argonandco.com\/fr\/?s={search_term_string}"},"query-input":{"@type":"PropertyValueSpecification","valueRequired":true,"valueName":"search_term_string"}}],"inLanguage":"fr-FR"}]}},"_links":{"self":[{"href":"https:\/\/www.argonandco.com\/fr\/wp-json\/wp\/v2\/pages\/3718","targetHints":{"allow":["GET"]}}],"collection":[{"href":"https:\/\/www.argonandco.com\/fr\/wp-json\/wp\/v2\/pages"}],"about":[{"href":"https:\/\/www.argonandco.com\/fr\/wp-json\/wp\/v2\/types\/page"}],"author":[{"embeddable":true,"href":"https:\/\/www.argonandco.com\/fr\/wp-json\/wp\/v2\/users\/1"}],"replies":[{"embeddable":true,"href":"https:\/\/www.argonandco.com\/fr\/wp-json\/wp\/v2\/comments?post=3718"}],"version-history":[{"count":0,"href":"https:\/\/www.argonandco.com\/fr\/wp-json\/wp\/v2\/pages\/3718\/revisions"}],"up":[{"embeddable":true,"href":"https:\/\/www.argonandco.com\/fr\/wp-json\/wp\/v2\/pages\/1821"}],"wp:featuredmedia":[{"embeddable":true,"href":"https:\/\/www.argonandco.com\/fr\/wp-json\/wp\/v2\/media\/36183"}],"wp:attachment":[{"href":"https:\/\/www.argonandco.com\/fr\/wp-json\/wp\/v2\/media?parent=3718"}],"curies":[{"name":"wp","href":"https:\/\/api.w.org\/{rel}","templated":true}]}}