{"id":3702,"date":"2020-01-07T16:03:04","date_gmt":"2020-01-07T16:03:04","guid":{"rendered":"https:\/\/www.argonandco.com\/?page_id=3702"},"modified":"2024-12-16T10:40:21","modified_gmt":"2024-12-16T10:40:21","slug":"candidature-simplifiee","status":"publish","type":"page","link":"https:\/\/www.argonandco.com\/fr\/carrieres\/candidature-simplifiee\/","title":{"rendered":"Nos offres d\u2019emploi"},"content":{"rendered":"<p><span class=\"intro\">Nous sommes en permanence \u00e0 la recherche de femmes et d\u2019hommes, jeunes dipl\u00f4m\u00e9s ou exp\u00e9riment\u00e9s curieux, passionn\u00e9s et engag\u00e9s.<\/span><\/p>\n<p><span class=\"intro\">Rejoignez-nous et accompagnez nos clients dans leur parcours de transformation \u00e0 fort impact pour r\u00e9pondre aux d\u00e9fis environnementaux et soci\u00e9taux d&rsquo;aujourd&rsquo;hui. Devenez un expert avec une double comp\u00e9tence &#8211; Op\u00e9rations, Finance ou Data, en et durabilit\u00e9 fonction de votre parcours et de votre app\u00e9tence.<\/span><\/p>\n<p><span class=\"intro\">Participez \u00e0 une aventure humaine : nous avons besoin de votre contribution pour nous aider \u00e0 rendre les entreprises plus durables, au sein de nos clients, au sein d&rsquo;Argon &amp; Co et au-del\u00e0.<\/span><\/p>\n<p><span class=\"intro\">En France, Argon &amp; Co poss\u00e8de deux bureaux : l\u2019un \u00e0 Paris et l\u2019autre \u00e0 Lyon.<\/span><\/p>\n<h3><\/h3>\n<h3>Consultant en strat\u00e9gie et management des op\u00e9rations<\/h3>\n<p>Votre r\u00f4le : Transformer les fonctions c\u0153ur de l\u2019entreprise,\u00a0 D\u00e9veloppement produit, Achats, Supply Chain, production et Logistique<\/p>\n<h3>Consultant en strat\u00e9gie et management des fonctions corporate et supports<\/h3>\n<p>Votre r\u00f4le : Transformer les fonctions Finance, RH, IS\/IT, Compliance et CSR<\/p>\n<h3>Consultant en transformation des organisations et conduite du changement<\/h3>\n<p>Votre r\u00f4le : Donner du sens aux changements \u00e0 venir, accompagner et d\u00e9velopper les collaborateurs<\/p>\n<h3>Data scientists, Data analysts et Data engineers<\/h3>\n<p>Rejoignez notre \u00e9quipe d\u2019experts en IA, analytics , Machine Learning et Digital.<br \/>\nVotre r\u00f4le : \u00e9laborer des solutions analytiques complexes lorsque les donn\u00e9es et l\u2019analyse sont au c\u0153ur de la transformation des Op\u00e9rations et des Fonctions Supports<\/p>\n<p>&nbsp;<\/p>\n<h3>Postulez \u00e0 nos offres d&#8217;emploi ci-dessous :<\/h3>\n<p>&nbsp;<\/p>\n<div id=\"recruitee-careers\"><\/div>\n<p><script type=\"text\/javascript\" src=\"https:\/\/d10zminp1cyta8.cloudfront.net\/widget.js\"><\/script><br \/>\n<script type=\"text\/javascript\">\n        var widget = new RTWidget({ \n \"companies\": [\n   87994\n ],\n \"detailsMode\": \"popup\",\n \"language\": \"fr\",\n \"departmentsFilter\": [],\n \"tagsFilter\": [],\n \"themeVars\": {\n   \"primary\": \"#901237\",\n   \"secondary\": \"#901237\",\n   \"text\": \"#5a5f72\",\n   \"textDark\": \"#901237\",\n   \"fontFamily\": \"\\\"Gotham Rounded A\\\", Helvetica, Arial, \\\", sans-serif;\",\n   \"baseFontSize\": \"16px\"\n },\n \"flags\": {\n   \"showLocation\": true,\n   \"showCountry\": true,\n   \"showCity\": true,\n   \"showState\": true,\n   \"groupByLocation\": false,\n   \"groupByState\": false,\n   \"groupByDepartment\": false,\n   \"groupByCompany\": false\n }\n });\n      <\/script><\/p>\n","protected":false},"excerpt":{"rendered":"<p>Nous sommes en permanence \u00e0 la recherche de femmes et d\u2019hommes, jeunes dipl\u00f4m\u00e9s ou exp\u00e9riment\u00e9s curieux, passionn\u00e9s et engag\u00e9s. Rejoignez-nous et accompagnez nos clients dans leur parcours de transformation \u00e0 fort impact pour r\u00e9pondre aux d\u00e9fis environnementaux et soci\u00e9taux d&rsquo;aujourd&rsquo;hui. Devenez un expert avec une double comp\u00e9tence &#8211; Op\u00e9rations, Finance ou Data, en et durabilit\u00e9 [&hellip;]<\/p>\n","protected":false},"author":1,"featured_media":17994,"parent":1821,"menu_order":17,"comment_status":"closed","ping_status":"closed","template":"","meta":{"_acf_changed":false,"footnotes":""},"class_list":["post-3702","page","type-page","status-publish","has-post-thumbnail","hentry"],"acf":[],"yoast_head":"<!-- This site is optimized with the Yoast SEO plugin v27.5 - https:\/\/yoast.com\/product\/yoast-seo-wordpress\/ -->\n<title>Candidature simplifi\u00e9e | Strat\u00e9gie d&#039;entreprise | Argon &amp; Co<\/title>\n<meta name=\"description\" content=\"Consultant en transformation des op\u00e9rations, performance op\u00e9rationnelle, Supply Chain, Finance, RH : envoyez votre candidature simplifi\u00e9e \u00e0 Argon &amp; Co !\" \/>\n<meta name=\"robots\" content=\"index, follow, max-snippet:-1, max-image-preview:large, max-video-preview:-1\" \/>\n<link rel=\"canonical\" href=\"https:\/\/www.argonandco.com\/fr\/carrieres\/candidature-simplifiee\/\" \/>\n<meta property=\"og:locale\" content=\"fr_FR\" \/>\n<meta property=\"og:type\" content=\"article\" \/>\n<meta property=\"og:title\" content=\"Candidature simplifi\u00e9e | Strat\u00e9gie d&#039;entreprise | Argon &amp; Co\" \/>\n<meta property=\"og:description\" content=\"Consultant en transformation des op\u00e9rations, performance op\u00e9rationnelle, Supply Chain, Finance, RH : envoyez votre candidature simplifi\u00e9e \u00e0 Argon &amp; Co !\" \/>\n<meta property=\"og:url\" content=\"https:\/\/www.argonandco.com\/fr\/carrieres\/candidature-simplifiee\/\" \/>\n<meta property=\"og:site_name\" content=\"Argon &amp; Co\" \/>\n<meta property=\"article:modified_time\" content=\"2024-12-16T10:40:21+00:00\" \/>\n<meta property=\"og:image\" content=\"https:\/\/www.argonandco.com\/wp-content\/uploads\/2022\/01\/Candidature_simplifiee.jpg\" \/>\n\t<meta property=\"og:image:width\" content=\"2121\" \/>\n\t<meta property=\"og:image:height\" content=\"1414\" \/>\n\t<meta property=\"og:image:type\" content=\"image\/jpeg\" \/>\n<meta name=\"twitter:card\" content=\"summary_large_image\" \/>\n<meta name=\"twitter:label1\" content=\"Dur\u00e9e de lecture estim\u00e9e\" \/>\n\t<meta name=\"twitter:data1\" content=\"1 minute\" \/>\n<script type=\"application\/ld+json\" class=\"yoast-schema-graph\">{\"@context\":\"https:\\\/\\\/schema.org\",\"@graph\":[{\"@type\":\"WebPage\",\"@id\":\"https:\\\/\\\/www.argonandco.com\\\/fr\\\/carrieres\\\/candidature-simplifiee\\\/\",\"url\":\"https:\\\/\\\/www.argonandco.com\\\/fr\\\/carrieres\\\/candidature-simplifiee\\\/\",\"name\":\"Candidature simplifi\u00e9e | Strat\u00e9gie d'entreprise | Argon & Co\",\"isPartOf\":{\"@id\":\"https:\\\/\\\/www.argonandco.com\\\/fr\\\/#website\"},\"primaryImageOfPage\":{\"@id\":\"https:\\\/\\\/www.argonandco.com\\\/fr\\\/carrieres\\\/candidature-simplifiee\\\/#primaryimage\"},\"image\":{\"@id\":\"https:\\\/\\\/www.argonandco.com\\\/fr\\\/carrieres\\\/candidature-simplifiee\\\/#primaryimage\"},\"thumbnailUrl\":\"https:\\\/\\\/www.argonandco.com\\\/wp-content\\\/uploads\\\/2022\\\/01\\\/Candidature_simplifiee.jpg\",\"datePublished\":\"2020-01-07T16:03:04+00:00\",\"dateModified\":\"2024-12-16T10:40:21+00:00\",\"description\":\"Consultant en transformation des op\u00e9rations, performance op\u00e9rationnelle, Supply Chain, Finance, RH : envoyez votre candidature simplifi\u00e9e \u00e0 Argon & Co !\",\"breadcrumb\":{\"@id\":\"https:\\\/\\\/www.argonandco.com\\\/fr\\\/carrieres\\\/candidature-simplifiee\\\/#breadcrumb\"},\"inLanguage\":\"fr-FR\",\"potentialAction\":[{\"@type\":\"ReadAction\",\"target\":[\"https:\\\/\\\/www.argonandco.com\\\/fr\\\/carrieres\\\/candidature-simplifiee\\\/\"]}]},{\"@type\":\"ImageObject\",\"inLanguage\":\"fr-FR\",\"@id\":\"https:\\\/\\\/www.argonandco.com\\\/fr\\\/carrieres\\\/candidature-simplifiee\\\/#primaryimage\",\"url\":\"https:\\\/\\\/www.argonandco.com\\\/wp-content\\\/uploads\\\/2022\\\/01\\\/Candidature_simplifiee.jpg\",\"contentUrl\":\"https:\\\/\\\/www.argonandco.com\\\/wp-content\\\/uploads\\\/2022\\\/01\\\/Candidature_simplifiee.jpg\",\"width\":2121,\"height\":1414,\"caption\":\"Head shot portrait smiling African American businesswoman offering handshake, standing with extended hand in modern office, friendly hr manager or team leader greeting or welcoming new worker\"},{\"@type\":\"BreadcrumbList\",\"@id\":\"https:\\\/\\\/www.argonandco.com\\\/fr\\\/carrieres\\\/candidature-simplifiee\\\/#breadcrumb\",\"itemListElement\":[{\"@type\":\"ListItem\",\"position\":1,\"name\":\"Home\",\"item\":\"https:\\\/\\\/www.argonandco.com\\\/fr\\\/\"},{\"@type\":\"ListItem\",\"position\":2,\"name\":\"Carri\u00e8res\",\"item\":\"https:\\\/\\\/www.argonandco.com\\\/fr\\\/carrieres\\\/\"},{\"@type\":\"ListItem\",\"position\":3,\"name\":\"Nos offres d\u2019emploi\"}]},{\"@type\":\"WebSite\",\"@id\":\"https:\\\/\\\/www.argonandco.com\\\/fr\\\/#website\",\"url\":\"https:\\\/\\\/www.argonandco.com\\\/fr\\\/\",\"name\":\"Argon &amp; Co\",\"description\":\"We help clients achieve their strategic and operational objectives, working together to transform their businesses and generate real change.\",\"potentialAction\":[{\"@type\":\"SearchAction\",\"target\":{\"@type\":\"EntryPoint\",\"urlTemplate\":\"https:\\\/\\\/www.argonandco.com\\\/fr\\\/?s={search_term_string}\"},\"query-input\":{\"@type\":\"PropertyValueSpecification\",\"valueRequired\":true,\"valueName\":\"search_term_string\"}}],\"inLanguage\":\"fr-FR\"}]}<\/script>\n<!-- \/ Yoast SEO plugin. -->","yoast_head_json":{"title":"Candidature simplifi\u00e9e | Strat\u00e9gie d'entreprise | Argon & Co","description":"Consultant en transformation des op\u00e9rations, performance op\u00e9rationnelle, Supply Chain, Finance, RH : envoyez votre candidature simplifi\u00e9e \u00e0 Argon & Co !","robots":{"index":"index","follow":"follow","max-snippet":"max-snippet:-1","max-image-preview":"max-image-preview:large","max-video-preview":"max-video-preview:-1"},"canonical":"https:\/\/www.argonandco.com\/fr\/carrieres\/candidature-simplifiee\/","og_locale":"fr_FR","og_type":"article","og_title":"Candidature simplifi\u00e9e | Strat\u00e9gie d'entreprise | Argon & Co","og_description":"Consultant en transformation des op\u00e9rations, performance op\u00e9rationnelle, Supply Chain, Finance, RH : envoyez votre candidature simplifi\u00e9e \u00e0 Argon & Co !","og_url":"https:\/\/www.argonandco.com\/fr\/carrieres\/candidature-simplifiee\/","og_site_name":"Argon &amp; Co","article_modified_time":"2024-12-16T10:40:21+00:00","og_image":[{"width":2121,"height":1414,"url":"https:\/\/www.argonandco.com\/wp-content\/uploads\/2022\/01\/Candidature_simplifiee.jpg","type":"image\/jpeg"}],"twitter_card":"summary_large_image","twitter_misc":{"Dur\u00e9e de lecture estim\u00e9e":"1 minute"},"schema":{"@context":"https:\/\/schema.org","@graph":[{"@type":"WebPage","@id":"https:\/\/www.argonandco.com\/fr\/carrieres\/candidature-simplifiee\/","url":"https:\/\/www.argonandco.com\/fr\/carrieres\/candidature-simplifiee\/","name":"Candidature simplifi\u00e9e | Strat\u00e9gie d'entreprise | Argon & Co","isPartOf":{"@id":"https:\/\/www.argonandco.com\/fr\/#website"},"primaryImageOfPage":{"@id":"https:\/\/www.argonandco.com\/fr\/carrieres\/candidature-simplifiee\/#primaryimage"},"image":{"@id":"https:\/\/www.argonandco.com\/fr\/carrieres\/candidature-simplifiee\/#primaryimage"},"thumbnailUrl":"https:\/\/www.argonandco.com\/wp-content\/uploads\/2022\/01\/Candidature_simplifiee.jpg","datePublished":"2020-01-07T16:03:04+00:00","dateModified":"2024-12-16T10:40:21+00:00","description":"Consultant en transformation des op\u00e9rations, performance op\u00e9rationnelle, Supply Chain, Finance, RH : envoyez votre candidature simplifi\u00e9e \u00e0 Argon & Co !","breadcrumb":{"@id":"https:\/\/www.argonandco.com\/fr\/carrieres\/candidature-simplifiee\/#breadcrumb"},"inLanguage":"fr-FR","potentialAction":[{"@type":"ReadAction","target":["https:\/\/www.argonandco.com\/fr\/carrieres\/candidature-simplifiee\/"]}]},{"@type":"ImageObject","inLanguage":"fr-FR","@id":"https:\/\/www.argonandco.com\/fr\/carrieres\/candidature-simplifiee\/#primaryimage","url":"https:\/\/www.argonandco.com\/wp-content\/uploads\/2022\/01\/Candidature_simplifiee.jpg","contentUrl":"https:\/\/www.argonandco.com\/wp-content\/uploads\/2022\/01\/Candidature_simplifiee.jpg","width":2121,"height":1414,"caption":"Head shot portrait smiling African American businesswoman offering handshake, standing with extended hand in modern office, friendly hr manager or team leader greeting or welcoming new worker"},{"@type":"BreadcrumbList","@id":"https:\/\/www.argonandco.com\/fr\/carrieres\/candidature-simplifiee\/#breadcrumb","itemListElement":[{"@type":"ListItem","position":1,"name":"Home","item":"https:\/\/www.argonandco.com\/fr\/"},{"@type":"ListItem","position":2,"name":"Carri\u00e8res","item":"https:\/\/www.argonandco.com\/fr\/carrieres\/"},{"@type":"ListItem","position":3,"name":"Nos offres d\u2019emploi"}]},{"@type":"WebSite","@id":"https:\/\/www.argonandco.com\/fr\/#website","url":"https:\/\/www.argonandco.com\/fr\/","name":"Argon &amp; Co","description":"We help clients achieve their strategic and operational objectives, working together to transform their businesses and generate real change.","potentialAction":[{"@type":"SearchAction","target":{"@type":"EntryPoint","urlTemplate":"https:\/\/www.argonandco.com\/fr\/?s={search_term_string}"},"query-input":{"@type":"PropertyValueSpecification","valueRequired":true,"valueName":"search_term_string"}}],"inLanguage":"fr-FR"}]}},"_links":{"self":[{"href":"https:\/\/www.argonandco.com\/fr\/wp-json\/wp\/v2\/pages\/3702","targetHints":{"allow":["GET"]}}],"collection":[{"href":"https:\/\/www.argonandco.com\/fr\/wp-json\/wp\/v2\/pages"}],"about":[{"href":"https:\/\/www.argonandco.com\/fr\/wp-json\/wp\/v2\/types\/page"}],"author":[{"embeddable":true,"href":"https:\/\/www.argonandco.com\/fr\/wp-json\/wp\/v2\/users\/1"}],"replies":[{"embeddable":true,"href":"https:\/\/www.argonandco.com\/fr\/wp-json\/wp\/v2\/comments?post=3702"}],"version-history":[{"count":0,"href":"https:\/\/www.argonandco.com\/fr\/wp-json\/wp\/v2\/pages\/3702\/revisions"}],"up":[{"embeddable":true,"href":"https:\/\/www.argonandco.com\/fr\/wp-json\/wp\/v2\/pages\/1821"}],"wp:featuredmedia":[{"embeddable":true,"href":"https:\/\/www.argonandco.com\/fr\/wp-json\/wp\/v2\/media\/17994"}],"wp:attachment":[{"href":"https:\/\/www.argonandco.com\/fr\/wp-json\/wp\/v2\/media?parent=3702"}],"curies":[{"name":"wp","href":"https:\/\/api.w.org\/{rel}","templated":true}]}}