{"id":3690,"date":"2020-01-07T15:35:53","date_gmt":"2020-01-07T15:35:53","guid":{"rendered":"https:\/\/www.argonandco.com\/?page_id=3690"},"modified":"2025-12-08T08:49:27","modified_gmt":"2025-12-08T08:49:27","slug":"votre-integration-chez-argon-co","status":"publish","type":"page","link":"https:\/\/www.argonandco.com\/fr\/carrieres\/votre-integration-chez-argon-co\/","title":{"rendered":"Votre int\u00e9gration au sein d\u2019Argon &#038; Co"},"content":{"rendered":"<h2>Votre int\u00e9gration au sein d&rsquo;Argon &amp; Co<\/h2>\n<h2><span class=\"intro intro--medium\">1. Pr\u00e9paration de votre arriv\u00e9e<\/span><\/h2>\n<p>Afin d\u2019\u00eatre accueilli le mieux possible par vos nouveaux coll\u00e8gues lors de votre premier jour chez Argon &amp; Co, les ressources humaines annoncent en amont votre arriv\u00e9e \u00e0 l\u2019ensemble des Argonautes, en prenant le temps de pr\u00e9senter votre parcours et de leur indiquer l\u2019emplacement de votre futur bureau<\/p>\n<h2><span class=\"intro intro--medium\">2. Votre arriv\u00e9e<\/span><\/h2>\n<p>Le jour de votre arriv\u00e9e, vous recevez tout le mat\u00e9riel et les informations dont vous avez besoin pour prendre rapidement vos marques dans le cabinet. Les consultants vous sont pr\u00e9sent\u00e9s et un d\u00e9jeuner d\u2019accueil est organis\u00e9 pour que vous fassiez connaissance.<\/p>\n<h2><span class=\"intro intro--medium\">3. Parrainage et Buddying<\/span><\/h2>\n<p><span class=\"intro intro--medium\">Votre buddy<\/span><\/p>\n<p>Le jour de votre arriv\u00e9e, un buddy, c\u2019est-\u00e0-dire un consultant du m\u00eame grade que vous, vous est pr\u00e9sent\u00e9. Il pourra r\u00e9pondre \u00e0 toutes vos questions pratiques et faciliter votre familiarisation avec les coutumes d\u2019Argon.<\/p>\n<p><span class=\"intro intro--medium\">Votre parrain ou marraine<\/span><\/p>\n<p>Dans les jours qui suivent votre arriv\u00e9e, un parrain ou une marraine vous est attribu\u00e9. Il (elle) vous suivra tout au long de votre parcours professionnel chez Argon &amp; Co. Chaque semestre, c\u2019est avec lui (elle) que vous ferez le point sur le chemin parcouru et sur vos aspirations au sein du cabinet en vue des \u00e9valuations semestrielles.<\/p>\n<h2><span class=\"intro intro--medium\">4. Formation Business case<\/span><\/h2>\n<p>Pour accompagner la mont\u00e9e en comp\u00e9tence de nos collaborateurs, nous avons d\u00e9velopp\u00e9 un plan de formation par grade. Celui-ci peut \u00eatre compl\u00e9t\u00e9 par des formations \u00e0 la carte, aussi bien sur les techniques du conseil que sur les expertises. Les formations sont dispens\u00e9es un vendredi sur deux. \u2028\u00c0 intervalle r\u00e9gulier, une \u00e9quipe projet d\u2019Argon &amp; Co pr\u00e9sente \u00e0 l\u2019ensemble des consultants un business case d\u2019une mission r\u00e9cente afin de partager ses bonnes pratiques.<\/p>\n<h2><span class=\"intro intro--medium\">5. Evaluation et plan de d\u00e9veloppement<\/span><\/h2>\n<p>Aider nos consultants \u00e0 se d\u00e9velopper est notre priorit\u00e9. Au terme de chaque projet, votre chef de projet \u00e9value votre performance par rapport aux objectifs fix\u00e9s en d\u00e9but de mission.\u2028Deux fois par an, votre parrain pr\u00e9sente au comit\u00e9 d\u2019\u00e9valuation, compos\u00e9 des directeurs et directeurs associ\u00e9s, un bilan de vos r\u00e9alisations sur la p\u00e9riode pass\u00e9e. Il souligne vos points forts et vos axes de d\u00e9veloppement afin de construire un plan d\u2019action adapt\u00e9.<\/p>\n<p>Pour mesurer le niveau global de satisfaction de nos collaborateurs, nous r\u00e9alisons une enqu\u00eate annuelle aupr\u00e8s d\u2019eux. Celle-ci aboutit \u00e0 un plan d\u2019action concret, partag\u00e9 avec tous, sur lequel nos associ\u00e9s s\u2019engagent.<\/p>\n","protected":false},"excerpt":{"rendered":"<p>Votre int\u00e9gration au sein d&rsquo;Argon &amp; Co 1. Pr\u00e9paration de votre arriv\u00e9e Afin d\u2019\u00eatre accueilli le mieux possible par vos nouveaux coll\u00e8gues lors de votre premier jour chez Argon &amp; Co, les ressources humaines annoncent en amont votre arriv\u00e9e \u00e0 l\u2019ensemble des Argonautes, en prenant le temps de pr\u00e9senter votre parcours et de leur indiquer [&hellip;]<\/p>\n","protected":false},"author":1,"featured_media":36196,"parent":1821,"menu_order":16,"comment_status":"closed","ping_status":"closed","template":"","meta":{"_acf_changed":false,"footnotes":""},"class_list":["post-3690","page","type-page","status-publish","has-post-thumbnail","hentry"],"acf":[],"yoast_head":"<!-- This site is optimized with the Yoast SEO plugin v27.4 - https:\/\/yoast.com\/product\/yoast-seo-wordpress\/ -->\n<title>Votre int\u00e9gration au sein d\u2019Argon &amp; Co - Argon &amp; Co<\/title>\n<meta name=\"robots\" content=\"index, follow, max-snippet:-1, max-image-preview:large, max-video-preview:-1\" \/>\n<link rel=\"canonical\" href=\"https:\/\/www.argonandco.com\/fr\/carrieres\/votre-integration-chez-argon-co\/\" \/>\n<meta property=\"og:locale\" content=\"fr_FR\" \/>\n<meta property=\"og:type\" content=\"article\" \/>\n<meta property=\"og:title\" content=\"Votre int\u00e9gration au sein d\u2019Argon &amp; Co - Argon &amp; Co\" \/>\n<meta property=\"og:description\" content=\"Votre int\u00e9gration au sein d&rsquo;Argon &amp; Co 1. Pr\u00e9paration de votre arriv\u00e9e Afin d\u2019\u00eatre accueilli le mieux possible par vos nouveaux coll\u00e8gues lors de votre premier jour chez Argon &amp; Co, les ressources humaines annoncent en amont votre arriv\u00e9e \u00e0 l\u2019ensemble des Argonautes, en prenant le temps de pr\u00e9senter votre parcours et de leur indiquer [&hellip;]\" \/>\n<meta property=\"og:url\" content=\"https:\/\/www.argonandco.com\/fr\/carrieres\/votre-integration-chez-argon-co\/\" \/>\n<meta property=\"og:site_name\" content=\"Argon &amp; Co\" \/>\n<meta property=\"article:modified_time\" content=\"2025-12-08T08:49:27+00:00\" \/>\n<meta property=\"og:image\" content=\"https:\/\/www.argonandco.com\/wp-content\/uploads\/2025\/12\/ARGONCONSULTING-PRO-21-ok-e1765183716127.jpg\" \/>\n\t<meta property=\"og:image:width\" content=\"1897\" \/>\n\t<meta property=\"og:image:height\" content=\"1555\" \/>\n\t<meta property=\"og:image:type\" content=\"image\/jpeg\" \/>\n<meta name=\"twitter:card\" content=\"summary_large_image\" \/>\n<meta name=\"twitter:label1\" content=\"Dur\u00e9e de lecture estim\u00e9e\" \/>\n\t<meta name=\"twitter:data1\" content=\"2 minutes\" \/>\n<script type=\"application\/ld+json\" class=\"yoast-schema-graph\">{\"@context\":\"https:\\\/\\\/schema.org\",\"@graph\":[{\"@type\":\"WebPage\",\"@id\":\"https:\\\/\\\/www.argonandco.com\\\/fr\\\/carrieres\\\/votre-integration-chez-argon-co\\\/\",\"url\":\"https:\\\/\\\/www.argonandco.com\\\/fr\\\/carrieres\\\/votre-integration-chez-argon-co\\\/\",\"name\":\"Votre int\u00e9gration au sein d\u2019Argon & Co - Argon &amp; Co\",\"isPartOf\":{\"@id\":\"https:\\\/\\\/www.argonandco.com\\\/fr\\\/#website\"},\"primaryImageOfPage\":{\"@id\":\"https:\\\/\\\/www.argonandco.com\\\/fr\\\/carrieres\\\/votre-integration-chez-argon-co\\\/#primaryimage\"},\"image\":{\"@id\":\"https:\\\/\\\/www.argonandco.com\\\/fr\\\/carrieres\\\/votre-integration-chez-argon-co\\\/#primaryimage\"},\"thumbnailUrl\":\"https:\\\/\\\/www.argonandco.com\\\/wp-content\\\/uploads\\\/2025\\\/12\\\/ARGONCONSULTING-PRO-21-ok-e1765183716127.jpg\",\"datePublished\":\"2020-01-07T15:35:53+00:00\",\"dateModified\":\"2025-12-08T08:49:27+00:00\",\"breadcrumb\":{\"@id\":\"https:\\\/\\\/www.argonandco.com\\\/fr\\\/carrieres\\\/votre-integration-chez-argon-co\\\/#breadcrumb\"},\"inLanguage\":\"fr-FR\",\"potentialAction\":[{\"@type\":\"ReadAction\",\"target\":[\"https:\\\/\\\/www.argonandco.com\\\/fr\\\/carrieres\\\/votre-integration-chez-argon-co\\\/\"]}]},{\"@type\":\"ImageObject\",\"inLanguage\":\"fr-FR\",\"@id\":\"https:\\\/\\\/www.argonandco.com\\\/fr\\\/carrieres\\\/votre-integration-chez-argon-co\\\/#primaryimage\",\"url\":\"https:\\\/\\\/www.argonandco.com\\\/wp-content\\\/uploads\\\/2025\\\/12\\\/ARGONCONSULTING-PRO-21-ok-e1765183716127.jpg\",\"contentUrl\":\"https:\\\/\\\/www.argonandco.com\\\/wp-content\\\/uploads\\\/2025\\\/12\\\/ARGONCONSULTING-PRO-21-ok-e1765183716127.jpg\",\"width\":1897,\"height\":1555,\"caption\":\"Int\u00e9gration au sein d'Argon & Co\"},{\"@type\":\"BreadcrumbList\",\"@id\":\"https:\\\/\\\/www.argonandco.com\\\/fr\\\/carrieres\\\/votre-integration-chez-argon-co\\\/#breadcrumb\",\"itemListElement\":[{\"@type\":\"ListItem\",\"position\":1,\"name\":\"Home\",\"item\":\"https:\\\/\\\/www.argonandco.com\\\/fr\\\/\"},{\"@type\":\"ListItem\",\"position\":2,\"name\":\"Carri\u00e8res\",\"item\":\"https:\\\/\\\/www.argonandco.com\\\/fr\\\/carrieres\\\/\"},{\"@type\":\"ListItem\",\"position\":3,\"name\":\"Votre int\u00e9gration au sein d\u2019Argon &#038; Co\"}]},{\"@type\":\"WebSite\",\"@id\":\"https:\\\/\\\/www.argonandco.com\\\/fr\\\/#website\",\"url\":\"https:\\\/\\\/www.argonandco.com\\\/fr\\\/\",\"name\":\"Argon &amp; Co\",\"description\":\"We help clients achieve their strategic and operational objectives, working together to transform their businesses and generate real change.\",\"potentialAction\":[{\"@type\":\"SearchAction\",\"target\":{\"@type\":\"EntryPoint\",\"urlTemplate\":\"https:\\\/\\\/www.argonandco.com\\\/fr\\\/?s={search_term_string}\"},\"query-input\":{\"@type\":\"PropertyValueSpecification\",\"valueRequired\":true,\"valueName\":\"search_term_string\"}}],\"inLanguage\":\"fr-FR\"}]}<\/script>\n<!-- \/ Yoast SEO plugin. -->","yoast_head_json":{"title":"Votre int\u00e9gration au sein d\u2019Argon & Co - Argon &amp; Co","robots":{"index":"index","follow":"follow","max-snippet":"max-snippet:-1","max-image-preview":"max-image-preview:large","max-video-preview":"max-video-preview:-1"},"canonical":"https:\/\/www.argonandco.com\/fr\/carrieres\/votre-integration-chez-argon-co\/","og_locale":"fr_FR","og_type":"article","og_title":"Votre int\u00e9gration au sein d\u2019Argon & Co - Argon &amp; Co","og_description":"Votre int\u00e9gration au sein d&rsquo;Argon &amp; Co 1. Pr\u00e9paration de votre arriv\u00e9e Afin d\u2019\u00eatre accueilli le mieux possible par vos nouveaux coll\u00e8gues lors de votre premier jour chez Argon &amp; Co, les ressources humaines annoncent en amont votre arriv\u00e9e \u00e0 l\u2019ensemble des Argonautes, en prenant le temps de pr\u00e9senter votre parcours et de leur indiquer [&hellip;]","og_url":"https:\/\/www.argonandco.com\/fr\/carrieres\/votre-integration-chez-argon-co\/","og_site_name":"Argon &amp; Co","article_modified_time":"2025-12-08T08:49:27+00:00","og_image":[{"width":1897,"height":1555,"url":"https:\/\/www.argonandco.com\/wp-content\/uploads\/2025\/12\/ARGONCONSULTING-PRO-21-ok-e1765183716127.jpg","type":"image\/jpeg"}],"twitter_card":"summary_large_image","twitter_misc":{"Dur\u00e9e de lecture estim\u00e9e":"2 minutes"},"schema":{"@context":"https:\/\/schema.org","@graph":[{"@type":"WebPage","@id":"https:\/\/www.argonandco.com\/fr\/carrieres\/votre-integration-chez-argon-co\/","url":"https:\/\/www.argonandco.com\/fr\/carrieres\/votre-integration-chez-argon-co\/","name":"Votre int\u00e9gration au sein d\u2019Argon & Co - Argon &amp; Co","isPartOf":{"@id":"https:\/\/www.argonandco.com\/fr\/#website"},"primaryImageOfPage":{"@id":"https:\/\/www.argonandco.com\/fr\/carrieres\/votre-integration-chez-argon-co\/#primaryimage"},"image":{"@id":"https:\/\/www.argonandco.com\/fr\/carrieres\/votre-integration-chez-argon-co\/#primaryimage"},"thumbnailUrl":"https:\/\/www.argonandco.com\/wp-content\/uploads\/2025\/12\/ARGONCONSULTING-PRO-21-ok-e1765183716127.jpg","datePublished":"2020-01-07T15:35:53+00:00","dateModified":"2025-12-08T08:49:27+00:00","breadcrumb":{"@id":"https:\/\/www.argonandco.com\/fr\/carrieres\/votre-integration-chez-argon-co\/#breadcrumb"},"inLanguage":"fr-FR","potentialAction":[{"@type":"ReadAction","target":["https:\/\/www.argonandco.com\/fr\/carrieres\/votre-integration-chez-argon-co\/"]}]},{"@type":"ImageObject","inLanguage":"fr-FR","@id":"https:\/\/www.argonandco.com\/fr\/carrieres\/votre-integration-chez-argon-co\/#primaryimage","url":"https:\/\/www.argonandco.com\/wp-content\/uploads\/2025\/12\/ARGONCONSULTING-PRO-21-ok-e1765183716127.jpg","contentUrl":"https:\/\/www.argonandco.com\/wp-content\/uploads\/2025\/12\/ARGONCONSULTING-PRO-21-ok-e1765183716127.jpg","width":1897,"height":1555,"caption":"Int\u00e9gration au sein d'Argon & Co"},{"@type":"BreadcrumbList","@id":"https:\/\/www.argonandco.com\/fr\/carrieres\/votre-integration-chez-argon-co\/#breadcrumb","itemListElement":[{"@type":"ListItem","position":1,"name":"Home","item":"https:\/\/www.argonandco.com\/fr\/"},{"@type":"ListItem","position":2,"name":"Carri\u00e8res","item":"https:\/\/www.argonandco.com\/fr\/carrieres\/"},{"@type":"ListItem","position":3,"name":"Votre int\u00e9gration au sein d\u2019Argon &#038; Co"}]},{"@type":"WebSite","@id":"https:\/\/www.argonandco.com\/fr\/#website","url":"https:\/\/www.argonandco.com\/fr\/","name":"Argon &amp; Co","description":"We help clients achieve their strategic and operational objectives, working together to transform their businesses and generate real change.","potentialAction":[{"@type":"SearchAction","target":{"@type":"EntryPoint","urlTemplate":"https:\/\/www.argonandco.com\/fr\/?s={search_term_string}"},"query-input":{"@type":"PropertyValueSpecification","valueRequired":true,"valueName":"search_term_string"}}],"inLanguage":"fr-FR"}]}},"_links":{"self":[{"href":"https:\/\/www.argonandco.com\/fr\/wp-json\/wp\/v2\/pages\/3690","targetHints":{"allow":["GET"]}}],"collection":[{"href":"https:\/\/www.argonandco.com\/fr\/wp-json\/wp\/v2\/pages"}],"about":[{"href":"https:\/\/www.argonandco.com\/fr\/wp-json\/wp\/v2\/types\/page"}],"author":[{"embeddable":true,"href":"https:\/\/www.argonandco.com\/fr\/wp-json\/wp\/v2\/users\/1"}],"replies":[{"embeddable":true,"href":"https:\/\/www.argonandco.com\/fr\/wp-json\/wp\/v2\/comments?post=3690"}],"version-history":[{"count":0,"href":"https:\/\/www.argonandco.com\/fr\/wp-json\/wp\/v2\/pages\/3690\/revisions"}],"up":[{"embeddable":true,"href":"https:\/\/www.argonandco.com\/fr\/wp-json\/wp\/v2\/pages\/1821"}],"wp:featuredmedia":[{"embeddable":true,"href":"https:\/\/www.argonandco.com\/fr\/wp-json\/wp\/v2\/media\/36196"}],"wp:attachment":[{"href":"https:\/\/www.argonandco.com\/fr\/wp-json\/wp\/v2\/media?parent=3690"}],"curies":[{"name":"wp","href":"https:\/\/api.w.org\/{rel}","templated":true}]}}