{"id":3603,"date":"2020-01-07T13:46:04","date_gmt":"2020-01-07T13:46:04","guid":{"rendered":"https:\/\/www.argonandco.com\/?page_id=3603"},"modified":"2025-12-04T17:03:07","modified_gmt":"2025-12-04T17:03:07","slug":"les-profils-que-nous-recherchons","status":"publish","type":"page","link":"https:\/\/www.argonandco.com\/fr\/carrieres\/les-profils-que-nous-recherchons\/","title":{"rendered":"Les profils que nous recherchons"},"content":{"rendered":"<p><span class=\"intro\">\u00c9tudiant, jeune dipl\u00f4m\u00e9 ou professionnel exp\u00e9riment\u00e9, d\u00e9couvrez les m\u00e9tiers du conseil au sein d\u2019Argon &amp; Co.<\/span><\/p>\n<h3>Exp\u00e9riment\u00e9s \u00e0 la recherche de nouveaux d\u00e9fis<\/h3>\n<p>Nous recherchons des talents avec une exp\u00e9rience dans l\u2019op\u00e9rationnel, le conseil ou l\u2019audit, capables de d\u00e9montrer les am\u00e9liorations tangibles qu\u2019ils ont su apporter au cours de leur carri\u00e8re. Nous valorisons l\u2019expertise des candidats, leur clart\u00e9 d&rsquo;esprit, leur int\u00e9grit\u00e9 et leur capacit\u00e9 \u00e0 communiquer et convaincre.<\/p>\n<p>Au cours de votre carri\u00e8re, vous avez su d\u00e9velopper une approche structur\u00e9e pour r\u00e9soudre les probl\u00e9matiques auxquelles vous avez \u00e9t\u00e9 confront\u00e9(e) ? Vous avez aujourd\u2019hui le d\u00e9sir de faire grandir votre exp\u00e9rience et de monter en comp\u00e9tences, tout en partageant les connaissances que vous avez acquises ? Sachez que nous aussi, les d\u00e9fis nous animent. Nous sommes passionn\u00e9s par l\u2019id\u00e9e d\u2019apporter \u00e0 nos clients les solutions \u00e0 leurs probl\u00e8mes. Nous recherchons l\u2019audace, le r\u00e9alisme et le go\u00fbt de l\u2019effort !<\/p>\n<h3>\u00c9tudiants et jeunes dipl\u00f4m\u00e9s<\/h3>\n<p>Nous sommes \u00e0 la recherche de candidats dynamiques, dot\u00e9s d\u2019excellentes capacit\u00e9s d\u2019analyse et de synth\u00e8se, d\u2019un solide sens de l\u2019organisation et d\u2019un excellent relationnel.<\/p>\n<p>Qu\u2019ils soient jeunes dipl\u00f4m\u00e9s ou qu\u2019ils b\u00e9n\u00e9ficient d\u00e9j\u00e0 d\u2019une premi\u00e8re exp\u00e9rience professionnelle r\u00e9ussie, les consultants qui nous rejoignent sont pass\u00e9s par les plus grandes \u00e9coles d\u2019ing\u00e9nieurs et de commerce et les meilleures universit\u00e9s internationales.<\/p>\n<p>Si vous avez le go\u00fbt du challenge, l\u2019esprit d\u2019\u00e9quipe ainsi qu\u2019une r\u00e9elle ouverture d\u2019esprit, n\u2019h\u00e9sitez plus, rejoignez-nous !<\/p>\n<ul id='gallery-1' class='gallery galleryid-3603 gallery-columns-2 gallery-size-thumbnail '><li class='gallery-item first-in-row first-row'><div class='gallery__image' style='background-image: url(https:\/\/www.argonandco.com\/wp-content\/uploads\/2020\/01\/logo_ecole_polytech.png);'><\/div><\/li><li class='gallery-item last-in-row first-row'><div class='gallery__image' style='background-image: url(https:\/\/www.argonandco.com\/wp-content\/uploads\/2020\/01\/image2.png);'><\/div><\/li><li class='gallery-item first-in-row '><div class='gallery__image' style='background-image: url(https:\/\/www.argonandco.com\/wp-content\/uploads\/2020\/01\/logo_mines_paristech.png);'><\/div><\/li><li class='gallery-item last-in-row '><div class='gallery__image' style='background-image: url(https:\/\/www.argonandco.com\/wp-content\/uploads\/2020\/01\/image3.png);'><\/div><\/li><li class='gallery-item first-in-row '><div class='gallery__image' style='background-image: url(https:\/\/www.argonandco.com\/wp-content\/uploads\/2020\/01\/image1.png);'><\/div><\/li><li class='gallery-item last-in-row '><div class='gallery__image' style='background-image: url(https:\/\/www.argonandco.com\/wp-content\/uploads\/2020\/01\/logo_ensta-1-400x504.png);'><\/div><\/li><li class='gallery-item first-in-row '><div class='gallery__image' style='background-image: url(https:\/\/www.argonandco.com\/wp-content\/uploads\/2020\/01\/Screen-Shot-2020-01-10-at-15.14.26.png);'><\/div><\/li><li class='gallery-item last-in-row '><div class='gallery__image' style='background-image: url(https:\/\/www.argonandco.com\/wp-content\/uploads\/2020\/01\/image15.png);'><\/div><\/li><li class='gallery-item first-in-row '><div class='gallery__image' style='background-image: url(https:\/\/www.argonandco.com\/wp-content\/uploads\/2020\/01\/image6-400x96.png);'><\/div><\/li><li class='gallery-item last-in-row '><div class='gallery__image' style='background-image: url(https:\/\/www.argonandco.com\/wp-content\/uploads\/2020\/01\/image9-400x69.png);'><\/div><\/li><li class='gallery-item first-in-row '><div class='gallery__image' style='background-image: url(https:\/\/www.argonandco.com\/wp-content\/uploads\/2020\/01\/image12-400x134.png);'><\/div><\/li><li class='gallery-item last-in-row '><div class='gallery__image' style='background-image: url(https:\/\/www.argonandco.com\/wp-content\/uploads\/2020\/01\/logo_hec-400x209.png);'><\/div><\/li><li class='gallery-item first-in-row '><div class='gallery__image' style='background-image: url(https:\/\/www.argonandco.com\/wp-content\/uploads\/2020\/01\/logo_ESSEC-400x176.png);'><\/div><\/li><li class='gallery-item last-in-row '><div class='gallery__image' style='background-image: url(https:\/\/www.argonandco.com\/wp-content\/uploads\/2020\/01\/logo_escp-400x185.png);'><\/div><\/li><li class='gallery-item first-in-row '><div class='gallery__image' style='background-image: url(https:\/\/www.argonandco.com\/wp-content\/uploads\/2020\/01\/logo_edhec-400x87.png);'><\/div><\/li><li class='gallery-item last-in-row '><div class='gallery__image' style='background-image: url(https:\/\/www.argonandco.com\/wp-content\/uploads\/2020\/01\/logo_sciencespo-1-400x73.png);'><\/div><\/li><li class='gallery-item first-in-row '><div class='gallery__image' style='background-image: url(https:\/\/www.argonandco.com\/wp-content\/uploads\/2020\/01\/logo_emlyon-1-400x400.png);'><\/div><\/li><li class='gallery-item last-in-row '><div class='gallery__image' style='background-image: url(https:\/\/www.argonandco.com\/wp-content\/uploads\/2020\/01\/Screen-Shot-2020-01-10-at-15.14.43.png);'><\/div><\/li><li class='gallery-item first-in-row '><div class='gallery__image' style='background-image: url(https:\/\/www.argonandco.com\/wp-content\/uploads\/2020\/01\/Georgia_Tech-400x400.png);'><\/div><\/li><li class='gallery-item last-in-row '><div class='gallery__image' style='background-image: url(https:\/\/www.argonandco.com\/wp-content\/uploads\/2020\/01\/mcgill_university-400x127.png);'><\/div><\/li><li class='gallery-item first-in-row '><div class='gallery__image' style='background-image: url(https:\/\/www.argonandco.com\/wp-content\/uploads\/2020\/01\/TUM-400x129.png);'><\/div><\/li><li class='gallery-item last-in-row '><div class='gallery__image' style='background-image: url(https:\/\/www.argonandco.com\/wp-content\/uploads\/2020\/01\/university-of-cambridge-400x101.png);'><\/div><\/li><\/ul>\n<div class='clearfix'><\/div>\n","protected":false},"excerpt":{"rendered":"<p>\u00c9tudiant, jeune dipl\u00f4m\u00e9 ou professionnel exp\u00e9riment\u00e9, d\u00e9couvrez les m\u00e9tiers du conseil au sein d\u2019Argon &amp; Co. Exp\u00e9riment\u00e9s \u00e0 la recherche de nouveaux d\u00e9fis Nous recherchons des talents avec une exp\u00e9rience dans l\u2019op\u00e9rationnel, le conseil ou l\u2019audit, capables de d\u00e9montrer les am\u00e9liorations tangibles qu\u2019ils ont su apporter au cours de leur carri\u00e8re. Nous valorisons l\u2019expertise des [&hellip;]<\/p>\n","protected":false},"author":1,"featured_media":36179,"parent":1821,"menu_order":9,"comment_status":"closed","ping_status":"closed","template":"","meta":{"_acf_changed":false,"footnotes":""},"class_list":["post-3603","page","type-page","status-publish","has-post-thumbnail","hentry"],"acf":[],"yoast_head":"<!-- This site is optimized with the Yoast SEO plugin v27.5 - https:\/\/yoast.com\/product\/yoast-seo-wordpress\/ -->\n<title>Les profils que nous recherchons - Argon &amp; Co<\/title>\n<meta name=\"robots\" content=\"index, follow, max-snippet:-1, max-image-preview:large, max-video-preview:-1\" \/>\n<link rel=\"canonical\" href=\"https:\/\/www.argonandco.com\/fr\/carrieres\/les-profils-que-nous-recherchons\/\" \/>\n<meta property=\"og:locale\" content=\"fr_FR\" \/>\n<meta property=\"og:type\" content=\"article\" \/>\n<meta property=\"og:title\" content=\"Les profils que nous recherchons - Argon &amp; Co\" \/>\n<meta property=\"og:description\" content=\"\u00c9tudiant, jeune dipl\u00f4m\u00e9 ou professionnel exp\u00e9riment\u00e9, d\u00e9couvrez les m\u00e9tiers du conseil au sein d\u2019Argon &amp; Co. Exp\u00e9riment\u00e9s \u00e0 la recherche de nouveaux d\u00e9fis Nous recherchons des talents avec une exp\u00e9rience dans l\u2019op\u00e9rationnel, le conseil ou l\u2019audit, capables de d\u00e9montrer les am\u00e9liorations tangibles qu\u2019ils ont su apporter au cours de leur carri\u00e8re. Nous valorisons l\u2019expertise des [&hellip;]\" \/>\n<meta property=\"og:url\" content=\"https:\/\/www.argonandco.com\/fr\/carrieres\/les-profils-que-nous-recherchons\/\" \/>\n<meta property=\"og:site_name\" content=\"Argon &amp; Co\" \/>\n<meta property=\"article:modified_time\" content=\"2025-12-04T17:03:07+00:00\" \/>\n<meta property=\"og:image\" content=\"https:\/\/www.argonandco.com\/wp-content\/uploads\/2025\/12\/IRIS-HD-48-scaled.jpg\" \/>\n\t<meta property=\"og:image:width\" content=\"2560\" \/>\n\t<meta property=\"og:image:height\" content=\"1707\" \/>\n\t<meta property=\"og:image:type\" content=\"image\/jpeg\" \/>\n<meta name=\"twitter:card\" content=\"summary_large_image\" \/>\n<meta name=\"twitter:label1\" content=\"Dur\u00e9e de lecture estim\u00e9e\" \/>\n\t<meta name=\"twitter:data1\" content=\"1 minute\" \/>\n<script type=\"application\/ld+json\" class=\"yoast-schema-graph\">{\"@context\":\"https:\\\/\\\/schema.org\",\"@graph\":[{\"@type\":\"WebPage\",\"@id\":\"https:\\\/\\\/www.argonandco.com\\\/fr\\\/carrieres\\\/les-profils-que-nous-recherchons\\\/\",\"url\":\"https:\\\/\\\/www.argonandco.com\\\/fr\\\/carrieres\\\/les-profils-que-nous-recherchons\\\/\",\"name\":\"Les profils que nous recherchons - Argon &amp; Co\",\"isPartOf\":{\"@id\":\"https:\\\/\\\/www.argonandco.com\\\/fr\\\/#website\"},\"primaryImageOfPage\":{\"@id\":\"https:\\\/\\\/www.argonandco.com\\\/fr\\\/carrieres\\\/les-profils-que-nous-recherchons\\\/#primaryimage\"},\"image\":{\"@id\":\"https:\\\/\\\/www.argonandco.com\\\/fr\\\/carrieres\\\/les-profils-que-nous-recherchons\\\/#primaryimage\"},\"thumbnailUrl\":\"https:\\\/\\\/www.argonandco.com\\\/wp-content\\\/uploads\\\/2025\\\/12\\\/IRIS-HD-48-scaled.jpg\",\"datePublished\":\"2020-01-07T13:46:04+00:00\",\"dateModified\":\"2025-12-04T17:03:07+00:00\",\"breadcrumb\":{\"@id\":\"https:\\\/\\\/www.argonandco.com\\\/fr\\\/carrieres\\\/les-profils-que-nous-recherchons\\\/#breadcrumb\"},\"inLanguage\":\"fr-FR\",\"potentialAction\":[{\"@type\":\"ReadAction\",\"target\":[\"https:\\\/\\\/www.argonandco.com\\\/fr\\\/carrieres\\\/les-profils-que-nous-recherchons\\\/\"]}]},{\"@type\":\"ImageObject\",\"inLanguage\":\"fr-FR\",\"@id\":\"https:\\\/\\\/www.argonandco.com\\\/fr\\\/carrieres\\\/les-profils-que-nous-recherchons\\\/#primaryimage\",\"url\":\"https:\\\/\\\/www.argonandco.com\\\/wp-content\\\/uploads\\\/2025\\\/12\\\/IRIS-HD-48-scaled.jpg\",\"contentUrl\":\"https:\\\/\\\/www.argonandco.com\\\/wp-content\\\/uploads\\\/2025\\\/12\\\/IRIS-HD-48-scaled.jpg\",\"width\":2560,\"height\":1707,\"caption\":\"Les profils que nous recherchons\"},{\"@type\":\"BreadcrumbList\",\"@id\":\"https:\\\/\\\/www.argonandco.com\\\/fr\\\/carrieres\\\/les-profils-que-nous-recherchons\\\/#breadcrumb\",\"itemListElement\":[{\"@type\":\"ListItem\",\"position\":1,\"name\":\"Home\",\"item\":\"https:\\\/\\\/www.argonandco.com\\\/fr\\\/\"},{\"@type\":\"ListItem\",\"position\":2,\"name\":\"Carri\u00e8res\",\"item\":\"https:\\\/\\\/www.argonandco.com\\\/fr\\\/carrieres\\\/\"},{\"@type\":\"ListItem\",\"position\":3,\"name\":\"Les profils que nous recherchons\"}]},{\"@type\":\"WebSite\",\"@id\":\"https:\\\/\\\/www.argonandco.com\\\/fr\\\/#website\",\"url\":\"https:\\\/\\\/www.argonandco.com\\\/fr\\\/\",\"name\":\"Argon &amp; Co\",\"description\":\"We help clients achieve their strategic and operational objectives, working together to transform their businesses and generate real change.\",\"potentialAction\":[{\"@type\":\"SearchAction\",\"target\":{\"@type\":\"EntryPoint\",\"urlTemplate\":\"https:\\\/\\\/www.argonandco.com\\\/fr\\\/?s={search_term_string}\"},\"query-input\":{\"@type\":\"PropertyValueSpecification\",\"valueRequired\":true,\"valueName\":\"search_term_string\"}}],\"inLanguage\":\"fr-FR\"}]}<\/script>\n<!-- \/ Yoast SEO plugin. -->","yoast_head_json":{"title":"Les profils que nous recherchons - Argon &amp; Co","robots":{"index":"index","follow":"follow","max-snippet":"max-snippet:-1","max-image-preview":"max-image-preview:large","max-video-preview":"max-video-preview:-1"},"canonical":"https:\/\/www.argonandco.com\/fr\/carrieres\/les-profils-que-nous-recherchons\/","og_locale":"fr_FR","og_type":"article","og_title":"Les profils que nous recherchons - Argon &amp; Co","og_description":"\u00c9tudiant, jeune dipl\u00f4m\u00e9 ou professionnel exp\u00e9riment\u00e9, d\u00e9couvrez les m\u00e9tiers du conseil au sein d\u2019Argon &amp; Co. Exp\u00e9riment\u00e9s \u00e0 la recherche de nouveaux d\u00e9fis Nous recherchons des talents avec une exp\u00e9rience dans l\u2019op\u00e9rationnel, le conseil ou l\u2019audit, capables de d\u00e9montrer les am\u00e9liorations tangibles qu\u2019ils ont su apporter au cours de leur carri\u00e8re. Nous valorisons l\u2019expertise des [&hellip;]","og_url":"https:\/\/www.argonandco.com\/fr\/carrieres\/les-profils-que-nous-recherchons\/","og_site_name":"Argon &amp; Co","article_modified_time":"2025-12-04T17:03:07+00:00","og_image":[{"width":2560,"height":1707,"url":"https:\/\/www.argonandco.com\/wp-content\/uploads\/2025\/12\/IRIS-HD-48-scaled.jpg","type":"image\/jpeg"}],"twitter_card":"summary_large_image","twitter_misc":{"Dur\u00e9e de lecture estim\u00e9e":"1 minute"},"schema":{"@context":"https:\/\/schema.org","@graph":[{"@type":"WebPage","@id":"https:\/\/www.argonandco.com\/fr\/carrieres\/les-profils-que-nous-recherchons\/","url":"https:\/\/www.argonandco.com\/fr\/carrieres\/les-profils-que-nous-recherchons\/","name":"Les profils que nous recherchons - Argon &amp; Co","isPartOf":{"@id":"https:\/\/www.argonandco.com\/fr\/#website"},"primaryImageOfPage":{"@id":"https:\/\/www.argonandco.com\/fr\/carrieres\/les-profils-que-nous-recherchons\/#primaryimage"},"image":{"@id":"https:\/\/www.argonandco.com\/fr\/carrieres\/les-profils-que-nous-recherchons\/#primaryimage"},"thumbnailUrl":"https:\/\/www.argonandco.com\/wp-content\/uploads\/2025\/12\/IRIS-HD-48-scaled.jpg","datePublished":"2020-01-07T13:46:04+00:00","dateModified":"2025-12-04T17:03:07+00:00","breadcrumb":{"@id":"https:\/\/www.argonandco.com\/fr\/carrieres\/les-profils-que-nous-recherchons\/#breadcrumb"},"inLanguage":"fr-FR","potentialAction":[{"@type":"ReadAction","target":["https:\/\/www.argonandco.com\/fr\/carrieres\/les-profils-que-nous-recherchons\/"]}]},{"@type":"ImageObject","inLanguage":"fr-FR","@id":"https:\/\/www.argonandco.com\/fr\/carrieres\/les-profils-que-nous-recherchons\/#primaryimage","url":"https:\/\/www.argonandco.com\/wp-content\/uploads\/2025\/12\/IRIS-HD-48-scaled.jpg","contentUrl":"https:\/\/www.argonandco.com\/wp-content\/uploads\/2025\/12\/IRIS-HD-48-scaled.jpg","width":2560,"height":1707,"caption":"Les profils que nous recherchons"},{"@type":"BreadcrumbList","@id":"https:\/\/www.argonandco.com\/fr\/carrieres\/les-profils-que-nous-recherchons\/#breadcrumb","itemListElement":[{"@type":"ListItem","position":1,"name":"Home","item":"https:\/\/www.argonandco.com\/fr\/"},{"@type":"ListItem","position":2,"name":"Carri\u00e8res","item":"https:\/\/www.argonandco.com\/fr\/carrieres\/"},{"@type":"ListItem","position":3,"name":"Les profils que nous recherchons"}]},{"@type":"WebSite","@id":"https:\/\/www.argonandco.com\/fr\/#website","url":"https:\/\/www.argonandco.com\/fr\/","name":"Argon &amp; Co","description":"We help clients achieve their strategic and operational objectives, working together to transform their businesses and generate real change.","potentialAction":[{"@type":"SearchAction","target":{"@type":"EntryPoint","urlTemplate":"https:\/\/www.argonandco.com\/fr\/?s={search_term_string}"},"query-input":{"@type":"PropertyValueSpecification","valueRequired":true,"valueName":"search_term_string"}}],"inLanguage":"fr-FR"}]}},"_links":{"self":[{"href":"https:\/\/www.argonandco.com\/fr\/wp-json\/wp\/v2\/pages\/3603","targetHints":{"allow":["GET"]}}],"collection":[{"href":"https:\/\/www.argonandco.com\/fr\/wp-json\/wp\/v2\/pages"}],"about":[{"href":"https:\/\/www.argonandco.com\/fr\/wp-json\/wp\/v2\/types\/page"}],"author":[{"embeddable":true,"href":"https:\/\/www.argonandco.com\/fr\/wp-json\/wp\/v2\/users\/1"}],"replies":[{"embeddable":true,"href":"https:\/\/www.argonandco.com\/fr\/wp-json\/wp\/v2\/comments?post=3603"}],"version-history":[{"count":0,"href":"https:\/\/www.argonandco.com\/fr\/wp-json\/wp\/v2\/pages\/3603\/revisions"}],"up":[{"embeddable":true,"href":"https:\/\/www.argonandco.com\/fr\/wp-json\/wp\/v2\/pages\/1821"}],"wp:featuredmedia":[{"embeddable":true,"href":"https:\/\/www.argonandco.com\/fr\/wp-json\/wp\/v2\/media\/36179"}],"wp:attachment":[{"href":"https:\/\/www.argonandco.com\/fr\/wp-json\/wp\/v2\/media?parent=3603"}],"curies":[{"name":"wp","href":"https:\/\/api.w.org\/{rel}","templated":true}]}}