{"id":3007,"date":"2019-12-23T15:23:57","date_gmt":"2019-12-23T15:23:57","guid":{"rendered":"https:\/\/www.argonandco.com\/?page_id=3007"},"modified":"2020-01-13T13:50:50","modified_gmt":"2020-01-13T13:50:50","slug":"digital-manufacturing","status":"publish","type":"page","link":"https:\/\/www.argonandco.com\/fr\/expertises\/manufacturing\/digital-manufacturing\/","title":{"rendered":"Digital manufacturing"},"content":{"rendered":"<h2>Contexte et d\u00e9fis<\/h2>\n<p><span class=\"intro\">Sur le plan mat\u00e9riel comme sur le plan logiciel, les nouveaux outils technologiques offrent de grandes perspectives de performance pour les entreprises. Elles sont \u00e9galement porteuses de mutations au sein des organisation, tout particuli\u00e8rement dans la cha\u00eene de production. Avec le digital manufacturing, l\u2019ensemble du processus de conception, de fabrication et de pilotage de la production devient enti\u00e8rement num\u00e9ris\u00e9. L\u2019industrie 4.0 repose notamment sur des op\u00e9rations et des \u00e9quipements intelligents et connect\u00e9s, offrant un gisement de productivit\u00e9, de r\u00e9duction des co\u00fbts et de comp\u00e9titivit\u00e9.<\/span><\/p>\n<p>Pour les entreprises, l\u2019enjeu majeur r\u00e9side dans l\u2019identification des innovations technologiques \u00e0 m\u00eame d\u2019apporter une r\u00e9ponse concr\u00e8te aux 6 d\u00e9fis de la production:<\/p>\n<ul>\n<li>cr\u00e9er de la valeur et r\u00e9duire l\u2019occurrence de non -qualit\u00e9;<\/li>\n<li>augmenter la productivit\u00e9,<\/li>\n<li>am\u00e9liorer la disponibilit\u00e9 des actifs,<\/li>\n<li>optimiser les capacit\u00e9s de production,<\/li>\n<li>r\u00e9duire les temps de d\u00e9veloppement et raccourcir les cycles,<\/li>\n<li>r\u00e9duire les stocks.<\/li>\n<\/ul>\n<p>Face \u00e0 une offre technologique pl\u00e9thorique dans un contexte mondial de course \u00e0 l\u2019innovation, il est essentiel pour les industriels de donner du sens et de hi\u00e9rarchiser les initiatives \u00e0 mener. Cela suppose une compr\u00e9hension profonde de ces innovations. Savoir les relier aux modes de fonctionnement op\u00e9rationnels permet aux industriels de guider leurs choix strat\u00e9giques et de mieux piloter leur mise en \u0153uvre sur le terrain.<\/p>\n<h2>Notre approche<\/h2>\n<p>Pour relever ces d\u00e9fis, Argon &amp; Co s\u2019appuie sur des outils sp\u00e9cifiques d\u00e9velopp\u00e9s gr\u00e2ce \u00e0 son exp\u00e9rience op\u00e9rationnelle. Nous accompagnons les industriels dans les phases amont de d\u00e9finition de la strat\u00e9gie digitale comme dans des phases plus op\u00e9rationnelles d\u2019\u00e9valuation de maturit\u00e9 ou d\u2019accompagnement dans la mise en \u0153uvre.<\/p>\n<p>Nous avons ainsi men\u00e9 des projets de digital process control, de maintenance pr\u00e9dictive, de paperless factory ou de d\u00e9mat\u00e9rialisation de process (de maintenance, par exemple). Sur chacun de ces projets, nous avons \u00e9t\u00e9 en mesure d\u2019apporter une r\u00e9ponse technologique concr\u00e8te en nous appuyant sur notre r\u00e9seau de start-up ou en d\u00e9veloppant des solutions sur mesure gr\u00e2ce \u00e0 notre digital factory.<\/p>\n<p>Attach\u00e9s \u00e0 apporter des solutions concr\u00e8tes et pragmatiques \u00e0 nos clients, nous d\u00e9veloppons une expertise cibl\u00e9e sur plusieurs verticales technologiques, avec un impact concret sur la performance des op\u00e9rations.<\/p>\n","protected":false},"excerpt":{"rendered":"<p>Contexte et d\u00e9fis Sur le plan mat\u00e9riel comme sur le plan logiciel, les nouveaux outils technologiques offrent de grandes perspectives de performance pour les entreprises. Elles sont \u00e9galement porteuses de mutations au sein des organisation, tout particuli\u00e8rement dans la cha\u00eene de production. Avec le digital manufacturing, l\u2019ensemble du processus de conception, de fabrication et de [&hellip;]<\/p>\n","protected":false},"author":1,"featured_media":0,"parent":2994,"menu_order":10,"comment_status":"closed","ping_status":"closed","template":"","meta":{"_acf_changed":false,"footnotes":""},"class_list":["post-3007","page","type-page","status-publish","hentry"],"acf":[],"yoast_head":"<!-- This site is optimized with the Yoast SEO plugin v27.4 - https:\/\/yoast.com\/product\/yoast-seo-wordpress\/ -->\n<title>Digital manufacturing - Argon &amp; Co<\/title>\n<meta name=\"robots\" content=\"index, follow, max-snippet:-1, max-image-preview:large, max-video-preview:-1\" \/>\n<link rel=\"canonical\" href=\"https:\/\/www.argonandco.com\/fr\/expertises\/manufacturing\/digital-manufacturing\/\" \/>\n<meta property=\"og:locale\" content=\"fr_FR\" \/>\n<meta property=\"og:type\" content=\"article\" \/>\n<meta property=\"og:title\" content=\"Digital manufacturing - Argon &amp; Co\" \/>\n<meta property=\"og:description\" content=\"Contexte et d\u00e9fis Sur le plan mat\u00e9riel comme sur le plan logiciel, les nouveaux outils technologiques offrent de grandes perspectives de performance pour les entreprises. Elles sont \u00e9galement porteuses de mutations au sein des organisation, tout particuli\u00e8rement dans la cha\u00eene de production. Avec le digital manufacturing, l\u2019ensemble du processus de conception, de fabrication et de [&hellip;]\" \/>\n<meta property=\"og:url\" content=\"https:\/\/www.argonandco.com\/fr\/expertises\/manufacturing\/digital-manufacturing\/\" \/>\n<meta property=\"og:site_name\" content=\"Argon &amp; Co\" \/>\n<meta property=\"article:modified_time\" content=\"2020-01-13T13:50:50+00:00\" \/>\n<meta name=\"twitter:card\" content=\"summary_large_image\" \/>\n<meta name=\"twitter:label1\" content=\"Dur\u00e9e de lecture estim\u00e9e\" \/>\n\t<meta name=\"twitter:data1\" content=\"2 minutes\" \/>\n<script type=\"application\/ld+json\" class=\"yoast-schema-graph\">{\"@context\":\"https:\\\/\\\/schema.org\",\"@graph\":[{\"@type\":\"WebPage\",\"@id\":\"https:\\\/\\\/www.argonandco.com\\\/fr\\\/expertises\\\/manufacturing\\\/digital-manufacturing\\\/\",\"url\":\"https:\\\/\\\/www.argonandco.com\\\/fr\\\/expertises\\\/manufacturing\\\/digital-manufacturing\\\/\",\"name\":\"Digital manufacturing - Argon &amp; Co\",\"isPartOf\":{\"@id\":\"https:\\\/\\\/www.argonandco.com\\\/fr\\\/#website\"},\"datePublished\":\"2019-12-23T15:23:57+00:00\",\"dateModified\":\"2020-01-13T13:50:50+00:00\",\"breadcrumb\":{\"@id\":\"https:\\\/\\\/www.argonandco.com\\\/fr\\\/expertises\\\/manufacturing\\\/digital-manufacturing\\\/#breadcrumb\"},\"inLanguage\":\"fr-FR\",\"potentialAction\":[{\"@type\":\"ReadAction\",\"target\":[\"https:\\\/\\\/www.argonandco.com\\\/fr\\\/expertises\\\/manufacturing\\\/digital-manufacturing\\\/\"]}]},{\"@type\":\"BreadcrumbList\",\"@id\":\"https:\\\/\\\/www.argonandco.com\\\/fr\\\/expertises\\\/manufacturing\\\/digital-manufacturing\\\/#breadcrumb\",\"itemListElement\":[{\"@type\":\"ListItem\",\"position\":1,\"name\":\"Home\",\"item\":\"https:\\\/\\\/www.argonandco.com\\\/fr\\\/\"},{\"@type\":\"ListItem\",\"position\":2,\"name\":\"Expertises\",\"item\":\"https:\\\/\\\/www.argonandco.com\\\/fr\\\/expertises\\\/\"},{\"@type\":\"ListItem\",\"position\":3,\"name\":\"Manufacturing\",\"item\":\"https:\\\/\\\/www.argonandco.com\\\/fr\\\/expertises\\\/manufacturing\\\/\"},{\"@type\":\"ListItem\",\"position\":4,\"name\":\"Digital manufacturing\"}]},{\"@type\":\"WebSite\",\"@id\":\"https:\\\/\\\/www.argonandco.com\\\/fr\\\/#website\",\"url\":\"https:\\\/\\\/www.argonandco.com\\\/fr\\\/\",\"name\":\"Argon &amp; Co\",\"description\":\"We help clients achieve their strategic and operational objectives, working together to transform their businesses and generate real change.\",\"potentialAction\":[{\"@type\":\"SearchAction\",\"target\":{\"@type\":\"EntryPoint\",\"urlTemplate\":\"https:\\\/\\\/www.argonandco.com\\\/fr\\\/?s={search_term_string}\"},\"query-input\":{\"@type\":\"PropertyValueSpecification\",\"valueRequired\":true,\"valueName\":\"search_term_string\"}}],\"inLanguage\":\"fr-FR\"}]}<\/script>\n<!-- \/ Yoast SEO plugin. -->","yoast_head_json":{"title":"Digital manufacturing - Argon &amp; Co","robots":{"index":"index","follow":"follow","max-snippet":"max-snippet:-1","max-image-preview":"max-image-preview:large","max-video-preview":"max-video-preview:-1"},"canonical":"https:\/\/www.argonandco.com\/fr\/expertises\/manufacturing\/digital-manufacturing\/","og_locale":"fr_FR","og_type":"article","og_title":"Digital manufacturing - Argon &amp; Co","og_description":"Contexte et d\u00e9fis Sur le plan mat\u00e9riel comme sur le plan logiciel, les nouveaux outils technologiques offrent de grandes perspectives de performance pour les entreprises. Elles sont \u00e9galement porteuses de mutations au sein des organisation, tout particuli\u00e8rement dans la cha\u00eene de production. Avec le digital manufacturing, l\u2019ensemble du processus de conception, de fabrication et de [&hellip;]","og_url":"https:\/\/www.argonandco.com\/fr\/expertises\/manufacturing\/digital-manufacturing\/","og_site_name":"Argon &amp; Co","article_modified_time":"2020-01-13T13:50:50+00:00","twitter_card":"summary_large_image","twitter_misc":{"Dur\u00e9e de lecture estim\u00e9e":"2 minutes"},"schema":{"@context":"https:\/\/schema.org","@graph":[{"@type":"WebPage","@id":"https:\/\/www.argonandco.com\/fr\/expertises\/manufacturing\/digital-manufacturing\/","url":"https:\/\/www.argonandco.com\/fr\/expertises\/manufacturing\/digital-manufacturing\/","name":"Digital manufacturing - Argon &amp; Co","isPartOf":{"@id":"https:\/\/www.argonandco.com\/fr\/#website"},"datePublished":"2019-12-23T15:23:57+00:00","dateModified":"2020-01-13T13:50:50+00:00","breadcrumb":{"@id":"https:\/\/www.argonandco.com\/fr\/expertises\/manufacturing\/digital-manufacturing\/#breadcrumb"},"inLanguage":"fr-FR","potentialAction":[{"@type":"ReadAction","target":["https:\/\/www.argonandco.com\/fr\/expertises\/manufacturing\/digital-manufacturing\/"]}]},{"@type":"BreadcrumbList","@id":"https:\/\/www.argonandco.com\/fr\/expertises\/manufacturing\/digital-manufacturing\/#breadcrumb","itemListElement":[{"@type":"ListItem","position":1,"name":"Home","item":"https:\/\/www.argonandco.com\/fr\/"},{"@type":"ListItem","position":2,"name":"Expertises","item":"https:\/\/www.argonandco.com\/fr\/expertises\/"},{"@type":"ListItem","position":3,"name":"Manufacturing","item":"https:\/\/www.argonandco.com\/fr\/expertises\/manufacturing\/"},{"@type":"ListItem","position":4,"name":"Digital manufacturing"}]},{"@type":"WebSite","@id":"https:\/\/www.argonandco.com\/fr\/#website","url":"https:\/\/www.argonandco.com\/fr\/","name":"Argon &amp; Co","description":"We help clients achieve their strategic and operational objectives, working together to transform their businesses and generate real change.","potentialAction":[{"@type":"SearchAction","target":{"@type":"EntryPoint","urlTemplate":"https:\/\/www.argonandco.com\/fr\/?s={search_term_string}"},"query-input":{"@type":"PropertyValueSpecification","valueRequired":true,"valueName":"search_term_string"}}],"inLanguage":"fr-FR"}]}},"_links":{"self":[{"href":"https:\/\/www.argonandco.com\/fr\/wp-json\/wp\/v2\/pages\/3007","targetHints":{"allow":["GET"]}}],"collection":[{"href":"https:\/\/www.argonandco.com\/fr\/wp-json\/wp\/v2\/pages"}],"about":[{"href":"https:\/\/www.argonandco.com\/fr\/wp-json\/wp\/v2\/types\/page"}],"author":[{"embeddable":true,"href":"https:\/\/www.argonandco.com\/fr\/wp-json\/wp\/v2\/users\/1"}],"replies":[{"embeddable":true,"href":"https:\/\/www.argonandco.com\/fr\/wp-json\/wp\/v2\/comments?post=3007"}],"version-history":[{"count":0,"href":"https:\/\/www.argonandco.com\/fr\/wp-json\/wp\/v2\/pages\/3007\/revisions"}],"up":[{"embeddable":true,"href":"https:\/\/www.argonandco.com\/fr\/wp-json\/wp\/v2\/pages\/2994"}],"wp:attachment":[{"href":"https:\/\/www.argonandco.com\/fr\/wp-json\/wp\/v2\/media?parent=3007"}],"curies":[{"name":"wp","href":"https:\/\/api.w.org\/{rel}","templated":true}]}}