{"id":2994,"date":"2019-12-23T14:56:12","date_gmt":"2019-12-23T14:56:12","guid":{"rendered":"https:\/\/www.argonandco.com\/?page_id=2994"},"modified":"2024-12-16T10:50:21","modified_gmt":"2024-12-16T10:50:21","slug":"manufacturing","status":"publish","type":"page","link":"https:\/\/www.argonandco.com\/fr\/expertises\/manufacturing\/","title":{"rendered":"Manufacturing"},"content":{"rendered":"<h2>Un processus de Manufacturing en plein bouleversement<\/h2>\n<p>Trois grands axes sont \u00a0aujourd\u2019hui au c\u0153ur des probl\u00e9matiques industrielles\u00a0:<\/p>\n<ul>\n<li>la production,<\/li>\n<li>la maintenance Industrielle,<\/li>\n<li>la gestion de la Qualit\u00e9 et des Process.<\/li>\n<\/ul>\n<p>\u00c0 ce titre, toutes ces dimensions (que nous appelons commun\u00e9ment Manufacturing) sont boulevers\u00e9es par les \u00e9volutions de march\u00e9, les changements soci\u00e9taux et les ruptures technologiques.<\/p>\n<p>C\u2019est pourquoi, il est essentiel de donner une vision claire, solide et document\u00e9e \u00e0 tous ceux qui souhaitent ajuster leur mod\u00e8le de production \u00e0 leurs enjeux business.<\/p>\n<h2>L\u2019excellence op\u00e9rationnelle en six sujets prioritaires<\/h2>\n<p>Aujourd\u2019hui, six grands sujets nous semblent \u00eatre prioritaires. Nos consultants en Manufacturing y apportent des r\u00e9ponses en assistant les Industriels aussi bien dans les phases amont de diagnostic que dans la mise en \u0153uvre des feuilles de route\u00a0:<\/p>\n<ul>\n<li>refonte de dispositifs industriels (et logistiques),<\/li>\n<li>strat\u00e9gie Make or Buy,<\/li>\n<li>optimisation de performance,<\/li>\n<li>mise en place de fili\u00e8res d\u2019excellence,<\/li>\n<li>am\u00e9lioration de l\u2019agilit\u00e9,<\/li>\n<li>et bien s\u00fbr la transformation digitale.<\/li>\n<\/ul>\n<p>Gr\u00e2ce \u00e0 de solides exp\u00e9riences op\u00e9rationnelles, nos consultants s\u2019appuient sur des savoir-faire \u00e9prouv\u00e9s, qui combinent\u00a0:<\/p>\n<ul>\n<li>une forte capacit\u00e9 analytique,<\/li>\n<li>la volont\u00e9 de proposer des recommandations pragmatiques (et op\u00e9rables)<\/li>\n<li>et des techniques d\u2019embarquement pour vos \u00e9quipes.<\/li>\n<\/ul>\n<h2>Comment relever les d\u00e9fis du Manufacturing ?<\/h2>\n<p>Notre \u00e9quipe de consultants en Manufacturing accompagne ses clients dans leurs transformations et leur fournit des r\u00e9sultats tangibles.<\/p>\n<p>Nous analysons en profondeur les probl\u00e8mes pour en identifier la cause en appliquant m\u00e9thode et discernement. Nous combinons exp\u00e9rience op\u00e9rationnelle et expertise technique et sectorielle pour aider nos clients \u00e0 r\u00e9soudre leurs probl\u00e9matiques de Manufacturing et Excellence op\u00e9rationnelle.<\/p>\n<p>Notre approche r\u00e9solument collaborative garantit l&rsquo;adh\u00e9sion \u00e0 tous les niveaux de l&rsquo;entreprise de nos clients pour un r\u00e9sultat p\u00e9renne. Pour en savoir plus sur nous, <a href=\"https:\/\/www.argonandco.com\/fr\/a-propos\/\">cliquez ici<\/a>.<\/p>\n<p>Consultez la barre de navigation en haut de page pour plus de d\u00e9tails sur une s\u00e9lection de d\u00e9fis du Manufacturing et de l\u2019 Excellence op\u00e9rationnelle.sur lesquels notre cabinet de conseil travaille r\u00e9guli\u00e8rement.<\/p>\n","protected":false},"excerpt":{"rendered":"<p>Un processus de Manufacturing en plein bouleversement Trois grands axes sont \u00a0aujourd\u2019hui au c\u0153ur des probl\u00e9matiques industrielles\u00a0: la production, la maintenance Industrielle, la gestion de la Qualit\u00e9 et des Process. \u00c0 ce titre, toutes ces dimensions (que nous appelons commun\u00e9ment Manufacturing) sont boulevers\u00e9es par les \u00e9volutions de march\u00e9, les changements soci\u00e9taux et les ruptures technologiques. [&hellip;]<\/p>\n","protected":false},"author":1,"featured_media":0,"parent":1372,"menu_order":10,"comment_status":"closed","ping_status":"closed","template":"","meta":{"_acf_changed":false,"footnotes":""},"class_list":["post-2994","page","type-page","status-publish","hentry"],"acf":[],"yoast_head":"<!-- This site is optimized with the Yoast SEO plugin v27.5 - https:\/\/yoast.com\/product\/yoast-seo-wordpress\/ -->\n<title>Conseil En Manufacturing | Cabinet De Conseil | Argon &amp; Co<\/title>\n<meta name=\"description\" content=\"Argon &amp; Co accompagne ses clients dans chacune des \u00e9tapes-cl\u00e9s de l\u2019\u00e9laboration de leur strat\u00e9gie industrielle.\" \/>\n<meta name=\"robots\" content=\"index, follow, max-snippet:-1, max-image-preview:large, max-video-preview:-1\" \/>\n<link rel=\"canonical\" href=\"https:\/\/www.argonandco.com\/fr\/expertises\/manufacturing\/\" \/>\n<meta property=\"og:locale\" content=\"fr_FR\" \/>\n<meta property=\"og:type\" content=\"article\" \/>\n<meta property=\"og:title\" content=\"Conseil En Manufacturing | Cabinet De Conseil | Argon &amp; Co\" \/>\n<meta property=\"og:description\" content=\"Argon &amp; Co accompagne ses clients dans chacune des \u00e9tapes-cl\u00e9s de l\u2019\u00e9laboration de leur strat\u00e9gie industrielle.\" \/>\n<meta property=\"og:url\" content=\"https:\/\/www.argonandco.com\/fr\/expertises\/manufacturing\/\" \/>\n<meta property=\"og:site_name\" content=\"Argon &amp; Co\" \/>\n<meta property=\"article:modified_time\" content=\"2024-12-16T10:50:21+00:00\" \/>\n<meta name=\"twitter:card\" content=\"summary_large_image\" \/>\n<meta name=\"twitter:label1\" content=\"Dur\u00e9e de lecture estim\u00e9e\" \/>\n\t<meta name=\"twitter:data1\" content=\"2 minutes\" \/>\n<script type=\"application\/ld+json\" class=\"yoast-schema-graph\">{\"@context\":\"https:\\\/\\\/schema.org\",\"@graph\":[{\"@type\":\"WebPage\",\"@id\":\"https:\\\/\\\/www.argonandco.com\\\/fr\\\/expertises\\\/manufacturing\\\/\",\"url\":\"https:\\\/\\\/www.argonandco.com\\\/fr\\\/expertises\\\/manufacturing\\\/\",\"name\":\"Conseil En Manufacturing | Cabinet De Conseil | Argon & Co\",\"isPartOf\":{\"@id\":\"https:\\\/\\\/www.argonandco.com\\\/fr\\\/#website\"},\"datePublished\":\"2019-12-23T14:56:12+00:00\",\"dateModified\":\"2024-12-16T10:50:21+00:00\",\"description\":\"Argon & Co accompagne ses clients dans chacune des \u00e9tapes-cl\u00e9s de l\u2019\u00e9laboration de leur strat\u00e9gie industrielle.\",\"breadcrumb\":{\"@id\":\"https:\\\/\\\/www.argonandco.com\\\/fr\\\/expertises\\\/manufacturing\\\/#breadcrumb\"},\"inLanguage\":\"fr-FR\",\"potentialAction\":[{\"@type\":\"ReadAction\",\"target\":[\"https:\\\/\\\/www.argonandco.com\\\/fr\\\/expertises\\\/manufacturing\\\/\"]}]},{\"@type\":\"BreadcrumbList\",\"@id\":\"https:\\\/\\\/www.argonandco.com\\\/fr\\\/expertises\\\/manufacturing\\\/#breadcrumb\",\"itemListElement\":[{\"@type\":\"ListItem\",\"position\":1,\"name\":\"Home\",\"item\":\"https:\\\/\\\/www.argonandco.com\\\/fr\\\/\"},{\"@type\":\"ListItem\",\"position\":2,\"name\":\"Expertises\",\"item\":\"https:\\\/\\\/www.argonandco.com\\\/fr\\\/expertises\\\/\"},{\"@type\":\"ListItem\",\"position\":3,\"name\":\"Manufacturing\"}]},{\"@type\":\"WebSite\",\"@id\":\"https:\\\/\\\/www.argonandco.com\\\/fr\\\/#website\",\"url\":\"https:\\\/\\\/www.argonandco.com\\\/fr\\\/\",\"name\":\"Argon &amp; Co\",\"description\":\"We help clients achieve their strategic and operational objectives, working together to transform their businesses and generate real change.\",\"potentialAction\":[{\"@type\":\"SearchAction\",\"target\":{\"@type\":\"EntryPoint\",\"urlTemplate\":\"https:\\\/\\\/www.argonandco.com\\\/fr\\\/?s={search_term_string}\"},\"query-input\":{\"@type\":\"PropertyValueSpecification\",\"valueRequired\":true,\"valueName\":\"search_term_string\"}}],\"inLanguage\":\"fr-FR\"}]}<\/script>\n<!-- \/ Yoast SEO plugin. -->","yoast_head_json":{"title":"Conseil En Manufacturing | Cabinet De Conseil | Argon & Co","description":"Argon & Co accompagne ses clients dans chacune des \u00e9tapes-cl\u00e9s de l\u2019\u00e9laboration de leur strat\u00e9gie industrielle.","robots":{"index":"index","follow":"follow","max-snippet":"max-snippet:-1","max-image-preview":"max-image-preview:large","max-video-preview":"max-video-preview:-1"},"canonical":"https:\/\/www.argonandco.com\/fr\/expertises\/manufacturing\/","og_locale":"fr_FR","og_type":"article","og_title":"Conseil En Manufacturing | Cabinet De Conseil | Argon & Co","og_description":"Argon & Co accompagne ses clients dans chacune des \u00e9tapes-cl\u00e9s de l\u2019\u00e9laboration de leur strat\u00e9gie industrielle.","og_url":"https:\/\/www.argonandco.com\/fr\/expertises\/manufacturing\/","og_site_name":"Argon &amp; Co","article_modified_time":"2024-12-16T10:50:21+00:00","twitter_card":"summary_large_image","twitter_misc":{"Dur\u00e9e de lecture estim\u00e9e":"2 minutes"},"schema":{"@context":"https:\/\/schema.org","@graph":[{"@type":"WebPage","@id":"https:\/\/www.argonandco.com\/fr\/expertises\/manufacturing\/","url":"https:\/\/www.argonandco.com\/fr\/expertises\/manufacturing\/","name":"Conseil En Manufacturing | Cabinet De Conseil | Argon & Co","isPartOf":{"@id":"https:\/\/www.argonandco.com\/fr\/#website"},"datePublished":"2019-12-23T14:56:12+00:00","dateModified":"2024-12-16T10:50:21+00:00","description":"Argon & Co accompagne ses clients dans chacune des \u00e9tapes-cl\u00e9s de l\u2019\u00e9laboration de leur strat\u00e9gie industrielle.","breadcrumb":{"@id":"https:\/\/www.argonandco.com\/fr\/expertises\/manufacturing\/#breadcrumb"},"inLanguage":"fr-FR","potentialAction":[{"@type":"ReadAction","target":["https:\/\/www.argonandco.com\/fr\/expertises\/manufacturing\/"]}]},{"@type":"BreadcrumbList","@id":"https:\/\/www.argonandco.com\/fr\/expertises\/manufacturing\/#breadcrumb","itemListElement":[{"@type":"ListItem","position":1,"name":"Home","item":"https:\/\/www.argonandco.com\/fr\/"},{"@type":"ListItem","position":2,"name":"Expertises","item":"https:\/\/www.argonandco.com\/fr\/expertises\/"},{"@type":"ListItem","position":3,"name":"Manufacturing"}]},{"@type":"WebSite","@id":"https:\/\/www.argonandco.com\/fr\/#website","url":"https:\/\/www.argonandco.com\/fr\/","name":"Argon &amp; Co","description":"We help clients achieve their strategic and operational objectives, working together to transform their businesses and generate real change.","potentialAction":[{"@type":"SearchAction","target":{"@type":"EntryPoint","urlTemplate":"https:\/\/www.argonandco.com\/fr\/?s={search_term_string}"},"query-input":{"@type":"PropertyValueSpecification","valueRequired":true,"valueName":"search_term_string"}}],"inLanguage":"fr-FR"}]}},"_links":{"self":[{"href":"https:\/\/www.argonandco.com\/fr\/wp-json\/wp\/v2\/pages\/2994","targetHints":{"allow":["GET"]}}],"collection":[{"href":"https:\/\/www.argonandco.com\/fr\/wp-json\/wp\/v2\/pages"}],"about":[{"href":"https:\/\/www.argonandco.com\/fr\/wp-json\/wp\/v2\/types\/page"}],"author":[{"embeddable":true,"href":"https:\/\/www.argonandco.com\/fr\/wp-json\/wp\/v2\/users\/1"}],"replies":[{"embeddable":true,"href":"https:\/\/www.argonandco.com\/fr\/wp-json\/wp\/v2\/comments?post=2994"}],"version-history":[{"count":0,"href":"https:\/\/www.argonandco.com\/fr\/wp-json\/wp\/v2\/pages\/2994\/revisions"}],"up":[{"embeddable":true,"href":"https:\/\/www.argonandco.com\/fr\/wp-json\/wp\/v2\/pages\/1372"}],"wp:attachment":[{"href":"https:\/\/www.argonandco.com\/fr\/wp-json\/wp\/v2\/media?parent=2994"}],"curies":[{"name":"wp","href":"https:\/\/api.w.org\/{rel}","templated":true}]}}