{"id":26717,"date":"2024-03-06T13:43:44","date_gmt":"2024-03-06T13:43:44","guid":{"rendered":"https:\/\/www.argonandco.com\/?page_id=26717"},"modified":"2024-03-06T13:43:44","modified_gmt":"2024-03-06T13:43:44","slug":"analytics-avances-pour-les-operations","status":"publish","type":"page","link":"https:\/\/www.argonandco.com\/fr\/expertises\/data-et-ia\/analytics-avances-pour-les-operations\/","title":{"rendered":"Analytics avanc\u00e9s pour les op\u00e9rations"},"content":{"rendered":"<h2>Contexte et d\u00e9fis<\/h2>\n<p class=\"p1\"><span class=\"intro\">Les organisations sont soumises \u00e0 une pression croissante pour am\u00e9liorer l\u2019efficacit\u00e9 et optimiser leurs op\u00e9rations. Ces derni\u00e8res ann\u00e9es les techniques d\u2019Analytics\u00a0avanc\u00e9s sont devenus l\u2019un des outils les plus puissants pour extraire des\u00a0donn\u00e9es en masse et les faire parler, permettant aux entreprises de prendre des d\u00e9cisions data-driven\u00a0et d\u2019am\u00e9liorer ainsi leur efficacit\u00e9 op\u00e9rationnelle.<br \/>\n<\/span><\/p>\n<p class=\"p1\">Les Analytics\u00a0avanc\u00e9s\u00a0s&rsquo;accompagnent\u00a0toutefois de leur lot de d\u00e9fis. Comment les donn\u00e9es peuvent-elles \u00eatre exploit\u00e9es pour optimiser les op\u00e9rations ? Quelles sont les techniques d&rsquo;analyse les mieux adapt\u00e9es aux besoins de l&rsquo;entreprise ? Quels sont les moyens pour les int\u00e9grer de mani\u00e8re transparente dans les processus existants? Comment tirer parti de la richesse de donn\u00e9es g\u00e9r\u00e9es en silo par fonction?<\/p>\n<p>M\u00eame s&rsquo;il est possible de r\u00e9pondre \u00e0 ces questions, d\u00e9couvrir les facteurs cach\u00e9s des probl\u00e8mes op\u00e9rationnels et relier les points de donn\u00e9es en amont et en aval peut constituer un d\u00e9fi de taille en soi. Cela n\u00e9cessite une compr\u00e9hension approfondie des op\u00e9rations et une forte exp\u00e9rience de la gestion de l&rsquo;ensemble de la cha\u00eene de valeur m\u00e9tier et Data.<\/p>\n<h2>Notre approche<\/h2>\n<p>Notre palette d&rsquo;offres de service est compl\u00e8te et con\u00e7ue pour aider nos clients \u00e0 tirer parti des Analytics\u00a0avanc\u00e9s. Elle est\u00a0destin\u00e9e \u00e0\u00a0 optimiser la performance des op\u00e9rations. Notre\u00a0exp\u00e9rience op\u00e9rationnelle\u00a0concerne toute la chaine de valeurs et couvre l&rsquo; ensemble des \u00e9l\u00e9ments suivants:<\/p>\n<ul>\n<li><strong>Analyse des causes racine<\/strong> : D\u00e9couvrir les facteurs implicites qui ont un impact sur les performances en analysant les donn\u00e9es op\u00e9rationnelles<\/li>\n<li><strong>Optimisation de la cha\u00eene de valeur<\/strong> : Mesurer la performance tout au long de la cha\u00eene de valeur pour rationaliser les processus et am\u00e9liorer l\u2019efficacit\u00e9<\/li>\n<li><strong>Prise de d\u00e9cision Data-driven<\/strong> : Connecter les donn\u00e9es op\u00e9rationnelles aux indicateurs cl\u00e9s de performance (KPI) pour une prise de d\u00e9cision \u00e9clair\u00e9e et une am\u00e9lioration continue<\/li>\n<li><strong>Approche collaborative<\/strong> : \u00c9limination des silos et connections des donn\u00e9es entre les fonctions pour une collaboration transparente et une efficacit\u00e9 accrue<\/li>\n<li><strong>Suivi des performances<\/strong> : D\u00e9veloppement\u00a0\u00a0des tableaux de bord en temps r\u00e9el pour suivre les m\u00e9triques de performance, identifier les \u00e9carts et r\u00e9soudre rapidement les probl\u00e8mes op\u00e9rationnels<\/li>\n<\/ul>\n<p>Nos services d\u2019Analytics avanc\u00e9s aident nos clients \u00e0 optimiser leurs op\u00e9rations et atteindre une efficacit\u00e9 de bout en bout. Nous travaillons avec nos clients pour d\u00e9couvrir le potentiel cach\u00e9 de leur organisation et assurer un succ\u00e8s durable.<\/p>\n","protected":false},"excerpt":{"rendered":"<p>Contexte et d\u00e9fis Les organisations sont soumises \u00e0 une pression croissante pour am\u00e9liorer l\u2019efficacit\u00e9 et optimiser leurs op\u00e9rations. Ces derni\u00e8res ann\u00e9es les techniques d\u2019Analytics\u00a0avanc\u00e9s sont devenus l\u2019un des outils les plus puissants pour extraire des\u00a0donn\u00e9es en masse et les faire parler, permettant aux entreprises de prendre des d\u00e9cisions data-driven\u00a0et d\u2019am\u00e9liorer ainsi leur efficacit\u00e9 op\u00e9rationnelle. Les [&hellip;]<\/p>\n","protected":false},"author":1,"featured_media":0,"parent":26706,"menu_order":117,"comment_status":"closed","ping_status":"closed","template":"","meta":{"_acf_changed":false,"footnotes":""},"class_list":["post-26717","page","type-page","status-publish","hentry"],"acf":[],"yoast_head":"<!-- This site is optimized with the Yoast SEO plugin v27.4 - https:\/\/yoast.com\/product\/yoast-seo-wordpress\/ -->\n<title>Analytics avanc\u00e9s pour les op\u00e9rations - Argon &amp; Co<\/title>\n<meta name=\"robots\" content=\"index, follow, max-snippet:-1, max-image-preview:large, max-video-preview:-1\" \/>\n<link rel=\"canonical\" href=\"https:\/\/www.argonandco.com\/fr\/expertises\/data-et-ia\/analytics-avances-pour-les-operations\/\" \/>\n<meta property=\"og:locale\" content=\"fr_FR\" \/>\n<meta property=\"og:type\" content=\"article\" \/>\n<meta property=\"og:title\" content=\"Analytics avanc\u00e9s pour les op\u00e9rations - Argon &amp; Co\" \/>\n<meta property=\"og:description\" content=\"Contexte et d\u00e9fis Les organisations sont soumises \u00e0 une pression croissante pour am\u00e9liorer l\u2019efficacit\u00e9 et optimiser leurs op\u00e9rations. Ces derni\u00e8res ann\u00e9es les techniques d\u2019Analytics\u00a0avanc\u00e9s sont devenus l\u2019un des outils les plus puissants pour extraire des\u00a0donn\u00e9es en masse et les faire parler, permettant aux entreprises de prendre des d\u00e9cisions data-driven\u00a0et d\u2019am\u00e9liorer ainsi leur efficacit\u00e9 op\u00e9rationnelle. Les [&hellip;]\" \/>\n<meta property=\"og:url\" content=\"https:\/\/www.argonandco.com\/fr\/expertises\/data-et-ia\/analytics-avances-pour-les-operations\/\" \/>\n<meta property=\"og:site_name\" content=\"Argon &amp; Co\" \/>\n<meta name=\"twitter:card\" content=\"summary_large_image\" \/>\n<meta name=\"twitter:label1\" content=\"Dur\u00e9e de lecture estim\u00e9e\" \/>\n\t<meta name=\"twitter:data1\" content=\"2 minutes\" \/>\n<script type=\"application\/ld+json\" class=\"yoast-schema-graph\">{\"@context\":\"https:\\\/\\\/schema.org\",\"@graph\":[{\"@type\":\"WebPage\",\"@id\":\"https:\\\/\\\/www.argonandco.com\\\/fr\\\/expertises\\\/data-et-ia\\\/analytics-avances-pour-les-operations\\\/\",\"url\":\"https:\\\/\\\/www.argonandco.com\\\/fr\\\/expertises\\\/data-et-ia\\\/analytics-avances-pour-les-operations\\\/\",\"name\":\"Analytics avanc\u00e9s pour les op\u00e9rations - Argon &amp; Co\",\"isPartOf\":{\"@id\":\"https:\\\/\\\/www.argonandco.com\\\/fr\\\/#website\"},\"datePublished\":\"2024-03-06T13:43:44+00:00\",\"breadcrumb\":{\"@id\":\"https:\\\/\\\/www.argonandco.com\\\/fr\\\/expertises\\\/data-et-ia\\\/analytics-avances-pour-les-operations\\\/#breadcrumb\"},\"inLanguage\":\"fr-FR\",\"potentialAction\":[{\"@type\":\"ReadAction\",\"target\":[\"https:\\\/\\\/www.argonandco.com\\\/fr\\\/expertises\\\/data-et-ia\\\/analytics-avances-pour-les-operations\\\/\"]}]},{\"@type\":\"BreadcrumbList\",\"@id\":\"https:\\\/\\\/www.argonandco.com\\\/fr\\\/expertises\\\/data-et-ia\\\/analytics-avances-pour-les-operations\\\/#breadcrumb\",\"itemListElement\":[{\"@type\":\"ListItem\",\"position\":1,\"name\":\"Home\",\"item\":\"https:\\\/\\\/www.argonandco.com\\\/fr\\\/\"},{\"@type\":\"ListItem\",\"position\":2,\"name\":\"Expertises\",\"item\":\"https:\\\/\\\/www.argonandco.com\\\/fr\\\/expertises\\\/\"},{\"@type\":\"ListItem\",\"position\":3,\"name\":\"Data et IA\",\"item\":\"https:\\\/\\\/www.argonandco.com\\\/fr\\\/expertises\\\/data-et-ia\\\/\"},{\"@type\":\"ListItem\",\"position\":4,\"name\":\"Analytics avanc\u00e9s pour les op\u00e9rations\"}]},{\"@type\":\"WebSite\",\"@id\":\"https:\\\/\\\/www.argonandco.com\\\/fr\\\/#website\",\"url\":\"https:\\\/\\\/www.argonandco.com\\\/fr\\\/\",\"name\":\"Argon &amp; Co\",\"description\":\"We help clients achieve their strategic and operational objectives, working together to transform their businesses and generate real change.\",\"potentialAction\":[{\"@type\":\"SearchAction\",\"target\":{\"@type\":\"EntryPoint\",\"urlTemplate\":\"https:\\\/\\\/www.argonandco.com\\\/fr\\\/?s={search_term_string}\"},\"query-input\":{\"@type\":\"PropertyValueSpecification\",\"valueRequired\":true,\"valueName\":\"search_term_string\"}}],\"inLanguage\":\"fr-FR\"}]}<\/script>\n<!-- \/ Yoast SEO plugin. -->","yoast_head_json":{"title":"Analytics avanc\u00e9s pour les op\u00e9rations - Argon &amp; Co","robots":{"index":"index","follow":"follow","max-snippet":"max-snippet:-1","max-image-preview":"max-image-preview:large","max-video-preview":"max-video-preview:-1"},"canonical":"https:\/\/www.argonandco.com\/fr\/expertises\/data-et-ia\/analytics-avances-pour-les-operations\/","og_locale":"fr_FR","og_type":"article","og_title":"Analytics avanc\u00e9s pour les op\u00e9rations - Argon &amp; Co","og_description":"Contexte et d\u00e9fis Les organisations sont soumises \u00e0 une pression croissante pour am\u00e9liorer l\u2019efficacit\u00e9 et optimiser leurs op\u00e9rations. Ces derni\u00e8res ann\u00e9es les techniques d\u2019Analytics\u00a0avanc\u00e9s sont devenus l\u2019un des outils les plus puissants pour extraire des\u00a0donn\u00e9es en masse et les faire parler, permettant aux entreprises de prendre des d\u00e9cisions data-driven\u00a0et d\u2019am\u00e9liorer ainsi leur efficacit\u00e9 op\u00e9rationnelle. Les [&hellip;]","og_url":"https:\/\/www.argonandco.com\/fr\/expertises\/data-et-ia\/analytics-avances-pour-les-operations\/","og_site_name":"Argon &amp; Co","twitter_card":"summary_large_image","twitter_misc":{"Dur\u00e9e de lecture estim\u00e9e":"2 minutes"},"schema":{"@context":"https:\/\/schema.org","@graph":[{"@type":"WebPage","@id":"https:\/\/www.argonandco.com\/fr\/expertises\/data-et-ia\/analytics-avances-pour-les-operations\/","url":"https:\/\/www.argonandco.com\/fr\/expertises\/data-et-ia\/analytics-avances-pour-les-operations\/","name":"Analytics avanc\u00e9s pour les op\u00e9rations - Argon &amp; Co","isPartOf":{"@id":"https:\/\/www.argonandco.com\/fr\/#website"},"datePublished":"2024-03-06T13:43:44+00:00","breadcrumb":{"@id":"https:\/\/www.argonandco.com\/fr\/expertises\/data-et-ia\/analytics-avances-pour-les-operations\/#breadcrumb"},"inLanguage":"fr-FR","potentialAction":[{"@type":"ReadAction","target":["https:\/\/www.argonandco.com\/fr\/expertises\/data-et-ia\/analytics-avances-pour-les-operations\/"]}]},{"@type":"BreadcrumbList","@id":"https:\/\/www.argonandco.com\/fr\/expertises\/data-et-ia\/analytics-avances-pour-les-operations\/#breadcrumb","itemListElement":[{"@type":"ListItem","position":1,"name":"Home","item":"https:\/\/www.argonandco.com\/fr\/"},{"@type":"ListItem","position":2,"name":"Expertises","item":"https:\/\/www.argonandco.com\/fr\/expertises\/"},{"@type":"ListItem","position":3,"name":"Data et IA","item":"https:\/\/www.argonandco.com\/fr\/expertises\/data-et-ia\/"},{"@type":"ListItem","position":4,"name":"Analytics avanc\u00e9s pour les op\u00e9rations"}]},{"@type":"WebSite","@id":"https:\/\/www.argonandco.com\/fr\/#website","url":"https:\/\/www.argonandco.com\/fr\/","name":"Argon &amp; Co","description":"We help clients achieve their strategic and operational objectives, working together to transform their businesses and generate real change.","potentialAction":[{"@type":"SearchAction","target":{"@type":"EntryPoint","urlTemplate":"https:\/\/www.argonandco.com\/fr\/?s={search_term_string}"},"query-input":{"@type":"PropertyValueSpecification","valueRequired":true,"valueName":"search_term_string"}}],"inLanguage":"fr-FR"}]}},"_links":{"self":[{"href":"https:\/\/www.argonandco.com\/fr\/wp-json\/wp\/v2\/pages\/26717","targetHints":{"allow":["GET"]}}],"collection":[{"href":"https:\/\/www.argonandco.com\/fr\/wp-json\/wp\/v2\/pages"}],"about":[{"href":"https:\/\/www.argonandco.com\/fr\/wp-json\/wp\/v2\/types\/page"}],"author":[{"embeddable":true,"href":"https:\/\/www.argonandco.com\/fr\/wp-json\/wp\/v2\/users\/1"}],"replies":[{"embeddable":true,"href":"https:\/\/www.argonandco.com\/fr\/wp-json\/wp\/v2\/comments?post=26717"}],"version-history":[{"count":0,"href":"https:\/\/www.argonandco.com\/fr\/wp-json\/wp\/v2\/pages\/26717\/revisions"}],"up":[{"embeddable":true,"href":"https:\/\/www.argonandco.com\/fr\/wp-json\/wp\/v2\/pages\/26706"}],"wp:attachment":[{"href":"https:\/\/www.argonandco.com\/fr\/wp-json\/wp\/v2\/media?parent=26717"}],"curies":[{"name":"wp","href":"https:\/\/api.w.org\/{rel}","templated":true}]}}