{"id":26714,"date":"2024-03-06T13:43:30","date_gmt":"2024-03-06T13:43:30","guid":{"rendered":"https:\/\/www.argonandco.com\/?page_id=26714"},"modified":"2024-03-06T13:43:30","modified_gmt":"2024-03-06T13:43:30","slug":"deploiement-de-lia-generative","status":"publish","type":"page","link":"https:\/\/www.argonandco.com\/fr\/expertises\/data-et-ia\/deploiement-de-lia-generative\/","title":{"rendered":"D\u00e9ploiement de l&rsquo;IA g\u00e9n\u00e9rative"},"content":{"rendered":"<h2>Contexte et d\u00e9fis<\/h2>\n<p>Dans un paysage technologique en constante \u00e9volution, l&rsquo;IA g\u00e9n\u00e9rative repr\u00e9sente une avanc\u00e9e r\u00e9volutionnaire qui remod\u00e8le la fa\u00e7on dont les entreprises abordent la cr\u00e9ativit\u00e9, la r\u00e9solution de probl\u00e8mes et la prise de d\u00e9cision. Cette technologie de pointe, tout en offrant un potentiel consid\u00e9rable, pose \u00e9galement des d\u00e9fis importants. La mise en \u0153uvre de l&rsquo;IA g\u00e9n\u00e9rative ne consiste pas seulement \u00e0 adopter un nouvel outil ; elle exige un changement fondamental de la culture organisationnelle et de la strat\u00e9gie. Les entreprises font face \u00e0 des questions sur l&rsquo;int\u00e9gration de cette technologie dans les syst\u00e8mes et processus existants, en veillant \u00e0 une utilisation \u00e9thique du contenu g\u00e9n\u00e9r\u00e9 par l&rsquo;IA et en tirant pleinement parti de son potentiel sans compromettre l&rsquo;aspect humain.<\/p>\n<p class=\"p1\">Nous comprenons ces d\u00e9fis et nous sommes engag\u00e9s aux c\u00f4t\u00e9s de nos clients dans cette transformation, en veillant \u00e0 ce que l&rsquo;int\u00e9gration de l&rsquo;IA g\u00e9n\u00e9rative soit parfaitement align\u00e9e sur leurs objectifs strat\u00e9giques et leurs valeurs.<\/p>\n<h2>Notre approche<\/h2>\n<p>Nous accompagnons nos clients pour leur permettre de tier pleinement parti du potentiel de l\u2019IA g\u00e9n\u00e9rative. Nos services incluent :<\/p>\n<ul>\n<li><strong>D\u00e9veloppement d\u2019une strat\u00e9gie IA g\u00e9n\u00e9rative<\/strong> : Formulation des strat\u00e9gies IA g\u00e9n\u00e9rative qui int\u00e8grent les objectifs de l\u2019entreprise, tout en garantissant l\u2019alignement et l\u2019efficacit\u00e9<\/li>\n<li><strong>D\u00e9finition et r\u00e9\u00e9valuation de la feuille de route<\/strong> : \u00c9valuation et optimisation de la s\u00e9lection d\u2019outils d\u2019IA g\u00e9n\u00e9rative adapt\u00e9s aux cas d\u2019usage, afin de suivre le rythme de l\u2019\u00e9volution de la technologie et des besoins de l\u2019entreprise.<\/li>\n<li><strong>Impl\u00e9mentation \u00e9thique de l\u2019IA<\/strong> : Garantie de l\u2019adh\u00e9sion aux standards \u00e9thiques, pr\u00e9servant l\u2019int\u00e9grit\u00e9 de la marque et la confiance du public, en adoptant l\u2019IA G\u00e9n\u00e9rative<\/li>\n<li><strong>Des solutions d\u2019IA sur-mesure<\/strong> : D\u00e9veloppement d\u2019outils d\u2019IA g\u00e9n\u00e9rative sur mesure, adapt\u00e9s aux besoins sp\u00e9cifiques de l\u2019entreprise, am\u00e9liorant la cr\u00e9ativit\u00e9 et la productivit\u00e9, et int\u00e9gr\u00e9s de mani\u00e8re transparente \u00e0 l\u2019infrastructure informatique.<\/li>\n<li><strong>Formation et accompagnement<\/strong> : Formation et support des \u00e9quipes m\u00e9tier, garantissant la volont\u00e9 d\u2019utiliser l\u2019IA G\u00e9n\u00e9rative de mani\u00e8re concr\u00e8te<\/li>\n<li><strong>Gestion et gouvernance Data<\/strong> : Aide \u00e0 la gestion des donn\u00e9es essentielles \u00e0 l\u2019IA g\u00e9n\u00e9rative, en veillant \u00e0 leur qualit\u00e9, \u00e0 leur s\u00e9curit\u00e9 et \u00e0 leur conformit\u00e9 aux r\u00e9glementations<\/li>\n<\/ul>\n<p>Notre force r\u00e9side dans notre compr\u00e9hension approfondie de la technologie et de son impact sur les op\u00e9rations. Nous ne nous contentons pas de fournir des outils ; nous offrons des solutions compl\u00e8tes et innovantes qui transforment les entreprises, en veillant \u00e0 ce que nos clients ne se contentent pas d\u2019adopter la technologie, mais qu\u2019ils l\u2019utilisent r\u00e9ellement pour se transformer.<\/p>\n","protected":false},"excerpt":{"rendered":"<p>Contexte et d\u00e9fis Dans un paysage technologique en constante \u00e9volution, l&rsquo;IA g\u00e9n\u00e9rative repr\u00e9sente une avanc\u00e9e r\u00e9volutionnaire qui remod\u00e8le la fa\u00e7on dont les entreprises abordent la cr\u00e9ativit\u00e9, la r\u00e9solution de probl\u00e8mes et la prise de d\u00e9cision. Cette technologie de pointe, tout en offrant un potentiel consid\u00e9rable, pose \u00e9galement des d\u00e9fis importants. La mise en \u0153uvre de [&hellip;]<\/p>\n","protected":false},"author":1,"featured_media":0,"parent":26706,"menu_order":114,"comment_status":"closed","ping_status":"closed","template":"","meta":{"_acf_changed":false,"footnotes":""},"class_list":["post-26714","page","type-page","status-publish","hentry"],"acf":[],"yoast_head":"<!-- This site is optimized with the Yoast SEO plugin v27.4 - https:\/\/yoast.com\/product\/yoast-seo-wordpress\/ -->\n<title>D\u00e9ploiement de l&#039;IA g\u00e9n\u00e9rative - Argon &amp; Co<\/title>\n<meta name=\"robots\" content=\"index, follow, max-snippet:-1, max-image-preview:large, max-video-preview:-1\" \/>\n<link rel=\"canonical\" href=\"https:\/\/www.argonandco.com\/fr\/expertises\/data-et-ia\/deploiement-de-lia-generative\/\" \/>\n<meta property=\"og:locale\" content=\"fr_FR\" \/>\n<meta property=\"og:type\" content=\"article\" \/>\n<meta property=\"og:title\" content=\"D\u00e9ploiement de l&#039;IA g\u00e9n\u00e9rative - Argon &amp; Co\" \/>\n<meta property=\"og:description\" content=\"Contexte et d\u00e9fis Dans un paysage technologique en constante \u00e9volution, l&rsquo;IA g\u00e9n\u00e9rative repr\u00e9sente une avanc\u00e9e r\u00e9volutionnaire qui remod\u00e8le la fa\u00e7on dont les entreprises abordent la cr\u00e9ativit\u00e9, la r\u00e9solution de probl\u00e8mes et la prise de d\u00e9cision. Cette technologie de pointe, tout en offrant un potentiel consid\u00e9rable, pose \u00e9galement des d\u00e9fis importants. La mise en \u0153uvre de [&hellip;]\" \/>\n<meta property=\"og:url\" content=\"https:\/\/www.argonandco.com\/fr\/expertises\/data-et-ia\/deploiement-de-lia-generative\/\" \/>\n<meta property=\"og:site_name\" content=\"Argon &amp; Co\" \/>\n<meta name=\"twitter:card\" content=\"summary_large_image\" \/>\n<meta name=\"twitter:label1\" content=\"Dur\u00e9e de lecture estim\u00e9e\" \/>\n\t<meta name=\"twitter:data1\" content=\"2 minutes\" \/>\n<script type=\"application\/ld+json\" class=\"yoast-schema-graph\">{\"@context\":\"https:\\\/\\\/schema.org\",\"@graph\":[{\"@type\":\"WebPage\",\"@id\":\"https:\\\/\\\/www.argonandco.com\\\/fr\\\/expertises\\\/data-et-ia\\\/deploiement-de-lia-generative\\\/\",\"url\":\"https:\\\/\\\/www.argonandco.com\\\/fr\\\/expertises\\\/data-et-ia\\\/deploiement-de-lia-generative\\\/\",\"name\":\"D\u00e9ploiement de l'IA g\u00e9n\u00e9rative - Argon &amp; Co\",\"isPartOf\":{\"@id\":\"https:\\\/\\\/www.argonandco.com\\\/fr\\\/#website\"},\"datePublished\":\"2024-03-06T13:43:30+00:00\",\"breadcrumb\":{\"@id\":\"https:\\\/\\\/www.argonandco.com\\\/fr\\\/expertises\\\/data-et-ia\\\/deploiement-de-lia-generative\\\/#breadcrumb\"},\"inLanguage\":\"fr-FR\",\"potentialAction\":[{\"@type\":\"ReadAction\",\"target\":[\"https:\\\/\\\/www.argonandco.com\\\/fr\\\/expertises\\\/data-et-ia\\\/deploiement-de-lia-generative\\\/\"]}]},{\"@type\":\"BreadcrumbList\",\"@id\":\"https:\\\/\\\/www.argonandco.com\\\/fr\\\/expertises\\\/data-et-ia\\\/deploiement-de-lia-generative\\\/#breadcrumb\",\"itemListElement\":[{\"@type\":\"ListItem\",\"position\":1,\"name\":\"Home\",\"item\":\"https:\\\/\\\/www.argonandco.com\\\/fr\\\/\"},{\"@type\":\"ListItem\",\"position\":2,\"name\":\"Expertises\",\"item\":\"https:\\\/\\\/www.argonandco.com\\\/fr\\\/expertises\\\/\"},{\"@type\":\"ListItem\",\"position\":3,\"name\":\"Data et IA\",\"item\":\"https:\\\/\\\/www.argonandco.com\\\/fr\\\/expertises\\\/data-et-ia\\\/\"},{\"@type\":\"ListItem\",\"position\":4,\"name\":\"D\u00e9ploiement de l&#8217;IA g\u00e9n\u00e9rative\"}]},{\"@type\":\"WebSite\",\"@id\":\"https:\\\/\\\/www.argonandco.com\\\/fr\\\/#website\",\"url\":\"https:\\\/\\\/www.argonandco.com\\\/fr\\\/\",\"name\":\"Argon &amp; Co\",\"description\":\"We help clients achieve their strategic and operational objectives, working together to transform their businesses and generate real change.\",\"potentialAction\":[{\"@type\":\"SearchAction\",\"target\":{\"@type\":\"EntryPoint\",\"urlTemplate\":\"https:\\\/\\\/www.argonandco.com\\\/fr\\\/?s={search_term_string}\"},\"query-input\":{\"@type\":\"PropertyValueSpecification\",\"valueRequired\":true,\"valueName\":\"search_term_string\"}}],\"inLanguage\":\"fr-FR\"}]}<\/script>\n<!-- \/ Yoast SEO plugin. -->","yoast_head_json":{"title":"D\u00e9ploiement de l'IA g\u00e9n\u00e9rative - Argon &amp; Co","robots":{"index":"index","follow":"follow","max-snippet":"max-snippet:-1","max-image-preview":"max-image-preview:large","max-video-preview":"max-video-preview:-1"},"canonical":"https:\/\/www.argonandco.com\/fr\/expertises\/data-et-ia\/deploiement-de-lia-generative\/","og_locale":"fr_FR","og_type":"article","og_title":"D\u00e9ploiement de l'IA g\u00e9n\u00e9rative - Argon &amp; Co","og_description":"Contexte et d\u00e9fis Dans un paysage technologique en constante \u00e9volution, l&rsquo;IA g\u00e9n\u00e9rative repr\u00e9sente une avanc\u00e9e r\u00e9volutionnaire qui remod\u00e8le la fa\u00e7on dont les entreprises abordent la cr\u00e9ativit\u00e9, la r\u00e9solution de probl\u00e8mes et la prise de d\u00e9cision. Cette technologie de pointe, tout en offrant un potentiel consid\u00e9rable, pose \u00e9galement des d\u00e9fis importants. La mise en \u0153uvre de [&hellip;]","og_url":"https:\/\/www.argonandco.com\/fr\/expertises\/data-et-ia\/deploiement-de-lia-generative\/","og_site_name":"Argon &amp; Co","twitter_card":"summary_large_image","twitter_misc":{"Dur\u00e9e de lecture estim\u00e9e":"2 minutes"},"schema":{"@context":"https:\/\/schema.org","@graph":[{"@type":"WebPage","@id":"https:\/\/www.argonandco.com\/fr\/expertises\/data-et-ia\/deploiement-de-lia-generative\/","url":"https:\/\/www.argonandco.com\/fr\/expertises\/data-et-ia\/deploiement-de-lia-generative\/","name":"D\u00e9ploiement de l'IA g\u00e9n\u00e9rative - Argon &amp; Co","isPartOf":{"@id":"https:\/\/www.argonandco.com\/fr\/#website"},"datePublished":"2024-03-06T13:43:30+00:00","breadcrumb":{"@id":"https:\/\/www.argonandco.com\/fr\/expertises\/data-et-ia\/deploiement-de-lia-generative\/#breadcrumb"},"inLanguage":"fr-FR","potentialAction":[{"@type":"ReadAction","target":["https:\/\/www.argonandco.com\/fr\/expertises\/data-et-ia\/deploiement-de-lia-generative\/"]}]},{"@type":"BreadcrumbList","@id":"https:\/\/www.argonandco.com\/fr\/expertises\/data-et-ia\/deploiement-de-lia-generative\/#breadcrumb","itemListElement":[{"@type":"ListItem","position":1,"name":"Home","item":"https:\/\/www.argonandco.com\/fr\/"},{"@type":"ListItem","position":2,"name":"Expertises","item":"https:\/\/www.argonandco.com\/fr\/expertises\/"},{"@type":"ListItem","position":3,"name":"Data et IA","item":"https:\/\/www.argonandco.com\/fr\/expertises\/data-et-ia\/"},{"@type":"ListItem","position":4,"name":"D\u00e9ploiement de l&#8217;IA g\u00e9n\u00e9rative"}]},{"@type":"WebSite","@id":"https:\/\/www.argonandco.com\/fr\/#website","url":"https:\/\/www.argonandco.com\/fr\/","name":"Argon &amp; Co","description":"We help clients achieve their strategic and operational objectives, working together to transform their businesses and generate real change.","potentialAction":[{"@type":"SearchAction","target":{"@type":"EntryPoint","urlTemplate":"https:\/\/www.argonandco.com\/fr\/?s={search_term_string}"},"query-input":{"@type":"PropertyValueSpecification","valueRequired":true,"valueName":"search_term_string"}}],"inLanguage":"fr-FR"}]}},"_links":{"self":[{"href":"https:\/\/www.argonandco.com\/fr\/wp-json\/wp\/v2\/pages\/26714","targetHints":{"allow":["GET"]}}],"collection":[{"href":"https:\/\/www.argonandco.com\/fr\/wp-json\/wp\/v2\/pages"}],"about":[{"href":"https:\/\/www.argonandco.com\/fr\/wp-json\/wp\/v2\/types\/page"}],"author":[{"embeddable":true,"href":"https:\/\/www.argonandco.com\/fr\/wp-json\/wp\/v2\/users\/1"}],"replies":[{"embeddable":true,"href":"https:\/\/www.argonandco.com\/fr\/wp-json\/wp\/v2\/comments?post=26714"}],"version-history":[{"count":0,"href":"https:\/\/www.argonandco.com\/fr\/wp-json\/wp\/v2\/pages\/26714\/revisions"}],"up":[{"embeddable":true,"href":"https:\/\/www.argonandco.com\/fr\/wp-json\/wp\/v2\/pages\/26706"}],"wp:attachment":[{"href":"https:\/\/www.argonandco.com\/fr\/wp-json\/wp\/v2\/media?parent=26714"}],"curies":[{"name":"wp","href":"https:\/\/api.w.org\/{rel}","templated":true}]}}