{"id":23086,"date":"2023-02-28T08:48:18","date_gmt":"2023-02-28T08:48:18","guid":{"rendered":"https:\/\/www.argonandco.com\/?page_id=23086"},"modified":"2023-05-10T14:35:30","modified_gmt":"2023-05-10T13:35:30","slug":"impact-business-model","status":"publish","type":"page","link":"https:\/\/www.argonandco.com\/fr\/expertises\/sustainability\/impact-business-model\/","title":{"rendered":"Impact Business Model"},"content":{"rendered":"<h2><b>Contexte et d\u00e9fis<\/b><\/h2>\n<p><span class=\"intro\"><span data-contrast=\"auto\">Nouveaux modes de consommations, finance verte, r\u00e9glementation\u2026 Le changement climatique bouleverse les mod\u00e8les d\u2019affaires avec des cons\u00e9quences concr\u00e8tes sur les achats, les op\u00e9rations, la logistique, ou encore les imp\u00e9ratifs li\u00e9s \u00e0 l\u2019\u00e9conomie circulaire\u2026 Les dirigeants doivent agir d\u00e8s maintenant et investir de fa\u00e7on cons\u00e9quente pour assurer un avenir \u00e0 leur entreprise.<\/span><\/span><\/p>\n<p><span class=\"intro\"><span data-contrast=\"auto\">Dans certains cas, les approches classiques ou les am\u00e9liorations partielles ne sont plus efficaces. Il devient alors n\u00e9cessaire d\u2019innover de fa\u00e7on radicale en inventant de nouveaux mod\u00e8les d\u2019affaires.<\/span><\/span><\/p>\n<p><span data-contrast=\"auto\">En t\u00e9moigne le label B Corp qui attribue 15% du poids de son B Impact Assessment (BIA) \u00e0 la qualit\u00e9 des IBM et d\u00e9finit 23 mod\u00e8les d\u2019affaires \u00e0 impact diff\u00e9rents. <\/span><a href=\"https:\/\/www.chloe.com\/fr\"><span data-contrast=\"none\">Chlo\u00e9<\/span><\/a><span data-contrast=\"auto\">, c\u00e9l\u00e8bre maison de Luxe, a d\u00e9croch\u00e9 sa certification B Corp en 2021 et ce en p<\/span><span data-contrast=\"auto\">artie gr\u00e2ce \u00e0 l\u2019IBM. En effet, les performances sociales et environnementales de l\u2019entreprise sont juridiquement incluses dans le processus de d\u00e9cision.<\/span><span data-ccp-props=\"{&quot;201341983&quot;:0,&quot;335559739&quot;:60,&quot;335559740&quot;:259}\">\u00a0<\/span><\/p>\n<p><span data-contrast=\"auto\">Exploiter pleinement ses sous-produits ou co-produits ou encore se tourner vers l\u2019\u00e9conomie circulaire lors de la vente de produits neufs est aussi ce qu\u2019on appelle un IBM. C\u2019est un cas rencontr\u00e9 de plus en plus r\u00e9guli\u00e8rement au sein de grands groupes. En effet Richemont d\u00e9veloppe ce type d\u2019IBM \u00e0 travers <\/span><a href=\"https:\/\/www.watchfinder.fr\/\"><span data-contrast=\"none\">Watchfinder<\/span><\/a><span data-contrast=\"auto\">, sa plateforme d\u2019achat et de vente de montres d\u2019occasion haut de gamme.<\/span><\/p>\n<h2><b>Notre approche<\/b><\/h2>\n<p><span data-contrast=\"auto\">Le cabinet Argon &amp; Co plaide pour l\u2019\u00e9mergence d\u2019une nouvelle g\u00e9n\u00e9ration de mod\u00e8les d\u2019affaires : <\/span><i><span data-contrast=\"auto\">l\u2019Impact Business Models<\/span><\/i><span data-contrast=\"auto\"> (IBM) ou mod\u00e8les d\u2019affaires \u00e0 impact, conciliant performances \u00e9conomique et durable.<\/span><\/p>\n<p><span data-contrast=\"auto\">L\u2019accompagnement d\u2019Argon &amp; Co repose sur une approche agile avec trois cycles de quelques semaines chacun :<\/span><\/p>\n<ul style=\"font-weight: 400;\">\n<li data-leveltext=\"\uf0b7\" data-font=\"Symbol\" data-listid=\"16\" data-list-defn-props=\"{&quot;335552541&quot;:1,&quot;335559684&quot;:-2,&quot;335559685&quot;:720,&quot;335559991&quot;:360,&quot;469769226&quot;:&quot;Symbol&quot;,&quot;469769242&quot;:[8226],&quot;469777803&quot;:&quot;left&quot;,&quot;469777804&quot;:&quot;\uf0b7&quot;,&quot;469777815&quot;:&quot;hybridMultilevel&quot;}\" aria-setsize=\"-1\" data-aria-posinset=\"1\" data-aria-level=\"1\"><b><span data-contrast=\"auto\">Cycle 1 \u2013 \u00c9veiller et inspirer<\/span><\/b><span data-contrast=\"auto\"> : prendre une longueur d\u2019avance et r\u00e9duire les risques li\u00e9s l\u2019innovation en travaillant sur une approche prospective et en listant les meilleures pratiques, par exemple, l\u2019impact business model du label B Corp, et en mobilisant notre expertise op\u00e9rationnelle.<\/span><span data-ccp-props=\"{&quot;201341983&quot;:0,&quot;335551550&quot;:6,&quot;335551620&quot;:6,&quot;335559739&quot;:60,&quot;335559740&quot;:259}\">\u00a0<\/span><\/li>\n<li data-leveltext=\"\uf0b7\" data-font=\"Symbol\" data-listid=\"16\" data-list-defn-props=\"{&quot;335552541&quot;:1,&quot;335559684&quot;:-2,&quot;335559685&quot;:720,&quot;335559991&quot;:360,&quot;469769226&quot;:&quot;Symbol&quot;,&quot;469769242&quot;:[8226],&quot;469777803&quot;:&quot;left&quot;,&quot;469777804&quot;:&quot;\uf0b7&quot;,&quot;469777815&quot;:&quot;hybridMultilevel&quot;}\" aria-setsize=\"-1\" data-aria-posinset=\"2\" data-aria-level=\"1\"><b><span data-contrast=\"auto\">Cycle 2 \u2013 Fixer le cap<\/span><\/b><span data-contrast=\"auto\"> : red\u00e9finir le succ\u00e8s en associant impact durable et performance, prioriser les opportunit\u00e9s et choisir le terrain d\u2019exp\u00e9rimentation.<\/span><span data-ccp-props=\"{&quot;201341983&quot;:0,&quot;335551550&quot;:6,&quot;335551620&quot;:6,&quot;335559739&quot;:60,&quot;335559740&quot;:259}\">\u00a0<\/span><\/li>\n<li data-leveltext=\"\uf0b7\" data-font=\"Symbol\" data-listid=\"16\" data-list-defn-props=\"{&quot;335552541&quot;:1,&quot;335559684&quot;:-2,&quot;335559685&quot;:720,&quot;335559991&quot;:360,&quot;469769226&quot;:&quot;Symbol&quot;,&quot;469769242&quot;:[8226],&quot;469777803&quot;:&quot;left&quot;,&quot;469777804&quot;:&quot;\uf0b7&quot;,&quot;469777815&quot;:&quot;hybridMultilevel&quot;}\" aria-setsize=\"-1\" data-aria-posinset=\"3\" data-aria-level=\"1\"><b><span data-contrast=\"auto\">Cycle 3 \u2013 Prototyper<\/span><\/b><span data-contrast=\"auto\"> : se mettre en condition de mise en march\u00e9 imm\u00e9diate gr\u00e2ce \u00e0 un cycle de d\u00e9veloppement en sprint de 5 jours et au soutien d\u2019experts op\u00e9rationnels. Cette approche pr\u00e9sente trois b\u00e9n\u00e9fices : l\u2019identification des initiatives les plus pertinentes, l\u2019appropriation de nouvelles m\u00e9thodes par les \u00e9quipes et la s\u00e9curisation des impacts dans le temps.<\/span><span data-ccp-props=\"{&quot;201341983&quot;:0,&quot;335551550&quot;:6,&quot;335551620&quot;:6,&quot;335559739&quot;:60,&quot;335559740&quot;:259}\">\u00a0<\/span><\/li>\n<\/ul>\n","protected":false},"excerpt":{"rendered":"<p>Contexte et d\u00e9fis Nouveaux modes de consommations, finance verte, r\u00e9glementation\u2026 Le changement climatique bouleverse les mod\u00e8les d\u2019affaires avec des cons\u00e9quences concr\u00e8tes sur les achats, les op\u00e9rations, la logistique, ou encore les imp\u00e9ratifs li\u00e9s \u00e0 l\u2019\u00e9conomie circulaire\u2026 Les dirigeants doivent agir d\u00e8s maintenant et investir de fa\u00e7on cons\u00e9quente pour assurer un avenir \u00e0 leur entreprise. Dans [&hellip;]<\/p>\n","protected":false},"author":1,"featured_media":0,"parent":5109,"menu_order":0,"comment_status":"closed","ping_status":"closed","template":"","meta":{"_acf_changed":false,"footnotes":""},"class_list":["post-23086","page","type-page","status-publish","hentry"],"acf":[],"yoast_head":"<!-- This site is optimized with the Yoast SEO plugin v27.4 - https:\/\/yoast.com\/product\/yoast-seo-wordpress\/ -->\n<title>Impact Business Model - Argon &amp; Co<\/title>\n<meta name=\"robots\" content=\"index, follow, max-snippet:-1, max-image-preview:large, max-video-preview:-1\" \/>\n<link rel=\"canonical\" href=\"https:\/\/www.argonandco.com\/fr\/expertises\/sustainability\/impact-business-model\/\" \/>\n<meta property=\"og:locale\" content=\"fr_FR\" \/>\n<meta property=\"og:type\" content=\"article\" \/>\n<meta property=\"og:title\" content=\"Impact Business Model - Argon &amp; Co\" \/>\n<meta property=\"og:description\" content=\"Contexte et d\u00e9fis Nouveaux modes de consommations, finance verte, r\u00e9glementation\u2026 Le changement climatique bouleverse les mod\u00e8les d\u2019affaires avec des cons\u00e9quences concr\u00e8tes sur les achats, les op\u00e9rations, la logistique, ou encore les imp\u00e9ratifs li\u00e9s \u00e0 l\u2019\u00e9conomie circulaire\u2026 Les dirigeants doivent agir d\u00e8s maintenant et investir de fa\u00e7on cons\u00e9quente pour assurer un avenir \u00e0 leur entreprise. Dans [&hellip;]\" \/>\n<meta property=\"og:url\" content=\"https:\/\/www.argonandco.com\/fr\/expertises\/sustainability\/impact-business-model\/\" \/>\n<meta property=\"og:site_name\" content=\"Argon &amp; Co\" \/>\n<meta property=\"article:modified_time\" content=\"2023-05-10T13:35:30+00:00\" \/>\n<meta name=\"twitter:card\" content=\"summary_large_image\" \/>\n<meta name=\"twitter:label1\" content=\"Dur\u00e9e de lecture estim\u00e9e\" \/>\n\t<meta name=\"twitter:data1\" content=\"2 minutes\" \/>\n<script type=\"application\/ld+json\" class=\"yoast-schema-graph\">{\"@context\":\"https:\\\/\\\/schema.org\",\"@graph\":[{\"@type\":\"WebPage\",\"@id\":\"https:\\\/\\\/www.argonandco.com\\\/fr\\\/expertises\\\/sustainability\\\/impact-business-model\\\/\",\"url\":\"https:\\\/\\\/www.argonandco.com\\\/fr\\\/expertises\\\/sustainability\\\/impact-business-model\\\/\",\"name\":\"Impact Business Model - Argon &amp; Co\",\"isPartOf\":{\"@id\":\"https:\\\/\\\/www.argonandco.com\\\/fr\\\/#website\"},\"datePublished\":\"2023-02-28T08:48:18+00:00\",\"dateModified\":\"2023-05-10T13:35:30+00:00\",\"breadcrumb\":{\"@id\":\"https:\\\/\\\/www.argonandco.com\\\/fr\\\/expertises\\\/sustainability\\\/impact-business-model\\\/#breadcrumb\"},\"inLanguage\":\"fr-FR\",\"potentialAction\":[{\"@type\":\"ReadAction\",\"target\":[\"https:\\\/\\\/www.argonandco.com\\\/fr\\\/expertises\\\/sustainability\\\/impact-business-model\\\/\"]}]},{\"@type\":\"BreadcrumbList\",\"@id\":\"https:\\\/\\\/www.argonandco.com\\\/fr\\\/expertises\\\/sustainability\\\/impact-business-model\\\/#breadcrumb\",\"itemListElement\":[{\"@type\":\"ListItem\",\"position\":1,\"name\":\"Home\",\"item\":\"https:\\\/\\\/www.argonandco.com\\\/fr\\\/\"},{\"@type\":\"ListItem\",\"position\":2,\"name\":\"Expertises\",\"item\":\"https:\\\/\\\/www.argonandco.com\\\/fr\\\/expertises\\\/\"},{\"@type\":\"ListItem\",\"position\":3,\"name\":\"Sustainability\",\"item\":\"https:\\\/\\\/www.argonandco.com\\\/fr\\\/expertises\\\/sustainability\\\/\"},{\"@type\":\"ListItem\",\"position\":4,\"name\":\"Impact Business Model\"}]},{\"@type\":\"WebSite\",\"@id\":\"https:\\\/\\\/www.argonandco.com\\\/fr\\\/#website\",\"url\":\"https:\\\/\\\/www.argonandco.com\\\/fr\\\/\",\"name\":\"Argon &amp; Co\",\"description\":\"We help clients achieve their strategic and operational objectives, working together to transform their businesses and generate real change.\",\"potentialAction\":[{\"@type\":\"SearchAction\",\"target\":{\"@type\":\"EntryPoint\",\"urlTemplate\":\"https:\\\/\\\/www.argonandco.com\\\/fr\\\/?s={search_term_string}\"},\"query-input\":{\"@type\":\"PropertyValueSpecification\",\"valueRequired\":true,\"valueName\":\"search_term_string\"}}],\"inLanguage\":\"fr-FR\"}]}<\/script>\n<!-- \/ Yoast SEO plugin. -->","yoast_head_json":{"title":"Impact Business Model - Argon &amp; Co","robots":{"index":"index","follow":"follow","max-snippet":"max-snippet:-1","max-image-preview":"max-image-preview:large","max-video-preview":"max-video-preview:-1"},"canonical":"https:\/\/www.argonandco.com\/fr\/expertises\/sustainability\/impact-business-model\/","og_locale":"fr_FR","og_type":"article","og_title":"Impact Business Model - Argon &amp; Co","og_description":"Contexte et d\u00e9fis Nouveaux modes de consommations, finance verte, r\u00e9glementation\u2026 Le changement climatique bouleverse les mod\u00e8les d\u2019affaires avec des cons\u00e9quences concr\u00e8tes sur les achats, les op\u00e9rations, la logistique, ou encore les imp\u00e9ratifs li\u00e9s \u00e0 l\u2019\u00e9conomie circulaire\u2026 Les dirigeants doivent agir d\u00e8s maintenant et investir de fa\u00e7on cons\u00e9quente pour assurer un avenir \u00e0 leur entreprise. Dans [&hellip;]","og_url":"https:\/\/www.argonandco.com\/fr\/expertises\/sustainability\/impact-business-model\/","og_site_name":"Argon &amp; Co","article_modified_time":"2023-05-10T13:35:30+00:00","twitter_card":"summary_large_image","twitter_misc":{"Dur\u00e9e de lecture estim\u00e9e":"2 minutes"},"schema":{"@context":"https:\/\/schema.org","@graph":[{"@type":"WebPage","@id":"https:\/\/www.argonandco.com\/fr\/expertises\/sustainability\/impact-business-model\/","url":"https:\/\/www.argonandco.com\/fr\/expertises\/sustainability\/impact-business-model\/","name":"Impact Business Model - Argon &amp; Co","isPartOf":{"@id":"https:\/\/www.argonandco.com\/fr\/#website"},"datePublished":"2023-02-28T08:48:18+00:00","dateModified":"2023-05-10T13:35:30+00:00","breadcrumb":{"@id":"https:\/\/www.argonandco.com\/fr\/expertises\/sustainability\/impact-business-model\/#breadcrumb"},"inLanguage":"fr-FR","potentialAction":[{"@type":"ReadAction","target":["https:\/\/www.argonandco.com\/fr\/expertises\/sustainability\/impact-business-model\/"]}]},{"@type":"BreadcrumbList","@id":"https:\/\/www.argonandco.com\/fr\/expertises\/sustainability\/impact-business-model\/#breadcrumb","itemListElement":[{"@type":"ListItem","position":1,"name":"Home","item":"https:\/\/www.argonandco.com\/fr\/"},{"@type":"ListItem","position":2,"name":"Expertises","item":"https:\/\/www.argonandco.com\/fr\/expertises\/"},{"@type":"ListItem","position":3,"name":"Sustainability","item":"https:\/\/www.argonandco.com\/fr\/expertises\/sustainability\/"},{"@type":"ListItem","position":4,"name":"Impact Business Model"}]},{"@type":"WebSite","@id":"https:\/\/www.argonandco.com\/fr\/#website","url":"https:\/\/www.argonandco.com\/fr\/","name":"Argon &amp; Co","description":"We help clients achieve their strategic and operational objectives, working together to transform their businesses and generate real change.","potentialAction":[{"@type":"SearchAction","target":{"@type":"EntryPoint","urlTemplate":"https:\/\/www.argonandco.com\/fr\/?s={search_term_string}"},"query-input":{"@type":"PropertyValueSpecification","valueRequired":true,"valueName":"search_term_string"}}],"inLanguage":"fr-FR"}]}},"_links":{"self":[{"href":"https:\/\/www.argonandco.com\/fr\/wp-json\/wp\/v2\/pages\/23086","targetHints":{"allow":["GET"]}}],"collection":[{"href":"https:\/\/www.argonandco.com\/fr\/wp-json\/wp\/v2\/pages"}],"about":[{"href":"https:\/\/www.argonandco.com\/fr\/wp-json\/wp\/v2\/types\/page"}],"author":[{"embeddable":true,"href":"https:\/\/www.argonandco.com\/fr\/wp-json\/wp\/v2\/users\/1"}],"replies":[{"embeddable":true,"href":"https:\/\/www.argonandco.com\/fr\/wp-json\/wp\/v2\/comments?post=23086"}],"version-history":[{"count":0,"href":"https:\/\/www.argonandco.com\/fr\/wp-json\/wp\/v2\/pages\/23086\/revisions"}],"up":[{"embeddable":true,"href":"https:\/\/www.argonandco.com\/fr\/wp-json\/wp\/v2\/pages\/5109"}],"wp:attachment":[{"href":"https:\/\/www.argonandco.com\/fr\/wp-json\/wp\/v2\/media?parent=23086"}],"curies":[{"name":"wp","href":"https:\/\/api.w.org\/{rel}","templated":true}]}}