{"id":23085,"date":"2023-02-28T08:43:55","date_gmt":"2023-02-28T08:43:55","guid":{"rendered":"https:\/\/www.argonandco.com\/?page_id=23085"},"modified":"2023-05-10T14:29:03","modified_gmt":"2023-05-10T13:29:03","slug":"economie-circulaire","status":"publish","type":"page","link":"https:\/\/www.argonandco.com\/fr\/expertises\/sustainability\/economie-circulaire\/","title":{"rendered":"Economie Circulaire"},"content":{"rendered":"<h2><b>Contexte et d\u00e9fis<\/b><\/h2>\n<p><span class=\"intro\"><span data-contrast=\"none\">La pression sur les ressources naturelles et les mati\u00e8res ne cesse d\u2019augmenter. Celle-ci a \u00e9t\u00e9 multipli\u00e9e par 10 au cours des 50 derni\u00e8res ann\u00e9es selon l\u2019ADEME, afin de produire toujours plus de biens de consommation dont la fabrication \u00e9met des gaz \u00e0 effet de serre et dont une large part finit en d\u00e9chets, sources de pollution.\u00a0<\/span><span data-ccp-props=\"{&quot;201341983&quot;:0,&quot;335559685&quot;:0,&quot;335559739&quot;:60,&quot;335559740&quot;:259}\">\u00a0<\/span><\/span><\/p>\n<p><span class=\"intro\"><span data-contrast=\"none\">L\u2019\u00e9conomie circulaire entend sortir de ce cercle vicieux en pr\u00f4nant la r\u00e9utilisation des ressources, des produits et des d\u00e9chets tout en allongeant la dur\u00e9e de vie des biens de consommation. Des initiatives existent mais les entreprises doivent aujourd\u2019hui passer \u00e0 l\u2019\u00e9chelle, pour r\u00e9pondre aux attentes des citoyens et aux contraintes croissantes de <\/span><span data-contrast=\"auto\">la loi AGEC (loi anti-gaspillage pour une \u00e9conomie circulaire) et de la loi PACTE (plan d&rsquo;action pour la croissance et la transformation des entreprises).<\/span><\/span><\/p>\n<p><span class=\"TextRun SCXW166678307 BCX8\" lang=\"FR-FR\" xml:lang=\"FR-FR\" data-contrast=\"auto\"><span class=\"NormalTextRun SCXW166678307 BCX8\" data-ccp-parastyle=\"Autre\" data-ccp-parastyle-defn=\"{&quot;ObjectId&quot;:&quot;8ab83d3a-bad0-4300-b8af-358c778709fd|244&quot;,&quot;ClassId&quot;:1073872969,&quot;Properties&quot;:[469775450,&quot;Autre&quot;,201340122,&quot;2&quot;,134233614,&quot;true&quot;,469778129,&quot;Autre&quot;,335572020,&quot;1&quot;,201342447,&quot;5&quot;,201342448,&quot;1&quot;,469777841,&quot;Arial&quot;,469777842,&quot;&quot;,469777843,&quot;Arial&quot;,469777844,&quot;Arial&quot;,469769226,&quot;Arial&quot;,268442635,&quot;20&quot;,335559685,&quot;1416&quot;,335559740,&quot;259&quot;,201341983,&quot;0&quot;,335559739,&quot;60&quot;,469778324,&quot;Normal&quot;]}\">Si certaines fili\u00e8res ont pris les devants, notamment <\/span><span class=\"NormalTextRun SCXW166678307 BCX8\" data-ccp-parastyle=\"Autre\">l\u2019automobile<\/span><span class=\"NormalTextRun SCXW166678307 BCX8\" data-ccp-parastyle=\"Autre\">, <\/span><span class=\"NormalTextRun SCXW166678307 BCX8\" data-ccp-parastyle=\"Autre\">l\u2019ameublement<\/span><span class=\"NormalTextRun SCXW166678307 BCX8\" data-ccp-parastyle=\"Autre\"> ou encore le <\/span><span class=\"NormalTextRun SCXW166678307 BCX8\" data-ccp-parastyle=\"Autre\">textil<\/span><span class=\"NormalTextRun SCXW166678307 BCX8\" data-ccp-parastyle=\"Autre\">e<\/span><span class=\"NormalTextRun SCXW166678307 BCX8\" data-ccp-parastyle=\"Autre\">, <\/span><span class=\"NormalTextRun SCXW166678307 BCX8\" data-ccp-parastyle=\"Autre\">toutes les entreprises sont aujourd\u2019hui <\/span><span class=\"NormalTextRun SCXW166678307 BCX8\" data-ccp-parastyle=\"Autre\">concern\u00e9es<\/span><span class=\"NormalTextRun SCXW166678307 BCX8\" data-ccp-parastyle=\"Autre\"> par <\/span><span class=\"NormalTextRun SCXW166678307 BCX8\" data-ccp-parastyle=\"Autre\">l\u2019\u00e9conomie circulaire<\/span><span class=\"NormalTextRun SCXW166678307 BCX8\" data-ccp-parastyle=\"Autre\">. Ce changement de paradigme bouleverse <\/span><span class=\"NormalTextRun SCXW166678307 BCX8\" data-ccp-parastyle=\"Autre\">la <\/span><span class=\"NormalTextRun SCXW166678307 BCX8\" data-ccp-parastyle=\"Autre\">strat\u00e9gie de<\/span><span class=\"NormalTextRun SCXW166678307 BCX8\" data-ccp-parastyle=\"Autre\">s <\/span><span class=\"NormalTextRun SCXW166678307 BCX8\" data-ccp-parastyle=\"Autre\">entreprise<\/span><span class=\"NormalTextRun SCXW166678307 BCX8\" data-ccp-parastyle=\"Autre\">s<\/span><span class=\"NormalTextRun SCXW166678307 BCX8\" data-ccp-parastyle=\"Autre\"> et de <\/span><span class=\"NormalTextRun SCXW166678307 BCX8\" data-ccp-parastyle=\"Autre\">leurs mod\u00e8les<\/span><span class=\"NormalTextRun SCXW166678307 BCX8\" data-ccp-parastyle=\"Autre\"> d\u2019affaires (l<\/span><span class=\"NormalTextRun SCXW166678307 BCX8\" data-ccp-parastyle=\"Autre\">ocation, baisse du neuf et d\u00e9veloppement de l\u2019apr\u00e8s-vente ou encore <\/span><span class=\"NormalTextRun SCXW166678307 BCX8\" data-ccp-parastyle=\"Autre\">l\u2019achat<\/span><span class=\"NormalTextRun SCXW166678307 BCX8\" data-ccp-parastyle=\"Autre\">-revente<\/span><span class=\"NormalTextRun SCXW166678307 BCX8\" data-ccp-parastyle=\"Autre\">)<\/span><span class=\"NormalTextRun SCXW166678307 BCX8\" data-ccp-parastyle=\"Autre\">.<\/span><span class=\"NormalTextRun SCXW166678307 BCX8\" data-ccp-parastyle=\"Autre\"> Changer de mod\u00e8le op\u00e9rationnel tout garantissant la performance \u00e9conomique suppose d\u2019aligner <\/span><span class=\"NormalTextRun SCXW166678307 BCX8\" data-ccp-parastyle=\"Autre\">tous les m\u00e9tiers <\/span><span class=\"NormalTextRun SCXW166678307 BCX8\" data-ccp-parastyle=\"Autre\">(<\/span><span class=\"NormalTextRun SCXW166678307 BCX8\" data-ccp-parastyle=\"Autre\">marketing, commerce, op\u00e9rations et finance<\/span><span class=\"NormalTextRun SCXW166678307 BCX8\" data-ccp-parastyle=\"Autre\">) <\/span><span class=\"NormalTextRun SCXW166678307 BCX8\" data-ccp-parastyle=\"Autre\">mais aussi tous les acteurs de son \u00e9cosyst\u00e8me. Une mobilisation parfois \u00e9pineuse.\u00a0<\/span><\/span><span class=\"EOP SCXW166678307 BCX8\" data-ccp-props=\"{&quot;201341983&quot;:0,&quot;335559685&quot;:0,&quot;335559739&quot;:60,&quot;335559740&quot;:259}\">\u00a0<\/span><\/p>\n<h2><b>Notre approche<\/b><\/h2>\n<p class=\"Autre\" style=\"margin-left: 0cm; text-align: justify;\"><span class=\"TextRun SCXW67481268 BCX8\" lang=\"FR-FR\" xml:lang=\"FR-FR\" data-contrast=\"auto\"><span class=\"NormalTextRun SCXW67481268 BCX8\" data-ccp-parastyle=\"Autre\" data-ccp-parastyle-defn=\"{&quot;ObjectId&quot;:&quot;8ab83d3a-bad0-4300-b8af-358c778709fd|244&quot;,&quot;ClassId&quot;:1073872969,&quot;Properties&quot;:[469775450,&quot;Autre&quot;,201340122,&quot;2&quot;,134233614,&quot;true&quot;,469778129,&quot;Autre&quot;,335572020,&quot;1&quot;,201342447,&quot;5&quot;,201342448,&quot;1&quot;,469777841,&quot;Arial&quot;,469777842,&quot;&quot;,469777843,&quot;Arial&quot;,469777844,&quot;Arial&quot;,469769226,&quot;Arial&quot;,268442635,&quot;20&quot;,335559685,&quot;1416&quot;,335559740,&quot;259&quot;,201341983,&quot;0&quot;,335559739,&quot;60&quot;,469778324,&quot;Normal&quot;]}\">Argon<\/span> <span class=\"NormalTextRun SCXW67481268 BCX8\" data-ccp-parastyle=\"Autre\">&amp;<\/span> <span class=\"NormalTextRun SCXW67481268 BCX8\" data-ccp-parastyle=\"Autre\">Co accompagne les marques<\/span><span class=\"NormalTextRun SCXW67481268 BCX8\" data-ccp-parastyle=\"Autre\">, les <\/span><span class=\"NormalTextRun SCXW67481268 BCX8\" data-ccp-parastyle=\"Autre\">producteurs et les distributeurs <\/span><span class=\"NormalTextRun SCXW67481268 BCX8\" data-ccp-parastyle=\"Autre\">ainsi <\/span><span class=\"NormalTextRun SCXW67481268 BCX8\" data-ccp-parastyle=\"Autre\">que les \u00e9co-organismes et acteurs sp\u00e9cialis\u00e9s dans leur transformation circulaire<\/span> <span class=\"NormalTextRun SCXW67481268 BCX8\" data-ccp-parastyle=\"Autre\">\u00e0 travers plusieurs leviers<\/span><span class=\"NormalTextRun SCXW67481268 BCX8\" data-ccp-parastyle=\"Autre\">\u202f:<\/span><\/span><span class=\"EOP SCXW67481268 BCX8\" data-ccp-props=\"{&quot;201341983&quot;:0,&quot;335551550&quot;:6,&quot;335551620&quot;:6,&quot;335559685&quot;:0,&quot;335559739&quot;:60,&quot;335559740&quot;:259}\">\u00a0<\/span><\/p>\n<ul>\n<li data-leveltext=\"\uf0b7\" data-font=\"Symbol\" data-listid=\"16\" data-list-defn-props=\"{&quot;335552541&quot;:1,&quot;335559684&quot;:-2,&quot;335559685&quot;:720,&quot;335559991&quot;:360,&quot;469769226&quot;:&quot;Symbol&quot;,&quot;469769242&quot;:[8226],&quot;469777803&quot;:&quot;left&quot;,&quot;469777804&quot;:&quot;\uf0b7&quot;,&quot;469777815&quot;:&quot;hybridMultilevel&quot;}\" aria-setsize=\"-1\" data-aria-posinset=\"1\" data-aria-level=\"1\"><b><span data-contrast=\"auto\">La<\/span><\/b> <b><span data-contrast=\"auto\">sensibilisation des \u00e9quipes<\/span><\/b><span data-contrast=\"auto\"> \u00e0 l\u2019\u00e9conomie circulaire et aux enjeux de leur secteur (fresque de l\u2019\u00e9conomie circulaire, benchmark\u2026).<\/span><span data-ccp-props=\"{&quot;201341983&quot;:0,&quot;335551550&quot;:6,&quot;335551620&quot;:6,&quot;335559739&quot;:60,&quot;335559740&quot;:259}\">\u00a0<\/span><\/li>\n<li data-leveltext=\"\uf0b7\" data-font=\"Symbol\" data-listid=\"16\" data-list-defn-props=\"{&quot;335552541&quot;:1,&quot;335559684&quot;:-2,&quot;335559685&quot;:720,&quot;335559991&quot;:360,&quot;469769226&quot;:&quot;Symbol&quot;,&quot;469769242&quot;:[8226],&quot;469777803&quot;:&quot;left&quot;,&quot;469777804&quot;:&quot;\uf0b7&quot;,&quot;469777815&quot;:&quot;hybridMultilevel&quot;}\" aria-setsize=\"-1\" data-aria-posinset=\"2\" data-aria-level=\"1\"><b><span data-contrast=\"auto\">La d\u00e9finition de la strat\u00e9gie d\u2019entreprise<\/span><\/b><span data-contrast=\"auto\">\u202f: identification des mod\u00e8les potentiels et de leur impact selon le secteur.<\/span><span data-ccp-props=\"{&quot;201341983&quot;:0,&quot;335551550&quot;:6,&quot;335551620&quot;:6,&quot;335559739&quot;:60,&quot;335559740&quot;:259}\">\u00a0<\/span><\/li>\n<li data-leveltext=\"\uf0b7\" data-font=\"Symbol\" data-listid=\"16\" data-list-defn-props=\"{&quot;335552541&quot;:1,&quot;335559684&quot;:-2,&quot;335559685&quot;:720,&quot;335559991&quot;:360,&quot;469769226&quot;:&quot;Symbol&quot;,&quot;469769242&quot;:[8226],&quot;469777803&quot;:&quot;left&quot;,&quot;469777804&quot;:&quot;\uf0b7&quot;,&quot;469777815&quot;:&quot;hybridMultilevel&quot;}\" aria-setsize=\"-1\" data-aria-posinset=\"3\" data-aria-level=\"1\"><b><span data-contrast=\"auto\">Le cadrage de l\u2019offre<\/span><\/b><span data-contrast=\"auto\"> : analyse du cas d\u2019usage (impacts, pr\u00e9requis, goulot), identification des p\u00e9rim\u00e8tres les plus accessibles (g\u00e9ographique, produits\u2026) et des grands param\u00e8tres de l\u2019offre, \u00e9valuation des premiers \u00e9quilibres \u00e9conomiques et \u00e9cologiques constitution de la feuille de route.<\/span><span data-ccp-props=\"{&quot;201341983&quot;:0,&quot;335551550&quot;:6,&quot;335551620&quot;:6,&quot;335559739&quot;:60,&quot;335559740&quot;:259}\">\u00a0<\/span><\/li>\n<\/ul>\n<ul>\n<li data-leveltext=\"\uf0b7\" data-font=\"Symbol\" data-listid=\"16\" data-list-defn-props=\"{&quot;335552541&quot;:1,&quot;335559684&quot;:-2,&quot;335559685&quot;:720,&quot;335559991&quot;:360,&quot;469769226&quot;:&quot;Symbol&quot;,&quot;469769242&quot;:[8226],&quot;469777803&quot;:&quot;left&quot;,&quot;469777804&quot;:&quot;\uf0b7&quot;,&quot;469777815&quot;:&quot;hybridMultilevel&quot;}\" aria-setsize=\"-1\" data-aria-posinset=\"1\" data-aria-level=\"1\"><b><span data-contrast=\"auto\">La conception d\u2019une offre circulaire \u00e0 grande \u00e9chelle<\/span><\/b><span data-contrast=\"auto\">\u202f: mod\u00e8les op\u00e9rationnels (process, SI, organisation) et \u00e9conomique cibles (offre, business case, business plan), conception d\u2019un pilote, pr\u00e9paration de l\u2019organisation projet et des chantiers.<\/span><span data-ccp-props=\"{&quot;201341983&quot;:0,&quot;335551550&quot;:6,&quot;335551620&quot;:6,&quot;335559739&quot;:60,&quot;335559740&quot;:259}\">\u00a0<\/span><\/li>\n<li data-leveltext=\"\uf0b7\" data-font=\"Symbol\" data-listid=\"16\" data-list-defn-props=\"{&quot;335552541&quot;:1,&quot;335559684&quot;:-2,&quot;335559685&quot;:720,&quot;335559991&quot;:360,&quot;469769226&quot;:&quot;Symbol&quot;,&quot;469769242&quot;:[8226],&quot;469777803&quot;:&quot;left&quot;,&quot;469777804&quot;:&quot;\uf0b7&quot;,&quot;469777815&quot;:&quot;hybridMultilevel&quot;}\" aria-setsize=\"-1\" data-aria-posinset=\"2\" data-aria-level=\"1\"><b><span data-contrast=\"auto\">La conception collaborative<\/span><\/b><span data-contrast=\"auto\"> avec des partenaires en tant que tiers de confiance<\/span><span data-ccp-props=\"{&quot;201341983&quot;:0,&quot;335551550&quot;:6,&quot;335551620&quot;:6,&quot;335559739&quot;:60,&quot;335559740&quot;:259}\">\u00a0<\/span><\/li>\n<li data-leveltext=\"\uf0b7\" data-font=\"Symbol\" data-listid=\"16\" data-list-defn-props=\"{&quot;335552541&quot;:1,&quot;335559684&quot;:-2,&quot;335559685&quot;:720,&quot;335559991&quot;:360,&quot;469769226&quot;:&quot;Symbol&quot;,&quot;469769242&quot;:[8226],&quot;469777803&quot;:&quot;left&quot;,&quot;469777804&quot;:&quot;\uf0b7&quot;,&quot;469777815&quot;:&quot;hybridMultilevel&quot;}\" aria-setsize=\"-1\" data-aria-posinset=\"3\" data-aria-level=\"1\"><b><span data-contrast=\"auto\">La mise en \u0153uvre de nouveaux mod\u00e8les circulaires<\/span><\/b><span data-contrast=\"auto\"> (pilote et\/ou industrialisation)\u202f: pilotage de programme, conception d\u00e9taill\u00e9e de l\u2019offre et du fonctionnement, pilotage des \u00e9volutions (logistique, SI&#8230;), conduite du changement, d\u00e9ploiement du pilote et ajustement, suivi du d\u00e9ploiement, mesure des r\u00e9sultats et bilan.<\/span><span data-ccp-props=\"{&quot;201341983&quot;:0,&quot;335551550&quot;:6,&quot;335551620&quot;:6,&quot;335559739&quot;:60,&quot;335559740&quot;:259}\">\u00a0<\/span><\/li>\n<li data-leveltext=\"\uf0b7\" data-font=\"Symbol\" data-listid=\"16\" data-list-defn-props=\"{&quot;335552541&quot;:1,&quot;335559684&quot;:-2,&quot;335559685&quot;:720,&quot;335559991&quot;:360,&quot;469769226&quot;:&quot;Symbol&quot;,&quot;469769242&quot;:[8226],&quot;469777803&quot;:&quot;left&quot;,&quot;469777804&quot;:&quot;\uf0b7&quot;,&quot;469777815&quot;:&quot;hybridMultilevel&quot;}\" aria-setsize=\"-1\" data-aria-posinset=\"4\" data-aria-level=\"1\"><b><span data-contrast=\"auto\">L\u2019\u00e9volution de l\u2019\u00e9cosyst\u00e8me SI<\/span><\/b><span data-contrast=\"auto\">\u202f: architecture, d\u00e9finition des besoins solutions SI, aide \u00e0 la s\u00e9lection des solutions.<\/span><span data-ccp-props=\"{&quot;201341983&quot;:0,&quot;335551550&quot;:6,&quot;335551620&quot;:6,&quot;335559739&quot;:60,&quot;335559740&quot;:259}\">\u00a0<\/span><\/li>\n<li data-leveltext=\"\uf0b7\" data-font=\"Symbol\" data-listid=\"16\" data-list-defn-props=\"{&quot;335552541&quot;:1,&quot;335559684&quot;:-2,&quot;335559685&quot;:720,&quot;335559991&quot;:360,&quot;469769226&quot;:&quot;Symbol&quot;,&quot;469769242&quot;:[8226],&quot;469777803&quot;:&quot;left&quot;,&quot;469777804&quot;:&quot;\uf0b7&quot;,&quot;469777815&quot;:&quot;hybridMultilevel&quot;}\" aria-setsize=\"-1\" data-aria-posinset=\"5\" data-aria-level=\"1\"><b><span data-contrast=\"auto\">L\u2019\u00e9volution de la gouvernance et du pilotage<\/span><\/b><span data-contrast=\"auto\">.<\/span><span data-ccp-props=\"{&quot;201341983&quot;:0,&quot;335551550&quot;:6,&quot;335551620&quot;:6,&quot;335559739&quot;:60,&quot;335559740&quot;:259}\">\u00a0<\/span><\/li>\n<\/ul>\n<ul>\n<li data-leveltext=\"\uf0b7\" data-font=\"Symbol\" data-listid=\"16\" data-list-defn-props=\"{&quot;335552541&quot;:1,&quot;335559684&quot;:-2,&quot;335559685&quot;:720,&quot;335559991&quot;:360,&quot;469769226&quot;:&quot;Symbol&quot;,&quot;469769242&quot;:[8226],&quot;469777803&quot;:&quot;left&quot;,&quot;469777804&quot;:&quot;\uf0b7&quot;,&quot;469777815&quot;:&quot;hybridMultilevel&quot;}\" aria-setsize=\"-1\" data-aria-posinset=\"1\" data-aria-level=\"1\"><b><span data-contrast=\"auto\">La stabilisation d\u2019op\u00e9rations circulaires<\/span><\/b><span data-contrast=\"auto\"> existantes (performance co\u00fbt\/service\/CO<\/span><span data-contrast=\"auto\">2<\/span><span data-contrast=\"auto\">).<\/span><span data-ccp-props=\"{&quot;201341983&quot;:0,&quot;335551550&quot;:6,&quot;335551620&quot;:6,&quot;335559739&quot;:60,&quot;335559740&quot;:259}\">\u00a0<\/span><\/li>\n<\/ul>\n","protected":false},"excerpt":{"rendered":"<p>Contexte et d\u00e9fis La pression sur les ressources naturelles et les mati\u00e8res ne cesse d\u2019augmenter. Celle-ci a \u00e9t\u00e9 multipli\u00e9e par 10 au cours des 50 derni\u00e8res ann\u00e9es selon l\u2019ADEME, afin de produire toujours plus de biens de consommation dont la fabrication \u00e9met des gaz \u00e0 effet de serre et dont une large part finit en [&hellip;]<\/p>\n","protected":false},"author":1,"featured_media":0,"parent":5109,"menu_order":0,"comment_status":"closed","ping_status":"closed","template":"","meta":{"_acf_changed":false,"footnotes":""},"class_list":["post-23085","page","type-page","status-publish","hentry"],"acf":[],"yoast_head":"<!-- This site is optimized with the Yoast SEO plugin v27.4 - https:\/\/yoast.com\/product\/yoast-seo-wordpress\/ -->\n<title>Economie Circulaire - Argon &amp; Co<\/title>\n<meta name=\"robots\" content=\"index, follow, max-snippet:-1, max-image-preview:large, max-video-preview:-1\" \/>\n<link rel=\"canonical\" href=\"https:\/\/www.argonandco.com\/fr\/expertises\/sustainability\/economie-circulaire\/\" \/>\n<meta property=\"og:locale\" content=\"fr_FR\" \/>\n<meta property=\"og:type\" content=\"article\" \/>\n<meta property=\"og:title\" content=\"Economie Circulaire - Argon &amp; Co\" \/>\n<meta property=\"og:description\" content=\"Contexte et d\u00e9fis La pression sur les ressources naturelles et les mati\u00e8res ne cesse d\u2019augmenter. Celle-ci a \u00e9t\u00e9 multipli\u00e9e par 10 au cours des 50 derni\u00e8res ann\u00e9es selon l\u2019ADEME, afin de produire toujours plus de biens de consommation dont la fabrication \u00e9met des gaz \u00e0 effet de serre et dont une large part finit en [&hellip;]\" \/>\n<meta property=\"og:url\" content=\"https:\/\/www.argonandco.com\/fr\/expertises\/sustainability\/economie-circulaire\/\" \/>\n<meta property=\"og:site_name\" content=\"Argon &amp; Co\" \/>\n<meta property=\"article:modified_time\" content=\"2023-05-10T13:29:03+00:00\" \/>\n<meta name=\"twitter:card\" content=\"summary_large_image\" \/>\n<meta name=\"twitter:label1\" content=\"Dur\u00e9e de lecture estim\u00e9e\" \/>\n\t<meta name=\"twitter:data1\" content=\"2 minutes\" \/>\n<script type=\"application\/ld+json\" class=\"yoast-schema-graph\">{\"@context\":\"https:\\\/\\\/schema.org\",\"@graph\":[{\"@type\":\"WebPage\",\"@id\":\"https:\\\/\\\/www.argonandco.com\\\/fr\\\/expertises\\\/sustainability\\\/economie-circulaire\\\/\",\"url\":\"https:\\\/\\\/www.argonandco.com\\\/fr\\\/expertises\\\/sustainability\\\/economie-circulaire\\\/\",\"name\":\"Economie Circulaire - Argon &amp; Co\",\"isPartOf\":{\"@id\":\"https:\\\/\\\/www.argonandco.com\\\/fr\\\/#website\"},\"datePublished\":\"2023-02-28T08:43:55+00:00\",\"dateModified\":\"2023-05-10T13:29:03+00:00\",\"breadcrumb\":{\"@id\":\"https:\\\/\\\/www.argonandco.com\\\/fr\\\/expertises\\\/sustainability\\\/economie-circulaire\\\/#breadcrumb\"},\"inLanguage\":\"fr-FR\",\"potentialAction\":[{\"@type\":\"ReadAction\",\"target\":[\"https:\\\/\\\/www.argonandco.com\\\/fr\\\/expertises\\\/sustainability\\\/economie-circulaire\\\/\"]}]},{\"@type\":\"BreadcrumbList\",\"@id\":\"https:\\\/\\\/www.argonandco.com\\\/fr\\\/expertises\\\/sustainability\\\/economie-circulaire\\\/#breadcrumb\",\"itemListElement\":[{\"@type\":\"ListItem\",\"position\":1,\"name\":\"Home\",\"item\":\"https:\\\/\\\/www.argonandco.com\\\/fr\\\/\"},{\"@type\":\"ListItem\",\"position\":2,\"name\":\"Expertises\",\"item\":\"https:\\\/\\\/www.argonandco.com\\\/fr\\\/expertises\\\/\"},{\"@type\":\"ListItem\",\"position\":3,\"name\":\"Sustainability\",\"item\":\"https:\\\/\\\/www.argonandco.com\\\/fr\\\/expertises\\\/sustainability\\\/\"},{\"@type\":\"ListItem\",\"position\":4,\"name\":\"Economie Circulaire\"}]},{\"@type\":\"WebSite\",\"@id\":\"https:\\\/\\\/www.argonandco.com\\\/fr\\\/#website\",\"url\":\"https:\\\/\\\/www.argonandco.com\\\/fr\\\/\",\"name\":\"Argon &amp; Co\",\"description\":\"We help clients achieve their strategic and operational objectives, working together to transform their businesses and generate real change.\",\"potentialAction\":[{\"@type\":\"SearchAction\",\"target\":{\"@type\":\"EntryPoint\",\"urlTemplate\":\"https:\\\/\\\/www.argonandco.com\\\/fr\\\/?s={search_term_string}\"},\"query-input\":{\"@type\":\"PropertyValueSpecification\",\"valueRequired\":true,\"valueName\":\"search_term_string\"}}],\"inLanguage\":\"fr-FR\"}]}<\/script>\n<!-- \/ Yoast SEO plugin. -->","yoast_head_json":{"title":"Economie Circulaire - Argon &amp; Co","robots":{"index":"index","follow":"follow","max-snippet":"max-snippet:-1","max-image-preview":"max-image-preview:large","max-video-preview":"max-video-preview:-1"},"canonical":"https:\/\/www.argonandco.com\/fr\/expertises\/sustainability\/economie-circulaire\/","og_locale":"fr_FR","og_type":"article","og_title":"Economie Circulaire - Argon &amp; Co","og_description":"Contexte et d\u00e9fis La pression sur les ressources naturelles et les mati\u00e8res ne cesse d\u2019augmenter. Celle-ci a \u00e9t\u00e9 multipli\u00e9e par 10 au cours des 50 derni\u00e8res ann\u00e9es selon l\u2019ADEME, afin de produire toujours plus de biens de consommation dont la fabrication \u00e9met des gaz \u00e0 effet de serre et dont une large part finit en [&hellip;]","og_url":"https:\/\/www.argonandco.com\/fr\/expertises\/sustainability\/economie-circulaire\/","og_site_name":"Argon &amp; Co","article_modified_time":"2023-05-10T13:29:03+00:00","twitter_card":"summary_large_image","twitter_misc":{"Dur\u00e9e de lecture estim\u00e9e":"2 minutes"},"schema":{"@context":"https:\/\/schema.org","@graph":[{"@type":"WebPage","@id":"https:\/\/www.argonandco.com\/fr\/expertises\/sustainability\/economie-circulaire\/","url":"https:\/\/www.argonandco.com\/fr\/expertises\/sustainability\/economie-circulaire\/","name":"Economie Circulaire - Argon &amp; Co","isPartOf":{"@id":"https:\/\/www.argonandco.com\/fr\/#website"},"datePublished":"2023-02-28T08:43:55+00:00","dateModified":"2023-05-10T13:29:03+00:00","breadcrumb":{"@id":"https:\/\/www.argonandco.com\/fr\/expertises\/sustainability\/economie-circulaire\/#breadcrumb"},"inLanguage":"fr-FR","potentialAction":[{"@type":"ReadAction","target":["https:\/\/www.argonandco.com\/fr\/expertises\/sustainability\/economie-circulaire\/"]}]},{"@type":"BreadcrumbList","@id":"https:\/\/www.argonandco.com\/fr\/expertises\/sustainability\/economie-circulaire\/#breadcrumb","itemListElement":[{"@type":"ListItem","position":1,"name":"Home","item":"https:\/\/www.argonandco.com\/fr\/"},{"@type":"ListItem","position":2,"name":"Expertises","item":"https:\/\/www.argonandco.com\/fr\/expertises\/"},{"@type":"ListItem","position":3,"name":"Sustainability","item":"https:\/\/www.argonandco.com\/fr\/expertises\/sustainability\/"},{"@type":"ListItem","position":4,"name":"Economie Circulaire"}]},{"@type":"WebSite","@id":"https:\/\/www.argonandco.com\/fr\/#website","url":"https:\/\/www.argonandco.com\/fr\/","name":"Argon &amp; Co","description":"We help clients achieve their strategic and operational objectives, working together to transform their businesses and generate real change.","potentialAction":[{"@type":"SearchAction","target":{"@type":"EntryPoint","urlTemplate":"https:\/\/www.argonandco.com\/fr\/?s={search_term_string}"},"query-input":{"@type":"PropertyValueSpecification","valueRequired":true,"valueName":"search_term_string"}}],"inLanguage":"fr-FR"}]}},"_links":{"self":[{"href":"https:\/\/www.argonandco.com\/fr\/wp-json\/wp\/v2\/pages\/23085","targetHints":{"allow":["GET"]}}],"collection":[{"href":"https:\/\/www.argonandco.com\/fr\/wp-json\/wp\/v2\/pages"}],"about":[{"href":"https:\/\/www.argonandco.com\/fr\/wp-json\/wp\/v2\/types\/page"}],"author":[{"embeddable":true,"href":"https:\/\/www.argonandco.com\/fr\/wp-json\/wp\/v2\/users\/1"}],"replies":[{"embeddable":true,"href":"https:\/\/www.argonandco.com\/fr\/wp-json\/wp\/v2\/comments?post=23085"}],"version-history":[{"count":0,"href":"https:\/\/www.argonandco.com\/fr\/wp-json\/wp\/v2\/pages\/23085\/revisions"}],"up":[{"embeddable":true,"href":"https:\/\/www.argonandco.com\/fr\/wp-json\/wp\/v2\/pages\/5109"}],"wp:attachment":[{"href":"https:\/\/www.argonandco.com\/fr\/wp-json\/wp\/v2\/media?parent=23085"}],"curies":[{"name":"wp","href":"https:\/\/api.w.org\/{rel}","templated":true}]}}