{"id":18177,"date":"2022-02-01T10:10:51","date_gmt":"2022-02-01T10:10:51","guid":{"rendered":"https:\/\/www.argonandco.com\/?page_id=18177"},"modified":"2022-06-27T17:24:45","modified_gmt":"2022-06-27T16:24:45","slug":"parcours-de-carriere","status":"publish","type":"page","link":"https:\/\/www.argonandco.com\/fr\/carrieres\/parcours-de-carriere\/","title":{"rendered":"Parcours de carri\u00e8re"},"content":{"rendered":"<h2 class=\"p1\"><span class=\"s1\"><b>Parcours de carri\u00e8re<\/b><\/span><\/h2>\n<p><span class=\"intro\">Chez Argon &amp; Co, nous permettons \u00e0 chaque consultant de construire son parcours de carri\u00e8re. Notre r\u00e9f\u00e9rentiel de comp\u00e9tences fournit un cadre partag\u00e9 qui d\u00e9finit clairement les expertises \u00e0 acqu\u00e9rir pour poursuivre sa progression au sein d\u2019Argon &amp; Co, quel que soit son niveau hi\u00e9rarchique.<\/span><\/p>\n<h3>Stagiaire<\/h3>\n<p>Tout comme nos consultants, vous travaillez au sein d\u2019une \u00e9quipe projet compos\u00e9e d\u2019Argonautes exp\u00e9riment\u00e9s et talentueux qui vous aident \u00e0 apprendre le m\u00e9tier de conseil. Vous contribuez \u00e0 produire les livrables d\u2019un chantier du projet avec un niveau de supervision adapt\u00e9.<\/p>\n<h3>Consultant Junior<\/h3>\n<p>Vous travaillez au sein d\u2019une \u00e9quipe projet compos\u00e9e d\u2019Argonautes qui vous aident \u00e0 apprendre le m\u00e9tier de conseil. En contact \u00e9troit avec les clients, vous r\u00e9alisez les livrables d\u2019un chantier du projet avec un niveau de formalisation et d\u2019analyse irr\u00e9prochable, tout en b\u00e9n\u00e9ficiant d\u2019un niveau de supervision adapt\u00e9. Vous vous investissez aussi sur des projets \u00ab internes \u00bb de d\u00e9veloppement du cabinet.<\/p>\n<h3>Consultant Senior<\/h3>\n<p>Vous commencez \u00e0 d\u00e9velopper une expertise fonctionnelle et\/ou sectorielle. En contact \u00e9troit avec les clients, vous collaborez avec les autres membres de l\u2019\u00e9quipe projet pour comprendre les enjeux clients et d\u00e9livrer un chantier de bout en bout, avec un fort degr\u00e9 d\u2019autonomie. Votre sens de la relation client se d\u00e9veloppe progressivement. Vous vous investissez aussi sur des projets de d\u00e9veloppement du cabinet sous sponsorship d\u2019un Associ\u00e9.<\/p>\n<h3>Manager<\/h3>\n<p>Vous pilotez un ou plusieurs projets en g\u00e9rant votre face-off client et en garantissant une qualit\u00e9 de livrable irr\u00e9prochable dans le d\u00e9lai convenu. Vous apportez votre expertise fonctionnelle et\/ou sectorielle. En tant que manager, vous g\u00e9rez votre \u00e9quipe avec le souci de d\u00e9velopper les consultants sur mission. Vous identifiez et participez \u00e0 la transformation de nouvelles opportunit\u00e9s de missions aupr\u00e8s des clients avec lesquels vous \u00eates en contact. Vous \u00eates le garant des valeurs Argon &amp; Co, en interne comme en externe.<\/p>\n<h3>Principal<\/h3>\n<p>Vous pilotez un ou plusieurs projets complexes. Vous d\u00e9veloppez et d\u00e9montrez une expertise au service des clients, expertise que vous partagez \u00e9galement avec les consultants d\u2019Argon &amp; Co.\u00a0 Vous vous concentrez sur le d\u00e9veloppement de relations solides et p\u00e9rennes avec vos clients. Vous identifiez et transformez de nouvelles opportunit\u00e9s de missions aupr\u00e8s des clients avec lesquels vous \u00eates en contact et participez au d\u00e9veloppement commercial du cabinet. Vous \u00eates garant des valeurs Argon &amp; Co aupr\u00e8s des \u00e9quipes et des clients.<\/p>\n<h3>Associate Partner<\/h3>\n<p>Vous dirigez plusieurs projets complexes en apportant votre exp\u00e9rience et vous construisez des relations p\u00e9rennes avec vos face-off dirigeants. Vous incarnez une expertise au b\u00e9n\u00e9fice des clients et des consultants et vous contribuez au rayonnement du cabinet. Dans le cadre de l\u2019offre que vous pilotez, vous identifiez et transformez des opportunit\u00e9s commerciales, d\u00e9veloppez du contenu et animez un r\u00e9seau d\u2019expert dans les diff\u00e9rents bureaux. Vous \u00eates garant des valeurs Argon &amp; Co et vous contribuez au d\u00e9veloppement du cabinet en tant que membre du comit\u00e9 de direction \u00e9largi d\u2019Argon &amp; Co.<\/p>\n<h3>Partner<\/h3>\n<p>Vous portez l\u2019enti\u00e8re responsabilit\u00e9 de vos missions chez les clients et mettez tous les moyens en \u0153uvre pour garantir l\u2019atteinte des r\u00e9sultats attendus. Vous d\u00e9veloppez une relation de confiance et durable avec vos clients. Vous \u00eates garant de l\u2019engagement du cabinet, que ce soit aupr\u00e8s des clients ou des consultants. En tant que membre du comit\u00e9 de direction, vous participez \u00e0 l\u2019\u00e9laboration de la strat\u00e9gie et \u00e0 sa mise en \u0153uvre, tout en d\u00e9veloppant la culture du cabinet. Vous encouragez l\u2019innovation, notamment en identifiant et en positionnant les offres sur votre p\u00e9rim\u00e8tre d\u2019expertise. Vous \u00eates garant des valeurs Argon &amp; Co.<\/p>\n","protected":false},"excerpt":{"rendered":"<p>Parcours de carri\u00e8re Chez Argon &amp; Co, nous permettons \u00e0 chaque consultant de construire son parcours de carri\u00e8re. Notre r\u00e9f\u00e9rentiel de comp\u00e9tences fournit un cadre partag\u00e9 qui d\u00e9finit clairement les expertises \u00e0 acqu\u00e9rir pour poursuivre sa progression au sein d\u2019Argon &amp; Co, quel que soit son niveau hi\u00e9rarchique. Stagiaire Tout comme nos consultants, vous travaillez [&hellip;]<\/p>\n","protected":false},"author":1,"featured_media":0,"parent":1821,"menu_order":17,"comment_status":"closed","ping_status":"closed","template":"","meta":{"_acf_changed":false,"footnotes":""},"class_list":["post-18177","page","type-page","status-publish","hentry"],"acf":[],"yoast_head":"<!-- This site is optimized with the Yoast SEO plugin v27.5 - https:\/\/yoast.com\/product\/yoast-seo-wordpress\/ -->\n<title>Parcours de carri\u00e8re - Argon &amp; Co<\/title>\n<meta name=\"robots\" content=\"index, follow, max-snippet:-1, max-image-preview:large, max-video-preview:-1\" \/>\n<link rel=\"canonical\" href=\"https:\/\/www.argonandco.com\/fr\/carrieres\/parcours-de-carriere\/\" \/>\n<meta property=\"og:locale\" content=\"fr_FR\" \/>\n<meta property=\"og:type\" content=\"article\" \/>\n<meta property=\"og:title\" content=\"Parcours de carri\u00e8re - Argon &amp; Co\" \/>\n<meta property=\"og:description\" content=\"Parcours de carri\u00e8re Chez Argon &amp; Co, nous permettons \u00e0 chaque consultant de construire son parcours de carri\u00e8re. Notre r\u00e9f\u00e9rentiel de comp\u00e9tences fournit un cadre partag\u00e9 qui d\u00e9finit clairement les expertises \u00e0 acqu\u00e9rir pour poursuivre sa progression au sein d\u2019Argon &amp; Co, quel que soit son niveau hi\u00e9rarchique. Stagiaire Tout comme nos consultants, vous travaillez [&hellip;]\" \/>\n<meta property=\"og:url\" content=\"https:\/\/www.argonandco.com\/fr\/carrieres\/parcours-de-carriere\/\" \/>\n<meta property=\"og:site_name\" content=\"Argon &amp; Co\" \/>\n<meta property=\"article:modified_time\" content=\"2022-06-27T16:24:45+00:00\" \/>\n<meta name=\"twitter:card\" content=\"summary_large_image\" \/>\n<meta name=\"twitter:label1\" content=\"Dur\u00e9e de lecture estim\u00e9e\" \/>\n\t<meta name=\"twitter:data1\" content=\"3 minutes\" \/>\n<script type=\"application\/ld+json\" class=\"yoast-schema-graph\">{\"@context\":\"https:\\\/\\\/schema.org\",\"@graph\":[{\"@type\":\"WebPage\",\"@id\":\"https:\\\/\\\/www.argonandco.com\\\/fr\\\/carrieres\\\/parcours-de-carriere\\\/\",\"url\":\"https:\\\/\\\/www.argonandco.com\\\/fr\\\/carrieres\\\/parcours-de-carriere\\\/\",\"name\":\"Parcours de carri\u00e8re - Argon &amp; Co\",\"isPartOf\":{\"@id\":\"https:\\\/\\\/www.argonandco.com\\\/fr\\\/#website\"},\"datePublished\":\"2022-02-01T10:10:51+00:00\",\"dateModified\":\"2022-06-27T16:24:45+00:00\",\"breadcrumb\":{\"@id\":\"https:\\\/\\\/www.argonandco.com\\\/fr\\\/carrieres\\\/parcours-de-carriere\\\/#breadcrumb\"},\"inLanguage\":\"fr-FR\",\"potentialAction\":[{\"@type\":\"ReadAction\",\"target\":[\"https:\\\/\\\/www.argonandco.com\\\/fr\\\/carrieres\\\/parcours-de-carriere\\\/\"]}]},{\"@type\":\"BreadcrumbList\",\"@id\":\"https:\\\/\\\/www.argonandco.com\\\/fr\\\/carrieres\\\/parcours-de-carriere\\\/#breadcrumb\",\"itemListElement\":[{\"@type\":\"ListItem\",\"position\":1,\"name\":\"Home\",\"item\":\"https:\\\/\\\/www.argonandco.com\\\/fr\\\/\"},{\"@type\":\"ListItem\",\"position\":2,\"name\":\"Carri\u00e8res\",\"item\":\"https:\\\/\\\/www.argonandco.com\\\/fr\\\/carrieres\\\/\"},{\"@type\":\"ListItem\",\"position\":3,\"name\":\"Parcours de carri\u00e8re\"}]},{\"@type\":\"WebSite\",\"@id\":\"https:\\\/\\\/www.argonandco.com\\\/fr\\\/#website\",\"url\":\"https:\\\/\\\/www.argonandco.com\\\/fr\\\/\",\"name\":\"Argon &amp; Co\",\"description\":\"We help clients achieve their strategic and operational objectives, working together to transform their businesses and generate real change.\",\"potentialAction\":[{\"@type\":\"SearchAction\",\"target\":{\"@type\":\"EntryPoint\",\"urlTemplate\":\"https:\\\/\\\/www.argonandco.com\\\/fr\\\/?s={search_term_string}\"},\"query-input\":{\"@type\":\"PropertyValueSpecification\",\"valueRequired\":true,\"valueName\":\"search_term_string\"}}],\"inLanguage\":\"fr-FR\"}]}<\/script>\n<!-- \/ Yoast SEO plugin. -->","yoast_head_json":{"title":"Parcours de carri\u00e8re - Argon &amp; Co","robots":{"index":"index","follow":"follow","max-snippet":"max-snippet:-1","max-image-preview":"max-image-preview:large","max-video-preview":"max-video-preview:-1"},"canonical":"https:\/\/www.argonandco.com\/fr\/carrieres\/parcours-de-carriere\/","og_locale":"fr_FR","og_type":"article","og_title":"Parcours de carri\u00e8re - Argon &amp; Co","og_description":"Parcours de carri\u00e8re Chez Argon &amp; Co, nous permettons \u00e0 chaque consultant de construire son parcours de carri\u00e8re. Notre r\u00e9f\u00e9rentiel de comp\u00e9tences fournit un cadre partag\u00e9 qui d\u00e9finit clairement les expertises \u00e0 acqu\u00e9rir pour poursuivre sa progression au sein d\u2019Argon &amp; Co, quel que soit son niveau hi\u00e9rarchique. Stagiaire Tout comme nos consultants, vous travaillez [&hellip;]","og_url":"https:\/\/www.argonandco.com\/fr\/carrieres\/parcours-de-carriere\/","og_site_name":"Argon &amp; Co","article_modified_time":"2022-06-27T16:24:45+00:00","twitter_card":"summary_large_image","twitter_misc":{"Dur\u00e9e de lecture estim\u00e9e":"3 minutes"},"schema":{"@context":"https:\/\/schema.org","@graph":[{"@type":"WebPage","@id":"https:\/\/www.argonandco.com\/fr\/carrieres\/parcours-de-carriere\/","url":"https:\/\/www.argonandco.com\/fr\/carrieres\/parcours-de-carriere\/","name":"Parcours de carri\u00e8re - Argon &amp; Co","isPartOf":{"@id":"https:\/\/www.argonandco.com\/fr\/#website"},"datePublished":"2022-02-01T10:10:51+00:00","dateModified":"2022-06-27T16:24:45+00:00","breadcrumb":{"@id":"https:\/\/www.argonandco.com\/fr\/carrieres\/parcours-de-carriere\/#breadcrumb"},"inLanguage":"fr-FR","potentialAction":[{"@type":"ReadAction","target":["https:\/\/www.argonandco.com\/fr\/carrieres\/parcours-de-carriere\/"]}]},{"@type":"BreadcrumbList","@id":"https:\/\/www.argonandco.com\/fr\/carrieres\/parcours-de-carriere\/#breadcrumb","itemListElement":[{"@type":"ListItem","position":1,"name":"Home","item":"https:\/\/www.argonandco.com\/fr\/"},{"@type":"ListItem","position":2,"name":"Carri\u00e8res","item":"https:\/\/www.argonandco.com\/fr\/carrieres\/"},{"@type":"ListItem","position":3,"name":"Parcours de carri\u00e8re"}]},{"@type":"WebSite","@id":"https:\/\/www.argonandco.com\/fr\/#website","url":"https:\/\/www.argonandco.com\/fr\/","name":"Argon &amp; Co","description":"We help clients achieve their strategic and operational objectives, working together to transform their businesses and generate real change.","potentialAction":[{"@type":"SearchAction","target":{"@type":"EntryPoint","urlTemplate":"https:\/\/www.argonandco.com\/fr\/?s={search_term_string}"},"query-input":{"@type":"PropertyValueSpecification","valueRequired":true,"valueName":"search_term_string"}}],"inLanguage":"fr-FR"}]}},"_links":{"self":[{"href":"https:\/\/www.argonandco.com\/fr\/wp-json\/wp\/v2\/pages\/18177","targetHints":{"allow":["GET"]}}],"collection":[{"href":"https:\/\/www.argonandco.com\/fr\/wp-json\/wp\/v2\/pages"}],"about":[{"href":"https:\/\/www.argonandco.com\/fr\/wp-json\/wp\/v2\/types\/page"}],"author":[{"embeddable":true,"href":"https:\/\/www.argonandco.com\/fr\/wp-json\/wp\/v2\/users\/1"}],"replies":[{"embeddable":true,"href":"https:\/\/www.argonandco.com\/fr\/wp-json\/wp\/v2\/comments?post=18177"}],"version-history":[{"count":0,"href":"https:\/\/www.argonandco.com\/fr\/wp-json\/wp\/v2\/pages\/18177\/revisions"}],"up":[{"embeddable":true,"href":"https:\/\/www.argonandco.com\/fr\/wp-json\/wp\/v2\/pages\/1821"}],"wp:attachment":[{"href":"https:\/\/www.argonandco.com\/fr\/wp-json\/wp\/v2\/media?parent=18177"}],"curies":[{"name":"wp","href":"https:\/\/api.w.org\/{rel}","templated":true}]}}