{"id":1730,"date":"2019-12-09T15:09:16","date_gmt":"2019-12-09T15:09:47","guid":{"rendered":"https:\/\/www.argonandco.com\/?page_id=1730"},"modified":"2022-11-10T15:15:17","modified_gmt":"2022-11-10T15:15:17","slug":"digital-achats","status":"publish","type":"page","link":"https:\/\/www.argonandco.com\/fr\/expertises\/achats\/digital-achats\/","title":{"rendered":"Digital Achats"},"content":{"rendered":"<h2><b>Contexte et d\u00e9fis<\/b><\/h2>\n<p><span class=\"intro\" style=\"font-weight: 400;\">Le d\u00e9ploiement de solutions num\u00e9riques remet en cause en profondeur la d\u00e9finition de la valeur de la fonction achat ainsi que l\u2019offre de service qu\u2019elle d\u00e9livre au sein de son \u00e9cosyst\u00e8me de clients internes et fournisseurs. Les bouleversements sont nombreux\u00a0: les cycles de d\u00e9cision se raccourcissent, les mod\u00e8les \u00e9conomiques des partenaires se complexifient, les usages B2C deviennent la norme et certaines technologies comme le machine learning ou la RPA (Robotic Process Automation) sont d\u00e9sormais bien implant\u00e9es dans les entreprises les plus innovantes.\u00a0<\/span><\/p>\n<p><span style=\"font-weight: 400;\">Pour accompagner ces \u00e9volutions, les entreprises commencent souvent par d\u00e9ployer les outils classiques du Source-to-Pay. Ce n\u2019est souvent qu\u2019une premi\u00e8re \u00e9tape. Car, pour conserver son r\u00f4le et ses missions au sein de l\u2019organisation, la fonction achats doit rapidement se transformer et se projeter dans l\u2019avenir.<\/span><\/p>\n<p><span style=\"font-weight: 400;\">Le digital procurement (ou e-procurement) participe de cette r\u00e9volution de la fonction achats. Gr\u00e2ce au num\u00e9rique, le category management devient \u00ab plus intelligent \u00bb et le management de la performance fournisseur plus pro-actif. Les transactions des process d\u2019achats s\u2019automatisent et les transferts d\u2019informations entre l\u2019entreprise et ses fournisseurs se fluidifient et devient m\u00eame un enjeu strat\u00e9gique de performance. Dans ces conditions, les marketplaces doivent de plus en plus s\u2019int\u00e9grer dans le quotidien des prescripteurs pour r\u00e9inventer le r\u00f4le de l\u2019acheteur au sein de cette relation tripartite.<\/span><span style=\"font-weight: 400;\"><br \/>\n<\/span><\/p>\n<h2><b>Notre approche<\/b><\/h2>\n<p><span style=\"font-weight: 400;\">Argon &amp; Co accompagne les entreprises dans toutes les dimensions du digital procurement :<\/span><\/p>\n<ul>\n<li style=\"list-style-type: none;\">\n<ul>\n<li style=\"font-weight: 400;\"><span style=\"font-weight: 400;\">Diagnostic de la maturit\u00e9 digitale de la fonction avec un zoom particulier sur l\u2019utilisation des outils mais aussi sur l\u2019introduction de fonctionnements, de process et de fournisseurs en rupture.<\/span><\/li>\n<li style=\"font-weight: 400;\"><span style=\"font-weight: 400;\">Organisation d\u2019un s\u00e9minaire Digital Discovery pour aider la fonction \u00e0 se projeter et \u00e0 construire sa feuille de route 4.0, au-del\u00e0 des simples outils de la fonction achats.\u00a0<\/span><\/li>\n<li style=\"font-weight: 400;\"><span style=\"font-weight: 400;\">Refonte de l\u2019offre de service de la fonction achats.<\/span><\/li>\n<li style=\"font-weight: 400;\"><span style=\"font-weight: 400;\">Mise en place d\u2019une continuit\u00e9 digitale (<\/span><span style=\"font-weight: 400;\">(connexion entre les r\u00e9seaux)<\/span><span style=\"font-weight: 400;\"> avec les fournisseurs.<\/span><\/li>\n<li style=\"font-weight: 400;\"><span style=\"font-weight: 400;\">Accompagnement dans la mise en place de solutions innovantes (marketplace, chatbot, RPA (<\/span><i><span style=\"font-weight: 400;\">Robotic Process Automation<\/span><\/i><span style=\"font-weight: 400;\">, analytics, etc.).<\/span><\/li>\n<\/ul>\n<\/li>\n<\/ul>\n<p>&nbsp;<\/p>\n","protected":false},"excerpt":{"rendered":"<p>Contexte et d\u00e9fis Le d\u00e9ploiement de solutions num\u00e9riques remet en cause en profondeur la d\u00e9finition de la valeur de la fonction achat ainsi que l\u2019offre de service qu\u2019elle d\u00e9livre au sein de son \u00e9cosyst\u00e8me de clients internes et fournisseurs. Les bouleversements sont nombreux\u00a0: les cycles de d\u00e9cision se raccourcissent, les mod\u00e8les \u00e9conomiques des partenaires se [&hellip;]<\/p>\n","protected":false},"author":1,"featured_media":0,"parent":1711,"menu_order":15,"comment_status":"closed","ping_status":"closed","template":"","meta":{"_acf_changed":false,"footnotes":""},"class_list":["post-1730","page","type-page","status-publish","hentry"],"acf":[],"yoast_head":"<!-- This site is optimized with the Yoast SEO plugin v27.4 - https:\/\/yoast.com\/product\/yoast-seo-wordpress\/ -->\n<title>Digitalisation des achats | Argon &amp; Co<\/title>\n<meta name=\"description\" content=\"Argon &amp; Co guide les entreprises dans la transformation digitale des achats \u00e0 travers des solutions de digital achat pour r\u00e9ussir leur strat\u00e9gie de performance.\" \/>\n<meta name=\"robots\" content=\"index, follow, max-snippet:-1, max-image-preview:large, max-video-preview:-1\" \/>\n<link rel=\"canonical\" href=\"https:\/\/www.argonandco.com\/fr\/expertises\/achats\/digital-achats\/\" \/>\n<meta property=\"og:locale\" content=\"fr_FR\" \/>\n<meta property=\"og:type\" content=\"article\" \/>\n<meta property=\"og:title\" content=\"Digitalisation des achats | Argon &amp; Co\" \/>\n<meta property=\"og:description\" content=\"Argon &amp; Co guide les entreprises dans la transformation digitale des achats \u00e0 travers des solutions de digital achat pour r\u00e9ussir leur strat\u00e9gie de performance.\" \/>\n<meta property=\"og:url\" content=\"https:\/\/www.argonandco.com\/fr\/expertises\/achats\/digital-achats\/\" \/>\n<meta property=\"og:site_name\" content=\"Argon &amp; Co\" \/>\n<meta property=\"article:modified_time\" content=\"2022-11-10T15:15:17+00:00\" \/>\n<meta name=\"twitter:card\" content=\"summary_large_image\" \/>\n<meta name=\"twitter:label1\" content=\"Dur\u00e9e de lecture estim\u00e9e\" \/>\n\t<meta name=\"twitter:data1\" content=\"2 minutes\" \/>\n<script type=\"application\/ld+json\" class=\"yoast-schema-graph\">{\"@context\":\"https:\\\/\\\/schema.org\",\"@graph\":[{\"@type\":\"WebPage\",\"@id\":\"https:\\\/\\\/www.argonandco.com\\\/fr\\\/expertises\\\/achats\\\/digital-achats\\\/\",\"url\":\"https:\\\/\\\/www.argonandco.com\\\/fr\\\/expertises\\\/achats\\\/digital-achats\\\/\",\"name\":\"Digitalisation des achats | Argon & Co\",\"isPartOf\":{\"@id\":\"https:\\\/\\\/www.argonandco.com\\\/fr\\\/#website\"},\"datePublished\":\"2019-12-09T15:09:47+00:00\",\"dateModified\":\"2022-11-10T15:15:17+00:00\",\"description\":\"Argon & Co guide les entreprises dans la transformation digitale des achats \u00e0 travers des solutions de digital achat pour r\u00e9ussir leur strat\u00e9gie de performance.\",\"breadcrumb\":{\"@id\":\"https:\\\/\\\/www.argonandco.com\\\/fr\\\/expertises\\\/achats\\\/digital-achats\\\/#breadcrumb\"},\"inLanguage\":\"fr-FR\",\"potentialAction\":[{\"@type\":\"ReadAction\",\"target\":[\"https:\\\/\\\/www.argonandco.com\\\/fr\\\/expertises\\\/achats\\\/digital-achats\\\/\"]}]},{\"@type\":\"BreadcrumbList\",\"@id\":\"https:\\\/\\\/www.argonandco.com\\\/fr\\\/expertises\\\/achats\\\/digital-achats\\\/#breadcrumb\",\"itemListElement\":[{\"@type\":\"ListItem\",\"position\":1,\"name\":\"Home\",\"item\":\"https:\\\/\\\/www.argonandco.com\\\/fr\\\/\"},{\"@type\":\"ListItem\",\"position\":2,\"name\":\"Expertises\",\"item\":\"https:\\\/\\\/www.argonandco.com\\\/fr\\\/expertises\\\/\"},{\"@type\":\"ListItem\",\"position\":3,\"name\":\"Achats\",\"item\":\"https:\\\/\\\/www.argonandco.com\\\/fr\\\/expertises\\\/achats\\\/\"},{\"@type\":\"ListItem\",\"position\":4,\"name\":\"Digital Achats\"}]},{\"@type\":\"WebSite\",\"@id\":\"https:\\\/\\\/www.argonandco.com\\\/fr\\\/#website\",\"url\":\"https:\\\/\\\/www.argonandco.com\\\/fr\\\/\",\"name\":\"Argon &amp; Co\",\"description\":\"We help clients achieve their strategic and operational objectives, working together to transform their businesses and generate real change.\",\"potentialAction\":[{\"@type\":\"SearchAction\",\"target\":{\"@type\":\"EntryPoint\",\"urlTemplate\":\"https:\\\/\\\/www.argonandco.com\\\/fr\\\/?s={search_term_string}\"},\"query-input\":{\"@type\":\"PropertyValueSpecification\",\"valueRequired\":true,\"valueName\":\"search_term_string\"}}],\"inLanguage\":\"fr-FR\"}]}<\/script>\n<!-- \/ Yoast SEO plugin. -->","yoast_head_json":{"title":"Digitalisation des achats | Argon & Co","description":"Argon & Co guide les entreprises dans la transformation digitale des achats \u00e0 travers des solutions de digital achat pour r\u00e9ussir leur strat\u00e9gie de performance.","robots":{"index":"index","follow":"follow","max-snippet":"max-snippet:-1","max-image-preview":"max-image-preview:large","max-video-preview":"max-video-preview:-1"},"canonical":"https:\/\/www.argonandco.com\/fr\/expertises\/achats\/digital-achats\/","og_locale":"fr_FR","og_type":"article","og_title":"Digitalisation des achats | Argon & Co","og_description":"Argon & Co guide les entreprises dans la transformation digitale des achats \u00e0 travers des solutions de digital achat pour r\u00e9ussir leur strat\u00e9gie de performance.","og_url":"https:\/\/www.argonandco.com\/fr\/expertises\/achats\/digital-achats\/","og_site_name":"Argon &amp; Co","article_modified_time":"2022-11-10T15:15:17+00:00","twitter_card":"summary_large_image","twitter_misc":{"Dur\u00e9e de lecture estim\u00e9e":"2 minutes"},"schema":{"@context":"https:\/\/schema.org","@graph":[{"@type":"WebPage","@id":"https:\/\/www.argonandco.com\/fr\/expertises\/achats\/digital-achats\/","url":"https:\/\/www.argonandco.com\/fr\/expertises\/achats\/digital-achats\/","name":"Digitalisation des achats | Argon & Co","isPartOf":{"@id":"https:\/\/www.argonandco.com\/fr\/#website"},"datePublished":"2019-12-09T15:09:47+00:00","dateModified":"2022-11-10T15:15:17+00:00","description":"Argon & Co guide les entreprises dans la transformation digitale des achats \u00e0 travers des solutions de digital achat pour r\u00e9ussir leur strat\u00e9gie de performance.","breadcrumb":{"@id":"https:\/\/www.argonandco.com\/fr\/expertises\/achats\/digital-achats\/#breadcrumb"},"inLanguage":"fr-FR","potentialAction":[{"@type":"ReadAction","target":["https:\/\/www.argonandco.com\/fr\/expertises\/achats\/digital-achats\/"]}]},{"@type":"BreadcrumbList","@id":"https:\/\/www.argonandco.com\/fr\/expertises\/achats\/digital-achats\/#breadcrumb","itemListElement":[{"@type":"ListItem","position":1,"name":"Home","item":"https:\/\/www.argonandco.com\/fr\/"},{"@type":"ListItem","position":2,"name":"Expertises","item":"https:\/\/www.argonandco.com\/fr\/expertises\/"},{"@type":"ListItem","position":3,"name":"Achats","item":"https:\/\/www.argonandco.com\/fr\/expertises\/achats\/"},{"@type":"ListItem","position":4,"name":"Digital Achats"}]},{"@type":"WebSite","@id":"https:\/\/www.argonandco.com\/fr\/#website","url":"https:\/\/www.argonandco.com\/fr\/","name":"Argon &amp; Co","description":"We help clients achieve their strategic and operational objectives, working together to transform their businesses and generate real change.","potentialAction":[{"@type":"SearchAction","target":{"@type":"EntryPoint","urlTemplate":"https:\/\/www.argonandco.com\/fr\/?s={search_term_string}"},"query-input":{"@type":"PropertyValueSpecification","valueRequired":true,"valueName":"search_term_string"}}],"inLanguage":"fr-FR"}]}},"_links":{"self":[{"href":"https:\/\/www.argonandco.com\/fr\/wp-json\/wp\/v2\/pages\/1730","targetHints":{"allow":["GET"]}}],"collection":[{"href":"https:\/\/www.argonandco.com\/fr\/wp-json\/wp\/v2\/pages"}],"about":[{"href":"https:\/\/www.argonandco.com\/fr\/wp-json\/wp\/v2\/types\/page"}],"author":[{"embeddable":true,"href":"https:\/\/www.argonandco.com\/fr\/wp-json\/wp\/v2\/users\/1"}],"replies":[{"embeddable":true,"href":"https:\/\/www.argonandco.com\/fr\/wp-json\/wp\/v2\/comments?post=1730"}],"version-history":[{"count":0,"href":"https:\/\/www.argonandco.com\/fr\/wp-json\/wp\/v2\/pages\/1730\/revisions"}],"up":[{"embeddable":true,"href":"https:\/\/www.argonandco.com\/fr\/wp-json\/wp\/v2\/pages\/1711"}],"wp:attachment":[{"href":"https:\/\/www.argonandco.com\/fr\/wp-json\/wp\/v2\/media?parent=1730"}],"curies":[{"name":"wp","href":"https:\/\/api.w.org\/{rel}","templated":true}]}}