{"id":1724,"date":"2019-12-09T15:06:16","date_gmt":"2019-12-09T15:06:46","guid":{"rendered":"https:\/\/www.argonandco.com\/?page_id=1724"},"modified":"2022-11-10T15:17:39","modified_gmt":"2022-11-10T15:17:39","slug":"management-de-la-relation-fournisseur","status":"publish","type":"page","link":"https:\/\/www.argonandco.com\/fr\/expertises\/achats\/management-de-la-relation-fournisseur\/","title":{"rendered":"Management de la relation fournisseur"},"content":{"rendered":"<h2><b>Contexte et d\u00e9fis<\/b><\/h2>\n<p><span class=\"intro\"><span style=\"font-weight: 400;\">Si le fait de disposer d\u2019une vision 360<\/span><span style=\"font-weight: 400;\">\u00b0<\/span><span style=\"font-weight: 400;\">\u00a0de ses fournisseurs est devenue une exigence partag\u00e9e par la plupart des fonctions achats, la pertinence des donn\u00e9es r\u00e9colt\u00e9es fait encore figure de pierre d\u2019achoppement. Pour pallier cette difficult\u00e9, le d\u00e9ploiement des outils num\u00e9riques repr\u00e9sente un enjeu de premier plan. Gr\u00e2ce \u00e0 ces outils, il devient possible d\u2019am\u00e9liorer la collaboration avec les fournisseurs lors des mises \u00e0 jour administratives et des plateaux d\u2019innovation ou de co-d\u00e9veloppement.<\/span><\/span><\/p>\n<p><span style=\"font-weight: 400;\">Au-del\u00e0 des phases commerciales et contentieuses, les directions achats doivent repenser tout le cycle de collaboration avec leurs fournisseurs, en prenant en compte les multiples dimensions de cette relation\u00a0: Qualit\u00e9, Co\u00fbt, D\u00e9lai, Innovation et Gestion des risques. Pour assurer une haute qualit\u00e9 de suivi et \u00eatre en mesure de prendre les bonnes d\u00e9cisions, les donn\u00e9es achats multiformes et multisources doivent \u00eatre parfaitement structur\u00e9es et r\u00e9guli\u00e8rement mises \u00e0 jour. Enfin, les achats doivent travailler \u00e0 entretenir, quand c\u2019est pertinent, un vivier de fournisseurs potentiels pour faire face \u00e0 tout changement important.\u00a0<\/span><\/p>\n<h2><b>Notre approche<\/b><\/h2>\n<p><span style=\"font-weight: 400;\">Argon &amp; Co accompagne les entreprises dans l\u2019am\u00e9lioration de leur relation fournisseur, dans toutes ses composantes :<\/span><\/p>\n<ul>\n<li style=\"list-style-type: none;\">\n<ul>\n<li style=\"font-weight: 400;\"><span style=\"font-weight: 400;\">Mise en place de processus et d\u2019outils de gestion de la relation fournisseur SRM (<\/span><i><span style=\"font-weight: 400;\">Supplier Relationship Management<\/span><\/i><span style=\"font-weight: 400;\">).<\/span><\/li>\n<li style=\"font-weight: 400;\"><span style=\"font-weight: 400;\">D\u00e9ploiement d\u2019une approche<\/span><i><span style=\"font-weight: 400;\"> design to value<\/span><\/i><span style=\"font-weight: 400;\"> entre les donneurs d\u2019ordre et les fournisseurs-cl\u00e9s.\u00a0<\/span><\/li>\n<li style=\"font-weight: 400;\"><span style=\"font-weight: 400;\">Refonte des approches d\u2019innovation ou de co-innovation avec les fournisseurs.\u00a0<\/span><\/li>\n<li style=\"font-weight: 400;\"><span style=\"font-weight: 400;\">\u00c9valuation de la continuit\u00e9 digitale des flux d\u2019informations clients-fournisseurs.<\/span><\/li>\n<li style=\"font-weight: 400;\"><span style=\"font-weight: 400;\">Mise en place des modalit\u00e9s de suivi de la performance fournisseur (Qualit\u00e9, Co\u00fbt, D\u00e9lai\u2026).\u00a0<\/span><\/li>\n<li style=\"font-weight: 400;\"><span style=\"font-weight: 400;\">\u00c9valuation de la maturit\u00e9 des outils existants et du plan de performance digital SRM.\u00a0<\/span><\/li>\n<\/ul>\n<\/li>\n<\/ul>\n","protected":false},"excerpt":{"rendered":"<p>Contexte et d\u00e9fis Si le fait de disposer d\u2019une vision 360\u00b0\u00a0de ses fournisseurs est devenue une exigence partag\u00e9e par la plupart des fonctions achats, la pertinence des donn\u00e9es r\u00e9colt\u00e9es fait encore figure de pierre d\u2019achoppement. Pour pallier cette difficult\u00e9, le d\u00e9ploiement des outils num\u00e9riques repr\u00e9sente un enjeu de premier plan. Gr\u00e2ce \u00e0 ces outils, il [&hellip;]<\/p>\n","protected":false},"author":1,"featured_media":0,"parent":1711,"menu_order":12,"comment_status":"closed","ping_status":"closed","template":"","meta":{"_acf_changed":false,"footnotes":""},"class_list":["post-1724","page","type-page","status-publish","hentry"],"acf":[],"yoast_head":"<!-- This site is optimized with the Yoast SEO plugin v27.5 - https:\/\/yoast.com\/product\/yoast-seo-wordpress\/ -->\n<title>Management de la relation fournisseur | Argon &amp; Co<\/title>\n<meta name=\"description\" content=\"Argon &amp; Co d\u00e9ploie les outils digitaux en entreprise pour un management de la relation client fournisseur efficient et un suivi qualitatif des interactions.\" \/>\n<meta name=\"robots\" content=\"index, follow, max-snippet:-1, max-image-preview:large, max-video-preview:-1\" \/>\n<link rel=\"canonical\" href=\"https:\/\/www.argonandco.com\/fr\/expertises\/achats\/management-de-la-relation-fournisseur\/\" \/>\n<meta property=\"og:locale\" content=\"fr_FR\" \/>\n<meta property=\"og:type\" content=\"article\" \/>\n<meta property=\"og:title\" content=\"Management de la relation fournisseur | Argon &amp; Co\" \/>\n<meta property=\"og:description\" content=\"Argon &amp; Co d\u00e9ploie les outils digitaux en entreprise pour un management de la relation client fournisseur efficient et un suivi qualitatif des interactions.\" \/>\n<meta property=\"og:url\" content=\"https:\/\/www.argonandco.com\/fr\/expertises\/achats\/management-de-la-relation-fournisseur\/\" \/>\n<meta property=\"og:site_name\" content=\"Argon &amp; Co\" \/>\n<meta property=\"article:modified_time\" content=\"2022-11-10T15:17:39+00:00\" \/>\n<meta name=\"twitter:card\" content=\"summary_large_image\" \/>\n<meta name=\"twitter:label1\" content=\"Dur\u00e9e de lecture estim\u00e9e\" \/>\n\t<meta name=\"twitter:data1\" content=\"1 minute\" \/>\n<script type=\"application\/ld+json\" class=\"yoast-schema-graph\">{\"@context\":\"https:\\\/\\\/schema.org\",\"@graph\":[{\"@type\":\"WebPage\",\"@id\":\"https:\\\/\\\/www.argonandco.com\\\/fr\\\/expertises\\\/achats\\\/management-de-la-relation-fournisseur\\\/\",\"url\":\"https:\\\/\\\/www.argonandco.com\\\/fr\\\/expertises\\\/achats\\\/management-de-la-relation-fournisseur\\\/\",\"name\":\"Management de la relation fournisseur | Argon & Co\",\"isPartOf\":{\"@id\":\"https:\\\/\\\/www.argonandco.com\\\/fr\\\/#website\"},\"datePublished\":\"2019-12-09T15:06:46+00:00\",\"dateModified\":\"2022-11-10T15:17:39+00:00\",\"description\":\"Argon & Co d\u00e9ploie les outils digitaux en entreprise pour un management de la relation client fournisseur efficient et un suivi qualitatif des interactions.\",\"breadcrumb\":{\"@id\":\"https:\\\/\\\/www.argonandco.com\\\/fr\\\/expertises\\\/achats\\\/management-de-la-relation-fournisseur\\\/#breadcrumb\"},\"inLanguage\":\"fr-FR\",\"potentialAction\":[{\"@type\":\"ReadAction\",\"target\":[\"https:\\\/\\\/www.argonandco.com\\\/fr\\\/expertises\\\/achats\\\/management-de-la-relation-fournisseur\\\/\"]}]},{\"@type\":\"BreadcrumbList\",\"@id\":\"https:\\\/\\\/www.argonandco.com\\\/fr\\\/expertises\\\/achats\\\/management-de-la-relation-fournisseur\\\/#breadcrumb\",\"itemListElement\":[{\"@type\":\"ListItem\",\"position\":1,\"name\":\"Home\",\"item\":\"https:\\\/\\\/www.argonandco.com\\\/fr\\\/\"},{\"@type\":\"ListItem\",\"position\":2,\"name\":\"Expertises\",\"item\":\"https:\\\/\\\/www.argonandco.com\\\/fr\\\/expertises\\\/\"},{\"@type\":\"ListItem\",\"position\":3,\"name\":\"Achats\",\"item\":\"https:\\\/\\\/www.argonandco.com\\\/fr\\\/expertises\\\/achats\\\/\"},{\"@type\":\"ListItem\",\"position\":4,\"name\":\"Management de la relation fournisseur\"}]},{\"@type\":\"WebSite\",\"@id\":\"https:\\\/\\\/www.argonandco.com\\\/fr\\\/#website\",\"url\":\"https:\\\/\\\/www.argonandco.com\\\/fr\\\/\",\"name\":\"Argon &amp; Co\",\"description\":\"We help clients achieve their strategic and operational objectives, working together to transform their businesses and generate real change.\",\"potentialAction\":[{\"@type\":\"SearchAction\",\"target\":{\"@type\":\"EntryPoint\",\"urlTemplate\":\"https:\\\/\\\/www.argonandco.com\\\/fr\\\/?s={search_term_string}\"},\"query-input\":{\"@type\":\"PropertyValueSpecification\",\"valueRequired\":true,\"valueName\":\"search_term_string\"}}],\"inLanguage\":\"fr-FR\"}]}<\/script>\n<!-- \/ Yoast SEO plugin. -->","yoast_head_json":{"title":"Management de la relation fournisseur | Argon & Co","description":"Argon & Co d\u00e9ploie les outils digitaux en entreprise pour un management de la relation client fournisseur efficient et un suivi qualitatif des interactions.","robots":{"index":"index","follow":"follow","max-snippet":"max-snippet:-1","max-image-preview":"max-image-preview:large","max-video-preview":"max-video-preview:-1"},"canonical":"https:\/\/www.argonandco.com\/fr\/expertises\/achats\/management-de-la-relation-fournisseur\/","og_locale":"fr_FR","og_type":"article","og_title":"Management de la relation fournisseur | Argon & Co","og_description":"Argon & Co d\u00e9ploie les outils digitaux en entreprise pour un management de la relation client fournisseur efficient et un suivi qualitatif des interactions.","og_url":"https:\/\/www.argonandco.com\/fr\/expertises\/achats\/management-de-la-relation-fournisseur\/","og_site_name":"Argon &amp; Co","article_modified_time":"2022-11-10T15:17:39+00:00","twitter_card":"summary_large_image","twitter_misc":{"Dur\u00e9e de lecture estim\u00e9e":"1 minute"},"schema":{"@context":"https:\/\/schema.org","@graph":[{"@type":"WebPage","@id":"https:\/\/www.argonandco.com\/fr\/expertises\/achats\/management-de-la-relation-fournisseur\/","url":"https:\/\/www.argonandco.com\/fr\/expertises\/achats\/management-de-la-relation-fournisseur\/","name":"Management de la relation fournisseur | Argon & Co","isPartOf":{"@id":"https:\/\/www.argonandco.com\/fr\/#website"},"datePublished":"2019-12-09T15:06:46+00:00","dateModified":"2022-11-10T15:17:39+00:00","description":"Argon & Co d\u00e9ploie les outils digitaux en entreprise pour un management de la relation client fournisseur efficient et un suivi qualitatif des interactions.","breadcrumb":{"@id":"https:\/\/www.argonandco.com\/fr\/expertises\/achats\/management-de-la-relation-fournisseur\/#breadcrumb"},"inLanguage":"fr-FR","potentialAction":[{"@type":"ReadAction","target":["https:\/\/www.argonandco.com\/fr\/expertises\/achats\/management-de-la-relation-fournisseur\/"]}]},{"@type":"BreadcrumbList","@id":"https:\/\/www.argonandco.com\/fr\/expertises\/achats\/management-de-la-relation-fournisseur\/#breadcrumb","itemListElement":[{"@type":"ListItem","position":1,"name":"Home","item":"https:\/\/www.argonandco.com\/fr\/"},{"@type":"ListItem","position":2,"name":"Expertises","item":"https:\/\/www.argonandco.com\/fr\/expertises\/"},{"@type":"ListItem","position":3,"name":"Achats","item":"https:\/\/www.argonandco.com\/fr\/expertises\/achats\/"},{"@type":"ListItem","position":4,"name":"Management de la relation fournisseur"}]},{"@type":"WebSite","@id":"https:\/\/www.argonandco.com\/fr\/#website","url":"https:\/\/www.argonandco.com\/fr\/","name":"Argon &amp; Co","description":"We help clients achieve their strategic and operational objectives, working together to transform their businesses and generate real change.","potentialAction":[{"@type":"SearchAction","target":{"@type":"EntryPoint","urlTemplate":"https:\/\/www.argonandco.com\/fr\/?s={search_term_string}"},"query-input":{"@type":"PropertyValueSpecification","valueRequired":true,"valueName":"search_term_string"}}],"inLanguage":"fr-FR"}]}},"_links":{"self":[{"href":"https:\/\/www.argonandco.com\/fr\/wp-json\/wp\/v2\/pages\/1724","targetHints":{"allow":["GET"]}}],"collection":[{"href":"https:\/\/www.argonandco.com\/fr\/wp-json\/wp\/v2\/pages"}],"about":[{"href":"https:\/\/www.argonandco.com\/fr\/wp-json\/wp\/v2\/types\/page"}],"author":[{"embeddable":true,"href":"https:\/\/www.argonandco.com\/fr\/wp-json\/wp\/v2\/users\/1"}],"replies":[{"embeddable":true,"href":"https:\/\/www.argonandco.com\/fr\/wp-json\/wp\/v2\/comments?post=1724"}],"version-history":[{"count":0,"href":"https:\/\/www.argonandco.com\/fr\/wp-json\/wp\/v2\/pages\/1724\/revisions"}],"up":[{"embeddable":true,"href":"https:\/\/www.argonandco.com\/fr\/wp-json\/wp\/v2\/pages\/1711"}],"wp:attachment":[{"href":"https:\/\/www.argonandco.com\/fr\/wp-json\/wp\/v2\/media?parent=1724"}],"curies":[{"name":"wp","href":"https:\/\/api.w.org\/{rel}","templated":true}]}}