{"id":1722,"date":"2019-12-09T15:05:16","date_gmt":"2019-12-09T15:05:45","guid":{"rendered":"https:\/\/www.argonandco.com\/?page_id=1722"},"modified":"2022-11-10T15:14:41","modified_gmt":"2022-11-10T15:14:41","slug":"creation-de-valeur-et-optimisation-des-couts","status":"publish","type":"page","link":"https:\/\/www.argonandco.com\/fr\/expertises\/achats\/creation-de-valeur-et-optimisation-des-couts\/","title":{"rendered":"Cr\u00e9ation de valeur et optimisation des co\u00fbts"},"content":{"rendered":"<h2><b>Contexte et d\u00e9fis<\/b><\/h2>\n<p><span class=\"intro\" style=\"font-weight: 400;\">Si le pilotage des co\u00fbts externes reste (et restera) l\u2019une des principales responsabilit\u00e9s de la fonction achats, la nature m\u00eame des optimisations \u00e0 apporter a beaucoup \u00e9volu\u00e9. Les organisations doivent se r\u00e9inventer pour porter un regard neuf, moins centr\u00e9 sur les prix et davantage tourn\u00e9 vers la cr\u00e9ation de valeur et une approche des co\u00fbts complets.\u00a0<\/span><\/p>\n<p><span style=\"font-weight: 400;\">Gr\u00e2ce \u00e0 l\u2019apport d\u00e9cisif des outils num\u00e9riques, le pilotage des politiques de consommation devient plus ais\u00e9\u00a0:\u00a0<\/span><\/p>\n<ul>\n<li style=\"font-weight: 400;\"><span style=\"font-weight: 400;\">des <\/span><span style=\"font-weight: 400;\">collaborations fournisseurs potentiellement plus fluides,\u00a0<\/span><\/li>\n<li style=\"font-weight: 400;\"><span style=\"font-weight: 400;\">une approche <\/span><i><span style=\"font-weight: 400;\">design to value<\/span><\/i><span style=\"font-weight: 400;\">, rendue possible par les plateformes num\u00e9riques, qui d\u00e9cloisonnent l\u2019entreprise au service de la cr\u00e9ation de valeur\u00a0 et dont on a encore du mal \u00e0 mesurer l\u2019\u00e9tendue de l\u2019impact co\u00fbt sur l\u2019entreprise.<\/span><\/li>\n<li style=\"font-weight: 400;\"><span style=\"font-weight: 400;\">une meilleure \u00e9valutation des co\u00fbts induits (non-qualit\u00e9, temps de cycle, respect des engagement contractuels \u2026), notamment dans la supply chain ;\u00a0<\/span><\/li>\n<li style=\"font-weight: 400;\">la mise en place de mod\u00e8le pr\u00e9dictifs, gr\u00e2ce \u00e0 l\u2019IoT et au big data, qui apportent des leviers suppl\u00e9mentaires d\u2019optimisation que l\u2019acheteur doit accompagner.<\/li>\n<\/ul>\n<h2><b>Notre approche<\/b><\/h2>\n<p><span style=\"font-weight: 400;\">Argon &amp; Co accompagne les entreprises \u00e0 relever le d\u00e9fi de la performance et de la valeur dans le cadre de l\u2019optimisation des co\u00fbts :<\/span><\/p>\n<ul>\n<li style=\"list-style-type: none;\">\n<ul>\n<li style=\"font-weight: 400;\"><span style=\"font-weight: 400;\">Mise en \u0153uvre des leviers de comp\u00e9titivit\u00e9 (Sourcing, Design to Cost, Politique de consommation\u2026) pour impacter rapidement le P&amp;L et g\u00e9n\u00e9rer du cash.<\/span><\/li>\n<li style=\"font-weight: 400;\"><span style=\"font-weight: 400;\">\u00c9valuation de la performance des co\u00fbts d\u2019achats, d\u00e9finition des objectifs et du business plan.\u00a0<\/span><\/li>\n<li style=\"font-weight: 400;\"><span style=\"font-weight: 400;\">Evaluation de la maturit\u00e9 digitale de la fonction Achats<\/span><span style=\"font-weight: 400;\">, \u00e9tablissement de la feuille de route et accompagnement dans le choix des solutions.<\/span><\/li>\n<li style=\"font-weight: 400;\"><span style=\"font-weight: 400;\">Mise en place d\u2019une initiative de d\u00e9veloppement fournisseur orient\u00e9e valeur.<\/span><\/li>\n<\/ul>\n<\/li>\n<\/ul>\n","protected":false},"excerpt":{"rendered":"<p>Contexte et d\u00e9fis Si le pilotage des co\u00fbts externes reste (et restera) l\u2019une des principales responsabilit\u00e9s de la fonction achats, la nature m\u00eame des optimisations \u00e0 apporter a beaucoup \u00e9volu\u00e9. Les organisations doivent se r\u00e9inventer pour porter un regard neuf, moins centr\u00e9 sur les prix et davantage tourn\u00e9 vers la cr\u00e9ation de valeur et une [&hellip;]<\/p>\n","protected":false},"author":1,"featured_media":0,"parent":1711,"menu_order":10,"comment_status":"closed","ping_status":"closed","template":"","meta":{"_acf_changed":false,"footnotes":""},"class_list":["post-1722","page","type-page","status-publish","hentry"],"acf":[],"yoast_head":"<!-- This site is optimized with the Yoast SEO plugin v27.4 - https:\/\/yoast.com\/product\/yoast-seo-wordpress\/ -->\n<title>Cr\u00e9ation de valeur et optimisation des co\u00fbts | Argon &amp; Co<\/title>\n<meta name=\"description\" content=\"Gr\u00e2ce \u00e0 la cr\u00e9ation de valeur et performance, Argon &amp; Co aide les entreprises \u00e0 mettre en oeuvre leur strat\u00e9gie de r\u00e9duction des co\u00fbts.\" \/>\n<meta name=\"robots\" content=\"index, follow, max-snippet:-1, max-image-preview:large, max-video-preview:-1\" \/>\n<link rel=\"canonical\" href=\"https:\/\/www.argonandco.com\/fr\/expertises\/achats\/creation-de-valeur-et-optimisation-des-couts\/\" \/>\n<meta property=\"og:locale\" content=\"fr_FR\" \/>\n<meta property=\"og:type\" content=\"article\" \/>\n<meta property=\"og:title\" content=\"Cr\u00e9ation de valeur et optimisation des co\u00fbts | Argon &amp; Co\" \/>\n<meta property=\"og:description\" content=\"Gr\u00e2ce \u00e0 la cr\u00e9ation de valeur et performance, Argon &amp; Co aide les entreprises \u00e0 mettre en oeuvre leur strat\u00e9gie de r\u00e9duction des co\u00fbts.\" \/>\n<meta property=\"og:url\" content=\"https:\/\/www.argonandco.com\/fr\/expertises\/achats\/creation-de-valeur-et-optimisation-des-couts\/\" \/>\n<meta property=\"og:site_name\" content=\"Argon &amp; Co\" \/>\n<meta property=\"article:modified_time\" content=\"2022-11-10T15:14:41+00:00\" \/>\n<meta name=\"twitter:card\" content=\"summary_large_image\" \/>\n<meta name=\"twitter:label1\" content=\"Dur\u00e9e de lecture estim\u00e9e\" \/>\n\t<meta name=\"twitter:data1\" content=\"1 minute\" \/>\n<script type=\"application\/ld+json\" class=\"yoast-schema-graph\">{\"@context\":\"https:\\\/\\\/schema.org\",\"@graph\":[{\"@type\":\"WebPage\",\"@id\":\"https:\\\/\\\/www.argonandco.com\\\/fr\\\/expertises\\\/achats\\\/creation-de-valeur-et-optimisation-des-couts\\\/\",\"url\":\"https:\\\/\\\/www.argonandco.com\\\/fr\\\/expertises\\\/achats\\\/creation-de-valeur-et-optimisation-des-couts\\\/\",\"name\":\"Cr\u00e9ation de valeur et optimisation des co\u00fbts | Argon & Co\",\"isPartOf\":{\"@id\":\"https:\\\/\\\/www.argonandco.com\\\/fr\\\/#website\"},\"datePublished\":\"2019-12-09T15:05:45+00:00\",\"dateModified\":\"2022-11-10T15:14:41+00:00\",\"description\":\"Gr\u00e2ce \u00e0 la cr\u00e9ation de valeur et performance, Argon & Co aide les entreprises \u00e0 mettre en oeuvre leur strat\u00e9gie de r\u00e9duction des co\u00fbts.\",\"breadcrumb\":{\"@id\":\"https:\\\/\\\/www.argonandco.com\\\/fr\\\/expertises\\\/achats\\\/creation-de-valeur-et-optimisation-des-couts\\\/#breadcrumb\"},\"inLanguage\":\"fr-FR\",\"potentialAction\":[{\"@type\":\"ReadAction\",\"target\":[\"https:\\\/\\\/www.argonandco.com\\\/fr\\\/expertises\\\/achats\\\/creation-de-valeur-et-optimisation-des-couts\\\/\"]}]},{\"@type\":\"BreadcrumbList\",\"@id\":\"https:\\\/\\\/www.argonandco.com\\\/fr\\\/expertises\\\/achats\\\/creation-de-valeur-et-optimisation-des-couts\\\/#breadcrumb\",\"itemListElement\":[{\"@type\":\"ListItem\",\"position\":1,\"name\":\"Home\",\"item\":\"https:\\\/\\\/www.argonandco.com\\\/fr\\\/\"},{\"@type\":\"ListItem\",\"position\":2,\"name\":\"Expertises\",\"item\":\"https:\\\/\\\/www.argonandco.com\\\/fr\\\/expertises\\\/\"},{\"@type\":\"ListItem\",\"position\":3,\"name\":\"Achats\",\"item\":\"https:\\\/\\\/www.argonandco.com\\\/fr\\\/expertises\\\/achats\\\/\"},{\"@type\":\"ListItem\",\"position\":4,\"name\":\"Cr\u00e9ation de valeur et optimisation des co\u00fbts\"}]},{\"@type\":\"WebSite\",\"@id\":\"https:\\\/\\\/www.argonandco.com\\\/fr\\\/#website\",\"url\":\"https:\\\/\\\/www.argonandco.com\\\/fr\\\/\",\"name\":\"Argon &amp; Co\",\"description\":\"We help clients achieve their strategic and operational objectives, working together to transform their businesses and generate real change.\",\"potentialAction\":[{\"@type\":\"SearchAction\",\"target\":{\"@type\":\"EntryPoint\",\"urlTemplate\":\"https:\\\/\\\/www.argonandco.com\\\/fr\\\/?s={search_term_string}\"},\"query-input\":{\"@type\":\"PropertyValueSpecification\",\"valueRequired\":true,\"valueName\":\"search_term_string\"}}],\"inLanguage\":\"fr-FR\"}]}<\/script>\n<!-- \/ Yoast SEO plugin. -->","yoast_head_json":{"title":"Cr\u00e9ation de valeur et optimisation des co\u00fbts | Argon & Co","description":"Gr\u00e2ce \u00e0 la cr\u00e9ation de valeur et performance, Argon & Co aide les entreprises \u00e0 mettre en oeuvre leur strat\u00e9gie de r\u00e9duction des co\u00fbts.","robots":{"index":"index","follow":"follow","max-snippet":"max-snippet:-1","max-image-preview":"max-image-preview:large","max-video-preview":"max-video-preview:-1"},"canonical":"https:\/\/www.argonandco.com\/fr\/expertises\/achats\/creation-de-valeur-et-optimisation-des-couts\/","og_locale":"fr_FR","og_type":"article","og_title":"Cr\u00e9ation de valeur et optimisation des co\u00fbts | Argon & Co","og_description":"Gr\u00e2ce \u00e0 la cr\u00e9ation de valeur et performance, Argon & Co aide les entreprises \u00e0 mettre en oeuvre leur strat\u00e9gie de r\u00e9duction des co\u00fbts.","og_url":"https:\/\/www.argonandco.com\/fr\/expertises\/achats\/creation-de-valeur-et-optimisation-des-couts\/","og_site_name":"Argon &amp; Co","article_modified_time":"2022-11-10T15:14:41+00:00","twitter_card":"summary_large_image","twitter_misc":{"Dur\u00e9e de lecture estim\u00e9e":"1 minute"},"schema":{"@context":"https:\/\/schema.org","@graph":[{"@type":"WebPage","@id":"https:\/\/www.argonandco.com\/fr\/expertises\/achats\/creation-de-valeur-et-optimisation-des-couts\/","url":"https:\/\/www.argonandco.com\/fr\/expertises\/achats\/creation-de-valeur-et-optimisation-des-couts\/","name":"Cr\u00e9ation de valeur et optimisation des co\u00fbts | Argon & Co","isPartOf":{"@id":"https:\/\/www.argonandco.com\/fr\/#website"},"datePublished":"2019-12-09T15:05:45+00:00","dateModified":"2022-11-10T15:14:41+00:00","description":"Gr\u00e2ce \u00e0 la cr\u00e9ation de valeur et performance, Argon & Co aide les entreprises \u00e0 mettre en oeuvre leur strat\u00e9gie de r\u00e9duction des co\u00fbts.","breadcrumb":{"@id":"https:\/\/www.argonandco.com\/fr\/expertises\/achats\/creation-de-valeur-et-optimisation-des-couts\/#breadcrumb"},"inLanguage":"fr-FR","potentialAction":[{"@type":"ReadAction","target":["https:\/\/www.argonandco.com\/fr\/expertises\/achats\/creation-de-valeur-et-optimisation-des-couts\/"]}]},{"@type":"BreadcrumbList","@id":"https:\/\/www.argonandco.com\/fr\/expertises\/achats\/creation-de-valeur-et-optimisation-des-couts\/#breadcrumb","itemListElement":[{"@type":"ListItem","position":1,"name":"Home","item":"https:\/\/www.argonandco.com\/fr\/"},{"@type":"ListItem","position":2,"name":"Expertises","item":"https:\/\/www.argonandco.com\/fr\/expertises\/"},{"@type":"ListItem","position":3,"name":"Achats","item":"https:\/\/www.argonandco.com\/fr\/expertises\/achats\/"},{"@type":"ListItem","position":4,"name":"Cr\u00e9ation de valeur et optimisation des co\u00fbts"}]},{"@type":"WebSite","@id":"https:\/\/www.argonandco.com\/fr\/#website","url":"https:\/\/www.argonandco.com\/fr\/","name":"Argon &amp; Co","description":"We help clients achieve their strategic and operational objectives, working together to transform their businesses and generate real change.","potentialAction":[{"@type":"SearchAction","target":{"@type":"EntryPoint","urlTemplate":"https:\/\/www.argonandco.com\/fr\/?s={search_term_string}"},"query-input":{"@type":"PropertyValueSpecification","valueRequired":true,"valueName":"search_term_string"}}],"inLanguage":"fr-FR"}]}},"_links":{"self":[{"href":"https:\/\/www.argonandco.com\/fr\/wp-json\/wp\/v2\/pages\/1722","targetHints":{"allow":["GET"]}}],"collection":[{"href":"https:\/\/www.argonandco.com\/fr\/wp-json\/wp\/v2\/pages"}],"about":[{"href":"https:\/\/www.argonandco.com\/fr\/wp-json\/wp\/v2\/types\/page"}],"author":[{"embeddable":true,"href":"https:\/\/www.argonandco.com\/fr\/wp-json\/wp\/v2\/users\/1"}],"replies":[{"embeddable":true,"href":"https:\/\/www.argonandco.com\/fr\/wp-json\/wp\/v2\/comments?post=1722"}],"version-history":[{"count":0,"href":"https:\/\/www.argonandco.com\/fr\/wp-json\/wp\/v2\/pages\/1722\/revisions"}],"up":[{"embeddable":true,"href":"https:\/\/www.argonandco.com\/fr\/wp-json\/wp\/v2\/pages\/1711"}],"wp:attachment":[{"href":"https:\/\/www.argonandco.com\/fr\/wp-json\/wp\/v2\/media?parent=1722"}],"curies":[{"name":"wp","href":"https:\/\/api.w.org\/{rel}","templated":true}]}}