{"id":1720,"date":"2019-12-09T15:04:16","date_gmt":"2019-12-09T15:04:10","guid":{"rendered":"https:\/\/www.argonandco.com\/?page_id=1720"},"modified":"2022-11-10T15:18:42","modified_gmt":"2022-11-10T15:18:42","slug":"organisation-de-la-fonction-achats","status":"publish","type":"page","link":"https:\/\/www.argonandco.com\/fr\/expertises\/achats\/organisation-de-la-fonction-achats\/","title":{"rendered":"Organisation de la fonction Achats"},"content":{"rendered":"<h2><b>Contexte et d\u00e9fis<\/b><\/h2>\n<p><span class=\"intro\" style=\"font-weight: 400;\">Guid\u00e9es par la recherche d\u2019\u00e9conomies et de synergies, les organisations de la fonction achats sont en constante mutation depuis une vingtaine d\u2019ann\u00e9es. Nombre d\u2019entre elles ont fait l\u2019objet d\u2019une r\u00e9organisation. Elles continuent de se focaliser sur l\u2019am\u00e9lioration de leur performance. Celle-ci passe par\u00a0:\u00a0<\/span><\/p>\n<ul>\n<li style=\"font-weight: 400;\"><span style=\"font-weight: 400;\">une meilleure interaction avec le reste de l&rsquo;entreprise\u00a0;\u00a0<\/span><\/li>\n<li style=\"font-weight: 400;\"><span style=\"font-weight: 400;\">une red\u00e9finition du lien global-local\u00a0;\u00a0<\/span><\/li>\n<li style=\"font-weight: 400;\"><span style=\"font-weight: 400;\">la promotion des actions cross-fonctionnelles et le d\u00e9veloppement de \u00ab\u00a0l\u2019exp\u00e9rience achat en interne\u00a0\u00bb, notamment via la digitalisation des processus\u00a0;\u00a0<\/span><\/li>\n<li style=\"font-weight: 400;\"><span style=\"font-weight: 400;\">la refonte de l\u2019offre de service de la fonction.<\/span><\/li>\n<\/ul>\n<p><span style=\"font-weight: 400;\">L\u2019organisation de la fonction achats doit \u00e9galement s\u2019adapter aux \u00e9volutions de l\u2019entreprise en cas de fusion, d\u2019acquisition ou d\u2019un changement de business model. L\u2019\u00e9volution des comportements clients et l\u2019\u00e9mergence d\u2019offres concurrentes low-cost doivent elles aussi \u00eatre anticip\u00e9es.<\/span><\/p>\n<h2><b>Notre approche<\/b><\/h2>\n<p><span style=\"font-weight: 400;\">Argon &amp; Co aide les entreprises \u00e0 \u00e9valuer la maturit\u00e9 de l\u2019organisation de leur fonction achats pour en am\u00e9liorer la performance, c\u2019est-\u00e0-dire gagner en agilit\u00e9 et en rentabilit\u00e9. Gr\u00e2ce \u00e0 notre importante base de benchmarks, nous proposons des solutions pratiques en mesure d\u2019am\u00e9liorer rapidement l\u2019efficience et l\u2019efficacit\u00e9 de l\u2019organisation de cette fonction :<\/span><\/p>\n<ul>\n<li style=\"list-style-type: none;\">\n<ul>\n<li style=\"font-weight: 400;\"><span style=\"font-weight: 400;\">d\u00e9finition d\u2019un mod\u00e8le organisationnel avec un niveau de centralisation adapt\u00e9\u00a0;<\/span><\/li>\n<li style=\"font-weight: 400;\"><span style=\"font-weight: 400;\">principes de gouvernance de la fonction et des interactions avec le reste de l\u2019organisation\u00a0;<\/span><\/li>\n<li style=\"font-weight: 400;\"><span style=\"font-weight: 400;\">dimensionnement des \u00e9quipes\u00a0;<\/span><\/li>\n<li style=\"font-weight: 400;\"><span style=\"font-weight: 400;\">m\u00e9thodes de mesure de la valeur cr\u00e9\u00e9e\u00a0;<\/span><\/li>\n<li style=\"font-weight: 400;\"><span style=\"font-weight: 400;\">dispositifs pour faire monter les \u00e9quipes en comp\u00e9tences\u00a0;\u00a0<\/span><\/li>\n<li style=\"font-weight: 400;\"><span style=\"font-weight: 400;\">examen des processus \u00e0 mettre en place (<\/span><i><span style=\"font-weight: 400;\">source to contract, procure to pay, contract management, supplier performance management\u2026<\/span><\/i><span style=\"font-weight: 400;\">)\u00a0;<\/span><\/li>\n<li style=\"font-weight: 400;\"><span style=\"font-weight: 400;\">s\u00e9lection d\u2019outils num\u00e9riques destin\u00e9s aux achats, au service du ROI ;\u00a0<\/span><\/li>\n<li style=\"font-weight: 400;\">P<span style=\"font-weight: 400;\">lanning de transformation.<\/span><\/li>\n<\/ul>\n<\/li>\n<\/ul>\n","protected":false},"excerpt":{"rendered":"<p>Contexte et d\u00e9fis Guid\u00e9es par la recherche d\u2019\u00e9conomies et de synergies, les organisations de la fonction achats sont en constante mutation depuis une vingtaine d\u2019ann\u00e9es. Nombre d\u2019entre elles ont fait l\u2019objet d\u2019une r\u00e9organisation. Elles continuent de se focaliser sur l\u2019am\u00e9lioration de leur performance. Celle-ci passe par\u00a0:\u00a0 une meilleure interaction avec le reste de l&rsquo;entreprise\u00a0;\u00a0 une [&hellip;]<\/p>\n","protected":false},"author":1,"featured_media":0,"parent":1711,"menu_order":9,"comment_status":"closed","ping_status":"closed","template":"","meta":{"_acf_changed":false,"footnotes":""},"class_list":["post-1720","page","type-page","status-publish","hentry"],"acf":[],"yoast_head":"<!-- This site is optimized with the Yoast SEO plugin v27.4 - https:\/\/yoast.com\/product\/yoast-seo-wordpress\/ -->\n<title>Organisation de la fonction achats | Argon &amp; Co<\/title>\n<meta name=\"description\" content=\"Argon &amp; Co int\u00e8gre la performance et cr\u00e9ation de valeur de la fonction achats pour l&#039;am\u00e9lioration de la performance op\u00e9rationnelle et financi\u00e8re des entreprises.\" \/>\n<meta name=\"robots\" content=\"index, follow, max-snippet:-1, max-image-preview:large, max-video-preview:-1\" \/>\n<link rel=\"canonical\" href=\"https:\/\/www.argonandco.com\/fr\/expertises\/achats\/organisation-de-la-fonction-achats\/\" \/>\n<meta property=\"og:locale\" content=\"fr_FR\" \/>\n<meta property=\"og:type\" content=\"article\" \/>\n<meta property=\"og:title\" content=\"Organisation de la fonction achats | Argon &amp; Co\" \/>\n<meta property=\"og:description\" content=\"Argon &amp; Co int\u00e8gre la performance et cr\u00e9ation de valeur de la fonction achats pour l&#039;am\u00e9lioration de la performance op\u00e9rationnelle et financi\u00e8re des entreprises.\" \/>\n<meta property=\"og:url\" content=\"https:\/\/www.argonandco.com\/fr\/expertises\/achats\/organisation-de-la-fonction-achats\/\" \/>\n<meta property=\"og:site_name\" content=\"Argon &amp; Co\" \/>\n<meta property=\"article:modified_time\" content=\"2022-11-10T15:18:42+00:00\" \/>\n<meta name=\"twitter:card\" content=\"summary_large_image\" \/>\n<meta name=\"twitter:label1\" content=\"Dur\u00e9e de lecture estim\u00e9e\" \/>\n\t<meta name=\"twitter:data1\" content=\"1 minute\" \/>\n<script type=\"application\/ld+json\" class=\"yoast-schema-graph\">{\"@context\":\"https:\\\/\\\/schema.org\",\"@graph\":[{\"@type\":\"WebPage\",\"@id\":\"https:\\\/\\\/www.argonandco.com\\\/fr\\\/expertises\\\/achats\\\/organisation-de-la-fonction-achats\\\/\",\"url\":\"https:\\\/\\\/www.argonandco.com\\\/fr\\\/expertises\\\/achats\\\/organisation-de-la-fonction-achats\\\/\",\"name\":\"Organisation de la fonction achats | Argon & Co\",\"isPartOf\":{\"@id\":\"https:\\\/\\\/www.argonandco.com\\\/fr\\\/#website\"},\"datePublished\":\"2019-12-09T15:04:10+00:00\",\"dateModified\":\"2022-11-10T15:18:42+00:00\",\"description\":\"Argon & Co int\u00e8gre la performance et cr\u00e9ation de valeur de la fonction achats pour l'am\u00e9lioration de la performance op\u00e9rationnelle et financi\u00e8re des entreprises.\",\"breadcrumb\":{\"@id\":\"https:\\\/\\\/www.argonandco.com\\\/fr\\\/expertises\\\/achats\\\/organisation-de-la-fonction-achats\\\/#breadcrumb\"},\"inLanguage\":\"fr-FR\",\"potentialAction\":[{\"@type\":\"ReadAction\",\"target\":[\"https:\\\/\\\/www.argonandco.com\\\/fr\\\/expertises\\\/achats\\\/organisation-de-la-fonction-achats\\\/\"]}]},{\"@type\":\"BreadcrumbList\",\"@id\":\"https:\\\/\\\/www.argonandco.com\\\/fr\\\/expertises\\\/achats\\\/organisation-de-la-fonction-achats\\\/#breadcrumb\",\"itemListElement\":[{\"@type\":\"ListItem\",\"position\":1,\"name\":\"Home\",\"item\":\"https:\\\/\\\/www.argonandco.com\\\/fr\\\/\"},{\"@type\":\"ListItem\",\"position\":2,\"name\":\"Expertises\",\"item\":\"https:\\\/\\\/www.argonandco.com\\\/fr\\\/expertises\\\/\"},{\"@type\":\"ListItem\",\"position\":3,\"name\":\"Achats\",\"item\":\"https:\\\/\\\/www.argonandco.com\\\/fr\\\/expertises\\\/achats\\\/\"},{\"@type\":\"ListItem\",\"position\":4,\"name\":\"Organisation de la fonction Achats\"}]},{\"@type\":\"WebSite\",\"@id\":\"https:\\\/\\\/www.argonandco.com\\\/fr\\\/#website\",\"url\":\"https:\\\/\\\/www.argonandco.com\\\/fr\\\/\",\"name\":\"Argon &amp; Co\",\"description\":\"We help clients achieve their strategic and operational objectives, working together to transform their businesses and generate real change.\",\"potentialAction\":[{\"@type\":\"SearchAction\",\"target\":{\"@type\":\"EntryPoint\",\"urlTemplate\":\"https:\\\/\\\/www.argonandco.com\\\/fr\\\/?s={search_term_string}\"},\"query-input\":{\"@type\":\"PropertyValueSpecification\",\"valueRequired\":true,\"valueName\":\"search_term_string\"}}],\"inLanguage\":\"fr-FR\"}]}<\/script>\n<!-- \/ Yoast SEO plugin. -->","yoast_head_json":{"title":"Organisation de la fonction achats | Argon & Co","description":"Argon & Co int\u00e8gre la performance et cr\u00e9ation de valeur de la fonction achats pour l'am\u00e9lioration de la performance op\u00e9rationnelle et financi\u00e8re des entreprises.","robots":{"index":"index","follow":"follow","max-snippet":"max-snippet:-1","max-image-preview":"max-image-preview:large","max-video-preview":"max-video-preview:-1"},"canonical":"https:\/\/www.argonandco.com\/fr\/expertises\/achats\/organisation-de-la-fonction-achats\/","og_locale":"fr_FR","og_type":"article","og_title":"Organisation de la fonction achats | Argon & Co","og_description":"Argon & Co int\u00e8gre la performance et cr\u00e9ation de valeur de la fonction achats pour l'am\u00e9lioration de la performance op\u00e9rationnelle et financi\u00e8re des entreprises.","og_url":"https:\/\/www.argonandco.com\/fr\/expertises\/achats\/organisation-de-la-fonction-achats\/","og_site_name":"Argon &amp; Co","article_modified_time":"2022-11-10T15:18:42+00:00","twitter_card":"summary_large_image","twitter_misc":{"Dur\u00e9e de lecture estim\u00e9e":"1 minute"},"schema":{"@context":"https:\/\/schema.org","@graph":[{"@type":"WebPage","@id":"https:\/\/www.argonandco.com\/fr\/expertises\/achats\/organisation-de-la-fonction-achats\/","url":"https:\/\/www.argonandco.com\/fr\/expertises\/achats\/organisation-de-la-fonction-achats\/","name":"Organisation de la fonction achats | Argon & Co","isPartOf":{"@id":"https:\/\/www.argonandco.com\/fr\/#website"},"datePublished":"2019-12-09T15:04:10+00:00","dateModified":"2022-11-10T15:18:42+00:00","description":"Argon & Co int\u00e8gre la performance et cr\u00e9ation de valeur de la fonction achats pour l'am\u00e9lioration de la performance op\u00e9rationnelle et financi\u00e8re des entreprises.","breadcrumb":{"@id":"https:\/\/www.argonandco.com\/fr\/expertises\/achats\/organisation-de-la-fonction-achats\/#breadcrumb"},"inLanguage":"fr-FR","potentialAction":[{"@type":"ReadAction","target":["https:\/\/www.argonandco.com\/fr\/expertises\/achats\/organisation-de-la-fonction-achats\/"]}]},{"@type":"BreadcrumbList","@id":"https:\/\/www.argonandco.com\/fr\/expertises\/achats\/organisation-de-la-fonction-achats\/#breadcrumb","itemListElement":[{"@type":"ListItem","position":1,"name":"Home","item":"https:\/\/www.argonandco.com\/fr\/"},{"@type":"ListItem","position":2,"name":"Expertises","item":"https:\/\/www.argonandco.com\/fr\/expertises\/"},{"@type":"ListItem","position":3,"name":"Achats","item":"https:\/\/www.argonandco.com\/fr\/expertises\/achats\/"},{"@type":"ListItem","position":4,"name":"Organisation de la fonction Achats"}]},{"@type":"WebSite","@id":"https:\/\/www.argonandco.com\/fr\/#website","url":"https:\/\/www.argonandco.com\/fr\/","name":"Argon &amp; Co","description":"We help clients achieve their strategic and operational objectives, working together to transform their businesses and generate real change.","potentialAction":[{"@type":"SearchAction","target":{"@type":"EntryPoint","urlTemplate":"https:\/\/www.argonandco.com\/fr\/?s={search_term_string}"},"query-input":{"@type":"PropertyValueSpecification","valueRequired":true,"valueName":"search_term_string"}}],"inLanguage":"fr-FR"}]}},"_links":{"self":[{"href":"https:\/\/www.argonandco.com\/fr\/wp-json\/wp\/v2\/pages\/1720","targetHints":{"allow":["GET"]}}],"collection":[{"href":"https:\/\/www.argonandco.com\/fr\/wp-json\/wp\/v2\/pages"}],"about":[{"href":"https:\/\/www.argonandco.com\/fr\/wp-json\/wp\/v2\/types\/page"}],"author":[{"embeddable":true,"href":"https:\/\/www.argonandco.com\/fr\/wp-json\/wp\/v2\/users\/1"}],"replies":[{"embeddable":true,"href":"https:\/\/www.argonandco.com\/fr\/wp-json\/wp\/v2\/comments?post=1720"}],"version-history":[{"count":0,"href":"https:\/\/www.argonandco.com\/fr\/wp-json\/wp\/v2\/pages\/1720\/revisions"}],"up":[{"embeddable":true,"href":"https:\/\/www.argonandco.com\/fr\/wp-json\/wp\/v2\/pages\/1711"}],"wp:attachment":[{"href":"https:\/\/www.argonandco.com\/fr\/wp-json\/wp\/v2\/media?parent=1720"}],"curies":[{"name":"wp","href":"https:\/\/api.w.org\/{rel}","templated":true}]}}