{"id":1707,"date":"2019-12-09T14:56:16","date_gmt":"2019-12-09T14:56:09","guid":{"rendered":"https:\/\/www.argonandco.com\/?page_id=1707"},"modified":"2024-12-16T10:17:16","modified_gmt":"2024-12-16T10:17:16","slug":"lean-finance","status":"publish","type":"page","link":"https:\/\/www.argonandco.com\/fr\/expertises\/finance\/lean-finance\/","title":{"rendered":"Lean Finance"},"content":{"rendered":"<h2><b>Contexte et d\u00e9fis<\/b><\/h2>\n<p><span class=\"intro\" style=\"font-weight: 400;\">L\u2019efficacit\u00e9 des processus administratifs n&rsquo;a pas toujours \u00e9t\u00e9 consid\u00e9r\u00e9e comme un vecteur de performance des organisations. Cependant, une partie significative des gains de productivit\u00e9 peut \u00eatre r\u00e9alis\u00e9e ailleurs que dans l&rsquo;atelier de production.<\/span><\/p>\n<p><span style=\"font-weight: 400;\">Les fonctions commerciales, administratives et de support aux op\u00e9rations (<\/span><i><span style=\"font-weight: 400;\">Sales, General and Administrative Functions<\/span><\/i><span style=\"font-weight: 400;\"> ou SG&amp;A) repr\u00e9sentent une part importante des charges d\u2019exploitation. Selon les secteurs d\u2019activit\u00e9 et le niveau de maturit\u00e9 des organisations, leur poids peut s\u2019av\u00e9rer tr\u00e8s variable, signe que ces charges sont tr\u00e8s man\u0153uvrables. Pour cette raison, les entreprises sont d\u00e9sormais nombreuses \u00e0 entrer dans une logique d\u2019industrialisation de leurs fonctions support, avec la cr\u00e9ation de centres de services partag\u00e9s (<\/span><i><span style=\"font-weight: 400;\">shared services centers<\/span><\/i><span style=\"font-weight: 400;\">) et la mise en place de processus standardis\u00e9s.\u00a0<\/span><\/p>\n<p><span style=\"font-weight: 400;\">Ces mutations permettent d\u2019appliquer aux fonctions support les techniques du lean management, tant leur fonctionnement s\u2019est rapproch\u00e9 de celui des ateliers de production. Les m\u00e9thodologies employ\u00e9es sont les m\u00eames que celles d\u2019une d\u00e9marche de lean management industriel (<\/span><i><span style=\"font-weight: 400;\">Time in Motion analysis, Value Stream Mapping, Kaizen Events, Gemba, Spaghetti Bowl analysis<\/span><\/i><span style=\"font-weight: 400;\">, etc.). Pour donner des r\u00e9sultats probants, le lean management exige une forte compr\u00e9hension du domaine fonctionnel afin de garantir la pertinence des recommandations.<\/span><\/p>\n<p><span style=\"font-weight: 400;\">Comme dans toute d\u00e9marche de lean management, la recherche de valeur ajout\u00e9e pour le client, le plus souvent les op\u00e9rations, est centrale. C\u2019est pourquoi ces derniers sont plac\u00e9s au c\u0153ur de la r\u00e9flexion, afin qu\u2019ils expriment leurs attentes sp\u00e9cifiques quant \u00e0 chaque fonction support \u2013 par exemple, assurer l\u2019acheminement des mati\u00e8res et des composants sur les lignes de production pour la fonction approvisionnements ou produire l\u2019information comptable dans les meilleurs d\u00e9lais et au meilleur co\u00fbt pour la comptabilit\u00e9.<\/span><\/p>\n<h2><b>Notre approche<\/b><\/h2>\n<p><span style=\"font-weight: 400;\">Pour chaque processus, Argon &amp; Co mobilise des experts fonctionnels et sectoriels rompus aux techniques du lean management.<\/span><\/p>\n<p><span style=\"font-weight: 400;\">Nous privil\u00e9gions une approche pragmatique, afin de d\u00e9gager des gains rapides mais aussi de responsabiliser tous les acteurs et d\u2019ancrer ces nouveaux comportements qui p\u00e9renniseront les r\u00e9sultats.<\/span><\/p>\n<p><span style=\"font-weight: 400;\">Nos expertises m\u00e9tier et notre capacit\u00e9 \u00e0 intervenir au plus pr\u00e8s du terrain, tant avec les \u00e9quipes op\u00e9rationnelles qu\u2019avec les \u00e9quipes fonctionnelles, nous permet d&rsquo;accompagner nos clients dans la mise en \u0153uvre du lean office :<\/span><\/p>\n<ul>\n<li style=\"font-weight: 400;\"><span style=\"font-weight: 400;\">quantification et analyse fine de l&rsquo;ensemble des t\u00e2ches et des d\u00e9penses des services concern\u00e9s,<\/span><\/li>\n<li style=\"font-weight: 400;\"><span style=\"font-weight: 400;\">\u00e9valuation de la n\u00e9cessit\u00e9 et de la valeur, pour le client interne (et externe), des diff\u00e9rentes t\u00e2ches et activit\u00e9s,<\/span><\/li>\n<li style=\"font-weight: 400;\"><span style=\"font-weight: 400;\">qualification du risque de la suppression \u00e9ventuelle de certaines t\u00e2ches,<\/span><\/li>\n<li style=\"font-weight: 400;\"><span style=\"font-weight: 400;\">fixation des objectifs de r\u00e9duction de co\u00fbts aux diff\u00e9rents responsables afin de faciliter la remise en cause et de permettre les ruptures dans les comportements,<\/span><\/li>\n<li style=\"font-weight: 400;\"><span style=\"font-weight: 400;\">et, bien s\u00fbr, l&rsquo;accompagnement de l&rsquo;entreprise dans la mise en \u0153uvre des actions d\u00e9finies, le change management et le suivi des gains.<\/span><\/li>\n<\/ul>\n<p>&nbsp;<\/p>\n<div id=\"gtx-trans\" style=\"position: absolute; left: 250px; top: 52px;\">\n<div class=\"gtx-trans-icon\"><\/div>\n<\/div>\n","protected":false},"excerpt":{"rendered":"<p>Contexte et d\u00e9fis L\u2019efficacit\u00e9 des processus administratifs n&rsquo;a pas toujours \u00e9t\u00e9 consid\u00e9r\u00e9e comme un vecteur de performance des organisations. Cependant, une partie significative des gains de productivit\u00e9 peut \u00eatre r\u00e9alis\u00e9e ailleurs que dans l&rsquo;atelier de production. Les fonctions commerciales, administratives et de support aux op\u00e9rations (Sales, General and Administrative Functions ou SG&amp;A) repr\u00e9sentent une part [&hellip;]<\/p>\n","protected":false},"author":1,"featured_media":0,"parent":1691,"menu_order":14,"comment_status":"closed","ping_status":"closed","template":"","meta":{"_acf_changed":false,"footnotes":""},"class_list":["post-1707","page","type-page","status-publish","hentry"],"acf":[],"yoast_head":"<!-- This site is optimized with the Yoast SEO plugin v27.4 - https:\/\/yoast.com\/product\/yoast-seo-wordpress\/ -->\n<title>Lean Finance | Argon &amp; Co<\/title>\n<meta name=\"description\" content=\"Argon &amp; Co utilise la m\u00e9thodologie Lean Finance pour optimiser les processus des frais g\u00e9n\u00e9raux et administratifs et am\u00e9liorer la performance du back-office.\" \/>\n<meta name=\"robots\" content=\"index, follow, max-snippet:-1, max-image-preview:large, max-video-preview:-1\" \/>\n<link rel=\"canonical\" href=\"https:\/\/www.argonandco.com\/fr\/expertises\/finance\/lean-finance\/\" \/>\n<meta property=\"og:locale\" content=\"fr_FR\" \/>\n<meta property=\"og:type\" content=\"article\" \/>\n<meta property=\"og:title\" content=\"Lean Finance | Argon &amp; Co\" \/>\n<meta property=\"og:description\" content=\"Argon &amp; Co utilise la m\u00e9thodologie Lean Finance pour optimiser les processus des frais g\u00e9n\u00e9raux et administratifs et am\u00e9liorer la performance du back-office.\" \/>\n<meta property=\"og:url\" content=\"https:\/\/www.argonandco.com\/fr\/expertises\/finance\/lean-finance\/\" \/>\n<meta property=\"og:site_name\" content=\"Argon &amp; Co\" \/>\n<meta property=\"article:modified_time\" content=\"2024-12-16T10:17:16+00:00\" \/>\n<meta name=\"twitter:card\" content=\"summary_large_image\" \/>\n<meta name=\"twitter:label1\" content=\"Dur\u00e9e de lecture estim\u00e9e\" \/>\n\t<meta name=\"twitter:data1\" content=\"3 minutes\" \/>\n<script type=\"application\/ld+json\" class=\"yoast-schema-graph\">{\"@context\":\"https:\\\/\\\/schema.org\",\"@graph\":[{\"@type\":\"WebPage\",\"@id\":\"https:\\\/\\\/www.argonandco.com\\\/fr\\\/expertises\\\/finance\\\/lean-finance\\\/\",\"url\":\"https:\\\/\\\/www.argonandco.com\\\/fr\\\/expertises\\\/finance\\\/lean-finance\\\/\",\"name\":\"Lean Finance | Argon & Co\",\"isPartOf\":{\"@id\":\"https:\\\/\\\/www.argonandco.com\\\/fr\\\/#website\"},\"datePublished\":\"2019-12-09T14:56:09+00:00\",\"dateModified\":\"2024-12-16T10:17:16+00:00\",\"description\":\"Argon & Co utilise la m\u00e9thodologie Lean Finance pour optimiser les processus des frais g\u00e9n\u00e9raux et administratifs et am\u00e9liorer la performance du back-office.\",\"breadcrumb\":{\"@id\":\"https:\\\/\\\/www.argonandco.com\\\/fr\\\/expertises\\\/finance\\\/lean-finance\\\/#breadcrumb\"},\"inLanguage\":\"fr-FR\",\"potentialAction\":[{\"@type\":\"ReadAction\",\"target\":[\"https:\\\/\\\/www.argonandco.com\\\/fr\\\/expertises\\\/finance\\\/lean-finance\\\/\"]}]},{\"@type\":\"BreadcrumbList\",\"@id\":\"https:\\\/\\\/www.argonandco.com\\\/fr\\\/expertises\\\/finance\\\/lean-finance\\\/#breadcrumb\",\"itemListElement\":[{\"@type\":\"ListItem\",\"position\":1,\"name\":\"Home\",\"item\":\"https:\\\/\\\/www.argonandco.com\\\/fr\\\/\"},{\"@type\":\"ListItem\",\"position\":2,\"name\":\"Expertises\",\"item\":\"https:\\\/\\\/www.argonandco.com\\\/fr\\\/expertises\\\/\"},{\"@type\":\"ListItem\",\"position\":3,\"name\":\"Finance\",\"item\":\"https:\\\/\\\/www.argonandco.com\\\/fr\\\/expertises\\\/finance\\\/\"},{\"@type\":\"ListItem\",\"position\":4,\"name\":\"Lean Finance\"}]},{\"@type\":\"WebSite\",\"@id\":\"https:\\\/\\\/www.argonandco.com\\\/fr\\\/#website\",\"url\":\"https:\\\/\\\/www.argonandco.com\\\/fr\\\/\",\"name\":\"Argon &amp; Co\",\"description\":\"We help clients achieve their strategic and operational objectives, working together to transform their businesses and generate real change.\",\"potentialAction\":[{\"@type\":\"SearchAction\",\"target\":{\"@type\":\"EntryPoint\",\"urlTemplate\":\"https:\\\/\\\/www.argonandco.com\\\/fr\\\/?s={search_term_string}\"},\"query-input\":{\"@type\":\"PropertyValueSpecification\",\"valueRequired\":true,\"valueName\":\"search_term_string\"}}],\"inLanguage\":\"fr-FR\"}]}<\/script>\n<!-- \/ Yoast SEO plugin. -->","yoast_head_json":{"title":"Lean Finance | Argon & Co","description":"Argon & Co utilise la m\u00e9thodologie Lean Finance pour optimiser les processus des frais g\u00e9n\u00e9raux et administratifs et am\u00e9liorer la performance du back-office.","robots":{"index":"index","follow":"follow","max-snippet":"max-snippet:-1","max-image-preview":"max-image-preview:large","max-video-preview":"max-video-preview:-1"},"canonical":"https:\/\/www.argonandco.com\/fr\/expertises\/finance\/lean-finance\/","og_locale":"fr_FR","og_type":"article","og_title":"Lean Finance | Argon & Co","og_description":"Argon & Co utilise la m\u00e9thodologie Lean Finance pour optimiser les processus des frais g\u00e9n\u00e9raux et administratifs et am\u00e9liorer la performance du back-office.","og_url":"https:\/\/www.argonandco.com\/fr\/expertises\/finance\/lean-finance\/","og_site_name":"Argon &amp; Co","article_modified_time":"2024-12-16T10:17:16+00:00","twitter_card":"summary_large_image","twitter_misc":{"Dur\u00e9e de lecture estim\u00e9e":"3 minutes"},"schema":{"@context":"https:\/\/schema.org","@graph":[{"@type":"WebPage","@id":"https:\/\/www.argonandco.com\/fr\/expertises\/finance\/lean-finance\/","url":"https:\/\/www.argonandco.com\/fr\/expertises\/finance\/lean-finance\/","name":"Lean Finance | Argon & Co","isPartOf":{"@id":"https:\/\/www.argonandco.com\/fr\/#website"},"datePublished":"2019-12-09T14:56:09+00:00","dateModified":"2024-12-16T10:17:16+00:00","description":"Argon & Co utilise la m\u00e9thodologie Lean Finance pour optimiser les processus des frais g\u00e9n\u00e9raux et administratifs et am\u00e9liorer la performance du back-office.","breadcrumb":{"@id":"https:\/\/www.argonandco.com\/fr\/expertises\/finance\/lean-finance\/#breadcrumb"},"inLanguage":"fr-FR","potentialAction":[{"@type":"ReadAction","target":["https:\/\/www.argonandco.com\/fr\/expertises\/finance\/lean-finance\/"]}]},{"@type":"BreadcrumbList","@id":"https:\/\/www.argonandco.com\/fr\/expertises\/finance\/lean-finance\/#breadcrumb","itemListElement":[{"@type":"ListItem","position":1,"name":"Home","item":"https:\/\/www.argonandco.com\/fr\/"},{"@type":"ListItem","position":2,"name":"Expertises","item":"https:\/\/www.argonandco.com\/fr\/expertises\/"},{"@type":"ListItem","position":3,"name":"Finance","item":"https:\/\/www.argonandco.com\/fr\/expertises\/finance\/"},{"@type":"ListItem","position":4,"name":"Lean Finance"}]},{"@type":"WebSite","@id":"https:\/\/www.argonandco.com\/fr\/#website","url":"https:\/\/www.argonandco.com\/fr\/","name":"Argon &amp; Co","description":"We help clients achieve their strategic and operational objectives, working together to transform their businesses and generate real change.","potentialAction":[{"@type":"SearchAction","target":{"@type":"EntryPoint","urlTemplate":"https:\/\/www.argonandco.com\/fr\/?s={search_term_string}"},"query-input":{"@type":"PropertyValueSpecification","valueRequired":true,"valueName":"search_term_string"}}],"inLanguage":"fr-FR"}]}},"_links":{"self":[{"href":"https:\/\/www.argonandco.com\/fr\/wp-json\/wp\/v2\/pages\/1707","targetHints":{"allow":["GET"]}}],"collection":[{"href":"https:\/\/www.argonandco.com\/fr\/wp-json\/wp\/v2\/pages"}],"about":[{"href":"https:\/\/www.argonandco.com\/fr\/wp-json\/wp\/v2\/types\/page"}],"author":[{"embeddable":true,"href":"https:\/\/www.argonandco.com\/fr\/wp-json\/wp\/v2\/users\/1"}],"replies":[{"embeddable":true,"href":"https:\/\/www.argonandco.com\/fr\/wp-json\/wp\/v2\/comments?post=1707"}],"version-history":[{"count":0,"href":"https:\/\/www.argonandco.com\/fr\/wp-json\/wp\/v2\/pages\/1707\/revisions"}],"up":[{"embeddable":true,"href":"https:\/\/www.argonandco.com\/fr\/wp-json\/wp\/v2\/pages\/1691"}],"wp:attachment":[{"href":"https:\/\/www.argonandco.com\/fr\/wp-json\/wp\/v2\/media?parent=1707"}],"curies":[{"name":"wp","href":"https:\/\/api.w.org\/{rel}","templated":true}]}}