{"id":16875,"date":"2021-09-07T16:15:25","date_gmt":"2021-09-07T15:15:25","guid":{"rendered":"https:\/\/www.argonandco.com\/?page_id=16875"},"modified":"2021-09-07T16:15:25","modified_gmt":"2021-09-07T15:15:25","slug":"pricing-excellence","status":"publish","type":"page","link":"https:\/\/www.argonandco.com\/fr\/expertises\/sga\/pricing-excellence\/","title":{"rendered":"Pricing excellence"},"content":{"rendered":"<h2>Contexte et D\u00e9fis<\/h2>\n<p><span class=\"intro\">Le prix est un facteur majeur pour augmenter (ou r\u00e9duire) les revenus d&rsquo;une organisation. Dans de nombreux secteurs d&rsquo;activit\u00e9, nous constatons que les entreprises fixent souvent les prix sur la base d&rsquo;un prix de revient major\u00e9, ce qui permet \u00e0 leurs \u00e9quipes de vente d&rsquo;accorder les rabais qu&rsquo;elles jugent n\u00e9cessaires pour conclure des ventes. La d\u00e9finition des prix peut rapidement inclure une myriade de d\u00e9cisions mal comprises et mal coordonn\u00e9es, ce qui entra\u00eene un manque de transparence et peut amener l\u2019entreprise \u00e0 ressentir un manque de contr\u00f4le et de leviers d\u2019action qui laisse \u00e0 penser que c\u2019est le march\u00e9 qui lui dicte ses prix.<\/span><\/p>\n<p>Cela peut s\u2019av\u00e9rer exact pour les produits de base, mais des situations similaires existent pour les produits de marque ou de sp\u00e9cialit\u00e9s, pour lesquels le fabriquant dispose d&rsquo;une plus grande marge de man\u0153uvre pour d\u00e9finir son offre et valoriser son prix.<\/p>\n<h2>Notre approche<\/h2>\n<p>Notre approche <em>Pricing Excellence<\/em> vise, en six \u00e9tapes, \u00e0 red\u00e9finir les points de r\u00e9f\u00e9rence de prix, \u00e0 travers une analyse du co\u00fbt de mise \u00e0 disposition (approche <em>Cost to Serve<\/em>). Cela permet d&rsquo;obtenir une meilleure visibilit\u00e9 des prix de vente cibles et du degr\u00e9 de variation r\u00e9el autour de ceux-ci. Nous constatons g\u00e9n\u00e9ralement que 25 \u00e0 40% des produits n&rsquo;apportent aucune contribution ou une contribution n\u00e9gative et que 10 \u00e0 20% des clients ne sont pas rentables.<\/p>\n<p>Nous aidons nos clients \u00e0 mettre en place de nouvelles structures de prix et \u00e0 les d\u00e9ployer plus efficacement via des revues tarifaires r\u00e9guli\u00e8res et une gouvernance mieux structur\u00e9e et inform\u00e9e. Nous d\u00e9finissons avec l\u2019\u00e9quipe commerciale des r\u00e8gles de tarification claires, un processus de revue et de r\u00e9duction des variances de prix pour atteindre une rentabilit\u00e9 accrue.<\/p>\n<p>Les six \u00e9tapes de notre approche <em>Pricing Excellence<\/em> comportent une \u00e9valuation du <em>Pricing<\/em> et de sa maturit\u00e9, une analyse du co\u00fbt r\u00e9el des produits et services aux clients (<em>Cost to Serve<\/em>) et un diagnostic de rentabilit\u00e9 r\u00e9elle par produit et par client. Apr\u00e8s ces \u00e9valuations et analyses, nous d\u00e9finissons de nouveaux mod\u00e8les, structures, r\u00e8gles et responsabilit\u00e9s pour le <em>Pricing<\/em>. Pour les int\u00e9grer, le processus de <em>Pricing<\/em> est affin\u00e9 et un syst\u00e8me de pilotage multifonctionnel est mis en place, avec des plans d\u2019actions d\u00e9di\u00e9s pour r\u00e9duire la variabilit\u00e9 des prix.<\/p>\n<p>Notre approche <em>Pricing Excellence<\/em> a \u00e9t\u00e9 appliqu\u00e9e dans de nombreux secteurs, notamment dans les industries manufacturi\u00e8res, chimiques, agroalimentaires et plastiques, avec une augmentation d&rsquo;au moins 1% du chiffre d&rsquo;affaires et de 8% de l&rsquo;EBITDA (<em>Earnings Before Interest, Taxes, Depreciation, and Amortization<\/em>).<\/p>\n<div id=\"gtx-trans\" style=\"position: absolute; left: 362px; top: 768.375px;\">\n<div class=\"gtx-trans-icon\"><\/div>\n<\/div>\n","protected":false},"excerpt":{"rendered":"<p>Contexte et D\u00e9fis Le prix est un facteur majeur pour augmenter (ou r\u00e9duire) les revenus d&rsquo;une organisation. Dans de nombreux secteurs d&rsquo;activit\u00e9, nous constatons que les entreprises fixent souvent les prix sur la base d&rsquo;un prix de revient major\u00e9, ce qui permet \u00e0 leurs \u00e9quipes de vente d&rsquo;accorder les rabais qu&rsquo;elles jugent n\u00e9cessaires pour conclure [&hellip;]<\/p>\n","protected":false},"author":1,"featured_media":0,"parent":1386,"menu_order":8,"comment_status":"closed","ping_status":"closed","template":"","meta":{"_acf_changed":false,"footnotes":""},"class_list":["post-16875","page","type-page","status-publish","hentry"],"acf":[],"yoast_head":"<!-- This site is optimized with the Yoast SEO plugin v27.4 - https:\/\/yoast.com\/product\/yoast-seo-wordpress\/ -->\n<title>Pricing excellence - Argon &amp; Co<\/title>\n<meta name=\"robots\" content=\"index, follow, max-snippet:-1, max-image-preview:large, max-video-preview:-1\" \/>\n<link rel=\"canonical\" href=\"https:\/\/www.argonandco.com\/fr\/expertises\/sga\/pricing-excellence\/\" \/>\n<meta property=\"og:locale\" content=\"fr_FR\" \/>\n<meta property=\"og:type\" content=\"article\" \/>\n<meta property=\"og:title\" content=\"Pricing excellence - Argon &amp; Co\" \/>\n<meta property=\"og:description\" content=\"Contexte et D\u00e9fis Le prix est un facteur majeur pour augmenter (ou r\u00e9duire) les revenus d&rsquo;une organisation. Dans de nombreux secteurs d&rsquo;activit\u00e9, nous constatons que les entreprises fixent souvent les prix sur la base d&rsquo;un prix de revient major\u00e9, ce qui permet \u00e0 leurs \u00e9quipes de vente d&rsquo;accorder les rabais qu&rsquo;elles jugent n\u00e9cessaires pour conclure [&hellip;]\" \/>\n<meta property=\"og:url\" content=\"https:\/\/www.argonandco.com\/fr\/expertises\/sga\/pricing-excellence\/\" \/>\n<meta property=\"og:site_name\" content=\"Argon &amp; Co\" \/>\n<meta name=\"twitter:card\" content=\"summary_large_image\" \/>\n<meta name=\"twitter:label1\" content=\"Dur\u00e9e de lecture estim\u00e9e\" \/>\n\t<meta name=\"twitter:data1\" content=\"2 minutes\" \/>\n<script type=\"application\/ld+json\" class=\"yoast-schema-graph\">{\"@context\":\"https:\\\/\\\/schema.org\",\"@graph\":[{\"@type\":\"WebPage\",\"@id\":\"https:\\\/\\\/www.argonandco.com\\\/fr\\\/expertises\\\/sga\\\/pricing-excellence\\\/\",\"url\":\"https:\\\/\\\/www.argonandco.com\\\/fr\\\/expertises\\\/sga\\\/pricing-excellence\\\/\",\"name\":\"Pricing excellence - Argon &amp; Co\",\"isPartOf\":{\"@id\":\"https:\\\/\\\/www.argonandco.com\\\/fr\\\/#website\"},\"datePublished\":\"2021-09-07T15:15:25+00:00\",\"breadcrumb\":{\"@id\":\"https:\\\/\\\/www.argonandco.com\\\/fr\\\/expertises\\\/sga\\\/pricing-excellence\\\/#breadcrumb\"},\"inLanguage\":\"fr-FR\",\"potentialAction\":[{\"@type\":\"ReadAction\",\"target\":[\"https:\\\/\\\/www.argonandco.com\\\/fr\\\/expertises\\\/sga\\\/pricing-excellence\\\/\"]}]},{\"@type\":\"BreadcrumbList\",\"@id\":\"https:\\\/\\\/www.argonandco.com\\\/fr\\\/expertises\\\/sga\\\/pricing-excellence\\\/#breadcrumb\",\"itemListElement\":[{\"@type\":\"ListItem\",\"position\":1,\"name\":\"Home\",\"item\":\"https:\\\/\\\/www.argonandco.com\\\/fr\\\/\"},{\"@type\":\"ListItem\",\"position\":2,\"name\":\"Expertises\",\"item\":\"https:\\\/\\\/www.argonandco.com\\\/fr\\\/expertises\\\/\"},{\"@type\":\"ListItem\",\"position\":3,\"name\":\"SG&#038;A\",\"item\":\"https:\\\/\\\/www.argonandco.com\\\/fr\\\/expertises\\\/sga\\\/\"},{\"@type\":\"ListItem\",\"position\":4,\"name\":\"Pricing excellence\"}]},{\"@type\":\"WebSite\",\"@id\":\"https:\\\/\\\/www.argonandco.com\\\/fr\\\/#website\",\"url\":\"https:\\\/\\\/www.argonandco.com\\\/fr\\\/\",\"name\":\"Argon &amp; Co\",\"description\":\"We help clients achieve their strategic and operational objectives, working together to transform their businesses and generate real change.\",\"potentialAction\":[{\"@type\":\"SearchAction\",\"target\":{\"@type\":\"EntryPoint\",\"urlTemplate\":\"https:\\\/\\\/www.argonandco.com\\\/fr\\\/?s={search_term_string}\"},\"query-input\":{\"@type\":\"PropertyValueSpecification\",\"valueRequired\":true,\"valueName\":\"search_term_string\"}}],\"inLanguage\":\"fr-FR\"}]}<\/script>\n<!-- \/ Yoast SEO plugin. -->","yoast_head_json":{"title":"Pricing excellence - Argon &amp; Co","robots":{"index":"index","follow":"follow","max-snippet":"max-snippet:-1","max-image-preview":"max-image-preview:large","max-video-preview":"max-video-preview:-1"},"canonical":"https:\/\/www.argonandco.com\/fr\/expertises\/sga\/pricing-excellence\/","og_locale":"fr_FR","og_type":"article","og_title":"Pricing excellence - Argon &amp; Co","og_description":"Contexte et D\u00e9fis Le prix est un facteur majeur pour augmenter (ou r\u00e9duire) les revenus d&rsquo;une organisation. Dans de nombreux secteurs d&rsquo;activit\u00e9, nous constatons que les entreprises fixent souvent les prix sur la base d&rsquo;un prix de revient major\u00e9, ce qui permet \u00e0 leurs \u00e9quipes de vente d&rsquo;accorder les rabais qu&rsquo;elles jugent n\u00e9cessaires pour conclure [&hellip;]","og_url":"https:\/\/www.argonandco.com\/fr\/expertises\/sga\/pricing-excellence\/","og_site_name":"Argon &amp; Co","twitter_card":"summary_large_image","twitter_misc":{"Dur\u00e9e de lecture estim\u00e9e":"2 minutes"},"schema":{"@context":"https:\/\/schema.org","@graph":[{"@type":"WebPage","@id":"https:\/\/www.argonandco.com\/fr\/expertises\/sga\/pricing-excellence\/","url":"https:\/\/www.argonandco.com\/fr\/expertises\/sga\/pricing-excellence\/","name":"Pricing excellence - Argon &amp; Co","isPartOf":{"@id":"https:\/\/www.argonandco.com\/fr\/#website"},"datePublished":"2021-09-07T15:15:25+00:00","breadcrumb":{"@id":"https:\/\/www.argonandco.com\/fr\/expertises\/sga\/pricing-excellence\/#breadcrumb"},"inLanguage":"fr-FR","potentialAction":[{"@type":"ReadAction","target":["https:\/\/www.argonandco.com\/fr\/expertises\/sga\/pricing-excellence\/"]}]},{"@type":"BreadcrumbList","@id":"https:\/\/www.argonandco.com\/fr\/expertises\/sga\/pricing-excellence\/#breadcrumb","itemListElement":[{"@type":"ListItem","position":1,"name":"Home","item":"https:\/\/www.argonandco.com\/fr\/"},{"@type":"ListItem","position":2,"name":"Expertises","item":"https:\/\/www.argonandco.com\/fr\/expertises\/"},{"@type":"ListItem","position":3,"name":"SG&#038;A","item":"https:\/\/www.argonandco.com\/fr\/expertises\/sga\/"},{"@type":"ListItem","position":4,"name":"Pricing excellence"}]},{"@type":"WebSite","@id":"https:\/\/www.argonandco.com\/fr\/#website","url":"https:\/\/www.argonandco.com\/fr\/","name":"Argon &amp; Co","description":"We help clients achieve their strategic and operational objectives, working together to transform their businesses and generate real change.","potentialAction":[{"@type":"SearchAction","target":{"@type":"EntryPoint","urlTemplate":"https:\/\/www.argonandco.com\/fr\/?s={search_term_string}"},"query-input":{"@type":"PropertyValueSpecification","valueRequired":true,"valueName":"search_term_string"}}],"inLanguage":"fr-FR"}]}},"_links":{"self":[{"href":"https:\/\/www.argonandco.com\/fr\/wp-json\/wp\/v2\/pages\/16875","targetHints":{"allow":["GET"]}}],"collection":[{"href":"https:\/\/www.argonandco.com\/fr\/wp-json\/wp\/v2\/pages"}],"about":[{"href":"https:\/\/www.argonandco.com\/fr\/wp-json\/wp\/v2\/types\/page"}],"author":[{"embeddable":true,"href":"https:\/\/www.argonandco.com\/fr\/wp-json\/wp\/v2\/users\/1"}],"replies":[{"embeddable":true,"href":"https:\/\/www.argonandco.com\/fr\/wp-json\/wp\/v2\/comments?post=16875"}],"version-history":[{"count":0,"href":"https:\/\/www.argonandco.com\/fr\/wp-json\/wp\/v2\/pages\/16875\/revisions"}],"up":[{"embeddable":true,"href":"https:\/\/www.argonandco.com\/fr\/wp-json\/wp\/v2\/pages\/1386"}],"wp:attachment":[{"href":"https:\/\/www.argonandco.com\/fr\/wp-json\/wp\/v2\/media?parent=16875"}],"curies":[{"name":"wp","href":"https:\/\/api.w.org\/{rel}","templated":true}]}}