{"id":16873,"date":"2021-09-07T16:06:16","date_gmt":"2021-09-07T15:06:16","guid":{"rendered":"https:\/\/www.argonandco.com\/?page_id=16873"},"modified":"2024-12-16T09:20:35","modified_gmt":"2024-12-16T09:20:35","slug":"process-mining","status":"publish","type":"page","link":"https:\/\/www.argonandco.com\/fr\/expertises\/digital-it\/process-mining\/","title":{"rendered":"Process mining"},"content":{"rendered":"<h2>Contexte et D\u00e9fis<\/h2>\n<p><span class=\"intro\">La complexit\u00e9 accrue des processus bout en bout tels que les processus <em>Order-to-Cash<\/em> (O2C) et <em>Purchase-to-Pay<\/em> (P2P) est devenu un frein \u00e0 une am\u00e9lioration efficace via les outils et m\u00e9thodes traditionnels. Les donn\u00e9es transactionnelles peuvent facilement devenir volumineuses &#8211; avec des milliers, voire des millions de lignes de commandes ou de factures trait\u00e9es chaque jour, et le processus est souvent dispers\u00e9 sur le plan fonctionnel et\/ou g\u00e9ographique, en partie trait\u00e9 en interne et en partie externalis\u00e9. Par cons\u00e9quent, des actions critiques pour un paiement \u00e0 temps ou une livraison \u00e0 l\u2019heure peuvent ne plus \u00eatre identifi\u00e9es par les personnes en charge de l\u2019une des parties du processus seulement.<\/span><\/p>\n<p>La technologie du <em>Process Mining<\/em> permet de connecter vos diff\u00e9rents outils SI (Syst\u00e8mes d\u2019Informations), tels que CRM (<em>Customer Relation Management<\/em>), ERP (<em>Enterprise Resource Planning<\/em>) et MES (<em>Manufacturing Execution System<\/em>), regroupant vos donn\u00e9es transactionnelles et de visualiser le processus tel qu&rsquo;il est r\u00e9ellement ex\u00e9cut\u00e9. Dans la plupart des cas, les processus <em>As Is<\/em> sont presque impossibles \u00e0 cartographier avec pr\u00e9cision, en raison des nombreuses variantes qui existent dans la r\u00e9alit\u00e9, les sessions traditionnelles de cartographie ne permettant plus d\u2019identifier toutes ces variantes. La technologie de <em>Process Mining<\/em> identifie les processus qui s&rsquo;\u00e9cartent du processus et du flux standard, analyse les actions \u00e0 lancer, les ex\u00e9cute manuellement ou automatiquement et suit les am\u00e9liorations par rapport aux objectifs cibles fix\u00e9s.<\/p>\n<h2>Notre approche<\/h2>\n<p>Nous aidons nos clients \u00e0 tirer profit de l\u2019ensemble de leurs donn\u00e9es transactionnelles en mettant en \u0153uvre la solution adapt\u00e9e \u00e0 leurs besoins. Qu&rsquo;il s&rsquo;agisse d&rsquo;une simple d\u00e9couverte de processus, d&rsquo;un diagnostic ponctuel ou de la mise en \u0153uvre d\u2019un mod\u00e8le complet de pilotage s\u2019appuyant sur le <em>Process Mining<\/em>, nous pouvons conseiller la solution la mieux adapt\u00e9e, la mettre en \u0153uvre et, surtout, former le personnel sur la fa\u00e7on de l&rsquo;exploiter pour atteindre des r\u00e9sultats tangibles \u2013 d&rsquo;un cas d&rsquo;usage \u00e0 l&rsquo;autre jusqu&rsquo;\u00e0 un d\u00e9ploiement g\u00e9n\u00e9ralis\u00e9 dans votre organisation.<\/p>\n<p>La mise en \u0153uvre donne g\u00e9n\u00e9ralement des r\u00e9sultats plus rapides que les m\u00e9thodes d\u2019am\u00e9lioration traditionnelles &#8211; des semaines plut\u00f4t que des mois &#8211; et il n&rsquo;y a pas de limite apparente aux domaines d&rsquo;application du <em>Process Mining<\/em>, que ce soit en termes de fonction (production, supply chain, finance\u2026) ou de processus (O2C, P2P, comptabilit\u00e9 fournisseurs, comptabilit\u00e9 clients, gestion des stocks et bien d&rsquo;autres).<\/p>\n<p>Les r\u00e9sultats incluent g\u00e9n\u00e9ralement :<\/p>\n<ul>\n<li>Un engagement plus fort via une transparence accrue des processus, une responsabilisation accrue pour une am\u00e9lioration des performances\u00a0;<\/li>\n<li>Un soutien \u00e0 l\u2019innovation num\u00e9rique et au <em>Data-Driven Leadership<\/em>\u00a0;<\/li>\n<li>Une vision pr\u00e9cise du bon du premier coup, de l\u2019OTD (<em>On-Time-Delivery<\/em>) ou encore des paiements au premier jour\u00a0;<\/li>\n<li>Des opportunit\u00e9s d\u2019am\u00e9lioration quantifi\u00e9es \u00e0 partir des donn\u00e9es fines de process pour les prioriser et mettre en \u0153uvre\u00a0;<\/li>\n<li>Une am\u00e9lioration continue simple et p\u00e9renne, support\u00e9e par des \u00e9quipes form\u00e9es pour des r\u00e9sultats apr\u00e8s la mise en \u0153uvre.<\/li>\n<\/ul>\n<div id=\"gtx-trans\" style=\"position: absolute; left: 362px; top: 768.375px;\">\n<div class=\"gtx-trans-icon\"><\/div>\n<\/div>\n","protected":false},"excerpt":{"rendered":"<p>Contexte et D\u00e9fis La complexit\u00e9 accrue des processus bout en bout tels que les processus Order-to-Cash (O2C) et Purchase-to-Pay (P2P) est devenu un frein \u00e0 une am\u00e9lioration efficace via les outils et m\u00e9thodes traditionnels. Les donn\u00e9es transactionnelles peuvent facilement devenir volumineuses &#8211; avec des milliers, voire des millions de lignes de commandes ou de factures [&hellip;]<\/p>\n","protected":false},"author":1,"featured_media":0,"parent":1494,"menu_order":4,"comment_status":"closed","ping_status":"closed","template":"","meta":{"_acf_changed":false,"footnotes":""},"class_list":["post-16873","page","type-page","status-publish","hentry"],"acf":[],"yoast_head":"<!-- This site is optimized with the Yoast SEO plugin v27.4 - https:\/\/yoast.com\/product\/yoast-seo-wordpress\/ -->\n<title>Process Mining | Argon &amp; Co<\/title>\n<meta name=\"description\" content=\"Argon &amp; Co intervient dans la mise en place de Process Mining afin de connecter les syst\u00e8mes IT (CRM, ERP, \u2026) et cartographier les processus.\" \/>\n<meta name=\"robots\" content=\"index, follow, max-snippet:-1, max-image-preview:large, max-video-preview:-1\" \/>\n<link rel=\"canonical\" href=\"https:\/\/www.argonandco.com\/fr\/expertises\/digital-it\/process-mining\/\" \/>\n<meta property=\"og:locale\" content=\"fr_FR\" \/>\n<meta property=\"og:type\" content=\"article\" \/>\n<meta property=\"og:title\" content=\"Process Mining | Argon &amp; Co\" \/>\n<meta property=\"og:description\" content=\"Argon &amp; Co intervient dans la mise en place de Process Mining afin de connecter les syst\u00e8mes IT (CRM, ERP, \u2026) et cartographier les processus.\" \/>\n<meta property=\"og:url\" content=\"https:\/\/www.argonandco.com\/fr\/expertises\/digital-it\/process-mining\/\" \/>\n<meta property=\"og:site_name\" content=\"Argon &amp; Co\" \/>\n<meta property=\"article:modified_time\" content=\"2024-12-16T09:20:35+00:00\" \/>\n<meta name=\"twitter:card\" content=\"summary_large_image\" \/>\n<meta name=\"twitter:label1\" content=\"Dur\u00e9e de lecture estim\u00e9e\" \/>\n\t<meta name=\"twitter:data1\" content=\"3 minutes\" \/>\n<script type=\"application\/ld+json\" class=\"yoast-schema-graph\">{\"@context\":\"https:\\\/\\\/schema.org\",\"@graph\":[{\"@type\":\"WebPage\",\"@id\":\"https:\\\/\\\/www.argonandco.com\\\/fr\\\/expertises\\\/digital-it\\\/process-mining\\\/\",\"url\":\"https:\\\/\\\/www.argonandco.com\\\/fr\\\/expertises\\\/digital-it\\\/process-mining\\\/\",\"name\":\"Process Mining | Argon & Co\",\"isPartOf\":{\"@id\":\"https:\\\/\\\/www.argonandco.com\\\/fr\\\/#website\"},\"datePublished\":\"2021-09-07T15:06:16+00:00\",\"dateModified\":\"2024-12-16T09:20:35+00:00\",\"description\":\"Argon & Co intervient dans la mise en place de Process Mining afin de connecter les syst\u00e8mes IT (CRM, ERP, \u2026) et cartographier les processus.\",\"breadcrumb\":{\"@id\":\"https:\\\/\\\/www.argonandco.com\\\/fr\\\/expertises\\\/digital-it\\\/process-mining\\\/#breadcrumb\"},\"inLanguage\":\"fr-FR\",\"potentialAction\":[{\"@type\":\"ReadAction\",\"target\":[\"https:\\\/\\\/www.argonandco.com\\\/fr\\\/expertises\\\/digital-it\\\/process-mining\\\/\"]}]},{\"@type\":\"BreadcrumbList\",\"@id\":\"https:\\\/\\\/www.argonandco.com\\\/fr\\\/expertises\\\/digital-it\\\/process-mining\\\/#breadcrumb\",\"itemListElement\":[{\"@type\":\"ListItem\",\"position\":1,\"name\":\"Home\",\"item\":\"https:\\\/\\\/www.argonandco.com\\\/fr\\\/\"},{\"@type\":\"ListItem\",\"position\":2,\"name\":\"Expertises\",\"item\":\"https:\\\/\\\/www.argonandco.com\\\/fr\\\/expertises\\\/\"},{\"@type\":\"ListItem\",\"position\":3,\"name\":\"Digital &#038; IT\",\"item\":\"https:\\\/\\\/www.argonandco.com\\\/fr\\\/expertises\\\/digital-it\\\/\"},{\"@type\":\"ListItem\",\"position\":4,\"name\":\"Process mining\"}]},{\"@type\":\"WebSite\",\"@id\":\"https:\\\/\\\/www.argonandco.com\\\/fr\\\/#website\",\"url\":\"https:\\\/\\\/www.argonandco.com\\\/fr\\\/\",\"name\":\"Argon &amp; Co\",\"description\":\"We help clients achieve their strategic and operational objectives, working together to transform their businesses and generate real change.\",\"potentialAction\":[{\"@type\":\"SearchAction\",\"target\":{\"@type\":\"EntryPoint\",\"urlTemplate\":\"https:\\\/\\\/www.argonandco.com\\\/fr\\\/?s={search_term_string}\"},\"query-input\":{\"@type\":\"PropertyValueSpecification\",\"valueRequired\":true,\"valueName\":\"search_term_string\"}}],\"inLanguage\":\"fr-FR\"}]}<\/script>\n<!-- \/ Yoast SEO plugin. -->","yoast_head_json":{"title":"Process Mining | Argon & Co","description":"Argon & Co intervient dans la mise en place de Process Mining afin de connecter les syst\u00e8mes IT (CRM, ERP, \u2026) et cartographier les processus.","robots":{"index":"index","follow":"follow","max-snippet":"max-snippet:-1","max-image-preview":"max-image-preview:large","max-video-preview":"max-video-preview:-1"},"canonical":"https:\/\/www.argonandco.com\/fr\/expertises\/digital-it\/process-mining\/","og_locale":"fr_FR","og_type":"article","og_title":"Process Mining | Argon & Co","og_description":"Argon & Co intervient dans la mise en place de Process Mining afin de connecter les syst\u00e8mes IT (CRM, ERP, \u2026) et cartographier les processus.","og_url":"https:\/\/www.argonandco.com\/fr\/expertises\/digital-it\/process-mining\/","og_site_name":"Argon &amp; Co","article_modified_time":"2024-12-16T09:20:35+00:00","twitter_card":"summary_large_image","twitter_misc":{"Dur\u00e9e de lecture estim\u00e9e":"3 minutes"},"schema":{"@context":"https:\/\/schema.org","@graph":[{"@type":"WebPage","@id":"https:\/\/www.argonandco.com\/fr\/expertises\/digital-it\/process-mining\/","url":"https:\/\/www.argonandco.com\/fr\/expertises\/digital-it\/process-mining\/","name":"Process Mining | Argon & Co","isPartOf":{"@id":"https:\/\/www.argonandco.com\/fr\/#website"},"datePublished":"2021-09-07T15:06:16+00:00","dateModified":"2024-12-16T09:20:35+00:00","description":"Argon & Co intervient dans la mise en place de Process Mining afin de connecter les syst\u00e8mes IT (CRM, ERP, \u2026) et cartographier les processus.","breadcrumb":{"@id":"https:\/\/www.argonandco.com\/fr\/expertises\/digital-it\/process-mining\/#breadcrumb"},"inLanguage":"fr-FR","potentialAction":[{"@type":"ReadAction","target":["https:\/\/www.argonandco.com\/fr\/expertises\/digital-it\/process-mining\/"]}]},{"@type":"BreadcrumbList","@id":"https:\/\/www.argonandco.com\/fr\/expertises\/digital-it\/process-mining\/#breadcrumb","itemListElement":[{"@type":"ListItem","position":1,"name":"Home","item":"https:\/\/www.argonandco.com\/fr\/"},{"@type":"ListItem","position":2,"name":"Expertises","item":"https:\/\/www.argonandco.com\/fr\/expertises\/"},{"@type":"ListItem","position":3,"name":"Digital &#038; IT","item":"https:\/\/www.argonandco.com\/fr\/expertises\/digital-it\/"},{"@type":"ListItem","position":4,"name":"Process mining"}]},{"@type":"WebSite","@id":"https:\/\/www.argonandco.com\/fr\/#website","url":"https:\/\/www.argonandco.com\/fr\/","name":"Argon &amp; Co","description":"We help clients achieve their strategic and operational objectives, working together to transform their businesses and generate real change.","potentialAction":[{"@type":"SearchAction","target":{"@type":"EntryPoint","urlTemplate":"https:\/\/www.argonandco.com\/fr\/?s={search_term_string}"},"query-input":{"@type":"PropertyValueSpecification","valueRequired":true,"valueName":"search_term_string"}}],"inLanguage":"fr-FR"}]}},"_links":{"self":[{"href":"https:\/\/www.argonandco.com\/fr\/wp-json\/wp\/v2\/pages\/16873","targetHints":{"allow":["GET"]}}],"collection":[{"href":"https:\/\/www.argonandco.com\/fr\/wp-json\/wp\/v2\/pages"}],"about":[{"href":"https:\/\/www.argonandco.com\/fr\/wp-json\/wp\/v2\/types\/page"}],"author":[{"embeddable":true,"href":"https:\/\/www.argonandco.com\/fr\/wp-json\/wp\/v2\/users\/1"}],"replies":[{"embeddable":true,"href":"https:\/\/www.argonandco.com\/fr\/wp-json\/wp\/v2\/comments?post=16873"}],"version-history":[{"count":0,"href":"https:\/\/www.argonandco.com\/fr\/wp-json\/wp\/v2\/pages\/16873\/revisions"}],"up":[{"embeddable":true,"href":"https:\/\/www.argonandco.com\/fr\/wp-json\/wp\/v2\/pages\/1494"}],"wp:attachment":[{"href":"https:\/\/www.argonandco.com\/fr\/wp-json\/wp\/v2\/media?parent=16873"}],"curies":[{"name":"wp","href":"https:\/\/api.w.org\/{rel}","templated":true}]}}