{"id":16871,"date":"2021-09-07T15:35:14","date_gmt":"2021-09-07T14:35:14","guid":{"rendered":"https:\/\/www.argonandco.com\/?page_id=16871"},"modified":"2021-09-07T15:35:14","modified_gmt":"2021-09-07T14:35:14","slug":"amelioration-de-la-disponibilite-des-actifs-stable-maintenance","status":"publish","type":"page","link":"https:\/\/www.argonandco.com\/fr\/expertises\/maintenance-et-apres-vente\/amelioration-de-la-disponibilite-des-actifs-stable-maintenance\/","title":{"rendered":"Am\u00e9lioration de la disponibilit\u00e9 des actifs (Stable Maintenance)"},"content":{"rendered":"<h2>Contexte et d\u00e9fis<\/h2>\n<p><span class=\"intro\" style=\"font-size: 0.9375rem;\">L\u2019augmentation de la disponibilit\u00e9 des actifs industriels via des processus perfectionn\u00e9s est un levier majeur d\u2019am\u00e9lioration de la productivit\u00e9 et du rendement financier.\u00a0Il a \u00e9t\u00e9 montr\u00e9 que l\u2019EBITDA pourrait augmenter de 30% si tous les industriels \u00e9taient au niveau des plus performants en termes de gestion des actifs.<br \/>\n<\/span><\/p>\n<p><span style=\"font-size: 0.9375rem;\">Au cours des dix prochaines ann\u00e9es, pr\u00e8s de la moiti\u00e9 des actifs techniques de l\u2019industrie atteindront leur fin de vie.\u00a0La plupart des entreprises pr\u00e9voient de continuer \u00e0 utiliser leurs actifs existants \u00e0 travers des programmes de prolongement de dur\u00e9e de vie.\u00a0Au cours de la m\u00eame p\u00e9riode, une part importante de techniciens et d\u2019op\u00e9rateurs exp\u00e9riment\u00e9s prendront leur retraite.\u00a0Cette perspective appelle des changements majeurs dans la gestion et la maintenance des actifs.<br \/>\n<\/span><\/p>\n<p><span style=\"font-size: 0.9375rem;\">La volatilit\u00e9 accrue des march\u00e9s, des d\u00e9lais de livraison plus courts et des niveaux de stocks en baisse impliquent un niveau plus \u00e9lev\u00e9 de disponibilit\u00e9 machine.\u00a0Les priorit\u00e9s \u00e9voluent, mettent l\u2019organisation en difficult\u00e9 et g\u00e9n\u00e8rent souvent un mode \u00ab\u00a0pompier\u00a0\u00bb. A l\u2019inverse, une disponibilit\u00e9 fiable et accrue des actifs permet une production pr\u00e9visible, qui \u00e0 son tour, permet d\u2019assurer aux clients des d\u00e9lais de livraison fiables..<\/span><\/p>\n<h2>Notre approche<\/h2>\n<p>L\u2019approche<em> Stable Maintenance<\/em> d\u00e9finit de nouvelles mesures de bout en bout, permettant d\u2019identifier plus d\u2019opportunit\u00e9s d\u2019am\u00e9lioration de la maintenance, du planning et de la production.\u00a0Elle expose la v\u00e9rit\u00e9, sur la base de donn\u00e9es r\u00e9elles et non r\u00e9futables.\u00a0Stable Maintenance est un syst\u00e8me d\u2019exploitation qui se concentre sur la compr\u00e9hension et l\u2019\u00e9limination des variations de disponibilit\u00e9 des actifs, avec la m\u00eame philosophie que notre approche Stable Ops&#x2122;.<\/p>\n<p>Une grande partie des activit\u00e9s de maintenance vise souvent \u00e0 trouver des solutions aux probl\u00e8mes g\u00e9n\u00e9r\u00e9s par des variations, plut\u00f4t que d\u2019en traiter les causes racines pour \u00e9viter leur apparition.\u00a0Avec <em>Stable Maintenance<\/em>, l\u2019accent est mis sur l\u2019\u00e9limination des causes de variation et la lib\u00e9ration de temps pour que la disponibilit\u00e9 des actifs devienne plus fiable et plus pr\u00e9visible.\u00a0<em>Stable Maintenance<\/em> est une approche g\u00e9n\u00e9rale qui permet un changement de culture des \u00e9quipes, pour emmener tous les acteurs impliqu\u00e9s dans les processus de planification, de production et de maintenance, vers une gestion plus sereine et plus fiable des actifs cl\u00e9s.<\/p>\n<p>En d\u00e9coule une usine plus productive, avec des actifs toujours pr\u00eats \u00e0 produire des produits de qualit\u00e9 \u00e0 la productivit\u00e9 attendue :<\/p>\n<ul>\n<li>Augmentation de la disponibilit\u00e9 des actifs et effet EBITDA positif jusqu\u2019\u00e0 30\u00a0%\u00a0;<\/li>\n<li>Am\u00e9lioration des performances de livraison et r\u00e9duction des d\u00e9lais\u00a0;<\/li>\n<li>R\u00e9duction du mode \u00ab\u00a0pompier\u00a0\u00bb et am\u00e9lioration continue inter-fonctionnelle entre la maintenance, le planning et la production\u00a0;<\/li>\n<li>Meilleure gestion de la vie des actifs et des d\u00e9parts de la main-d\u2019\u0153uvre\u00a0qualifi\u00e9e ;<\/li>\n<li>Orientation des d\u00e9cisions sur des faits quantifi\u00e9s (<em>Data-Driven<\/em>) pour passer \u00e0 l\u2019Industrie 4.0.<\/li>\n<\/ul>\n<p>Il a \u00e9t\u00e9 prouv\u00e9 que Stable Maintenance am\u00e9liore le rendement du capital investi (<em>ROCE Return On Capital Employed<\/em>).<\/p>\n<div id=\"gtx-trans\" style=\"position: absolute; left: 362px; top: 768.375px;\">\n<div class=\"gtx-trans-icon\"><\/div>\n<\/div>\n","protected":false},"excerpt":{"rendered":"<p>Contexte et d\u00e9fis L\u2019augmentation de la disponibilit\u00e9 des actifs industriels via des processus perfectionn\u00e9s est un levier majeur d\u2019am\u00e9lioration de la productivit\u00e9 et du rendement financier.\u00a0Il a \u00e9t\u00e9 montr\u00e9 que l\u2019EBITDA pourrait augmenter de 30% si tous les industriels \u00e9taient au niveau des plus performants en termes de gestion des actifs. Au cours des dix [&hellip;]<\/p>\n","protected":false},"author":1,"featured_media":0,"parent":1674,"menu_order":2,"comment_status":"closed","ping_status":"closed","template":"","meta":{"_acf_changed":false,"footnotes":""},"class_list":["post-16871","page","type-page","status-publish","hentry"],"acf":[],"yoast_head":"<!-- This site is optimized with the Yoast SEO plugin v27.4 - https:\/\/yoast.com\/product\/yoast-seo-wordpress\/ -->\n<title>Am\u00e9lioration de la disponibilit\u00e9 des actifs (Stable Maintenance) - Argon &amp; Co<\/title>\n<meta name=\"robots\" content=\"index, follow, max-snippet:-1, max-image-preview:large, max-video-preview:-1\" \/>\n<link rel=\"canonical\" href=\"https:\/\/www.argonandco.com\/fr\/expertises\/maintenance-et-apres-vente\/amelioration-de-la-disponibilite-des-actifs-stable-maintenance\/\" \/>\n<meta property=\"og:locale\" content=\"fr_FR\" \/>\n<meta property=\"og:type\" content=\"article\" \/>\n<meta property=\"og:title\" content=\"Am\u00e9lioration de la disponibilit\u00e9 des actifs (Stable Maintenance) - Argon &amp; Co\" \/>\n<meta property=\"og:description\" content=\"Contexte et d\u00e9fis L\u2019augmentation de la disponibilit\u00e9 des actifs industriels via des processus perfectionn\u00e9s est un levier majeur d\u2019am\u00e9lioration de la productivit\u00e9 et du rendement financier.\u00a0Il a \u00e9t\u00e9 montr\u00e9 que l\u2019EBITDA pourrait augmenter de 30% si tous les industriels \u00e9taient au niveau des plus performants en termes de gestion des actifs. Au cours des dix [&hellip;]\" \/>\n<meta property=\"og:url\" content=\"https:\/\/www.argonandco.com\/fr\/expertises\/maintenance-et-apres-vente\/amelioration-de-la-disponibilite-des-actifs-stable-maintenance\/\" \/>\n<meta property=\"og:site_name\" content=\"Argon &amp; Co\" \/>\n<meta name=\"twitter:card\" content=\"summary_large_image\" \/>\n<meta name=\"twitter:label1\" content=\"Dur\u00e9e de lecture estim\u00e9e\" \/>\n\t<meta name=\"twitter:data1\" content=\"3 minutes\" \/>\n<script type=\"application\/ld+json\" class=\"yoast-schema-graph\">{\"@context\":\"https:\\\/\\\/schema.org\",\"@graph\":[{\"@type\":\"WebPage\",\"@id\":\"https:\\\/\\\/www.argonandco.com\\\/fr\\\/expertises\\\/maintenance-et-apres-vente\\\/amelioration-de-la-disponibilite-des-actifs-stable-maintenance\\\/\",\"url\":\"https:\\\/\\\/www.argonandco.com\\\/fr\\\/expertises\\\/maintenance-et-apres-vente\\\/amelioration-de-la-disponibilite-des-actifs-stable-maintenance\\\/\",\"name\":\"Am\u00e9lioration de la disponibilit\u00e9 des actifs (Stable Maintenance) - Argon &amp; Co\",\"isPartOf\":{\"@id\":\"https:\\\/\\\/www.argonandco.com\\\/fr\\\/#website\"},\"datePublished\":\"2021-09-07T14:35:14+00:00\",\"breadcrumb\":{\"@id\":\"https:\\\/\\\/www.argonandco.com\\\/fr\\\/expertises\\\/maintenance-et-apres-vente\\\/amelioration-de-la-disponibilite-des-actifs-stable-maintenance\\\/#breadcrumb\"},\"inLanguage\":\"fr-FR\",\"potentialAction\":[{\"@type\":\"ReadAction\",\"target\":[\"https:\\\/\\\/www.argonandco.com\\\/fr\\\/expertises\\\/maintenance-et-apres-vente\\\/amelioration-de-la-disponibilite-des-actifs-stable-maintenance\\\/\"]}]},{\"@type\":\"BreadcrumbList\",\"@id\":\"https:\\\/\\\/www.argonandco.com\\\/fr\\\/expertises\\\/maintenance-et-apres-vente\\\/amelioration-de-la-disponibilite-des-actifs-stable-maintenance\\\/#breadcrumb\",\"itemListElement\":[{\"@type\":\"ListItem\",\"position\":1,\"name\":\"Home\",\"item\":\"https:\\\/\\\/www.argonandco.com\\\/fr\\\/\"},{\"@type\":\"ListItem\",\"position\":2,\"name\":\"Expertises\",\"item\":\"https:\\\/\\\/www.argonandco.com\\\/fr\\\/expertises\\\/\"},{\"@type\":\"ListItem\",\"position\":3,\"name\":\"Maintenance et apr\u00e8s-vente\",\"item\":\"https:\\\/\\\/www.argonandco.com\\\/fr\\\/expertises\\\/maintenance-et-apres-vente\\\/\"},{\"@type\":\"ListItem\",\"position\":4,\"name\":\"Am\u00e9lioration de la disponibilit\u00e9 des actifs (Stable Maintenance)\"}]},{\"@type\":\"WebSite\",\"@id\":\"https:\\\/\\\/www.argonandco.com\\\/fr\\\/#website\",\"url\":\"https:\\\/\\\/www.argonandco.com\\\/fr\\\/\",\"name\":\"Argon &amp; Co\",\"description\":\"We help clients achieve their strategic and operational objectives, working together to transform their businesses and generate real change.\",\"potentialAction\":[{\"@type\":\"SearchAction\",\"target\":{\"@type\":\"EntryPoint\",\"urlTemplate\":\"https:\\\/\\\/www.argonandco.com\\\/fr\\\/?s={search_term_string}\"},\"query-input\":{\"@type\":\"PropertyValueSpecification\",\"valueRequired\":true,\"valueName\":\"search_term_string\"}}],\"inLanguage\":\"fr-FR\"}]}<\/script>\n<!-- \/ Yoast SEO plugin. -->","yoast_head_json":{"title":"Am\u00e9lioration de la disponibilit\u00e9 des actifs (Stable Maintenance) - Argon &amp; Co","robots":{"index":"index","follow":"follow","max-snippet":"max-snippet:-1","max-image-preview":"max-image-preview:large","max-video-preview":"max-video-preview:-1"},"canonical":"https:\/\/www.argonandco.com\/fr\/expertises\/maintenance-et-apres-vente\/amelioration-de-la-disponibilite-des-actifs-stable-maintenance\/","og_locale":"fr_FR","og_type":"article","og_title":"Am\u00e9lioration de la disponibilit\u00e9 des actifs (Stable Maintenance) - Argon &amp; Co","og_description":"Contexte et d\u00e9fis L\u2019augmentation de la disponibilit\u00e9 des actifs industriels via des processus perfectionn\u00e9s est un levier majeur d\u2019am\u00e9lioration de la productivit\u00e9 et du rendement financier.\u00a0Il a \u00e9t\u00e9 montr\u00e9 que l\u2019EBITDA pourrait augmenter de 30% si tous les industriels \u00e9taient au niveau des plus performants en termes de gestion des actifs. Au cours des dix [&hellip;]","og_url":"https:\/\/www.argonandco.com\/fr\/expertises\/maintenance-et-apres-vente\/amelioration-de-la-disponibilite-des-actifs-stable-maintenance\/","og_site_name":"Argon &amp; Co","twitter_card":"summary_large_image","twitter_misc":{"Dur\u00e9e de lecture estim\u00e9e":"3 minutes"},"schema":{"@context":"https:\/\/schema.org","@graph":[{"@type":"WebPage","@id":"https:\/\/www.argonandco.com\/fr\/expertises\/maintenance-et-apres-vente\/amelioration-de-la-disponibilite-des-actifs-stable-maintenance\/","url":"https:\/\/www.argonandco.com\/fr\/expertises\/maintenance-et-apres-vente\/amelioration-de-la-disponibilite-des-actifs-stable-maintenance\/","name":"Am\u00e9lioration de la disponibilit\u00e9 des actifs (Stable Maintenance) - Argon &amp; Co","isPartOf":{"@id":"https:\/\/www.argonandco.com\/fr\/#website"},"datePublished":"2021-09-07T14:35:14+00:00","breadcrumb":{"@id":"https:\/\/www.argonandco.com\/fr\/expertises\/maintenance-et-apres-vente\/amelioration-de-la-disponibilite-des-actifs-stable-maintenance\/#breadcrumb"},"inLanguage":"fr-FR","potentialAction":[{"@type":"ReadAction","target":["https:\/\/www.argonandco.com\/fr\/expertises\/maintenance-et-apres-vente\/amelioration-de-la-disponibilite-des-actifs-stable-maintenance\/"]}]},{"@type":"BreadcrumbList","@id":"https:\/\/www.argonandco.com\/fr\/expertises\/maintenance-et-apres-vente\/amelioration-de-la-disponibilite-des-actifs-stable-maintenance\/#breadcrumb","itemListElement":[{"@type":"ListItem","position":1,"name":"Home","item":"https:\/\/www.argonandco.com\/fr\/"},{"@type":"ListItem","position":2,"name":"Expertises","item":"https:\/\/www.argonandco.com\/fr\/expertises\/"},{"@type":"ListItem","position":3,"name":"Maintenance et apr\u00e8s-vente","item":"https:\/\/www.argonandco.com\/fr\/expertises\/maintenance-et-apres-vente\/"},{"@type":"ListItem","position":4,"name":"Am\u00e9lioration de la disponibilit\u00e9 des actifs (Stable Maintenance)"}]},{"@type":"WebSite","@id":"https:\/\/www.argonandco.com\/fr\/#website","url":"https:\/\/www.argonandco.com\/fr\/","name":"Argon &amp; Co","description":"We help clients achieve their strategic and operational objectives, working together to transform their businesses and generate real change.","potentialAction":[{"@type":"SearchAction","target":{"@type":"EntryPoint","urlTemplate":"https:\/\/www.argonandco.com\/fr\/?s={search_term_string}"},"query-input":{"@type":"PropertyValueSpecification","valueRequired":true,"valueName":"search_term_string"}}],"inLanguage":"fr-FR"}]}},"_links":{"self":[{"href":"https:\/\/www.argonandco.com\/fr\/wp-json\/wp\/v2\/pages\/16871","targetHints":{"allow":["GET"]}}],"collection":[{"href":"https:\/\/www.argonandco.com\/fr\/wp-json\/wp\/v2\/pages"}],"about":[{"href":"https:\/\/www.argonandco.com\/fr\/wp-json\/wp\/v2\/types\/page"}],"author":[{"embeddable":true,"href":"https:\/\/www.argonandco.com\/fr\/wp-json\/wp\/v2\/users\/1"}],"replies":[{"embeddable":true,"href":"https:\/\/www.argonandco.com\/fr\/wp-json\/wp\/v2\/comments?post=16871"}],"version-history":[{"count":0,"href":"https:\/\/www.argonandco.com\/fr\/wp-json\/wp\/v2\/pages\/16871\/revisions"}],"up":[{"embeddable":true,"href":"https:\/\/www.argonandco.com\/fr\/wp-json\/wp\/v2\/pages\/1674"}],"wp:attachment":[{"href":"https:\/\/www.argonandco.com\/fr\/wp-json\/wp\/v2\/media?parent=16871"}],"curies":[{"name":"wp","href":"https:\/\/api.w.org\/{rel}","templated":true}]}}