{"id":16869,"date":"2021-09-07T11:18:39","date_gmt":"2021-09-07T10:18:39","guid":{"rendered":"https:\/\/www.argonandco.com\/?page_id=16869"},"modified":"2021-09-07T11:18:39","modified_gmt":"2021-09-07T10:18:39","slug":"supply-chain-delivery-performance","status":"publish","type":"page","link":"https:\/\/www.argonandco.com\/fr\/expertises\/supply-chain-planning\/supply-chain-delivery-performance\/","title":{"rendered":"Supply chain delivery performance"},"content":{"rendered":"<h2>Contexte et d\u00e9fis<\/h2>\n<p>Notre approche <em>Supply Chain Delivery Performance<\/em> est un syst\u00e8me de management et une m\u00e9thodologie qui permettent d\u2019am\u00e9liorer le niveau de service, d\u2019assurer la date de livraison souhait\u00e9e par les clients en maintenant un niveau de stock limit\u00e9 et des co\u00fbts ma\u00eetris\u00e9s.<br \/>\nCette m\u00e9thodologie se base sur la compr\u00e9hension et l\u2019\u00e9limination des variations tout au long de la cha\u00eene de valeur, des commandes clients \u00e0 la livraison en passant par l\u2019approvisionnement.<\/p>\n<h2>Notre approche<\/h2>\n<p>La m\u00e9thode de d\u00e9ploiement est bas\u00e9e sur dix \u00e9tapes et trois livrables \u00e0 chaque \u00e9tape. La combinaison de Stable Ops&#x2122; et de <em>Supply Chain Delivery Performance<\/em> est compl\u00e9mentaire.\u00a0L\u00e0 o\u00f9 Stable Ops&#x2122; contribue \u00e0 cr\u00e9er de la capacit\u00e9 disponible, <em>Supply Chain Delivery Performance<\/em> assure une utilisation optimale de cette capacit\u00e9 suppl\u00e9mentaire pour l\u2019entreprise et les clients.<\/p>\n<p>Les clients finaux ressentent l\u2019impact imm\u00e9diat d\u2019une meilleure fiabilit\u00e9 des approvisionnements, la performance ressentie est mesur\u00e9e par rapport aux demandes du client et non par rapport \u00e0 une date fixe d\u00e9finie.\u00a0Apr\u00e8s impl\u00e9mentation, l\u2019objectif donn\u00e9 aux \u00e9quipes n\u2019est plus d\u2019offrir au client le niveau de service que l\u2019entreprise peut fournir, mais plut\u00f4t de trouver les moyens les plus rapides et les moins co\u00fbteux de fournir au client ce qu\u2019il veut et quand il le veut.<\/p>\n<p>Les r\u00e9sultats incluent g\u00e9n\u00e9ralement :<\/p>\n<ul>\n<li>Une am\u00e9lioration de la satisfaction client, une r\u00e9duction des litiges\u00a0;<\/li>\n<li>Des taux de service de plus de 95% \u00e0 la demande du client (plus de 98% \u00e0 la premi\u00e8re promesse client)\u00a0;<\/li>\n<li>Une r\u00e9duction des stocks de 20 \u00e0 40\u00a0%\u00a0;<\/li>\n<li>Une baisse des co\u00fbts de la Supply Chain de plus de 10\u00a0%\u00a0;<\/li>\n<li>Un syst\u00e8me de pilotage de la Supply Chain pour capter de fa\u00e7on syst\u00e9matique les actions d\u2019am\u00e9lioration\u00a0;<\/li>\n<li>Un langage simplifi\u00e9 am\u00e9lioration de la Supply Chain.<\/li>\n<\/ul>\n<div id=\"gtx-trans\" style=\"position: absolute; left: 362px; top: 768.375px;\">\n<div class=\"gtx-trans-icon\"><\/div>\n<\/div>\n","protected":false},"excerpt":{"rendered":"<p>Contexte et d\u00e9fis Notre approche Supply Chain Delivery Performance est un syst\u00e8me de management et une m\u00e9thodologie qui permettent d\u2019am\u00e9liorer le niveau de service, d\u2019assurer la date de livraison souhait\u00e9e par les clients en maintenant un niveau de stock limit\u00e9 et des co\u00fbts ma\u00eetris\u00e9s. Cette m\u00e9thodologie se base sur la compr\u00e9hension et l\u2019\u00e9limination des variations [&hellip;]<\/p>\n","protected":false},"author":1,"featured_media":0,"parent":1382,"menu_order":10,"comment_status":"closed","ping_status":"closed","template":"","meta":{"_acf_changed":false,"footnotes":""},"class_list":["post-16869","page","type-page","status-publish","hentry"],"acf":[],"yoast_head":"<!-- This site is optimized with the Yoast SEO plugin v27.4 - https:\/\/yoast.com\/product\/yoast-seo-wordpress\/ -->\n<title>Supply chain delivery performance - Argon &amp; Co<\/title>\n<meta name=\"robots\" content=\"index, follow, max-snippet:-1, max-image-preview:large, max-video-preview:-1\" \/>\n<link rel=\"canonical\" href=\"https:\/\/www.argonandco.com\/fr\/expertises\/supply-chain-planning\/supply-chain-delivery-performance\/\" \/>\n<meta property=\"og:locale\" content=\"fr_FR\" \/>\n<meta property=\"og:type\" content=\"article\" \/>\n<meta property=\"og:title\" content=\"Supply chain delivery performance - Argon &amp; Co\" \/>\n<meta property=\"og:description\" content=\"Contexte et d\u00e9fis Notre approche Supply Chain Delivery Performance est un syst\u00e8me de management et une m\u00e9thodologie qui permettent d\u2019am\u00e9liorer le niveau de service, d\u2019assurer la date de livraison souhait\u00e9e par les clients en maintenant un niveau de stock limit\u00e9 et des co\u00fbts ma\u00eetris\u00e9s. Cette m\u00e9thodologie se base sur la compr\u00e9hension et l\u2019\u00e9limination des variations [&hellip;]\" \/>\n<meta property=\"og:url\" content=\"https:\/\/www.argonandco.com\/fr\/expertises\/supply-chain-planning\/supply-chain-delivery-performance\/\" \/>\n<meta property=\"og:site_name\" content=\"Argon &amp; Co\" \/>\n<meta name=\"twitter:card\" content=\"summary_large_image\" \/>\n<meta name=\"twitter:label1\" content=\"Dur\u00e9e de lecture estim\u00e9e\" \/>\n\t<meta name=\"twitter:data1\" content=\"2 minutes\" \/>\n<script type=\"application\/ld+json\" class=\"yoast-schema-graph\">{\"@context\":\"https:\\\/\\\/schema.org\",\"@graph\":[{\"@type\":\"WebPage\",\"@id\":\"https:\\\/\\\/www.argonandco.com\\\/fr\\\/expertises\\\/supply-chain-planning\\\/supply-chain-delivery-performance\\\/\",\"url\":\"https:\\\/\\\/www.argonandco.com\\\/fr\\\/expertises\\\/supply-chain-planning\\\/supply-chain-delivery-performance\\\/\",\"name\":\"Supply chain delivery performance - Argon &amp; Co\",\"isPartOf\":{\"@id\":\"https:\\\/\\\/www.argonandco.com\\\/fr\\\/#website\"},\"datePublished\":\"2021-09-07T10:18:39+00:00\",\"breadcrumb\":{\"@id\":\"https:\\\/\\\/www.argonandco.com\\\/fr\\\/expertises\\\/supply-chain-planning\\\/supply-chain-delivery-performance\\\/#breadcrumb\"},\"inLanguage\":\"fr-FR\",\"potentialAction\":[{\"@type\":\"ReadAction\",\"target\":[\"https:\\\/\\\/www.argonandco.com\\\/fr\\\/expertises\\\/supply-chain-planning\\\/supply-chain-delivery-performance\\\/\"]}]},{\"@type\":\"BreadcrumbList\",\"@id\":\"https:\\\/\\\/www.argonandco.com\\\/fr\\\/expertises\\\/supply-chain-planning\\\/supply-chain-delivery-performance\\\/#breadcrumb\",\"itemListElement\":[{\"@type\":\"ListItem\",\"position\":1,\"name\":\"Home\",\"item\":\"https:\\\/\\\/www.argonandco.com\\\/fr\\\/\"},{\"@type\":\"ListItem\",\"position\":2,\"name\":\"Expertises\",\"item\":\"https:\\\/\\\/www.argonandco.com\\\/fr\\\/expertises\\\/\"},{\"@type\":\"ListItem\",\"position\":3,\"name\":\"Supply chain planning\",\"item\":\"https:\\\/\\\/www.argonandco.com\\\/fr\\\/expertises\\\/supply-chain-planning\\\/\"},{\"@type\":\"ListItem\",\"position\":4,\"name\":\"Supply chain delivery performance\"}]},{\"@type\":\"WebSite\",\"@id\":\"https:\\\/\\\/www.argonandco.com\\\/fr\\\/#website\",\"url\":\"https:\\\/\\\/www.argonandco.com\\\/fr\\\/\",\"name\":\"Argon &amp; Co\",\"description\":\"We help clients achieve their strategic and operational objectives, working together to transform their businesses and generate real change.\",\"potentialAction\":[{\"@type\":\"SearchAction\",\"target\":{\"@type\":\"EntryPoint\",\"urlTemplate\":\"https:\\\/\\\/www.argonandco.com\\\/fr\\\/?s={search_term_string}\"},\"query-input\":{\"@type\":\"PropertyValueSpecification\",\"valueRequired\":true,\"valueName\":\"search_term_string\"}}],\"inLanguage\":\"fr-FR\"}]}<\/script>\n<!-- \/ Yoast SEO plugin. -->","yoast_head_json":{"title":"Supply chain delivery performance - Argon &amp; Co","robots":{"index":"index","follow":"follow","max-snippet":"max-snippet:-1","max-image-preview":"max-image-preview:large","max-video-preview":"max-video-preview:-1"},"canonical":"https:\/\/www.argonandco.com\/fr\/expertises\/supply-chain-planning\/supply-chain-delivery-performance\/","og_locale":"fr_FR","og_type":"article","og_title":"Supply chain delivery performance - Argon &amp; Co","og_description":"Contexte et d\u00e9fis Notre approche Supply Chain Delivery Performance est un syst\u00e8me de management et une m\u00e9thodologie qui permettent d\u2019am\u00e9liorer le niveau de service, d\u2019assurer la date de livraison souhait\u00e9e par les clients en maintenant un niveau de stock limit\u00e9 et des co\u00fbts ma\u00eetris\u00e9s. Cette m\u00e9thodologie se base sur la compr\u00e9hension et l\u2019\u00e9limination des variations [&hellip;]","og_url":"https:\/\/www.argonandco.com\/fr\/expertises\/supply-chain-planning\/supply-chain-delivery-performance\/","og_site_name":"Argon &amp; Co","twitter_card":"summary_large_image","twitter_misc":{"Dur\u00e9e de lecture estim\u00e9e":"2 minutes"},"schema":{"@context":"https:\/\/schema.org","@graph":[{"@type":"WebPage","@id":"https:\/\/www.argonandco.com\/fr\/expertises\/supply-chain-planning\/supply-chain-delivery-performance\/","url":"https:\/\/www.argonandco.com\/fr\/expertises\/supply-chain-planning\/supply-chain-delivery-performance\/","name":"Supply chain delivery performance - Argon &amp; Co","isPartOf":{"@id":"https:\/\/www.argonandco.com\/fr\/#website"},"datePublished":"2021-09-07T10:18:39+00:00","breadcrumb":{"@id":"https:\/\/www.argonandco.com\/fr\/expertises\/supply-chain-planning\/supply-chain-delivery-performance\/#breadcrumb"},"inLanguage":"fr-FR","potentialAction":[{"@type":"ReadAction","target":["https:\/\/www.argonandco.com\/fr\/expertises\/supply-chain-planning\/supply-chain-delivery-performance\/"]}]},{"@type":"BreadcrumbList","@id":"https:\/\/www.argonandco.com\/fr\/expertises\/supply-chain-planning\/supply-chain-delivery-performance\/#breadcrumb","itemListElement":[{"@type":"ListItem","position":1,"name":"Home","item":"https:\/\/www.argonandco.com\/fr\/"},{"@type":"ListItem","position":2,"name":"Expertises","item":"https:\/\/www.argonandco.com\/fr\/expertises\/"},{"@type":"ListItem","position":3,"name":"Supply chain planning","item":"https:\/\/www.argonandco.com\/fr\/expertises\/supply-chain-planning\/"},{"@type":"ListItem","position":4,"name":"Supply chain delivery performance"}]},{"@type":"WebSite","@id":"https:\/\/www.argonandco.com\/fr\/#website","url":"https:\/\/www.argonandco.com\/fr\/","name":"Argon &amp; Co","description":"We help clients achieve their strategic and operational objectives, working together to transform their businesses and generate real change.","potentialAction":[{"@type":"SearchAction","target":{"@type":"EntryPoint","urlTemplate":"https:\/\/www.argonandco.com\/fr\/?s={search_term_string}"},"query-input":{"@type":"PropertyValueSpecification","valueRequired":true,"valueName":"search_term_string"}}],"inLanguage":"fr-FR"}]}},"_links":{"self":[{"href":"https:\/\/www.argonandco.com\/fr\/wp-json\/wp\/v2\/pages\/16869","targetHints":{"allow":["GET"]}}],"collection":[{"href":"https:\/\/www.argonandco.com\/fr\/wp-json\/wp\/v2\/pages"}],"about":[{"href":"https:\/\/www.argonandco.com\/fr\/wp-json\/wp\/v2\/types\/page"}],"author":[{"embeddable":true,"href":"https:\/\/www.argonandco.com\/fr\/wp-json\/wp\/v2\/users\/1"}],"replies":[{"embeddable":true,"href":"https:\/\/www.argonandco.com\/fr\/wp-json\/wp\/v2\/comments?post=16869"}],"version-history":[{"count":0,"href":"https:\/\/www.argonandco.com\/fr\/wp-json\/wp\/v2\/pages\/16869\/revisions"}],"up":[{"embeddable":true,"href":"https:\/\/www.argonandco.com\/fr\/wp-json\/wp\/v2\/pages\/1382"}],"wp:attachment":[{"href":"https:\/\/www.argonandco.com\/fr\/wp-json\/wp\/v2\/media?parent=16869"}],"curies":[{"name":"wp","href":"https:\/\/api.w.org\/{rel}","templated":true}]}}