{"id":1686,"date":"2019-12-09T14:43:16","date_gmt":"2019-12-09T14:43:50","guid":{"rendered":"https:\/\/www.argonandco.com\/?page_id=1686"},"modified":"2019-12-20T12:06:31","modified_gmt":"2019-12-20T12:06:31","slug":"maintenance-des-parcs","status":"publish","type":"page","link":"https:\/\/www.argonandco.com\/fr\/expertises\/maintenance-et-apres-vente\/maintenance-des-parcs\/","title":{"rendered":"Maintenance des parcs"},"content":{"rendered":"<h2><b>Contexte et d\u00e9fis<\/b><\/h2>\n<p><span class=\"intro\" style=\"font-weight: 400;\">La maintenance des parcs a une grande particularit\u00e9\u00a0: l\u2019entretien des \u00e9quipements mobiles des entreprises\u00a0: voitures, cars, a\u00e9ronefs, bateaux. Elle n\u00e9cessite de maintenir la continuit\u00e9 des op\u00e9rations tout en proc\u00e9dant \u00e0 des op\u00e9rations de maintenance afin de renforcer l\u2019efficacit\u00e9 op\u00e9rationnelle et l\u2019exploitation des \u00e9quipements.<\/span><\/p>\n<p><span style=\"font-weight: 400;\">L&rsquo;optimisation de la flotte d&rsquo;actifs (qui r\u00e9duisent directement les co\u00fbts en CAPEX et OPEX) n\u00e9cessite un dimensionnement au plus juste des parcs. Ainsi, le temps limit\u00e9 pendant lequel les \u00e9quipements sont disponibles rendent la maintenance en condition op\u00e9rationnelle (MCO) compliqu\u00e9e.<\/span><\/p>\n<p><span style=\"font-weight: 400;\">Une strat\u00e9gie de MCO est donc n\u00e9cessaire afin d\u2019optimiser ce temps disponible et de proc\u00e9der \u00e0 une maintenance pr\u00e9ventive et r\u00e9active. Elle doit \u00eatre suffisamment agile pour pouvoir s&rsquo;adapter aux usages et faire face \u00e0 des circonstances impr\u00e9vues susceptibles de modifier les cr\u00e9neaux de maintenance planifi\u00e9s.<\/span><\/p>\n<p><span style=\"font-weight: 400;\">Dans ce contexte, la maintenance en condition op\u00e9rationnelle des parcs d\u2019\u00e9quipements met au jour des sujets de performance li\u00e9s aux actifs industriels (efficacit\u00e9 des \u00e9quipes de travail, respect du niveau de service attendu) mais \u00e9galement une autre composante-cl\u00e9 de pilotage de la disponibilit\u00e9.<\/span><\/p>\n<p><span style=\"font-weight: 400;\">Cet \u00e9quilibre entre gestion de la disponibilit\u00e9 et MCO est devenu de plus en plus t\u00e9nu au fur et \u00e0 mesure que les acteurs de ce domaine cherchent \u00e0 rentabiliser leurs investissements, en dimensionnant leurs parcs au plus juste.<\/span><\/p>\n<h2><b><br \/>\n<\/b><b>Notre approche<\/b><\/h2>\n<p><span style=\"font-weight: 400;\">Argon &amp; Co dispose de nombreuses r\u00e9f\u00e9rences dans le domaine sp\u00e9cifique de la gestion de parcs d\u2019\u00e9quipements. Cela nous conf\u00e8re la capacit\u00e9 \u00e0 diagnostiquer les modes de fonctionnement de nos clients en appr\u00e9hendant leurs contraintes sp\u00e9cifiques. Du diagnostic jusqu\u2019\u00e0 la mise en \u0153uvre, nous accompagnons ainsi nos clients \u00e0 diff\u00e9rents titres, en mode expertise comme en mode mise en \u0153uvre et coaching\u00a0:<\/span><\/p>\n<ul>\n<li style=\"font-weight: 400;\"><b>identification rapide des facteurs-cl\u00e9s de performance des \u00e9quipements <\/b><span style=\"font-weight: 400;\">dans une activit\u00e9 ainsi que des dysfonctionnements ou des axes d\u2019am\u00e9lioration\u00a0;\u00a0<\/span><\/li>\n<\/ul>\n<ul>\n<li style=\"font-weight: 400;\"><b>diagnostic des processus de planification \/ d\u2019ordonnancement<\/b><span style=\"font-weight: 400;\"> sur les diff\u00e9rents horizons de temps, de gestion d\u2019affaires, de gestion des prestataires et fournisseurs, de gestion des pi\u00e8ces de rechange en particulier des pi\u00e8ces r\u00e9parables d\u00e9pos\u00e9es lors des op\u00e9rations de maintenance ainsi que des outils \u00e0 disposition (planification, GMAO, volet digital et maintenance pr\u00e9dictive)\u00a0;\u00a0<\/span><\/li>\n<li style=\"font-weight: 400;\"><b>analyse critique du dispositif industriel et logistique<\/b><span style=\"font-weight: 400;\"> (nombre de sites, allocation des actifs par site\u2026), un facteur-cl\u00e9 de performance tant en service rendu qu\u2019en co\u00fbts\u00a0;<\/span><\/li>\n<li style=\"font-weight: 400;\"><b>mise en \u0153uvre des axes de progr\u00e8s identifi\u00e9s<\/b><span style=\"font-weight: 400;\"> tout en mettant les op\u00e9rationnels en situation de poursuivre les changements identifi\u00e9s.<\/span><\/li>\n<\/ul>\n<p>&nbsp;<\/p>\n","protected":false},"excerpt":{"rendered":"<p>Contexte et d\u00e9fis La maintenance des parcs a une grande particularit\u00e9\u00a0: l\u2019entretien des \u00e9quipements mobiles des entreprises\u00a0: voitures, cars, a\u00e9ronefs, bateaux. Elle n\u00e9cessite de maintenir la continuit\u00e9 des op\u00e9rations tout en proc\u00e9dant \u00e0 des op\u00e9rations de maintenance afin de renforcer l\u2019efficacit\u00e9 op\u00e9rationnelle et l\u2019exploitation des \u00e9quipements. L&rsquo;optimisation de la flotte d&rsquo;actifs (qui r\u00e9duisent directement les [&hellip;]<\/p>\n","protected":false},"author":1,"featured_media":0,"parent":1674,"menu_order":7,"comment_status":"closed","ping_status":"closed","template":"","meta":{"_acf_changed":false,"footnotes":""},"class_list":["post-1686","page","type-page","status-publish","hentry"],"acf":[],"yoast_head":"<!-- This site is optimized with the Yoast SEO plugin v27.4 - https:\/\/yoast.com\/product\/yoast-seo-wordpress\/ -->\n<title>Maintenance des parcs - Argon &amp; Co<\/title>\n<meta name=\"robots\" content=\"index, follow, max-snippet:-1, max-image-preview:large, max-video-preview:-1\" \/>\n<link rel=\"canonical\" href=\"https:\/\/www.argonandco.com\/fr\/expertises\/maintenance-et-apres-vente\/maintenance-des-parcs\/\" \/>\n<meta property=\"og:locale\" content=\"fr_FR\" \/>\n<meta property=\"og:type\" content=\"article\" \/>\n<meta property=\"og:title\" content=\"Maintenance des parcs - Argon &amp; Co\" \/>\n<meta property=\"og:description\" content=\"Contexte et d\u00e9fis La maintenance des parcs a une grande particularit\u00e9\u00a0: l\u2019entretien des \u00e9quipements mobiles des entreprises\u00a0: voitures, cars, a\u00e9ronefs, bateaux. Elle n\u00e9cessite de maintenir la continuit\u00e9 des op\u00e9rations tout en proc\u00e9dant \u00e0 des op\u00e9rations de maintenance afin de renforcer l\u2019efficacit\u00e9 op\u00e9rationnelle et l\u2019exploitation des \u00e9quipements. L&rsquo;optimisation de la flotte d&rsquo;actifs (qui r\u00e9duisent directement les [&hellip;]\" \/>\n<meta property=\"og:url\" content=\"https:\/\/www.argonandco.com\/fr\/expertises\/maintenance-et-apres-vente\/maintenance-des-parcs\/\" \/>\n<meta property=\"og:site_name\" content=\"Argon &amp; Co\" \/>\n<meta property=\"article:modified_time\" content=\"2019-12-20T12:06:31+00:00\" \/>\n<meta name=\"twitter:card\" content=\"summary_large_image\" \/>\n<meta name=\"twitter:label1\" content=\"Dur\u00e9e de lecture estim\u00e9e\" \/>\n\t<meta name=\"twitter:data1\" content=\"2 minutes\" \/>\n<script type=\"application\/ld+json\" class=\"yoast-schema-graph\">{\"@context\":\"https:\\\/\\\/schema.org\",\"@graph\":[{\"@type\":\"WebPage\",\"@id\":\"https:\\\/\\\/www.argonandco.com\\\/fr\\\/expertises\\\/maintenance-et-apres-vente\\\/maintenance-des-parcs\\\/\",\"url\":\"https:\\\/\\\/www.argonandco.com\\\/fr\\\/expertises\\\/maintenance-et-apres-vente\\\/maintenance-des-parcs\\\/\",\"name\":\"Maintenance des parcs - Argon &amp; Co\",\"isPartOf\":{\"@id\":\"https:\\\/\\\/www.argonandco.com\\\/fr\\\/#website\"},\"datePublished\":\"2019-12-09T14:43:50+00:00\",\"dateModified\":\"2019-12-20T12:06:31+00:00\",\"breadcrumb\":{\"@id\":\"https:\\\/\\\/www.argonandco.com\\\/fr\\\/expertises\\\/maintenance-et-apres-vente\\\/maintenance-des-parcs\\\/#breadcrumb\"},\"inLanguage\":\"fr-FR\",\"potentialAction\":[{\"@type\":\"ReadAction\",\"target\":[\"https:\\\/\\\/www.argonandco.com\\\/fr\\\/expertises\\\/maintenance-et-apres-vente\\\/maintenance-des-parcs\\\/\"]}]},{\"@type\":\"BreadcrumbList\",\"@id\":\"https:\\\/\\\/www.argonandco.com\\\/fr\\\/expertises\\\/maintenance-et-apres-vente\\\/maintenance-des-parcs\\\/#breadcrumb\",\"itemListElement\":[{\"@type\":\"ListItem\",\"position\":1,\"name\":\"Home\",\"item\":\"https:\\\/\\\/www.argonandco.com\\\/fr\\\/\"},{\"@type\":\"ListItem\",\"position\":2,\"name\":\"Expertises\",\"item\":\"https:\\\/\\\/www.argonandco.com\\\/fr\\\/expertises\\\/\"},{\"@type\":\"ListItem\",\"position\":3,\"name\":\"Maintenance et apr\u00e8s-vente\",\"item\":\"https:\\\/\\\/www.argonandco.com\\\/fr\\\/expertises\\\/maintenance-et-apres-vente\\\/\"},{\"@type\":\"ListItem\",\"position\":4,\"name\":\"Maintenance des parcs\"}]},{\"@type\":\"WebSite\",\"@id\":\"https:\\\/\\\/www.argonandco.com\\\/fr\\\/#website\",\"url\":\"https:\\\/\\\/www.argonandco.com\\\/fr\\\/\",\"name\":\"Argon &amp; Co\",\"description\":\"We help clients achieve their strategic and operational objectives, working together to transform their businesses and generate real change.\",\"potentialAction\":[{\"@type\":\"SearchAction\",\"target\":{\"@type\":\"EntryPoint\",\"urlTemplate\":\"https:\\\/\\\/www.argonandco.com\\\/fr\\\/?s={search_term_string}\"},\"query-input\":{\"@type\":\"PropertyValueSpecification\",\"valueRequired\":true,\"valueName\":\"search_term_string\"}}],\"inLanguage\":\"fr-FR\"}]}<\/script>\n<!-- \/ Yoast SEO plugin. -->","yoast_head_json":{"title":"Maintenance des parcs - Argon &amp; Co","robots":{"index":"index","follow":"follow","max-snippet":"max-snippet:-1","max-image-preview":"max-image-preview:large","max-video-preview":"max-video-preview:-1"},"canonical":"https:\/\/www.argonandco.com\/fr\/expertises\/maintenance-et-apres-vente\/maintenance-des-parcs\/","og_locale":"fr_FR","og_type":"article","og_title":"Maintenance des parcs - Argon &amp; Co","og_description":"Contexte et d\u00e9fis La maintenance des parcs a une grande particularit\u00e9\u00a0: l\u2019entretien des \u00e9quipements mobiles des entreprises\u00a0: voitures, cars, a\u00e9ronefs, bateaux. Elle n\u00e9cessite de maintenir la continuit\u00e9 des op\u00e9rations tout en proc\u00e9dant \u00e0 des op\u00e9rations de maintenance afin de renforcer l\u2019efficacit\u00e9 op\u00e9rationnelle et l\u2019exploitation des \u00e9quipements. L&rsquo;optimisation de la flotte d&rsquo;actifs (qui r\u00e9duisent directement les [&hellip;]","og_url":"https:\/\/www.argonandco.com\/fr\/expertises\/maintenance-et-apres-vente\/maintenance-des-parcs\/","og_site_name":"Argon &amp; Co","article_modified_time":"2019-12-20T12:06:31+00:00","twitter_card":"summary_large_image","twitter_misc":{"Dur\u00e9e de lecture estim\u00e9e":"2 minutes"},"schema":{"@context":"https:\/\/schema.org","@graph":[{"@type":"WebPage","@id":"https:\/\/www.argonandco.com\/fr\/expertises\/maintenance-et-apres-vente\/maintenance-des-parcs\/","url":"https:\/\/www.argonandco.com\/fr\/expertises\/maintenance-et-apres-vente\/maintenance-des-parcs\/","name":"Maintenance des parcs - Argon &amp; Co","isPartOf":{"@id":"https:\/\/www.argonandco.com\/fr\/#website"},"datePublished":"2019-12-09T14:43:50+00:00","dateModified":"2019-12-20T12:06:31+00:00","breadcrumb":{"@id":"https:\/\/www.argonandco.com\/fr\/expertises\/maintenance-et-apres-vente\/maintenance-des-parcs\/#breadcrumb"},"inLanguage":"fr-FR","potentialAction":[{"@type":"ReadAction","target":["https:\/\/www.argonandco.com\/fr\/expertises\/maintenance-et-apres-vente\/maintenance-des-parcs\/"]}]},{"@type":"BreadcrumbList","@id":"https:\/\/www.argonandco.com\/fr\/expertises\/maintenance-et-apres-vente\/maintenance-des-parcs\/#breadcrumb","itemListElement":[{"@type":"ListItem","position":1,"name":"Home","item":"https:\/\/www.argonandco.com\/fr\/"},{"@type":"ListItem","position":2,"name":"Expertises","item":"https:\/\/www.argonandco.com\/fr\/expertises\/"},{"@type":"ListItem","position":3,"name":"Maintenance et apr\u00e8s-vente","item":"https:\/\/www.argonandco.com\/fr\/expertises\/maintenance-et-apres-vente\/"},{"@type":"ListItem","position":4,"name":"Maintenance des parcs"}]},{"@type":"WebSite","@id":"https:\/\/www.argonandco.com\/fr\/#website","url":"https:\/\/www.argonandco.com\/fr\/","name":"Argon &amp; Co","description":"We help clients achieve their strategic and operational objectives, working together to transform their businesses and generate real change.","potentialAction":[{"@type":"SearchAction","target":{"@type":"EntryPoint","urlTemplate":"https:\/\/www.argonandco.com\/fr\/?s={search_term_string}"},"query-input":{"@type":"PropertyValueSpecification","valueRequired":true,"valueName":"search_term_string"}}],"inLanguage":"fr-FR"}]}},"_links":{"self":[{"href":"https:\/\/www.argonandco.com\/fr\/wp-json\/wp\/v2\/pages\/1686","targetHints":{"allow":["GET"]}}],"collection":[{"href":"https:\/\/www.argonandco.com\/fr\/wp-json\/wp\/v2\/pages"}],"about":[{"href":"https:\/\/www.argonandco.com\/fr\/wp-json\/wp\/v2\/types\/page"}],"author":[{"embeddable":true,"href":"https:\/\/www.argonandco.com\/fr\/wp-json\/wp\/v2\/users\/1"}],"replies":[{"embeddable":true,"href":"https:\/\/www.argonandco.com\/fr\/wp-json\/wp\/v2\/comments?post=1686"}],"version-history":[{"count":0,"href":"https:\/\/www.argonandco.com\/fr\/wp-json\/wp\/v2\/pages\/1686\/revisions"}],"up":[{"embeddable":true,"href":"https:\/\/www.argonandco.com\/fr\/wp-json\/wp\/v2\/pages\/1674"}],"wp:attachment":[{"href":"https:\/\/www.argonandco.com\/fr\/wp-json\/wp\/v2\/media?parent=1686"}],"curies":[{"name":"wp","href":"https:\/\/api.w.org\/{rel}","templated":true}]}}