{"id":1684,"date":"2019-12-09T14:43:16","date_gmt":"2019-12-09T14:43:01","guid":{"rendered":"https:\/\/www.argonandco.com\/?page_id=1684"},"modified":"2024-12-16T10:34:00","modified_gmt":"2024-12-16T10:34:00","slug":"efficacite-des-operations","status":"publish","type":"page","link":"https:\/\/www.argonandco.com\/fr\/expertises\/maintenance-et-apres-vente\/efficacite-des-operations\/","title":{"rendered":"Efficacit\u00e9 des Op\u00e9rations"},"content":{"rendered":"<h2><b>Contexte et d\u00e9fis<\/b><\/h2>\n<p><span class=\"intro\" style=\"font-weight: 400;\">Qu\u2019il s\u2019agisse d\u2019une maintenance en propre (maintenance de son propre parc d\u2019\u00e9quipements) ou d\u2019un service apr\u00e8s-vente, la recherche de performance est identique. Il s\u2019agit en effet de trouver le juste \u00e9quilibre entre la satisfaction du service demand\u00e9 (taux de disponibilit\u00e9 de tel \u00e9quipement, d\u00e9lai d\u2019intervention\u2026) et la ma\u00eetrise du co\u00fbt de sa r\u00e9alisation (main d\u2019\u0153uvre, mat\u00e9riaux, SI, prestations\u2026).<\/span><\/p>\n<p><span style=\"font-weight: 400;\">Les leviers d\u2019am\u00e9lioration de la performance sont donc relativement diversifi\u00e9s\u00a0: optimisation du dimensionnement des assets \u00e0 maintenir vs. le contrat de service \u00e0 honorer, optimisation de la politique d\u2019entretien et de renouvellement \u2013 choix entre maintenance curative, pr\u00e9ventive, pr\u00e9dictive, conditionnelle \u2013,\u00a0optimisation des pratiques de maintenance, mesure de la performance de la maintenance, planification des activit\u00e9s, gestion des pi\u00e8ces de rechange, ma\u00eetrise des sous-traitants, utilisation d\u2019une gestion de maintenance assist\u00e9e par ordinateur (GMAO) permettant de p\u00e9renniser les bonnes pratiques et plus largement l\u2019utilisation du digital comme levier.<\/span><\/p>\n<p><span style=\"font-weight: 400;\">S\u2019agissant d\u2019activit\u00e9s \u00e0 forte composante humaine et soumise \u00e0 des incertitudes (quel \u00e9quipement va tomber en panne, quand\u2026), la mise en place de ces leviers devra forc\u00e9ment s\u2019appuyer sur les \u00e9quipes terrain et leurs managers. C\u2019est par ailleurs une condition indispensable \u00e0 l\u2019adh\u00e9sion des \u00e9quipes aux transformations \u00e0 engager.<\/span><\/p>\n<h2><b>Notre approche<\/b><\/h2>\n<p><span style=\"font-weight: 400;\">Argon &amp; Co intervient de bout-en-bout tous les sujets li\u00e9s \u00e0 l\u2019efficacit\u00e9 op\u00e9rationnelle de la maintenance, de la phase de diagnostic jusqu\u2019au suivi de la mise en \u0153uvre.<\/span><\/p>\n<ul>\n<li style=\"font-weight: 400;\"><b>En phase de diagnostic<\/b><span style=\"font-weight: 400;\">, nous nous appuyons sur des benchmarks, des r\u00e9f\u00e9rentiels de maturit\u00e9, des indicateurs de performance et plus largement des analyses afin d\u2019identifier les inducteurs de co\u00fbt de l\u2019activit\u00e9 et les facteurs de performance. Nous investiguons plusieurs domaines parmi lesquels\u00a0les assets et les plans de maintenance, le service attendu, la planification des activit\u00e9s, la ma\u00eetrise des gestes m\u00e9tiers et des comp\u00e9tences, le pilotage et le suivi de la performance, la pertinence et l\u2019utilisation des outils \u00e0 disposition des mainteneurs. Ce diagnostic aboutit \u00e0 une priorisation des actions \u00e0 mener et se traduit en feuille de route de changement \/ de transformation, \u00e9labor\u00e9e avec la direction.<\/span><\/li>\n<li style=\"font-weight: 400;\"><b>La phase de mise \u0153uvre<\/b><span style=\"font-weight: 400;\"> consiste \u00e0 d\u00e9cliner cette feuille de route et le cas \u00e9ch\u00e9ant \u00e0 \u00e9tudier certaines pistes identifi\u00e9es en phase de diagnostic de mani\u00e8re d\u00e9taill\u00e9e. Nous intervenons \u00e0 ce titre en \u00e9quipe conjointe avec le client pour favoriser l\u2019appropriation et le transfert de comp\u00e9tences.<\/span><\/li>\n<li style=\"font-weight: 400;\"><b>Un retour d\u2019exp\u00e9rience <\/b><span style=\"font-weight: 400;\">sur la mise en \u0153uvre est effectu\u00e9 en accord avec le client plusieurs mois apr\u00e8s l\u2019intervention. Nous intervenons \u00e9galement pour faire des recommandations sur les ajustements \u00e0 mettre en place.<\/span><\/li>\n<\/ul>\n","protected":false},"excerpt":{"rendered":"<p>Contexte et d\u00e9fis Qu\u2019il s\u2019agisse d\u2019une maintenance en propre (maintenance de son propre parc d\u2019\u00e9quipements) ou d\u2019un service apr\u00e8s-vente, la recherche de performance est identique. Il s\u2019agit en effet de trouver le juste \u00e9quilibre entre la satisfaction du service demand\u00e9 (taux de disponibilit\u00e9 de tel \u00e9quipement, d\u00e9lai d\u2019intervention\u2026) et la ma\u00eetrise du co\u00fbt de sa [&hellip;]<\/p>\n","protected":false},"author":1,"featured_media":0,"parent":1674,"menu_order":6,"comment_status":"closed","ping_status":"closed","template":"","meta":{"_acf_changed":false,"footnotes":""},"class_list":["post-1684","page","type-page","status-publish","hentry"],"acf":[],"yoast_head":"<!-- This site is optimized with the Yoast SEO plugin v27.4 - https:\/\/yoast.com\/product\/yoast-seo-wordpress\/ -->\n<title>Efficacit\u00e9 &amp; Performance des op\u00e9rations | Argon &amp; Co<\/title>\n<meta name=\"description\" content=\"Argon&amp; Co aide ses clients en d\u00e9finissant une strat\u00e9gie qui met en \u0153uvre tous les composants du Field Service Management pour am\u00e9liorer la performance op\u00e9rationnelle.\" \/>\n<meta name=\"robots\" content=\"index, follow, max-snippet:-1, max-image-preview:large, max-video-preview:-1\" \/>\n<link rel=\"canonical\" href=\"https:\/\/www.argonandco.com\/fr\/expertises\/maintenance-et-apres-vente\/efficacite-des-operations\/\" \/>\n<meta property=\"og:locale\" content=\"fr_FR\" \/>\n<meta property=\"og:type\" content=\"article\" \/>\n<meta property=\"og:title\" content=\"Efficacit\u00e9 &amp; Performance des op\u00e9rations | Argon &amp; Co\" \/>\n<meta property=\"og:description\" content=\"Argon&amp; Co aide ses clients en d\u00e9finissant une strat\u00e9gie qui met en \u0153uvre tous les composants du Field Service Management pour am\u00e9liorer la performance op\u00e9rationnelle.\" \/>\n<meta property=\"og:url\" content=\"https:\/\/www.argonandco.com\/fr\/expertises\/maintenance-et-apres-vente\/efficacite-des-operations\/\" \/>\n<meta property=\"og:site_name\" content=\"Argon &amp; Co\" \/>\n<meta property=\"article:modified_time\" content=\"2024-12-16T10:34:00+00:00\" \/>\n<meta name=\"twitter:card\" content=\"summary_large_image\" \/>\n<meta name=\"twitter:label1\" content=\"Dur\u00e9e de lecture estim\u00e9e\" \/>\n\t<meta name=\"twitter:data1\" content=\"2 minutes\" \/>\n<script type=\"application\/ld+json\" class=\"yoast-schema-graph\">{\"@context\":\"https:\\\/\\\/schema.org\",\"@graph\":[{\"@type\":\"WebPage\",\"@id\":\"https:\\\/\\\/www.argonandco.com\\\/fr\\\/expertises\\\/maintenance-et-apres-vente\\\/efficacite-des-operations\\\/\",\"url\":\"https:\\\/\\\/www.argonandco.com\\\/fr\\\/expertises\\\/maintenance-et-apres-vente\\\/efficacite-des-operations\\\/\",\"name\":\"Efficacit\u00e9 & Performance des op\u00e9rations | Argon & Co\",\"isPartOf\":{\"@id\":\"https:\\\/\\\/www.argonandco.com\\\/fr\\\/#website\"},\"datePublished\":\"2019-12-09T14:43:01+00:00\",\"dateModified\":\"2024-12-16T10:34:00+00:00\",\"description\":\"Argon& Co aide ses clients en d\u00e9finissant une strat\u00e9gie qui met en \u0153uvre tous les composants du Field Service Management pour am\u00e9liorer la performance op\u00e9rationnelle.\",\"breadcrumb\":{\"@id\":\"https:\\\/\\\/www.argonandco.com\\\/fr\\\/expertises\\\/maintenance-et-apres-vente\\\/efficacite-des-operations\\\/#breadcrumb\"},\"inLanguage\":\"fr-FR\",\"potentialAction\":[{\"@type\":\"ReadAction\",\"target\":[\"https:\\\/\\\/www.argonandco.com\\\/fr\\\/expertises\\\/maintenance-et-apres-vente\\\/efficacite-des-operations\\\/\"]}]},{\"@type\":\"BreadcrumbList\",\"@id\":\"https:\\\/\\\/www.argonandco.com\\\/fr\\\/expertises\\\/maintenance-et-apres-vente\\\/efficacite-des-operations\\\/#breadcrumb\",\"itemListElement\":[{\"@type\":\"ListItem\",\"position\":1,\"name\":\"Home\",\"item\":\"https:\\\/\\\/www.argonandco.com\\\/fr\\\/\"},{\"@type\":\"ListItem\",\"position\":2,\"name\":\"Expertises\",\"item\":\"https:\\\/\\\/www.argonandco.com\\\/fr\\\/expertises\\\/\"},{\"@type\":\"ListItem\",\"position\":3,\"name\":\"Maintenance et apr\u00e8s-vente\",\"item\":\"https:\\\/\\\/www.argonandco.com\\\/fr\\\/expertises\\\/maintenance-et-apres-vente\\\/\"},{\"@type\":\"ListItem\",\"position\":4,\"name\":\"Efficacit\u00e9 des Op\u00e9rations\"}]},{\"@type\":\"WebSite\",\"@id\":\"https:\\\/\\\/www.argonandco.com\\\/fr\\\/#website\",\"url\":\"https:\\\/\\\/www.argonandco.com\\\/fr\\\/\",\"name\":\"Argon &amp; Co\",\"description\":\"We help clients achieve their strategic and operational objectives, working together to transform their businesses and generate real change.\",\"potentialAction\":[{\"@type\":\"SearchAction\",\"target\":{\"@type\":\"EntryPoint\",\"urlTemplate\":\"https:\\\/\\\/www.argonandco.com\\\/fr\\\/?s={search_term_string}\"},\"query-input\":{\"@type\":\"PropertyValueSpecification\",\"valueRequired\":true,\"valueName\":\"search_term_string\"}}],\"inLanguage\":\"fr-FR\"}]}<\/script>\n<!-- \/ Yoast SEO plugin. -->","yoast_head_json":{"title":"Efficacit\u00e9 & Performance des op\u00e9rations | Argon & Co","description":"Argon& Co aide ses clients en d\u00e9finissant une strat\u00e9gie qui met en \u0153uvre tous les composants du Field Service Management pour am\u00e9liorer la performance op\u00e9rationnelle.","robots":{"index":"index","follow":"follow","max-snippet":"max-snippet:-1","max-image-preview":"max-image-preview:large","max-video-preview":"max-video-preview:-1"},"canonical":"https:\/\/www.argonandco.com\/fr\/expertises\/maintenance-et-apres-vente\/efficacite-des-operations\/","og_locale":"fr_FR","og_type":"article","og_title":"Efficacit\u00e9 & Performance des op\u00e9rations | Argon & Co","og_description":"Argon& Co aide ses clients en d\u00e9finissant une strat\u00e9gie qui met en \u0153uvre tous les composants du Field Service Management pour am\u00e9liorer la performance op\u00e9rationnelle.","og_url":"https:\/\/www.argonandco.com\/fr\/expertises\/maintenance-et-apres-vente\/efficacite-des-operations\/","og_site_name":"Argon &amp; Co","article_modified_time":"2024-12-16T10:34:00+00:00","twitter_card":"summary_large_image","twitter_misc":{"Dur\u00e9e de lecture estim\u00e9e":"2 minutes"},"schema":{"@context":"https:\/\/schema.org","@graph":[{"@type":"WebPage","@id":"https:\/\/www.argonandco.com\/fr\/expertises\/maintenance-et-apres-vente\/efficacite-des-operations\/","url":"https:\/\/www.argonandco.com\/fr\/expertises\/maintenance-et-apres-vente\/efficacite-des-operations\/","name":"Efficacit\u00e9 & Performance des op\u00e9rations | Argon & Co","isPartOf":{"@id":"https:\/\/www.argonandco.com\/fr\/#website"},"datePublished":"2019-12-09T14:43:01+00:00","dateModified":"2024-12-16T10:34:00+00:00","description":"Argon& Co aide ses clients en d\u00e9finissant une strat\u00e9gie qui met en \u0153uvre tous les composants du Field Service Management pour am\u00e9liorer la performance op\u00e9rationnelle.","breadcrumb":{"@id":"https:\/\/www.argonandco.com\/fr\/expertises\/maintenance-et-apres-vente\/efficacite-des-operations\/#breadcrumb"},"inLanguage":"fr-FR","potentialAction":[{"@type":"ReadAction","target":["https:\/\/www.argonandco.com\/fr\/expertises\/maintenance-et-apres-vente\/efficacite-des-operations\/"]}]},{"@type":"BreadcrumbList","@id":"https:\/\/www.argonandco.com\/fr\/expertises\/maintenance-et-apres-vente\/efficacite-des-operations\/#breadcrumb","itemListElement":[{"@type":"ListItem","position":1,"name":"Home","item":"https:\/\/www.argonandco.com\/fr\/"},{"@type":"ListItem","position":2,"name":"Expertises","item":"https:\/\/www.argonandco.com\/fr\/expertises\/"},{"@type":"ListItem","position":3,"name":"Maintenance et apr\u00e8s-vente","item":"https:\/\/www.argonandco.com\/fr\/expertises\/maintenance-et-apres-vente\/"},{"@type":"ListItem","position":4,"name":"Efficacit\u00e9 des Op\u00e9rations"}]},{"@type":"WebSite","@id":"https:\/\/www.argonandco.com\/fr\/#website","url":"https:\/\/www.argonandco.com\/fr\/","name":"Argon &amp; Co","description":"We help clients achieve their strategic and operational objectives, working together to transform their businesses and generate real change.","potentialAction":[{"@type":"SearchAction","target":{"@type":"EntryPoint","urlTemplate":"https:\/\/www.argonandco.com\/fr\/?s={search_term_string}"},"query-input":{"@type":"PropertyValueSpecification","valueRequired":true,"valueName":"search_term_string"}}],"inLanguage":"fr-FR"}]}},"_links":{"self":[{"href":"https:\/\/www.argonandco.com\/fr\/wp-json\/wp\/v2\/pages\/1684","targetHints":{"allow":["GET"]}}],"collection":[{"href":"https:\/\/www.argonandco.com\/fr\/wp-json\/wp\/v2\/pages"}],"about":[{"href":"https:\/\/www.argonandco.com\/fr\/wp-json\/wp\/v2\/types\/page"}],"author":[{"embeddable":true,"href":"https:\/\/www.argonandco.com\/fr\/wp-json\/wp\/v2\/users\/1"}],"replies":[{"embeddable":true,"href":"https:\/\/www.argonandco.com\/fr\/wp-json\/wp\/v2\/comments?post=1684"}],"version-history":[{"count":0,"href":"https:\/\/www.argonandco.com\/fr\/wp-json\/wp\/v2\/pages\/1684\/revisions"}],"up":[{"embeddable":true,"href":"https:\/\/www.argonandco.com\/fr\/wp-json\/wp\/v2\/pages\/1674"}],"wp:attachment":[{"href":"https:\/\/www.argonandco.com\/fr\/wp-json\/wp\/v2\/media?parent=1684"}],"curies":[{"name":"wp","href":"https:\/\/api.w.org\/{rel}","templated":true}]}}